{"id":2065,"date":"2024-09-20T06:15:37","date_gmt":"2024-09-20T06:15:37","guid":{"rendered":"https:\/\/rmvapesale.com\/?post_type=product&#038;p=2065"},"modified":"2025-01-21T09:15:27","modified_gmt":"2025-01-21T09:15:27","slug":"bang-box-12000-puffs-disposable-vape-best-price","status":"publish","type":"product","link":"https:\/\/rmvapesale.com\/ro\/product\/bang-box-12000-puffs-disposable-vape-best-price\/","title":{"rendered":"\u021bigar\u0103 electronic\u0103 de unic\u0103 folosin\u021b\u0103 Bang Box 12000 Puffs Cel mai bun pre\u021b"},"content":{"rendered":"<h1>\u021bigar\u0103 electronic\u0103 de unic\u0103 folosin\u021b\u0103 Bang Box 12000 Puffs Cel mai bun pre\u021b<\/h1>\n<p>\u00cembun\u0103t\u0103\u021bi\u021bi-v\u0103 experien\u021ba de vaping cu Bang Box 12000 Puffs Vape Re\u00eenc\u0103rcabil de unic\u0103 folosin\u021b\u0103, un dispozitiv sofisticat conceput pentru satisfac\u021bie maxim\u0103. Acest pod inovator de vape ofer\u0103 un num\u0103r impresionant de 12000 de pufuri dintr-un rezervor de e-lichid cu nicotin\u0103 salin\u0103 pre-umplut de 15 ml, asigur\u00e2nd o arom\u0103 bogat\u0103, premium, la fiecare inhalare.<\/p>\n<p>Realizat pentru confort \u0219i performan\u021b\u0103, Bang Box dispune de o baterie re\u00eenc\u0103rcabil\u0103 robust\u0103 de 600 mAh \u0219i o bobin\u0103 mesh, oferind o produc\u021bie de vapori neted\u0103 \u0219i consistent\u0103. Personaliza\u021bi-v\u0103 experien\u021ba cu concentra\u021bii reglabile de nicotin\u0103, variind de la 0% la 5%, adapt\u00e2ndu-se fiec\u0103rei preferin\u021be. Cu o capacitate generoas\u0103 de 20 ml de e-lichid, v\u0103 pute\u021bi bucura de sesiuni extinse de vaping f\u0103r\u0103 b\u0103taia de cap a reumplerilor frecvente.<\/p>\n<p>Accesa\u021bi acum pre\u021buri en-gros de calitate pentru Bang Box 12000 Puffs Vape Re\u00eenc\u0103rcabil de unic\u0103 folosin\u021b\u0103!<\/p>\n<p><strong>Contacteaz\u0103-o pe Amy pentru a primi un r\u0103spuns rapid \u0219i mai multe reduceri!<\/strong><\/p>\n<p><img loading=\"lazy\" decoding=\"async\" class=\"size-medium wp-image-1814\" src=\"https:\/\/rmvapesale.com\/wp-content\/uploads\/2024\/04\/whatsapp-amy-229x300.jpg\" alt=\"whatsapp amy\" width=\"229\" height=\"300\" srcset=\"https:\/\/rmvapesale.com\/wp-content\/uploads\/2024\/04\/whatsapp-amy-229x300.jpg 229w, https:\/\/rmvapesale.com\/wp-content\/uploads\/2024\/04\/whatsapp-amy-783x1024.jpg 783w, https:\/\/rmvapesale.com\/wp-content\/uploads\/2024\/04\/whatsapp-amy-768x1005.jpg 768w, https:\/\/rmvapesale.com\/wp-content\/uploads\/2024\/04\/whatsapp-amy-600x785.jpg 600w, https:\/\/rmvapesale.com\/wp-content\/uploads\/2024\/04\/whatsapp-amy.jpg 990w\" sizes=\"auto, (max-width: 229px) 100vw, 229px\" \/><\/p>\n<h3><span style=\"color: #ff0000\"><strong>WhatsApp: +86 17776015835<\/strong><\/span><\/h3>\n<p>&nbsp;<\/p>\n<h2><strong>Bang Box 12000 Caracteristici cheie<\/strong><\/h2>\n<p>&nbsp;<\/p>\n<p>Brand: Bang Vape<br \/>\nNicotin\u0103: 0% 2% 3% 5%<br \/>\nPuff-uri: 12000<br \/>\nCapacitate: 20ml<br \/>\n12 arome disponibile<br \/>\n650mah Re\u00eenc\u0103rcabil<br \/>\nRezisten\u021b\u0103 tip plas\u0103<br \/>\nType-C<\/p>\n<h2><strong>Care este cea mai bun\u0103 arom\u0103 pentru Vape Bang Box 12000 Puffs<\/strong><strong>?<\/strong><\/h2>\n<p>Acest Vape Bang Vape 12000 ofer\u0103 un total de 12 arome disponibile, alege\u021bi dintr-o varietate \u00eenc\u00e2nt\u0103toare de arome, inclusiv Strawberry Banana, Blue Razz Ice \u0219i Strawberry Juice, ect, \u0219i cufunda\u021bi-v\u0103 \u00eentr-o lume a aromei \u0219i a satisfac\u021biei.<\/p>\n<p>1.Strawberry Banana<br \/>\n2.Kiwi Fructul pasiunii Guava<br \/>\n3.Strawberry Kiwi<br \/>\n4.Ghea\u021b\u0103 Blue Razz<br \/>\n5.Zmeur\u0103 acr\u0103 de mere<br \/>\n6.Gum\u0103 de mestecat cu pepene verde<br \/>\n7.C\u0103p\u0219uni Pepene Verde<br \/>\n8.Suc de c\u0103p\u0219uni<br \/>\n9.Ghea\u021b\u0103 de dragon negru<br \/>\n10. Pepene verde cu ghea\u021b\u0103<br \/>\n11.Pepene verde cu piersici \u0219i mango<br \/>\n12.Ghea\u021b\u0103 de afine<\/p>\n<p>&nbsp;<\/p>\n<p><img loading=\"lazy\" decoding=\"async\" class=\"size-medium wp-image-2070\" src=\"https:\/\/rmvapesale.com\/wp-content\/uploads\/2024\/09\/Bang-Vape-BOX-12000-300x300.png\" alt=\"Bang Vape BOX 12000\" width=\"300\" height=\"300\" srcset=\"https:\/\/rmvapesale.com\/wp-content\/uploads\/2024\/09\/Bang-Vape-BOX-12000-300x300.png 300w, https:\/\/rmvapesale.com\/wp-content\/uploads\/2024\/09\/Bang-Vape-BOX-12000-150x150.png 150w, https:\/\/rmvapesale.com\/wp-content\/uploads\/2024\/09\/Bang-Vape-BOX-12000-768x768.png 768w, https:\/\/rmvapesale.com\/wp-content\/uploads\/2024\/09\/Bang-Vape-BOX-12000-600x600.png 600w, https:\/\/rmvapesale.com\/wp-content\/uploads\/2024\/09\/Bang-Vape-BOX-12000-100x100.png 100w, https:\/\/rmvapesale.com\/wp-content\/uploads\/2024\/09\/Bang-Vape-BOX-12000.png 800w\" sizes=\"auto, (max-width: 300px) 100vw, 300px\" \/><\/p>\n<h2><strong>\u00centreb\u0103ri pe care poate vrei s\u0103 le \u0219tii despre Vape Bang Vape 12000 Puffs<\/strong><\/h2>\n<p>&nbsp;<\/p>\n<p><strong>1. C\u00e2te pufuri m\u0103 pot a\u0219tepta de la Vape Bang Vape 12000 Puffs?<\/strong><\/p>\n<p>Vape Bang Vape 12000 Puffs se m\u00e2ndre\u0219te cu un num\u0103r impresionant de 12000 de pufuri (\u00eentr-un mediu de testare), oferind o utilizare extins\u0103 \u0219i o satisfac\u021bie de durat\u0103.<\/p>\n<p><strong>2. Ce concentra\u021bie de nicotin\u0103 ofer\u0103 Bang King Vape 20000 Puffs?<\/strong><\/p>\n<p>Vape Bang Vape 12000 vine pre-umplut cu 20 ml de e-lichid cu o concentra\u021bie de nicotin\u0103 de 0% 2% 3% 5%, oferind o experien\u021b\u0103 de vaping echilibrat\u0103.<\/p>\n<p><strong>3. Cum \u00eembun\u0103t\u0103\u021be\u0219te tehnologia Mesh Coil experien\u021ba de vaping?<\/strong><\/p>\n<p>Tehnologia Mesh Coil integrat\u0103 \u00een Vape Bang Box Vape 15k Puffs dispune de o rezisten\u021b\u0103 sc\u0103zut\u0103 a bobinei de 1,0 ohmi. Acest design maximizeaz\u0103 suprafa\u021ba de \u00eenc\u0103lzire, rezult\u00e2nd extrageri mai fine \u0219i o produc\u021bie \u00eembun\u0103t\u0103\u021bit\u0103 de vapori. Tehnologia garanteaz\u0103 o \u00eenc\u0103lzire uniform\u0103 \u0219i consistent\u0103 a e-lichidului, oferind o experien\u021b\u0103 superioar\u0103 a aromei.<\/p>\n<p><strong>4. Unde pot achizi\u021biona Genuine Bang King Vape 20000 Puffs?<\/strong><\/p>\n<p>Vape Bang Vape 12000 autentic este disponibil pentru achizi\u021bionare prin intermediul distribuitorilor autoriza\u021bi. Pentru cereri de informa\u021bii cu ridicata, distribuitorii pot <a href=\"https:\/\/wa.me\/8617776015835\" target=\"_blank\" rel=\"noopener\">contacteaz\u0103-ne<\/a> direct. Clien\u021bii cu am\u0103nuntul pot g\u0103si produsul la anumi\u021bi comercian\u021bi cu am\u0103nuntul sau \u00een magazinele online. Toate produsele din magazinul nostru sunt 100% originale \u0219i autentice, deci compensarea de zece ori pentru produsele contraf\u0103cute este politica magazinului nostru.<\/p>\n<p>&nbsp;<\/p>\n<h2><b>\u00centreb\u0103ri frecvente<\/b><\/h2>\n<div class=\"flex-shrink-0 flex flex-col relative items-end\">\n<div>\n<div class=\"pt-0\">\n<div class=\"gizmo-bot-avatar flex h-8 w-8 items-center justify-center overflow-hidden rounded-full\">\n<div><\/div>\n<div class=\"relative p-1 rounded-sm flex items-center justify-center bg-token-main-surface-primary text-token-text-primary h-8 w-8\"><strong>Ce metode de livrare sunt folosite?<\/strong><\/div>\n<\/div>\n<\/div>\n<\/div>\n<\/div>\n<div class=\"group\/conversation-turn relative flex w-full min-w-0 flex-col agent-turn\">\n<div class=\"flex-col gap-1 md:gap-3\">\n<div class=\"flex max-w-full flex-col flex-grow\">\n<div class=\"min-h-[20px] text-message flex w-full flex-col items-end gap-2 whitespace-normal break-words [.text-message+&amp;]:mt-5 overflow-x-auto\" dir=\"auto\" data-message-author-role=\"assistant\" data-message-id=\"22f8283b-3233-46ff-89a5-c7a41b33abda\">\n<div class=\"flex w-full flex-col gap-1 empty:hidden first:pt-[3px]\">\n<div class=\"markdown prose w-full break-words dark:prose-invert light\">\n<p>Colabor\u0103m cu UPS, DHL, FedEx, DPD \u0219i al\u021bi transportatori de top. Vom selecta cea mai bun\u0103 metod\u0103 de expediere \u00een func\u021bie de loca\u021bia dvs. de livrare pentru a ne asigura c\u0103 ve\u021bi primi produsele c\u00e2t mai repede posibil.<\/p>\n<\/div>\n<p><strong>Cat dureaza pana ajunge comanda?<\/strong><\/p>\n<p>\u00cen Rom\u00e2nia ajung de obicei \u00een 10 zile lucr\u0103toare.<\/p>\n<p>\u00cen \u021b\u0103rile europene dureaz\u0103 \u00een general aproximativ 12-15 zile lucr\u0103toare.<\/p>\n<p>Vom oferi actualiz\u0103ri \u00een timp real cu privire la starea expedierii tale.<\/p>\n<\/div>\n<\/div>\n<\/div>\n<\/div>\n<\/div>\n<p>&nbsp;<\/p>\n<p>alte produse de vapat populare care v-ar putea pl\u0103cea:<\/p>\n<p><a href=\"https:\/\/rmvapesale.com\/ro\/product\/bang-20000-puffs-disposable-vape-wholesale-supplier\/\">Bang Vape 20000 Puffs<\/a><\/p>\n<p><a href=\"https:\/\/rmvapesale.com\/ro\/product\/randm-tornado-7000-puffs-original-cheap-price-vapes-fumot-factory\/\">RandM Tornado 7ooo Puffs<\/a><\/p>\n<p><a href=\"https:\/\/rmvapesale.com\/ro\/product\/bang-vape-tornado-12000-puffs-disposable-pod-factory-price\/\">BANG Tornado 12000 Puffs<\/a><\/p>\n<p>&nbsp;<\/p>\n<p>&nbsp;<\/p>\n<p>G\u0103si\u021bi mai multe produse de vapat care v-ar putea pl\u0103cea:<em><a href=\"https:\/\/rmvapesale.com\/ro\/shop-2\/\">cump\u0103r\u0103 acum\u00a0<\/a><\/em><\/p>","protected":false},"excerpt":{"rendered":"<p>Vape Bang Box 12000 Puffs en-gros<br \/>\nBang Box 12000 Puffs \u021aig\u0103ri electronice de unic\u0103 folosin\u021b\u0103 Vape<br \/>\nBang Box 12000 Puffs 0% 2% 3% 5% Nicotin\u0103 Re\u00eenc\u0103rcabil\u0103<\/p>\n<p><strong>Contacta\u021bi-o pe Amy pentru mai multe reduceri \u0219i un MOQ mai mic pentru Vape<\/strong><\/p>\n<p><img loading=\"lazy\" decoding=\"async\" class=\"size-medium wp-image-1814\" src=\"https:\/\/rmvapesale.com\/wp-content\/uploads\/2024\/04\/whatsapp-amy-229x300.jpg\" alt=\"whatsapp amy\" width=\"229\" height=\"300\" srcset=\"https:\/\/rmvapesale.com\/wp-content\/uploads\/2024\/04\/whatsapp-amy-229x300.jpg 229w, https:\/\/rmvapesale.com\/wp-content\/uploads\/2024\/04\/whatsapp-amy-783x1024.jpg 783w, https:\/\/rmvapesale.com\/wp-content\/uploads\/2024\/04\/whatsapp-amy-768x1005.jpg 768w, https:\/\/rmvapesale.com\/wp-content\/uploads\/2024\/04\/whatsapp-amy-600x785.jpg 600w, https:\/\/rmvapesale.com\/wp-content\/uploads\/2024\/04\/whatsapp-amy.jpg 990w\" sizes=\"auto, (max-width: 229px) 100vw, 229px\" \/><\/p>\n<h3><span style=\"color: #ff0000\"><strong>WhatsApp: +86 17776015835<\/strong><\/span><\/h3>","protected":false},"featured_media":2072,"comment_status":"open","ping_status":"closed","template":"","meta":{"_uag_custom_page_level_css":"","_lmt_disableupdate":"no","_lmt_disable":"","site-sidebar-layout":"default","site-content-layout":"content-boxed-container","ast-site-content-layout":"normal-width-container","site-content-style":"boxed","site-sidebar-style":"unboxed","ast-global-header-display":"","ast-banner-title-visibility":"","ast-main-header-display":"","ast-hfb-above-header-display":"","ast-hfb-below-header-display":"","ast-hfb-mobile-header-display":"","site-post-title":"","ast-breadcrumbs-content":"","ast-featured-img":"","footer-sml-layout":"","theme-transparent-header-meta":"default","adv-header-id-meta":"","stick-header-meta":"","header-above-stick-meta":"","header-main-stick-meta":"","header-below-stick-meta":"","astra-migrate-meta-layouts":"set","ast-page-background-enabled":"default","ast-page-background-meta":{"desktop":{"background-color":"var(--ast-global-color-4)","background-image":"","background-repeat":"repeat","background-position":"center center","background-size":"auto","background-attachment":"scroll","background-type":"","background-media":"","overlay-type":"","overlay-color":"","overlay-opacity":"","overlay-gradient":""},"tablet":{"background-color":"","background-image":"","background-repeat":"repeat","background-position":"center center","background-size":"auto","background-attachment":"scroll","background-type":"","background-media":"","overlay-type":"","overlay-color":"","overlay-opacity":"","overlay-gradient":""},"mobile":{"background-color":"","background-image":"","background-repeat":"repeat","background-position":"center center","background-size":"auto","background-attachment":"scroll","background-type":"","background-media":"","overlay-type":"","overlay-color":"","overlay-opacity":"","overlay-gradient":""}},"ast-content-background-meta":{"desktop":{"background-color":"var(--ast-global-color-5)","background-image":"","background-repeat":"repeat","background-position":"center center","background-size":"auto","background-attachment":"scroll","background-type":"","background-media":"","overlay-type":"","overlay-color":"","overlay-opacity":"","overlay-gradient":""},"tablet":{"background-color":"var(--ast-global-color-5)","background-image":"","background-repeat":"repeat","background-position":"center center","background-size":"auto","background-attachment":"scroll","background-type":"","background-media":"","overlay-type":"","overlay-color":"","overlay-opacity":"","overlay-gradient":""},"mobile":{"background-color":"var(--ast-global-color-5)","background-image":"","background-repeat":"repeat","background-position":"center center","background-size":"auto","background-attachment":"scroll","background-type":"","background-media":"","overlay-type":"","overlay-color":"","overlay-opacity":"","overlay-gradient":""}},"_joinchat":[]},"product_brand":[],"product_cat":[25,293,295,273,279,254,123,26,28,135,27,60,137,136,15,30],"product_tag":[77,76,63,57,58,59,37],"class_list":{"0":"post-2065","1":"product","2":"type-product","3":"status-publish","4":"has-post-thumbnail","6":"product_cat-germany-best-selling-vape","7":"product_cat-low-nicotine-disposable-vapes","8":"product_cat-rechargeable-disposable-vapes","9":"product_cat-bang-box-vape","10":"product_cat-bang-king-vape","11":"product_cat-12000-puff-disposable-vape","12":"product_cat-italy-wholesale-vape","13":"product_cat-netherlands-hot-sale-vape","14":"product_cat-poland-hot-sale-vape","15":"product_cat-spain-best-hot-sale-vape","16":"product_cat-fance-hot-sale-vape","17":"product_cat-bang-vapes","18":"product_cat-rechargeable-vapes","19":"product_cat-smart-screen-vapes","20":"product_cat-new-vape-this-week","21":"product_cat-minimum-order-quantity-50pcs","22":"product_tag-bang-box-12000","23":"product_tag-bang-king-vape","24":"product_tag-bang-vapes","25":"product_tag-disposable-vape-wholesale-supplier","26":"product_tag-electric-cigarettes","27":"product_tag-puffs-vape","28":"product_tag-wholesale-vape-price","29":"desktop-align-left","30":"tablet-align-left","31":"mobile-align-left","33":"first","34":"instock","35":"sale","36":"shipping-taxable","37":"purchasable","38":"product-type-simple"},"uagb_featured_image_src":{"full":["https:\/\/rmvapesale.com\/wp-content\/uploads\/2024\/09\/Bang-Box-12000-Puffs-Disposable-Vape.png",800,800,false],"thumbnail":["https:\/\/rmvapesale.com\/wp-content\/uploads\/2024\/09\/Bang-Box-12000-Puffs-Disposable-Vape-150x150.png",150,150,true],"medium":["https:\/\/rmvapesale.com\/wp-content\/uploads\/2024\/09\/Bang-Box-12000-Puffs-Disposable-Vape-300x300.png",300,300,true],"medium_large":["https:\/\/rmvapesale.com\/wp-content\/uploads\/2024\/09\/Bang-Box-12000-Puffs-Disposable-Vape-768x768.png",768,768,true],"large":["https:\/\/rmvapesale.com\/wp-content\/uploads\/2024\/09\/Bang-Box-12000-Puffs-Disposable-Vape.png",800,800,false],"1536x1536":["https:\/\/rmvapesale.com\/wp-content\/uploads\/2024\/09\/Bang-Box-12000-Puffs-Disposable-Vape.png",800,800,false],"2048x2048":["https:\/\/rmvapesale.com\/wp-content\/uploads\/2024\/09\/Bang-Box-12000-Puffs-Disposable-Vape.png",800,800,false],"trp-custom-language-flag":["https:\/\/rmvapesale.com\/wp-content\/uploads\/2024\/09\/Bang-Box-12000-Puffs-Disposable-Vape.png",12,12,false],"woocommerce_thumbnail":["https:\/\/rmvapesale.com\/wp-content\/uploads\/2024\/09\/Bang-Box-12000-Puffs-Disposable-Vape-300x300.png",300,300,true],"woocommerce_single":["https:\/\/rmvapesale.com\/wp-content\/uploads\/2024\/09\/Bang-Box-12000-Puffs-Disposable-Vape-600x600.png",600,600,true],"woocommerce_gallery_thumbnail":["https:\/\/rmvapesale.com\/wp-content\/uploads\/2024\/09\/Bang-Box-12000-Puffs-Disposable-Vape-100x100.png",100,100,true],"wcpr-photo-reviews":["https:\/\/rmvapesale.com\/wp-content\/uploads\/2024\/09\/Bang-Box-12000-Puffs-Disposable-Vape.png",500,500,false]},"uagb_author_info":{"display_name":"AMY","author_link":"https:\/\/rmvapesale.com\/ro\/author\/"},"uagb_comment_info":0,"uagb_excerpt":"Vape Bang Box 12000 Puffs Wholesale Bang Box 12000 Puffs Disposable E Cigarettes Vape Bang Box 12000 Puffs 0% 2% 3% 5% Nicotine Rechargeable Contact Amy For More Discount And Lower MOQ Vape WhatsApp: +86 17776015835","_links":{"self":[{"href":"https:\/\/rmvapesale.com\/ro\/wp-json\/wp\/v2\/product\/2065","targetHints":{"allow":["GET"]}}],"collection":[{"href":"https:\/\/rmvapesale.com\/ro\/wp-json\/wp\/v2\/product"}],"about":[{"href":"https:\/\/rmvapesale.com\/ro\/wp-json\/wp\/v2\/types\/product"}],"replies":[{"embeddable":true,"href":"https:\/\/rmvapesale.com\/ro\/wp-json\/wp\/v2\/comments?post=2065"}],"wp:featuredmedia":[{"embeddable":true,"href":"https:\/\/rmvapesale.com\/ro\/wp-json\/wp\/v2\/media\/2072"}],"wp:attachment":[{"href":"https:\/\/rmvapesale.com\/ro\/wp-json\/wp\/v2\/media?parent=2065"}],"wp:term":[{"taxonomy":"product_brand","embeddable":true,"href":"https:\/\/rmvapesale.com\/ro\/wp-json\/wp\/v2\/product_brand?post=2065"},{"taxonomy":"product_cat","embeddable":true,"href":"https:\/\/rmvapesale.com\/ro\/wp-json\/wp\/v2\/product_cat?post=2065"},{"taxonomy":"product_tag","embeddable":true,"href":"https:\/\/rmvapesale.com\/ro\/wp-json\/wp\/v2\/product_tag?post=2065"}],"curies":[{"name":"wp","href":"https:\/\/api.w.org\/{rel}","templated":true}]}}