{"id":2127,"date":"2024-09-24T06:25:16","date_gmt":"2024-09-24T06:25:16","guid":{"rendered":"https:\/\/rmvapesale.com\/?post_type=product&#038;p=2127"},"modified":"2025-01-21T09:21:30","modified_gmt":"2025-01-21T09:21:30","slug":"bang-18000-puffs-disposable-vape-e-cigarettes-bulk-buy","status":"publish","type":"product","link":"https:\/\/rmvapesale.com\/ro\/product\/bang-18000-puffs-disposable-vape-e-cigarettes-bulk-buy\/","title":{"rendered":"Bang 18000 Pufuri Vape de unic\u0103 folosin\u021b\u0103 \u021aig\u0103ri electronice Cump\u0103rare \u00een vrac"},"content":{"rendered":"<div class=\"B2VR9 CJHX3e\">\n<div class=\"wyccme\">\n<h1>Bang 18000 Pufuri Vape de unic\u0103 folosin\u021b\u0103 \u021aig\u0103ri electronice Cump\u0103rare \u00een vrac<\/h1>\n<p>Dispozitivul Vape de unic\u0103 folosin\u021b\u0103 Bang 18000 Pufuri, a schimbat complet percep\u021biile tale despre \u021big\u0103rile electronice. Cu o capacitate mare de 20ml de e-lichid, acesta este un num\u0103r rar pe pia\u021b\u0103, ceea ce \u00eenseamn\u0103 c\u0103 utilizatorii se pot bucura de o utilizare mai lung\u0103 f\u0103r\u0103 a fi nevoie s\u0103 \u00eenlocuiasc\u0103 frecvent dispozitivul. Mai mult, ofer\u0103 diferite op\u021biuni de concentra\u021bie Nic Salt, ceea ce \u00eenseamn\u0103 c\u0103 vaperii pot g\u0103si concentra\u021bia potrivit\u0103 pentru nevoile lor. Bang 18 000 Pufuri, echipat cu o baterie de 650mAh, poate suporta p\u00e2n\u0103 la 15.000 de pufuri.<\/p>\n<p>&nbsp;<\/p>\n<\/div>\n<\/div>\n<p><strong>Contacta\u021bi-o pe Amy pentru a ob\u021bine un r\u0103spuns corect \u0219i mai multe videoclipuri cu produse!<\/strong><\/p>\n<p><img loading=\"lazy\" decoding=\"async\" class=\"size-full wp-image-1978\" src=\"https:\/\/rmvapesale.com\/wp-content\/uploads\/2024\/09\/Disposable-Vape-Wholesale.jpg\" alt=\"\u021aig\u0103ri electronice de unic\u0103 folosin\u021b\u0103 en-gros\" width=\"229\" height=\"300\" \/><\/p>\n<h3><span style=\"color: #ff0000\"><strong>WhatsApp: +86 17776015835<\/strong><\/span><\/h3>\n<p>&nbsp;<\/p>\n<h2><\/h2>\n<h2><strong>Caracteristici principale ale Bang 18000 Pufuri<\/strong><\/h2>\n<p>&nbsp;<\/p>\n<p>1: PUFURI: 18000<br \/>\n2: E-lichid: 20ml<br \/>\n3: Baterie: 650mAh<br \/>\n4: Rezisten\u021b\u0103: 1.1ohm<br \/>\n5: \u00cenc\u0103rcare Type C<br \/>\n6: Nicotin\u0103: 2%\/5%<br \/>\n7: Tip: De unic\u0103 folosin\u021b\u0103<br \/>\n8: Bobin\u0103 din plas\u0103<\/p>\n<h2><\/h2>\n<h2><\/h2>\n<h2><strong>Arome de top pentru Vape-ul Bang 18000<\/strong><\/h2>\n<p>\u021aigara electronic\u0103 de unic\u0103 folosin\u021b\u0103 Bang Beach 20000, av\u00e2nd 12 arome, fiecare conceput\u0103 pentru a oferi o experien\u021b\u0103 de vapat distinctiv\u0103 \u0219i satisf\u0103c\u0103toare, exist\u0103 ceva perfect pentru tine!<\/p>\n<p>1. Strugure<br \/>\n2. M\u0103r acru<br \/>\n3. Ment\u0103 Ice<br \/>\n4. Piersic\u0103 cu ghea\u021b\u0103<span style=\"color: #ff0000\"><strong>&gt;&gt;&gt;&gt;Fierbinte!<\/strong><\/span><br \/>\n5. Piersic\u0103 Mango<br \/>\n6. Pepene Verde<br \/>\n7. Fructe Mixte<br \/>\n8. S\u00e2nge de Tigru<span style=\"color: #ff0000\"><strong>&gt;&gt;&gt;&gt;Fierbinte!<\/strong><\/span><br \/>\n9. Ananas \u0219i nuc\u0103 de cocos<br \/>\n10. Struguri cu Afine<br \/>\n11.Capsuni Kiwi<br \/>\n12.Ghea\u021b\u0103 de afine<br \/>\n13. Mango cu C\u0103p\u0219uni<span style=\"color: #ff0000\"><strong>&gt;&gt;&gt;&gt;Cel mai bun!<\/strong><\/span><br \/>\n14. Zmeur\u0103 cu Afine<br \/>\n15. C\u0103p\u0219uni cu Pepene Verde<br \/>\n16. Gum\u0103 de Mestecat Pepene Verde<\/p>\n<p>&nbsp;<\/p>\n<h2><strong>\u00centreb\u0103ri pe care ai putea s\u0103 le ai despre Bang 18000 Pufuri<\/strong><\/h2>\n<p>&nbsp;<\/p>\n<p><strong>1. C\u00e2t\u0103 nicotin\u0103 se afl\u0103 \u00een Bang Beach 20000?<\/strong><br \/>\nVaporizatorul de unic\u0103 folosin\u021b\u0103 Bang 18000 dispune de s\u0103ruri de nicotin\u0103 2% \u0219i 5%. Cu tehnologie avansat\u0103 a bobinei din plas\u0103, ofer\u0103 o experien\u021b\u0103 superioar\u0103 de vapare plin\u0103 de arome bogate.<\/p>\n<p><strong>2. Este vaporizatorul de unic\u0103 folosin\u021b\u0103 Bang 18000 re\u00eenc\u0103rcabil?<\/strong><br \/>\nDa, Bang 18000 include o baterie re\u00eenc\u0103rcabil\u0103 de 650 mAh, oferind o utilizare de lung\u0103 durat\u0103.<\/p>\n<p><strong>3. C\u00e2te pufuri po\u021bi ob\u021bine dintr-un Bang 18000 Pufuri?<\/strong><br \/>\nBang 18000 Pufuri ofer\u0103 aproximativ 18000 de pufuri, \u00een func\u021bie de utilizare, \u0219i vine \u00een 16 arome.<\/p>\n<p><strong>4. C\u00e2t timp dureaz\u0103 s\u0103 \u00eencarci un Bang 18000?<\/strong><br \/>\nVaporizatorul de unic\u0103 folosin\u021b\u0103 Bang 18000 poate fi \u00eenc\u0103rcat complet \u00een doar 30 p\u00e2n\u0103 la 35 de minute, asigur\u00e2nd o preg\u0103tire rapid\u0103 pentru utilizare.<\/p>\n<p>&nbsp;<\/p>\n<h3><b>\u00centreb\u0103ri frecvente<\/b><\/h3>\n<p>&nbsp;<\/p>\n<div class=\"flex-shrink-0 flex flex-col relative items-end\">\n<div>\n<div class=\"pt-0\">\n<div class=\"gizmo-bot-avatar flex h-8 w-8 items-center justify-center overflow-hidden rounded-full\">\n<div class=\"relative p-1 rounded-sm flex items-center justify-center bg-token-main-surface-primary text-token-text-primary h-8 w-8\"><strong>Ce metode de livrare sunt folosite?<\/strong><\/div>\n<\/div>\n<\/div>\n<\/div>\n<\/div>\n<div class=\"group\/conversation-turn relative flex w-full min-w-0 flex-col agent-turn\">\n<div class=\"flex-col gap-1 md:gap-3\">\n<div class=\"flex max-w-full flex-col flex-grow\">\n<div class=\"min-h-[20px] text-message flex w-full flex-col items-end gap-2 whitespace-normal break-words [.text-message+&amp;]:mt-5 overflow-x-auto\" dir=\"auto\" data-message-author-role=\"assistant\" data-message-id=\"22f8283b-3233-46ff-89a5-c7a41b33abda\">\n<div class=\"flex w-full flex-col gap-1 empty:hidden first:pt-[3px]\">\n<div class=\"markdown prose w-full break-words dark:prose-invert light\">\n<p>Colabor\u0103m cu UPS, DHL, FedEx, DPD \u0219i al\u021bi transportatori de top. Vom selecta cea mai bun\u0103 metod\u0103 de expediere \u00een func\u021bie de loca\u021bia dvs. de livrare pentru a ne asigura c\u0103 ve\u021bi primi produsele c\u00e2t mai repede posibil.<\/p>\n<\/div>\n<p><strong>Cat dureaza pana ajunge comanda?<\/strong><\/p>\n<p>Pachetele expediate \u00een Rom\u00e2nia ajung de obicei \u00een 10 zile lucr\u0103toare. Livrarea \u00een \u021b\u0103rile europene dureaz\u0103, \u00een general, aproximativ 12-15 zile lucr\u0103toare. V\u0103 vom oferi actualiz\u0103ri \u00een timp real cu privire la starea expedierii dumneavoastr\u0103.<\/p>\n<\/div>\n<p><strong>Garan\u021bie<\/strong><\/p>\n<p><span style=\"color: #ff0000\"><strong>Toate produsele din magazinul nostru sunt garantate a fi 100% originale \u0219i autentice. Oferim o compensa\u021bie de 10 ori pentru produsele contraf\u0103cute!<\/strong><\/span><\/p>\n<div class=\"flex w-full flex-col gap-1 empty:hidden first:pt-[3px]\">\n<p>&nbsp;<\/p>\n<\/div>\n<\/div>\n<\/div>\n<\/div>\n<\/div>\n<p>&nbsp;<\/p>\n<p>Alte produse vape populare care v-ar putea pl\u0103cea:<\/p>\n<p><strong><a href=\"https:\/\/rmvapesale.com\/ro\/product\/wga-crystal-plus-20000-puff-dual-flavour-disposable-vape\/\">Bang King 30000 de Pufuri<\/a><\/strong><\/p>\n<p><a href=\"https:\/\/rmvapesale.com\/ro\/product\/bang-20000-puffs-disposable-vape-wholesale-supplier\/\"><strong>WGA Crystal Plus Smart 16000 Pufuri<\/strong><\/a><\/p>\n<p><a href=\"https:\/\/rmvapesale.com\/ro\/product\/wga-crystal-pro-max-extra-15k-puffs-disposable-vape-wholesale\/\"><strong>Bang 25000 Pufuri<\/strong><\/a><\/p>\n<p><a href=\"https:\/\/rmvapesale.com\/ro\/product\/bang-beach-20000-puffs-vape-smart-screen-disposable-e-cig\/\"><strong>Bang Vape Beach 20000 Pufuri\u00a0<\/strong><\/a><\/p>\n<p>&nbsp;<\/p>\n<p>&nbsp;<\/p>\n<p>G\u0103si\u021bi mai multe produse de vapat care v-ar putea pl\u0103cea:<strong><em><a href=\"https:\/\/rmvapesale.com\/ro\/shop-2\/\">cump\u0103r\u0103 acum &gt;&gt;&gt;<\/a><\/em><\/strong><\/p>","protected":false},"excerpt":{"rendered":"<p>Bang Vape 18000 Pufuri 16 Arome V\u00e2nzare en gros<br \/>\nBANG 18000 PUFURI 0% 2% 3% 5% Nicotin\u0103<br \/>\nPre\u021b achizi\u021bie en gros pentru Vape de unic\u0103 folosin\u021b\u0103 Bang 18000 Pufuri<\/p>\n<p><strong>Contacta\u021bi-o pe Amy pentru mai multe reduceri \u0219i un MOQ mai mic pentru Vape<\/strong><\/p>\n<p><img loading=\"lazy\" decoding=\"async\" class=\"size-full wp-image-1978\" src=\"https:\/\/rmvapesale.com\/wp-content\/uploads\/2024\/09\/Disposable-Vape-Wholesale.jpg\" alt=\"\u021aig\u0103ri electronice de unic\u0103 folosin\u021b\u0103 en-gros\" width=\"229\" height=\"300\" \/><\/p>\n<h3><span style=\"color: #ff0000\"><strong>WhatsApp: +86 17776015835<\/strong><\/span><\/h3>","protected":false},"featured_media":2129,"comment_status":"open","ping_status":"closed","template":"","meta":{"_uag_custom_page_level_css":"","_lmt_disableupdate":"no","_lmt_disable":"","site-sidebar-layout":"default","site-content-layout":"content-boxed-container","ast-site-content-layout":"normal-width-container","site-content-style":"boxed","site-sidebar-style":"unboxed","ast-global-header-display":"","ast-banner-title-visibility":"","ast-main-header-display":"","ast-hfb-above-header-display":"","ast-hfb-below-header-display":"","ast-hfb-mobile-header-display":"","site-post-title":"","ast-breadcrumbs-content":"","ast-featured-img":"","footer-sml-layout":"","theme-transparent-header-meta":"default","adv-header-id-meta":"","stick-header-meta":"","header-above-stick-meta":"","header-main-stick-meta":"","header-below-stick-meta":"","astra-migrate-meta-layouts":"set","ast-page-background-enabled":"default","ast-page-background-meta":{"desktop":{"background-color":"var(--ast-global-color-4)","background-image":"","background-repeat":"repeat","background-position":"center center","background-size":"auto","background-attachment":"scroll","background-type":"","background-media":"","overlay-type":"","overlay-color":"","overlay-opacity":"","overlay-gradient":""},"tablet":{"background-color":"","background-image":"","background-repeat":"repeat","background-position":"center center","background-size":"auto","background-attachment":"scroll","background-type":"","background-media":"","overlay-type":"","overlay-color":"","overlay-opacity":"","overlay-gradient":""},"mobile":{"background-color":"","background-image":"","background-repeat":"repeat","background-position":"center center","background-size":"auto","background-attachment":"scroll","background-type":"","background-media":"","overlay-type":"","overlay-color":"","overlay-opacity":"","overlay-gradient":""}},"ast-content-background-meta":{"desktop":{"background-color":"var(--ast-global-color-5)","background-image":"","background-repeat":"repeat","background-position":"center center","background-size":"auto","background-attachment":"scroll","background-type":"","background-media":"","overlay-type":"","overlay-color":"","overlay-opacity":"","overlay-gradient":""},"tablet":{"background-color":"var(--ast-global-color-5)","background-image":"","background-repeat":"repeat","background-position":"center center","background-size":"auto","background-attachment":"scroll","background-type":"","background-media":"","overlay-type":"","overlay-color":"","overlay-opacity":"","overlay-gradient":""},"mobile":{"background-color":"var(--ast-global-color-5)","background-image":"","background-repeat":"repeat","background-position":"center center","background-size":"auto","background-attachment":"scroll","background-type":"","background-media":"","overlay-type":"","overlay-color":"","overlay-opacity":"","overlay-gradient":""}},"_joinchat":[]},"product_brand":[],"product_cat":[15,293,295,273,279,25,123,26,28,135,27,60,137,136,30],"product_tag":[89,63,57,58,54],"class_list":{"0":"post-2127","1":"product","2":"type-product","3":"status-publish","4":"has-post-thumbnail","6":"product_cat-new-vape-this-week","7":"product_cat-low-nicotine-disposable-vapes","8":"product_cat-rechargeable-disposable-vapes","9":"product_cat-bang-box-vape","10":"product_cat-bang-king-vape","11":"product_cat-germany-best-selling-vape","12":"product_cat-italy-wholesale-vape","13":"product_cat-netherlands-hot-sale-vape","14":"product_cat-poland-hot-sale-vape","15":"product_cat-spain-best-hot-sale-vape","16":"product_cat-fance-hot-sale-vape","17":"product_cat-bang-vapes","18":"product_cat-rechargeable-vapes","19":"product_cat-smart-screen-vapes","20":"product_cat-minimum-order-quantity-50pcs","21":"product_tag-bang-18000-disposable-vape","22":"product_tag-bang-vapes","23":"product_tag-disposable-vape-wholesale-supplier","24":"product_tag-electric-cigarettes","25":"product_tag-rechargeable-disposable-vape","26":"desktop-align-left","27":"tablet-align-left","28":"mobile-align-left","30":"first","31":"instock","32":"sale","33":"shipping-taxable","34":"purchasable","35":"product-type-simple"},"uagb_featured_image_src":{"full":["https:\/\/rmvapesale.com\/wp-content\/uploads\/2024\/09\/Bang-18000-Puffs-Disposable-Vape-Wholesale.png",788,788,false],"thumbnail":["https:\/\/rmvapesale.com\/wp-content\/uploads\/2024\/09\/Bang-18000-Puffs-Disposable-Vape-Wholesale-150x150.png",150,150,true],"medium":["https:\/\/rmvapesale.com\/wp-content\/uploads\/2024\/09\/Bang-18000-Puffs-Disposable-Vape-Wholesale-300x300.png",300,300,true],"medium_large":["https:\/\/rmvapesale.com\/wp-content\/uploads\/2024\/09\/Bang-18000-Puffs-Disposable-Vape-Wholesale-768x768.png",768,768,true],"large":["https:\/\/rmvapesale.com\/wp-content\/uploads\/2024\/09\/Bang-18000-Puffs-Disposable-Vape-Wholesale.png",788,788,false],"1536x1536":["https:\/\/rmvapesale.com\/wp-content\/uploads\/2024\/09\/Bang-18000-Puffs-Disposable-Vape-Wholesale.png",788,788,false],"2048x2048":["https:\/\/rmvapesale.com\/wp-content\/uploads\/2024\/09\/Bang-18000-Puffs-Disposable-Vape-Wholesale.png",788,788,false],"trp-custom-language-flag":["https:\/\/rmvapesale.com\/wp-content\/uploads\/2024\/09\/Bang-18000-Puffs-Disposable-Vape-Wholesale.png",12,12,false],"woocommerce_thumbnail":["https:\/\/rmvapesale.com\/wp-content\/uploads\/2024\/09\/Bang-18000-Puffs-Disposable-Vape-Wholesale-300x300.png",300,300,true],"woocommerce_single":["https:\/\/rmvapesale.com\/wp-content\/uploads\/2024\/09\/Bang-18000-Puffs-Disposable-Vape-Wholesale-600x600.png",600,600,true],"woocommerce_gallery_thumbnail":["https:\/\/rmvapesale.com\/wp-content\/uploads\/2024\/09\/Bang-18000-Puffs-Disposable-Vape-Wholesale-100x100.png",100,100,true],"wcpr-photo-reviews":["https:\/\/rmvapesale.com\/wp-content\/uploads\/2024\/09\/Bang-18000-Puffs-Disposable-Vape-Wholesale.png",500,500,false]},"uagb_author_info":{"display_name":"AMY","author_link":"https:\/\/rmvapesale.com\/ro\/author\/"},"uagb_comment_info":0,"uagb_excerpt":"Bang Vape 18000 Puffs 16 Flavour Wholesale BANG 18000 PUFFS 0% 2% 3% 5% Nicotine Bang 18000 Puff Disposable Vape Bulk Buy Price Contact Amy For More Discount And Lower MOQ Vape WhatsApp: +86 17776015835","_links":{"self":[{"href":"https:\/\/rmvapesale.com\/ro\/wp-json\/wp\/v2\/product\/2127","targetHints":{"allow":["GET"]}}],"collection":[{"href":"https:\/\/rmvapesale.com\/ro\/wp-json\/wp\/v2\/product"}],"about":[{"href":"https:\/\/rmvapesale.com\/ro\/wp-json\/wp\/v2\/types\/product"}],"replies":[{"embeddable":true,"href":"https:\/\/rmvapesale.com\/ro\/wp-json\/wp\/v2\/comments?post=2127"}],"wp:featuredmedia":[{"embeddable":true,"href":"https:\/\/rmvapesale.com\/ro\/wp-json\/wp\/v2\/media\/2129"}],"wp:attachment":[{"href":"https:\/\/rmvapesale.com\/ro\/wp-json\/wp\/v2\/media?parent=2127"}],"wp:term":[{"taxonomy":"product_brand","embeddable":true,"href":"https:\/\/rmvapesale.com\/ro\/wp-json\/wp\/v2\/product_brand?post=2127"},{"taxonomy":"product_cat","embeddable":true,"href":"https:\/\/rmvapesale.com\/ro\/wp-json\/wp\/v2\/product_cat?post=2127"},{"taxonomy":"product_tag","embeddable":true,"href":"https:\/\/rmvapesale.com\/ro\/wp-json\/wp\/v2\/product_tag?post=2127"}],"curies":[{"name":"wp","href":"https:\/\/api.w.org\/{rel}","templated":true}]}}