{"id":2168,"date":"2024-09-26T03:21:43","date_gmt":"2024-09-26T03:21:43","guid":{"rendered":"https:\/\/rmvapesale.com\/?post_type=product&#038;p=2168"},"modified":"2025-01-21T09:36:11","modified_gmt":"2025-01-21T09:36:11","slug":"elf-box-shisha-16000-puffs-led-display-disposable-vape","status":"publish","type":"product","link":"https:\/\/rmvapesale.com\/ro\/product\/elf-box-shisha-16000-puffs-led-display-disposable-vape\/","title":{"rendered":"ELF BOX Shisha 16000 Pufuri Vape de unic\u0103 folosin\u021b\u0103 cu afi\u0219aj LED"},"content":{"rendered":"<div class=\"B2VR9 CJHX3e\">\n<div class=\"wyccme\">\n<h3 class=\"LC20lb MBeuO DKV0Md\">ELF BOX Shisha 16000 Pufuri Vape de unic\u0103 folosin\u021b\u0103 cu afi\u0219aj LED<\/h3>\n<p>R\u0103sf\u0103\u021ba\u021bi-v\u0103 cu luxul vapatului cu \u021bigara electronic\u0103 de unic\u0103 folosin\u021b\u0103 ELF BOX Shisha 16000 Puffs cu ecran LED, disponibil\u0103 pentru v\u00e2nzare angro. Acest dispozitiv de ultim\u0103 genera\u021bie ofer\u0103 o capacitate impresionant\u0103 de 16000 de pufuri \u0219i un rezervor generos de 28 ml de e-lichid. Cu diverse niveluri de nicotin\u0103 \u0219i un port de \u00eenc\u0103rcare convenabil de tip C, se adapteaz\u0103 la preferin\u021be diverse, asigur\u00e2nd \u00een acela\u0219i timp o re\u00eenc\u0103rcare u\u0219oar\u0103. ELF BOX SHISHA 16000 iese \u00een eviden\u021b\u0103 prin caracteristicile sale avansate \u0219i dedicarea sa de a oferi o experien\u021b\u0103 de vapat de top.<\/p>\n<\/div>\n<div class=\"wyccme\">\n<p>\u00cembun\u0103t\u0103\u021bi\u021bi-v\u0103 experien\u021ba de vapat cu ELF BOX SHISHA 16000\u2014un adev\u0103rat etalon de calitate \u0219i inova\u021bie \u00een r\u00e2ndul \u021big\u0103rilor electronice de unic\u0103 folosin\u021b\u0103.<\/p>\n<\/div>\n<\/div>\n<p><strong>Contacta\u021bi-o pe Amy pentru a ob\u021bine un r\u0103spuns corect \u0219i mai multe videoclipuri cu produse!<\/strong><\/p>\n<p><img loading=\"lazy\" decoding=\"async\" class=\"size-full wp-image-1978\" src=\"https:\/\/rmvapesale.com\/wp-content\/uploads\/2024\/09\/Disposable-Vape-Wholesale.jpg\" alt=\"\u021aig\u0103ri electronice de unic\u0103 folosin\u021b\u0103 en-gros\" width=\"229\" height=\"300\" \/><\/p>\n<h3><span style=\"color: #ff0000\"><strong>WhatsApp: +86 17776015835<\/strong><\/span><\/h3>\n<p>&nbsp;<\/p>\n<h2><\/h2>\n<h2><strong>ELF BOX Shisha 16000 pufuri Caracteristici cheie<\/strong><\/h2>\n<p>Pufuri: 16000<br \/>\nMiez: Bobin\u0103 mesh 0.6ohm<br \/>\nE-lichid: 28 ml<br \/>\nNicotin\u0103: 0%\/2%\/3%\/5%<br \/>\nBaterie: 18250-600mah<br \/>\nRe\u00eenc\u0103rcabil: Tip-C<br \/>\nEcran LED<br \/>\nFlux de aer reglabil<br \/>\nDimensiune produs: 35*36*133.5mm<\/p>\n<h2><\/h2>\n<h2><strong>Arome de top pentru Vozol ELF BOX Shisha 16000 Puffs<\/strong><\/h2>\n<p>Alege\u021bi dintr-o selec\u021bie captivant\u0103 de arome, inclusiv Blue Dragon Fruit Peach (Fructul dragonului albastru piersic\u0103), Rose Grape (Trandafir strugure), Granny Cherry (Cirea\u0219a bunicii) \u0219i Green Mango (Mango verde), toate create cu m\u0103iestrie pentru a v\u0103 \u00eenc\u00e2nta papilele gustative. Indiferent dac\u0103 prefera\u021bi esen\u021ba tropical\u0103 a aromei Orange Pine Nana Mango (Portocal\u0103 ananas banan\u0103 mango) sau revigorantul Matcha Mint Ice (Ghea\u021b\u0103 cu ment\u0103 Matcha), exist\u0103 o arom\u0103 care s\u0103 satisfac\u0103 fiecare gust.<\/p>\n<p>&nbsp;<\/p>\n<p>1.Ghea\u021b\u0103 de Zmeur\u0103 Albastr\u0103<span style=\"color: #ff0000\"><strong>&gt;&gt;&gt;&gt;Fierbinte!<\/strong><\/span><br \/>\n2.Ghea\u021b\u0103 de C\u0103p\u0219uni<br \/>\n3. Ghea\u021b\u0103 de struguri<br \/>\n4. Ghea\u021b\u0103 de mure<br \/>\n5. Fructe de p\u0103dure asortate<span style=\"color: #ff0000\"><strong>&gt;&gt;&gt;&gt;Cel mai bun!<\/strong><\/span><br \/>\n6. Double Apple (M\u0103r Dublu)<br \/>\n7. Ghea\u021b\u0103 luxuriant\u0103<br \/>\n8. Piersic\u0103 Mango Ananas<br \/>\n9. Cire\u0219e Zmeur\u0103<br \/>\n10. Kiwi Fructul Pasiunii<br \/>\n11. Ghea\u021b\u0103 de Piersici<br \/>\n12. C\u0103p\u0219uni \u0219i pepene verde<span style=\"color: #ff0000\"><strong>&gt;&gt;&gt;&gt;Fierbinte!<\/strong><\/span><\/p>\n<figure id=\"attachment_2173\" aria-describedby=\"caption-attachment-2173\" style=\"width: 588px\" class=\"wp-caption alignnone\"><img loading=\"lazy\" decoding=\"async\" class=\"wp-image-2173\" src=\"https:\/\/rmvapesale.com\/wp-content\/uploads\/2024\/09\/ELF-BOX-SHISHA-16000-300x300.png\" alt=\"ELF BOX SHISHA 16000\" width=\"588\" height=\"588\" srcset=\"https:\/\/rmvapesale.com\/wp-content\/uploads\/2024\/09\/ELF-BOX-SHISHA-16000-300x300.png 300w, https:\/\/rmvapesale.com\/wp-content\/uploads\/2024\/09\/ELF-BOX-SHISHA-16000-150x150.png 150w, https:\/\/rmvapesale.com\/wp-content\/uploads\/2024\/09\/ELF-BOX-SHISHA-16000-768x768.png 768w, https:\/\/rmvapesale.com\/wp-content\/uploads\/2024\/09\/ELF-BOX-SHISHA-16000-600x600.png 600w, https:\/\/rmvapesale.com\/wp-content\/uploads\/2024\/09\/ELF-BOX-SHISHA-16000-100x100.png 100w, https:\/\/rmvapesale.com\/wp-content\/uploads\/2024\/09\/ELF-BOX-SHISHA-16000.png 788w\" sizes=\"auto, (max-width: 588px) 100vw, 588px\" \/><figcaption id=\"caption-attachment-2173\" class=\"wp-caption-text\">ELF BOX SHISHA 16000<\/figcaption><\/figure>\n<h2><strong>\u00centreb\u0103ri pe care s-ar putea s\u0103 le ai despre ELF BOX Shisha 16000 Puffs<\/strong><\/h2>\n<p>&nbsp;<\/p>\n<p><strong>1. Ce \u00eenc\u0103rc\u0103tor folose\u0219te o \u021bigar\u0103 electronic\u0103 ELF BOX Shisha 16000 Puffs?<\/strong><br \/>\nPute\u021bi re\u00eenc\u0103rca vape-ul de unic\u0103 folosin\u021b\u0103 ELF BOX Shisha 16000 Puffs cu un cablu standard de \u00eenc\u0103rcare USB-C \u0219i un adaptor sau port de \u00eenc\u0103rcare de 1A.<\/p>\n<p><strong>2. C\u00e2t\u0103 nicotin\u0103 are ELF BOX Shisha 16000 Puffs?<\/strong><br \/>\nELF BOX Shisha 16000 Puffs ofer\u0103 0%\/2%\/3%\/5% nicotin\u0103, la alegere.<\/p>\n<p><strong>3. Este bun un Vape LF BOX Shisha 16000 Puffs?<\/strong><br \/>\nO \u021bigar\u0103 electronic\u0103 de unic\u0103 folosin\u021b\u0103 LF BOX Shisha 16000 Puffs este perfect\u0103 pentru \u00eencep\u0103tori \u0219i o rezerv\u0103 de \u00eencredere pentru utilizatorii experimenta\u021bi, oferind un aspect impresionant \u0219i un gust deosebit.<\/p>\n<p><strong>4. Poate fi re\u00eenc\u0103rcat LF BOX Shisha 16000 Puffs?<\/strong><br \/>\n\u021aigara electronic\u0103 LF BOX Shisha 16000 Puffs este re\u00eenc\u0103rcabil\u0103, dar odat\u0103 ce e-lichidul este epuizat, ar trebui aruncat\u0103 corespunz\u0103tor, deoarece \u021big\u0103rile electronice de unic\u0103 folosin\u021b\u0103 con\u021bin baterii care nu ar trebui s\u0103 ajung\u0103 \u00een co\u0219ul de gunoi obi\u0219nuit.<\/p>\n<p>&nbsp;<\/p>\n<h3><b>\u00centreb\u0103ri frecvente<\/b><\/h3>\n<p>&nbsp;<\/p>\n<div class=\"flex-shrink-0 flex flex-col relative items-end\">\n<div>\n<div class=\"pt-0\">\n<div class=\"gizmo-bot-avatar flex h-8 w-8 items-center justify-center overflow-hidden rounded-full\">\n<div class=\"relative p-1 rounded-sm flex items-center justify-center bg-token-main-surface-primary text-token-text-primary h-8 w-8\"><strong>Ce metode de livrare sunt folosite?<\/strong><\/div>\n<\/div>\n<\/div>\n<\/div>\n<\/div>\n<div class=\"group\/conversation-turn relative flex w-full min-w-0 flex-col agent-turn\">\n<div class=\"flex-col gap-1 md:gap-3\">\n<div class=\"flex max-w-full flex-col flex-grow\">\n<div class=\"min-h-[20px] text-message flex w-full flex-col items-end gap-2 whitespace-normal break-words [.text-message+&amp;]:mt-5 overflow-x-auto\" dir=\"auto\" data-message-author-role=\"assistant\" data-message-id=\"22f8283b-3233-46ff-89a5-c7a41b33abda\">\n<div class=\"flex w-full flex-col gap-1 empty:hidden first:pt-[3px]\">\n<div class=\"markdown prose w-full break-words dark:prose-invert light\">\n<p>Colabor\u0103m cu UPS, DHL, FedEx, DPD \u0219i al\u021bi transportatori de top. Vom selecta cea mai bun\u0103 metod\u0103 de expediere \u00een func\u021bie de loca\u021bia dvs. de livrare pentru a ne asigura c\u0103 ve\u021bi primi produsele c\u00e2t mai repede posibil.<\/p>\n<\/div>\n<p><strong>Cat dureaza pana ajunge comanda?<\/strong><\/p>\n<p>Pachetele expediate \u00een Rom\u00e2nia ajung de obicei \u00een 10 zile lucr\u0103toare. Livrarea \u00een \u021b\u0103rile europene dureaz\u0103, \u00een general, aproximativ 12-15 zile lucr\u0103toare. V\u0103 vom oferi actualiz\u0103ri \u00een timp real cu privire la starea expedierii dumneavoastr\u0103.<\/p>\n<\/div>\n<p><strong>Garan\u021bie<\/strong><\/p>\n<p><span style=\"color: #ff0000\"><strong>Toate produsele din magazinul nostru sunt garantate a fi 100% originale \u0219i autentice. Oferim o compensa\u021bie de 10 ori pentru produsele contraf\u0103cute!<\/strong><\/span><\/p>\n<div class=\"flex w-full flex-col gap-1 empty:hidden first:pt-[3px]\">\n<p>&nbsp;<\/p>\n<\/div>\n<\/div>\n<\/div>\n<\/div>\n<\/div>\n<p>&nbsp;<\/p>\n<p>Alte produse vape populare care v-ar putea pl\u0103cea:<\/p>\n<p>&nbsp;<\/p>\n<p><a href=\"https:\/\/rmvapesale.com\/ro\/product\/original-randm-vape-digital-puff-12000-fumot-factory-price\/\"><strong>Randm Digital 12000 Pufuri<\/strong><\/a><\/p>\n<p><strong><a href=\"https:\/\/rmvapesale.com\/ro\/product\/vozol-vista-20000-puffs-smart-disposable-vape\/\">Vozol Vista 20000 Puffs\u00a0<\/a><\/strong><\/p>\n<p><a href=\"https:\/\/rmvapesale.com\/ro\/product\/wga-crystal-pro-max-10000-puffs-disposable-vape\/\"><strong>WGA Crystal Pro Max 10000 Puffs<\/strong><\/a><\/p>\n<p><a href=\"https:\/\/rmvapesale.com\/ro\/product\/vapme-crystal-7000-puffs-rechargeable-disposable-vape-price\/\"><strong>Vapme Crystal 7000 Puffs<\/strong><\/a><\/p>\n<p>&nbsp;<\/p>\n<p>&nbsp;<\/p>\n<p>G\u0103si\u021bi mai multe produse de vapat care v-ar putea pl\u0103cea:<strong><em><a href=\"https:\/\/rmvapesale.com\/ro\/shop-2\/\">cump\u0103r\u0103 acum &gt;&gt;&gt;<\/a><\/em><\/strong><\/p>","protected":false},"excerpt":{"rendered":"<p>Furnizor angro original Elf Box 16000 Shisha \u021aig\u0103ri electronice<br \/>\nELF Box Shisha 16000 Puffs \u021aigar\u0103 electronic\u0103 de unic\u0103 folosin\u021b\u0103 12 arome<br \/>\nELF BOX Shisha 16000 Puffs \u021aigar\u0103 electronic\u0103 de unic\u0103 folosin\u021b\u0103 cu ecran LED<\/p>\n<p><strong>Contacta\u021bi Amy Pentru Mai Multe Reduceri \u0218i R\u0103spuns Corect<\/strong><\/p>\n<p><img loading=\"lazy\" decoding=\"async\" class=\"size-full wp-image-1978\" src=\"https:\/\/rmvapesale.com\/wp-content\/uploads\/2024\/09\/Disposable-Vape-Wholesale.jpg\" alt=\"\u021aig\u0103ri electronice de unic\u0103 folosin\u021b\u0103 en-gros\" width=\"229\" height=\"300\" \/><\/p>\n<h3><span style=\"color: #ff0000\"><strong>WhatsApp: +86 17776015835<\/strong><\/span><\/h3>","protected":false},"featured_media":2170,"comment_status":"open","ping_status":"closed","template":"","meta":{"_uag_custom_page_level_css":"","_lmt_disableupdate":"no","_lmt_disable":"","site-sidebar-layout":"default","site-content-layout":"content-boxed-container","ast-site-content-layout":"normal-width-container","site-content-style":"boxed","site-sidebar-style":"unboxed","ast-global-header-display":"","ast-banner-title-visibility":"","ast-main-header-display":"","ast-hfb-above-header-display":"","ast-hfb-below-header-display":"","ast-hfb-mobile-header-display":"","site-post-title":"","ast-breadcrumbs-content":"","ast-featured-img":"","footer-sml-layout":"","theme-transparent-header-meta":"default","adv-header-id-meta":"","stick-header-meta":"","header-above-stick-meta":"","header-main-stick-meta":"","header-below-stick-meta":"","astra-migrate-meta-layouts":"set","ast-page-background-enabled":"default","ast-page-background-meta":{"desktop":{"background-color":"var(--ast-global-color-4)","background-image":"","background-repeat":"repeat","background-position":"center center","background-size":"auto","background-attachment":"scroll","background-type":"","background-media":"","overlay-type":"","overlay-color":"","overlay-opacity":"","overlay-gradient":""},"tablet":{"background-color":"","background-image":"","background-repeat":"repeat","background-position":"center center","background-size":"auto","background-attachment":"scroll","background-type":"","background-media":"","overlay-type":"","overlay-color":"","overlay-opacity":"","overlay-gradient":""},"mobile":{"background-color":"","background-image":"","background-repeat":"repeat","background-position":"center center","background-size":"auto","background-attachment":"scroll","background-type":"","background-media":"","overlay-type":"","overlay-color":"","overlay-opacity":"","overlay-gradient":""}},"ast-content-background-meta":{"desktop":{"background-color":"var(--ast-global-color-5)","background-image":"","background-repeat":"repeat","background-position":"center center","background-size":"auto","background-attachment":"scroll","background-type":"","background-media":"","overlay-type":"","overlay-color":"","overlay-opacity":"","overlay-gradient":""},"tablet":{"background-color":"var(--ast-global-color-5)","background-image":"","background-repeat":"repeat","background-position":"center center","background-size":"auto","background-attachment":"scroll","background-type":"","background-media":"","overlay-type":"","overlay-color":"","overlay-opacity":"","overlay-gradient":""},"mobile":{"background-color":"var(--ast-global-color-5)","background-image":"","background-repeat":"repeat","background-position":"center center","background-size":"auto","background-attachment":"scroll","background-type":"","background-media":"","overlay-type":"","overlay-color":"","overlay-opacity":"","overlay-gradient":""}},"_joinchat":[]},"product_brand":[],"product_cat":[15,289,293,295,296,299,288,25,123,26,28,135,27,137,136,30],"product_tag":[63,99,100,101,54,43],"class_list":{"0":"post-2168","1":"product","2":"type-product","3":"status-publish","4":"has-post-thumbnail","6":"product_cat-new-vape-this-week","7":"product_cat-big-puffs-disposable-vapes","8":"product_cat-low-nicotine-disposable-vapes","9":"product_cat-rechargeable-disposable-vapes","10":"product_cat-shisha-hookah-disposable-vapes","11":"product_cat-smart-screen-disposable-vapes","12":"product_cat-elf-box-vape","13":"product_cat-germany-best-selling-vape","14":"product_cat-italy-wholesale-vape","15":"product_cat-netherlands-hot-sale-vape","16":"product_cat-poland-hot-sale-vape","17":"product_cat-spain-best-hot-sale-vape","18":"product_cat-fance-hot-sale-vape","19":"product_cat-rechargeable-vapes","20":"product_cat-smart-screen-vapes","21":"product_cat-minimum-order-quantity-50pcs","22":"product_tag-bang-vapes","23":"product_tag-disposable-vape-wholesale","24":"product_tag-elf-box-shisha-16000","25":"product_tag-led-display-vape","26":"product_tag-rechargeable-disposable-vape","27":"product_tag-shisha-vape","28":"desktop-align-left","29":"tablet-align-left","30":"mobile-align-left","32":"first","33":"instock","34":"sale","35":"shipping-taxable","36":"purchasable","37":"product-type-simple"},"uagb_featured_image_src":{"full":["https:\/\/rmvapesale.com\/wp-content\/uploads\/2024\/09\/ELF-BOX-Shisha-16000-Puffs-Disposable-Vape.png",788,788,false],"thumbnail":["https:\/\/rmvapesale.com\/wp-content\/uploads\/2024\/09\/ELF-BOX-Shisha-16000-Puffs-Disposable-Vape-150x150.png",150,150,true],"medium":["https:\/\/rmvapesale.com\/wp-content\/uploads\/2024\/09\/ELF-BOX-Shisha-16000-Puffs-Disposable-Vape-300x300.png",300,300,true],"medium_large":["https:\/\/rmvapesale.com\/wp-content\/uploads\/2024\/09\/ELF-BOX-Shisha-16000-Puffs-Disposable-Vape-768x768.png",768,768,true],"large":["https:\/\/rmvapesale.com\/wp-content\/uploads\/2024\/09\/ELF-BOX-Shisha-16000-Puffs-Disposable-Vape.png",788,788,false],"1536x1536":["https:\/\/rmvapesale.com\/wp-content\/uploads\/2024\/09\/ELF-BOX-Shisha-16000-Puffs-Disposable-Vape.png",788,788,false],"2048x2048":["https:\/\/rmvapesale.com\/wp-content\/uploads\/2024\/09\/ELF-BOX-Shisha-16000-Puffs-Disposable-Vape.png",788,788,false],"trp-custom-language-flag":["https:\/\/rmvapesale.com\/wp-content\/uploads\/2024\/09\/ELF-BOX-Shisha-16000-Puffs-Disposable-Vape.png",12,12,false],"woocommerce_thumbnail":["https:\/\/rmvapesale.com\/wp-content\/uploads\/2024\/09\/ELF-BOX-Shisha-16000-Puffs-Disposable-Vape-300x300.png",300,300,true],"woocommerce_single":["https:\/\/rmvapesale.com\/wp-content\/uploads\/2024\/09\/ELF-BOX-Shisha-16000-Puffs-Disposable-Vape-600x600.png",600,600,true],"woocommerce_gallery_thumbnail":["https:\/\/rmvapesale.com\/wp-content\/uploads\/2024\/09\/ELF-BOX-Shisha-16000-Puffs-Disposable-Vape-100x100.png",100,100,true],"wcpr-photo-reviews":["https:\/\/rmvapesale.com\/wp-content\/uploads\/2024\/09\/ELF-BOX-Shisha-16000-Puffs-Disposable-Vape.png",500,500,false]},"uagb_author_info":{"display_name":"AMY","author_link":"https:\/\/rmvapesale.com\/ro\/author\/"},"uagb_comment_info":0,"uagb_excerpt":"Original Elf Box 16000 Shisha Ecigs Wholesale Supplier ELF Box Shisha 16000 Puffs Disposable E-cigarette 12 Flaovr ELF BOX Shisha 16000 Puffs Disposable Vape LED Display Contact Amy For More Discount And Right Reply WhatsApp: +86 17776015835","_links":{"self":[{"href":"https:\/\/rmvapesale.com\/ro\/wp-json\/wp\/v2\/product\/2168","targetHints":{"allow":["GET"]}}],"collection":[{"href":"https:\/\/rmvapesale.com\/ro\/wp-json\/wp\/v2\/product"}],"about":[{"href":"https:\/\/rmvapesale.com\/ro\/wp-json\/wp\/v2\/types\/product"}],"replies":[{"embeddable":true,"href":"https:\/\/rmvapesale.com\/ro\/wp-json\/wp\/v2\/comments?post=2168"}],"wp:featuredmedia":[{"embeddable":true,"href":"https:\/\/rmvapesale.com\/ro\/wp-json\/wp\/v2\/media\/2170"}],"wp:attachment":[{"href":"https:\/\/rmvapesale.com\/ro\/wp-json\/wp\/v2\/media?parent=2168"}],"wp:term":[{"taxonomy":"product_brand","embeddable":true,"href":"https:\/\/rmvapesale.com\/ro\/wp-json\/wp\/v2\/product_brand?post=2168"},{"taxonomy":"product_cat","embeddable":true,"href":"https:\/\/rmvapesale.com\/ro\/wp-json\/wp\/v2\/product_cat?post=2168"},{"taxonomy":"product_tag","embeddable":true,"href":"https:\/\/rmvapesale.com\/ro\/wp-json\/wp\/v2\/product_tag?post=2168"}],"curies":[{"name":"wp","href":"https:\/\/api.w.org\/{rel}","templated":true}]}}