{"id":2203,"date":"2024-09-27T03:29:01","date_gmt":"2024-09-27T03:29:01","guid":{"rendered":"https:\/\/rmvapesale.com\/?post_type=product&#038;p=2203"},"modified":"2025-01-21T09:39:27","modified_gmt":"2025-01-21T09:39:27","slug":"waspe-20000-puffs-dual-mesh-box-disposable-vape","status":"publish","type":"product","link":"https:\/\/rmvapesale.com\/ro\/product\/waspe-20000-puffs-dual-mesh-box-disposable-vape\/","title":{"rendered":"WASPE 20000 PUFFS Vape de unic\u0103 folosin\u021b\u0103 cu cutie cu plas\u0103 dubl\u0103"},"content":{"rendered":"<div class=\"B2VR9 CJHX3e\">\n<div class=\"wyccme\">\n<h1 class=\"LC20lb MBeuO DKV0Md\">WASPE 20000 PUFFS Vape de unic\u0103 folosin\u021b\u0103 cu cutie cu plas\u0103 dubl\u0103<\/h1>\n<p>Descoper\u0103 combina\u021bia perfect\u0103 \u00eentre confort \u0219i performan\u021b\u0103 cu <strong>WASPE 20000 PUFFS Vape de unic\u0103 folosin\u021b\u0103 cu cutie cu plas\u0103 dubl\u0103<\/strong> \u2013 un dispozitiv de ultim\u0103 genera\u021bie creat pentru vaperi care caut\u0103 tehnologie de top. Dotat cu <strong>tehnologia dual\u0103 a rezisten\u021bei tip mesh<\/strong>, un <strong>Display LCD<\/strong>, \u0219i o varietate extins\u0103 de arome, acest vape ofer\u0103 o experien\u021b\u0103 neegalat\u0103, oferind precizie, putere \u0219i personalizare la fiecare inhalare.<\/p>\n<\/div>\n<\/div>\n<p><strong>Contacta\u021bi-o pe Amy pentru a ob\u021bine un r\u0103spuns corect \u0219i mai multe videoclipuri cu produse!<\/strong><\/p>\n<p><img loading=\"lazy\" decoding=\"async\" class=\"size-full wp-image-1978\" src=\"https:\/\/rmvapesale.com\/wp-content\/uploads\/2024\/09\/Disposable-Vape-Wholesale.jpg\" alt=\"\u021aig\u0103ri electronice de unic\u0103 folosin\u021b\u0103 en-gros\" width=\"229\" height=\"300\" \/><\/p>\n<h3><span style=\"color: #ff0000\"><strong>WhatsApp: +86 17776015835<\/strong><\/span><\/h3>\n<p>&nbsp;<\/p>\n<h2><\/h2>\n<h2><strong>Caracteristici cheie ale Vape-ului de Unic\u0103 Folosin\u021b\u0103 WASPE 20000 PUFFS<\/strong><\/h2>\n<p>Niveluri de Nicotin\u0103: 0%, 2%, 3%, 5%<br \/>\nInhal\u0103ri: 20.000<br \/>\nCapacitate lichid: 24ml<br \/>\nArome disponibile: 12<br \/>\nNucleu de \u00eenc\u0103lzire: Bobin\u0103 Dual Mesh 0.8\u03a9<br \/>\nCapacitate baterie: 900mAh<br \/>\nRe\u00eenc\u0103rcabil: port Type-C<br \/>\nAfi\u0219aj: ecran LCD<\/p>\n<h2><\/h2>\n<h2><strong>Arom\u0103 de top pentru WASPE 20000 PUFFS Vape de Unic\u0103 Folosin\u021b\u0103<\/strong><\/h2>\n<p>Cutia WASPE 20000 PUFFS Vape de Unic\u0103 Folosin\u021b\u0103 ofer\u0103 12 arome delicioase, inclusiv favoritele clasice precum Blueberry Ice, Strawberry Kiwi, Strawberry Raspberry Cherry, Blueberry Raspberry Lemonade, Watermelon Bubblegum. Fiecare arom\u0103 este creat\u0103 pentru a oferi o experien\u021b\u0103 pl\u0103cut\u0103 de vaping, adaptat\u0103 gusturilor tale.<\/p>\n<p>&nbsp;<\/p>\n<p>1.Lush Ice<br \/>\n2.C\u0103p\u0219uni Pepene Verde<span style=\"color: #ff0000\"><strong>&gt;&gt;&gt;&gt;Fierbinte!<\/strong><\/span><br \/>\n3. Blueberry Ice<br \/>\n4.Fructe de p\u0103dure mixte<br \/>\n5. Strugure cu ghea\u021b\u0103<br \/>\n6.Ice cu piersic\u0103<br \/>\n7.Dublu m\u0103r cu ghea\u021b\u0103<span style=\"color: #ff0000\"><strong>&gt;&gt;&gt;&gt;Fierbinte!<\/strong><\/span><br \/>\n8. C\u0103p\u0219uni Kiwi<br \/>\n9.Kiwi, fruct de pasiune \u0219i guava<br \/>\n10.C\u0103p\u0219uni, zmeur\u0103 \u0219i cire\u0219e<span style=\"color: #ff0000\"><strong>&gt;&gt;&gt;&gt;Cel mai bun!<\/strong><\/span><br \/>\n11.Zmeur\u0103 \u0219i l\u0103m\u00e2ie cu afine<br \/>\n12.Gum\u0103 de mestecat cu pepene verde<\/p>\n<figure id=\"attachment_2202\" aria-describedby=\"caption-attachment-2202\" style=\"width: 800px\" class=\"wp-caption alignnone\"><img loading=\"lazy\" decoding=\"async\" class=\"wp-image-2202 size-full\" src=\"https:\/\/rmvapesale.com\/wp-content\/uploads\/2024\/09\/WASPE-20000-PUFFS-Vape.png\" alt=\"WASPE 20000 PUFURI Vape\" width=\"800\" height=\"754\" srcset=\"https:\/\/rmvapesale.com\/wp-content\/uploads\/2024\/09\/WASPE-20000-PUFFS-Vape.png 800w, https:\/\/rmvapesale.com\/wp-content\/uploads\/2024\/09\/WASPE-20000-PUFFS-Vape-300x283.png 300w, https:\/\/rmvapesale.com\/wp-content\/uploads\/2024\/09\/WASPE-20000-PUFFS-Vape-768x724.png 768w, https:\/\/rmvapesale.com\/wp-content\/uploads\/2024\/09\/WASPE-20000-PUFFS-Vape-600x566.png 600w\" sizes=\"auto, (max-width: 800px) 100vw, 800px\" \/><figcaption id=\"caption-attachment-2202\" class=\"wp-caption-text\">WASPE 20000 PUFURI Vape<\/figcaption><\/figure>\n<h2><strong>\u00centreb\u0103ri pe care s-ar putea s\u0103 le ai despre Waspe 12000 Puffs<\/strong><\/h2>\n<p>&nbsp;<\/p>\n<div class=\"flex-shrink-0 flex flex-col relative items-end\">\n<div>\n<div class=\"pt-0\">\n<div class=\"gizmo-bot-avatar flex h-8 w-8 items-center justify-center overflow-hidden rounded-full\">\n<div class=\"relative p-1 rounded-sm flex items-center justify-center bg-token-main-surface-primary text-token-text-primary h-8 w-8\"><\/div>\n<\/div>\n<\/div>\n<\/div>\n<\/div>\n<div class=\"group\/conversation-turn relative flex w-full min-w-0 flex-col agent-turn\">\n<div class=\"flex-col gap-1 md:gap-3\">\n<div class=\"flex max-w-full flex-col flex-grow\">\n<div class=\"min-h-8 text-message flex w-full flex-col items-end gap-2 whitespace-normal break-words [.text-message+&amp;]:mt-5\" dir=\"auto\" data-message-author-role=\"assistant\" data-message-id=\"f226d3fc-81f3-46d5-8c46-31787fff0357\">\n<div class=\"flex w-full flex-col gap-1 empty:hidden first:pt-[3px]\">\n<div class=\"markdown prose w-full break-words dark:prose-invert light\">\n<p><strong>1.C\u00e2te pufuri ofer\u0103 vape-ul de unic\u0103 folosin\u021b\u0103 WASPE 20000?<\/strong><br \/>\nWASPE 20000 ofer\u0103 p\u00e2n\u0103 la 20000 de pufuri, dep\u0103\u0219ind cu mult capacitatea vapesurilor de unic\u0103 folosin\u021b\u0103 obi\u0219nuite.<\/p>\n<p><strong>2.Ce arome sunt disponibile \u00een vape-ul de unic\u0103 folosin\u021b\u0103 WASPE 20000?<\/strong><br \/>\nArome populare includ c\u0103p\u0219uni, zmeur\u0103 \u0219i cire\u0219e, afine \u0219i l\u0103m\u00e2ie, gum\u0103 de mestecat cu pepene ap\u0103rat etc.<\/p>\n<p><strong>3.Este potrivit pentru \u00eencep\u0103tori vape-ul WASPE 20000?<\/strong><br \/>\nDa, VAPME CROWN BAR 18000 este perfect pentru \u00eencep\u0103tori, av\u00e2nd un design simplu, f\u0103r\u0103 butoane \u2013 trebuie doar s\u0103 inhalezi pentru a \u00eencepe s\u0103 vapezi.<\/p>\n<p><strong>4.Cum ar trebui s\u0103-mi depozitez vape-ul de unic\u0103 folosin\u021b\u0103 WASPE 20000?<\/strong><br \/>\nPastrati-o intr-un loc racoros si uscat, ferit de lumina directa a soarelui si departe de copii si animale de companie.<\/p>\n<p><strong>5.Cureaz\u0103 c\u00e2t timp dureaz\u0103 WASPE 20000?<\/strong><br \/>\nCu o capacitate de 20.000 de pufuri, WASPE 20000 poate dura c\u00e2teva s\u0103pt\u0103m\u00e2ni, \u00een func\u021bie de utilizare.<\/p>\n<\/div>\n<\/div>\n<\/div>\n<\/div>\n<\/div>\n<\/div>\n<p>&nbsp;<\/p>\n<h3><b>\u00centreb\u0103ri frecvente<\/b><\/h3>\n<p>&nbsp;<\/p>\n<div class=\"flex-shrink-0 flex flex-col relative items-end\">\n<div>\n<div class=\"pt-0\">\n<div class=\"gizmo-bot-avatar flex h-8 w-8 items-center justify-center overflow-hidden rounded-full\">\n<div class=\"relative p-1 rounded-sm flex items-center justify-center bg-token-main-surface-primary text-token-text-primary h-8 w-8\"><strong>Ce metode de livrare sunt folosite?<\/strong><\/div>\n<\/div>\n<\/div>\n<\/div>\n<\/div>\n<div class=\"group\/conversation-turn relative flex w-full min-w-0 flex-col agent-turn\">\n<div class=\"flex-col gap-1 md:gap-3\">\n<div class=\"flex max-w-full flex-col flex-grow\">\n<div class=\"min-h-[20px] text-message flex w-full flex-col items-end gap-2 whitespace-normal break-words [.text-message+&amp;]:mt-5 overflow-x-auto\" dir=\"auto\" data-message-author-role=\"assistant\" data-message-id=\"22f8283b-3233-46ff-89a5-c7a41b33abda\">\n<div class=\"flex w-full flex-col gap-1 empty:hidden first:pt-[3px]\">\n<div class=\"markdown prose w-full break-words dark:prose-invert light\">\n<p>Colabor\u0103m cu UPS, DHL, FedEx, DPD \u0219i al\u021bi transportatori de top. Vom selecta cea mai bun\u0103 metod\u0103 de expediere \u00een func\u021bie de loca\u021bia dvs. de livrare pentru a ne asigura c\u0103 ve\u021bi primi produsele c\u00e2t mai repede posibil.<\/p>\n<\/div>\n<p><strong>Cat dureaza pana ajunge comanda?<\/strong><\/p>\n<p>Pachetele expediate \u00een Rom\u00e2nia ajung de obicei \u00een 10 zile lucr\u0103toare. Livrarea \u00een \u021b\u0103rile europene dureaz\u0103, \u00een general, aproximativ 12-15 zile lucr\u0103toare. V\u0103 vom oferi actualiz\u0103ri \u00een timp real cu privire la starea expedierii dumneavoastr\u0103.<\/p>\n<\/div>\n<p><strong>Garan\u021bie<\/strong><\/p>\n<p><span style=\"color: #ff0000\"><strong>Toate produsele din magazinul nostru sunt garantate a fi 100% originale \u0219i autentice. Oferim o compensa\u021bie de 10 ori pentru produsele contraf\u0103cute!<\/strong><\/span><\/p>\n<div class=\"flex w-full flex-col gap-1 empty:hidden first:pt-[3px]\">\n<p>&nbsp;<\/p>\n<\/div>\n<\/div>\n<\/div>\n<\/div>\n<\/div>\n<p>&nbsp;<\/p>\n<p>Alte produse vape populare care v-ar putea pl\u0103cea:<\/p>\n<p>&nbsp;<\/p>\n<p><a href=\"https:\/\/rmvapesale.com\/ro\/product\/original-randm-vape-digital-puff-12000-fumot-factory-price\/\"><strong>Randm Digital 12000 Pufuri<\/strong><\/a><\/p>\n<p><strong><a href=\"https:\/\/rmvapesale.com\/ro\/product\/waspe-25000-puffs-disposable-vape-rechargeable-hot-sale\/\">Waspe 25000 Pufuri <\/a><\/strong><\/p>\n<p><a href=\"https:\/\/rmvapesale.com\/ro\/product\/waspe-12000-puffs-disposable-vape-pen\/\"><strong>WASPE 12000 Pufuri\u00a0<\/strong><\/a><\/p>\n<p><a href=\"https:\/\/rmvapesale.com\/ro\/product\/vapme-crystal-7000-puffs-rechargeable-disposable-vape-price\/\"><strong>Vapme Crystal 7000 Puffs<\/strong><\/a><\/p>\n<p>&nbsp;<\/p>\n<p>&nbsp;<\/p>\n<p>G\u0103si\u021bi mai multe produse de vapat care v-ar putea pl\u0103cea:<strong><em><a href=\"https:\/\/rmvapesale.com\/ro\/shop-2\/\">cump\u0103r\u0103 acum &gt;&gt;&gt;<\/a><\/em><\/strong><\/p>","protected":false},"excerpt":{"rendered":"<p>Waspe 20000 20K Puffs Vape de Unic\u0103 Folosin\u021b\u0103 Dual Mesh<br \/>\nWASPE 20000 PUFFS Cutie Dual Mesh 0% 2% 3% 5%<br \/>\nCutia WASPE 20000 Vape de Unic\u0103 Folosin\u021b\u0103 en-gros<\/p>\n<p><strong>Contacta\u021bi Amy Pentru Mai Multe Reduceri \u0218i R\u0103spuns Corect<\/strong><\/p>\n<p><img loading=\"lazy\" decoding=\"async\" class=\"size-full wp-image-1978\" src=\"https:\/\/rmvapesale.com\/wp-content\/uploads\/2024\/09\/Disposable-Vape-Wholesale.jpg\" alt=\"\u021aig\u0103ri electronice de unic\u0103 folosin\u021b\u0103 en-gros\" width=\"229\" height=\"300\" \/><\/p>\n<h3><span style=\"color: #ff0000\"><strong>WhatsApp: +86 17776015835<\/strong><\/span><\/h3>","protected":false},"featured_media":2201,"comment_status":"open","ping_status":"closed","template":"","meta":{"_uag_custom_page_level_css":"","_lmt_disableupdate":"no","_lmt_disable":"","site-sidebar-layout":"default","site-content-layout":"content-boxed-container","ast-site-content-layout":"normal-width-container","site-content-style":"boxed","site-sidebar-style":"unboxed","ast-global-header-display":"","ast-banner-title-visibility":"","ast-main-header-display":"","ast-hfb-above-header-display":"","ast-hfb-below-header-display":"","ast-hfb-mobile-header-display":"","site-post-title":"","ast-breadcrumbs-content":"","ast-featured-img":"","footer-sml-layout":"","theme-transparent-header-meta":"default","adv-header-id-meta":"","stick-header-meta":"","header-above-stick-meta":"","header-main-stick-meta":"","header-below-stick-meta":"","astra-migrate-meta-layouts":"set","ast-page-background-enabled":"default","ast-page-background-meta":{"desktop":{"background-color":"var(--ast-global-color-4)","background-image":"","background-repeat":"repeat","background-position":"center center","background-size":"auto","background-attachment":"scroll","background-type":"","background-media":"","overlay-type":"","overlay-color":"","overlay-opacity":"","overlay-gradient":""},"tablet":{"background-color":"","background-image":"","background-repeat":"repeat","background-position":"center center","background-size":"auto","background-attachment":"scroll","background-type":"","background-media":"","overlay-type":"","overlay-color":"","overlay-opacity":"","overlay-gradient":""},"mobile":{"background-color":"","background-image":"","background-repeat":"repeat","background-position":"center center","background-size":"auto","background-attachment":"scroll","background-type":"","background-media":"","overlay-type":"","overlay-color":"","overlay-opacity":"","overlay-gradient":""}},"ast-content-background-meta":{"desktop":{"background-color":"var(--ast-global-color-5)","background-image":"","background-repeat":"repeat","background-position":"center center","background-size":"auto","background-attachment":"scroll","background-type":"","background-media":"","overlay-type":"","overlay-color":"","overlay-opacity":"","overlay-gradient":""},"tablet":{"background-color":"var(--ast-global-color-5)","background-image":"","background-repeat":"repeat","background-position":"center center","background-size":"auto","background-attachment":"scroll","background-type":"","background-media":"","overlay-type":"","overlay-color":"","overlay-opacity":"","overlay-gradient":""},"mobile":{"background-color":"var(--ast-global-color-5)","background-image":"","background-repeat":"repeat","background-position":"center center","background-size":"auto","background-attachment":"scroll","background-type":"","background-media":"","overlay-type":"","overlay-color":"","overlay-opacity":"","overlay-gradient":""}},"_joinchat":[]},"product_brand":[],"product_cat":[15,289,290,291,292,293,295,299,274,255,25,123,26,28,135,27,137,136,30],"product_tag":[99,101,105,54],"class_list":{"0":"post-2203","1":"product","2":"type-product","3":"status-publish","4":"has-post-thumbnail","6":"product_cat-new-vape-this-week","7":"product_cat-big-puffs-disposable-vapes","8":"product_cat-crystal-disposable-vapes","9":"product_cat-dual-mesh-disposable-vapes","10":"product_cat-digital-disposable-vapes","11":"product_cat-low-nicotine-disposable-vapes","12":"product_cat-rechargeable-disposable-vapes","13":"product_cat-smart-screen-disposable-vapes","14":"product_cat-waspe-fihp-vape","15":"product_cat-20000-puff-disposable-vape","16":"product_cat-germany-best-selling-vape","17":"product_cat-italy-wholesale-vape","18":"product_cat-netherlands-hot-sale-vape","19":"product_cat-poland-hot-sale-vape","20":"product_cat-spain-best-hot-sale-vape","21":"product_cat-fance-hot-sale-vape","22":"product_cat-rechargeable-vapes","23":"product_cat-smart-screen-vapes","24":"product_cat-minimum-order-quantity-50pcs","25":"product_tag-disposable-vape-wholesale","26":"product_tag-led-display-vape","27":"product_tag-nicotine-free-disposable-vape","28":"product_tag-rechargeable-disposable-vape","29":"desktop-align-left","30":"tablet-align-left","31":"mobile-align-left","33":"first","34":"instock","35":"sale","36":"shipping-taxable","37":"purchasable","38":"product-type-simple"},"uagb_featured_image_src":{"full":["https:\/\/rmvapesale.com\/wp-content\/uploads\/2024\/09\/WASPE-20000-PUFFS-Vape-Wholesale.png",788,788,false],"thumbnail":["https:\/\/rmvapesale.com\/wp-content\/uploads\/2024\/09\/WASPE-20000-PUFFS-Vape-Wholesale-150x150.png",150,150,true],"medium":["https:\/\/rmvapesale.com\/wp-content\/uploads\/2024\/09\/WASPE-20000-PUFFS-Vape-Wholesale-300x300.png",300,300,true],"medium_large":["https:\/\/rmvapesale.com\/wp-content\/uploads\/2024\/09\/WASPE-20000-PUFFS-Vape-Wholesale-768x768.png",768,768,true],"large":["https:\/\/rmvapesale.com\/wp-content\/uploads\/2024\/09\/WASPE-20000-PUFFS-Vape-Wholesale.png",788,788,false],"1536x1536":["https:\/\/rmvapesale.com\/wp-content\/uploads\/2024\/09\/WASPE-20000-PUFFS-Vape-Wholesale.png",788,788,false],"2048x2048":["https:\/\/rmvapesale.com\/wp-content\/uploads\/2024\/09\/WASPE-20000-PUFFS-Vape-Wholesale.png",788,788,false],"trp-custom-language-flag":["https:\/\/rmvapesale.com\/wp-content\/uploads\/2024\/09\/WASPE-20000-PUFFS-Vape-Wholesale.png",12,12,false],"woocommerce_thumbnail":["https:\/\/rmvapesale.com\/wp-content\/uploads\/2024\/09\/WASPE-20000-PUFFS-Vape-Wholesale-300x300.png",300,300,true],"woocommerce_single":["https:\/\/rmvapesale.com\/wp-content\/uploads\/2024\/09\/WASPE-20000-PUFFS-Vape-Wholesale-600x600.png",600,600,true],"woocommerce_gallery_thumbnail":["https:\/\/rmvapesale.com\/wp-content\/uploads\/2024\/09\/WASPE-20000-PUFFS-Vape-Wholesale-100x100.png",100,100,true],"wcpr-photo-reviews":["https:\/\/rmvapesale.com\/wp-content\/uploads\/2024\/09\/WASPE-20000-PUFFS-Vape-Wholesale.png",500,500,false]},"uagb_author_info":{"display_name":"AMY","author_link":"https:\/\/rmvapesale.com\/ro\/author\/"},"uagb_comment_info":0,"uagb_excerpt":"Waspe 20000 20K Puffs Dual Mesh Disposable Vape WASPE 20000 PUFFS Dual Mesh Box 0% 2% 3% 5% WASPE Box 20000 Disposable Vape Wholesale Contact Amy For More Discount And Right Reply WhatsApp: +86 17776015835","_links":{"self":[{"href":"https:\/\/rmvapesale.com\/ro\/wp-json\/wp\/v2\/product\/2203","targetHints":{"allow":["GET"]}}],"collection":[{"href":"https:\/\/rmvapesale.com\/ro\/wp-json\/wp\/v2\/product"}],"about":[{"href":"https:\/\/rmvapesale.com\/ro\/wp-json\/wp\/v2\/types\/product"}],"replies":[{"embeddable":true,"href":"https:\/\/rmvapesale.com\/ro\/wp-json\/wp\/v2\/comments?post=2203"}],"wp:featuredmedia":[{"embeddable":true,"href":"https:\/\/rmvapesale.com\/ro\/wp-json\/wp\/v2\/media\/2201"}],"wp:attachment":[{"href":"https:\/\/rmvapesale.com\/ro\/wp-json\/wp\/v2\/media?parent=2203"}],"wp:term":[{"taxonomy":"product_brand","embeddable":true,"href":"https:\/\/rmvapesale.com\/ro\/wp-json\/wp\/v2\/product_brand?post=2203"},{"taxonomy":"product_cat","embeddable":true,"href":"https:\/\/rmvapesale.com\/ro\/wp-json\/wp\/v2\/product_cat?post=2203"},{"taxonomy":"product_tag","embeddable":true,"href":"https:\/\/rmvapesale.com\/ro\/wp-json\/wp\/v2\/product_tag?post=2203"}],"curies":[{"name":"wp","href":"https:\/\/api.w.org\/{rel}","templated":true}]}}