{"id":2218,"date":"2024-09-29T03:58:24","date_gmt":"2024-09-29T03:58:24","guid":{"rendered":"https:\/\/rmvapesale.com\/?post_type=product&#038;p=2218"},"modified":"2025-01-21T09:50:07","modified_gmt":"2025-01-21T09:50:07","slug":"vopk-tornado-15000-puffs-disposable-vape-led-display","status":"publish","type":"product","link":"https:\/\/rmvapesale.com\/ro\/product\/vopk-tornado-15000-puffs-disposable-vape-led-display\/","title":{"rendered":"Afi\u0219aj LED pentru vape de unic\u0103 folosin\u021b\u0103 VOPK Tornado 15000 Puffs"},"content":{"rendered":"<div class=\"B2VR9 CJHX3e\">\n<div class=\"wyccme\">\n<h1 class=\"LC20lb MBeuO DKV0Md\">VOPK Tornado 15000 Puffs Vape de unic\u0103 folosin\u021b\u0103 cu afi\u0219aj LED, en-gros<\/h1>\n<p>VOPK Tornado 15000 Puffs Vape Pen de unic\u0103 folosin\u021b\u0103 este creat pentru o experien\u021b\u0103 de vaping de lung\u0103 durat\u0103 \u0219i satisf\u0103c\u0103toare. Dispun\u00e2nd de un finisaj durabil PC + autocolant mat, este echipat cu o bobin\u0103 mesh de 1,0 ohm pentru o produc\u021bie lin\u0103 de vapori, o capacitate generoas\u0103 a atomizorului de 25 ml \u0219i o baterie de 850 mAh. Cu un port de \u00eenc\u0103rcare de tip C, flux de aer reglabil \u0219i afi\u0219aje duale pentru monitorizarea nivelului de ulei \u0219i a bateriei, acest dispozitiv vape de unic\u0103 folosin\u021b\u0103 ofer\u0103 at\u00e2t confort, c\u00e2t \u0219i performan\u021b\u0103. Disponibil \u00een 10 arome irezistibile, VOPK Tornado ofer\u0103 p\u00e2n\u0103 la 15.000 de pufuri de pl\u0103cere pur\u0103.<\/p>\n<\/div>\n<p>La rmvapesale, credem c\u0103 fiecare vaper merit\u0103 o c\u0103l\u0103torie personalizat\u0103. Fie c\u0103 prefera\u021bi un vape f\u0103r\u0103 nicotin\u0103 sau un vape cu con\u021binut sc\u0103zut de nicotin\u0103, gama noastr\u0103 VOPK ofer\u0103 o selec\u021bie de lux conceput\u0103 pentru a v\u0103 satisface preferin\u021bele unice.<\/p>\n<\/div>\n<p><strong>Contacta\u021bi-o pe Amy pentru a ob\u021bine un r\u0103spuns corect \u0219i mai multe videoclipuri cu produse!<\/strong><\/p>\n<p><img loading=\"lazy\" decoding=\"async\" class=\"size-full wp-image-1978\" src=\"https:\/\/rmvapesale.com\/wp-content\/uploads\/2024\/09\/Disposable-Vape-Wholesale.jpg\" alt=\"\u021aig\u0103ri electronice de unic\u0103 folosin\u021b\u0103 en-gros\" width=\"229\" height=\"300\" \/><\/p>\n<h3><span style=\"color: #ff0000\"><strong>WhatsApp: +86 17776015835<\/strong><\/span><\/h3>\n<p>&nbsp;<\/p>\n<h2><\/h2>\n<h2><strong>VOPK Tornado 15000 Puffs Caracteristici cheie<\/strong><\/h2>\n<p>Num\u0103r de pufuri: P\u00e2n\u0103 la 15000 de pufuri<br \/>\nCapacitatea bateriei: 8500mAh<br \/>\nRezisten\u021b\u0103: 1,0 ohm<br \/>\nCapacitate e-lichid: 25ml<br \/>\nConcentra\u021bie de nicotin\u0103: 0% 2% 3% 5%<br \/>\nAspect: Design elegant \u0219i modern, cu prindere ergonomic\u0103<\/p>\n<h2><\/h2>\n<h2><strong>Arom\u0103 de top pentru VOPK Tornado 15000 Puffs Vape de unic\u0103 folosin\u021b\u0103<\/strong><\/h2>\n<p>VOPK Tornado 15000 Puffs Vape de unic\u0103 folosin\u021b\u0103 ofer\u0103 10 arome delicioase, alege\u021bi dintr-o varietate de arome, inclusiv tutun clasic, ment\u0103 r\u0103coritoare \u0219i dulcea\u021ba exotic\u0103 a mango-ului, fiecare promi\u021b\u00e2nd o c\u0103l\u0103torie bogat\u0103 \u0219i satisf\u0103c\u0103toare cu fiecare puf.<\/p>\n<p>1. Zmeur\u0103 cu c\u0103p\u0219uni<span style=\"color: #ff0000\"><strong>&gt;&gt;&gt;&gt;Fierbinte!<\/strong><\/span><br \/>\n2.C\u0103p\u0219uni Pepene Verde<br \/>\n3.Ghea\u021b\u0103 de pepene verde<br \/>\n4. Zmeur\u0103 cu afine<span style=\"color: #ff0000\"><strong>&gt;&gt;&gt;&gt;Cel mai bun!<\/strong><\/span><br \/>\n5. Limonad\u0103 Blue Razz<br \/>\n6. Guava cu fructul pasiunii \u0219i kiwi<br \/>\n7. Fructe de p\u0103dure mixte<span style=\"color: #ff0000\"><strong>&gt;&gt;&gt;&gt;Fierbinte!<\/strong><\/span><br \/>\n8. Limonad\u0103 roz<br \/>\n9. Mango cu piersici<br \/>\n10. M\u0103r acru<\/p>\n<figure id=\"attachment_2212\" aria-describedby=\"caption-attachment-2212\" style=\"width: 300px\" class=\"wp-caption alignnone\"><img loading=\"lazy\" decoding=\"async\" class=\"size-medium wp-image-2212\" src=\"https:\/\/rmvapesale.com\/wp-content\/uploads\/2024\/09\/Tornado-15000-Puffs-300x300.jpg\" alt=\"Tornado 15000 Pufuri\" width=\"300\" height=\"300\" srcset=\"https:\/\/rmvapesale.com\/wp-content\/uploads\/2024\/09\/Tornado-15000-Puffs-300x300.jpg 300w, https:\/\/rmvapesale.com\/wp-content\/uploads\/2024\/09\/Tornado-15000-Puffs-150x150.jpg 150w, https:\/\/rmvapesale.com\/wp-content\/uploads\/2024\/09\/Tornado-15000-Puffs-768x768.jpg 768w, https:\/\/rmvapesale.com\/wp-content\/uploads\/2024\/09\/Tornado-15000-Puffs-600x600.jpg 600w, https:\/\/rmvapesale.com\/wp-content\/uploads\/2024\/09\/Tornado-15000-Puffs-100x100.jpg 100w, https:\/\/rmvapesale.com\/wp-content\/uploads\/2024\/09\/Tornado-15000-Puffs.jpg 808w\" sizes=\"auto, (max-width: 300px) 100vw, 300px\" \/><figcaption id=\"caption-attachment-2212\" class=\"wp-caption-text\">Tornado 15000 Pufuri<\/figcaption><\/figure>\n<p>&nbsp;<\/p>\n<h2><strong>\u00centreb\u0103ri pe care poate dori\u021bi s\u0103 le \u0219ti\u021bi despre VOPK Tornado 15000<\/strong><\/h2>\n<p>&nbsp;<\/p>\n<div class=\"flex-shrink-0 flex flex-col relative items-end\">\n<div>\n<div class=\"pt-0\">\n<div class=\"gizmo-bot-avatar flex h-8 w-8 items-center justify-center overflow-hidden rounded-full\">\n<div class=\"relative p-1 rounded-sm flex items-center justify-center bg-token-main-surface-primary text-token-text-primary h-8 w-8\"><\/div>\n<\/div>\n<\/div>\n<\/div>\n<\/div>\n<div class=\"group\/conversation-turn relative flex w-full min-w-0 flex-col agent-turn\">\n<div class=\"flex-col gap-1 md:gap-3\">\n<div class=\"flex max-w-full flex-col flex-grow\">\n<div class=\"min-h-8 text-message flex w-full flex-col items-end gap-2 whitespace-normal break-words [.text-message+&amp;]:mt-5\" dir=\"auto\" data-message-author-role=\"assistant\" data-message-id=\"f226d3fc-81f3-46d5-8c46-31787fff0357\">\n<div class=\"flex w-full flex-col gap-1 empty:hidden first:pt-[3px]\">\n<div class=\"markdown prose w-full break-words dark:prose-invert light\">\n<p><strong>1. C\u00e2te pufuri ofer\u0103 vape-ul digital de unic\u0103 folosin\u021b\u0103 VOPK Tornado 15000 Pufuri?<\/strong><br \/>\nVOPK Tornado 15000 ofer\u0103 p\u00e2n\u0103 la 15000 de pufuri, dep\u0103\u0219ind cu mult capacitatea vape-urilor tipice de unic\u0103 folosin\u021b\u0103.<\/p>\n<p><strong>2. Ce arome sunt disponibile \u00een stiloul vape de unic\u0103 folosin\u021b\u0103 VOPK Tornado 15000?<\/strong><br \/>\nAromele populare includ Ghea\u021b\u0103 de pepene verde, Ghea\u021b\u0103 de afine, C\u0103p\u0219uni Zmeur\u0103 Cire\u0219e, Fructe de p\u0103dure amestecate etc.<\/p>\n<p><strong>3. Este VOPK Tornado 15000 potrivit pentru \u00eencep\u0103tori?<\/strong><br \/>\nDa, VOPK Tornado 15000 este perfect pentru \u00eencep\u0103tori, cu designul s\u0103u simplu, f\u0103r\u0103 butoane - doar inspira\u021bi pentru a \u00eencepe vapatul.<\/p>\n<p><strong>4. Cum ar trebui s\u0103-mi depozitez vape-ul de unic\u0103 folosin\u021b\u0103 VOPK Tornado 15000?<\/strong><br \/>\nPastrati-o intr-un loc racoros si uscat, ferit de lumina directa a soarelui si departe de copii si animale de companie.<\/p>\n<p><strong>5. C\u00e2t dureaz\u0103 VOPK Tornado 15000?<\/strong><br \/>\nCu o capacitate de 15.000 de pufuri, VOPK Tornado 15000 poate dura c\u00e2teva s\u0103pt\u0103m\u00e2ni, \u00een func\u021bie de utilizare.<\/p>\n<\/div>\n<\/div>\n<\/div>\n<\/div>\n<\/div>\n<\/div>\n<p>&nbsp;<\/p>\n<h3><b>\u00centreb\u0103ri frecvente<\/b><\/h3>\n<p>&nbsp;<\/p>\n<div class=\"flex-shrink-0 flex flex-col relative items-end\">\n<div>\n<div class=\"pt-0\">\n<div class=\"gizmo-bot-avatar flex h-8 w-8 items-center justify-center overflow-hidden rounded-full\">\n<div class=\"relative p-1 rounded-sm flex items-center justify-center bg-token-main-surface-primary text-token-text-primary h-8 w-8\"><strong>Ce metode de livrare sunt folosite?<\/strong><\/div>\n<\/div>\n<\/div>\n<\/div>\n<\/div>\n<div class=\"group\/conversation-turn relative flex w-full min-w-0 flex-col agent-turn\">\n<div class=\"flex-col gap-1 md:gap-3\">\n<div class=\"flex max-w-full flex-col flex-grow\">\n<div class=\"min-h-[20px] text-message flex w-full flex-col items-end gap-2 whitespace-normal break-words [.text-message+&amp;]:mt-5 overflow-x-auto\" dir=\"auto\" data-message-author-role=\"assistant\" data-message-id=\"22f8283b-3233-46ff-89a5-c7a41b33abda\">\n<div class=\"flex w-full flex-col gap-1 empty:hidden first:pt-[3px]\">\n<div class=\"markdown prose w-full break-words dark:prose-invert light\">\n<p>Colabor\u0103m cu UPS, DHL, FedEx, DPD \u0219i al\u021bi transportatori de top. Vom selecta cea mai bun\u0103 metod\u0103 de expediere \u00een func\u021bie de loca\u021bia dvs. de livrare pentru a ne asigura c\u0103 ve\u021bi primi produsele c\u00e2t mai repede posibil.<\/p>\n<\/div>\n<p><strong>Cat dureaza pana ajunge comanda?<\/strong><\/p>\n<p>Pachetele expediate \u00een Rom\u00e2nia ajung de obicei \u00een 10 zile lucr\u0103toare. Livrarea \u00een \u021b\u0103rile europene dureaz\u0103, \u00een general, aproximativ 12-15 zile lucr\u0103toare. V\u0103 vom oferi actualiz\u0103ri \u00een timp real cu privire la starea expedierii dumneavoastr\u0103.<\/p>\n<\/div>\n<p><strong>Garan\u021bie<\/strong><\/p>\n<p><span style=\"color: #ff0000\"><strong>Toate produsele din magazinul nostru sunt garantate a fi 100% originale \u0219i autentice. Oferim o compensa\u021bie de 10 ori pentru produsele contraf\u0103cute!<\/strong><\/span><\/p>\n<div class=\"flex w-full flex-col gap-1 empty:hidden first:pt-[3px]\">\n<p>&nbsp;<\/p>\n<\/div>\n<\/div>\n<\/div>\n<\/div>\n<\/div>\n<p>&nbsp;<\/p>\n<p>Alte produse vape populare care v-ar putea pl\u0103cea:<\/p>\n<p>&nbsp;<\/p>\n<p><a href=\"https:\/\/rmvapesale.com\/ro\/product\/original-randm-vape-digital-puff-12000-fumot-factory-price\/\"><strong>Randm Digital 12000 Pufuri<\/strong><\/a><\/p>\n<p><strong><a href=\"https:\/\/rmvapesale.com\/ro\/product\/randm-tornado-15000-puffs-15k-vape-recharge-fumot-original-vape-factory-price\/\">RANDM TORNADO 15000 Pufuri <\/a><\/strong><\/p>\n<p><a href=\"https:\/\/rmvapesale.com\/ro\/product\/waspe-12000-puffs-disposable-vape-pen\/\"><strong>WASPE 12000 Pufuri\u00a0<\/strong><\/a><\/p>\n<p><a href=\"https:\/\/rmvapesale.com\/ro\/product\/vapme-crystal-7000-puffs-rechargeable-disposable-vape-price\/\"><strong>Vapme Crystal 7000 Puffs<\/strong><\/a><\/p>\n<p>&nbsp;<\/p>\n<p>&nbsp;<\/p>\n<p>G\u0103si\u021bi mai multe produse de vapat care v-ar putea pl\u0103cea:<strong><em><a href=\"https:\/\/rmvapesale.com\/ro\/shop-2\/\">cump\u0103r\u0103 acum &gt;&gt;&gt;<\/a><\/em><\/strong><\/p>","protected":false},"excerpt":{"rendered":"<p>VOPK Tornado 15000 15K Pufuri Vape Originale cu Ecran LED Ultima Genera\u021bie<br \/>\nVOPK Tornado 15000 Pufuri Vape de Unic\u0103 Folosin\u021b\u0103 en-gros<br \/>\nVOPK TORNADO 15000 Pufuri 0% 2% 3% 5% Nicotin\u0103 Achizi\u021bie en-gros<\/p>\n<p><strong>Contacta\u021bi Amy Pentru Mai Multe Reduceri \u0218i R\u0103spuns Corect<\/strong><\/p>\n<p><img loading=\"lazy\" decoding=\"async\" class=\"size-full wp-image-1978\" src=\"https:\/\/rmvapesale.com\/wp-content\/uploads\/2024\/09\/Disposable-Vape-Wholesale.jpg\" alt=\"\u021aig\u0103ri electronice de unic\u0103 folosin\u021b\u0103 en-gros\" width=\"229\" height=\"300\" \/><\/p>\n<h3><span style=\"color: #ff0000\"><strong>WhatsApp: +86 17776015835<\/strong><\/span><\/h3>","protected":false},"featured_media":2215,"comment_status":"open","ping_status":"closed","template":"","meta":{"_uag_custom_page_level_css":"","_lmt_disableupdate":"no","_lmt_disable":"","site-sidebar-layout":"default","site-content-layout":"content-boxed-container","ast-site-content-layout":"normal-width-container","site-content-style":"boxed","site-sidebar-style":"unboxed","ast-global-header-display":"","ast-banner-title-visibility":"","ast-main-header-display":"","ast-hfb-above-header-display":"","ast-hfb-below-header-display":"","ast-hfb-mobile-header-display":"","site-post-title":"","ast-breadcrumbs-content":"","ast-featured-img":"","footer-sml-layout":"","theme-transparent-header-meta":"default","adv-header-id-meta":"","stick-header-meta":"","header-above-stick-meta":"","header-main-stick-meta":"","header-below-stick-meta":"","astra-migrate-meta-layouts":"set","ast-page-background-enabled":"default","ast-page-background-meta":{"desktop":{"background-color":"var(--ast-global-color-4)","background-image":"","background-repeat":"repeat","background-position":"center center","background-size":"auto","background-attachment":"scroll","background-type":"","background-media":"","overlay-type":"","overlay-color":"","overlay-opacity":"","overlay-gradient":""},"tablet":{"background-color":"","background-image":"","background-repeat":"repeat","background-position":"center center","background-size":"auto","background-attachment":"scroll","background-type":"","background-media":"","overlay-type":"","overlay-color":"","overlay-opacity":"","overlay-gradient":""},"mobile":{"background-color":"","background-image":"","background-repeat":"repeat","background-position":"center center","background-size":"auto","background-attachment":"scroll","background-type":"","background-media":"","overlay-type":"","overlay-color":"","overlay-opacity":"","overlay-gradient":""}},"ast-content-background-meta":{"desktop":{"background-color":"var(--ast-global-color-5)","background-image":"","background-repeat":"repeat","background-position":"center center","background-size":"auto","background-attachment":"scroll","background-type":"","background-media":"","overlay-type":"","overlay-color":"","overlay-opacity":"","overlay-gradient":""},"tablet":{"background-color":"var(--ast-global-color-5)","background-image":"","background-repeat":"repeat","background-position":"center center","background-size":"auto","background-attachment":"scroll","background-type":"","background-media":"","overlay-type":"","overlay-color":"","overlay-opacity":"","overlay-gradient":""},"mobile":{"background-color":"var(--ast-global-color-5)","background-image":"","background-repeat":"repeat","background-position":"center center","background-size":"auto","background-attachment":"scroll","background-type":"","background-media":"","overlay-type":"","overlay-color":"","overlay-opacity":"","overlay-gradient":""}},"_joinchat":[]},"product_brand":[],"product_cat":[15,289,292,293,295,296,299,297,274,25,123,26,28,135,27,61,137,136,30],"product_tag":[99,101,105,54,110,42],"class_list":{"0":"post-2218","1":"product","2":"type-product","3":"status-publish","4":"has-post-thumbnail","6":"product_cat-new-vape-this-week","7":"product_cat-big-puffs-disposable-vapes","8":"product_cat-digital-disposable-vapes","9":"product_cat-low-nicotine-disposable-vapes","10":"product_cat-rechargeable-disposable-vapes","11":"product_cat-shisha-hookah-disposable-vapes","12":"product_cat-smart-screen-disposable-vapes","13":"product_cat-tornado-disposable-vapes","14":"product_cat-waspe-fihp-vape","15":"product_cat-germany-best-selling-vape","16":"product_cat-italy-wholesale-vape","17":"product_cat-netherlands-hot-sale-vape","18":"product_cat-poland-hot-sale-vape","19":"product_cat-spain-best-hot-sale-vape","20":"product_cat-fance-hot-sale-vape","21":"product_cat-15000-puffs-disposable-vapes","22":"product_cat-rechargeable-vapes","23":"product_cat-smart-screen-vapes","24":"product_cat-minimum-order-quantity-50pcs","25":"product_tag-disposable-vape-wholesale","26":"product_tag-led-display-vape","27":"product_tag-nicotine-free-disposable-vape","28":"product_tag-rechargeable-disposable-vape","29":"product_tag-tonado-15000-puffs","30":"product_tag-vopk-vape","31":"desktop-align-left","32":"tablet-align-left","33":"mobile-align-left","35":"first","36":"instock","37":"sale","38":"shipping-taxable","39":"purchasable","40":"product-type-simple"},"uagb_featured_image_src":{"full":["https:\/\/rmvapesale.com\/wp-content\/uploads\/2024\/09\/VOPK-Tornado-15000-Puffs-Vape.jpg",800,800,false],"thumbnail":["https:\/\/rmvapesale.com\/wp-content\/uploads\/2024\/09\/VOPK-Tornado-15000-Puffs-Vape-150x150.jpg",150,150,true],"medium":["https:\/\/rmvapesale.com\/wp-content\/uploads\/2024\/09\/VOPK-Tornado-15000-Puffs-Vape-300x300.jpg",300,300,true],"medium_large":["https:\/\/rmvapesale.com\/wp-content\/uploads\/2024\/09\/VOPK-Tornado-15000-Puffs-Vape-768x768.jpg",768,768,true],"large":["https:\/\/rmvapesale.com\/wp-content\/uploads\/2024\/09\/VOPK-Tornado-15000-Puffs-Vape.jpg",800,800,false],"1536x1536":["https:\/\/rmvapesale.com\/wp-content\/uploads\/2024\/09\/VOPK-Tornado-15000-Puffs-Vape.jpg",800,800,false],"2048x2048":["https:\/\/rmvapesale.com\/wp-content\/uploads\/2024\/09\/VOPK-Tornado-15000-Puffs-Vape.jpg",800,800,false],"trp-custom-language-flag":["https:\/\/rmvapesale.com\/wp-content\/uploads\/2024\/09\/VOPK-Tornado-15000-Puffs-Vape.jpg",12,12,false],"woocommerce_thumbnail":["https:\/\/rmvapesale.com\/wp-content\/uploads\/2024\/09\/VOPK-Tornado-15000-Puffs-Vape-300x300.jpg",300,300,true],"woocommerce_single":["https:\/\/rmvapesale.com\/wp-content\/uploads\/2024\/09\/VOPK-Tornado-15000-Puffs-Vape-600x600.jpg",600,600,true],"woocommerce_gallery_thumbnail":["https:\/\/rmvapesale.com\/wp-content\/uploads\/2024\/09\/VOPK-Tornado-15000-Puffs-Vape-100x100.jpg",100,100,true],"wcpr-photo-reviews":["https:\/\/rmvapesale.com\/wp-content\/uploads\/2024\/09\/VOPK-Tornado-15000-Puffs-Vape.jpg",500,500,false]},"uagb_author_info":{"display_name":"AMY","author_link":"https:\/\/rmvapesale.com\/ro\/author\/"},"uagb_comment_info":0,"uagb_excerpt":"VOPK Tornado 15000 15K Puffs Latest Original LED Display Vape VOPK Tornado 15000 Puffs Disposable Vape Wholesale VOPK TORNADO 15000 Puffs 0% 2% 3% 5% Nicotine Bulk Buy Contact Amy For More Discount And Right Reply WhatsApp: +86 17776015835","_links":{"self":[{"href":"https:\/\/rmvapesale.com\/ro\/wp-json\/wp\/v2\/product\/2218","targetHints":{"allow":["GET"]}}],"collection":[{"href":"https:\/\/rmvapesale.com\/ro\/wp-json\/wp\/v2\/product"}],"about":[{"href":"https:\/\/rmvapesale.com\/ro\/wp-json\/wp\/v2\/types\/product"}],"replies":[{"embeddable":true,"href":"https:\/\/rmvapesale.com\/ro\/wp-json\/wp\/v2\/comments?post=2218"}],"wp:featuredmedia":[{"embeddable":true,"href":"https:\/\/rmvapesale.com\/ro\/wp-json\/wp\/v2\/media\/2215"}],"wp:attachment":[{"href":"https:\/\/rmvapesale.com\/ro\/wp-json\/wp\/v2\/media?parent=2218"}],"wp:term":[{"taxonomy":"product_brand","embeddable":true,"href":"https:\/\/rmvapesale.com\/ro\/wp-json\/wp\/v2\/product_brand?post=2218"},{"taxonomy":"product_cat","embeddable":true,"href":"https:\/\/rmvapesale.com\/ro\/wp-json\/wp\/v2\/product_cat?post=2218"},{"taxonomy":"product_tag","embeddable":true,"href":"https:\/\/rmvapesale.com\/ro\/wp-json\/wp\/v2\/product_tag?post=2218"}],"curies":[{"name":"wp","href":"https:\/\/api.w.org\/{rel}","templated":true}]}}