{"id":2225,"date":"2024-09-29T06:12:42","date_gmt":"2024-09-29T06:12:42","guid":{"rendered":"https:\/\/rmvapesale.com\/?post_type=product&#038;p=2225"},"modified":"2025-01-21T09:51:23","modified_gmt":"2025-01-21T09:51:23","slug":"uzy-crystal-pro-max-10k-puffs-disposable-vape-pen-wholesale","status":"publish","type":"product","link":"https:\/\/rmvapesale.com\/ro\/product\/uzy-crystal-pro-max-10k-puffs-disposable-vape-pen-wholesale\/","title":{"rendered":"UZY Crystal Pro Max 10k Puffs Vap\u0103 de unic\u0103 folosin\u021b\u0103 Pen en-gros"},"content":{"rendered":"<div class=\"B2VR9 CJHX3e\">\n<div class=\"wyccme\">\n<h1 class=\"LC20lb MBeuO DKV0Md\">UZY Crystal Pro Max 10k Puffs Vap\u0103 de unic\u0103 folosin\u021b\u0103 Pen en-gros<\/h1>\n<p>V\u0103 prezent\u0103m UZY Crystal Pro Max 10k Puffs, un pod re\u00eenc\u0103rcabil de unic\u0103 folosin\u021b\u0103 care ofer\u0103 un num\u0103r impresionant de 10.000 de pufuri. Disponibil \u00een concentra\u021bii de nicotin\u0103 de 0%, 2%, 3% \u0219i 5%, acesta satisface o gam\u0103 larg\u0103 de preferin\u021be. Designul re\u00eenc\u0103rcabil al UZY Crystal Pro Max ofer\u0103 o experien\u021b\u0103 de vaping extins\u0103 \u00eenainte de eliminare, oferind at\u00e2t confort, c\u00e2t \u0219i fiabilitate. Indiferent dac\u0103 sunte\u021bi \u00een c\u0103utarea unei op\u021biuni f\u0103r\u0103 nicotin\u0103 sau a unui hit mai puternic, acest dispozitiv versatil garanteaz\u0103 satisfac\u021bie cu fiecare puf.<\/p>\n<p>Exploreaz\u0103 o lume a luxului, a confortului \u0219i a aromelor delicioase cu UZY Crystal Pro Max 10000 Vape-uri de unic\u0103 folosin\u021b\u0103. Pentru \u00eentreb\u0103ri cu ridicata, contacta\u021bi echipa noastr\u0103 pentru a debloca tarife exclusive \u0219i a redefini experien\u021ba dvs. de vaping cu rafinament \u0219i accesibilitate.<\/p>\n<\/div>\n<\/div>\n<p><strong>Contacta\u021bi-o pe Amy pentru a ob\u021bine un r\u0103spuns corect \u0219i mai multe videoclipuri cu produse!<\/strong><\/p>\n<p><img loading=\"lazy\" decoding=\"async\" class=\"size-full wp-image-1978\" src=\"https:\/\/rmvapesale.com\/wp-content\/uploads\/2024\/09\/Disposable-Vape-Wholesale.jpg\" alt=\"\u021aig\u0103ri electronice de unic\u0103 folosin\u021b\u0103 en-gros\" width=\"229\" height=\"300\" \/><\/p>\n<h3><span style=\"color: #ff0000\"><strong>WhatsApp: +86 17776015835<\/strong><\/span><\/h3>\n<p>&nbsp;<\/p>\n<h2><\/h2>\n<h2><strong>UZY Crystal 10k Puffs Caracteristici cheie<\/strong><\/h2>\n<p>&nbsp;<\/p>\n<p>Pufuri: 15000 Pufuri<br \/>\nLichid: 15.0ML<br \/>\nBaterie: 600mAh<br \/>\nUSB: TYPE-C<br \/>\nNic sare: 0% 2% 3% 5%(op\u021bional)<\/p>\n<h2><\/h2>\n<h2><strong>Arom\u0103 de top pentru UZY Crystal Pro Max 10k Puffs<\/strong><\/h2>\n<p>UZY Crystal Pro Max 10k Puffs Vape de unic\u0103 folosin\u021b\u0103 ofer\u0103 12 arome delicioase, alege\u021bi dintr-o varietate de arome, inclusiv tutun clasic, ment\u0103 rece r\u0103coritoare \u0219i dulcea\u021ba exotic\u0103 a mango, fiecare promi\u021b\u00e2nd o c\u0103l\u0103torie bogat\u0103 \u0219i satisf\u0103c\u0103toare cu fiecare puf.<\/p>\n<p>1.Piersic\u0103 Mango Ananas<span style=\"color: #ff0000\"><strong>&gt;&gt;&gt;&gt;Fierbinte!<\/strong><\/span><br \/>\n2.C\u0103p\u0219uni Pepene Verde<br \/>\n3.Ghea\u021b\u0103 Energie Ro\u0219ie<span style=\"color: #ff0000\"><strong>&gt;&gt;&gt;&gt;Fierbinte!<\/strong><\/span><br \/>\n4.C\u0103p\u0219uni Mango<br \/>\n5.Zmeur\u0103 Afine<span style=\"color: #ff0000\"><strong>&gt;&gt;&gt;&gt;Cel mai bun!<\/strong><\/span><br \/>\n6.Ghea\u021b\u0103 Tripl\u0103 Fructe de P\u0103dure<br \/>\n7.Ghea\u021b\u0103 Pepene Verde<br \/>\n8.Ghea\u021b\u0103 Tripl\u0103 Struguri<br \/>\n9.Ghea\u021b\u0103 Afine<br \/>\n10.Ghea\u021b\u0103 Piersic\u0103<br \/>\n11.Skittles<br \/>\n12.Gum\u0103 de mestecat cu pepene verde<\/p>\n<div class=\"mceTemp\"><\/div>\n<figure id=\"attachment_2219\" aria-describedby=\"caption-attachment-2219\" style=\"width: 300px\" class=\"wp-caption alignnone\"><img loading=\"lazy\" decoding=\"async\" class=\"size-medium wp-image-2219\" src=\"https:\/\/rmvapesale.com\/wp-content\/uploads\/2024\/09\/UZY-Crystal-10k-300x300.png\" alt=\"UZY Crystal 10k\" width=\"300\" height=\"300\" srcset=\"https:\/\/rmvapesale.com\/wp-content\/uploads\/2024\/09\/UZY-Crystal-10k-300x300.png 300w, https:\/\/rmvapesale.com\/wp-content\/uploads\/2024\/09\/UZY-Crystal-10k-150x150.png 150w, https:\/\/rmvapesale.com\/wp-content\/uploads\/2024\/09\/UZY-Crystal-10k-768x768.png 768w, https:\/\/rmvapesale.com\/wp-content\/uploads\/2024\/09\/UZY-Crystal-10k-600x600.png 600w, https:\/\/rmvapesale.com\/wp-content\/uploads\/2024\/09\/UZY-Crystal-10k-100x100.png 100w, https:\/\/rmvapesale.com\/wp-content\/uploads\/2024\/09\/UZY-Crystal-10k.png 808w\" sizes=\"auto, (max-width: 300px) 100vw, 300px\" \/><figcaption id=\"caption-attachment-2219\" class=\"wp-caption-text\">UZY Crystal 10k<\/figcaption><\/figure>\n<p>&nbsp;<\/p>\n<h2><strong>\u00centreb\u0103ri pe care poate dori\u021bi s\u0103 le \u0219ti\u021bi despre Uzy Crystal Pro Max 10000<\/strong><\/h2>\n<p>&nbsp;<\/p>\n<div class=\"flex-shrink-0 flex flex-col relative items-end\">\n<div>\n<div class=\"pt-0\">\n<div class=\"gizmo-bot-avatar flex h-8 w-8 items-center justify-center overflow-hidden rounded-full\">\n<div class=\"relative p-1 rounded-sm flex items-center justify-center bg-token-main-surface-primary text-token-text-primary h-8 w-8\"><\/div>\n<\/div>\n<\/div>\n<\/div>\n<\/div>\n<div class=\"group\/conversation-turn relative flex w-full min-w-0 flex-col agent-turn\">\n<div class=\"flex-col gap-1 md:gap-3\">\n<div class=\"flex max-w-full flex-col flex-grow\">\n<div class=\"min-h-8 text-message flex w-full flex-col items-end gap-2 whitespace-normal break-words [.text-message+&amp;]:mt-5\" dir=\"auto\" data-message-author-role=\"assistant\" data-message-id=\"f226d3fc-81f3-46d5-8c46-31787fff0357\">\n<div class=\"flex w-full flex-col gap-1 empty:hidden first:pt-[3px]\">\n<div class=\"markdown prose w-full break-words dark:prose-invert light\">\n<p><strong>1.C\u00e2te pufuri ofer\u0103 Uzy Crystal Pro Max 10000 <\/strong><strong>Pufuri oferite de vape-ul digital de unic\u0103 folosin\u021b\u0103?<\/strong><br \/>\nUzy Crystal Pro Max 10000 ofer\u0103 p\u00e2n\u0103 la 10000 de pufuri, dep\u0103\u0219ind cu mult capacitatea vape-urilor tipice de unic\u0103 folosin\u021b\u0103.<\/p>\n<p><strong>2.Ce arome sunt disponibile \u00een stiloul vape de unic\u0103 folosin\u021b\u0103?<\/strong><br \/>\nAromele populare includ Ghea\u021b\u0103 de pepene verde, Ghea\u021b\u0103 de afine, C\u0103p\u0219uni Zmeur\u0103 Cire\u0219e, Fructe de p\u0103dure amestecate etc.<\/p>\n<p><strong>3.Este potrivit pentru \u00eencep\u0103tori?<\/strong><br \/>\nDa, este perfecta pentru incepatori cu design-ul sau simplu, fara butoane - doar inhaleaza pentru a incepe sa vapezi.<\/p>\n<p><strong>4.Cum ar trebui sa-mi pastrez tigara electronica de unica folosinta?<\/strong><br \/>\nPastrati-o intr-un loc racoros si uscat, ferit de lumina directa a soarelui si departe de copii si animale de companie.<\/p>\n<p><strong>5.C\u00e2t dureaz\u0103 V?<\/strong><br \/>\nCu o capacitate de 10.000 de pufuri, Uzy Crystal Pro Max 10000 poate dura c\u00e2teva s\u0103pt\u0103m\u00e2ni, \u00een func\u021bie de utilizare.<\/p>\n<\/div>\n<\/div>\n<\/div>\n<\/div>\n<\/div>\n<\/div>\n<p>&nbsp;<\/p>\n<h3><b>\u00centreb\u0103ri frecvente<\/b><\/h3>\n<p>&nbsp;<\/p>\n<div class=\"flex-shrink-0 flex flex-col relative items-end\">\n<div>\n<div class=\"pt-0\">\n<div class=\"gizmo-bot-avatar flex h-8 w-8 items-center justify-center overflow-hidden rounded-full\">\n<div class=\"relative p-1 rounded-sm flex items-center justify-center bg-token-main-surface-primary text-token-text-primary h-8 w-8\"><strong>Ce metode de livrare sunt folosite?<\/strong><\/div>\n<\/div>\n<\/div>\n<\/div>\n<\/div>\n<div class=\"group\/conversation-turn relative flex w-full min-w-0 flex-col agent-turn\">\n<div class=\"flex-col gap-1 md:gap-3\">\n<div class=\"flex max-w-full flex-col flex-grow\">\n<div class=\"min-h-[20px] text-message flex w-full flex-col items-end gap-2 whitespace-normal break-words [.text-message+&amp;]:mt-5 overflow-x-auto\" dir=\"auto\" data-message-author-role=\"assistant\" data-message-id=\"22f8283b-3233-46ff-89a5-c7a41b33abda\">\n<div class=\"flex w-full flex-col gap-1 empty:hidden first:pt-[3px]\">\n<div class=\"markdown prose w-full break-words dark:prose-invert light\">\n<p>Colabor\u0103m cu UPS, DHL, FedEx, DPD \u0219i al\u021bi transportatori de top. Vom selecta cea mai bun\u0103 metod\u0103 de expediere \u00een func\u021bie de loca\u021bia dvs. de livrare pentru a ne asigura c\u0103 ve\u021bi primi produsele c\u00e2t mai repede posibil.<\/p>\n<\/div>\n<p><strong>Cat dureaza pana ajunge comanda?<\/strong><\/p>\n<p>Pachetele expediate \u00een Rom\u00e2nia ajung de obicei \u00een 10 zile lucr\u0103toare. Livrarea \u00een \u021b\u0103rile europene dureaz\u0103, \u00een general, aproximativ 12-15 zile lucr\u0103toare. V\u0103 vom oferi actualiz\u0103ri \u00een timp real cu privire la starea expedierii dumneavoastr\u0103.<\/p>\n<\/div>\n<p><strong>Garan\u021bie<\/strong><\/p>\n<p><span style=\"color: #ff0000\"><strong>Toate produsele din magazinul nostru sunt garantate a fi 100% originale \u0219i autentice. Oferim o compensa\u021bie de 10 ori pentru produsele contraf\u0103cute!<\/strong><\/span><\/p>\n<div class=\"flex w-full flex-col gap-1 empty:hidden first:pt-[3px]\">\n<p>&nbsp;<\/p>\n<\/div>\n<\/div>\n<\/div>\n<\/div>\n<\/div>\n<p>&nbsp;<\/p>\n<p>Alte produse vape populare care v-ar putea pl\u0103cea:<\/p>\n<p>&nbsp;<\/p>\n<p><a href=\"https:\/\/rmvapesale.com\/ro\/product\/original-randm-vape-digital-puff-12000-fumot-factory-price\/\"><strong>VOZOL Gear 20000 Puffs<\/strong><\/a><\/p>\n<p><strong><a href=\"https:\/\/rmvapesale.com\/ro\/product\/randm-tornado-15000-puffs-15k-vape-recharge-fumot-original-vape-factory-price\/\">VOPK Tornado 15000 Pufuri <\/a><\/strong><\/p>\n<p><a href=\"https:\/\/rmvapesale.com\/ro\/product\/vapme-crystal-7000-puffs-rechargeable-disposable-vape-price\/\"><strong>Vapme Crystal 7000 Puffs<\/strong><\/a><\/p>\n<p>&nbsp;<\/p>\n<p>&nbsp;<\/p>\n<p>G\u0103si\u021bi mai multe produse de vapat care v-ar putea pl\u0103cea:<strong><em><a href=\"https:\/\/rmvapesale.com\/ro\/shop-2\/\">cump\u0103r\u0103 acum &gt;&gt;&gt;<\/a><\/em><\/strong><\/p>","protected":false},"excerpt":{"rendered":"<p>UZY Crystal Pro Max 10k Pufuri Arome de top \u00een stoc<br \/>\nUrzicat\u0103 UZY Crystal Pro Max 10000 en-gros<br \/>\nUZY Crystal Pro Max 10k Pufuri 0% 2% 3% 5% Nicotin\u0103<\/p>\n<p><strong>Contacta\u021bi Amy Pentru Mai Multe Reduceri \u0218i R\u0103spuns Corect<\/strong><\/p>\n<p><img loading=\"lazy\" decoding=\"async\" class=\"size-full wp-image-1978\" src=\"https:\/\/rmvapesale.com\/wp-content\/uploads\/2024\/09\/Disposable-Vape-Wholesale.jpg\" alt=\"\u021aig\u0103ri electronice de unic\u0103 folosin\u021b\u0103 en-gros\" width=\"229\" height=\"300\" \/><\/p>\n<h3><span style=\"color: #ff0000\"><strong>WhatsApp: +86 17776015835<\/strong><\/span><\/h3>","protected":false},"featured_media":2221,"comment_status":"open","ping_status":"closed","template":"","meta":{"_uag_custom_page_level_css":"","_lmt_disableupdate":"no","_lmt_disable":"","site-sidebar-layout":"default","site-content-layout":"content-boxed-container","ast-site-content-layout":"normal-width-container","site-content-style":"boxed","site-sidebar-style":"unboxed","ast-global-header-display":"","ast-banner-title-visibility":"","ast-main-header-display":"","ast-hfb-above-header-display":"","ast-hfb-below-header-display":"","ast-hfb-mobile-header-display":"","site-post-title":"","ast-breadcrumbs-content":"","ast-featured-img":"","footer-sml-layout":"","theme-transparent-header-meta":"default","adv-header-id-meta":"","stick-header-meta":"","header-above-stick-meta":"","header-main-stick-meta":"","header-below-stick-meta":"","astra-migrate-meta-layouts":"set","ast-page-background-enabled":"default","ast-page-background-meta":{"desktop":{"background-color":"var(--ast-global-color-4)","background-image":"","background-repeat":"repeat","background-position":"center center","background-size":"auto","background-attachment":"scroll","background-type":"","background-media":"","overlay-type":"","overlay-color":"","overlay-opacity":"","overlay-gradient":""},"tablet":{"background-color":"","background-image":"","background-repeat":"repeat","background-position":"center center","background-size":"auto","background-attachment":"scroll","background-type":"","background-media":"","overlay-type":"","overlay-color":"","overlay-opacity":"","overlay-gradient":""},"mobile":{"background-color":"","background-image":"","background-repeat":"repeat","background-position":"center center","background-size":"auto","background-attachment":"scroll","background-type":"","background-media":"","overlay-type":"","overlay-color":"","overlay-opacity":"","overlay-gradient":""}},"ast-content-background-meta":{"desktop":{"background-color":"var(--ast-global-color-5)","background-image":"","background-repeat":"repeat","background-position":"center center","background-size":"auto","background-attachment":"scroll","background-type":"","background-media":"","overlay-type":"","overlay-color":"","overlay-opacity":"","overlay-gradient":""},"tablet":{"background-color":"var(--ast-global-color-5)","background-image":"","background-repeat":"repeat","background-position":"center center","background-size":"auto","background-attachment":"scroll","background-type":"","background-media":"","overlay-type":"","overlay-color":"","overlay-opacity":"","overlay-gradient":""},"mobile":{"background-color":"var(--ast-global-color-5)","background-image":"","background-repeat":"repeat","background-position":"center center","background-size":"auto","background-attachment":"scroll","background-type":"","background-media":"","overlay-type":"","overlay-color":"","overlay-opacity":"","overlay-gradient":""}},"_joinchat":[]},"product_brand":[],"product_cat":[15,290,291,293,295,299,287,271,25,123,26,28,135,27,61,137,136,30],"product_tag":[112,99,111,105,54],"class_list":{"0":"post-2225","1":"product","2":"type-product","3":"status-publish","4":"has-post-thumbnail","6":"product_cat-new-vape-this-week","7":"product_cat-crystal-disposable-vapes","8":"product_cat-dual-mesh-disposable-vapes","9":"product_cat-low-nicotine-disposable-vapes","10":"product_cat-rechargeable-disposable-vapes","11":"product_cat-smart-screen-disposable-vapes","12":"product_cat-uzy-vape","13":"product_cat-10000-puff-disposable-vape","14":"product_cat-germany-best-selling-vape","15":"product_cat-italy-wholesale-vape","16":"product_cat-netherlands-hot-sale-vape","17":"product_cat-poland-hot-sale-vape","18":"product_cat-spain-best-hot-sale-vape","19":"product_cat-fance-hot-sale-vape","20":"product_cat-15000-puffs-disposable-vapes","21":"product_cat-rechargeable-vapes","22":"product_cat-smart-screen-vapes","23":"product_cat-minimum-order-quantity-50pcs","24":"product_tag-crystal-pro-max","25":"product_tag-disposable-vape-wholesale","26":"product_tag-low-nicotine-disposable-vape","27":"product_tag-nicotine-free-disposable-vape","28":"product_tag-rechargeable-disposable-vape","29":"desktop-align-left","30":"tablet-align-left","31":"mobile-align-left","33":"first","34":"instock","35":"sale","36":"shipping-taxable","37":"purchasable","38":"product-type-simple"},"uagb_featured_image_src":{"full":["https:\/\/rmvapesale.com\/wp-content\/uploads\/2024\/09\/UZY-Crystal-Pro-Max-10k-puffs-Disposable-Vape.jpg",800,800,false],"thumbnail":["https:\/\/rmvapesale.com\/wp-content\/uploads\/2024\/09\/UZY-Crystal-Pro-Max-10k-puffs-Disposable-Vape-150x150.jpg",150,150,true],"medium":["https:\/\/rmvapesale.com\/wp-content\/uploads\/2024\/09\/UZY-Crystal-Pro-Max-10k-puffs-Disposable-Vape-300x300.jpg",300,300,true],"medium_large":["https:\/\/rmvapesale.com\/wp-content\/uploads\/2024\/09\/UZY-Crystal-Pro-Max-10k-puffs-Disposable-Vape-768x768.jpg",768,768,true],"large":["https:\/\/rmvapesale.com\/wp-content\/uploads\/2024\/09\/UZY-Crystal-Pro-Max-10k-puffs-Disposable-Vape.jpg",800,800,false],"1536x1536":["https:\/\/rmvapesale.com\/wp-content\/uploads\/2024\/09\/UZY-Crystal-Pro-Max-10k-puffs-Disposable-Vape.jpg",800,800,false],"2048x2048":["https:\/\/rmvapesale.com\/wp-content\/uploads\/2024\/09\/UZY-Crystal-Pro-Max-10k-puffs-Disposable-Vape.jpg",800,800,false],"trp-custom-language-flag":["https:\/\/rmvapesale.com\/wp-content\/uploads\/2024\/09\/UZY-Crystal-Pro-Max-10k-puffs-Disposable-Vape.jpg",12,12,false],"woocommerce_thumbnail":["https:\/\/rmvapesale.com\/wp-content\/uploads\/2024\/09\/UZY-Crystal-Pro-Max-10k-puffs-Disposable-Vape-300x300.jpg",300,300,true],"woocommerce_single":["https:\/\/rmvapesale.com\/wp-content\/uploads\/2024\/09\/UZY-Crystal-Pro-Max-10k-puffs-Disposable-Vape-600x600.jpg",600,600,true],"woocommerce_gallery_thumbnail":["https:\/\/rmvapesale.com\/wp-content\/uploads\/2024\/09\/UZY-Crystal-Pro-Max-10k-puffs-Disposable-Vape-100x100.jpg",100,100,true],"wcpr-photo-reviews":["https:\/\/rmvapesale.com\/wp-content\/uploads\/2024\/09\/UZY-Crystal-Pro-Max-10k-puffs-Disposable-Vape.jpg",500,500,false]},"uagb_author_info":{"display_name":"AMY","author_link":"https:\/\/rmvapesale.com\/ro\/author\/"},"uagb_comment_info":0,"uagb_excerpt":"UZY Crystal Pro Max 10k Puffs Top Flavour in Stock Authentic UZY Crystal Pro Max 10000 Wholesale UZY Crystal Pro Max 10k Puffs 0% 2% 3% 5% Nicotine Contact Amy For More Discount And Right Reply WhatsApp: +86 17776015835","_links":{"self":[{"href":"https:\/\/rmvapesale.com\/ro\/wp-json\/wp\/v2\/product\/2225","targetHints":{"allow":["GET"]}}],"collection":[{"href":"https:\/\/rmvapesale.com\/ro\/wp-json\/wp\/v2\/product"}],"about":[{"href":"https:\/\/rmvapesale.com\/ro\/wp-json\/wp\/v2\/types\/product"}],"replies":[{"embeddable":true,"href":"https:\/\/rmvapesale.com\/ro\/wp-json\/wp\/v2\/comments?post=2225"}],"wp:featuredmedia":[{"embeddable":true,"href":"https:\/\/rmvapesale.com\/ro\/wp-json\/wp\/v2\/media\/2221"}],"wp:attachment":[{"href":"https:\/\/rmvapesale.com\/ro\/wp-json\/wp\/v2\/media?parent=2225"}],"wp:term":[{"taxonomy":"product_brand","embeddable":true,"href":"https:\/\/rmvapesale.com\/ro\/wp-json\/wp\/v2\/product_brand?post=2225"},{"taxonomy":"product_cat","embeddable":true,"href":"https:\/\/rmvapesale.com\/ro\/wp-json\/wp\/v2\/product_cat?post=2225"},{"taxonomy":"product_tag","embeddable":true,"href":"https:\/\/rmvapesale.com\/ro\/wp-json\/wp\/v2\/product_tag?post=2225"}],"curies":[{"name":"wp","href":"https:\/\/api.w.org\/{rel}","templated":true}]}}