{"id":2276,"date":"2024-10-06T07:06:42","date_gmt":"2024-10-06T07:06:42","guid":{"rendered":"https:\/\/rmvapesale.com\/?post_type=product&#038;p=2276"},"modified":"2025-01-21T09:59:29","modified_gmt":"2025-01-21T09:59:29","slug":"aivono-aim-boom-25000-puffs-smart-screen-disposable-vape","status":"publish","type":"product","link":"https:\/\/rmvapesale.com\/ro\/product\/aivono-aim-boom-25000-puffs-smart-screen-disposable-vape\/","title":{"rendered":"Aivono Aim Boom 25000 Puffs Vape de unic\u0103 folosin\u021b\u0103 cu ecran inteligent"},"content":{"rendered":"<div class=\"B2VR9 CJHX3e\">\n<div class=\"wyccme\">\n<h1 class=\"LC20lb MBeuO DKV0Md\">Aivono Aim Boom 25000 pufuri, ecran, \u021bigar\u0103 electronic\u0103 de unic\u0103 folosin\u021b\u0103<\/h1>\n<div class=\"flex-shrink-0 flex flex-col relative items-end\">\n<div>\n<div class=\"pt-0\">\n<div class=\"gizmo-bot-avatar flex h-8 w-8 items-center justify-center overflow-hidden rounded-full\">\n<div class=\"relative p-1 rounded-sm flex items-center justify-center bg-token-main-surface-primary text-token-text-primary h-8 w-8\"><\/div>\n<\/div>\n<\/div>\n<\/div>\n<\/div>\n<div class=\"group\/conversation-turn relative flex w-full min-w-0 flex-col agent-turn\">\n<div class=\"flex-col gap-1 md:gap-3\">\n<div class=\"flex max-w-full flex-col flex-grow\">\n<div class=\"min-h-8 text-message flex w-full flex-col items-end gap-2 whitespace-normal break-words [.text-message+&amp;]:mt-5\" dir=\"auto\" data-message-author-role=\"assistant\" data-message-id=\"871c1362-82be-4876-894c-d28f37ffd3d3\">\n<div class=\"flex w-full flex-col gap-1 empty:hidden first:pt-[3px]\">\n<div class=\"markdown prose w-full break-words dark:prose-invert light\">\n<p>V\u0103 prezent\u0103m <strong>Aivono Aim Boom 25000 Puffs Vape de unic\u0103 folosin\u021b\u0103 cu ecran inteligent<\/strong>, un dispozitiv de ultim\u0103 genera\u021bie conceput pentru performan\u021b\u0103, stil \u0219i confort. Alimentat de o <strong>650mAh<\/strong> cu <strong>\u00eenc\u0103rcare rapid\u0103 Type-C<\/strong>, asigur\u0103 o utilizare de lung\u0103 durat\u0103 cu timp de nefunc\u021bionare minim. Sistemul s\u0103u <strong>de flux de aer reglabil<\/strong> v\u0103 permite s\u0103 personaliza\u021bi fiecare tragere pentru o experien\u021b\u0103 de vaping personalizat\u0103.<\/p>\n<p>The <strong>ecran inteligent<\/strong> ofer\u0103 un afi\u0219aj clar \u0219i u\u0219or de utilizat pentru monitorizarea duratei de via\u021b\u0103 a bateriei \u0219i a utiliz\u0103rii, \u00een timp ce <strong>ecranul curbat 3D<\/strong> \u00eembun\u0103t\u0103\u021be\u0219te at\u00e2t estetica, c\u00e2t \u0219i caracterul practic, oferind un aspect elegant \u0219i modern. Cu p\u00e2n\u0103 la <strong>25.000 de pufuri<\/strong>, Aivono Aim Boom este perfect pentru cei care caut\u0103 un dispozitiv de vaping elegant \u0219i cu capacitate mare.<\/p>\n<p>&nbsp;<\/p>\n<\/div>\n<\/div>\n<\/div>\n<\/div>\n<\/div>\n<\/div>\n<\/div>\n<\/div>\n<p><strong>Contacta\u021bi-o pe Amy pentru a ob\u021bine un r\u0103spuns corect \u0219i mai multe videoclipuri cu produse!<\/strong><\/p>\n<p><img loading=\"lazy\" decoding=\"async\" class=\"size-full wp-image-1978\" src=\"https:\/\/rmvapesale.com\/wp-content\/uploads\/2024\/09\/Disposable-Vape-Wholesale.jpg\" alt=\"\u021aig\u0103ri electronice de unic\u0103 folosin\u021b\u0103 en-gros\" width=\"229\" height=\"300\" \/><\/p>\n<h3><span style=\"color: #ff0000\"><strong>WhatsApp: +86 17776015835<\/strong><\/span><\/h3>\n<p>&nbsp;<\/p>\n<h2><\/h2>\n<h2><strong>Aivono Aim Boom 25000 pufuri - Caracteristici cheie<\/strong><\/h2>\n<p>Pufuri maxime: 25000<br \/>\n25000 \u00een modul normal<br \/>\n15000 \u00een modul puls<br \/>\nBaterie Re\u00eenc\u0103rcabil\u0103<br \/>\nCapacitate E-Lichid: 28ml<br \/>\nPrimul ecran curbat 3D din lume<br \/>\nPort de \u00eenc\u0103rcare USB Tip-C<br \/>\nE-Lichid cu sare de nicotin\u0103 0%\/2%\/3%\/5%<br \/>\n10 arome delicioase<br \/>\nRezisten\u021b\u0103 Dual Mesh<\/p>\n<h2><\/h2>\n<h2><strong>Aroma de top pentru Aivono Aim Boom 25000 de pufuri<\/strong><\/h2>\n<p>Vaporizatorul de unic\u0103 folosin\u021b\u0103 Aivono Aim Boom 25000 de pufuri cu ecran inteligent ofer\u0103 10 arome delicioase, pute\u021bi alege dintr-o varietate de arome, inclusiv tutun clasic, ment\u0103 r\u0103coritoare \u0219i dulcea\u021ba exotic\u0103 a strugurilor, fiecare promi\u021b\u00e2nd o c\u0103l\u0103torie bogat\u0103 \u0219i satisf\u0103c\u0103toare cu fiecare puf.<\/p>\n<p>&nbsp;<\/p>\n<p>1. Blue Rancher<span style=\"color: #ff0000\"><strong>&gt;&gt;&gt;&gt; Fierbinte!<\/strong><\/span><br \/>\n2. Blue Razz Ice<span style=\"color: #ff0000\"><strong>&gt;&gt;&gt;&gt; Fierbinte!<\/strong><\/span><br \/>\n3. Green Apple Grape<br \/>\n4. Iced Watermelon Cherry<br \/>\n5. Melon Lemon<br \/>\n6. Miami Mint<br \/>\n7. Raspberry Peach Lime<br \/>\n8. Sour Mango Pineapple<br \/>\n9. Strawberry B-Pop<span style=\"color: #ff0000\"><strong>&gt;&gt;&gt;&gt; Cel mai bun!<\/strong><\/span><br \/>\n10. Watermelon Ice<\/p>\n<figure id=\"attachment_2277\" aria-describedby=\"caption-attachment-2277\" style=\"width: 808px\" class=\"wp-caption alignnone\"><img loading=\"lazy\" decoding=\"async\" class=\"wp-image-2277 size-full\" src=\"https:\/\/rmvapesale.com\/wp-content\/uploads\/2024\/09\/Aivono-Aim-Boom-25000-Puffs-Flavour.png\" alt=\"Arome Aivono Aim Boom 25000 de pufuri\" width=\"808\" height=\"808\" srcset=\"https:\/\/rmvapesale.com\/wp-content\/uploads\/2024\/09\/Aivono-Aim-Boom-25000-Puffs-Flavour.png 808w, https:\/\/rmvapesale.com\/wp-content\/uploads\/2024\/09\/Aivono-Aim-Boom-25000-Puffs-Flavour-300x300.png 300w, https:\/\/rmvapesale.com\/wp-content\/uploads\/2024\/09\/Aivono-Aim-Boom-25000-Puffs-Flavour-150x150.png 150w, https:\/\/rmvapesale.com\/wp-content\/uploads\/2024\/09\/Aivono-Aim-Boom-25000-Puffs-Flavour-768x768.png 768w, https:\/\/rmvapesale.com\/wp-content\/uploads\/2024\/09\/Aivono-Aim-Boom-25000-Puffs-Flavour-600x600.png 600w, https:\/\/rmvapesale.com\/wp-content\/uploads\/2024\/09\/Aivono-Aim-Boom-25000-Puffs-Flavour-100x100.png 100w\" sizes=\"auto, (max-width: 808px) 100vw, 808px\" \/><figcaption id=\"caption-attachment-2277\" class=\"wp-caption-text\">Arome Aivono Aim Boom 25000 de pufuri<\/figcaption><\/figure>\n<h2><strong>\u00centreb\u0103ri pe care s-ar putea s\u0103 le ai despre vaporizatorul Aivono Aim Boom 25000 de pufuri<\/strong><\/h2>\n<p>&nbsp;<\/p>\n<div class=\"flex-shrink-0 flex flex-col relative items-end\">\n<div>\n<div class=\"pt-0\">\n<div class=\"gizmo-bot-avatar flex h-8 w-8 items-center justify-center overflow-hidden rounded-full\">\n<div class=\"relative p-1 rounded-sm flex items-center justify-center bg-token-main-surface-primary text-token-text-primary h-8 w-8\"><\/div>\n<\/div>\n<\/div>\n<\/div>\n<\/div>\n<div class=\"group\/conversation-turn relative flex w-full min-w-0 flex-col agent-turn\">\n<div class=\"flex-col gap-1 md:gap-3\">\n<div class=\"flex max-w-full flex-col flex-grow\">\n<div class=\"min-h-8 text-message flex w-full flex-col items-end gap-2 whitespace-normal break-words [.text-message+&amp;]:mt-5\" dir=\"auto\" data-message-author-role=\"assistant\" data-message-id=\"f226d3fc-81f3-46d5-8c46-31787fff0357\">\n<div class=\"flex w-full flex-col gap-1 empty:hidden first:pt-[3px]\">\n<div class=\"markdown prose w-full break-words dark:prose-invert light\">\n<p><strong>1. C\u00e2te pufuri are vaporizatorul Aivono Aim Boom 25000 de pufuri<\/strong><strong>\u00a0ofer\u0103?<\/strong><br \/>\nVapa Aivono Aim Boom 25000 Puffs ofer\u0103 p\u00e2n\u0103 la 25000 de pufuri, dep\u0103\u0219ind cu mult capacitatea vaporilor de unic\u0103 folosin\u021b\u0103 tipici.<\/p>\n<p><strong>2. Ce arome sunt disponibile \u00een stiloul de vape Aivono Aim Boom 25000 Puffs?<\/strong><br \/>\nAromele populare includ Blue Razz Ice, Miami Mint, Raspberry Peach Lime, Sour Mango Pineapple, Watermelon Ice, etc.<\/p>\n<p><strong>3. Este Aivono Aim Boom 25000 Puffs potrivit pentru \u00eencep\u0103tori?<\/strong><br \/>\nDa, este perfecta pentru incepatori cu design-ul sau simplu, fara butoane - doar inhaleaza pentru a incepe sa vapezi.<\/p>\n<p><strong>4.Cum ar trebui sa-mi pastrez tigara electronica de unica folosinta?<\/strong><br \/>\nPastrati-o intr-un loc racoros si uscat, ferit de lumina directa a soarelui si departe de copii si animale de companie.<\/p>\n<p><strong>5. C\u00e2t timp dureaz\u0103 Aivono Aim Boom 25000 Puffs?<\/strong><br \/>\nCu o capacitate de 25000 de pufuri, Aivono Aim Boom 25000 Puffs poate dura c\u00e2teva zile, \u00een func\u021bie de utilizare.<\/p>\n<\/div>\n<\/div>\n<\/div>\n<\/div>\n<\/div>\n<\/div>\n<p>&nbsp;<\/p>\n<h3><b>\u00centreb\u0103ri frecvente<\/b><\/h3>\n<p>&nbsp;<\/p>\n<div class=\"flex-shrink-0 flex flex-col relative items-end\">\n<div>\n<div class=\"pt-0\">\n<div class=\"gizmo-bot-avatar flex h-8 w-8 items-center justify-center overflow-hidden rounded-full\">\n<div class=\"relative p-1 rounded-sm flex items-center justify-center bg-token-main-surface-primary text-token-text-primary h-8 w-8\"><strong>Ce metode de livrare sunt folosite?<\/strong><\/div>\n<\/div>\n<\/div>\n<\/div>\n<\/div>\n<div class=\"group\/conversation-turn relative flex w-full min-w-0 flex-col agent-turn\">\n<div class=\"flex-col gap-1 md:gap-3\">\n<div class=\"flex max-w-full flex-col flex-grow\">\n<div class=\"min-h-[20px] text-message flex w-full flex-col items-end gap-2 whitespace-normal break-words [.text-message+&amp;]:mt-5 overflow-x-auto\" dir=\"auto\" data-message-author-role=\"assistant\" data-message-id=\"22f8283b-3233-46ff-89a5-c7a41b33abda\">\n<div class=\"flex w-full flex-col gap-1 empty:hidden first:pt-[3px]\">\n<div class=\"markdown prose w-full break-words dark:prose-invert light\">\n<p>Colabor\u0103m cu UPS, DHL, FedEx, DPD \u0219i al\u021bi transportatori de top. Vom selecta cea mai bun\u0103 metod\u0103 de expediere \u00een func\u021bie de loca\u021bia dvs. de livrare pentru a ne asigura c\u0103 ve\u021bi primi produsele c\u00e2t mai repede posibil.<\/p>\n<\/div>\n<p><strong>Cat dureaza pana ajunge comanda?<\/strong><\/p>\n<p>Pachetele expediate \u00een Rom\u00e2nia ajung de obicei \u00een 10 zile lucr\u0103toare. Livrarea \u00een \u021b\u0103rile europene dureaz\u0103, \u00een general, aproximativ 12-15 zile lucr\u0103toare. V\u0103 vom oferi actualiz\u0103ri \u00een timp real cu privire la starea expedierii dumneavoastr\u0103.<\/p>\n<\/div>\n<p><strong>Garan\u021bie<\/strong><\/p>\n<p><span style=\"color: #ff0000\"><strong>Toate produsele din magazinul nostru sunt garantate a fi 100% originale \u0219i autentice. Oferim o compensa\u021bie de 10 ori pentru produsele contraf\u0103cute!<\/strong><\/span><\/p>\n<div class=\"flex w-full flex-col gap-1 empty:hidden first:pt-[3px]\">\n<p>&nbsp;<\/p>\n<\/div>\n<\/div>\n<\/div>\n<\/div>\n<\/div>\n<p>&nbsp;<\/p>\n<p>Alte produse vape populare care v-ar putea pl\u0103cea:<\/p>\n<p>&nbsp;<\/p>\n<p><a href=\"https:\/\/rmvapesale.com\/ro\/product\/mesii-visual-box-16000-puffs-disposable-vape-full-screen\/\"><strong>MESii Visual Box 16000 Pufuri\u00a0 <span style=\"color: #ff0000\">&gt;&gt;&gt;&gt; merge\u021bi!<\/span><\/strong><\/a><\/p>\n<p><strong><a href=\"https:\/\/rmvapesale.com\/ro\/product\/uzy-qute-800-puffs-disposable-vape-original-wholesale\/\">UZY QUTE 800 Puffs <span style=\"color: #ff0000\">&gt;&gt;&gt;&gt; merge\u021bi!<\/span><\/a>\u00a0<\/strong><\/p>\n<p><a href=\"https:\/\/rmvapesale.com\/ro\/product\/vapme-crystal-7000-puffs-rechargeable-disposable-vape-price\/\"><strong>Vapme Crystal 7000 Puffs <span style=\"color: #ff0000\">&gt;&gt;&gt;&gt; merge\u021bi!<\/span><\/strong><\/a><\/p>\n<p>&nbsp;<\/p>\n<p>&nbsp;<\/p>\n<p>G\u0103si\u021bi mai multe produse de vapat care v-ar putea pl\u0103cea:<strong><em><a href=\"https:\/\/rmvapesale.com\/ro\/shop-2\/\">cump\u0103r\u0103 acum &gt;&gt;&gt;<\/a><\/em><\/strong><\/p>","protected":false},"excerpt":{"rendered":"<p>Aivono Aim Boom 25000 pufuri, ecran inteligent, \u021big\u0103ri electronice<br \/>\nV\u00e2nzare en-gros \u021big\u0103ri electronice de unic\u0103 folosin\u021b\u0103, ecran inteligent, Aim Boom 25000 pufuri<br \/>\nArom\u0103 \u021bigar\u0103 electronic\u0103 de unic\u0103 folosin\u021b\u0103 Aivono Aim Boom 25000, ecran inteligent<\/p>\n<p><img loading=\"lazy\" decoding=\"async\" class=\"size-full wp-image-1978\" src=\"https:\/\/rmvapesale.com\/wp-content\/uploads\/2024\/09\/Disposable-Vape-Wholesale.jpg\" alt=\"\u021aig\u0103ri electronice de unic\u0103 folosin\u021b\u0103 en-gros\" width=\"229\" height=\"300\" \/><\/p>\n<h3><span style=\"color: #ff0000\"><strong>WhatsApp: +86 17776015835<\/strong><\/span><\/h3>\n<p>&nbsp;<\/p>","protected":false},"featured_media":2279,"comment_status":"open","ping_status":"closed","template":"","meta":{"_uag_custom_page_level_css":"","_lmt_disableupdate":"no","_lmt_disable":"","site-sidebar-layout":"default","site-content-layout":"content-boxed-container","ast-site-content-layout":"normal-width-container","site-content-style":"boxed","site-sidebar-style":"unboxed","ast-global-header-display":"","ast-banner-title-visibility":"","ast-main-header-display":"","ast-hfb-above-header-display":"","ast-hfb-below-header-display":"","ast-hfb-mobile-header-display":"","site-post-title":"","ast-breadcrumbs-content":"","ast-featured-img":"","footer-sml-layout":"","ast-disable-related-posts":"","theme-transparent-header-meta":"default","adv-header-id-meta":"","stick-header-meta":"","header-above-stick-meta":"","header-main-stick-meta":"","header-below-stick-meta":"","astra-migrate-meta-layouts":"set","ast-page-background-enabled":"default","ast-page-background-meta":{"desktop":{"background-color":"var(--ast-global-color-4)","background-image":"","background-repeat":"repeat","background-position":"center center","background-size":"auto","background-attachment":"scroll","background-type":"","background-media":"","overlay-type":"","overlay-color":"","overlay-opacity":"","overlay-gradient":""},"tablet":{"background-color":"","background-image":"","background-repeat":"repeat","background-position":"center center","background-size":"auto","background-attachment":"scroll","background-type":"","background-media":"","overlay-type":"","overlay-color":"","overlay-opacity":"","overlay-gradient":""},"mobile":{"background-color":"","background-image":"","background-repeat":"repeat","background-position":"center center","background-size":"auto","background-attachment":"scroll","background-type":"","background-media":"","overlay-type":"","overlay-color":"","overlay-opacity":"","overlay-gradient":""}},"ast-content-background-meta":{"desktop":{"background-color":"var(--ast-global-color-5)","background-image":"","background-repeat":"repeat","background-position":"center center","background-size":"auto","background-attachment":"scroll","background-type":"","background-media":"","overlay-type":"","overlay-color":"","overlay-opacity":"","overlay-gradient":""},"tablet":{"background-color":"var(--ast-global-color-5)","background-image":"","background-repeat":"repeat","background-position":"center center","background-size":"auto","background-attachment":"scroll","background-type":"","background-media":"","overlay-type":"","overlay-color":"","overlay-opacity":"","overlay-gradient":""},"mobile":{"background-color":"var(--ast-global-color-5)","background-image":"","background-repeat":"repeat","background-position":"center center","background-size":"auto","background-attachment":"scroll","background-type":"","background-media":"","overlay-type":"","overlay-color":"","overlay-opacity":"","overlay-gradient":""}},"_joinchat":[]},"product_brand":[],"product_cat":[15,256,276,289,292,27,25,123,293,30,26,28,295,137,299,136,135],"product_tag":[66,99,87,115,120,116],"class_list":{"0":"post-2276","1":"product","2":"type-product","3":"status-publish","4":"has-post-thumbnail","6":"product_cat-new-vape-this-week","7":"product_cat-25000-puff-disposable-vape","8":"product_cat-aivono-vape","9":"product_cat-big-puffs-disposable-vapes","10":"product_cat-digital-disposable-vapes","11":"product_cat-fance-hot-sale-vape","12":"product_cat-germany-best-selling-vape","13":"product_cat-italy-wholesale-vape","14":"product_cat-low-nicotine-disposable-vapes","15":"product_cat-minimum-order-quantity-50pcs","16":"product_cat-netherlands-hot-sale-vape","17":"product_cat-poland-hot-sale-vape","18":"product_cat-rechargeable-disposable-vapes","19":"product_cat-rechargeable-vapes","20":"product_cat-smart-screen-disposable-vapes","21":"product_cat-smart-screen-vapes","22":"product_cat-spain-best-hot-sale-vape","23":"product_tag-disposable-vape","24":"product_tag-disposable-vape-wholesale","25":"product_tag-puff-25k","26":"product_tag-smart-screen-disposable-vape","27":"product_tag-vape-wholesale","28":"product_tag-vapes","29":"desktop-align-left","30":"tablet-align-left","31":"mobile-align-left","33":"first","34":"instock","35":"sale","36":"shipping-taxable","37":"purchasable","38":"product-type-simple"},"uagb_featured_image_src":{"full":["https:\/\/rmvapesale.com\/wp-content\/uploads\/2024\/09\/Aivono-Aim-Boom-25000-Puffs-Star-Flexible-Screen-Vape.png",808,808,false],"thumbnail":["https:\/\/rmvapesale.com\/wp-content\/uploads\/2024\/09\/Aivono-Aim-Boom-25000-Puffs-Star-Flexible-Screen-Vape-150x150.png",150,150,true],"medium":["https:\/\/rmvapesale.com\/wp-content\/uploads\/2024\/09\/Aivono-Aim-Boom-25000-Puffs-Star-Flexible-Screen-Vape-300x300.png",300,300,true],"medium_large":["https:\/\/rmvapesale.com\/wp-content\/uploads\/2024\/09\/Aivono-Aim-Boom-25000-Puffs-Star-Flexible-Screen-Vape-768x768.png",768,768,true],"large":["https:\/\/rmvapesale.com\/wp-content\/uploads\/2024\/09\/Aivono-Aim-Boom-25000-Puffs-Star-Flexible-Screen-Vape.png",808,808,false],"1536x1536":["https:\/\/rmvapesale.com\/wp-content\/uploads\/2024\/09\/Aivono-Aim-Boom-25000-Puffs-Star-Flexible-Screen-Vape.png",808,808,false],"2048x2048":["https:\/\/rmvapesale.com\/wp-content\/uploads\/2024\/09\/Aivono-Aim-Boom-25000-Puffs-Star-Flexible-Screen-Vape.png",808,808,false],"trp-custom-language-flag":["https:\/\/rmvapesale.com\/wp-content\/uploads\/2024\/09\/Aivono-Aim-Boom-25000-Puffs-Star-Flexible-Screen-Vape.png",12,12,false],"woocommerce_thumbnail":["https:\/\/rmvapesale.com\/wp-content\/uploads\/2024\/09\/Aivono-Aim-Boom-25000-Puffs-Star-Flexible-Screen-Vape-300x300.png",300,300,true],"woocommerce_single":["https:\/\/rmvapesale.com\/wp-content\/uploads\/2024\/09\/Aivono-Aim-Boom-25000-Puffs-Star-Flexible-Screen-Vape-600x600.png",600,600,true],"woocommerce_gallery_thumbnail":["https:\/\/rmvapesale.com\/wp-content\/uploads\/2024\/09\/Aivono-Aim-Boom-25000-Puffs-Star-Flexible-Screen-Vape-100x100.png",100,100,true],"wcpr-photo-reviews":["https:\/\/rmvapesale.com\/wp-content\/uploads\/2024\/09\/Aivono-Aim-Boom-25000-Puffs-Star-Flexible-Screen-Vape.png",500,500,false]},"uagb_author_info":{"display_name":"AMY","author_link":"https:\/\/rmvapesale.com\/ro\/author\/"},"uagb_comment_info":0,"uagb_excerpt":"Aivono Aim Boom 25000 Puffs Smart Screen E Cigarettes Aim Boom 25000 Puffs Smart Screen Disposable Vape Wholesale Aivono Aim Boom 25000 Smart Screen Disposalbe Vape Flavour WhatsApp: +86 17776015835 &nbsp;","_links":{"self":[{"href":"https:\/\/rmvapesale.com\/ro\/wp-json\/wp\/v2\/product\/2276","targetHints":{"allow":["GET"]}}],"collection":[{"href":"https:\/\/rmvapesale.com\/ro\/wp-json\/wp\/v2\/product"}],"about":[{"href":"https:\/\/rmvapesale.com\/ro\/wp-json\/wp\/v2\/types\/product"}],"replies":[{"embeddable":true,"href":"https:\/\/rmvapesale.com\/ro\/wp-json\/wp\/v2\/comments?post=2276"}],"wp:featuredmedia":[{"embeddable":true,"href":"https:\/\/rmvapesale.com\/ro\/wp-json\/wp\/v2\/media\/2279"}],"wp:attachment":[{"href":"https:\/\/rmvapesale.com\/ro\/wp-json\/wp\/v2\/media?parent=2276"}],"wp:term":[{"taxonomy":"product_brand","embeddable":true,"href":"https:\/\/rmvapesale.com\/ro\/wp-json\/wp\/v2\/product_brand?post=2276"},{"taxonomy":"product_cat","embeddable":true,"href":"https:\/\/rmvapesale.com\/ro\/wp-json\/wp\/v2\/product_cat?post=2276"},{"taxonomy":"product_tag","embeddable":true,"href":"https:\/\/rmvapesale.com\/ro\/wp-json\/wp\/v2\/product_tag?post=2276"}],"curies":[{"name":"wp","href":"https:\/\/api.w.org\/{rel}","templated":true}]}}