{"id":2290,"date":"2024-10-07T08:22:06","date_gmt":"2024-10-07T08:22:06","guid":{"rendered":"https:\/\/rmvapesale.com\/?post_type=product&#038;p=2290"},"modified":"2025-01-21T10:00:27","modified_gmt":"2025-01-21T10:00:27","slug":"aivono-aim-magic-20000-20k-puffs-disposable-vape-pod","status":"publish","type":"product","link":"https:\/\/rmvapesale.com\/ro\/product\/aivono-aim-magic-20000-20k-puffs-disposable-vape-pod\/","title":{"rendered":"Aivono Aim Magic 20000 20K Puffs Pod de unic\u0103 folosin\u021b\u0103"},"content":{"rendered":"<div class=\"B2VR9 CJHX3e\">\n<div class=\"wyccme\">\n<h1 class=\"LC20lb MBeuO DKV0Md\">Aivono Aim Magic 20000 20K Puffs Pod de unic\u0103 folosin\u021b\u0103<\/h1>\n<div class=\"flex-shrink-0 flex flex-col relative items-end\">\n<div>\n<div class=\"pt-0\">\n<div class=\"gizmo-bot-avatar flex h-8 w-8 items-center justify-center overflow-hidden rounded-full\">\n<div class=\"relative p-1 rounded-sm flex items-center justify-center bg-token-main-surface-primary text-token-text-primary h-8 w-8\"><\/div>\n<\/div>\n<\/div>\n<\/div>\n<\/div>\n<div class=\"group\/conversation-turn relative flex w-full min-w-0 flex-col agent-turn\">\n<div class=\"flex-col gap-1 md:gap-3\">\n<div class=\"flex max-w-full flex-col flex-grow\">\n<div class=\"min-h-8 text-message flex w-full flex-col items-end gap-2 whitespace-normal break-words [.text-message+&amp;]:mt-5\" dir=\"auto\" data-message-author-role=\"assistant\" data-message-id=\"871c1362-82be-4876-894c-d28f37ffd3d3\">\n<div class=\"flex w-full flex-col gap-1 empty:hidden first:pt-[3px]\">\n<div class=\"markdown prose w-full break-words dark:prose-invert light\">\n<p>V\u0103 prezent\u0103m <strong>Aivono Aim Magic 20000 20K Puffs Pod de unic\u0103 folosin\u021b\u0103<\/strong>, alegerea premium pentru o satisfac\u021bie extins\u0103 a vapatului. Cu un impresionant <strong>20.000 de pufuri<\/strong> \u0219i o capacitate de 24 ml de lichid pre-umplut, acest dispozitiv asigur\u0103 o experien\u021b\u0103 de lung\u0103 durat\u0103 \u0219i pl\u0103cut\u0103.<\/p>\n<p>Dispun\u00e2nd de o bobin\u0103 mesh de 1.0ohm \u0219i flux de aer reglabil, <strong>AIVINO AIM MAGIC 20000<\/strong> ofer\u0103 o produc\u021bie de vapori fin\u0103 \u0219i trageri personalizabile. \u00cen ciuda performan\u021bei sale excep\u021bionale, vine la un <strong>pre\u021b competitiv<\/strong>, oferind o valoare imbatabil\u0103 f\u0103r\u0103 a compromite calitatea.<\/p>\n<p>Perfect pentru comercian\u021bi cu am\u0103nuntul \u0219i angrosi\u0219ti, op\u021biunile noastre de <strong>engros<\/strong> permit afacerilor s\u0103 se aprovizioneze cu acest popular dispozitiv e-narghilea pentru a satisface eficient cerin\u021bele clien\u021bilor. \u00cen plus, bucura\u021bi-v\u0103 de comoditatea <strong>livr\u0103rii rapide<\/strong>, asigur\u00e2nd o livrare prompt\u0103 a vape-ului dvs. de unic\u0103 folosin\u021b\u0103 AIVINO AIM MAGIC 20000 Puffs. Indiferent dac\u0103 sunte\u021bi un entuziast al vapatului, un comerciant cu am\u0103nuntul sau un angrosist, aceasta este alegerea dvs. ideal\u0103.<\/p>\n<p>&nbsp;<\/p>\n<\/div>\n<\/div>\n<\/div>\n<\/div>\n<\/div>\n<\/div>\n<\/div>\n<\/div>\n<p><strong>Contacta\u021bi-o pe Amy pentru a ob\u021bine un r\u0103spuns corect \u0219i mai multe videoclipuri cu produse!<\/strong><\/p>\n<p><img loading=\"lazy\" decoding=\"async\" class=\"size-full wp-image-1978\" src=\"https:\/\/rmvapesale.com\/wp-content\/uploads\/2024\/09\/Disposable-Vape-Wholesale.jpg\" alt=\"\u021aig\u0103ri electronice de unic\u0103 folosin\u021b\u0103 en-gros\" width=\"229\" height=\"300\" \/><\/p>\n<h3><span style=\"color: #ff0000\"><strong>WhatsApp: +86 17776015835<\/strong><\/span><\/h3>\n<p>&nbsp;<\/p>\n<h2><\/h2>\n<h2><strong>Aivono Aim Magic 20000 Puffs Vape Caracteristici Cheie<\/strong><\/h2>\n<p>Pufuri: 20000 pufuri<br \/>\nCapacitate e-lichid: 24ml<br \/>\nCapacitate: 600mA (re\u00eenc\u0103rcabil\u0103)<br \/>\nRezisten\u021b\u0103 fir bobin\u0103: 1.0\u03a9 miez dublu de plas\u0103<br \/>\n30 de minute de \u00eenc\u0103rcare complet\u0103<br \/>\nReglabil sc\u0103zut-Normal-\u00eenalt-intens<br \/>\nBaterie<br \/>\nSelec\u021bia luminii LED<br \/>\nBobine duble de plas\u0103<br \/>\nDimensiune produs: 43*102mm<br \/>\nCon\u021binut de sare de nicotin\u0103: 5%\/3%\/2%\/0%<br \/>\nRe\u00eenc\u0103rcabil: Tip-C<\/p>\n<h2><\/h2>\n<h2><strong>Arom\u0103 de top pentru Aivono Aim Magic 20000 Pufuri<\/strong><\/h2>\n<p>Aivono Aim Magic 20000 20K Pufuri \u021aigar\u0103 Electronic\u0103 de Unic\u0103 Folosin\u021b\u0103 ofer\u0103 15 arome delicioase, alege dintr-o varietate de arome, inclusiv tutun clasic, ment\u0103 r\u0103coritoare \u0219i dulcea\u021ba exotic\u0103 a strugurilor, fiecare promi\u021b\u00e2nd o c\u0103l\u0103torie bogat\u0103 \u0219i satisf\u0103c\u0103toare cu fiecare puf.<\/p>\n<p>1. Zmeur\u0103 Albastr\u0103 cu Ghea\u021b\u0103<span style=\"color: #ff0000\"><strong>&gt;&gt;&gt;&gt; Fierbinte!<\/strong><\/span><br \/>\n2. Ghea\u021b\u0103 de Afine<br \/>\n3. Ment\u0103 R\u0103coroas\u0103<span style=\"color: #ff0000\"><strong>&gt;&gt;&gt;&gt; Fierbinte!<\/strong><\/span><br \/>\n4. Ghea\u021b\u0103 de Struguri<br \/>\n5. Mango Ananas<br \/>\n6. Fructe de P\u0103dure Mixte<br \/>\n7. Ghea\u021b\u0103 de Piersici<br \/>\n8. Ananas Nuc\u0103 de Cocos<br \/>\n9. Ghea\u021b\u0103 de l\u0103m\u00e2ie roz<br \/>\n10. \u00cenghe\u021bat\u0103 de c\u0103p\u0219uni<span style=\"color: #ff0000\"><strong>&gt;&gt;&gt;&gt; Fierbinte!<\/strong><\/span><br \/>\n11. Ghea\u021b\u0103 de c\u0103p\u0219uni<br \/>\n12. C\u0103p\u0219uni Kiwi<br \/>\n13. C\u0103p\u0219uni pepene verde<br \/>\n14. Gum\u0103 de mestecat cu pepene verde<span style=\"color: #ff0000\"><strong>&gt;&gt;&gt;&gt; Cel mai bun!<\/strong><\/span><br \/>\n15. Ghea\u021b\u0103 de pepene verde<\/p>\n<figure id=\"attachment_2288\" aria-describedby=\"caption-attachment-2288\" style=\"width: 808px\" class=\"wp-caption alignnone\"><img loading=\"lazy\" decoding=\"async\" class=\"wp-image-2288 size-full\" src=\"https:\/\/rmvapesale.com\/wp-content\/uploads\/2024\/09\/Aivono-Magic-20000-Puffs-Vape.jpg\" alt=\"\u021aigar\u0103 electronic\u0103 Aivono Magic 20000 de pufuri\" width=\"808\" height=\"977\" srcset=\"https:\/\/rmvapesale.com\/wp-content\/uploads\/2024\/09\/Aivono-Magic-20000-Puffs-Vape.jpg 808w, https:\/\/rmvapesale.com\/wp-content\/uploads\/2024\/09\/Aivono-Magic-20000-Puffs-Vape-248x300.jpg 248w, https:\/\/rmvapesale.com\/wp-content\/uploads\/2024\/09\/Aivono-Magic-20000-Puffs-Vape-768x929.jpg 768w, https:\/\/rmvapesale.com\/wp-content\/uploads\/2024\/09\/Aivono-Magic-20000-Puffs-Vape-600x725.jpg 600w\" sizes=\"auto, (max-width: 808px) 100vw, 808px\" \/><figcaption id=\"caption-attachment-2288\" class=\"wp-caption-text\">\u021aigar\u0103 electronic\u0103 Aivono Magic 20000 de pufuri<\/figcaption><\/figure>\n<h2><strong>\u00centreb\u0103ri pe care s-ar putea s\u0103 le ai despre Aivono Aim Magic 20k Vape Pod<\/strong><\/h2>\n<p>&nbsp;<\/p>\n<div class=\"flex-shrink-0 flex flex-col relative items-end\">\n<div>\n<div class=\"pt-0\">\n<div class=\"gizmo-bot-avatar flex h-8 w-8 items-center justify-center overflow-hidden rounded-full\">\n<div class=\"relative p-1 rounded-sm flex items-center justify-center bg-token-main-surface-primary text-token-text-primary h-8 w-8\"><\/div>\n<\/div>\n<\/div>\n<\/div>\n<\/div>\n<div class=\"group\/conversation-turn relative flex w-full min-w-0 flex-col agent-turn\">\n<div class=\"flex-col gap-1 md:gap-3\">\n<div class=\"flex max-w-full flex-col flex-grow\">\n<div class=\"min-h-8 text-message flex w-full flex-col items-end gap-2 whitespace-normal break-words [.text-message+&amp;]:mt-5\" dir=\"auto\" data-message-author-role=\"assistant\" data-message-id=\"f226d3fc-81f3-46d5-8c46-31787fff0357\">\n<div class=\"flex w-full flex-col gap-1 empty:hidden first:pt-[3px]\">\n<div class=\"markdown prose w-full break-words dark:prose-invert light\">\n<p><strong>1. C\u00e2te pufuri are \u021bigara electronic\u0103 Aivono Aim Magic 20k Puffs<\/strong><strong>\u00a0ofer\u0103?<\/strong><br \/>\nVaporizatorul Aivono Aim Magic 20k Puffs ofer\u0103 p\u00e2n\u0103 la 2500 de pufuri, dep\u0103\u0219ind cu mult capacitatea vaporizatoarelor de unic\u0103 folosin\u021b\u0103 tipice.<\/p>\n<p><strong>2.Ce arome sunt disponibile \u00een stiloul de vapat Aivono Aim Magic 20k Puffs?<\/strong><br \/>\nAromele populare includ Blue Razz Ice, Blueberry Ice, Cool Mint, Strawberry Ice Cream, Watermelon Bubble Gum etc.<\/p>\n<p><strong>3.Vaporizatorul Aivono Aim Magic 20k Puffs este potrivit pentru \u00eencep\u0103tori?<\/strong><br \/>\nDa, este perfecta pentru incepatori cu design-ul sau simplu, fara butoane - doar inhaleaza pentru a incepe sa vapezi.<\/p>\n<p><strong>4.Cum ar trebui sa-mi pastrez tigara electronica de unica folosinta?<\/strong><br \/>\nPastrati-o intr-un loc racoros si uscat, ferit de lumina directa a soarelui si departe de copii si animale de companie.<\/p>\n<p><strong>5.C\u00e2t timp rezist\u0103 vaporizatorul Aivono Aim Magic 20k Puffs?<\/strong><br \/>\nCu o capacitate de 20000 de pufuri, Aivono Aim Magic 20k Puffs poate rezista c\u00e2teva zile, \u00een func\u021bie de utilizare.<\/p>\n<\/div>\n<\/div>\n<\/div>\n<\/div>\n<\/div>\n<\/div>\n<p>&nbsp;<\/p>\n<h3><b>\u00centreb\u0103ri frecvente<\/b><\/h3>\n<p>&nbsp;<\/p>\n<div class=\"flex-shrink-0 flex flex-col relative items-end\">\n<div>\n<div class=\"pt-0\">\n<div class=\"gizmo-bot-avatar flex h-8 w-8 items-center justify-center overflow-hidden rounded-full\">\n<div class=\"relative p-1 rounded-sm flex items-center justify-center bg-token-main-surface-primary text-token-text-primary h-8 w-8\"><strong>Ce metode de livrare sunt folosite?<\/strong><\/div>\n<\/div>\n<\/div>\n<\/div>\n<\/div>\n<div class=\"group\/conversation-turn relative flex w-full min-w-0 flex-col agent-turn\">\n<div class=\"flex-col gap-1 md:gap-3\">\n<div class=\"flex max-w-full flex-col flex-grow\">\n<div class=\"min-h-[20px] text-message flex w-full flex-col items-end gap-2 whitespace-normal break-words [.text-message+&amp;]:mt-5 overflow-x-auto\" dir=\"auto\" data-message-author-role=\"assistant\" data-message-id=\"22f8283b-3233-46ff-89a5-c7a41b33abda\">\n<div class=\"flex w-full flex-col gap-1 empty:hidden first:pt-[3px]\">\n<div class=\"markdown prose w-full break-words dark:prose-invert light\">\n<p>Colabor\u0103m cu UPS, DHL, FedEx, DPD \u0219i al\u021bi transportatori de top. Vom selecta cea mai bun\u0103 metod\u0103 de expediere \u00een func\u021bie de loca\u021bia dvs. de livrare pentru a ne asigura c\u0103 ve\u021bi primi produsele c\u00e2t mai repede posibil.<\/p>\n<\/div>\n<p><strong>Cat dureaza pana ajunge comanda?<\/strong><\/p>\n<p>Pachetele expediate \u00een Rom\u00e2nia ajung de obicei \u00een 10 zile lucr\u0103toare. Livrarea \u00een \u021b\u0103rile europene dureaz\u0103, \u00een general, aproximativ 12-15 zile lucr\u0103toare. V\u0103 vom oferi actualiz\u0103ri \u00een timp real cu privire la starea expedierii dumneavoastr\u0103.<\/p>\n<\/div>\n<p><strong>Garan\u021bie<\/strong><\/p>\n<p><span style=\"color: #ff0000\"><strong>Toate produsele din magazinul nostru sunt garantate a fi 100% originale \u0219i autentice. Oferim o compensa\u021bie de 10 ori pentru produsele contraf\u0103cute!<\/strong><\/span><\/p>\n<div class=\"flex w-full flex-col gap-1 empty:hidden first:pt-[3px]\">\n<p>&nbsp;<\/p>\n<\/div>\n<\/div>\n<\/div>\n<\/div>\n<\/div>\n<p>&nbsp;<\/p>\n<p>Alte produse vape populare care v-ar putea pl\u0103cea:<\/p>\n<p>&nbsp;<\/p>\n<p><a href=\"https:\/\/rmvapesale.com\/ro\/product\/mesii-visual-box-16000-puffs-disposable-vape-full-screen\/\"><strong>MESii Visual Box 16000 Pufuri\u00a0 <span style=\"color: #ff0000\">&gt;&gt;&gt;&gt; merge\u021bi!<\/span><\/strong><\/a><\/p>\n<p><strong><a href=\"https:\/\/rmvapesale.com\/ro\/product\/uzy-qute-800-puffs-disposable-vape-original-wholesale\/\">UZY QUTE 800 Puffs <span style=\"color: #ff0000\">&gt;&gt;&gt;&gt; merge\u021bi!<\/span><\/a>\u00a0<\/strong><\/p>\n<p><a href=\"https:\/\/rmvapesale.com\/ro\/product\/waspe-20000-puffs-dual-mesh-box-disposable-vape\/\"><strong>WASPE 20000 Pufuri <span style=\"color: #ff0000\">&gt;&gt;&gt;&gt; merge\u021bi!<\/span><\/strong><\/a><\/p>\n<p>&nbsp;<\/p>\n<p>&nbsp;<\/p>\n<p>G\u0103si\u021bi mai multe produse de vapat care v-ar putea pl\u0103cea:<strong><em><a href=\"https:\/\/rmvapesale.com\/ro\/shop-2\/\">cump\u0103r\u0103 acum &gt;&gt;&gt;<\/a><\/em><\/strong><\/p>","protected":false},"excerpt":{"rendered":"<p>Engros Aivono Vapes Aim Magic 20000 Puffs<br \/>\nEngros Aivono Aim Magic 20000 20K Puffs Bar<br \/>\nAIVONO AIM MAGIC 20000 Puffs 0% 2% 3% 5% Nicotin\u0103<\/p>\n<p><img loading=\"lazy\" decoding=\"async\" class=\"size-full wp-image-1978\" src=\"https:\/\/rmvapesale.com\/wp-content\/uploads\/2024\/09\/Disposable-Vape-Wholesale.jpg\" alt=\"\u021aig\u0103ri electronice de unic\u0103 folosin\u021b\u0103 en-gros\" width=\"229\" height=\"300\" \/><\/p>\n<h3><span style=\"color: #ff0000\"><strong>WhatsApp: +86 17776015835<\/strong><\/span><\/h3>\n<p>&nbsp;<\/p>","protected":false},"featured_media":2286,"comment_status":"open","ping_status":"closed","template":"","meta":{"_uag_custom_page_level_css":"","_lmt_disableupdate":"no","_lmt_disable":"","site-sidebar-layout":"default","site-content-layout":"content-boxed-container","ast-site-content-layout":"normal-width-container","site-content-style":"boxed","site-sidebar-style":"unboxed","ast-global-header-display":"","ast-banner-title-visibility":"","ast-main-header-display":"","ast-hfb-above-header-display":"","ast-hfb-below-header-display":"","ast-hfb-mobile-header-display":"","site-post-title":"","ast-breadcrumbs-content":"","ast-featured-img":"","footer-sml-layout":"","theme-transparent-header-meta":"default","adv-header-id-meta":"","stick-header-meta":"","header-above-stick-meta":"","header-main-stick-meta":"","header-below-stick-meta":"","astra-migrate-meta-layouts":"set","ast-page-background-enabled":"default","ast-page-background-meta":{"desktop":{"background-color":"var(--ast-global-color-4)","background-image":"","background-repeat":"repeat","background-position":"center center","background-size":"auto","background-attachment":"scroll","background-type":"","background-media":"","overlay-type":"","overlay-color":"","overlay-opacity":"","overlay-gradient":""},"tablet":{"background-color":"","background-image":"","background-repeat":"repeat","background-position":"center center","background-size":"auto","background-attachment":"scroll","background-type":"","background-media":"","overlay-type":"","overlay-color":"","overlay-opacity":"","overlay-gradient":""},"mobile":{"background-color":"","background-image":"","background-repeat":"repeat","background-position":"center center","background-size":"auto","background-attachment":"scroll","background-type":"","background-media":"","overlay-type":"","overlay-color":"","overlay-opacity":"","overlay-gradient":""}},"ast-content-background-meta":{"desktop":{"background-color":"var(--ast-global-color-5)","background-image":"","background-repeat":"repeat","background-position":"center center","background-size":"auto","background-attachment":"scroll","background-type":"","background-media":"","overlay-type":"","overlay-color":"","overlay-opacity":"","overlay-gradient":""},"tablet":{"background-color":"var(--ast-global-color-5)","background-image":"","background-repeat":"repeat","background-position":"center center","background-size":"auto","background-attachment":"scroll","background-type":"","background-media":"","overlay-type":"","overlay-color":"","overlay-opacity":"","overlay-gradient":""},"mobile":{"background-color":"var(--ast-global-color-5)","background-image":"","background-repeat":"repeat","background-position":"center center","background-size":"auto","background-attachment":"scroll","background-type":"","background-media":"","overlay-type":"","overlay-color":"","overlay-opacity":"","overlay-gradient":""}},"_joinchat":[]},"product_brand":[],"product_cat":[15,289,291,292,293,299,276,255,25,26,28,27,137,136,30],"product_tag":[122,66,101,121,115,120,116],"class_list":{"0":"post-2290","1":"product","2":"type-product","3":"status-publish","4":"has-post-thumbnail","6":"product_cat-new-vape-this-week","7":"product_cat-big-puffs-disposable-vapes","8":"product_cat-dual-mesh-disposable-vapes","9":"product_cat-digital-disposable-vapes","10":"product_cat-low-nicotine-disposable-vapes","11":"product_cat-smart-screen-disposable-vapes","12":"product_cat-aivono-vape","13":"product_cat-20000-puff-disposable-vape","14":"product_cat-germany-best-selling-vape","15":"product_cat-netherlands-hot-sale-vape","16":"product_cat-poland-hot-sale-vape","17":"product_cat-fance-hot-sale-vape","18":"product_cat-rechargeable-vapes","19":"product_cat-smart-screen-vapes","20":"product_cat-minimum-order-quantity-50pcs","21":"product_tag-aim-vapes","22":"product_tag-disposable-vape","23":"product_tag-led-display-vape","24":"product_tag-puff-20k","25":"product_tag-smart-screen-disposable-vape","26":"product_tag-vape-wholesale","27":"product_tag-vapes","28":"desktop-align-left","29":"tablet-align-left","30":"mobile-align-left","32":"first","33":"instock","34":"sale","35":"shipping-taxable","36":"purchasable","37":"product-type-simple"},"uagb_featured_image_src":{"full":["https:\/\/rmvapesale.com\/wp-content\/uploads\/2024\/09\/AIVONO-AIM-MAGIC20000-Puffs.jpg",808,808,false],"thumbnail":["https:\/\/rmvapesale.com\/wp-content\/uploads\/2024\/09\/AIVONO-AIM-MAGIC20000-Puffs-150x150.jpg",150,150,true],"medium":["https:\/\/rmvapesale.com\/wp-content\/uploads\/2024\/09\/AIVONO-AIM-MAGIC20000-Puffs-300x300.jpg",300,300,true],"medium_large":["https:\/\/rmvapesale.com\/wp-content\/uploads\/2024\/09\/AIVONO-AIM-MAGIC20000-Puffs-768x768.jpg",768,768,true],"large":["https:\/\/rmvapesale.com\/wp-content\/uploads\/2024\/09\/AIVONO-AIM-MAGIC20000-Puffs.jpg",808,808,false],"1536x1536":["https:\/\/rmvapesale.com\/wp-content\/uploads\/2024\/09\/AIVONO-AIM-MAGIC20000-Puffs.jpg",808,808,false],"2048x2048":["https:\/\/rmvapesale.com\/wp-content\/uploads\/2024\/09\/AIVONO-AIM-MAGIC20000-Puffs.jpg",808,808,false],"trp-custom-language-flag":["https:\/\/rmvapesale.com\/wp-content\/uploads\/2024\/09\/AIVONO-AIM-MAGIC20000-Puffs.jpg",12,12,false],"woocommerce_thumbnail":["https:\/\/rmvapesale.com\/wp-content\/uploads\/2024\/09\/AIVONO-AIM-MAGIC20000-Puffs-300x300.jpg",300,300,true],"woocommerce_single":["https:\/\/rmvapesale.com\/wp-content\/uploads\/2024\/09\/AIVONO-AIM-MAGIC20000-Puffs-600x600.jpg",600,600,true],"woocommerce_gallery_thumbnail":["https:\/\/rmvapesale.com\/wp-content\/uploads\/2024\/09\/AIVONO-AIM-MAGIC20000-Puffs-100x100.jpg",100,100,true],"wcpr-photo-reviews":["https:\/\/rmvapesale.com\/wp-content\/uploads\/2024\/09\/AIVONO-AIM-MAGIC20000-Puffs.jpg",500,500,false]},"uagb_author_info":{"display_name":"AMY","author_link":"https:\/\/rmvapesale.com\/ro\/author\/"},"uagb_comment_info":0,"uagb_excerpt":"Wholesale Aivono Vapes Aim Magic 20000 Puffs Wholesale Aivono Aim Magic 20000 20K Puffs Bar AIVONO AIM MAGIC 20000 Puffs 0% 2% 3% 5% Nicotine WhatsApp: +86 17776015835 &nbsp;","_links":{"self":[{"href":"https:\/\/rmvapesale.com\/ro\/wp-json\/wp\/v2\/product\/2290","targetHints":{"allow":["GET"]}}],"collection":[{"href":"https:\/\/rmvapesale.com\/ro\/wp-json\/wp\/v2\/product"}],"about":[{"href":"https:\/\/rmvapesale.com\/ro\/wp-json\/wp\/v2\/types\/product"}],"replies":[{"embeddable":true,"href":"https:\/\/rmvapesale.com\/ro\/wp-json\/wp\/v2\/comments?post=2290"}],"wp:featuredmedia":[{"embeddable":true,"href":"https:\/\/rmvapesale.com\/ro\/wp-json\/wp\/v2\/media\/2286"}],"wp:attachment":[{"href":"https:\/\/rmvapesale.com\/ro\/wp-json\/wp\/v2\/media?parent=2290"}],"wp:term":[{"taxonomy":"product_brand","embeddable":true,"href":"https:\/\/rmvapesale.com\/ro\/wp-json\/wp\/v2\/product_brand?post=2290"},{"taxonomy":"product_cat","embeddable":true,"href":"https:\/\/rmvapesale.com\/ro\/wp-json\/wp\/v2\/product_cat?post=2290"},{"taxonomy":"product_tag","embeddable":true,"href":"https:\/\/rmvapesale.com\/ro\/wp-json\/wp\/v2\/product_tag?post=2290"}],"curies":[{"name":"wp","href":"https:\/\/api.w.org\/{rel}","templated":true}]}}