{"id":2298,"date":"2024-10-08T08:30:16","date_gmt":"2024-10-08T08:30:16","guid":{"rendered":"https:\/\/rmvapesale.com\/?post_type=product&#038;p=2298"},"modified":"2025-01-14T09:46:47","modified_gmt":"2025-01-14T09:46:47","slug":"uwin-crystal-10000-puff-disposable-vape-wholesale-price","status":"publish","type":"product","link":"https:\/\/rmvapesale.com\/ro\/product\/uwin-crystal-10000-puff-disposable-vape-wholesale-price\/","title":{"rendered":"UWIN CRYSTAL 10000 Puff Tigara Electronica de Unica Folosinta Pret en-gros"},"content":{"rendered":"<div class=\"B2VR9 CJHX3e\">\n<div class=\"wyccme\">\n<h1 class=\"LC20lb MBeuO DKV0Md\">UWIN CRYSTAL 10000 Puff Tigara Electronica de Unica Folosinta Pret en-gros<\/h1>\n<div class=\"flex-shrink-0 flex flex-col relative items-end\">\n<div>\n<div class=\"pt-0\">\n<div class=\"gizmo-bot-avatar flex h-8 w-8 items-center justify-center overflow-hidden rounded-full\">\n<div class=\"relative p-1 rounded-sm flex items-center justify-center bg-token-main-surface-primary text-token-text-primary h-8 w-8\"><\/div>\n<\/div>\n<\/div>\n<\/div>\n<\/div>\n<div class=\"group\/conversation-turn relative flex w-full min-w-0 flex-col agent-turn\">\n<div class=\"flex-col gap-1 md:gap-3\">\n<div class=\"flex max-w-full flex-col flex-grow\">\n<div class=\"min-h-8 text-message flex w-full flex-col items-end gap-2 whitespace-normal break-words [.text-message+&amp;]:mt-5\" dir=\"auto\" data-message-author-role=\"assistant\" data-message-id=\"871c1362-82be-4876-894c-d28f37ffd3d3\">\n<div class=\"flex w-full flex-col gap-1 empty:hidden first:pt-[3px]\">\n<div class=\"markdown prose w-full break-words dark:prose-invert light\">\n<p>UWIN CRYSTAL 10000 Puff Vape de unic\u0103 folosin\u021b\u0103 disponibil en gros pe rmvapesale acum! Acest pod de vape este alegerea ta suprem\u0103 pentru o experien\u021b\u0103 de vaping premium\u0103! Cu op\u021biuni de nicotin\u0103 0%, 2%, 3% sau 5%, acest dispozitiv se potrive\u0219te diferitelor preferin\u021be. Fiecare unitate are impresionan\u021bi 10.000 de pufuri \u0219i o capacitate generoas\u0103 de 18 ml, asigur\u00e2nd o pl\u0103cere de lung\u0103 durat\u0103.<\/p>\n<p>Proiectat pentru confort, UWIN CRYSTAL 10K are o baterie re\u00eenc\u0103rcabil\u0103 de 650 mAh cu port type-C de cobalt \u0219i o bobin\u0103 din plas\u0103 de 0.8 ohmi pentru livrarea optim\u0103 a aromei, fiind ideal pentru cump\u0103r\u0103torii en gros. Luminile RGB vibrante adaug\u0103 un plus de stil, \u00een timp ce cele 15 arome disponibile satisfac toate gusturile.<\/p>\n<p>Ridic\u0103-\u021bi nivelul vapingului cu pre\u021bul en gros pentru UWIN CRYSTAL 10000 Puff Vape ast\u0103zi!<\/p>\n<p>&nbsp;<\/p>\n<\/div>\n<\/div>\n<\/div>\n<\/div>\n<\/div>\n<\/div>\n<\/div>\n<\/div>\n<p><strong>Contacta\u021bi-o pe Amy pentru a ob\u021bine un r\u0103spuns corect \u0219i mai multe videoclipuri cu produse!<\/strong><\/p>\n<p><img loading=\"lazy\" decoding=\"async\" class=\"size-full wp-image-1978\" src=\"https:\/\/rmvapesale.com\/wp-content\/uploads\/2024\/09\/Disposable-Vape-Wholesale.jpg\" alt=\"\u021aig\u0103ri electronice de unic\u0103 folosin\u021b\u0103 en-gros\" width=\"229\" height=\"300\" \/><\/p>\n<h3><a href=\"https:\/\/wa.me\/8617776015835\" target=\"_blank\" rel=\"noopener\"><span style=\"color: #ff0000\"><strong>WhatsApp: +86 17776015835<\/strong><\/span><\/a><\/h3>\n<p>&nbsp;<\/p>\n<h2><\/h2>\n<h2><strong>Caracteristici cheie ale UWIN CRYSTAL 10000 Puff Vape<\/strong><\/h2>\n<p>0% 2% 3% 5% Nicotin\u0103<br \/>\nPufuri: 10000<br \/>\nCapacitate: 18ml<br \/>\n200 buc \/ Palet\u0103<br \/>\n10 buc \/ Cutie<br \/>\n15 arome disponibile<br \/>\nPort type-C re\u00eenc\u0103rcabil de 650 mAh cu cobalt<br \/>\nBobin\u0103: bobin\u0103 din plas\u0103 de 0.8 ohmi<br \/>\nFiecare palet\u0103: 17.3 kg<br \/>\nDimensiune palet\u0103: 36.5*36.7*31.5 CM<br \/>\nLUMINII RGB<\/p>\n<p><img loading=\"lazy\" decoding=\"async\" class=\"wp-image-2958 size-full\" src=\"https:\/\/rmvapesale.com\/wp-content\/uploads\/2025\/01\/Uwin-Crystal-10000-Disposable-Vape-Bulk-Buy.webp\" alt=\"Uwin Crystal 10000 Dispozitiv de Vape de unic\u0103 folosin\u021b\u0103 - Achizi\u021bie en-gros\" width=\"1000\" height=\"1000\" srcset=\"https:\/\/rmvapesale.com\/wp-content\/uploads\/2025\/01\/Uwin-Crystal-10000-Disposable-Vape-Bulk-Buy.webp 1000w, https:\/\/rmvapesale.com\/wp-content\/uploads\/2025\/01\/Uwin-Crystal-10000-Disposable-Vape-Bulk-Buy-300x300.webp 300w, https:\/\/rmvapesale.com\/wp-content\/uploads\/2025\/01\/Uwin-Crystal-10000-Disposable-Vape-Bulk-Buy-150x150.webp 150w, https:\/\/rmvapesale.com\/wp-content\/uploads\/2025\/01\/Uwin-Crystal-10000-Disposable-Vape-Bulk-Buy-768x768.webp 768w, https:\/\/rmvapesale.com\/wp-content\/uploads\/2025\/01\/Uwin-Crystal-10000-Disposable-Vape-Bulk-Buy-600x600.webp 600w, https:\/\/rmvapesale.com\/wp-content\/uploads\/2025\/01\/Uwin-Crystal-10000-Disposable-Vape-Bulk-Buy-100x100.webp 100w\" sizes=\"auto, (max-width: 1000px) 100vw, 1000px\" \/><\/p>\n<h2><\/h2>\n<h2><strong>Arome de top pentru UWIN CRYSTAL 10000 Puff<\/strong><\/h2>\n<p>UWIN CRYSTAL 10000 Puff Disposable Vape Pod ofer\u0103 15 arome delicioase, alege dintr-o varietate de arome, inclusiv menta r\u0103coritoare clasic\u0103 \u0219i dulcea\u021ba exotic\u0103 a strugurelui, fiecare promi\u021b\u00e2nd o experien\u021b\u0103 bogat\u0103 \u0219i satisf\u0103c\u0103toare la fiecare puf.<\/p>\n<p>1. Afine Zmeur\u0103<br \/>\nGhea\u021b\u0103 cu struguri<span style=\"color: #ff0000\"><strong>&gt;&gt;&gt;&gt; Fierbinte!<\/strong><\/span><br \/>\n3.Capsuni Pepene<br \/>\nGhea\u021b\u0103 cu afine<br \/>\nGhea\u021b\u0103 cu pepene verde<span style=\"color: #ff0000\"><strong>&gt;&gt;&gt;&gt; Fierbinte!<\/strong><\/span><br \/>\nGhea\u021b\u0103 cu cire\u0219e<br \/>\nC\u0103p\u0219uni, zmeur\u0103, cire\u0219e<br \/>\nKiwi, fruct de pasiune, guava<br \/>\nGhea\u021b\u0103 cu c\u0103p\u0219uni<br \/>\nGhea\u021b\u0103 cu piersici<br \/>\nC\u0103p\u0219uni \u0219i kiwi<br \/>\nFruct de p\u0103dure cu piersici<br \/>\nCola cu cire\u0219e<br \/>\nFructe de p\u0103dure mixte<br \/>\nDomnul albastru<span style=\"color: #ff0000\"><strong>&gt;&gt;&gt;&gt; Cel mai bun!<\/strong><\/span><\/p>\n<p>&nbsp;<\/p>\n<div class=\"flex-shrink-0 flex flex-col relative items-end\">\n<div>\n<div class=\"pt-0\">\n<div class=\"gizmo-bot-avatar flex h-8 w-8 items-center justify-center overflow-hidden rounded-full\">\n<div class=\"relative p-1 rounded-sm flex items-center justify-center bg-token-main-surface-primary text-token-text-primary h-8 w-8\">\n<h3><b>\u00centreb\u0103ri frecvente<\/b><\/h3>\n<p>&nbsp;<\/p>\n<\/div>\n<\/div>\n<\/div>\n<\/div>\n<\/div>\n<div class=\"group\/conversation-turn relative flex w-full min-w-0 flex-col agent-turn\">\n<div class=\"flex-col gap-1 md:gap-3\">\n<div class=\"flex max-w-full flex-col flex-grow\">\n<div class=\"min-h-8 text-message flex w-full flex-col items-end gap-2 whitespace-normal break-words [.text-message+&amp;]:mt-5\" dir=\"auto\" data-message-author-role=\"assistant\" data-message-id=\"f226d3fc-81f3-46d5-8c46-31787fff0357\">\n<div class=\"flex w-full flex-col gap-1 empty:hidden first:pt-[3px]\">\n<div class=\"markdown prose w-full break-words dark:prose-invert light\">\n<p><strong>\u00centrebare 1: Care sunt nivelurile disponibile de nicotin\u0103 pentru UWIN CRYSTAL 10000 Puf Vape de unic\u0103 folosin\u021b\u0103?<\/strong><br \/>\nR\u0103spuns 1: UWIN CRYSTAL ofer\u0103 op\u021biuni de nicotin\u0103 de 0%, 2%, 3% \u0219i 5%, permi\u021b\u00e2ndu-v\u0103 s\u0103 alege\u021bi nivelul care vi se potrive\u0219te cel mai bine.<\/p>\n<p><strong>\u00centrebare 2: C\u00e2te pufuri pot a\u0219tepta de la UWIN CRYSTAL 10000 Puf Vape de unic\u0103 folosin\u021b\u0103?<\/strong><br \/>\nR\u0103spuns 2: Fiecare dispozitiv vape ofer\u0103 impresionan\u021bi 10.000 de pufuri, fiind o op\u021biune de durat\u0103 pentru vaperi.<\/p>\n<p><strong>\u00centrebare 3: Care este capacitatea vape-ului UWIN CRYSTAL?<\/strong><br \/>\nR\u0103spuns 3: UWIN CRYSTAL are o capacitate de 18ml, asigur\u00e2nd suficient lichid pentru utilizare prelungit\u0103.<\/p>\n<p><strong>\u00centrebare 4: C\u00e2te arome sunt disponibile pentru UWIN CRYSTAL?<\/strong><br \/>\nA4: Exist\u0103 15 arome interesante din care po\u021bi alege, inclusiv Afine Zmeur\u0103, Strugure Ghea\u021b\u0103, C\u0103p\u0219uni Pepene Verde \u0219i multe altele.<\/p>\n<p><strong>Q5: Este UWIN CRYSTAL re\u00eenc\u0103rcabil?<\/strong><br \/>\nA5: Da! UWIN CRYSTAL are o baterie re\u00eenc\u0103rcabil\u0103 de 650 mAh, cu un port convenabil de tip C cobalt.<\/p>\n<p><strong>Q6: Ce tip de bobin\u0103 folose\u0219te UWIN CRYSTAL?<\/strong><br \/>\nA6: Acest vape utilizeaz\u0103 o bobin\u0103 din plas\u0103 de 0.8 ohmi, asigur\u00e2nd o experien\u021b\u0103 de vaping lin\u0103 \u0219i plin\u0103 de arom\u0103.<\/p>\n<p><strong>Q7: Care este configura\u021bia de ambalare pentru comenzile en gros?<\/strong><br \/>\nA7: UWIN CRYSTAL vine \u00een cutii de 200 de buc\u0103\u021bi, cu 10 vape-uri pe cutie, fiind ideal pentru cump\u0103r\u0103torii en gros.<\/p>\n<p><strong>Q8: C\u00e2t cost\u0103 vape-ul de unic\u0103 folosin\u021b\u0103 UWIN CRYSTAL 10000 Pufuri?<\/strong><br \/>\nA8: Pentru \u00eentreb\u0103ri despre pre\u021buri, v\u0103 rug\u0103m s\u0103 ne contacta\u021bi direct pentru pre\u021bul vape-ului de unic\u0103 folosin\u021b\u0103 UWIN CRYSTAL 10000 Pufuri.<\/p>\n<p><strong>Q9: Pot achizi\u021biona en gros pod-urile UWIN CRYSTAL 10000 Pufuri?<\/strong><br \/>\nA9: Absolut! Oferim pre\u021buri en-gros pentru UWIN Crystal 10000 Puff Vape Pod. Pentru detalii, v\u0103 rug\u0103m s\u0103 ne contacta\u021bi.<\/p>\n<\/div>\n<\/div>\n<\/div>\n<\/div>\n<\/div>\n<\/div>\n<p>&nbsp;<\/p>\n<h3><\/h3>\n<h3>Despre livrare<\/h3>\n<div class=\"flex-shrink-0 flex flex-col relative items-end\">\n<div>\n<div class=\"pt-0\">\n<div class=\"gizmo-bot-avatar flex h-8 w-8 items-center justify-center overflow-hidden rounded-full\">\n<div><\/div>\n<div class=\"relative p-1 rounded-sm flex items-center justify-center bg-token-main-surface-primary text-token-text-primary h-8 w-8\"><strong>1. Ce metode de expediere sunt folosite?<\/strong><\/div>\n<\/div>\n<\/div>\n<\/div>\n<\/div>\n<div class=\"group\/conversation-turn relative flex w-full min-w-0 flex-col agent-turn\">\n<div class=\"flex-col gap-1 md:gap-3\">\n<div class=\"flex max-w-full flex-col flex-grow\">\n<div class=\"min-h-[20px] text-message flex w-full flex-col items-end gap-2 whitespace-normal break-words [.text-message+&amp;]:mt-5 overflow-x-auto\" dir=\"auto\" data-message-author-role=\"assistant\" data-message-id=\"22f8283b-3233-46ff-89a5-c7a41b33abda\">\n<div class=\"flex w-full flex-col gap-1 empty:hidden first:pt-[3px]\">\n<div class=\"markdown prose w-full break-words dark:prose-invert light\">\n<p>Colabor\u0103m cu UPS, DHL, FedEx, DPD \u0219i al\u021bi transportatori de top. Vom selecta cea mai bun\u0103 metod\u0103 de expediere \u00een func\u021bie de loca\u021bia dvs. de livrare pentru a ne asigura c\u0103 ve\u021bi primi produsele c\u00e2t mai repede posibil.<\/p>\n<\/div>\n<p><strong>2. C\u00e2t dureaz\u0103 livrarea?<\/strong><\/p>\n<p>Pachetele expediate \u00een Rom\u00e2nia ajung de obicei \u00een 10 zile lucr\u0103toare. Livrarea \u00een \u021b\u0103rile europene dureaz\u0103, \u00een general, aproximativ 12-15 zile lucr\u0103toare. V\u0103 vom oferi actualiz\u0103ri \u00een timp real cu privire la starea expedierii dumneavoastr\u0103.<\/p>\n<\/div>\n<p><strong>3. Garan\u021bie<\/strong><\/p>\n<p><span style=\"color: #ff0000\"><strong>Toate produsele din magazinul nostru sunt garantate a fi 100% originale \u0219i autentice. Oferim o compensa\u021bie de 10 ori pentru produsele contraf\u0103cute!<\/strong><\/span><\/p>\n<div class=\"flex w-full flex-col gap-1 empty:hidden first:pt-[3px]\">\n<p>&nbsp;<\/p>\n<\/div>\n<\/div>\n<\/div>\n<\/div>\n<\/div>\n<p>&nbsp;<\/p>\n<p>Alte produse vape populare care v-ar putea pl\u0103cea:<\/p>\n<p><a href=\"https:\/\/rmvapesale.com\/ro\/product\/bang-30k-puffs-disposable-vape-double-taste-wholesale-italy\/\"><strong>Bang 30k Puffs \u00a0<span style=\"color: #ff0000\">&gt;&gt;&gt;&gt; merge\u021bi!<\/span><\/strong><\/a><\/p>\n<p><strong><a href=\"https:\/\/rmvapesale.com\/ro\/product\/uzy-qute-800-puffs-disposable-vape-original-wholesale\/\">UZY QUTE 800 Puffs <span style=\"color: #ff0000\">&gt;&gt;&gt;&gt; merge\u021bi!<\/span><\/a>\u00a0<\/strong><\/p>\n<p><a href=\"https:\/\/rmvapesale.com\/ro\/product\/waspe-20000-puffs-dual-mesh-box-disposable-vape\/\"><strong>WASPE 20000 Pufuri <span style=\"color: #ff0000\">&gt;&gt;&gt;&gt; merge\u021bi!<\/span><\/strong><\/a><\/p>\n<p>&nbsp;<\/p>\n<p>&nbsp;<\/p>\n<p>G\u0103si\u021bi mai multe produse de vapat care v-ar putea pl\u0103cea:<strong><em><a href=\"https:\/\/rmvapesale.com\/ro\/shop-2\/\">cump\u0103r\u0103 acum &gt;&gt;&gt;<\/a><\/em><\/strong><\/p>","protected":false},"excerpt":{"rendered":"<p>UWIN Crystal 10000 Puff Vape de unic\u0103 folosin\u021b\u0103 en gros<br \/>\nPre\u021b en gros pentru UWIN Crystal 10000 Puff Vape \u00een cantitate mare<br \/>\nUWIN Crystal 10000 Puff Vape Pod 15 arome \u00een stoc<\/p>\n<p><img loading=\"lazy\" decoding=\"async\" class=\"size-full wp-image-1978\" src=\"https:\/\/rmvapesale.com\/wp-content\/uploads\/2024\/09\/Disposable-Vape-Wholesale.jpg\" alt=\"\u021aig\u0103ri electronice de unic\u0103 folosin\u021b\u0103 en-gros\" width=\"229\" height=\"300\" \/><\/p>\n<h3><a href=\"https:\/\/wa.me\/8617776015835\"><span style=\"color: #ff0000\"><strong>WhatsApp: +86 17776015835<\/strong><\/span><\/a><\/h3>\n<p>&nbsp;<\/p>","protected":false},"featured_media":2962,"comment_status":"open","ping_status":"closed","template":"","meta":{"_uag_custom_page_level_css":"","_lmt_disableupdate":"no","_lmt_disable":"","site-sidebar-layout":"default","site-content-layout":"content-boxed-container","ast-site-content-layout":"normal-width-container","site-content-style":"boxed","site-sidebar-style":"unboxed","ast-global-header-display":"","ast-banner-title-visibility":"","ast-main-header-display":"","ast-hfb-above-header-display":"","ast-hfb-below-header-display":"","ast-hfb-mobile-header-display":"","site-post-title":"","ast-breadcrumbs-content":"","ast-featured-img":"","footer-sml-layout":"","theme-transparent-header-meta":"default","adv-header-id-meta":"","stick-header-meta":"","header-above-stick-meta":"","header-main-stick-meta":"","header-below-stick-meta":"","astra-migrate-meta-layouts":"set","ast-page-background-enabled":"default","ast-page-background-meta":{"desktop":{"background-color":"var(--ast-global-color-4)","background-image":"","background-repeat":"repeat","background-position":"center center","background-size":"auto","background-attachment":"scroll","background-type":"","background-media":"","overlay-type":"","overlay-color":"","overlay-opacity":"","overlay-gradient":""},"tablet":{"background-color":"","background-image":"","background-repeat":"repeat","background-position":"center center","background-size":"auto","background-attachment":"scroll","background-type":"","background-media":"","overlay-type":"","overlay-color":"","overlay-opacity":"","overlay-gradient":""},"mobile":{"background-color":"","background-image":"","background-repeat":"repeat","background-position":"center center","background-size":"auto","background-attachment":"scroll","background-type":"","background-media":"","overlay-type":"","overlay-color":"","overlay-opacity":"","overlay-gradient":""}},"ast-content-background-meta":{"desktop":{"background-color":"var(--ast-global-color-5)","background-image":"","background-repeat":"repeat","background-position":"center center","background-size":"auto","background-attachment":"scroll","background-type":"","background-media":"","overlay-type":"","overlay-color":"","overlay-opacity":"","overlay-gradient":""},"tablet":{"background-color":"var(--ast-global-color-5)","background-image":"","background-repeat":"repeat","background-position":"center center","background-size":"auto","background-attachment":"scroll","background-type":"","background-media":"","overlay-type":"","overlay-color":"","overlay-opacity":"","overlay-gradient":""},"mobile":{"background-color":"var(--ast-global-color-5)","background-image":"","background-repeat":"repeat","background-position":"center center","background-size":"auto","background-attachment":"scroll","background-type":"","background-media":"","overlay-type":"","overlay-color":"","overlay-opacity":"","overlay-gradient":""}},"_joinchat":[]},"product_brand":[],"product_cat":[15,25,123,26,28,27,30],"product_tag":[124,66,101,105,120,116],"class_list":{"0":"post-2298","1":"product","2":"type-product","3":"status-publish","4":"has-post-thumbnail","6":"product_cat-new-vape-this-week","7":"product_cat-germany-best-selling-vape","8":"product_cat-italy-wholesale-vape","9":"product_cat-netherlands-hot-sale-vape","10":"product_cat-poland-hot-sale-vape","11":"product_cat-fance-hot-sale-vape","12":"product_cat-minimum-order-quantity-50pcs","13":"product_tag-crystal-vape","14":"product_tag-disposable-vape","15":"product_tag-led-display-vape","16":"product_tag-nicotine-free-disposable-vape","17":"product_tag-vape-wholesale","18":"product_tag-vapes","19":"desktop-align-left","20":"tablet-align-left","21":"mobile-align-left","23":"first","24":"instock","25":"sale","26":"shipping-taxable","27":"purchasable","28":"product-type-simple"},"uagb_featured_image_src":{"full":["https:\/\/rmvapesale.com\/wp-content\/uploads\/2025\/01\/Uwin-Crystal-10000-Puff-Disposable-Vape-Wholesale-Cheap-Price.webp",1000,1000,false],"thumbnail":["https:\/\/rmvapesale.com\/wp-content\/uploads\/2025\/01\/Uwin-Crystal-10000-Puff-Disposable-Vape-Wholesale-Cheap-Price-150x150.webp",150,150,true],"medium":["https:\/\/rmvapesale.com\/wp-content\/uploads\/2025\/01\/Uwin-Crystal-10000-Puff-Disposable-Vape-Wholesale-Cheap-Price-300x300.webp",300,300,true],"medium_large":["https:\/\/rmvapesale.com\/wp-content\/uploads\/2025\/01\/Uwin-Crystal-10000-Puff-Disposable-Vape-Wholesale-Cheap-Price-768x768.webp",768,768,true],"large":["https:\/\/rmvapesale.com\/wp-content\/uploads\/2025\/01\/Uwin-Crystal-10000-Puff-Disposable-Vape-Wholesale-Cheap-Price.webp",1000,1000,false],"1536x1536":["https:\/\/rmvapesale.com\/wp-content\/uploads\/2025\/01\/Uwin-Crystal-10000-Puff-Disposable-Vape-Wholesale-Cheap-Price.webp",1000,1000,false],"2048x2048":["https:\/\/rmvapesale.com\/wp-content\/uploads\/2025\/01\/Uwin-Crystal-10000-Puff-Disposable-Vape-Wholesale-Cheap-Price.webp",1000,1000,false],"trp-custom-language-flag":["https:\/\/rmvapesale.com\/wp-content\/uploads\/2025\/01\/Uwin-Crystal-10000-Puff-Disposable-Vape-Wholesale-Cheap-Price.webp",12,12,false],"woocommerce_thumbnail":["https:\/\/rmvapesale.com\/wp-content\/uploads\/2025\/01\/Uwin-Crystal-10000-Puff-Disposable-Vape-Wholesale-Cheap-Price-300x300.webp",300,300,true],"woocommerce_single":["https:\/\/rmvapesale.com\/wp-content\/uploads\/2025\/01\/Uwin-Crystal-10000-Puff-Disposable-Vape-Wholesale-Cheap-Price-600x600.webp",600,600,true],"woocommerce_gallery_thumbnail":["https:\/\/rmvapesale.com\/wp-content\/uploads\/2025\/01\/Uwin-Crystal-10000-Puff-Disposable-Vape-Wholesale-Cheap-Price-100x100.webp",100,100,true],"wcpr-photo-reviews":["https:\/\/rmvapesale.com\/wp-content\/uploads\/2025\/01\/Uwin-Crystal-10000-Puff-Disposable-Vape-Wholesale-Cheap-Price.webp",500,500,false]},"uagb_author_info":{"display_name":"AMY","author_link":"https:\/\/rmvapesale.com\/ro\/author\/"},"uagb_comment_info":0,"uagb_excerpt":"UWIN Crystal 10000 Puff Disposable Vape Wholesale UWIN Crystal 10000 Puff Disposable Vape Bulk Buy Price UWIN Crystal 10000 Puff Vape Pod 15 Flavor in Stock WhatsApp: +86 17776015835 &nbsp;","_links":{"self":[{"href":"https:\/\/rmvapesale.com\/ro\/wp-json\/wp\/v2\/product\/2298","targetHints":{"allow":["GET"]}}],"collection":[{"href":"https:\/\/rmvapesale.com\/ro\/wp-json\/wp\/v2\/product"}],"about":[{"href":"https:\/\/rmvapesale.com\/ro\/wp-json\/wp\/v2\/types\/product"}],"replies":[{"embeddable":true,"href":"https:\/\/rmvapesale.com\/ro\/wp-json\/wp\/v2\/comments?post=2298"}],"wp:featuredmedia":[{"embeddable":true,"href":"https:\/\/rmvapesale.com\/ro\/wp-json\/wp\/v2\/media\/2962"}],"wp:attachment":[{"href":"https:\/\/rmvapesale.com\/ro\/wp-json\/wp\/v2\/media?parent=2298"}],"wp:term":[{"taxonomy":"product_brand","embeddable":true,"href":"https:\/\/rmvapesale.com\/ro\/wp-json\/wp\/v2\/product_brand?post=2298"},{"taxonomy":"product_cat","embeddable":true,"href":"https:\/\/rmvapesale.com\/ro\/wp-json\/wp\/v2\/product_cat?post=2298"},{"taxonomy":"product_tag","embeddable":true,"href":"https:\/\/rmvapesale.com\/ro\/wp-json\/wp\/v2\/product_tag?post=2298"}],"curies":[{"name":"wp","href":"https:\/\/api.w.org\/{rel}","templated":true}]}}