{"id":2320,"date":"2024-10-10T01:23:26","date_gmt":"2024-10-10T01:23:26","guid":{"rendered":"https:\/\/rmvapesale.com\/?post_type=product&#038;p=2320"},"modified":"2024-10-10T09:25:15","modified_gmt":"2024-10-10T09:25:15","slug":"elf-box-digital-12000-puffs-led-display-disposable-vape","status":"publish","type":"product","link":"https:\/\/rmvapesale.com\/ro\/product\/elf-box-digital-12000-puffs-led-display-disposable-vape\/","title":{"rendered":"ELF BOX Digital 12000 Puffs Vape De Unic\u0103 Folosin\u021b\u0103 Cu Afi\u0219aj LED"},"content":{"rendered":"<div class=\"B2VR9 CJHX3e\">\n<div class=\"wyccme\">\n<h1 class=\"LC20lb MBeuO DKV0Md\">ELF BOX Digital 12000 Puffs Ecran LED Vape de unic\u0103 folosin\u021b\u0103 Achizi\u021bie en-gros<\/h1>\n<div class=\"flex-shrink-0 flex flex-col relative items-end\">\n<div>\n<div class=\"pt-0\">\n<div class=\"gizmo-bot-avatar flex h-8 w-8 items-center justify-center overflow-hidden rounded-full\">\n<div class=\"relative p-1 rounded-sm flex items-center justify-center bg-token-main-surface-primary text-token-text-primary h-8 w-8\">\n<p>Preg\u0103te\u0219te-te s\u0103 \u00ee\u021bi ridici nivelul experien\u021bei de vaping cu <strong>ELF BOX Digital 12000 Puffs Vape De Unic\u0103 Folosin\u021b\u0103 Cu Afi\u0219aj LED<\/strong>! Acest vape ofer\u0103 o performan\u021b\u0103 incredibil\u0103 <strong>12.000 de pufuri<\/strong>, oferindu-\u021bi satisfac\u021bie de durat\u0103 f\u0103r\u0103 necesitatea \u00eenlocuirilor constante. Perfect pentru utilizarea zilnic\u0103, este conceput pentru confort \u0219i performan\u021b\u0103.<\/p>\n<p>Cu o <strong>Capacitate de 23ml pentru lichid<\/strong> \u0219i o <strong>0.8ohm mesh coil<\/strong>, a\u0219teapt\u0103-te la lovituri line \u0219i pline de arom\u0103 de fiecare dat\u0103 c\u00e2nd vapezi. Alege dintre <strong>0%, 2%, 3% sau 5% niveluri de nicotin\u0103<\/strong> pentru a-\u021bi personaliza experien\u021ba exact dup\u0103 preferin\u021bele tale.<\/p>\n<p>Bateria \u00eencorporat\u0103 <strong>afi\u0219aj digital LED<\/strong> te informeaz\u0103 despre durata bateriei \u0219i nivelul lichidului, astfel \u00eenc\u00e2t s\u0103 fii mereu \u00een control. \u00cen plus, cu o <strong>baterie re\u00eenc\u0103rcabil\u0103 de 500mAh<\/strong> \u0219i <strong>\u00cenc\u0103rcare de tip C<\/strong>, po\u021bi re\u00eenc\u0103rca rapid \u0219i s\u0103 vapezi toat\u0103 ziua.<\/p>\n<p>Ideal pentru cump\u0103r\u0103torii en-gros, <strong>ELF BOX Digital 12000<\/strong> este perfect pentru cei care doresc performan\u021b\u0103 de top \u00eentr-un pachet elegant \u0219i u\u0219or de utilizat. Stocheaz\u0103 acum \u0219i ofer\u0103 clien\u021bilor t\u0103i un vape de care se vor \u00eendr\u0103gosti!<\/p>\n<p>Comand\u0103-\u021bi <strong>ELF BOX Digital 12000 LED Display Vape de unic\u0103 folosin\u021b\u0103 Achizi\u021bie en gros<\/strong> ast\u0103zi \u0219i adaug\u0103 acest dispozitiv esen\u021bial \u00een inventarul t\u0103u!<\/p>\n<p>&nbsp;<\/p>\n<\/div>\n<\/div>\n<\/div>\n<\/div>\n<\/div>\n<\/div>\n<\/div>\n<p><strong>Contacta\u021bi-o pe Amy pentru a ob\u021bine un r\u0103spuns corect \u0219i mai multe videoclipuri cu produse!<\/strong><\/p>\n<p><img loading=\"lazy\" decoding=\"async\" class=\"size-full wp-image-1978\" src=\"https:\/\/rmvapesale.com\/wp-content\/uploads\/2024\/09\/Disposable-Vape-Wholesale.jpg\" alt=\"\u021aig\u0103ri electronice de unic\u0103 folosin\u021b\u0103 en-gros\" width=\"229\" height=\"300\" \/><\/p>\n<h3><a href=\"https:\/\/wa.me\/8617776015835\" target=\"_blank\" rel=\"noopener\"><span style=\"color: #ff0000\"><strong>WhatsApp: +86 17776015835<\/strong><\/span><\/a><\/h3>\n<p>&nbsp;<\/p>\n<h2><\/h2>\n<h2><strong>ELF BOX Digital 12000 Pufuri Caracteristici principale ale vape-ului<\/strong><\/h2>\n<p>&nbsp;<\/p>\n<ul>\n<li><strong>Num\u0103r Mare de Pufuri<\/strong>: Bucur\u0103-te de p\u00e2n\u0103 la 12.000 de pufuri pentru o experien\u021b\u0103 de vaping de durat\u0103 \u0219i f\u0103r\u0103 \u00eentreruperi.<\/li>\n<li><strong>Capacitate E-lichid<\/strong>: Cu un rezervor de 23ml, po\u021bi vape mai mult timp f\u0103r\u0103 a fi nevoie de reumpleri frecvente.<\/li>\n<li><strong>Baterie Re\u00eenc\u0103rcabil\u0103<\/strong>: Alimentat de o baterie de 500mAh, asigur\u00e2nd performan\u021b\u0103 de durat\u0103 \u0219i \u00eenc\u0103rcare u\u0219oar\u0103.<\/li>\n<li><strong>\u00cenc\u0103rcare USB-C<\/strong>: \u00cencarc\u0103 rapid \u0219i eficient folosind conectorul modern Type-C.<\/li>\n<li><strong>Tehnologie Bobin\u0103 din Plas\u0103<\/strong>: Experimenteaz\u0103 un gust \u00eembun\u0103t\u0103\u021bit \u0219i o produc\u021bie lin\u0103 de vapori cu bobina din plas\u0103 de 0.8ohm.<\/li>\n<li><strong>Afi\u0219aj Digital<\/strong>: R\u0103m\u00e2i informat cu un afi\u0219aj digital inteligent care arat\u0103 nivelul bateriei \u0219i al lichidului.<\/li>\n<li><strong>Op\u021biuni de nicotin\u0103<\/strong>: Disponibil \u00een niveluri de nicotin\u0103 0%, 2%, 3% \u0219i 5% pentru a se potrivi nevoilor tale de vaping.<\/li>\n<\/ul>\n<h2><\/h2>\n<h2><strong>Gustul de top pentru ELF BOX Digital 12000 Puffs \u021aig\u0103ri electronice\u00a0<\/strong><\/h2>\n<p>Vape-ul de unic\u0103 folosin\u021b\u0103 ELF BOX Digital 12000 Puffs cu afi\u0219aj LED ofer\u0103 12 arome delicioase, alege dintr-o varietate de arome, inclusiv ment\u0103 r\u0103coritoare clasic\u0103 \u0219i dulce\u021bea exotic\u0103 a strugurelui, fiecare promi\u021b\u00e2nd o c\u0103l\u0103torie bogat\u0103 \u0219i satisf\u0103c\u0103toare la fiecare puf.<\/p>\n<p>1.Pepene cu gheata <span style=\"color: #ff0000\"><strong>&gt;&gt;&gt;&gt; Fierbinte!<\/strong><\/span><br \/>\n2.Ghea\u021b\u0103 de C\u0103p\u0219uni<br \/>\n3. Blue Razz Ice<br \/>\n4. Cherry Cola <span style=\"color: #ff0000\"><strong>&gt;&gt;&gt;&gt; Fierbinte!<\/strong><\/span><br \/>\n5. Strawberry Blast<br \/>\n6. Coconut Melon<br \/>\n7. Kiwi Passion Fruit<br \/>\n8. Fructe mixte <span style=\"color: #ff0000\"><strong>&gt;&gt;&gt;&gt; Cel mai bun!<\/strong><\/span><br \/>\n9. Afine cu zmeur\u0103 acr\u0103<br \/>\n10. M\u0103r dublu<br \/>\n11. C\u0103p\u0219uni cu pepene<br \/>\n12.Gum\u0103 de mestecat cu pepene verde<br \/>\n13. Piersic\u0103 cu ghea\u021b\u0103<br \/>\n14. C\u0103p\u0219uni Banane<br \/>\n15. Mr Blue<br \/>\n16. Zmeur\u0103 Ghea\u021b\u0103<br \/>\n17. Mango Ghea\u021b\u0103<br \/>\n18. Struguri Ghea\u021b\u0103<br \/>\n19. Piersici Fructe de P\u0103dure<br \/>\n20. C\u0103p\u0219uni Kiwi Fruct<\/p>\n<figure id=\"attachment_2327\" aria-describedby=\"caption-attachment-2327\" style=\"width: 300px\" class=\"wp-caption alignnone\"><img loading=\"lazy\" decoding=\"async\" class=\"size-medium wp-image-2327\" src=\"https:\/\/rmvapesale.com\/wp-content\/uploads\/2024\/10\/Vape-Elf-Box-12000-Puffs-12K-E-cigarette-300x225.jpg\" alt=\"Cutie Vape Elf 12000 Pufuri 12K E-cigaret\u0103\" width=\"300\" height=\"225\" srcset=\"https:\/\/rmvapesale.com\/wp-content\/uploads\/2024\/10\/Vape-Elf-Box-12000-Puffs-12K-E-cigarette-300x225.jpg 300w, https:\/\/rmvapesale.com\/wp-content\/uploads\/2024\/10\/Vape-Elf-Box-12000-Puffs-12K-E-cigarette-768x576.jpg 768w, https:\/\/rmvapesale.com\/wp-content\/uploads\/2024\/10\/Vape-Elf-Box-12000-Puffs-12K-E-cigarette-600x450.jpg 600w, https:\/\/rmvapesale.com\/wp-content\/uploads\/2024\/10\/Vape-Elf-Box-12000-Puffs-12K-E-cigarette.jpg 808w\" sizes=\"auto, (max-width: 300px) 100vw, 300px\" \/><figcaption id=\"caption-attachment-2327\" class=\"wp-caption-text\">Cutie Vape Elf 12000 Pufuri 12K E-cigaret\u0103<\/figcaption><\/figure>\n<p>&nbsp;<\/p>\n<h3>De ce s\u0103 alegi Rmvapesale pentru ELF BOX Digital 12000 Pufuri Vape de unic\u0103 folosin\u021b\u0103 cu afi\u0219aj LED?<\/h3>\n<div class=\"flex-shrink-0 flex flex-col relative items-end\">\n<div>\n<div class=\"pt-0\">\n<div class=\"gizmo-bot-avatar flex h-8 w-8 items-center justify-center overflow-hidden rounded-full\">\n<div class=\"relative p-1 rounded-sm flex items-center justify-center bg-token-main-surface-primary text-token-text-primary h-8 w-8\">\n<p>&nbsp;<\/p>\n<p>C\u00e2nd alege\u021bi Rmvapesale pentru nevoile dvs. de vape-uri de unic\u0103 folosin\u021b\u0103 en-gros, ve\u021bi beneficia de:<\/p>\n<ul>\n<li><strong>Pre\u021b competitiv<\/strong>: Beneficia\u021bi de pre\u021buri atractive pentru a v\u0103 m\u0103ri marja de profit.<\/li>\n<li><strong>Calitate superioar\u0103<\/strong>: Vape-urile noastre sunt fabricate la cele mai \u00eenalte standarde, \u0219i <span style=\"color: #ff0000\"><strong>garantat 100% originale \u0219i autentice, sau primi\u021bi de 10 ori compensa\u021bia \u00een caz de produse contraf\u0103cute!<\/strong><\/span><\/li>\n<li><strong>Serviciu clien\u021bi excelent<\/strong>: Echipa noastr\u0103 dedicat\u0103 este mereu gata s\u0103 v\u0103 asiste, f\u0103c\u00e2nd procesul de cump\u0103rare u\u0219or \u0219i lipsit de griji.<\/li>\n<li><strong>Livrare rapid\u0103<\/strong>: A\u0219tepta\u021bi-v\u0103 la transport prompt \u0219i de \u00eencredere, care v\u0103 asigur\u0103 c\u0103 comenzile dumneavoastr\u0103 ajung la timp, de fiecare dat\u0103.<\/li>\n<\/ul>\n<h3><\/h3>\n<h3><b>\u00centreb\u0103ri frecvente<\/b><\/h3>\n<p>&nbsp;<\/p>\n<\/div>\n<\/div>\n<\/div>\n<\/div>\n<\/div>\n<div class=\"group\/conversation-turn relative flex w-full min-w-0 flex-col agent-turn\">\n<div class=\"flex-col gap-1 md:gap-3\">\n<div class=\"flex max-w-full flex-col flex-grow\">\n<div class=\"min-h-8 text-message flex w-full flex-col items-end gap-2 whitespace-normal break-words [.text-message+&amp;]:mt-5\" dir=\"auto\" data-message-author-role=\"assistant\" data-message-id=\"f226d3fc-81f3-46d5-8c46-31787fff0357\">\n<div class=\"flex w-full flex-col gap-1 empty:hidden first:pt-[3px]\">\n<div class=\"markdown prose w-full break-words dark:prose-invert light\">\n<p><strong>\u00centrebare 1: C\u00e2te pufuri pot ob\u021bine din ELF Box Digital 12000 Pufuri Vape de unic\u0103 folosin\u021b\u0103?<\/strong><br \/>\nR\u0103spuns 1: <strong>ELF Box Digital 12000 Pufuri Vape de unic\u0103 folosin\u021b\u0103<\/strong> ofer\u0103 p\u00e2n\u0103 la <strong>12.000 de pufuri<\/strong>, oferind o experien\u021b\u0103 extins\u0103 de vaping f\u0103r\u0103 a fi nevoie de \u00eenlocuiri frecvente.<\/p>\n<p><strong>\u00ce: Ce arome sunt disponibile pentru ELF Box Digital 12k E-\u021bigar\u0103 en-gros?<\/strong><br \/>\nR: Po\u021bi savura 20 de arome interesante, inclusiv <strong>Ghea\u021b\u0103 de Pepene Ro\u0219u<\/strong>, <strong>Banana cu c\u0103p\u0219uni<\/strong>, <strong>Zmeura Albastra cu gheata<\/strong>, <strong>Ghea\u021b\u0103 de Mango<\/strong>, \u0219i <strong>Ghea\u021b\u0103 de struguri<\/strong>, doar pentru a men\u021biona c\u00e2teva. Exist\u0103 o arom\u0103 pentru fiecare preferin\u021b\u0103!<\/p>\n<p><strong>\u00ce: C\u00e2t de mare este capacitatea de lichid pentru ELF Box Digital 12000 Puffs Vape de unic\u0103 folosin\u021b\u0103?<\/strong><br \/>\nR: Acest dispozitiv vine cu o capacitate generoas\u0103 <strong>Capacitate de 23ml pentru lichid<\/strong>, asigur\u00e2nd o utilizare de lung\u0103 durat\u0103 f\u0103r\u0103 reumpleri frecvente.<\/p>\n<p><strong>\u00ce: Ce niveluri de nicotin\u0103 sunt disponibile pentru ELF Box Digital 12000 Puffs E-\u021bigar\u0103?<\/strong><br \/>\nR: Po\u021bi alege dintre <strong>0%, 2%, 3% sau 5% niveluri de nicotin\u0103<\/strong>, f\u0103c\u00e2nd u\u0219or s\u0103 g\u0103se\u0219ti nivelul potrivit pentru stilul t\u0103u de vaping.<\/p>\n<p><strong>\u00ce: Cum func\u021bioneaz\u0103 afi\u0219ajul digital pe ELF Box Digital Box 12k Vape de unic\u0103 folosin\u021b\u0103?<\/strong><br \/>\nR: Afi\u0219ajul <strong>afi\u0219ajul digital inteligent<\/strong> \u00ee\u021bi permite s\u0103 monitorizezi at\u00e2t nivelul bateriei, c\u00e2t \u0219i cel al lichidului, asigur\u00e2ndu-te c\u0103 nu vei fi luat prin surprindere.<\/p>\n<p><strong>\u00ce: Este ELF Box Digital 12k E-\u021bigar\u0103 re\u00eenc\u0103rcabil\u0103?<\/strong><br \/>\nR: Da, dispozitivul are o <strong>baterie re\u00eenc\u0103rcabil\u0103 de 500mAh<\/strong> \u0219i o <strong>portul de \u00eenc\u0103rcare Type-C<\/strong> pentru \u00eenc\u0103rcare rapid\u0103 \u0219i eficient\u0103.<\/p>\n<p><strong>\u00ce: Pot achizi\u021biona \u00een vrac ELF Box Digital 12000 Puffs Vape de unic\u0103 folosin\u021b\u0103?<\/strong><br \/>\nR: Absolut! <strong>ELF Box Digital 12000 Puffs Vape de unic\u0103 folosin\u021b\u0103 en-gros<\/strong> op\u021biuni sunt disponibile pentru cei care doresc s\u0103 fac\u0103 stocuri \u0219i s\u0103 beneficieze de pre\u021buri competitive.<\/p>\n<p><strong>Q8: Ce tehnologie de bobin\u0103 utilizeaz\u0103 ELF Box Digital Box 12k?<\/strong><br \/>\nA8: Utilizeaz\u0103 o <strong>0.8ohm mesh coil<\/strong> pentru arom\u0103 \u00eembun\u0103t\u0103\u021bit\u0103 \u0219i produc\u021bie lin\u0103 de vapori, asigur\u00e2nd o experien\u021b\u0103 satisf\u0103c\u0103toare de vaping.<\/p>\n<\/div>\n<\/div>\n<\/div>\n<\/div>\n<\/div>\n<\/div>\n<p>&nbsp;<\/p>\n<h3><\/h3>\n<h3>Despre livrare<\/h3>\n<div class=\"flex-shrink-0 flex flex-col relative items-end\">\n<div>\n<div class=\"pt-0\">\n<div class=\"gizmo-bot-avatar flex h-8 w-8 items-center justify-center overflow-hidden rounded-full\">\n<div><\/div>\n<div class=\"relative p-1 rounded-sm flex items-center justify-center bg-token-main-surface-primary text-token-text-primary h-8 w-8\"><strong>1. Ce metode de expediere sunt folosite?<\/strong><\/div>\n<\/div>\n<\/div>\n<\/div>\n<\/div>\n<div class=\"group\/conversation-turn relative flex w-full min-w-0 flex-col agent-turn\">\n<div class=\"flex-col gap-1 md:gap-3\">\n<div class=\"flex max-w-full flex-col flex-grow\">\n<div class=\"min-h-[20px] text-message flex w-full flex-col items-end gap-2 whitespace-normal break-words [.text-message+&amp;]:mt-5 overflow-x-auto\" dir=\"auto\" data-message-author-role=\"assistant\" data-message-id=\"22f8283b-3233-46ff-89a5-c7a41b33abda\">\n<div class=\"flex w-full flex-col gap-1 empty:hidden first:pt-[3px]\">\n<div class=\"markdown prose w-full break-words dark:prose-invert light\">\n<p>Colabor\u0103m cu UPS, DHL, FedEx, DPD \u0219i al\u021bi transportatori de top. Vom selecta cea mai bun\u0103 metod\u0103 de expediere \u00een func\u021bie de loca\u021bia dvs. de livrare pentru a ne asigura c\u0103 ve\u021bi primi produsele c\u00e2t mai repede posibil.<\/p>\n<\/div>\n<p><strong>2. C\u00e2t dureaz\u0103 livrarea?<\/strong><\/p>\n<p>Pachetele expediate \u00een Rom\u00e2nia ajung de obicei \u00een 10 zile lucr\u0103toare. Livrarea \u00een \u021b\u0103rile europene dureaz\u0103, \u00een general, aproximativ 12-15 zile lucr\u0103toare. V\u0103 vom oferi actualiz\u0103ri \u00een timp real cu privire la starea expedierii dumneavoastr\u0103.<\/p>\n<\/div>\n<\/div>\n<\/div>\n<\/div>\n<\/div>\n<p>&nbsp;<\/p>\n<p>Alte produse vape populare care v-ar putea pl\u0103cea:<\/p>\n<p><a href=\"https:\/\/rmvapesale.com\/ro\/product\/waspe-12000-puffs-disposable-vape-pen\/\"><strong>WASPE 12000 Pufuri\u00a0 \u00a0<span style=\"color: #ff0000\">&gt;&gt;&gt;&gt; merge\u021bi!<\/span><\/strong><\/a><\/p>\n<p><strong><a href=\"https:\/\/rmvapesale.com\/ro\/product\/waspe-fihp-30000-puffs-led-display-disposable-vape-box\/\">WASPE FIHP 30000 Puffs <span style=\"color: #ff0000\">&gt;&gt;&gt;&gt; merge\u021bi!<\/span><\/a>\u00a0<\/strong><\/p>\n<h2 class=\"woocommerce-loop-product__title\"><a style=\"font-size: 16px\" href=\"https:\/\/rmvapesale.com\/ro\/product\/bang-box-30000-puff-double-taste-smart-screen-disposable-vape-wholesale\/\"><strong>Bang Box 30000 Pufuri Dublu Gust <span style=\"color: #ff0000\">&gt;&gt;&gt;&gt; merge\u021bi!<\/span><\/strong><\/a><\/h2>\n<p>&nbsp;<\/p>\n<p>&nbsp;<\/p>\n<p>G\u0103si\u021bi mai multe produse de vapat care v-ar putea pl\u0103cea:<strong><em><a href=\"https:\/\/rmvapesale.com\/ro\/shop-2\/\">cump\u0103r\u0103 acum &gt;&gt;&gt;<\/a><\/em><\/strong><\/p>","protected":false},"excerpt":{"rendered":"<p>ELF Box Digital 12000 Puffs 0% 2% 3% 5% Nicotin\u0103 redus\u0103<br \/>\nELF BOX Digital Box 12000 Puffs \u021aigarete electronice de unic\u0103 folosin\u021b\u0103<br \/>\nELF Box Digital 12000 Puffs Vape de unic\u0103 folosin\u021b\u0103 en-gros<\/p>\n<p><img loading=\"lazy\" decoding=\"async\" class=\"size-full wp-image-1978\" src=\"https:\/\/rmvapesale.com\/wp-content\/uploads\/2024\/09\/Disposable-Vape-Wholesale.jpg\" alt=\"\u021aig\u0103ri electronice de unic\u0103 folosin\u021b\u0103 en-gros\" width=\"229\" height=\"300\" \/><\/p>\n<h3><a href=\"https:\/\/wa.me\/8617776015835\"><span style=\"color: #ff0000\"><strong>WhatsApp: +86 17776015835<\/strong><\/span><\/a><\/h3>\n<p>&nbsp;<\/p>","protected":false},"featured_media":2325,"comment_status":"open","ping_status":"closed","template":"","meta":{"_uag_custom_page_level_css":"","_lmt_disableupdate":"","_lmt_disable":"","site-sidebar-layout":"default","site-content-layout":"content-boxed-container","ast-site-content-layout":"normal-width-container","site-content-style":"boxed","site-sidebar-style":"unboxed","ast-global-header-display":"","ast-banner-title-visibility":"","ast-main-header-display":"","ast-hfb-above-header-display":"","ast-hfb-below-header-display":"","ast-hfb-mobile-header-display":"","site-post-title":"","ast-breadcrumbs-content":"","ast-featured-img":"","footer-sml-layout":"","ast-disable-related-posts":"","theme-transparent-header-meta":"default","adv-header-id-meta":"","stick-header-meta":"","header-above-stick-meta":"","header-main-stick-meta":"","header-below-stick-meta":"","astra-migrate-meta-layouts":"set","ast-page-background-enabled":"default","ast-page-background-meta":{"desktop":{"background-color":"var(--ast-global-color-4)","background-image":"","background-repeat":"repeat","background-position":"center center","background-size":"auto","background-attachment":"scroll","background-type":"","background-media":"","overlay-type":"","overlay-color":"","overlay-opacity":"","overlay-gradient":""},"tablet":{"background-color":"","background-image":"","background-repeat":"repeat","background-position":"center center","background-size":"auto","background-attachment":"scroll","background-type":"","background-media":"","overlay-type":"","overlay-color":"","overlay-opacity":"","overlay-gradient":""},"mobile":{"background-color":"","background-image":"","background-repeat":"repeat","background-position":"center center","background-size":"auto","background-attachment":"scroll","background-type":"","background-media":"","overlay-type":"","overlay-color":"","overlay-opacity":"","overlay-gradient":""}},"ast-content-background-meta":{"desktop":{"background-color":"var(--ast-global-color-5)","background-image":"","background-repeat":"repeat","background-position":"center center","background-size":"auto","background-attachment":"scroll","background-type":"","background-media":"","overlay-type":"","overlay-color":"","overlay-opacity":"","overlay-gradient":""},"tablet":{"background-color":"var(--ast-global-color-5)","background-image":"","background-repeat":"repeat","background-position":"center center","background-size":"auto","background-attachment":"scroll","background-type":"","background-media":"","overlay-type":"","overlay-color":"","overlay-opacity":"","overlay-gradient":""},"mobile":{"background-color":"var(--ast-global-color-5)","background-image":"","background-repeat":"repeat","background-position":"center center","background-size":"auto","background-attachment":"scroll","background-type":"","background-media":"","overlay-type":"","overlay-color":"","overlay-opacity":"","overlay-gradient":""}},"_joinchat":[]},"product_brand":[],"product_cat":[15,60,128,27,25,123,30,26,28],"product_tag":[66,125,126,129,101,105,120],"class_list":{"0":"post-2320","1":"product","2":"type-product","3":"status-publish","4":"has-post-thumbnail","6":"product_cat-new-vape-this-week","7":"product_cat-bang-vapes","8":"product_cat-elf-box-disposable-vapes","9":"product_cat-fance-hot-sale-vape","10":"product_cat-germany-best-selling-vape","11":"product_cat-italy-wholesale-vape","12":"product_cat-minimum-order-quantity-50pcs","13":"product_cat-netherlands-hot-sale-vape","14":"product_cat-poland-hot-sale-vape","15":"product_tag-disposable-vape","16":"product_tag-disposable-vape-italy","17":"product_tag-e-cigarettes","18":"product_tag-elf-box-vape","19":"product_tag-led-display-vape","20":"product_tag-nicotine-free-disposable-vape","21":"product_tag-vape-wholesale","22":"desktop-align-left","23":"tablet-align-left","24":"mobile-align-left","26":"first","27":"instock","28":"sale","29":"shipping-taxable","30":"purchasable","31":"product-type-simple"},"uagb_featured_image_src":{"full":["https:\/\/rmvapesale.com\/wp-content\/uploads\/2024\/10\/ELF-Box-Digital-12000-Puffs-Disposable.jpg",808,808,false],"thumbnail":["https:\/\/rmvapesale.com\/wp-content\/uploads\/2024\/10\/ELF-Box-Digital-12000-Puffs-Disposable-150x150.jpg",150,150,true],"medium":["https:\/\/rmvapesale.com\/wp-content\/uploads\/2024\/10\/ELF-Box-Digital-12000-Puffs-Disposable-300x300.jpg",300,300,true],"medium_large":["https:\/\/rmvapesale.com\/wp-content\/uploads\/2024\/10\/ELF-Box-Digital-12000-Puffs-Disposable-768x768.jpg",768,768,true],"large":["https:\/\/rmvapesale.com\/wp-content\/uploads\/2024\/10\/ELF-Box-Digital-12000-Puffs-Disposable.jpg",808,808,false],"1536x1536":["https:\/\/rmvapesale.com\/wp-content\/uploads\/2024\/10\/ELF-Box-Digital-12000-Puffs-Disposable.jpg",808,808,false],"2048x2048":["https:\/\/rmvapesale.com\/wp-content\/uploads\/2024\/10\/ELF-Box-Digital-12000-Puffs-Disposable.jpg",808,808,false],"trp-custom-language-flag":["https:\/\/rmvapesale.com\/wp-content\/uploads\/2024\/10\/ELF-Box-Digital-12000-Puffs-Disposable.jpg",12,12,false],"woocommerce_thumbnail":["https:\/\/rmvapesale.com\/wp-content\/uploads\/2024\/10\/ELF-Box-Digital-12000-Puffs-Disposable-300x300.jpg",300,300,true],"woocommerce_single":["https:\/\/rmvapesale.com\/wp-content\/uploads\/2024\/10\/ELF-Box-Digital-12000-Puffs-Disposable-600x600.jpg",600,600,true],"woocommerce_gallery_thumbnail":["https:\/\/rmvapesale.com\/wp-content\/uploads\/2024\/10\/ELF-Box-Digital-12000-Puffs-Disposable-100x100.jpg",100,100,true],"wcpr-photo-reviews":["https:\/\/rmvapesale.com\/wp-content\/uploads\/2024\/10\/ELF-Box-Digital-12000-Puffs-Disposable.jpg",500,500,false]},"uagb_author_info":{"display_name":"AMY","author_link":"https:\/\/rmvapesale.com\/ro\/author\/"},"uagb_comment_info":0,"uagb_excerpt":"ELF Box Digital 12000 Puffs 0% 2% 3% 5% Low Nicotine ELF BOX Digital Box 12000 Puffs Disposable E Cigarettes ELF Box Digital 12000 Puffs Disposable Vape Wholesale WhatsApp: +86 17776015835 &nbsp;","_links":{"self":[{"href":"https:\/\/rmvapesale.com\/ro\/wp-json\/wp\/v2\/product\/2320","targetHints":{"allow":["GET"]}}],"collection":[{"href":"https:\/\/rmvapesale.com\/ro\/wp-json\/wp\/v2\/product"}],"about":[{"href":"https:\/\/rmvapesale.com\/ro\/wp-json\/wp\/v2\/types\/product"}],"replies":[{"embeddable":true,"href":"https:\/\/rmvapesale.com\/ro\/wp-json\/wp\/v2\/comments?post=2320"}],"wp:featuredmedia":[{"embeddable":true,"href":"https:\/\/rmvapesale.com\/ro\/wp-json\/wp\/v2\/media\/2325"}],"wp:attachment":[{"href":"https:\/\/rmvapesale.com\/ro\/wp-json\/wp\/v2\/media?parent=2320"}],"wp:term":[{"taxonomy":"product_brand","embeddable":true,"href":"https:\/\/rmvapesale.com\/ro\/wp-json\/wp\/v2\/product_brand?post=2320"},{"taxonomy":"product_cat","embeddable":true,"href":"https:\/\/rmvapesale.com\/ro\/wp-json\/wp\/v2\/product_cat?post=2320"},{"taxonomy":"product_tag","embeddable":true,"href":"https:\/\/rmvapesale.com\/ro\/wp-json\/wp\/v2\/product_tag?post=2320"}],"curies":[{"name":"wp","href":"https:\/\/api.w.org\/{rel}","templated":true}]}}