{"id":2329,"date":"2024-10-10T09:22:12","date_gmt":"2024-10-10T09:22:12","guid":{"rendered":"https:\/\/rmvapesale.com\/?post_type=product&#038;p=2329"},"modified":"2024-10-22T07:41:39","modified_gmt":"2024-10-22T07:41:39","slug":"bang-box-30000-puff-double-taste-smart-screen-disposable-vape","status":"publish","type":"product","link":"https:\/\/rmvapesale.com\/ro\/product\/bang-box-30000-puff-double-taste-smart-screen-disposable-vape\/","title":{"rendered":"Bang Box 30000 Pufuri Arom\u0103 Dubl\u0103 Ecran Inteligent Vap\u0103 de unic\u0103 folosin\u021b\u0103"},"content":{"rendered":"<div class=\"B2VR9 CJHX3e\">\n<div class=\"wyccme\">\n<h1 class=\"LC20lb MBeuO DKV0Md\">Cutia Bang Box 30000 Pufuri Gust Dublu Ecran Inteligent Vape de Unic\u0103 Folosin\u021b\u0103 en-gros<\/h1>\n<div class=\"flex-shrink-0 flex flex-col relative items-end\">\n<div>\n<div class=\"pt-0\">\n<div class=\"gizmo-bot-avatar flex h-8 w-8 items-center justify-center overflow-hidden rounded-full\">\n<div class=\"relative p-1 rounded-sm flex items-center justify-center bg-token-main-surface-primary text-token-text-primary h-8 w-8\">\n<p>C\u0103uta\u021bi cea mai bun\u0103 vape cu capacitate imens\u0103? A <strong>Bang Box 30000 Pufuri Arom\u0103 Dubl\u0103 Ecran Inteligent Vap\u0103 de unic\u0103 folosin\u021b\u0103<\/strong> v\u0103 acoper\u0103! Cu impresionantii 30.000 de pufuri, acest dispozitiv v\u0103 asigur\u0103 c\u0103 ve\u021bi vape pentru zile \u00eentregi\u2014literalmente.<\/p>\n<p>\u00cenc\u0103rcat cu <strong>36ml de e-lichid<\/strong> \u0219i alimentat de un <strong>baterie re\u00eenc\u0103rcabil\u0103 de 550mAh<\/strong>, Bang Box este proiectat pentru performan\u021b\u0103 de durat\u0103. Are un <strong>rezisten\u021b\u0103 mesh<\/strong>, asigur\u00e2nd un gust lin \u0219i bogat la fiecare puf. Dispozitivul <strong>ecran digital LCD<\/strong> te men\u021bine informat, afi\u0219\u00e2nd durata de via\u021b\u0103 a bateriei \u0219i nivelul de lichid electronic dintr-o privire, f\u0103r\u0103 surprize!<\/p>\n<p>Cu <strong>nicotin\u0103 gratuit\u0103<\/strong> op\u021biuni precum 0%, <strong>Nicotin\u0103 redus\u0103 <\/strong>op\u021biuni precum 2%, \u0219i alte op\u021biuni cu nicotin\u0103 precum 3% \u0219i 5%, po\u021bi alege intensitatea care se potrive\u0219te stilului t\u0103u. \u0218i s\u0103 nu uit\u0103m de caracteristica incitant\u0103 <strong>Gust Dublu<\/strong>\u2014oferind de dou\u0103 ori mai mult gust \u00eentr-un singur dispozitiv pentru o experien\u021b\u0103 de neegalat!<\/p>\n<p>\u00cel po\u021bi \u00eenc\u0103rca u\u0219or cu portul <strong>Type-C<\/strong> , \u0219i e\u0219ti gata s\u0103 \u00eencepi din nou. Dispozitivul <strong>Cutia Bang 30000 Pufuri<\/strong> este perfect pentru cump\u0103r\u0103torii en gros care doresc s\u0103 ofere clien\u021bilor ceva at\u00e2t de puternic, c\u00e2t \u0219i plin de arom\u0103.<\/p>\n<p>Stocare acum \u0219i bucur\u0103-te de avantajele <strong>Cutia Bang Box 30000 Pufuri Gust Dublu Ecran Inteligent Vape de Unic\u0103 Folosin\u021b\u0103 en-gros<\/strong>!<\/p>\n<p>&nbsp;<\/p>\n<\/div>\n<\/div>\n<\/div>\n<\/div>\n<\/div>\n<\/div>\n<\/div>\n<p><strong>Contacta\u021bi-o pe Amy pentru a ob\u021bine un r\u0103spuns corect \u0219i mai multe videoclipuri cu produse!<\/strong><\/p>\n<p><img loading=\"lazy\" decoding=\"async\" class=\"size-full wp-image-1978\" src=\"https:\/\/rmvapesale.com\/wp-content\/uploads\/2024\/09\/Disposable-Vape-Wholesale.jpg\" alt=\"\u021aig\u0103ri electronice de unic\u0103 folosin\u021b\u0103 en-gros\" width=\"229\" height=\"300\" \/><\/p>\n<h3><a href=\"https:\/\/wa.me\/8617776015835\" target=\"_blank\" rel=\"noopener\"><span style=\"color: #ff0000\"><strong>WhatsApp: +86 17776015835<\/strong><\/span><\/a><\/h3>\n<p>&nbsp;<\/p>\n<h2><\/h2>\n<h2><strong>Bang Box 30000 Pufuri Double Taste Vape Caracteristici principale<\/strong><\/h2>\n<p>&nbsp;<\/p>\n<ul>\n<li><strong>Num\u0103r Mare de Pufuri<\/strong>: Bucur\u0103-te de p\u00e2n\u0103 la 30.000 de pufuri, f\u0103c\u00e2ndu-l perfect pentru vaping zilnic f\u0103r\u0103 \u00eenlocuiri constante.<\/li>\n<li><strong>Capacitate mare de lichid<\/strong>: Cu un rezervor de 35ml, acest vape minimizeaz\u0103 necesitatea reumplerilor frecvente, oferind o utilizare extins\u0103.<\/li>\n<li><strong>Baterie Re\u00eenc\u0103rcabil\u0103<\/strong>: Dotat cu o baterie de 850mAh, asigur\u0103 performan\u021b\u0103 de durat\u0103 \u0219i \u00eenc\u0103rcare u\u0219oar\u0103.<\/li>\n<li><strong>\u00cenc\u0103rcare USB-C<\/strong>: \u00cencarc\u0103 rapid \u0219i convenabil folosind conectorul modern Type-C.<\/li>\n<li><strong>Tehnologie Dual Mesh Coil<\/strong>: Experimenteaz\u0103 arom\u0103 \u00eembun\u0103t\u0103\u021bit\u0103 \u0219i produc\u021bie bogat\u0103 de vapori pentru o vaping mai satisf\u0103c\u0103toare.<\/li>\n<li><strong>Afi\u0219aj inteligent<\/strong>: R\u0103m\u00e2i informat cu un ecran digital inteligent care afi\u0219eaz\u0103 durata de via\u021b\u0103 a bateriei \u0219i nivelul lichidului.<\/li>\n<li><strong>Flux de aer reglabil<\/strong>: Ajusteaz\u0103-\u021bi inhalarea cu controlul de aer cu dublu fagure de miere pentru o experien\u021b\u0103 de vaping personalizat\u0103.<\/li>\n<li><strong>Op\u021biuni de nicotin\u0103<\/strong>: Disponibil \u00een nivelurile de nicotin\u0103 0%, 2%, 3% \u0219i 5%, pentru diferite preferin\u021be.<\/li>\n<\/ul>\n<h2><\/h2>\n<h2><strong>Arome de top pentru \u021bigara electronic\u0103 Bang Box 30000 Pufuri\u00a0<\/strong><\/h2>\n<p>Bang Box 30000 Pufuri Vape de unic\u0103 folosin\u021b\u0103 cu ecran inteligent ofer\u0103 12 arome delicioase, alege dintr-o varietate de arome, inclusiv menta r\u0103coritoare clasic\u0103 \u0219i dulcea\u021ba exotic\u0103 a strugurelui, fiecare promi\u021b\u00e2nd o experien\u021b\u0103 bogat\u0103 \u0219i satisf\u0103c\u0103toare la fiecare puf.<\/p>\n<p>1. C\u0103p\u0219un\u0103 Kiwi<br \/>\n2. Explozie Neagr\u0103 <span style=\"color: #ff0000\"><strong>&gt;&gt;&gt;&gt; Fierbinte!<\/strong><\/span><br \/>\n3.Capsuni Pepene<br \/>\n4. Suc de Jungle<br \/>\n5. Zmeur\u0103 acri\u0219oar\u0103 cu afine \u0219i ghea\u021b\u0103 <span style=\"color: #ff0000\"><strong>&gt;&gt;&gt;&gt; Fierbinte!<\/strong><\/span><br \/>\n6. Pepene verde cu ghea\u021b\u0103<br \/>\n7.Afine cu gheata<br \/>\n8. Afine cu Pomgerante<br \/>\n9. Explozie Albastr\u0103 <span style=\"color: #ff0000\"><strong>&gt;&gt;&gt;&gt; Cel mai bun!<\/strong><\/span><br \/>\n10. M\u0103r Peach<br \/>\n11. Fructul Pasiunii<br \/>\n12. Strugure Dublu<\/p>\n<figure id=\"attachment_2316\" aria-describedby=\"caption-attachment-2316\" style=\"width: 487px\" class=\"wp-caption alignnone\"><img loading=\"lazy\" decoding=\"async\" class=\"wp-image-2316 size-full\" src=\"https:\/\/rmvapesale.com\/wp-content\/uploads\/2024\/10\/Bang-Box-30k-Puffs-Factory-Price-New-Vape-This-Week.jpg\" alt=\"Bang Box 30k Pufuri Pre\u021b de fabric\u0103 Nou Vape S\u0103pt\u0103m\u00e2na aceasta\" width=\"487\" height=\"800\" srcset=\"https:\/\/rmvapesale.com\/wp-content\/uploads\/2024\/10\/Bang-Box-30k-Puffs-Factory-Price-New-Vape-This-Week.jpg 487w, https:\/\/rmvapesale.com\/wp-content\/uploads\/2024\/10\/Bang-Box-30k-Puffs-Factory-Price-New-Vape-This-Week-183x300.jpg 183w\" sizes=\"auto, (max-width: 487px) 100vw, 487px\" \/><figcaption id=\"caption-attachment-2316\" class=\"wp-caption-text\">Bang Box 30k Pufuri Pre\u021b de fabric\u0103 Nou Vape S\u0103pt\u0103m\u00e2na aceasta<\/figcaption><\/figure>\n<h3>De ce s\u0103 alegi Rmvapesale pentru achizi\u021bia ta en gros de Bang Box 30000 Pufuri?<\/h3>\n<div class=\"flex-shrink-0 flex flex-col relative items-end\">\n<div>\n<div class=\"pt-0\">\n<div class=\"gizmo-bot-avatar flex h-8 w-8 items-center justify-center overflow-hidden rounded-full\">\n<div class=\"relative p-1 rounded-sm flex items-center justify-center bg-token-main-surface-primary text-token-text-primary h-8 w-8\">\n<p>&nbsp;<\/p>\n<p>C\u00e2nd alege\u021bi Rmvapesale pentru nevoile dvs. de vape-uri de unic\u0103 folosin\u021b\u0103 en-gros, ve\u021bi beneficia de:<\/p>\n<ul>\n<li><strong>Pre\u021b competitiv<\/strong>: Beneficia\u021bi de pre\u021buri atractive pentru a v\u0103 m\u0103ri marja de profit.<\/li>\n<li><strong>Calitate superioar\u0103<\/strong>: Vape-urile noastre sunt fabricate la cele mai \u00eenalte standarde, \u0219i <span style=\"color: #ff0000\"><strong>garantat 100% originale \u0219i autentice, sau primi\u021bi de 10 ori compensa\u021bia \u00een caz de produse contraf\u0103cute!<\/strong><\/span><\/li>\n<li><strong>Serviciu clien\u021bi excelent<\/strong>: Echipa noastr\u0103 dedicat\u0103 este mereu gata s\u0103 v\u0103 asiste, f\u0103c\u00e2nd procesul de cump\u0103rare u\u0219or \u0219i lipsit de griji.<\/li>\n<li><strong>Livrare rapid\u0103<\/strong>: A\u0219tepta\u021bi-v\u0103 la transport prompt \u0219i de \u00eencredere, care v\u0103 asigur\u0103 c\u0103 comenzile dumneavoastr\u0103 ajung la timp, de fiecare dat\u0103.<\/li>\n<\/ul>\n<h3><\/h3>\n<h3><b>\u00centreb\u0103ri frecvente<\/b><\/h3>\n<p>&nbsp;<\/p>\n<\/div>\n<\/div>\n<\/div>\n<\/div>\n<\/div>\n<div class=\"group\/conversation-turn relative flex w-full min-w-0 flex-col agent-turn\">\n<div class=\"flex-col gap-1 md:gap-3\">\n<div class=\"flex max-w-full flex-col flex-grow\">\n<div class=\"min-h-8 text-message flex w-full flex-col items-end gap-2 whitespace-normal break-words [.text-message+&amp;]:mt-5\" dir=\"auto\" data-message-author-role=\"assistant\" data-message-id=\"f226d3fc-81f3-46d5-8c46-31787fff0357\">\n<div class=\"flex w-full flex-col gap-1 empty:hidden first:pt-[3px]\">\n<div class=\"markdown prose w-full break-words dark:prose-invert light\">\n<p><strong>\u00centrebare 1: Ce face ca vape-ul de unic\u0103 folosin\u021b\u0103 Bang Box 30000 Pufuri Double Taste s\u0103 fie special?<\/strong><br \/>\nR\u0103spuns 1: <strong>Bang Box 30000 Pufuri Double Taste Vape de unic\u0103 folosin\u021b\u0103<\/strong> ofer\u0103 p\u00e2n\u0103 la 30.000 de pufuri \u0219i are caracteristici <strong>tehnologie dual\u0103 de arom\u0103<\/strong>, permi\u021b\u00e2ndu-\u021bi s\u0103 comu\u021bi \u00eentre dou\u0103 arome \u00eentr-un singur dispozitiv. De asemenea, vine cu un afi\u0219aj LED inteligent care arat\u0103 at\u00e2t nivelul bateriei, c\u00e2t \u0219i nivelul lichidului, oferindu-\u021bi o experien\u021b\u0103 de vaping convenabil\u0103 \u0219i \u00eembun\u0103t\u0103\u021bit\u0103.<\/p>\n<p><strong>\u00ce: Ce arome sunt disponibile pentru dispozitivul de unic\u0103 folosin\u021b\u0103 Bang Box 30000 Pufuri cu Dubl\u0103 Arom\u0103?<\/strong><br \/>\nR: Exist\u0103 12 arome delicioase din care po\u021bi alege, inclusiv <strong>C\u0103p\u0219uni Kiwi<\/strong>, <strong>Explozie Neagr\u0103<\/strong>, <strong>Ghea\u021b\u0103 de Pepene Ro\u0219u<\/strong>, <strong>Grepfrut cu Afine<\/strong>, \u0219i <strong>Dublu Strugure<\/strong>. Indiferent dac\u0103 preferi arome fructate sau reci, exist\u0103 ceva pentru fiecare!<\/p>\n<p><strong>\u00ce: Cum func\u021bioneaz\u0103 afi\u0219ajul inteligent pe dispozitivul Bang Box 30000 Pufuri cu Dubl\u0103 Arom\u0103 Smart Vape?<\/strong><br \/>\nR: Afi\u0219ajul <strong>Afi\u0219ajul LED<\/strong> arat\u0103 detalii importante, cum ar fi durata de via\u021b\u0103 a bateriei \u0219i nivelurile de e-lichid, facilit\u00e2nd urm\u0103rirea st\u0103rii dispozitivului.<\/p>\n<p><strong>\u00ce4: C\u00e2t de mare este capacitatea de e-lichid pentru Bang 30000 Puff Vape de unic\u0103 folosin\u021b\u0103 cu gust dublu?<\/strong><br \/>\nR4: Acest vape are un <strong>35ml lichid e<\/strong>, asigur\u00e2nd o utilizare de lung\u0103 durat\u0103, f\u0103r\u0103 a fi nevoie de reumpleri frecvente.<\/p>\n<p><strong>\u00ce5: Care sunt op\u021biunile de nicotin\u0103 pentru Bang Box 30000 Puff Vape inteligent cu arom\u0103 dubl\u0103?<\/strong><br \/>\nR5: Pute\u021bi alege \u00eentre <strong>concentra\u021bii de nicotin\u0103 de 0%, 2%, 3% \u0219i 5%<\/strong>, oferindu-v\u0103 flexibilitate \u00een func\u021bie de preferin\u021bele dumneavoastr\u0103.<\/p>\n<p><strong>\u00ce6: Bang Box 30000 Puff Vape inteligent cu gust dublu este re\u00eenc\u0103rcabil?<\/strong><br \/>\nR6: Da, dispozitivul este echipat cu un <strong>portul de \u00eenc\u0103rcare Type-C<\/strong> \u0219i un <strong>baterie de 850mAh<\/strong>, f\u0103c\u00e2ndu-l rapid \u0219i u\u0219or de re\u00eenc\u0103rcat.<\/p>\n<p><strong>\u00ce7: Pot cump\u0103ra Bang 30000 Puff Vape inteligent cu gust dublu \u00een vrac?<\/strong><br \/>\nR7: Da, <strong>Bang 30000 Puff Vape inteligent cu gust dublu en-gros<\/strong> sunt disponibile pentru comercian\u021bii cu am\u0103nuntul care doresc s\u0103 se aprovizioneze cu acest dispozitiv popular.<\/p>\n<\/div>\n<\/div>\n<\/div>\n<\/div>\n<\/div>\n<\/div>\n<p>&nbsp;<\/p>\n<h3><\/h3>\n<h3>Despre livrare<\/h3>\n<div class=\"flex-shrink-0 flex flex-col relative items-end\">\n<div>\n<div class=\"pt-0\">\n<div class=\"gizmo-bot-avatar flex h-8 w-8 items-center justify-center overflow-hidden rounded-full\">\n<div><\/div>\n<div class=\"relative p-1 rounded-sm flex items-center justify-center bg-token-main-surface-primary text-token-text-primary h-8 w-8\"><strong>1. Ce metode de expediere sunt folosite?<\/strong><\/div>\n<\/div>\n<\/div>\n<\/div>\n<\/div>\n<div class=\"group\/conversation-turn relative flex w-full min-w-0 flex-col agent-turn\">\n<div class=\"flex-col gap-1 md:gap-3\">\n<div class=\"flex max-w-full flex-col flex-grow\">\n<div class=\"min-h-[20px] text-message flex w-full flex-col items-end gap-2 whitespace-normal break-words [.text-message+&amp;]:mt-5 overflow-x-auto\" dir=\"auto\" data-message-author-role=\"assistant\" data-message-id=\"22f8283b-3233-46ff-89a5-c7a41b33abda\">\n<div class=\"flex w-full flex-col gap-1 empty:hidden first:pt-[3px]\">\n<div class=\"markdown prose w-full break-words dark:prose-invert light\">\n<p>Colabor\u0103m cu UPS, DHL, FedEx, DPD \u0219i al\u021bi transportatori de top. Vom selecta cea mai bun\u0103 metod\u0103 de expediere \u00een func\u021bie de loca\u021bia dvs. de livrare pentru a ne asigura c\u0103 ve\u021bi primi produsele c\u00e2t mai repede posibil.<\/p>\n<\/div>\n<p><strong>2. C\u00e2t dureaz\u0103 livrarea?<\/strong><\/p>\n<p>Pachetele expediate \u00een Rom\u00e2nia ajung de obicei \u00een 10 zile lucr\u0103toare. Livrarea \u00een \u021b\u0103rile europene dureaz\u0103, \u00een general, aproximativ 12-15 zile lucr\u0103toare. V\u0103 vom oferi actualiz\u0103ri \u00een timp real cu privire la starea expedierii dumneavoastr\u0103.<\/p>\n<\/div>\n<\/div>\n<\/div>\n<\/div>\n<\/div>\n<p>&nbsp;<\/p>\n<p>Alte produse vape populare care v-ar putea pl\u0103cea:<\/p>\n<p><a href=\"https:\/\/rmvapesale.com\/ro\/product\/aivono-aim-magic-20000-20k-puffs-disposable-vape-pod\/\"><strong>Aivono Aim Magic 20000 Puff\u00a0 \u00a0<span style=\"color: #ff0000\">&gt;&gt;&gt;&gt; merge\u021bi!<\/span><\/strong><\/a><\/p>\n<p><strong><a href=\"https:\/\/rmvapesale.com\/ro\/product\/waspe-fihp-30000-puffs-led-display-disposable-vape-box\/\">WASPE FIHP 30000 Puffs <span style=\"color: #ff0000\">&gt;&gt;&gt;&gt; merge\u021bi!<\/span><\/a>\u00a0<\/strong><\/p>\n<p><a href=\"https:\/\/rmvapesale.com\/ro\/product\/bang-box-30000-puff-smart-screen-disposable-vape-wholesale\/\"><strong>cURL Too many subrequests. <span style=\"color: #ff0000\">&gt;&gt;&gt;&gt; merge\u021bi!<\/span><\/strong><\/a><\/p>\n<p>&nbsp;<\/p>\n<p>&nbsp;<\/p>\n<p>G\u0103si\u021bi mai multe produse de vapat care v-ar putea pl\u0103cea:<strong><em><a href=\"https:\/\/rmvapesale.com\/ro\/shop-2\/\">cump\u0103r\u0103 acum &gt;&gt;&gt;<\/a><\/em><\/strong><\/p>","protected":false},"excerpt":{"rendered":"<p>Bang Box 30000 Pufuri \u021aigarete Electronice de unic\u0103 folosin\u021b\u0103 cu ecran inteligent<br \/>\nCutia Bang Vape 30000 Pufuri Vape de Unic\u0103 Folosin\u021b\u0103 Gust Dublu en-gros<br \/>\nCutia Bang 30000 Pufuri 0% 2% 3% 5% Nicotin\u0103 Gratuit\u0103 Vape de Unic\u0103 Folosin\u021b\u0103<\/p>\n<p><img loading=\"lazy\" decoding=\"async\" class=\"size-full wp-image-1978\" src=\"https:\/\/rmvapesale.com\/wp-content\/uploads\/2024\/09\/Disposable-Vape-Wholesale.jpg\" alt=\"\u021aig\u0103ri electronice de unic\u0103 folosin\u021b\u0103 en-gros\" width=\"229\" height=\"300\" \/><\/p>\n<h3><a href=\"https:\/\/wa.me\/8617776015835\"><span style=\"color: #ff0000\"><strong>WhatsApp: +86 17776015835<\/strong><\/span><\/a><\/h3>\n<p>&nbsp;<\/p>","protected":false},"featured_media":2315,"comment_status":"open","ping_status":"closed","template":"","meta":{"_uag_custom_page_level_css":"","_lmt_disableupdate":"no","_lmt_disable":"","site-sidebar-layout":"default","site-content-layout":"content-boxed-container","ast-site-content-layout":"normal-width-container","site-content-style":"boxed","site-sidebar-style":"unboxed","ast-global-header-display":"","ast-banner-title-visibility":"","ast-main-header-display":"","ast-hfb-above-header-display":"","ast-hfb-below-header-display":"","ast-hfb-mobile-header-display":"","site-post-title":"","ast-breadcrumbs-content":"","ast-featured-img":"","footer-sml-layout":"","theme-transparent-header-meta":"default","adv-header-id-meta":"","stick-header-meta":"","header-above-stick-meta":"","header-main-stick-meta":"","header-below-stick-meta":"","astra-migrate-meta-layouts":"set","ast-page-background-enabled":"default","ast-page-background-meta":{"desktop":{"background-color":"var(--ast-global-color-4)","background-image":"","background-repeat":"repeat","background-position":"center center","background-size":"auto","background-attachment":"scroll","background-type":"","background-media":"","overlay-type":"","overlay-color":"","overlay-opacity":"","overlay-gradient":""},"tablet":{"background-color":"","background-image":"","background-repeat":"repeat","background-position":"center center","background-size":"auto","background-attachment":"scroll","background-type":"","background-media":"","overlay-type":"","overlay-color":"","overlay-opacity":"","overlay-gradient":""},"mobile":{"background-color":"","background-image":"","background-repeat":"repeat","background-position":"center center","background-size":"auto","background-attachment":"scroll","background-type":"","background-media":"","overlay-type":"","overlay-color":"","overlay-opacity":"","overlay-gradient":""}},"ast-content-background-meta":{"desktop":{"background-color":"var(--ast-global-color-5)","background-image":"","background-repeat":"repeat","background-position":"center center","background-size":"auto","background-attachment":"scroll","background-type":"","background-media":"","overlay-type":"","overlay-color":"","overlay-opacity":"","overlay-gradient":""},"tablet":{"background-color":"var(--ast-global-color-5)","background-image":"","background-repeat":"repeat","background-position":"center center","background-size":"auto","background-attachment":"scroll","background-type":"","background-media":"","overlay-type":"","overlay-color":"","overlay-opacity":"","overlay-gradient":""},"mobile":{"background-color":"var(--ast-global-color-5)","background-image":"","background-repeat":"repeat","background-position":"center center","background-size":"auto","background-attachment":"scroll","background-type":"","background-media":"","overlay-type":"","overlay-color":"","overlay-opacity":"","overlay-gradient":""}},"_joinchat":[]},"product_brand":[],"product_cat":[15,25,123,26,28,135,27,60,137,136,30],"product_tag":[63,66,125,126,101,105,127,120],"class_list":{"0":"post-2329","1":"product","2":"type-product","3":"status-publish","4":"has-post-thumbnail","6":"product_cat-new-vape-this-week","7":"product_cat-germany-best-selling-vape","8":"product_cat-italy-wholesale-vape","9":"product_cat-netherlands-hot-sale-vape","10":"product_cat-poland-hot-sale-vape","11":"product_cat-spain-best-hot-sale-vape","12":"product_cat-fance-hot-sale-vape","13":"product_cat-bang-vapes","14":"product_cat-rechargeable-vapes","15":"product_cat-smart-screen-vapes","16":"product_cat-minimum-order-quantity-50pcs","17":"product_tag-bang-vapes","18":"product_tag-disposable-vape","19":"product_tag-disposable-vape-italy","20":"product_tag-e-cigarettes","21":"product_tag-led-display-vape","22":"product_tag-nicotine-free-disposable-vape","23":"product_tag-puff-30k","24":"product_tag-vape-wholesale","25":"desktop-align-left","26":"tablet-align-left","27":"mobile-align-left","29":"first","30":"instock","31":"sale","32":"shipping-taxable","33":"purchasable","34":"product-type-simple"},"uagb_featured_image_src":{"full":["https:\/\/rmvapesale.com\/wp-content\/uploads\/2024\/10\/Bang-Box-30k-Puffs-Discount-Price-Fashion-Vape.jpg",800,800,false],"thumbnail":["https:\/\/rmvapesale.com\/wp-content\/uploads\/2024\/10\/Bang-Box-30k-Puffs-Discount-Price-Fashion-Vape-150x150.jpg",150,150,true],"medium":["https:\/\/rmvapesale.com\/wp-content\/uploads\/2024\/10\/Bang-Box-30k-Puffs-Discount-Price-Fashion-Vape-300x300.jpg",300,300,true],"medium_large":["https:\/\/rmvapesale.com\/wp-content\/uploads\/2024\/10\/Bang-Box-30k-Puffs-Discount-Price-Fashion-Vape-768x768.jpg",768,768,true],"large":["https:\/\/rmvapesale.com\/wp-content\/uploads\/2024\/10\/Bang-Box-30k-Puffs-Discount-Price-Fashion-Vape.jpg",800,800,false],"1536x1536":["https:\/\/rmvapesale.com\/wp-content\/uploads\/2024\/10\/Bang-Box-30k-Puffs-Discount-Price-Fashion-Vape.jpg",800,800,false],"2048x2048":["https:\/\/rmvapesale.com\/wp-content\/uploads\/2024\/10\/Bang-Box-30k-Puffs-Discount-Price-Fashion-Vape.jpg",800,800,false],"trp-custom-language-flag":["https:\/\/rmvapesale.com\/wp-content\/uploads\/2024\/10\/Bang-Box-30k-Puffs-Discount-Price-Fashion-Vape.jpg",12,12,false],"woocommerce_thumbnail":["https:\/\/rmvapesale.com\/wp-content\/uploads\/2024\/10\/Bang-Box-30k-Puffs-Discount-Price-Fashion-Vape-300x300.jpg",300,300,true],"woocommerce_single":["https:\/\/rmvapesale.com\/wp-content\/uploads\/2024\/10\/Bang-Box-30k-Puffs-Discount-Price-Fashion-Vape-600x600.jpg",600,600,true],"woocommerce_gallery_thumbnail":["https:\/\/rmvapesale.com\/wp-content\/uploads\/2024\/10\/Bang-Box-30k-Puffs-Discount-Price-Fashion-Vape-100x100.jpg",100,100,true],"wcpr-photo-reviews":["https:\/\/rmvapesale.com\/wp-content\/uploads\/2024\/10\/Bang-Box-30k-Puffs-Discount-Price-Fashion-Vape.jpg",500,500,false]},"uagb_author_info":{"display_name":"AMY","author_link":"https:\/\/rmvapesale.com\/ro\/author\/"},"uagb_comment_info":0,"uagb_excerpt":"Bang Box 30000 Puffs Smart Screen Disposable E Cigarettes Bang Vape Box 30000 Puffs Duble Taste Disposable Vape Wholesale Bang Box 30000 Puffs 0% 2% 3% 5% Free Nicotine Disposable Vape WhatsApp: +86 17776015835 &nbsp;","_links":{"self":[{"href":"https:\/\/rmvapesale.com\/ro\/wp-json\/wp\/v2\/product\/2329","targetHints":{"allow":["GET"]}}],"collection":[{"href":"https:\/\/rmvapesale.com\/ro\/wp-json\/wp\/v2\/product"}],"about":[{"href":"https:\/\/rmvapesale.com\/ro\/wp-json\/wp\/v2\/types\/product"}],"replies":[{"embeddable":true,"href":"https:\/\/rmvapesale.com\/ro\/wp-json\/wp\/v2\/comments?post=2329"}],"wp:featuredmedia":[{"embeddable":true,"href":"https:\/\/rmvapesale.com\/ro\/wp-json\/wp\/v2\/media\/2315"}],"wp:attachment":[{"href":"https:\/\/rmvapesale.com\/ro\/wp-json\/wp\/v2\/media?parent=2329"}],"wp:term":[{"taxonomy":"product_brand","embeddable":true,"href":"https:\/\/rmvapesale.com\/ro\/wp-json\/wp\/v2\/product_brand?post=2329"},{"taxonomy":"product_cat","embeddable":true,"href":"https:\/\/rmvapesale.com\/ro\/wp-json\/wp\/v2\/product_cat?post=2329"},{"taxonomy":"product_tag","embeddable":true,"href":"https:\/\/rmvapesale.com\/ro\/wp-json\/wp\/v2\/product_tag?post=2329"}],"curies":[{"name":"wp","href":"https:\/\/api.w.org\/{rel}","templated":true}]}}