{"id":2344,"date":"2024-10-11T03:13:13","date_gmt":"2024-10-11T03:13:13","guid":{"rendered":"https:\/\/rmvapesale.com\/?post_type=product&#038;p=2344"},"modified":"2024-10-11T04:01:54","modified_gmt":"2024-10-11T04:01:54","slug":"mrvi-puffing-15000-puff-disposable-vape-box","status":"publish","type":"product","link":"https:\/\/rmvapesale.com\/ro\/product\/mrvi-puffing-15000-puff-disposable-vape-box\/","title":{"rendered":"MRVI PUFFING 15000 Pufuri Cutie Vap\u0103 de unic\u0103 folosin\u021b\u0103"},"content":{"rendered":"<div class=\"B2VR9 CJHX3e\">\n<div class=\"wyccme\">\n<h1 class=\"LC20lb MBeuO DKV0Md\">MRVI PUFFING 15000 Pufuri Cutie Vap\u0103 de unic\u0103 folosin\u021b\u0103<\/h1>\n<div class=\"flex-shrink-0 flex flex-col relative items-end\">\n<div class=\"pt-0\">\n<div class=\"gizmo-bot-avatar flex h-8 w-8 items-center justify-center overflow-hidden rounded-full\">\n<div class=\"relative p-1 rounded-sm flex items-center justify-center bg-token-main-surface-primary text-token-text-primary h-8 w-8\">\n<p>Preg\u0103te\u0219te-te pentru o experien\u021b\u0103 de vaping excelent\u0103 cu Boxa de Vape de unic\u0103 folosin\u021b\u0103 MRVI PUFFING 15000 de Pufuri! Proiectat pentru cei care doresc performan\u021be de lung\u0103 durat\u0103, acest vape ofer\u0103 15.000 de pufuri, asigur\u00e2ndu-te c\u0103 te po\u021bi bucura de el zile \u00eentregi f\u0103r\u0103 griji.<\/p>\n<p>Echipat cu o baterie re\u00eenc\u0103rcabil\u0103 puternic\u0103 de 750mAh \u0219i un port de \u00eenc\u0103rcare de tip C, nu vei r\u0103m\u00e2ne niciodat\u0103 f\u0103r\u0103 energie. Capacitatea de 25ml de e-lichid \u0219i tehnologia cu bobin\u0103 dubl\u0103 de tip mesh asigur\u0103 arome bogate \u0219i pl\u0103cute de fiecare dat\u0103. \u00cen plus, po\u021bi monitoriza utilizarea cu afi\u0219ajul convenabil pentru ecranul de e-lichid \u0219i energie.<\/p>\n<p>Alege \u00eentre o concentra\u021bie de nicotin\u0103 de 2% sau 5%, \u00een func\u021bie de preferin\u021ba ta. \u0218i, ca s\u0103 fie \u0219i mai atractiv, MRVI Puffing vine cu un \u0219nur elegant, ceea ce \u00eel face u\u0219or de transportat oriunde te-ai duce!<\/p>\n<p>Perfect pentru cei care iubesc at\u00e2t comoditatea, c\u00e2t \u0219i performan\u021ba, Boxa de Vape de unic\u0103 folosin\u021b\u0103 MRVI PUFFING 15000 de Pufuri \u00eei va face pe clien\u021bii t\u0103i s\u0103 revin\u0103 pentru mai mult\u0103 Box\u0103 de Vape de unic\u0103 folosin\u021b\u0103 MRVI PUFFING 15000 de Pufuri<\/p>\n<p>&nbsp;<\/p>\n<\/div>\n<\/div>\n<\/div>\n<\/div>\n<\/div>\n<\/div>\n<p><strong>Contacta\u021bi-o pe Amy pentru a ob\u021bine un r\u0103spuns corect \u0219i mai multe videoclipuri cu produse!<\/strong><\/p>\n<p><img loading=\"lazy\" decoding=\"async\" class=\"size-full wp-image-1978\" src=\"https:\/\/rmvapesale.com\/wp-content\/uploads\/2024\/09\/Disposable-Vape-Wholesale.jpg\" alt=\"\u021aig\u0103ri electronice de unic\u0103 folosin\u021b\u0103 en-gros\" width=\"229\" height=\"300\" \/><\/p>\n<h3><a href=\"https:\/\/wa.me\/8617776015835\" target=\"_blank\" rel=\"noopener\"><span style=\"color: #ff0000\"><strong>WhatsApp: +86 17776015835<\/strong><\/span><\/a><\/h3>\n<p>&nbsp;<\/p>\n<h2><\/h2>\n<h2><strong>MRVI PUFFING 15000 de Pufuri Caracteristici Cheie<\/strong><\/h2>\n<ul>\n<li><strong>Num\u0103r Mare de Pufuri<\/strong>: Bucur\u0103-te de p\u00e2n\u0103 la <strong>15.000 de pufuri<\/strong>, asigur\u00e2nd o experien\u021b\u0103 de vaping de lung\u0103 durat\u0103 f\u0103r\u0103 \u00eenlocuiri frecvente.<\/li>\n<li><strong>Capacitate E-lichid<\/strong>: Rezervorul de <strong>25ml de e-lichid<\/strong> ofer\u0103 o utilizare extins\u0103, minimiz\u00e2nd nevoia de reumpleri.<\/li>\n<li><strong>Baterie Re\u00eenc\u0103rcabil\u0103<\/strong>: Alimentat de un <strong>baterie de 750mAh<\/strong>, oferind performan\u021be fiabile cu comoditatea re\u00eenc\u0103rc\u0103rii.<\/li>\n<li><strong>\u00cenc\u0103rcare USB-C<\/strong>: Re\u00eenc\u0103rcare rapid\u0103 \u0219i eficient\u0103 cu portul modern <strong>Type-C<\/strong>, men\u021bin\u00e2ndu-v\u0103 alimentat rapid.<\/li>\n<li><strong>Tehnologie Dual Mesh Coil<\/strong>: \u00cembun\u0103t\u0103\u021bi\u021bi-v\u0103 experien\u021ba de vaping cu <strong>rezisten\u021be duble din plas\u0103<\/strong>, oferind o arom\u0103 bogat\u0103 \u0219i o produc\u021bie de vapori fin\u0103.<\/li>\n<li><strong>Ecran inteligent<\/strong>: R\u0103m\u00e2ne\u021bi informat cu un <strong>ecran digital<\/strong> care afi\u0219eaz\u0103 dintr-o privire at\u00e2t nivelul de e-lichid, c\u00e2t \u0219i durata de via\u021b\u0103 a bateriei.<\/li>\n<li><strong>Op\u021biuni de nicotin\u0103<\/strong>: Disponibil \u00een <strong>2% \u0219i 5%<\/strong> concentra\u021bii de nicotin\u0103, satisf\u0103c\u00e2nd o gam\u0103 larg\u0103 de preferin\u021be.<\/li>\n<li><strong>\u0218nur practic<\/strong>: Vine cu un <strong>\u0219nur<\/strong> pentru transport u\u0219or, f\u0103c\u00e2ndu-l un companion perfect pentru vapingul \u00een mi\u0219care.<\/li>\n<\/ul>\n<figure id=\"attachment_2345\" aria-describedby=\"caption-attachment-2345\" style=\"width: 808px\" class=\"wp-caption alignnone\"><img loading=\"lazy\" decoding=\"async\" class=\"wp-image-2345 size-full\" src=\"https:\/\/rmvapesale.com\/wp-content\/uploads\/2024\/10\/Mrvi-Puffing-15k-Price.jpg\" alt=\"Mrvi Puffing 15k Pre\u021b\" width=\"808\" height=\"808\" srcset=\"https:\/\/rmvapesale.com\/wp-content\/uploads\/2024\/10\/Mrvi-Puffing-15k-Price.jpg 808w, https:\/\/rmvapesale.com\/wp-content\/uploads\/2024\/10\/Mrvi-Puffing-15k-Price-300x300.jpg 300w, https:\/\/rmvapesale.com\/wp-content\/uploads\/2024\/10\/Mrvi-Puffing-15k-Price-150x150.jpg 150w, https:\/\/rmvapesale.com\/wp-content\/uploads\/2024\/10\/Mrvi-Puffing-15k-Price-768x768.jpg 768w, https:\/\/rmvapesale.com\/wp-content\/uploads\/2024\/10\/Mrvi-Puffing-15k-Price-600x600.jpg 600w, https:\/\/rmvapesale.com\/wp-content\/uploads\/2024\/10\/Mrvi-Puffing-15k-Price-100x100.jpg 100w\" sizes=\"auto, (max-width: 808px) 100vw, 808px\" \/><figcaption id=\"caption-attachment-2345\" class=\"wp-caption-text\">Mrvi Puffing 15k Pre\u021b<\/figcaption><\/figure>\n<h2><strong>Arom\u0103 de top pentru \u021bigara electronic\u0103 MRVI PUFFING 15000 de pufuri<\/strong><\/h2>\n<p>Cu 10 arome uimitoare din care pute\u021bi alege, inclusiv op\u021biuni fructate \u0219i r\u0103coritoare, kitul de unic\u0103 folosin\u021b\u0103 MRVI PUFFING 15000 de pufuri ofer\u0103 ceva pentru fiecare gust.<\/p>\n<p>1. Afine cu ghea\u021b\u0103<span style=\"color: #ff0000\"><strong>&gt;&gt;&gt;&gt; Fierbinte!<\/strong><\/span><br \/>\n2. Milkshake de banane<br \/>\n3. C\u0103p\u0219uni \u0219i pepene verde<br \/>\n4. \u00cenghe\u021bat\u0103 de pepene galben<br \/>\n5. M\u0103r ro\u0219u cu ghea\u021b\u0103<br \/>\n6. Piersic\u0103 \u0219i mango<br \/>\n7. Gum\u0103 de mestecat cu afine<span style=\"color: #ff0000\"><strong>&gt;&gt;&gt;&gt; Cel mai bun!<\/strong><\/span><br \/>\n8. Ghea\u021b\u0103 luxuriant\u0103<br \/>\n9. Ananas cu ghea\u021b\u0103<br \/>\n10. Explozie de Roz<span style=\"color: #ff0000\"><strong>&gt;&gt;&gt;&gt; Fierbinte!<\/strong><\/span><\/p>\n<p>&nbsp;<\/p>\n<h3><strong>De ce s\u0103 alege\u021bi Rmvapesale pentru cutia dvs. de vapoare de unic\u0103 folosin\u021b\u0103 MRVI PUFFING 15000 Puffs?<\/strong><\/h3>\n<div class=\"flex-shrink-0 flex flex-col relative items-end\">\n<div class=\"pt-0\">\n<div class=\"gizmo-bot-avatar flex h-8 w-8 items-center justify-center overflow-hidden rounded-full\">\n<div class=\"relative p-1 rounded-sm flex items-center justify-center bg-token-main-surface-primary text-token-text-primary h-8 w-8\">\n<p>&nbsp;<\/p>\n<p>C\u00e2nd alege\u021bi Rmvapesale pentru nevoile dvs. de vape-uri de unic\u0103 folosin\u021b\u0103 en-gros, ve\u021bi beneficia de:<\/p>\n<ul>\n<li><strong>Pre\u021b competitiv<\/strong>: Beneficia\u021bi de pre\u021buri atractive pentru a v\u0103 m\u0103ri marja de profit.<\/li>\n<li><strong>Calitate superioar\u0103<\/strong>: Vape-urile noastre sunt fabricate la cele mai \u00eenalte standarde, \u0219i <span style=\"color: #ff0000\"><strong>garantat 100% originale \u0219i autentice, sau primi\u021bi de 10 ori compensa\u021bia \u00een caz de produse contraf\u0103cute!<\/strong><\/span><\/li>\n<li><strong>Serviciu clien\u021bi excelent<\/strong>: Echipa noastr\u0103 dedicat\u0103 este mereu gata s\u0103 v\u0103 asiste, f\u0103c\u00e2nd procesul de cump\u0103rare u\u0219or \u0219i lipsit de griji.<\/li>\n<li><strong>Livrare rapid\u0103<\/strong>: A\u0219tepta\u021bi-v\u0103 la transport prompt \u0219i de \u00eencredere, care v\u0103 asigur\u0103 c\u0103 comenzile dumneavoastr\u0103 ajung la timp, de fiecare dat\u0103.<\/li>\n<\/ul>\n<h3><\/h3>\n<h3><b>\u00centreb\u0103ri frecvente<\/b><\/h3>\n<p><strong>\u00ce1: C\u00e2te pufuri pot ob\u021bine de la Vapa de unic\u0103 folosin\u021b\u0103 MRVI PUFFING 15000 Puffs?<\/strong><br \/>\n<strong>R1:<\/strong> MRVI PUFFING ofer\u0103 un impresionant <strong>15.000 de pufuri<\/strong>, asigur\u00e2ndu-v\u0103 c\u0103 v\u0103 pute\u021bi bucura de vapare de lung\u0103 durat\u0103 f\u0103r\u0103 a fi nevoie de \u00eenlocuiri frecvente.<\/p>\n<p><strong>\u00ce2: Este re\u00eenc\u0103rcabil Vapa de unic\u0103 folosin\u021b\u0103 MRVI PUFFING 15000 Puffs?<\/strong><br \/>\n<strong>R2:<\/strong> Da! Aceast\u0103 vapa dispune de o <strong>baterie re\u00eenc\u0103rcabil\u0103 de 750 mAh<\/strong>, permi\u021b\u00e2ndu-v\u0103 s\u0103 o re\u00eenc\u0103rca\u021bi cu u\u0219urin\u021b\u0103 prin <strong>Type-C<\/strong> pentru confort \u0219i utilizare extins\u0103.<\/p>\n<\/div>\n<\/div>\n<\/div>\n<\/div>\n<div class=\"group\/conversation-turn relative flex w-full min-w-0 flex-col agent-turn\">\n<div class=\"flex-col gap-1 md:gap-3\">\n<div class=\"flex max-w-full flex-col flex-grow\">\n<div class=\"min-h-8 text-message flex w-full flex-col items-end gap-2 whitespace-normal break-words [.text-message+&amp;]:mt-5\" dir=\"auto\" data-message-author-role=\"assistant\" data-message-id=\"f226d3fc-81f3-46d5-8c46-31787fff0357\">\n<div class=\"flex w-full flex-col gap-1 empty:hidden first:pt-[3px]\">\n<div class=\"markdown prose w-full break-words dark:prose-invert light\">\n<p><strong>\u00ce3: Pot personaliza concentra\u021bia de nicotin\u0103 \u00een Vapa de unic\u0103 folosin\u021b\u0103 MRVI 15000 Puffs?<\/strong><br \/>\n<strong>R3:<\/strong> Da, pute\u021bi alege \u00eentre concentra\u021biile de nicotin\u0103 de <strong>2% \u0219i 5%<\/strong> pentru a se potrivi preferin\u021belor dumneavoastr\u0103 de vapare.<\/p>\n<p><strong>\u00ce4: Cum \u00eembun\u0103t\u0103\u021be\u0219te Vapa de unic\u0103 folosin\u021b\u0103 MRVI PUFFING 15000 Puffs experien\u021ba mea de vapare?<\/strong><br \/>\n<strong>R4:<\/strong> Cu bateria sa re\u00eenc\u0103rcabil\u0103 de <strong>tehnologia dual\u0103 a rezisten\u021bei tip mesh<\/strong>, v\u0103 pute\u021bi bucura de o arom\u0103 bogat\u0103 \u0219i o produc\u021bie de vapori fin\u0103, f\u0103c\u00e2nd fiecare puf satisf\u0103c\u0103tor.<\/p>\n<p><strong>\u00ce5: \u021aigara electronic\u0103 MRVI PUFFING are o func\u021bie de afi\u0219aj?<\/strong><br \/>\n<strong>R5:<\/strong> Absolut! Include un <strong>afi\u0219aj pentru e-lichid \u0219i putere<\/strong> astfel \u00eenc\u00e2t s\u0103 pute\u021bi monitoriza cu u\u0219urin\u021b\u0103 cantitatea de e-lichid r\u0103mas\u0103 \u0219i durata de via\u021b\u0103 a bateriei.<\/p>\n<p><strong>\u00ce6: Este u\u0219or de transportat \u021bigara electronic\u0103 re\u00eenc\u0103rcabil\u0103 MRVI 15000 Puffs?<\/strong><br \/>\n<strong>R6:<\/strong> Da, designul compact o face portabil\u0103 \u0219i este perfect\u0103 pentru utilizarea \u00een deplasare, indiferent dac\u0103 sunte\u021bi acas\u0103 sau \u00een ora\u0219.<\/p>\n<p><strong>\u00ce7: De unde pot achizi\u021biona \u021bigara electronic\u0103 de unic\u0103 folosin\u021b\u0103 MRVI 15000 Puffs?<\/strong><br \/>\n<strong>R7:<\/strong> Pute\u021bi g\u0103si \u021bigara electronic\u0103 de unic\u0103 folosin\u021b\u0103 MRVI PUFFING 15000 Puffs la diver\u0219i comercian\u021bi \u0219i pe platforme online, asigur\u00e2nd accesul u\u0219or pentru toate nevoile dumneavoastr\u0103 de vapat.<\/p>\n<\/div>\n<\/div>\n<\/div>\n<\/div>\n<\/div>\n<\/div>\n<h3>Despre livrare<\/h3>\n<div class=\"flex-shrink-0 flex flex-col relative items-end\">\n<div>\n<div class=\"pt-0\">\n<div class=\"gizmo-bot-avatar flex h-8 w-8 items-center justify-center overflow-hidden rounded-full\">\n<div><\/div>\n<div class=\"relative p-1 rounded-sm flex items-center justify-center bg-token-main-surface-primary text-token-text-primary h-8 w-8\"><strong>1. Ce metode de expediere sunt folosite?<\/strong><\/div>\n<\/div>\n<\/div>\n<\/div>\n<\/div>\n<div class=\"group\/conversation-turn relative flex w-full min-w-0 flex-col agent-turn\">\n<div class=\"flex-col gap-1 md:gap-3\">\n<div class=\"flex max-w-full flex-col flex-grow\">\n<div class=\"min-h-[20px] text-message flex w-full flex-col items-end gap-2 whitespace-normal break-words [.text-message+&amp;]:mt-5 overflow-x-auto\" dir=\"auto\" data-message-author-role=\"assistant\" data-message-id=\"22f8283b-3233-46ff-89a5-c7a41b33abda\">\n<div class=\"flex w-full flex-col gap-1 empty:hidden first:pt-[3px]\">\n<div class=\"markdown prose w-full break-words dark:prose-invert light\">\n<p>Colabor\u0103m cu UPS, DHL, FedEx, DPD \u0219i al\u021bi transportatori de top. Vom selecta cea mai bun\u0103 metod\u0103 de expediere \u00een func\u021bie de loca\u021bia dvs. de livrare pentru a ne asigura c\u0103 ve\u021bi primi produsele c\u00e2t mai repede posibil.<\/p>\n<\/div>\n<p><strong>2. C\u00e2t dureaz\u0103 livrarea?<\/strong><\/p>\n<p>Pachetele expediate \u00een Rom\u00e2nia ajung de obicei \u00een 10 zile lucr\u0103toare. Livrarea \u00een \u021b\u0103rile europene dureaz\u0103, \u00een general, aproximativ 12-15 zile lucr\u0103toare. V\u0103 vom oferi actualiz\u0103ri \u00een timp real cu privire la starea expedierii dumneavoastr\u0103.<\/p>\n<\/div>\n<\/div>\n<\/div>\n<\/div>\n<\/div>\n<p>&nbsp;<\/p>\n<p>Alte produse vape populare care v-ar putea pl\u0103cea:<\/p>\n<p><a href=\"https:\/\/rmvapesale.com\/ro\/product\/elf-box-vape-bk12000-puff-disposable-pod-wholesale\/\"><strong>ELF BOX BK12000 Puff <span style=\"color: #ff0000\">&gt;&gt;&gt;&gt; merge\u021bi!<\/span><\/strong><\/a><\/p>\n<p><strong><a href=\"https:\/\/rmvapesale.com\/ro\/product\/waspe-fihp-30000-puffs-led-display-disposable-vape-box\/\">WASPE FIHP 30000 Puffs <span style=\"color: #ff0000\">&gt;&gt;&gt;&gt; merge\u021bi!<\/span><\/a>\u00a0<\/strong><\/p>\n<h2 class=\"woocommerce-loop-product__title\"><a style=\"font-size: 16px\" href=\"https:\/\/rmvapesale.com\/ro\/product\/randm-tornado-15000-puffs-vape-wholesale\/\"><strong>RandM Tornado 15000 <span style=\"color: #ff0000\">&gt;&gt;&gt;&gt; merge\u021bi!<\/span><\/strong><\/a><\/h2>\n<p>&nbsp;<\/p>\n<p>&nbsp;<\/p>\n<p>G\u0103si\u021bi mai multe produse de vapat care v-ar putea pl\u0103cea:<strong><em><a href=\"https:\/\/rmvapesale.com\/ro\/shop-2\/\">cump\u0103r\u0103 acum &gt;&gt;&gt;<\/a><\/em><\/strong><\/p>","protected":false},"excerpt":{"rendered":"<p>Fabric\u0103 Original\u0103 MRVI PUFFING 15000 PUFFS Box\u0103 de Vape<br \/>\nMRVI 15000 Pufuri 2% sau 5% 25ml E-lichid Re\u00eenc\u0103rcabil<br \/>\nMRVI PUFFING 1500015K Pufuri Pre\u021b de en-gros vape<\/p>\n<p><img loading=\"lazy\" decoding=\"async\" class=\"size-full wp-image-1978\" src=\"https:\/\/rmvapesale.com\/wp-content\/uploads\/2024\/09\/Disposable-Vape-Wholesale.jpg\" alt=\"\u021aig\u0103ri electronice de unic\u0103 folosin\u021b\u0103 en-gros\" width=\"229\" height=\"300\" \/><\/p>\n<h3><a href=\"https:\/\/wa.me\/8617776015835\"><span style=\"color: #ff0000\"><strong>WhatsApp: +86 17776015835<\/strong><\/span><\/a><\/h3>\n<p>&nbsp;<\/p>","protected":false},"featured_media":2349,"comment_status":"open","ping_status":"closed","template":"","meta":{"_uag_custom_page_level_css":"","_lmt_disableupdate":"","_lmt_disable":"","site-sidebar-layout":"default","site-content-layout":"content-boxed-container","ast-site-content-layout":"normal-width-container","site-content-style":"boxed","site-sidebar-style":"unboxed","ast-global-header-display":"","ast-banner-title-visibility":"","ast-main-header-display":"","ast-hfb-above-header-display":"","ast-hfb-below-header-display":"","ast-hfb-mobile-header-display":"","site-post-title":"","ast-breadcrumbs-content":"","ast-featured-img":"","footer-sml-layout":"","theme-transparent-header-meta":"default","adv-header-id-meta":"","stick-header-meta":"","header-above-stick-meta":"","header-main-stick-meta":"","header-below-stick-meta":"","astra-migrate-meta-layouts":"set","ast-page-background-enabled":"default","ast-page-background-meta":{"desktop":{"background-color":"var(--ast-global-color-4)","background-image":"","background-repeat":"repeat","background-position":"center center","background-size":"auto","background-attachment":"scroll","background-type":"","background-media":"","overlay-type":"","overlay-color":"","overlay-opacity":"","overlay-gradient":""},"tablet":{"background-color":"","background-image":"","background-repeat":"repeat","background-position":"center center","background-size":"auto","background-attachment":"scroll","background-type":"","background-media":"","overlay-type":"","overlay-color":"","overlay-opacity":"","overlay-gradient":""},"mobile":{"background-color":"","background-image":"","background-repeat":"repeat","background-position":"center center","background-size":"auto","background-attachment":"scroll","background-type":"","background-media":"","overlay-type":"","overlay-color":"","overlay-opacity":"","overlay-gradient":""}},"ast-content-background-meta":{"desktop":{"background-color":"var(--ast-global-color-5)","background-image":"","background-repeat":"repeat","background-position":"center center","background-size":"auto","background-attachment":"scroll","background-type":"","background-media":"","overlay-type":"","overlay-color":"","overlay-opacity":"","overlay-gradient":""},"tablet":{"background-color":"var(--ast-global-color-5)","background-image":"","background-repeat":"repeat","background-position":"center center","background-size":"auto","background-attachment":"scroll","background-type":"","background-media":"","overlay-type":"","overlay-color":"","overlay-opacity":"","overlay-gradient":""},"mobile":{"background-color":"var(--ast-global-color-5)","background-image":"","background-repeat":"repeat","background-position":"center center","background-size":"auto","background-attachment":"scroll","background-type":"","background-media":"","overlay-type":"","overlay-color":"","overlay-opacity":"","overlay-gradient":""}},"_joinchat":[]},"product_brand":[],"product_cat":[15,25,123,26,28,27,60,30],"product_tag":[131,66,125,126,134,132,133],"class_list":{"0":"post-2344","1":"product","2":"type-product","3":"status-publish","4":"has-post-thumbnail","6":"product_cat-new-vape-this-week","7":"product_cat-germany-best-selling-vape","8":"product_cat-italy-wholesale-vape","9":"product_cat-netherlands-hot-sale-vape","10":"product_cat-poland-hot-sale-vape","11":"product_cat-fance-hot-sale-vape","12":"product_cat-bang-vapes","13":"product_cat-minimum-order-quantity-50pcs","14":"product_tag-big-puff-vape","15":"product_tag-disposable-vape","16":"product_tag-disposable-vape-italy","17":"product_tag-e-cigarettes","18":"product_tag-mrvi-puffing-15k-price","19":"product_tag-rechargeable-vape","20":"product_tag-vape-bar","21":"desktop-align-left","22":"tablet-align-left","23":"mobile-align-left","25":"first","26":"instock","27":"sale","28":"shipping-taxable","29":"purchasable","30":"product-type-simple"},"uagb_featured_image_src":{"full":["https:\/\/rmvapesale.com\/wp-content\/uploads\/2024\/10\/MRVI-PUFFING-15000.jpg",808,808,false],"thumbnail":["https:\/\/rmvapesale.com\/wp-content\/uploads\/2024\/10\/MRVI-PUFFING-15000-150x150.jpg",150,150,true],"medium":["https:\/\/rmvapesale.com\/wp-content\/uploads\/2024\/10\/MRVI-PUFFING-15000-300x300.jpg",300,300,true],"medium_large":["https:\/\/rmvapesale.com\/wp-content\/uploads\/2024\/10\/MRVI-PUFFING-15000-768x768.jpg",768,768,true],"large":["https:\/\/rmvapesale.com\/wp-content\/uploads\/2024\/10\/MRVI-PUFFING-15000.jpg",808,808,false],"1536x1536":["https:\/\/rmvapesale.com\/wp-content\/uploads\/2024\/10\/MRVI-PUFFING-15000.jpg",808,808,false],"2048x2048":["https:\/\/rmvapesale.com\/wp-content\/uploads\/2024\/10\/MRVI-PUFFING-15000.jpg",808,808,false],"trp-custom-language-flag":["https:\/\/rmvapesale.com\/wp-content\/uploads\/2024\/10\/MRVI-PUFFING-15000.jpg",12,12,false],"woocommerce_thumbnail":["https:\/\/rmvapesale.com\/wp-content\/uploads\/2024\/10\/MRVI-PUFFING-15000-300x300.jpg",300,300,true],"woocommerce_single":["https:\/\/rmvapesale.com\/wp-content\/uploads\/2024\/10\/MRVI-PUFFING-15000-600x600.jpg",600,600,true],"woocommerce_gallery_thumbnail":["https:\/\/rmvapesale.com\/wp-content\/uploads\/2024\/10\/MRVI-PUFFING-15000-100x100.jpg",100,100,true],"wcpr-photo-reviews":["https:\/\/rmvapesale.com\/wp-content\/uploads\/2024\/10\/MRVI-PUFFING-15000.jpg",500,500,false]},"uagb_author_info":{"display_name":"AMY","author_link":"https:\/\/rmvapesale.com\/ro\/author\/"},"uagb_comment_info":0,"uagb_excerpt":"Factory Original MRVI PUFFING 15000 PUFFS Vape Box MRVI 15000 Puffs 2% 5% 25mL E-liquid Rechargeable MRVI PUFFING 1500015K Puffs Wholesale Price vape WhatsApp: +86 17776015835 &nbsp;","_links":{"self":[{"href":"https:\/\/rmvapesale.com\/ro\/wp-json\/wp\/v2\/product\/2344","targetHints":{"allow":["GET"]}}],"collection":[{"href":"https:\/\/rmvapesale.com\/ro\/wp-json\/wp\/v2\/product"}],"about":[{"href":"https:\/\/rmvapesale.com\/ro\/wp-json\/wp\/v2\/types\/product"}],"replies":[{"embeddable":true,"href":"https:\/\/rmvapesale.com\/ro\/wp-json\/wp\/v2\/comments?post=2344"}],"wp:featuredmedia":[{"embeddable":true,"href":"https:\/\/rmvapesale.com\/ro\/wp-json\/wp\/v2\/media\/2349"}],"wp:attachment":[{"href":"https:\/\/rmvapesale.com\/ro\/wp-json\/wp\/v2\/media?parent=2344"}],"wp:term":[{"taxonomy":"product_brand","embeddable":true,"href":"https:\/\/rmvapesale.com\/ro\/wp-json\/wp\/v2\/product_brand?post=2344"},{"taxonomy":"product_cat","embeddable":true,"href":"https:\/\/rmvapesale.com\/ro\/wp-json\/wp\/v2\/product_cat?post=2344"},{"taxonomy":"product_tag","embeddable":true,"href":"https:\/\/rmvapesale.com\/ro\/wp-json\/wp\/v2\/product_tag?post=2344"}],"curies":[{"name":"wp","href":"https:\/\/api.w.org\/{rel}","templated":true}]}}