{"id":2372,"date":"2024-10-12T09:01:19","date_gmt":"2024-10-12T09:01:19","guid":{"rendered":"https:\/\/rmvapesale.com\/?post_type=product&#038;p=2372"},"modified":"2024-10-12T09:20:35","modified_gmt":"2024-10-12T09:20:35","slug":"fihp-digital-box-12000-puffs-hot-sale-vape-bulk-buy","status":"publish","type":"product","link":"https:\/\/rmvapesale.com\/ro\/product\/fihp-digital-box-12000-puffs-hot-sale-vape-bulk-buy\/","title":{"rendered":"FIHP Digital Box 12000 Pufuri V\u00e2nzare Fierbinte Vape Cump\u0103rare \u00een Vrac"},"content":{"rendered":"<div class=\"B2VR9 CJHX3e\">\n<div class=\"wyccme\">\n<h1 class=\"LC20lb MBeuO DKV0Md\">FIHP Digital Box 12000 Pufuri V\u00e2nzare Fierbinte Vape Cump\u0103rare \u00een Vrac<\/h1>\n<div class=\"flex-shrink-0 flex flex-col relative items-end\">\n<div class=\"pt-0\">\n<div class=\"gizmo-bot-avatar flex h-8 w-8 items-center justify-center overflow-hidden rounded-full\">\n<div class=\"relative p-1 rounded-sm flex items-center justify-center bg-token-main-surface-primary text-token-text-primary h-8 w-8\">\n<p>Cutia Digital\u0103 FIHP 12000 Pufuri este o alegere bun\u0103 pentru cei care caut\u0103 un Vape de Unic\u0103 Folosin\u021b\u0103 premium, de durat\u0103 lung\u0103, acum disponibil pentru achizi\u021bie en gros! Cu designul s\u0103u elegant \u0219i caracteristicile avansate, acest stilou de vaping este conceput pentru performan\u021b\u0103 \u0219i confort.<\/p>\n<p>Cu impresionantul 12.000 de pufuri, Cutia Digital\u0103 FIHP asigur\u0103 o experien\u021b\u0103 de vaping continu\u0103 \u0219i satisf\u0103c\u0103toare, f\u0103r\u0103 \u00eenlocuiri frecvente. Acest dispozitiv Vape Bar vine preumplut cu 20ml de lichid, disponibil \u00een variantele 2% \u0219i 5% cu nicotin\u0103 sc\u0103zut\u0103, permi\u021b\u00e2ndu-v\u0103 s\u0103 ajusta\u021bi vapingul dup\u0103 preferin\u021be, fie pentru o doz\u0103 u\u0219oar\u0103, fie pentru una mai intens\u0103 de nicotin\u0103.<\/p>\n<p>Bateria re\u00eenc\u0103rcabil\u0103 de 650mAh ofer\u0103 putere fiabil\u0103 \u0219i constant\u0103 pe durata fiec\u0103rei sesiuni, \u00een timp ce bobina din plas\u0103 de 1.0\u03a9 \u0219i fluxul de aer reglabil asigur\u0103 vapori netezi \u0219i plini de arom\u0103, pe care \u00eei pute\u021bi personaliza u\u0219or dup\u0103 gust. \u00cen plus, portul de \u00eenc\u0103rcare Type-C permite re\u00eenc\u0103rc\u0103ri rapide \u0219i convenabile, astfel \u00eenc\u00e2t s\u0103 nu r\u0103m\u00e2ne\u021bi niciodat\u0103 \u00een a\u0219teptare.<\/p>\n<p>Perfect pentru cei care doresc s\u0103 fac\u0103 stocuri sau s\u0103 aprovizioneze afacerea, Cutia Digital\u0103 FIHP 12000 Pufuri en gros ofer\u0103 o valoare excep\u021bional\u0103, oferind \u00een acela\u0219i timp o experien\u021b\u0103 de vaping de top.<\/p>\n<p>&nbsp;<\/p>\n<\/div>\n<\/div>\n<\/div>\n<\/div>\n<\/div>\n<\/div>\n<p><strong>Contacta\u021bi-o pe Amy pentru a ob\u021bine un r\u0103spuns corect \u0219i mai multe videoclipuri cu produse!<\/strong><\/p>\n<p><img loading=\"lazy\" decoding=\"async\" class=\"size-full wp-image-1978\" src=\"https:\/\/rmvapesale.com\/wp-content\/uploads\/2024\/09\/Disposable-Vape-Wholesale.jpg\" alt=\"\u021aig\u0103ri electronice de unic\u0103 folosin\u021b\u0103 en-gros\" width=\"229\" height=\"300\" \/><\/p>\n<h3><a href=\"https:\/\/wa.me\/8617776015835\" target=\"_blank\" rel=\"noopener\"><span style=\"color: #ff0000\"><strong>WhatsApp: +86 17776015835<\/strong><\/span><\/a><\/h3>\n<p>&nbsp;<\/p>\n<h2><\/h2>\n<h2><strong>Caracteristici principale ale Vape-ului de Unic\u0103 Folosin\u021b\u0103 FIHP Digital Box 12000 Pufuri<\/strong><\/h2>\n<p>&nbsp;<\/p>\n<ul>\n<li><strong>Num\u0103r Mare de Pufuri<\/strong>: Bucur\u0103-te de p\u00e2n\u0103 la <strong>12.000 de pufuri<\/strong> pentru pl\u0103cere de vaping de durat\u0103 \u0219i continuu.<\/li>\n<li><strong>Capacitate generoas\u0103 de lichid<\/strong>: Cu un <strong>rezervor de lichid de 22ml<\/strong>, acest dispozitiv permite utilizare extins\u0103 cu mai pu\u021bine reumpleri.<\/li>\n<li><strong>Baterie fiabil\u0103<\/strong>: Alimentat de un <strong>650mAh<\/strong>, asigur\u00e2nd performan\u021b\u0103 constant\u0103 \u0219i de \u00eencredere.<\/li>\n<li><strong>Putere Nicotin\u0103<\/strong>: Ofer\u0103 <strong>0.6% nicotin\u0103 (6mg)<\/strong>, oferind o experien\u021b\u0103 de vaping satisf\u0103c\u0103toare \u0219i lin\u0103.<\/li>\n<li><strong>Tehnologie Bobin\u0103 din Plas\u0103<\/strong>: Dotat cu un <strong>bobin\u0103 din plas\u0103 de 0,6\u03a9<\/strong> pentru un gust \u00eembun\u0103t\u0103\u021bit \u0219i produc\u021bie mai mare de vapori.<\/li>\n<li><strong>Ecran LED<\/strong>: R\u0103m\u00e2i informat cu un <strong>Afi\u0219ajul LED<\/strong> care ofer\u0103 actualiz\u0103ri \u00een timp real despre durata de via\u021b\u0103 a bateriei \u0219i utilizare.<\/li>\n<\/ul>\n<h2><\/h2>\n<h2><strong>Arome de top pentru FIHP Digital Box 12000 Pufuri Vape Bar<\/strong><\/h2>\n<p>Cu 10 arome delicioase precum C\u0103p\u0219uni Kiwi, Afine Zmeur\u0103 \u0219i Piersic\u0103 Mango, FIHP Digital Box ofer\u0103 o gam\u0103 pentru fiecare palat, asigur\u00e2ndu-\u021bi \u00eentotdeauna o experien\u021b\u0103 pl\u0103cut\u0103 de vaping.<\/p>\n<p>01. Ghea\u021b\u0103 Lush<span style=\"color: #ff0000\"><strong>&gt;&gt;&gt;&gt; Fierbinte!<\/strong><\/span><br \/>\n02. Ghea\u021b\u0103 Strugure<br \/>\n03. Cire\u0219e<br \/>\n04. Zmeur\u0103 Afine<span style=\"color: #ff0000\"><strong>&gt;&gt;&gt;&gt; Fierbinte!<\/strong><\/span><br \/>\n05. C\u0103p\u0219uni Kiwi<br \/>\n06. Fructe de P\u0103dure Mixte<span style=\"color: #ff0000\"><strong>&gt;&gt;&gt;&gt; Cel mai bun!<\/strong><\/span><br \/>\n07. C\u0103p\u0219uni Pepene Verde<br \/>\n08. Gum\u0103 de mestecat Pepene Verde<br \/>\n09. Mango Piersic\u0103 Ananas<br \/>\n10. Kiwi Fruct de Pasiune Guava<\/p>\n<figure id=\"attachment_2366\" aria-describedby=\"caption-attachment-2366\" style=\"width: 808px\" class=\"wp-caption alignnone\"><img loading=\"lazy\" decoding=\"async\" class=\"wp-image-2366 size-full\" src=\"https:\/\/rmvapesale.com\/wp-content\/uploads\/2024\/10\/FIHP-Digital-12000-Puffs-Flavor.jpg\" alt=\"Arome FIHP Digital 12000 Pufuri\" width=\"808\" height=\"808\" srcset=\"https:\/\/rmvapesale.com\/wp-content\/uploads\/2024\/10\/FIHP-Digital-12000-Puffs-Flavor.jpg 808w, https:\/\/rmvapesale.com\/wp-content\/uploads\/2024\/10\/FIHP-Digital-12000-Puffs-Flavor-300x300.jpg 300w, https:\/\/rmvapesale.com\/wp-content\/uploads\/2024\/10\/FIHP-Digital-12000-Puffs-Flavor-150x150.jpg 150w, https:\/\/rmvapesale.com\/wp-content\/uploads\/2024\/10\/FIHP-Digital-12000-Puffs-Flavor-768x768.jpg 768w, https:\/\/rmvapesale.com\/wp-content\/uploads\/2024\/10\/FIHP-Digital-12000-Puffs-Flavor-600x600.jpg 600w, https:\/\/rmvapesale.com\/wp-content\/uploads\/2024\/10\/FIHP-Digital-12000-Puffs-Flavor-100x100.jpg 100w\" sizes=\"auto, (max-width: 808px) 100vw, 808px\" \/><figcaption id=\"caption-attachment-2366\" class=\"wp-caption-text\">Arome FIHP Digital 12000 Pufuri<\/figcaption><\/figure>\n<h3><\/h3>\n<h3><strong>De ce s\u0103 alegi Rmvapesale pentru FIHP Digital Box 12000 Puffs Vape la pre\u021b redus<\/strong><strong>?<\/strong><\/h3>\n<div class=\"flex-shrink-0 flex flex-col relative items-end\">\n<div>\n<div class=\"pt-0\">\n<div class=\"gizmo-bot-avatar flex h-8 w-8 items-center justify-center overflow-hidden rounded-full\">\n<div class=\"relative p-1 rounded-sm flex items-center justify-center bg-token-main-surface-primary text-token-text-primary h-8 w-8\">\n<p>&nbsp;<\/p>\n<p>C\u00e2nd alege\u021bi Rmvapesale pentru nevoile dvs. de vape-uri de unic\u0103 folosin\u021b\u0103 en-gros, ve\u021bi beneficia de:<\/p>\n<ul>\n<li><strong>Pre\u021b competitiv<\/strong>: Beneficia\u021bi de pre\u021buri atractive pentru a v\u0103 m\u0103ri marja de profit.<\/li>\n<li><strong>Calitate superioar\u0103<\/strong>: Vape-urile noastre sunt fabricate la cele mai \u00eenalte standarde, \u0219i <span style=\"color: #ff0000\"><strong>garantat 100% originale \u0219i autentice, sau primi\u021bi de 10 ori compensa\u021bia \u00een caz de produse contraf\u0103cute!<\/strong><\/span><\/li>\n<li><strong>Serviciu clien\u021bi excelent<\/strong>: Echipa noastr\u0103 dedicat\u0103 este mereu gata s\u0103 v\u0103 asiste, f\u0103c\u00e2nd procesul de cump\u0103rare u\u0219or \u0219i lipsit de griji.<\/li>\n<li><strong>Livrare rapid\u0103<\/strong>: A\u0219tepta\u021bi-v\u0103 la transport prompt \u0219i de \u00eencredere, care v\u0103 asigur\u0103 c\u0103 comenzile dumneavoastr\u0103 ajung la timp, de fiecare dat\u0103.<\/li>\n<\/ul>\n<h3><\/h3>\n<h3><b>\u00centreb\u0103ri frecvente<\/b><\/h3>\n<p>&nbsp;<\/p>\n<\/div>\n<\/div>\n<\/div>\n<\/div>\n<\/div>\n<div class=\"group\/conversation-turn relative flex w-full min-w-0 flex-col agent-turn\">\n<div class=\"flex-col gap-1 md:gap-3\">\n<div class=\"flex max-w-full flex-col flex-grow\">\n<div class=\"min-h-8 text-message flex w-full flex-col items-end gap-2 whitespace-normal break-words [.text-message+&amp;]:mt-5\" dir=\"auto\" data-message-author-role=\"assistant\" data-message-id=\"f226d3fc-81f3-46d5-8c46-31787fff0357\">\n<div class=\"flex w-full flex-col gap-1 empty:hidden first:pt-[3px]\">\n<div class=\"markdown prose w-full break-words dark:prose-invert light\">\n<p>1. C\u00e2t timp dureaz\u0103 Vape-ul de unic\u0103 folosin\u021b\u0103 FIHP 12000 Puffs?<br \/>\nVape-ul de unic\u0103 folosin\u021b\u0103 FIHP 12000 Puffs ofer\u0103 p\u00e2n\u0103 la 12.000 de pufuri, asigur\u00e2nd o experien\u021b\u0103 de vaping de durat\u0103 f\u0103r\u0103 a fi nevoie de \u00eenlocuiri frecvente.<\/p>\n<p>2. Care sunt aromele disponibile pentru Vape-ul FIHP 12000 Puffs?<br \/>\nAcest vape de unic\u0103 folosin\u021b\u0103 vine \u00eentr-o varietate de 10 arome delicioase, inclusiv op\u021biuni populare precum Lush Ice, Grape Ice, Cherry, Blueberry Raspberry \u0219i altele. Exist\u0103 o arom\u0103 pentru gusturile tuturor!<\/p>\n<p>3. Care sunt nivelurile de nicotin\u0103 disponibile?<br \/>\nVape-ul de unic\u0103 folosin\u021b\u0103 FIHP 12000 Puffs ofer\u0103 niveluri de nicotin\u0103 de 2% \u0219i 5%, adres\u00e2ndu-se utilizatorilor care prefer\u0103 niveluri moderate sau mai puternice de nicotin\u0103.<\/p>\n<p>4. Care este calitatea vaporului produs de Vape-ul FIHP 12000 Puffs?<br \/>\nEchipat cu o bobin\u0103 din plas\u0103 de 1.0ohm, acest vape de unic\u0103 folosin\u021b\u0103 \u00eembun\u0103t\u0103\u021be\u0219te produc\u021bia de vapori \u0219i livrarea de arom\u0103, oferind o experien\u021b\u0103 de vaping lin\u0103 \u0219i satisf\u0103c\u0103toare.<\/p>\n<p>5. Cum pot re\u00eenc\u0103rca Vape-ul FIHP 12000 Puffs?<br \/>\nFIHP 12000 vine cu o baterie re\u00eenc\u0103rcabil\u0103 de 650mAh \u0219i un port de \u00eenc\u0103rcare USB de tip C pentru re\u00eenc\u0103rcare rapid\u0103 \u0219i convenabil\u0103, asigur\u00e2ndu-v\u0103 c\u0103 vaporizatorul dvs. este \u00eentotdeauna gata de utilizare.<\/p>\n<p>6. C\u00e2t lichid pentru vaporizator poate con\u021bine FIHP 12000?<br \/>\nAcest vaporizator de unic\u0103 folosin\u021b\u0103 este preumplut cu o cantitate generoas\u0103 de 20ml de lichid, oferind o experien\u021b\u0103 de lung\u0103 durat\u0103 f\u0103r\u0103 reumpleri frecvente.<\/p>\n<p>7. Are vaporizatorul FIHP 12000 Puffs indicatori?<br \/>\nDa, dispune de un afi\u0219aj LED care arat\u0103 date \u00een timp real, inclusiv durata de via\u021b\u0103 a bateriei \u0219i num\u0103rul de inhal\u0103ri, astfel \u00eenc\u00e2t s\u0103 pute\u021bi monitoriza cu u\u0219urin\u021b\u0103 starea dispozitivului.<\/p>\n<\/div>\n<\/div>\n<\/div>\n<\/div>\n<\/div>\n<\/div>\n<p>&nbsp;<\/p>\n<h3><\/h3>\n<h3>Despre livrare<\/h3>\n<div class=\"flex-shrink-0 flex flex-col relative items-end\">\n<div>\n<div class=\"pt-0\">\n<div class=\"gizmo-bot-avatar flex h-8 w-8 items-center justify-center overflow-hidden rounded-full\">\n<div><\/div>\n<div class=\"relative p-1 rounded-sm flex items-center justify-center bg-token-main-surface-primary text-token-text-primary h-8 w-8\"><strong>1. Ce metode de expediere sunt folosite?<\/strong><\/div>\n<\/div>\n<\/div>\n<\/div>\n<\/div>\n<div class=\"group\/conversation-turn relative flex w-full min-w-0 flex-col agent-turn\">\n<div class=\"flex-col gap-1 md:gap-3\">\n<div class=\"flex max-w-full flex-col flex-grow\">\n<div class=\"min-h-[20px] text-message flex w-full flex-col items-end gap-2 whitespace-normal break-words [.text-message+&amp;]:mt-5 overflow-x-auto\" dir=\"auto\" data-message-author-role=\"assistant\" data-message-id=\"22f8283b-3233-46ff-89a5-c7a41b33abda\">\n<div class=\"flex w-full flex-col gap-1 empty:hidden first:pt-[3px]\">\n<div class=\"markdown prose w-full break-words dark:prose-invert light\">\n<p>Colabor\u0103m cu UPS, DHL, FedEx, DPD \u0219i al\u021bi transportatori de top. Vom selecta cea mai bun\u0103 metod\u0103 de expediere \u00een func\u021bie de loca\u021bia dvs. de livrare pentru a ne asigura c\u0103 ve\u021bi primi produsele c\u00e2t mai repede posibil.<\/p>\n<\/div>\n<p><strong>2. C\u00e2t dureaz\u0103 livrarea?<\/strong><\/p>\n<p>Pachetele expediate \u00een Rom\u00e2nia ajung de obicei \u00een 10 zile lucr\u0103toare. Livrarea \u00een \u021b\u0103rile europene dureaz\u0103, \u00een general, aproximativ 12-15 zile lucr\u0103toare. V\u0103 vom oferi actualiz\u0103ri \u00een timp real cu privire la starea expedierii dumneavoastr\u0103.<\/p>\n<\/div>\n<\/div>\n<\/div>\n<\/div>\n<\/div>\n<p>&nbsp;<\/p>\n<p>Alte produse vape populare care v-ar putea pl\u0103cea:<\/p>\n<p><a href=\"https:\/\/rmvapesale.com\/ro\/product\/bang-beach-20000-puffs-vape-smart-screen-disposable-e-cig\/\"><strong>Bang Beach 20000 Puff\u00a0 \u00a0<span style=\"color: #ff0000\">&gt;&gt;&gt;&gt; merge\u021bi!<\/span><\/strong><\/a><\/p>\n<p><strong><a href=\"https:\/\/rmvapesale.com\/ro\/product\/uwin-crystal-10000-puff-disposable-vape-wholesale-price\/\">cURL Too many subrequests. <span style=\"color: #ff0000\">&gt;&gt;&gt;&gt; merge\u021bi!<\/span><\/a>\u00a0<\/strong><\/p>\n<p><a href=\"https:\/\/rmvapesale.com\/ro\/product\/uzy-crystal-pro-max-10k-puffs-disposable-vape-pen-wholesale\/\"><strong>UZY Crystal Pro Max 10000 Puffs <span style=\"color: #ff0000\">&gt;&gt;&gt;&gt; merge\u021bi!<\/span><\/strong><\/a><\/p>\n<p>&nbsp;<\/p>\n<p>&nbsp;<\/p>\n<p>G\u0103si\u021bi mai multe produse de vapat care v-ar putea pl\u0103cea:<strong><em><a href=\"https:\/\/rmvapesale.com\/ro\/shop-2\/\">cump\u0103r\u0103 acum &gt;&gt;&gt;<\/a><\/em><\/strong><\/p>","protected":false},"excerpt":{"rendered":"<p>Cutie Digital\u0103 FIHP Original\u0103 12K Pufuri Vape de Unic\u0103 Folosin\u021b\u0103<br \/>\nCutie Digital\u0103 12000 Pufuri FIHP Vape de Unic\u0103 Folosin\u021b\u0103 2% 5%<br \/>\nFIHP Digital 12000 Pufuri Vape de Unic\u0103 Folosin\u021b\u0103 Pre\u021b en gros Nicotin\u0103 Sc\u0103zut\u0103<\/p>\n<p><img loading=\"lazy\" decoding=\"async\" class=\"size-full wp-image-1978\" src=\"https:\/\/rmvapesale.com\/wp-content\/uploads\/2024\/09\/Disposable-Vape-Wholesale.jpg\" alt=\"\u021aig\u0103ri electronice de unic\u0103 folosin\u021b\u0103 en-gros\" width=\"229\" height=\"300\" \/><\/p>\n<h3><a href=\"https:\/\/wa.me\/8617776015835\"><span style=\"color: #ff0000\"><strong>WhatsApp: +86 17776015835<\/strong><\/span><\/a><\/h3>\n<p>&nbsp;<\/p>","protected":false},"featured_media":2369,"comment_status":"open","ping_status":"closed","template":"","meta":{"_uag_custom_page_level_css":"","_lmt_disableupdate":"","_lmt_disable":"","site-sidebar-layout":"default","site-content-layout":"content-boxed-container","ast-site-content-layout":"normal-width-container","site-content-style":"boxed","site-sidebar-style":"unboxed","ast-global-header-display":"","ast-banner-title-visibility":"","ast-main-header-display":"","ast-hfb-above-header-display":"","ast-hfb-below-header-display":"","ast-hfb-mobile-header-display":"","site-post-title":"","ast-breadcrumbs-content":"","ast-featured-img":"","footer-sml-layout":"","theme-transparent-header-meta":"default","adv-header-id-meta":"","stick-header-meta":"","header-above-stick-meta":"","header-main-stick-meta":"","header-below-stick-meta":"","astra-migrate-meta-layouts":"set","ast-page-background-enabled":"default","ast-page-background-meta":{"desktop":{"background-color":"var(--ast-global-color-4)","background-image":"","background-repeat":"repeat","background-position":"center center","background-size":"auto","background-attachment":"scroll","background-type":"","background-media":"","overlay-type":"","overlay-color":"","overlay-opacity":"","overlay-gradient":""},"tablet":{"background-color":"","background-image":"","background-repeat":"repeat","background-position":"center center","background-size":"auto","background-attachment":"scroll","background-type":"","background-media":"","overlay-type":"","overlay-color":"","overlay-opacity":"","overlay-gradient":""},"mobile":{"background-color":"","background-image":"","background-repeat":"repeat","background-position":"center center","background-size":"auto","background-attachment":"scroll","background-type":"","background-media":"","overlay-type":"","overlay-color":"","overlay-opacity":"","overlay-gradient":""}},"ast-content-background-meta":{"desktop":{"background-color":"var(--ast-global-color-5)","background-image":"","background-repeat":"repeat","background-position":"center center","background-size":"auto","background-attachment":"scroll","background-type":"","background-media":"","overlay-type":"","overlay-color":"","overlay-opacity":"","overlay-gradient":""},"tablet":{"background-color":"var(--ast-global-color-5)","background-image":"","background-repeat":"repeat","background-position":"center center","background-size":"auto","background-attachment":"scroll","background-type":"","background-media":"","overlay-type":"","overlay-color":"","overlay-opacity":"","overlay-gradient":""},"mobile":{"background-color":"var(--ast-global-color-5)","background-image":"","background-repeat":"repeat","background-position":"center center","background-size":"auto","background-attachment":"scroll","background-type":"","background-media":"","overlay-type":"","overlay-color":"","overlay-opacity":"","overlay-gradient":""}},"_joinchat":[]},"product_brand":[],"product_cat":[15,25,123,26,28,135,27,60,138,137,136,30],"product_tag":[66,139,126,40,111,105,120],"class_list":{"0":"post-2372","1":"product","2":"type-product","3":"status-publish","4":"has-post-thumbnail","6":"product_cat-new-vape-this-week","7":"product_cat-germany-best-selling-vape","8":"product_cat-italy-wholesale-vape","9":"product_cat-netherlands-hot-sale-vape","10":"product_cat-poland-hot-sale-vape","11":"product_cat-spain-best-hot-sale-vape","12":"product_cat-fance-hot-sale-vape","13":"product_cat-bang-vapes","14":"product_cat-fihp-disposable-vapes","15":"product_cat-rechargeable-vapes","16":"product_cat-smart-screen-vapes","17":"product_cat-minimum-order-quantity-50pcs","18":"product_tag-disposable-vape","19":"product_tag-disposable-vape-pen","20":"product_tag-e-cigarettes","21":"product_tag-hot-sale-vape","22":"product_tag-low-nicotine-disposable-vape","23":"product_tag-nicotine-free-disposable-vape","24":"product_tag-vape-wholesale","25":"desktop-align-left","26":"tablet-align-left","27":"mobile-align-left","29":"first","30":"instock","31":"sale","32":"shipping-taxable","33":"purchasable","34":"product-type-simple"},"uagb_featured_image_src":{"full":["https:\/\/rmvapesale.com\/wp-content\/uploads\/2024\/10\/FIHP-Digital-12000-Puffs-Wholesale-Price.jpg",808,808,false],"thumbnail":["https:\/\/rmvapesale.com\/wp-content\/uploads\/2024\/10\/FIHP-Digital-12000-Puffs-Wholesale-Price-150x150.jpg",150,150,true],"medium":["https:\/\/rmvapesale.com\/wp-content\/uploads\/2024\/10\/FIHP-Digital-12000-Puffs-Wholesale-Price-300x300.jpg",300,300,true],"medium_large":["https:\/\/rmvapesale.com\/wp-content\/uploads\/2024\/10\/FIHP-Digital-12000-Puffs-Wholesale-Price-768x768.jpg",768,768,true],"large":["https:\/\/rmvapesale.com\/wp-content\/uploads\/2024\/10\/FIHP-Digital-12000-Puffs-Wholesale-Price.jpg",808,808,false],"1536x1536":["https:\/\/rmvapesale.com\/wp-content\/uploads\/2024\/10\/FIHP-Digital-12000-Puffs-Wholesale-Price.jpg",808,808,false],"2048x2048":["https:\/\/rmvapesale.com\/wp-content\/uploads\/2024\/10\/FIHP-Digital-12000-Puffs-Wholesale-Price.jpg",808,808,false],"trp-custom-language-flag":["https:\/\/rmvapesale.com\/wp-content\/uploads\/2024\/10\/FIHP-Digital-12000-Puffs-Wholesale-Price.jpg",12,12,false],"woocommerce_thumbnail":["https:\/\/rmvapesale.com\/wp-content\/uploads\/2024\/10\/FIHP-Digital-12000-Puffs-Wholesale-Price-300x300.jpg",300,300,true],"woocommerce_single":["https:\/\/rmvapesale.com\/wp-content\/uploads\/2024\/10\/FIHP-Digital-12000-Puffs-Wholesale-Price-600x600.jpg",600,600,true],"woocommerce_gallery_thumbnail":["https:\/\/rmvapesale.com\/wp-content\/uploads\/2024\/10\/FIHP-Digital-12000-Puffs-Wholesale-Price-100x100.jpg",100,100,true],"wcpr-photo-reviews":["https:\/\/rmvapesale.com\/wp-content\/uploads\/2024\/10\/FIHP-Digital-12000-Puffs-Wholesale-Price.jpg",500,500,false]},"uagb_author_info":{"display_name":"AMY","author_link":"https:\/\/rmvapesale.com\/ro\/author\/"},"uagb_comment_info":0,"uagb_excerpt":"Original FIHP Digital Box 12K Puffs Disposable vape Digital Box 12000 Puffs FIHP Disposable Vape 2% 5% FIHP Digital 12000 Puffs Fumot Wholesale Price Low Nicotine WhatsApp: +86 17776015835 &nbsp;","_links":{"self":[{"href":"https:\/\/rmvapesale.com\/ro\/wp-json\/wp\/v2\/product\/2372","targetHints":{"allow":["GET"]}}],"collection":[{"href":"https:\/\/rmvapesale.com\/ro\/wp-json\/wp\/v2\/product"}],"about":[{"href":"https:\/\/rmvapesale.com\/ro\/wp-json\/wp\/v2\/types\/product"}],"replies":[{"embeddable":true,"href":"https:\/\/rmvapesale.com\/ro\/wp-json\/wp\/v2\/comments?post=2372"}],"wp:featuredmedia":[{"embeddable":true,"href":"https:\/\/rmvapesale.com\/ro\/wp-json\/wp\/v2\/media\/2369"}],"wp:attachment":[{"href":"https:\/\/rmvapesale.com\/ro\/wp-json\/wp\/v2\/media?parent=2372"}],"wp:term":[{"taxonomy":"product_brand","embeddable":true,"href":"https:\/\/rmvapesale.com\/ro\/wp-json\/wp\/v2\/product_brand?post=2372"},{"taxonomy":"product_cat","embeddable":true,"href":"https:\/\/rmvapesale.com\/ro\/wp-json\/wp\/v2\/product_cat?post=2372"},{"taxonomy":"product_tag","embeddable":true,"href":"https:\/\/rmvapesale.com\/ro\/wp-json\/wp\/v2\/product_tag?post=2372"}],"curies":[{"name":"wp","href":"https:\/\/api.w.org\/{rel}","templated":true}]}}