{"id":2384,"date":"2024-10-14T02:52:20","date_gmt":"2024-10-14T02:52:20","guid":{"rendered":"https:\/\/rmvapesale.com\/?post_type=product&#038;p=2384"},"modified":"2024-10-14T03:22:03","modified_gmt":"2024-10-14T03:22:03","slug":"faivono-bang-maxi-15000-puffs-disposable-vape-bulk-wholesale","status":"publish","type":"product","link":"https:\/\/rmvapesale.com\/ro\/product\/faivono-bang-maxi-15000-puffs-disposable-vape-bulk-wholesale\/","title":{"rendered":"AIVONO Bang Maxi 15000 pufuri, \u021bigar\u0103 electronic\u0103 de unic\u0103 folosin\u021b\u0103, pre\u021b en-gros"},"content":{"rendered":"<div class=\"B2VR9 CJHX3e\">\n<div class=\"wyccme\">\n<h1 class=\"LC20lb MBeuO DKV0Md\">AIVONO Bang Maxi 15000 pufuri, \u021bigar\u0103 electronic\u0103 de unic\u0103 folosin\u021b\u0103, pre\u021b en-gros<\/h1>\n<div class=\"flex-shrink-0 flex flex-col relative items-end\">\n<div class=\"pt-0\">\n<div class=\"gizmo-bot-avatar flex h-8 w-8 items-center justify-center overflow-hidden rounded-full\">\n<div class=\"relative p-1 rounded-sm flex items-center justify-center bg-token-main-surface-primary text-token-text-primary h-8 w-8\">\n<p>Descoperi\u021bi urm\u0103torul nivel de vaping cu AIVONO Bang Maxi 15000 Puffs Vape de unic\u0103 folosin\u021b\u0103, un dispozitiv avansat de tip pod de unic\u0103 folosin\u021b\u0103, conceput pentru satisfac\u021bie \u0219i confort maxim. Acest vape inovator combin\u0103 tehnologia de ultim\u0103 or\u0103 cu un design elegant pentru a oferi o experien\u021b\u0103 de vaping de neegalat, perfect\u0103 at\u00e2t pentru \u00eencep\u0103tori, c\u00e2t \u0219i pentru vaperi experimenta\u021bi.<\/p>\n<p>Cu 15.000 de pufuri \u0219i o baterie re\u00eenc\u0103rcabil\u0103, AIVONO 15000 Puffs Vape de unic\u0103 folosin\u021b\u0103 ofer\u0103 performan\u021be \u0219i confort imbatabile, fiind alegerea perfect\u0103 pentru vaperii de zi cu zi. Pute\u021bi alege dintre op\u021biunile de 5%, 3%, 2% sau f\u0103r\u0103 nicotin\u0103, permi\u021b\u00e2ndu-v\u0103 s\u0103 v\u0103 adapta\u021bi experien\u021ba de vaping la nevoile dumneavoastr\u0103.<\/p>\n<p>Ob\u021bine\u021bi-l acum de la Rmvapesale, cel mai bun magazin online de vape-uri, \u0219i duce\u021bi-v\u0103 vaping-ul la urm\u0103torul nivel cu AIVONO Bang Maxi 15000 Puffs Vape de unic\u0103 folosin\u021b\u0103.<\/p>\n<p>&nbsp;<\/p>\n<\/div>\n<\/div>\n<\/div>\n<\/div>\n<\/div>\n<\/div>\n<p><strong>Contacta\u021bi-o pe Amy pentru a ob\u021bine un r\u0103spuns corect \u0219i mai multe videoclipuri cu produse!<\/strong><\/p>\n<p><img loading=\"lazy\" decoding=\"async\" class=\"size-full wp-image-1978\" src=\"https:\/\/rmvapesale.com\/wp-content\/uploads\/2024\/09\/Disposable-Vape-Wholesale.jpg\" alt=\"\u021aig\u0103ri electronice de unic\u0103 folosin\u021b\u0103 en-gros\" width=\"229\" height=\"300\" \/><\/p>\n<h3><a href=\"https:\/\/wa.me\/8617776015835\" target=\"_blank\" rel=\"noopener\"><span style=\"color: #ff0000\"><strong>WhatsApp: +86 17776015835<\/strong><\/span><\/a><\/h3>\n<p>&nbsp;<\/p>\n<h2><\/h2>\n<h2><strong>AIVONO Bang Maxi 15000 Caracteristici cheie ale vape-ului tip sticl\u0103<\/strong><\/h2>\n<p>&nbsp;<\/p>\n<ul>\n<li><strong>Num\u0103r extins de pufuri:<\/strong> Oferind p\u00e2n\u0103 la <strong>15.000 de pufuri<\/strong>, acest vape de unic\u0103 folosin\u021b\u0103 asigur\u0103 o pl\u0103cere de lung\u0103 durat\u0103, f\u0103r\u0103 a fi nevoie de \u00eenlocuiri constante. Este perfect pentru sesiuni extinse de vaping, fiind unul dintre cele mai bine v\u00e2ndute vape-uri de pe pia\u021b\u0103.<\/li>\n<li><strong>Performan\u021b\u0103 puternic\u0103 a bateriei:<\/strong> Echipat cu o <strong>baterie de cobalt pur 18250<\/strong> \u0219i o capacitate re\u00eenc\u0103rcabil\u0103 de <strong>650mAh<\/strong>, acest dispozitiv este construit pentru rezisten\u021b\u0103. Interfa\u021ba de \u00eenc\u0103rcare rapid\u0103 <strong>Type-C<\/strong> permite re\u00eenc\u0103rcarea eficient\u0103, astfel \u00eenc\u00e2t s\u0103 v\u0103 pute\u021bi bucura de vaping ne\u00eentrerupt ore \u00eentregi.<\/li>\n<li><strong>Capacitate generoas\u0103 de e-lichid:<\/strong> The <strong>Capacitatea de 23 ml de e-lichid<\/strong> reduce nevoia de reumpleri frecvente, permi\u021b\u00e2ndu-v\u0103 s\u0103 v\u0103 concentra\u021bi asupra experien\u021bei dumneavoastr\u0103 de vaping. Combinat cu un <strong>fir de \u00eenc\u0103lzire cu miez de plas\u0103 de 1,2\u03a9<\/strong>, produc\u021bia de vapori este fin\u0103 \u0219i plin\u0103 de arom\u0103 la fiecare puf.<\/li>\n<li><strong>Op\u021biuni de Nicotin\u0103:<\/strong> Personalizeaz\u0103-\u021bi experien\u021ba de vaping cu <strong>op\u021biuni de s\u0103ruri de nicotin\u0103<\/strong> de 5%, 3%, 2% sau chiar <strong>f\u0103r\u0103 nicotin\u0103<\/strong> (0%) . Aceast\u0103 flexibilitate se adreseaz\u0103 diferitelor preferin\u021be, de la lovituri u\u0219oare p\u00e2n\u0103 la cele mai puternice de nicotin\u0103.<\/li>\n<li><strong>Compact \u0219i Portabil:<\/strong> M\u0103sur\u00e2nd doar <strong>40*110mm<\/strong>, the <strong>AIVONO Bang Maxi<\/strong> este compact \u0219i portabil, potrivindu-se perfect \u00een m\u00e2n\u0103 sau \u00een buzunar pentru vaping convenabil \u00een mi\u0219care.<\/li>\n<li><\/li>\n<\/ul>\n<h2><\/h2>\n<h2><strong>Arom\u0103 de top pentru AIVONO 15000 Puffs Vape Pod<\/strong><\/h2>\n<p>The <strong>AIVONO Bang Maxi 15000 Puffs Vape de Unic\u0103 Folosin\u021b\u0103<\/strong> ofer\u0103 o mare varietate de arome create cu meticulozitate, satisf\u0103c\u00e2nd gusturile fiec\u0103rui vaper. Unele dintre op\u021biunile remarcabile includ:<\/p>\n<p>&nbsp;<\/p>\n<p>1.Blue Razz <span style=\"color: #ff0000\"><strong>&gt;&gt;&gt;&gt; Fierbinte!<\/strong><\/span><br \/>\n2.Royal Grape<br \/>\n3.Peach Berry<br \/>\n4.Passion Kiss<br \/>\n5. Pepene ro\u0219u cu ghea\u021b\u0103<br \/>\n6.Triple Berry <span style=\"color: #ff0000\"><strong>&gt;&gt;&gt;&gt; Cel mai bun!<\/strong><\/span><br \/>\n7. Ghea\u021b\u0103 de piersici<br \/>\n8. Pepene verde cu c\u0103p\u0219uni<br \/>\n9. Love 66 <span style=\"color: #ff0000\"><strong>&gt;&gt;&gt;&gt; Fierbinte!<\/strong><\/span><br \/>\n10. Sex pe plaj\u0103 <span style=\"color: #ff0000\"><strong>&gt;&gt;&gt;&gt; Fierbinte!<\/strong><\/span><\/p>\n<figure id=\"attachment_2378\" aria-describedby=\"caption-attachment-2378\" style=\"width: 808px\" class=\"wp-caption alignnone\"><img loading=\"lazy\" decoding=\"async\" class=\"wp-image-2378 size-full\" src=\"https:\/\/rmvapesale.com\/wp-content\/uploads\/2024\/10\/AIVONO-Aim-Bang-Maxi-15000-Puffs-Disposable-Vape-Flavour.png\" alt=\"AIVONO Aim Bang Maxi 15000 Puff-uri Arom\u0103 Vape de unic\u0103 folosin\u021b\u0103\" width=\"808\" height=\"808\" srcset=\"https:\/\/rmvapesale.com\/wp-content\/uploads\/2024\/10\/AIVONO-Aim-Bang-Maxi-15000-Puffs-Disposable-Vape-Flavour.png 808w, https:\/\/rmvapesale.com\/wp-content\/uploads\/2024\/10\/AIVONO-Aim-Bang-Maxi-15000-Puffs-Disposable-Vape-Flavour-300x300.png 300w, https:\/\/rmvapesale.com\/wp-content\/uploads\/2024\/10\/AIVONO-Aim-Bang-Maxi-15000-Puffs-Disposable-Vape-Flavour-150x150.png 150w, https:\/\/rmvapesale.com\/wp-content\/uploads\/2024\/10\/AIVONO-Aim-Bang-Maxi-15000-Puffs-Disposable-Vape-Flavour-768x768.png 768w, https:\/\/rmvapesale.com\/wp-content\/uploads\/2024\/10\/AIVONO-Aim-Bang-Maxi-15000-Puffs-Disposable-Vape-Flavour-600x600.png 600w, https:\/\/rmvapesale.com\/wp-content\/uploads\/2024\/10\/AIVONO-Aim-Bang-Maxi-15000-Puffs-Disposable-Vape-Flavour-100x100.png 100w\" sizes=\"auto, (max-width: 808px) 100vw, 808px\" \/><figcaption id=\"caption-attachment-2378\" class=\"wp-caption-text\">AIVONO Aim Bang Maxi 15000 Puff-uri Arom\u0103 Vape de unic\u0103 folosin\u021b\u0103<\/figcaption><\/figure>\n<h3><\/h3>\n<h3><strong>De ce s\u0103 alege\u021bi Rmvapesale pentru Aivono Aim Bang Maxi 15000 Puff-uri Vape Re\u00eenc\u0103rcabil<\/strong><strong>?<\/strong><\/h3>\n<div class=\"flex-shrink-0 flex flex-col relative items-end\">\n<div>\n<div class=\"pt-0\">\n<div class=\"gizmo-bot-avatar flex h-8 w-8 items-center justify-center overflow-hidden rounded-full\">\n<div class=\"relative p-1 rounded-sm flex items-center justify-center bg-token-main-surface-primary text-token-text-primary h-8 w-8\">\n<p>&nbsp;<\/p>\n<p>C\u00e2nd alege\u021bi Rmvapesale pentru nevoile dvs. de vape-uri de unic\u0103 folosin\u021b\u0103 en-gros, ve\u021bi beneficia de:<\/p>\n<ul>\n<li><strong>Pre\u021b competitiv<\/strong>: Beneficia\u021bi de pre\u021buri atractive pentru a v\u0103 m\u0103ri marja de profit.<\/li>\n<li><strong>Calitate superioar\u0103<\/strong>: Vape-urile noastre sunt fabricate la cele mai \u00eenalte standarde, \u0219i <span style=\"color: #ff0000\"><strong>garantat 100% originale \u0219i autentice, sau primi\u021bi de 10 ori compensa\u021bia \u00een caz de produse contraf\u0103cute!<\/strong><\/span><\/li>\n<li><strong>Serviciu clien\u021bi excelent<\/strong>: Echipa noastr\u0103 dedicat\u0103 este mereu gata s\u0103 v\u0103 asiste, f\u0103c\u00e2nd procesul de cump\u0103rare u\u0219or \u0219i lipsit de griji.<\/li>\n<li><strong>Livrare rapid\u0103<\/strong>: A\u0219tepta\u021bi-v\u0103 la transport prompt \u0219i de \u00eencredere, care v\u0103 asigur\u0103 c\u0103 comenzile dumneavoastr\u0103 ajung la timp, de fiecare dat\u0103.<\/li>\n<\/ul>\n<h3><\/h3>\n<h3><b>\u00centreb\u0103ri frecvente<\/b><\/h3>\n<p>&nbsp;<\/p>\n<\/div>\n<\/div>\n<\/div>\n<\/div>\n<\/div>\n<div class=\"group\/conversation-turn relative flex w-full min-w-0 flex-col agent-turn\">\n<div class=\"flex-col gap-1 md:gap-3\">\n<div class=\"flex max-w-full flex-col flex-grow\">\n<div class=\"min-h-8 text-message flex w-full flex-col items-end gap-2 whitespace-normal break-words [.text-message+&amp;]:mt-5\" dir=\"auto\" data-message-author-role=\"assistant\" data-message-id=\"f226d3fc-81f3-46d5-8c46-31787fff0357\">\n<div class=\"flex w-full flex-col gap-1 empty:hidden first:pt-[3px]\">\n<div class=\"markdown prose w-full break-words dark:prose-invert light\">\n<p><strong>1. C\u00e2te puff-uri ofer\u0103 AIVONO Bang Maxi 15k Puffs Vape de unic\u0103 folosin\u021b\u0103?<\/strong><br \/>\nThe <strong>AIVONO Bang Maxi<\/strong> ofer\u0103 un num\u0103r impresionant de <strong>15.000 de pufuri<\/strong>, asigur\u00e2nd sesiuni de vapat de lung\u0103 durat\u0103, f\u0103r\u0103 \u00eenlocuiri frecvente. Este una dintre cele mai bune alegeri din Rom\u00e2nia \u00een materie de <strong>vape la v\u00e2nzare la pre\u021buri mici<\/strong> categorie pentru cei care caut\u0103 utilizare extins\u0103.<\/p>\n<p><strong>2. Poate fi re\u00eenc\u0103rcat AIVONO 15000 Puffs?<\/strong><br \/>\nDa, <strong>AIVONO Vape 15000 Puffs Vape de unic\u0103 folosin\u021b\u0103<\/strong> is <strong>re\u00eenc\u0103rcabil<\/strong>. Vine cu o baterie puternic\u0103 de 650mAh \u0219i un <strong>portul de \u00eenc\u0103rcare Type-C<\/strong>, permi\u021b\u00e2nd o \u00eenc\u0103rcare rapid\u0103 \u0219i eficient\u0103. Acest lucru \u00eel face una dintre op\u021biunile de top pentru cei care caut\u0103 un <strong>vape de unic\u0103 folosin\u021b\u0103 re\u00eenc\u0103rcabil la v\u00e2nzare<\/strong> dispozitiv.<\/p>\n<p><strong>3. Ce niveluri de nicotin\u0103 sunt disponibile \u00een AIVONO Aim 15000 Puffs?<\/strong><br \/>\nThe <strong>AIVONO AIM 15000 Puffs<\/strong> ofer\u0103 o gam\u0103 de concentra\u021bii de nicotin\u0103 pentru a se potrivi diferitelor preferin\u021be, inclusiv <strong>5%, 3%, 2% \u0219i 0% (f\u0103r\u0103 nicotin\u0103)<\/strong>. Pute\u021bi alege nivelul care se potrive\u0219te cel mai bine nevoilor dumneavoastr\u0103.<\/p>\n<p><strong>4. Care sunt aromele populare ale AIVONO AIM Bang Maxi 15000 Puffs?<\/strong><br \/>\nUnele dintre cele populare <strong>Arome AIVONO AIM 15000 Puffs<\/strong> includ <strong>Blue Razz<\/strong>, <strong>Royal Grape<\/strong>, <strong>Peach Ice (Ghea\u021b\u0103 de Piersici)<\/strong>, <strong>Ghea\u021b\u0103 de Pepene Ro\u0219u<\/strong>, \u0219i altele. Aceste arome ofer\u0103 o experien\u021b\u0103 de vaping lin\u0103 \u0219i pl\u0103cut\u0103. Varietatea larg\u0103 face u\u0219or de g\u0103sit aroma perfect\u0103 pentru gustul dumneavoastr\u0103.<\/p>\n<p><strong>5. Pot cump\u0103ra AIVONO Bang Maxi 15K Puffs \u00een vrac sau en-gros?<\/strong><br \/>\nDa, <strong>AIVONO Bang Maxi 15000 Puffs<\/strong> este disponibil pentru <strong>achizi\u021bii \u00een vrac<\/strong> \u0219i <strong>comenzi en-gros<\/strong> Dac\u0103 dori\u021bi s\u0103 v\u0103 aproviziona\u021bi sau s\u0103 furniza\u021bi magazinul dvs., acest vape este o op\u021biune excelent\u0103 pentru pia\u021ba <strong>AIVONO Bang Maxi 15000 Puffs en-gros<\/strong> oferind caracteristici premium la pre\u021buri competitive.<\/p>\n<\/div>\n<\/div>\n<\/div>\n<\/div>\n<\/div>\n<\/div>\n<p>&nbsp;<\/p>\n<h3><\/h3>\n<h3>Despre livrare<\/h3>\n<div class=\"flex-shrink-0 flex flex-col relative items-end\">\n<div>\n<div class=\"pt-0\">\n<div class=\"gizmo-bot-avatar flex h-8 w-8 items-center justify-center overflow-hidden rounded-full\">\n<div><\/div>\n<div class=\"relative p-1 rounded-sm flex items-center justify-center bg-token-main-surface-primary text-token-text-primary h-8 w-8\"><strong>1. Ce metode de expediere sunt folosite?<\/strong><\/div>\n<\/div>\n<\/div>\n<\/div>\n<\/div>\n<div class=\"group\/conversation-turn relative flex w-full min-w-0 flex-col agent-turn\">\n<div class=\"flex-col gap-1 md:gap-3\">\n<div class=\"flex max-w-full flex-col flex-grow\">\n<div class=\"min-h-[20px] text-message flex w-full flex-col items-end gap-2 whitespace-normal break-words [.text-message+&amp;]:mt-5 overflow-x-auto\" dir=\"auto\" data-message-author-role=\"assistant\" data-message-id=\"22f8283b-3233-46ff-89a5-c7a41b33abda\">\n<div class=\"flex w-full flex-col gap-1 empty:hidden first:pt-[3px]\">\n<div class=\"markdown prose w-full break-words dark:prose-invert light\">\n<p>Colabor\u0103m cu UPS, DHL, FedEx, DPD \u0219i al\u021bi transportatori de top. Vom selecta cea mai bun\u0103 metod\u0103 de expediere \u00een func\u021bie de loca\u021bia dvs. de livrare pentru a ne asigura c\u0103 ve\u021bi primi produsele c\u00e2t mai repede posibil.<\/p>\n<\/div>\n<p><strong>2. C\u00e2t dureaz\u0103 livrarea?<\/strong><\/p>\n<p>Pachetele expediate \u00een Rom\u00e2nia ajung de obicei \u00een 10 zile lucr\u0103toare. Livrarea \u00een \u021b\u0103rile europene dureaz\u0103, \u00een general, aproximativ 12-15 zile lucr\u0103toare. V\u0103 vom oferi actualiz\u0103ri \u00een timp real cu privire la starea expedierii dumneavoastr\u0103.<\/p>\n<\/div>\n<\/div>\n<\/div>\n<\/div>\n<\/div>\n<p>&nbsp;<\/p>\n<p>Alte produse vape populare care v-ar putea pl\u0103cea:<\/p>\n<p><a href=\"https:\/\/rmvapesale.com\/ro\/product\/mrvi-puffing-15000-puff-disposable-vape-box\/\"><strong>MRVI PUFFING 15000 Puff\u00a0 \u00a0<span style=\"color: #ff0000\">&gt;&gt;&gt;&gt; merge\u021bi!<\/span><\/strong><\/a><\/p>\n<p><strong><a href=\"https:\/\/rmvapesale.com\/ro\/product\/bang-box-18000-puffs-led-display-disposable-vape-original\/\">BANG Vape 18000 Puffs <span style=\"color: #ff0000\">&gt;&gt;&gt;&gt; merge\u021bi!<\/span><\/a>\u00a0<\/strong><\/p>\n<p><a href=\"https:\/\/rmvapesale.com\/ro\/product\/fihp-shisha-hookah-12000-puffs-monster-low-nicotine-vape-pen\/\"><strong>FIHP Shisha Hookah 12000 Puffs <span style=\"color: #ff0000\">&gt;&gt;&gt;&gt; merge\u021bi!<\/span><\/strong><\/a><\/p>\n<p>&nbsp;<\/p>\n<p>&nbsp;<\/p>\n<p>G\u0103si\u021bi mai multe produse de vapat care v-ar putea pl\u0103cea:<strong><em><a href=\"https:\/\/rmvapesale.com\/ro\/shop-2\/\">cump\u0103r\u0103 acum &gt;&gt;&gt;<\/a><\/em><\/strong><\/p>","protected":false},"excerpt":{"rendered":"<p>AIVONO Aim Bang Maxi 15000 Pufuri Vape de Unic\u0103 Folosin\u021b\u0103<br \/>\nPre\u021b en gros Aivono Aim Bang Maxi 15000 Pufuri Vape<br \/>\nAIVONO BANG MAXI 15000 0% 2% 3% 5% Vape cu Nicotin\u0103 Redus\u0103<\/p>\n<p><img loading=\"lazy\" decoding=\"async\" class=\"size-full wp-image-1978\" src=\"https:\/\/rmvapesale.com\/wp-content\/uploads\/2024\/09\/Disposable-Vape-Wholesale.jpg\" alt=\"\u021aig\u0103ri electronice de unic\u0103 folosin\u021b\u0103 en-gros\" width=\"229\" height=\"300\" \/><\/p>\n<h3><a href=\"https:\/\/wa.me\/8617776015835\"><span style=\"color: #ff0000\"><strong>WhatsApp: +86 17776015835<\/strong><\/span><\/a><\/h3>\n<p>&nbsp;<\/p>","protected":false},"featured_media":2377,"comment_status":"open","ping_status":"closed","template":"","meta":{"_uag_custom_page_level_css":"","_lmt_disableupdate":"","_lmt_disable":"","site-sidebar-layout":"default","site-content-layout":"content-boxed-container","ast-site-content-layout":"normal-width-container","site-content-style":"boxed","site-sidebar-style":"unboxed","ast-global-header-display":"","ast-banner-title-visibility":"","ast-main-header-display":"","ast-hfb-above-header-display":"","ast-hfb-below-header-display":"","ast-hfb-mobile-header-display":"","site-post-title":"","ast-breadcrumbs-content":"","ast-featured-img":"","footer-sml-layout":"","ast-disable-related-posts":"","theme-transparent-header-meta":"default","adv-header-id-meta":"","stick-header-meta":"","header-above-stick-meta":"","header-main-stick-meta":"","header-below-stick-meta":"","astra-migrate-meta-layouts":"set","ast-page-background-enabled":"default","ast-page-background-meta":{"desktop":{"background-color":"var(--ast-global-color-4)","background-image":"","background-repeat":"repeat","background-position":"center center","background-size":"auto","background-attachment":"scroll","background-type":"","background-media":"","overlay-type":"","overlay-color":"","overlay-opacity":"","overlay-gradient":""},"tablet":{"background-color":"","background-image":"","background-repeat":"repeat","background-position":"center center","background-size":"auto","background-attachment":"scroll","background-type":"","background-media":"","overlay-type":"","overlay-color":"","overlay-opacity":"","overlay-gradient":""},"mobile":{"background-color":"","background-image":"","background-repeat":"repeat","background-position":"center center","background-size":"auto","background-attachment":"scroll","background-type":"","background-media":"","overlay-type":"","overlay-color":"","overlay-opacity":"","overlay-gradient":""}},"ast-content-background-meta":{"desktop":{"background-color":"var(--ast-global-color-5)","background-image":"","background-repeat":"repeat","background-position":"center center","background-size":"auto","background-attachment":"scroll","background-type":"","background-media":"","overlay-type":"","overlay-color":"","overlay-opacity":"","overlay-gradient":""},"tablet":{"background-color":"var(--ast-global-color-5)","background-image":"","background-repeat":"repeat","background-position":"center center","background-size":"auto","background-attachment":"scroll","background-type":"","background-media":"","overlay-type":"","overlay-color":"","overlay-opacity":"","overlay-gradient":""},"mobile":{"background-color":"var(--ast-global-color-5)","background-image":"","background-repeat":"repeat","background-position":"center center","background-size":"auto","background-attachment":"scroll","background-type":"","background-media":"","overlay-type":"","overlay-color":"","overlay-opacity":"","overlay-gradient":""}},"_joinchat":[]},"product_brand":[],"product_cat":[15,61,27,138,25,123,30,26,28,137,136,135],"product_tag":[147,146,126,111,105,132,120],"class_list":{"0":"post-2384","1":"product","2":"type-product","3":"status-publish","4":"has-post-thumbnail","6":"product_cat-new-vape-this-week","7":"product_cat-15000-puffs-disposable-vapes","8":"product_cat-fance-hot-sale-vape","9":"product_cat-fihp-disposable-vapes","10":"product_cat-germany-best-selling-vape","11":"product_cat-italy-wholesale-vape","12":"product_cat-minimum-order-quantity-50pcs","13":"product_cat-netherlands-hot-sale-vape","14":"product_cat-poland-hot-sale-vape","15":"product_cat-rechargeable-vapes","16":"product_cat-smart-screen-vapes","17":"product_cat-spain-best-hot-sale-vape","18":"product_tag-aivono-aim-bang-maxi-15000-puffs-wholesale","19":"product_tag-best-hot-sale-vape","20":"product_tag-e-cigarettes","21":"product_tag-low-nicotine-disposable-vape","22":"product_tag-nicotine-free-disposable-vape","23":"product_tag-rechargeable-vape","24":"product_tag-vape-wholesale","25":"desktop-align-left","26":"tablet-align-left","27":"mobile-align-left","29":"first","30":"instock","31":"sale","32":"shipping-taxable","33":"purchasable","34":"product-type-simple"},"uagb_featured_image_src":{"full":["https:\/\/rmvapesale.com\/wp-content\/uploads\/2024\/10\/AIVONO-Aim-Vape-Bang-Maxi-15000-Puffs.png",808,808,false],"thumbnail":["https:\/\/rmvapesale.com\/wp-content\/uploads\/2024\/10\/AIVONO-Aim-Vape-Bang-Maxi-15000-Puffs-150x150.png",150,150,true],"medium":["https:\/\/rmvapesale.com\/wp-content\/uploads\/2024\/10\/AIVONO-Aim-Vape-Bang-Maxi-15000-Puffs-300x300.png",300,300,true],"medium_large":["https:\/\/rmvapesale.com\/wp-content\/uploads\/2024\/10\/AIVONO-Aim-Vape-Bang-Maxi-15000-Puffs-768x768.png",768,768,true],"large":["https:\/\/rmvapesale.com\/wp-content\/uploads\/2024\/10\/AIVONO-Aim-Vape-Bang-Maxi-15000-Puffs.png",808,808,false],"1536x1536":["https:\/\/rmvapesale.com\/wp-content\/uploads\/2024\/10\/AIVONO-Aim-Vape-Bang-Maxi-15000-Puffs.png",808,808,false],"2048x2048":["https:\/\/rmvapesale.com\/wp-content\/uploads\/2024\/10\/AIVONO-Aim-Vape-Bang-Maxi-15000-Puffs.png",808,808,false],"trp-custom-language-flag":["https:\/\/rmvapesale.com\/wp-content\/uploads\/2024\/10\/AIVONO-Aim-Vape-Bang-Maxi-15000-Puffs.png",12,12,false],"woocommerce_thumbnail":["https:\/\/rmvapesale.com\/wp-content\/uploads\/2024\/10\/AIVONO-Aim-Vape-Bang-Maxi-15000-Puffs-300x300.png",300,300,true],"woocommerce_single":["https:\/\/rmvapesale.com\/wp-content\/uploads\/2024\/10\/AIVONO-Aim-Vape-Bang-Maxi-15000-Puffs-600x600.png",600,600,true],"woocommerce_gallery_thumbnail":["https:\/\/rmvapesale.com\/wp-content\/uploads\/2024\/10\/AIVONO-Aim-Vape-Bang-Maxi-15000-Puffs-100x100.png",100,100,true],"wcpr-photo-reviews":["https:\/\/rmvapesale.com\/wp-content\/uploads\/2024\/10\/AIVONO-Aim-Vape-Bang-Maxi-15000-Puffs.png",500,500,false]},"uagb_author_info":{"display_name":"AMY","author_link":"https:\/\/rmvapesale.com\/ro\/author\/"},"uagb_comment_info":0,"uagb_excerpt":"AIVONO Aim Bang Maxi 15000 Puffs Disposable Vape Aivono Aim Bang Maxi 15000 Puffs Wholesale Price AIVONO BANG MAXI 15000 0% 2% 3% 5% Low Nicotine Vape WhatsApp: +86 17776015835 &nbsp;","_links":{"self":[{"href":"https:\/\/rmvapesale.com\/ro\/wp-json\/wp\/v2\/product\/2384","targetHints":{"allow":["GET"]}}],"collection":[{"href":"https:\/\/rmvapesale.com\/ro\/wp-json\/wp\/v2\/product"}],"about":[{"href":"https:\/\/rmvapesale.com\/ro\/wp-json\/wp\/v2\/types\/product"}],"replies":[{"embeddable":true,"href":"https:\/\/rmvapesale.com\/ro\/wp-json\/wp\/v2\/comments?post=2384"}],"wp:featuredmedia":[{"embeddable":true,"href":"https:\/\/rmvapesale.com\/ro\/wp-json\/wp\/v2\/media\/2377"}],"wp:attachment":[{"href":"https:\/\/rmvapesale.com\/ro\/wp-json\/wp\/v2\/media?parent=2384"}],"wp:term":[{"taxonomy":"product_brand","embeddable":true,"href":"https:\/\/rmvapesale.com\/ro\/wp-json\/wp\/v2\/product_brand?post=2384"},{"taxonomy":"product_cat","embeddable":true,"href":"https:\/\/rmvapesale.com\/ro\/wp-json\/wp\/v2\/product_cat?post=2384"},{"taxonomy":"product_tag","embeddable":true,"href":"https:\/\/rmvapesale.com\/ro\/wp-json\/wp\/v2\/product_tag?post=2384"}],"curies":[{"name":"wp","href":"https:\/\/api.w.org\/{rel}","templated":true}]}}