{"id":2398,"date":"2024-10-14T07:57:57","date_gmt":"2024-10-14T07:57:57","guid":{"rendered":"https:\/\/rmvapesale.com\/?post_type=product&#038;p=2398"},"modified":"2024-10-14T08:58:13","modified_gmt":"2024-10-14T08:58:13","slug":"bang-36000-puffs-full-display-smart-vape-bulk-price","status":"publish","type":"product","link":"https:\/\/rmvapesale.com\/ro\/product\/bang-36000-puffs-full-display-smart-vape-bulk-price\/","title":{"rendered":"Bang 36000 pufuri, afi\u0219aj complet, vap\u0103 inteligent\u0103, pre\u021b en-gros"},"content":{"rendered":"<div class=\"B2VR9 CJHX3e\">\n<div class=\"wyccme\">\n<h1 class=\"LC20lb MBeuO DKV0Md\">Bang 36000 pufuri, afi\u0219aj complet, vap\u0103 inteligent\u0103, pre\u021b en-gros<\/h1>\n<div class=\"flex-shrink-0 flex flex-col relative items-end\">\n<div class=\"pt-0\">\n<div class=\"gizmo-bot-avatar flex h-8 w-8 items-center justify-center overflow-hidden rounded-full\">\n<div class=\"relative p-1 rounded-sm flex items-center justify-center bg-token-main-surface-primary text-token-text-primary h-8 w-8\">\n<p>V\u0103 prezent\u0103m Tigara electronica inteligenta de unica folosinta Bang 36000 Puffs cu afisaj complet, un vape revolu\u021bionar, conceput pentru a v\u0103 ridica experien\u021ba de vapat cu tehnologie de v\u00e2rf \u0219i performan\u021b\u0103 superioar\u0103. Cu o capacitate impresionant\u0103 de 36.000 de pufuri \u0219i o capacitate mare de 36 ml de e-lichid, acest dispozitiv ofer\u0103 o utilizare extins\u0103 f\u0103r\u0103 a fi nevoie de reumpleri frecvente, fiind perfect pentru vaperii care caut\u0103 longevitate \u0219i confort.<\/p>\n<p>Tigara electronica Bang 36000 Puffs este echipata cu o baterie re\u00eenc\u0103rcabil\u0103 puternic\u0103 de 850 mAh, asigur\u00e2ndu-v\u0103 c\u0103 v\u0103 pute\u021bi bucura de performan\u021be constante \u0219i sesiuni de vapat extinse. Re\u00eenc\u0103rcarea este rapid\u0103 \u0219i u\u0219oar\u0103 cu interfa\u021ba de tip C, oferind o \u00eenc\u0103rcare rapid\u0103 \u0219i fiabil\u0103 pentru a men\u021bine dispozitivul s\u0103 func\u021bioneze f\u0103r\u0103 probleme.<\/p>\n<p>Una dintre caracteristicile remarcabile ale acestui dispozitiv este afi\u0219ajul pe ecran complet, care ofer\u0103 actualiz\u0103ri \u00een timp real cu privire la nivelurile de e-lichid \u0219i puterea bateriei, oferindu-v\u0103 control \u0219i vizibilitate deplin\u0103 asupra experien\u021bei dvs. de vapat. \u00cen plus, func\u021bia inovatoare de deblocare cu amprent\u0103 digital\u0103 asigur\u0103 c\u0103 vaporizatorul dumneavoastr\u0103 r\u0103m\u00e2ne sigur \u0219i personal, ad\u0103ug\u00e2nd un strat suplimentar de sofisticare \u0219i utilizare.<\/p>\n<p>Tigara electronica Bang 36000 Puffs \u00eencorporeaz\u0103 o rezistenta mesh de 1,0\u03a9, care \u00eembun\u0103t\u0103\u021be\u0219te livrarea aromei \u0219i produc\u021bia de vapori, oferind o lovitur\u0103 neted\u0103 \u0219i satisf\u0103c\u0103toare la fiecare puf. Indiferent dac\u0103 prefera\u021bi 0%, 2%, 3% sau 5% nicotin\u0103, acest vape se adreseaz\u0103 tuturor tipurilor de vaperi, oferind niveluri personalizabile de nicotin\u0103.<\/p>\n<\/div>\n<\/div>\n<\/div>\n<\/div>\n<\/div>\n<\/div>\n<p><strong>Contacta\u021bi-o pe Amy pentru a ob\u021bine un r\u0103spuns corect \u0219i mai multe videoclipuri cu produse!<\/strong><\/p>\n<p><img loading=\"lazy\" decoding=\"async\" class=\"size-full wp-image-1978\" src=\"https:\/\/rmvapesale.com\/wp-content\/uploads\/2024\/09\/Disposable-Vape-Wholesale.jpg\" alt=\"\u021aig\u0103ri electronice de unic\u0103 folosin\u021b\u0103 en-gros\" width=\"229\" height=\"300\" \/><\/p>\n<h3><a href=\"https:\/\/wa.me\/8617776015835\" target=\"_blank\" rel=\"noopener\"><span style=\"color: #ff0000\"><strong>WhatsApp: +86 17776015835<\/strong><\/span><\/a><\/h3>\n<p>&nbsp;<\/p>\n<h2><\/h2>\n<h2><strong>Tigara electronica Bang 36000 Puffs Caracteristici cheie<\/strong><\/h2>\n<p>&nbsp;<\/p>\n<ul>\n<li><strong>Pufuri: 36.000 de pufuri<\/strong><\/li>\n<li><strong>Capacitate e-lichid 36 ml<\/strong><\/li>\n<li><strong>Baterie re\u00eenc\u0103rcabil\u0103 de 850mAh<\/strong><\/li>\n<li><strong>Afi\u0219aj pe ecran complet<\/strong> arat\u0103 nivelurile de e-lichid \u0219i baterie<\/li>\n<li><strong>Deblocare cu amprenta digital\u0103<\/strong> pentru securitate sporit\u0103<\/li>\n<li><strong>Rezistenta mesh de 1.0\u03a9<\/strong> pentru o produc\u021bie de vapori fin\u0103 \u0219i aromat\u0103<\/li>\n<li>Disponibil \u00een <strong>12 arome<\/strong><\/li>\n<li>Concentra\u021bii de nicotin\u0103: <strong>0%, 2%, 3% \u0219i 5%<\/strong><\/li>\n<\/ul>\n<h2><\/h2>\n<h2><strong>Cea mai bun\u0103 arom\u0103 pentru Bang 36000 Puffs Full Display Smart Vape<\/strong><\/h2>\n<p>Tigara electronica Bang 36000 Puffs \u00eencorporeaz\u0103 o rezistenta mesh de 1,0\u03a9, care \u00eembun\u0103t\u0103\u021be\u0219te livrarea aromei \u0219i produc\u021bia de vapori, oferind o lovitur\u0103 neted\u0103 \u0219i satisf\u0103c\u0103toare la fiecare puf. Indiferent dac\u0103 prefera\u021bi 0%, 2%, 3% sau 5% nicotin\u0103, acest vape se adreseaz\u0103 tuturor tipurilor de vaperi, oferind niveluri personalizabile de nicotin\u0103.<\/p>\n<p>&nbsp;<\/p>\n<p>1. Mix de Fructe<br \/>\n2. Triple Berry<span style=\"color: #ff0000\"><strong>&gt;&gt;&gt;&gt; Fierbinte!<\/strong><\/span><br \/>\n3. Piersic\u0103 Mango Pepene Verde<br \/>\n4. Afine Zmeur\u0103<br \/>\n5. Gheata Dragonului Negru<span style=\"color: #ff0000\"><strong>&gt;&gt;&gt;&gt; Fierbinte!<\/strong><\/span><br \/>\n6. Gheata de Struguri<br \/>\n7. Gheata de Afine<br \/>\n8. C\u0103p\u0219uni Pepene Verde<br \/>\n9. C\u0103p\u0219uni Banan\u0103<br \/>\n10. C\u0103p\u0219uni Kiwi<br \/>\n11. C\u0103p\u0219uni Mango<br \/>\n12. Gheata de Pepene Verde<span style=\"color: #ff0000\"><strong>&gt;&gt;&gt;&gt; Cel mai bun!<\/strong><\/span><\/p>\n<figure id=\"attachment_2397\" aria-describedby=\"caption-attachment-2397\" style=\"width: 500px\" class=\"wp-caption alignnone\"><img loading=\"lazy\" decoding=\"async\" class=\"wp-image-2397 size-full\" src=\"https:\/\/rmvapesale.com\/wp-content\/uploads\/2024\/10\/Bang-Vape-36000-Puffs-Disposable-Flavor.jpg\" alt=\"Arom\u0103 de \u021bigar\u0103 electronic\u0103 de unic\u0103 folosin\u021b\u0103 Bang Vape 36000 Puffs\" width=\"500\" height=\"826\" srcset=\"https:\/\/rmvapesale.com\/wp-content\/uploads\/2024\/10\/Bang-Vape-36000-Puffs-Disposable-Flavor.jpg 500w, https:\/\/rmvapesale.com\/wp-content\/uploads\/2024\/10\/Bang-Vape-36000-Puffs-Disposable-Flavor-182x300.jpg 182w\" sizes=\"auto, (max-width: 500px) 100vw, 500px\" \/><figcaption id=\"caption-attachment-2397\" class=\"wp-caption-text\">Arom\u0103 de \u021bigar\u0103 electronic\u0103 de unic\u0103 folosin\u021b\u0103 Bang Vape 36000 Puffs<\/figcaption><\/figure>\n<h3><\/h3>\n<h3><strong>De ce s\u0103 alegi Rmvapesale pentru \u021bigara electronic\u0103 re\u00eenc\u0103rcabil\u0103 Bang Vape Puff 36000<\/strong><strong>?<\/strong><\/h3>\n<div class=\"flex-shrink-0 flex flex-col relative items-end\">\n<div class=\"pt-0\">\n<div class=\"gizmo-bot-avatar flex h-8 w-8 items-center justify-center overflow-hidden rounded-full\">\n<div class=\"relative p-1 rounded-sm flex items-center justify-center bg-token-main-surface-primary text-token-text-primary h-8 w-8\">\n<p>&nbsp;<\/p>\n<p>C\u00e2nd alege\u021bi Rmvapesale pentru nevoile dvs. de vape-uri de unic\u0103 folosin\u021b\u0103 en-gros, ve\u021bi beneficia de:<\/p>\n<ul>\n<li><strong>Pre\u021b competitiv<\/strong>: Beneficia\u021bi de pre\u021buri atractive pentru a v\u0103 m\u0103ri marja de profit.<\/li>\n<li><strong>Calitate superioar\u0103<\/strong>: Vape-urile noastre sunt fabricate la cele mai \u00eenalte standarde, \u0219i <span style=\"color: #ff0000\"><strong>garantat 100% originale \u0219i autentice, sau primi\u021bi de 10 ori compensa\u021bia \u00een caz de produse contraf\u0103cute!<\/strong><\/span><\/li>\n<li><strong>Serviciu clien\u021bi excelent<\/strong>: Echipa noastr\u0103 dedicat\u0103 este mereu gata s\u0103 v\u0103 asiste, f\u0103c\u00e2nd procesul de cump\u0103rare u\u0219or \u0219i lipsit de griji.<\/li>\n<li><strong>Livrare rapid\u0103<\/strong>: A\u0219tepta\u021bi-v\u0103 la transport prompt \u0219i de \u00eencredere, care v\u0103 asigur\u0103 c\u0103 comenzile dumneavoastr\u0103 ajung la timp, de fiecare dat\u0103.<\/li>\n<\/ul>\n<\/div>\n<h3><\/h3>\n<div class=\"relative p-1 rounded-sm flex items-center justify-center bg-token-main-surface-primary text-token-text-primary h-8 w-8\">\n<h3><b>\u00centreb\u0103ri frecvente<\/b><\/h3>\n<p><strong>1. C\u00e2te pufuri ofer\u0103 Bang 36000 Puffs?<\/strong><br \/>\nThe <strong>Bang 36000 Puffs<\/strong> ofer\u0103 o incredibil\u0103 <strong>36.000 de pufuri<\/strong>, f\u0103c\u00e2ndu-l unul dintre cele mai durabile vape-uri de unic\u0103 folosin\u021b\u0103 de pe pia\u021b\u0103.<\/p>\n<p><strong>2. Ce op\u021biuni de nicotin\u0103 sunt disponibile pentru acest vape?<\/strong><br \/>\nThe <strong>Bang 36000 Puffs Full Display Smart Vape<\/strong> vine \u00een patru op\u021biuni de concentra\u021bie de nicotin\u0103: <strong>0%, 2%, 3% \u0219i 5%<\/strong>, permi\u021b\u00e2nd utilizatorilor s\u0103-\u0219i aleag\u0103 nivelul de nicotin\u0103 preferat.<\/p>\n<p><strong>3. Care este capacitatea bateriei \u0219i este re\u00eenc\u0103rcabil\u0103?<\/strong><br \/>\nAcest vape este alimentat de o <strong>Baterie re\u00eenc\u0103rcabil\u0103 de 850mAh<\/strong>. De asemenea, dispune de un port de \u00eenc\u0103rcare <strong>Type-C<\/strong> pentru o re\u00eenc\u0103rcare rapid\u0103 \u0219i eficient\u0103.<\/p>\n<p><strong>4. Ce caracteristici ofer\u0103 ecranul complet?<\/strong><br \/>\nThe <strong>ecran complet<\/strong> pe Bang 36000 Puffs afi\u0219eaz\u0103 at\u00e2t <strong>nivelurile de e-lichid<\/strong> c\u00e2t \u0219i <strong>puterea bateriei<\/strong> \u00een timp real, oferindu-v\u0103 control total asupra experien\u021bei dumneavoastr\u0103 de vapat.<\/p>\n<p><strong>5. Cum func\u021bioneaz\u0103 func\u021bia de deblocare cu amprent\u0103?<\/strong><br \/>\nThe <strong>func\u021bia de deblocare cu amprent\u0103<\/strong> asigur\u0103 c\u0103 doar dumneavoastr\u0103 pute\u021bi debloca \u0219i utiliza dispozitivul, ad\u0103ug\u00e2nd un strat de securitate la vaporizatorul dumneavoastr\u0103.<\/p>\n<p><strong>6. Ce arome sunt disponibile pentru Bang 36000 Puffs?<\/strong><br \/>\nThe <strong>Bang 36000 Puffs<\/strong> este disponibil \u00een <strong>12 arome distincte<\/strong>, satisf\u0103c\u00e2nd o gam\u0103 larg\u0103 de gusturi \u0219i preferin\u021be. Aromele populare includ op\u021biuni fructate, dulci \u0219i r\u0103coroase pentru fiecare vaper.<\/p>\n<\/div>\n<\/div>\n<\/div>\n<\/div>\n<div class=\"group\/conversation-turn relative flex w-full min-w-0 flex-col agent-turn\">\n<div class=\"flex-col gap-1 md:gap-3\">\n<div class=\"flex max-w-full flex-col flex-grow\">\n<div class=\"min-h-8 text-message flex w-full flex-col items-end gap-2 whitespace-normal break-words [.text-message+&amp;]:mt-5\" dir=\"auto\" data-message-author-role=\"assistant\" data-message-id=\"f226d3fc-81f3-46d5-8c46-31787fff0357\">\n<div class=\"flex w-full flex-col gap-1 empty:hidden first:pt-[3px]\">\n<div class=\"markdown prose w-full break-words dark:prose-invert light\">\n<p>&nbsp;<\/p>\n<\/div>\n<\/div>\n<\/div>\n<\/div>\n<\/div>\n<\/div>\n<h3>Despre livrare<\/h3>\n<div class=\"flex-shrink-0 flex flex-col relative items-end\">\n<div>\n<div class=\"pt-0\">\n<div class=\"gizmo-bot-avatar flex h-8 w-8 items-center justify-center overflow-hidden rounded-full\">\n<div><\/div>\n<div class=\"relative p-1 rounded-sm flex items-center justify-center bg-token-main-surface-primary text-token-text-primary h-8 w-8\"><strong>1. Ce metode de expediere sunt folosite?<\/strong><\/div>\n<\/div>\n<\/div>\n<\/div>\n<\/div>\n<div class=\"group\/conversation-turn relative flex w-full min-w-0 flex-col agent-turn\">\n<div class=\"flex-col gap-1 md:gap-3\">\n<div class=\"flex max-w-full flex-col flex-grow\">\n<div class=\"min-h-[20px] text-message flex w-full flex-col items-end gap-2 whitespace-normal break-words [.text-message+&amp;]:mt-5 overflow-x-auto\" dir=\"auto\" data-message-author-role=\"assistant\" data-message-id=\"22f8283b-3233-46ff-89a5-c7a41b33abda\">\n<div class=\"flex w-full flex-col gap-1 empty:hidden first:pt-[3px]\">\n<div class=\"markdown prose w-full break-words dark:prose-invert light\">\n<p>Colabor\u0103m cu UPS, DHL, FedEx, DPD \u0219i al\u021bi transportatori de top. Vom selecta cea mai bun\u0103 metod\u0103 de expediere \u00een func\u021bie de loca\u021bia dvs. de livrare pentru a ne asigura c\u0103 ve\u021bi primi produsele c\u00e2t mai repede posibil.<\/p>\n<\/div>\n<p><strong>2. C\u00e2t dureaz\u0103 livrarea?<\/strong><\/p>\n<p>Pachetele expediate \u00een Rom\u00e2nia ajung de obicei \u00een 10 zile lucr\u0103toare. Livrarea \u00een \u021b\u0103rile europene dureaz\u0103, \u00een general, aproximativ 12-15 zile lucr\u0103toare. V\u0103 vom oferi actualiz\u0103ri \u00een timp real cu privire la starea expedierii dumneavoastr\u0103.<\/p>\n<\/div>\n<\/div>\n<\/div>\n<\/div>\n<\/div>\n<p>&nbsp;<\/p>\n<p>Alte produse vape populare care v-ar putea pl\u0103cea:<\/p>\n<p><a href=\"https:\/\/rmvapesale.com\/ro\/product\/bang-vape-30000-pro-disposables-wholesale\/\"><strong>Bang King 30000 Puffs Puff\u00a0 \u00a0<span style=\"color: #ff0000\">&gt;&gt;&gt;&gt; merge\u021bi!<\/span><\/strong><\/a><\/p>\n<p><strong><a href=\"https:\/\/rmvapesale.com\/ro\/product\/faivono-bang-maxi-15000-puffs-disposable-vape-bulk-wholesale\/\">AIVONO Aim Bang Maxi 15000 Puff-uri <span style=\"color: #ff0000\">&gt;&gt;&gt;&gt; merge\u021bi!<\/span><\/a>\u00a0<\/strong><\/p>\n<p><a href=\"https:\/\/rmvapesale.com\/ro\/product\/bang-box-30000-puff-double-taste-smart-screen-disposable-vape\/\"><strong>Bang Vape Box 30000 Puffs <span style=\"color: #ff0000\">&gt;&gt;&gt;&gt; merge\u021bi!<\/span><\/strong><\/a><\/p>\n<p>&nbsp;<\/p>\n<p>&nbsp;<\/p>\n<p>G\u0103si\u021bi mai multe produse de vapat care v-ar putea pl\u0103cea:<strong><em><a href=\"https:\/\/rmvapesale.com\/ro\/shop-2\/\">cump\u0103r\u0103 acum &gt;&gt;&gt;<\/a><\/em><\/strong><\/p>","protected":false},"excerpt":{"rendered":"<p>Tigara electronica de unica folosinta Bang Vape 36k Cump\u0103ra\u021bi \u00een vrac Pre\u021b en-gros<br \/>\nTigara Vape Bang Puff 36000 Box Toate Aromele \u00een Stoc<br \/>\nVape de unica folosinta reincarcabil Bang 36000 Puffs<\/p>\n<p><img loading=\"lazy\" decoding=\"async\" class=\"size-full wp-image-1978\" src=\"https:\/\/rmvapesale.com\/wp-content\/uploads\/2024\/09\/Disposable-Vape-Wholesale.jpg\" alt=\"\u021aig\u0103ri electronice de unic\u0103 folosin\u021b\u0103 en-gros\" width=\"229\" height=\"300\" \/><\/p>\n<h3><a href=\"https:\/\/wa.me\/8617776015835\"><span style=\"color: #ff0000\"><strong>WhatsApp: +86 17776015835<\/strong><\/span><\/a><\/h3>\n<p>&nbsp;<\/p>","protected":false},"featured_media":2393,"comment_status":"open","ping_status":"closed","template":"","meta":{"_uag_custom_page_level_css":"","_lmt_disableupdate":"","_lmt_disable":"","site-sidebar-layout":"default","site-content-layout":"content-boxed-container","ast-site-content-layout":"normal-width-container","site-content-style":"boxed","site-sidebar-style":"unboxed","ast-global-header-display":"","ast-banner-title-visibility":"","ast-main-header-display":"","ast-hfb-above-header-display":"","ast-hfb-below-header-display":"","ast-hfb-mobile-header-display":"","site-post-title":"","ast-breadcrumbs-content":"","ast-featured-img":"","footer-sml-layout":"","theme-transparent-header-meta":"default","adv-header-id-meta":"","stick-header-meta":"","header-above-stick-meta":"","header-main-stick-meta":"","header-below-stick-meta":"","astra-migrate-meta-layouts":"set","ast-page-background-enabled":"default","ast-page-background-meta":{"desktop":{"background-color":"var(--ast-global-color-4)","background-image":"","background-repeat":"repeat","background-position":"center center","background-size":"auto","background-attachment":"scroll","background-type":"","background-media":"","overlay-type":"","overlay-color":"","overlay-opacity":"","overlay-gradient":""},"tablet":{"background-color":"","background-image":"","background-repeat":"repeat","background-position":"center center","background-size":"auto","background-attachment":"scroll","background-type":"","background-media":"","overlay-type":"","overlay-color":"","overlay-opacity":"","overlay-gradient":""},"mobile":{"background-color":"","background-image":"","background-repeat":"repeat","background-position":"center center","background-size":"auto","background-attachment":"scroll","background-type":"","background-media":"","overlay-type":"","overlay-color":"","overlay-opacity":"","overlay-gradient":""}},"ast-content-background-meta":{"desktop":{"background-color":"var(--ast-global-color-5)","background-image":"","background-repeat":"repeat","background-position":"center center","background-size":"auto","background-attachment":"scroll","background-type":"","background-media":"","overlay-type":"","overlay-color":"","overlay-opacity":"","overlay-gradient":""},"tablet":{"background-color":"var(--ast-global-color-5)","background-image":"","background-repeat":"repeat","background-position":"center center","background-size":"auto","background-attachment":"scroll","background-type":"","background-media":"","overlay-type":"","overlay-color":"","overlay-opacity":"","overlay-gradient":""},"mobile":{"background-color":"var(--ast-global-color-5)","background-image":"","background-repeat":"repeat","background-position":"center center","background-size":"auto","background-attachment":"scroll","background-type":"","background-media":"","overlay-type":"","overlay-color":"","overlay-opacity":"","overlay-gradient":""}},"_joinchat":[]},"product_brand":[],"product_cat":[15,25,123,26,28,135,27,60,137,136,30],"product_tag":[148,150,146,126,151,111,132,85],"class_list":{"0":"post-2398","1":"product","2":"type-product","3":"status-publish","4":"has-post-thumbnail","6":"product_cat-new-vape-this-week","7":"product_cat-germany-best-selling-vape","8":"product_cat-italy-wholesale-vape","9":"product_cat-netherlands-hot-sale-vape","10":"product_cat-poland-hot-sale-vape","11":"product_cat-spain-best-hot-sale-vape","12":"product_cat-fance-hot-sale-vape","13":"product_cat-bang-vapes","14":"product_cat-rechargeable-vapes","15":"product_cat-smart-screen-vapes","16":"product_cat-minimum-order-quantity-50pcs","17":"product_tag-bang-disposable-vape","18":"product_tag-bang-vape-bar","19":"product_tag-best-hot-sale-vape","20":"product_tag-e-cigarettes","21":"product_tag-full-display-vape","22":"product_tag-low-nicotine-disposable-vape","23":"product_tag-rechargeable-vape","24":"product_tag-smart-disposable-vape","25":"desktop-align-left","26":"tablet-align-left","27":"mobile-align-left","29":"first","30":"instock","31":"sale","32":"shipping-taxable","33":"purchasable","34":"product-type-simple"},"uagb_featured_image_src":{"full":["https:\/\/rmvapesale.com\/wp-content\/uploads\/2024\/10\/Bang-36000-Puffs-Disposable-Vape-Bulk.jpg",808,808,false],"thumbnail":["https:\/\/rmvapesale.com\/wp-content\/uploads\/2024\/10\/Bang-36000-Puffs-Disposable-Vape-Bulk-150x150.jpg",150,150,true],"medium":["https:\/\/rmvapesale.com\/wp-content\/uploads\/2024\/10\/Bang-36000-Puffs-Disposable-Vape-Bulk-300x300.jpg",300,300,true],"medium_large":["https:\/\/rmvapesale.com\/wp-content\/uploads\/2024\/10\/Bang-36000-Puffs-Disposable-Vape-Bulk-768x768.jpg",768,768,true],"large":["https:\/\/rmvapesale.com\/wp-content\/uploads\/2024\/10\/Bang-36000-Puffs-Disposable-Vape-Bulk.jpg",808,808,false],"1536x1536":["https:\/\/rmvapesale.com\/wp-content\/uploads\/2024\/10\/Bang-36000-Puffs-Disposable-Vape-Bulk.jpg",808,808,false],"2048x2048":["https:\/\/rmvapesale.com\/wp-content\/uploads\/2024\/10\/Bang-36000-Puffs-Disposable-Vape-Bulk.jpg",808,808,false],"trp-custom-language-flag":["https:\/\/rmvapesale.com\/wp-content\/uploads\/2024\/10\/Bang-36000-Puffs-Disposable-Vape-Bulk.jpg",12,12,false],"woocommerce_thumbnail":["https:\/\/rmvapesale.com\/wp-content\/uploads\/2024\/10\/Bang-36000-Puffs-Disposable-Vape-Bulk-300x300.jpg",300,300,true],"woocommerce_single":["https:\/\/rmvapesale.com\/wp-content\/uploads\/2024\/10\/Bang-36000-Puffs-Disposable-Vape-Bulk-600x600.jpg",600,600,true],"woocommerce_gallery_thumbnail":["https:\/\/rmvapesale.com\/wp-content\/uploads\/2024\/10\/Bang-36000-Puffs-Disposable-Vape-Bulk-100x100.jpg",100,100,true],"wcpr-photo-reviews":["https:\/\/rmvapesale.com\/wp-content\/uploads\/2024\/10\/Bang-36000-Puffs-Disposable-Vape-Bulk.jpg",500,500,false]},"uagb_author_info":{"display_name":"AMY","author_link":"https:\/\/rmvapesale.com\/ro\/author\/"},"uagb_comment_info":0,"uagb_excerpt":"Bang Vape 36k Disposable Vape Bulk Buy Wholesale price Vape Bang Puff 36000 Box All Flavors in Stock Bang 36000 Puffs Rechargeable Disposable Vape WhatsApp: +86 17776015835 &nbsp;","_links":{"self":[{"href":"https:\/\/rmvapesale.com\/ro\/wp-json\/wp\/v2\/product\/2398","targetHints":{"allow":["GET"]}}],"collection":[{"href":"https:\/\/rmvapesale.com\/ro\/wp-json\/wp\/v2\/product"}],"about":[{"href":"https:\/\/rmvapesale.com\/ro\/wp-json\/wp\/v2\/types\/product"}],"replies":[{"embeddable":true,"href":"https:\/\/rmvapesale.com\/ro\/wp-json\/wp\/v2\/comments?post=2398"}],"wp:featuredmedia":[{"embeddable":true,"href":"https:\/\/rmvapesale.com\/ro\/wp-json\/wp\/v2\/media\/2393"}],"wp:attachment":[{"href":"https:\/\/rmvapesale.com\/ro\/wp-json\/wp\/v2\/media?parent=2398"}],"wp:term":[{"taxonomy":"product_brand","embeddable":true,"href":"https:\/\/rmvapesale.com\/ro\/wp-json\/wp\/v2\/product_brand?post=2398"},{"taxonomy":"product_cat","embeddable":true,"href":"https:\/\/rmvapesale.com\/ro\/wp-json\/wp\/v2\/product_cat?post=2398"},{"taxonomy":"product_tag","embeddable":true,"href":"https:\/\/rmvapesale.com\/ro\/wp-json\/wp\/v2\/product_tag?post=2398"}],"curies":[{"name":"wp","href":"https:\/\/api.w.org\/{rel}","templated":true}]}}