{"id":2472,"date":"2024-10-21T03:19:00","date_gmt":"2024-10-21T03:19:00","guid":{"rendered":"https:\/\/rmvapesale.com\/?post_type=product&#038;p=2472"},"modified":"2024-10-21T07:09:46","modified_gmt":"2024-10-21T07:09:46","slug":"fumot-digital-box-12000-disposable-vape-pink-lemonade-flavor","status":"publish","type":"product","link":"https:\/\/rmvapesale.com\/ro\/product\/fumot-digital-box-12000-disposable-vape-pink-lemonade-flavor\/","title":{"rendered":"Fumot Digital Box 12000 \u021aigar\u0103 electronic\u0103 de unic\u0103 folosin\u021b\u0103, arom\u0103 de limonad\u0103 roz"},"content":{"rendered":"<div class=\"B2VR9 CJHX3e\">\n<div class=\"wyccme\">\n<h1 class=\"LC20lb MBeuO DKV0Md\">Fumot Digital Box 12000 \u021aigar\u0103 electronic\u0103 de unic\u0103 folosin\u021b\u0103, arom\u0103 de limonad\u0103 roz<\/h1>\n<div class=\"flex-shrink-0 flex flex-col relative items-end\">\n<div class=\"pt-0\">\n<div class=\"gizmo-bot-avatar flex h-8 w-8 items-center justify-center overflow-hidden rounded-full\">\n<div class=\"relative p-1 rounded-sm flex items-center justify-center bg-token-main-surface-primary text-token-text-primary h-8 w-8\">\n<p>Pink Lemonade, preferat\u0103 \u00een Fumot Digital Box 12000 Vape de unic\u0103 folosin\u021b\u0103, ofer\u0103 o combina\u021bie irezistibil\u0103 de citrice acri\u0219oare \u0219i note dulci de fructe de p\u0103dure. Acest amestec vibrant de l\u0103m\u00e2i \u0219i fructe de p\u0103dure creeaz\u0103 un profil de arom\u0103 r\u0103coritor \u0219i plin de via\u021b\u0103, transform\u00e2nd fiecare inhalare \u00eentr-o experien\u021b\u0103 pl\u0103cut\u0103. Coaja natural\u0103 de citrice, completat\u0103 de nuan\u021be subtile de fructe de p\u0103dure, asigur\u0103 o vape perfect echilibrat\u0103 \u0219i armonioas\u0103.<\/p>\n<p>Cu fiecare inhalare, aroma \u00eendr\u0103znea\u021b\u0103 se intensific\u0103, l\u0103s\u00e2nd \u00een urm\u0103 un gust proasp\u0103t \u0219i r\u0103coritor, reminiscent de zilele calde de var\u0103. Datorit\u0103 tehnologiei de ultim\u0103 genera\u021bie a Fumot Vape 12000 pufuri, aroma r\u0103m\u00e2ne constant\u0103 \u0219i bogat\u0103 pe tot parcursul sesiunii, \u00eembun\u0103t\u0103\u021bind experien\u021ba de vaping pentru un moment de pl\u0103cere pur\u0103.<\/p>\n<p>Fumot Digital RandM 12000 Vape de unic\u0103 folosin\u021b\u0103 Pink Lemonade este alegerea ideal\u0103 pentru cei care apreciaz\u0103 un vape fructat \u0219i r\u0103coritor. Indiferent dac\u0103 te relaxezi dup\u0103 o zi lung\u0103 sau cau\u021bi o start r\u0103coritor pentru diminea\u021ba, aceast\u0103 arom\u0103 ofer\u0103 combina\u021bia perfect\u0103 de fructe \u0219i prospe\u021bime. Este o op\u021biune excelent\u0103 pentru vaperii care doresc o schimbare de arom\u0103 f\u0103r\u0103 a sacrifica intensitatea sau satisfac\u021bia.<\/p>\n<p>&nbsp;<\/p>\n<\/div>\n<\/div>\n<\/div>\n<\/div>\n<\/div>\n<\/div>\n<p><strong>Contacta\u021bi-o pe Amy pentru a ob\u021bine un r\u0103spuns prompt \u0219i un cupon pentru vape!<\/strong><\/p>\n<p><img loading=\"lazy\" decoding=\"async\" class=\"size-full wp-image-1978\" src=\"https:\/\/rmvapesale.com\/wp-content\/uploads\/2024\/09\/Disposable-Vape-Wholesale.jpg\" alt=\"\u021aig\u0103ri electronice de unic\u0103 folosin\u021b\u0103 en-gros\" width=\"229\" height=\"300\" \/><\/p>\n<h3><a href=\"https:\/\/wa.me\/8617776015835\" target=\"_blank\" rel=\"noopener\"><span style=\"color: #ff0000\"><strong>WhatsApp: +86 17776015835<\/strong><\/span><\/a><\/h3>\n<p>&nbsp;<\/p>\n<h2><\/h2>\n<h2><strong>Fumot 12k vape de unic\u0103 folosin\u021b\u0103<\/strong><strong>\u00a0<\/strong><strong>Caracteristici principale<\/strong><\/h2>\n<p>&nbsp;<\/p>\n<p>Brand: TORNADO 25000<br \/>\nArom\u0103: Limonad\u0103 Roz<br \/>\nPufuri: 12000<br \/>\nNicotin\u0103: 0\/2\/3\/5%<br \/>\n20 ML de E-Lichid.<br \/>\nBaterie re\u00eenc\u0103rcabil\u0103<br \/>\nBaterie integrat\u0103 de 850mAh.<br \/>\nDisponibile 40 de arome.<br \/>\nEcran de afi\u0219are pentru E-lichid \u0219i baterie<\/p>\n<h2><\/h2>\n<h2><strong>Arom\u0103 principal\u0103 pentru RandM Fumot Digital Box 12000 Vape<\/strong><\/h2>\n<p>Cu 24 de arome unice, RandM Tornado 25000 satisface o gam\u0103 larg\u0103 de preferin\u021be, asigur\u00e2ndu-se c\u0103 fiecare utilizator poate g\u0103si o arom\u0103 care s\u0103 se potriveasc\u0103 gustului s\u0103u. Dispozitivul este fabricat din materiale de \u00eenalt\u0103 calitate, asigur\u00e2nd durabilitate \u0219i o experien\u021b\u0103 de vaping satisf\u0103c\u0103toare<\/p>\n<p>1. Ment\u0103 r\u0103coritoare<br \/>\n2. Pepene Watermelon Ice<br \/>\n3. Strugure Ice<br \/>\n4. Afine Zmeur\u0103 <span style=\"color: #ff0000\"><strong>&gt;&gt;&gt;&gt; Fierbinte!<\/strong><\/span><br \/>\n5. C\u0103p\u0219uni cu pepene Watermelon<br \/>\n6. C\u0103p\u0219uni cu banan\u0103<br \/>\n7. Ghea\u021b\u0103 Lush Ice<br \/>\n8. Cire\u0219e<br \/>\n9. C\u0103p\u0219uni cu Ghea\u021b\u0103<br \/>\n10. \u00cenghe\u021bat\u0103 de Ghea\u021b\u0103<br \/>\n11. Limonad\u0103 Roz <span style=\"color: #ff0000\"><strong>&gt;&gt;&gt;&gt; Cel mai bun!<\/strong><\/span><br \/>\n12. Mango pe ghea\u021b\u0103<br \/>\n13. Fructe de P\u0103dure Mixte <span style=\"color: #ff0000\"><strong>&gt;&gt;&gt;&gt; Fierbinte!<\/strong><\/span><br \/>\n14. Gogoas\u0103 cu C\u0103p\u0219uni<br \/>\n15. C\u0103p\u0219uni cu Struguri<br \/>\n16. Cola cu Cire\u0219e<br \/>\n17. Dr blue<br \/>\n18. Afine pe ghea\u021b\u0103<br \/>\n19. Kiwi, fruct de pasiune, guava<br \/>\n20. C\u0103p\u0219uni \u0219i Kiwi<br \/>\n21. Piersic\u0103 \u0219i Mango<br \/>\n22. Piersic\u0103 cu Ghea\u021b\u0103 <span style=\"color: #ff0000\"><strong>&gt;&gt;&gt;&gt; Fierbinte!<\/strong><\/span><br \/>\n23. M\u0103r Ro\u0219u cu Ghea\u021b\u0103<br \/>\n24. Gum\u0103 de mestecat cu Afine<br \/>\n25. Limonad\u0103 de Fructe de P\u0103dure<br \/>\n26. Limonad\u0103 Blue Razz<br \/>\n27. Zmeur\u0103 Bluesour<br \/>\n28. Red Bull cu c\u0103p\u0219uni<br \/>\n29. Blast de m\u0103r \u0219i fructe de p\u0103dure<br \/>\n30. Gum\u0103 de mestecat cu pepene verde<br \/>\n31. Zmeur\u0103 \u0219i pepene verde<br \/>\n32. Ghea\u021b\u0103 neagr\u0103<br \/>\n33. Afine, cire\u0219e \u0219i meri\u0219oare<br \/>\n34. Pomp\u0103 de c\u0103p\u0219uni (rodie)<br \/>\n35. Vimto <span style=\"color: #ff0000\"><strong>&gt;&gt;&gt;&gt; Fierbinte!<\/strong><\/span><br \/>\n36. Cire\u0219e \u0219i fructe de p\u0103dure <span style=\"color: #ff0000\"><strong>&gt;&gt;&gt;&gt; Fierbinte!<\/strong><\/span><br \/>\n37. L\u0103m\u00e2ie &amp; Lime<br \/>\n38. Bingo Crush<br \/>\n39. Afine kiwi<br \/>\n40. M\u0103r scor\u021bi\u0219oar\u0103<\/p>\n<figure id=\"attachment_2481\" aria-describedby=\"caption-attachment-2481\" style=\"width: 600px\" class=\"wp-caption alignnone\"><img loading=\"lazy\" decoding=\"async\" class=\"wp-image-2481 size-full\" src=\"https:\/\/rmvapesale.com\/wp-content\/uploads\/2024\/10\/Fumot-Vape-12000-Puffs-RandM-Flavor.jpg\" alt=\"Fumot Vape 12000 Pufuri Arome RandM\" width=\"600\" height=\"600\" srcset=\"https:\/\/rmvapesale.com\/wp-content\/uploads\/2024\/10\/Fumot-Vape-12000-Puffs-RandM-Flavor.jpg 600w, https:\/\/rmvapesale.com\/wp-content\/uploads\/2024\/10\/Fumot-Vape-12000-Puffs-RandM-Flavor-300x300.jpg 300w, https:\/\/rmvapesale.com\/wp-content\/uploads\/2024\/10\/Fumot-Vape-12000-Puffs-RandM-Flavor-150x150.jpg 150w, https:\/\/rmvapesale.com\/wp-content\/uploads\/2024\/10\/Fumot-Vape-12000-Puffs-RandM-Flavor-100x100.jpg 100w\" sizes=\"auto, (max-width: 600px) 100vw, 600px\" \/><figcaption id=\"caption-attachment-2481\" class=\"wp-caption-text\">Fumot Vape 12000 Pufuri Arome RandM<\/figcaption><\/figure>\n<h3><strong>De ce s\u0103 alegi Rmvapesale pentru Randm Vape 12000 Pufuri<\/strong><strong>?<\/strong><\/h3>\n<div class=\"flex-shrink-0 flex flex-col relative items-end\">\n<div class=\"pt-0\">\n<div class=\"gizmo-bot-avatar flex h-8 w-8 items-center justify-center overflow-hidden rounded-full\">\n<div class=\"relative p-1 rounded-sm flex items-center justify-center bg-token-main-surface-primary text-token-text-primary h-8 w-8\">\n<p>&nbsp;<\/p>\n<p>C\u00e2nd alege\u021bi Rmvapesale pentru nevoile dvs. de vape-uri de unic\u0103 folosin\u021b\u0103 en-gros, ve\u021bi beneficia de:<\/p>\n<ul>\n<li><strong>Pre\u021b competitiv<\/strong>: Beneficia\u021bi de pre\u021buri atractive pentru a v\u0103 m\u0103ri marja de profit.<\/li>\n<li><strong>Calitate superioar\u0103<\/strong>: Vape-urile noastre sunt fabricate la cele mai \u00eenalte standarde, \u0219i <span style=\"color: #ff0000\"><strong>garantat 100% originale \u0219i autentice, sau primi\u021bi de 10 ori compensa\u021bia \u00een caz de produse contraf\u0103cute!<\/strong><\/span><\/li>\n<li><strong>Serviciu clien\u021bi excelent<\/strong>: Echipa noastr\u0103 dedicat\u0103 este mereu gata s\u0103 v\u0103 asiste, f\u0103c\u00e2nd procesul de cump\u0103rare u\u0219or \u0219i lipsit de griji.<\/li>\n<li><strong>Livrare rapid\u0103<\/strong>: A\u0219tepta\u021bi-v\u0103 la transport prompt \u0219i de \u00eencredere, care v\u0103 asigur\u0103 c\u0103 comenzile dumneavoastr\u0103 ajung la timp, de fiecare dat\u0103.<\/li>\n<\/ul>\n<\/div>\n<h3><\/h3>\n<div class=\"relative p-1 rounded-sm flex items-center justify-center bg-token-main-surface-primary text-token-text-primary h-8 w-8\">\n<h3><b>\u00centreb\u0103ri frecvente<\/b><\/h3>\n<p>&nbsp;<\/p>\n<ul>\n<li><strong>Cum aleg \u021bigara electronic\u0103 de unic\u0103 folosin\u021b\u0103 potrivit\u0103?<\/strong><br \/>\nAlegerea celei mai bune \u021big\u0103ri electronice de unic\u0103 folosin\u021b\u0103 depinde de preferin\u021bele dumneavoastr\u0103. Dac\u0103 dori\u021bi un dispozitiv de lung\u0103 durat\u0103, opta\u021bi pentru modele precum RandM Tornado 25000 Puff-uri, care ofer\u0103 mii de puff-uri. Pentru pasiona\u021bii de arome, m\u0103rci precum \u021big\u0103rile electronice Bang sau \u021big\u0103rile electronice Waspe ofer\u0103 o mare varietate de arome fructate \u0219i de desert. Cheia este s\u0103 acorda\u021bi prioritate a ceea ce conteaz\u0103 cel mai mult pentru dumneavoastr\u0103: durata de via\u021b\u0103 a bateriei, varietatea aromelor sau portabilitatea.<\/li>\n<li><strong>Ce \u021bigar\u0103 electronic\u0103 de unic\u0103 folosin\u021b\u0103 ofer\u0103 cea mai bun\u0103 arom\u0103?<\/strong><br \/>\nPentru o arom\u0103 excep\u021bional\u0103, \u021bigara electronic\u0103 Fumot RandM 25000 este un concurent de top, oferind hit-uri fine cu gust de lung\u0103 durat\u0103, \u00een special \u00een op\u021biunile fructate Bomboane Cherry Bomb, M\u0103r Dublu, LIMONAD\u0102 ROZ, etc.<\/li>\n<li><strong>De unde \u0219tii c\u00e2nd \u021bigara electronic\u0103 este goal\u0103?\u00a0<\/strong><br \/>\nVe\u021bi observa c\u0103 \u021bigara electronic\u0103 de unic\u0103 folosin\u021b\u0103 se epuizeaz\u0103 atunci c\u00e2nd aroma sl\u0103be\u0219te sau produc\u021bia de vapori scade. Unele \u021big\u0103ri electronice noi de unic\u0103 folosin\u021b\u0103 cu ecran, cum ar fi RandM Tornado 12000, RandM Tornado 25000, Waspe 30000 puff-uri, vor avea indica\u021bii pe ecran.<\/li>\n<li><strong>C\u00e2t timp dureaz\u0103 \u00eenc\u0103rcarea unui Randm Tornado?<\/strong><br \/>\n\u00cenc\u0103rcarea majorit\u0103\u021bii bateriilor de \u021big\u0103ri electronice dureaz\u0103 de obicei aproximativ 3 p\u00e2n\u0103 la 4 ore pentru o \u00eenc\u0103rcare complet\u0103, \u00een func\u021bie de dimensiunea bateriei. Cel mai bine este s\u0103 a\u0219tepta\u021bi p\u00e2n\u0103 c\u00e2nd bateria este complet desc\u0103rcat\u0103 \u00eenainte de a o re\u00eenc\u0103rca. Cu toate acestea, deoarece fiecare dispozitiv este unic, consulta\u021bi \u00eentotdeauna manualul produsului dumneavoastr\u0103 pentru instruc\u021biuni \u0219i indicatori specifici de \u00eenc\u0103rcare pentru a asigura o performan\u021b\u0103 optim\u0103.<\/li>\n<\/ul>\n<\/div>\n<\/div>\n<\/div>\n<\/div>\n<div class=\"group\/conversation-turn relative flex w-full min-w-0 flex-col agent-turn\">\n<div class=\"flex-col gap-1 md:gap-3\">\n<div class=\"flex max-w-full flex-col flex-grow\">\n<div class=\"min-h-8 text-message flex w-full flex-col items-end gap-2 whitespace-normal break-words [.text-message+&amp;]:mt-5\" dir=\"auto\" data-message-author-role=\"assistant\" data-message-id=\"f226d3fc-81f3-46d5-8c46-31787fff0357\">\n<div class=\"flex w-full flex-col gap-1 empty:hidden first:pt-[3px]\">\n<div class=\"markdown prose w-full break-words dark:prose-invert light\">\n<div class=\"group\/conversation-turn relative flex w-full min-w-0 flex-col agent-turn\">\n<div class=\"flex-col gap-1 md:gap-3\">\n<div class=\"flex max-w-full flex-col flex-grow\">\n<div class=\"min-h-8 text-message flex w-full flex-col items-end gap-2 whitespace-normal break-words [.text-message+&amp;]:mt-5\" dir=\"auto\" data-message-author-role=\"assistant\" data-message-id=\"91d2b73b-9149-4888-a964-4b8464e0e6e3\" data-message-model-slug=\"gpt-4o\">\n<div class=\"flex w-full flex-col gap-1 empty:hidden first:pt-[3px]\">\n<div class=\"markdown prose w-full break-words dark:prose-invert light\">\n<p>&nbsp;<\/p>\n<\/div>\n<\/div>\n<\/div>\n<\/div>\n<\/div>\n<\/div>\n<\/div>\n<\/div>\n<\/div>\n<\/div>\n<\/div>\n<\/div>\n<h3>Despre livrare<\/h3>\n<div class=\"flex-shrink-0 flex flex-col relative items-end\">\n<div>\n<div class=\"pt-0\">\n<div class=\"gizmo-bot-avatar flex h-8 w-8 items-center justify-center overflow-hidden rounded-full\">\n<div><\/div>\n<div class=\"relative p-1 rounded-sm flex items-center justify-center bg-token-main-surface-primary text-token-text-primary h-8 w-8\"><strong>1. Ce metode de expediere sunt folosite?<\/strong><\/div>\n<\/div>\n<\/div>\n<\/div>\n<\/div>\n<div class=\"group\/conversation-turn relative flex w-full min-w-0 flex-col agent-turn\">\n<div class=\"flex-col gap-1 md:gap-3\">\n<div class=\"flex max-w-full flex-col flex-grow\">\n<div class=\"min-h-[20px] text-message flex w-full flex-col items-end gap-2 whitespace-normal break-words [.text-message+&amp;]:mt-5 overflow-x-auto\" dir=\"auto\" data-message-author-role=\"assistant\" data-message-id=\"22f8283b-3233-46ff-89a5-c7a41b33abda\">\n<div class=\"flex w-full flex-col gap-1 empty:hidden first:pt-[3px]\">\n<div class=\"markdown prose w-full break-words dark:prose-invert light\">\n<p>Colabor\u0103m cu UPS, DHL, FedEx, DPD \u0219i al\u021bi transportatori de top. Vom selecta cea mai bun\u0103 metod\u0103 de expediere \u00een func\u021bie de loca\u021bia dvs. de livrare pentru a ne asigura c\u0103 ve\u021bi primi produsele c\u00e2t mai repede posibil.<\/p>\n<\/div>\n<p><strong>2. C\u00e2t dureaz\u0103 livrarea?<\/strong><\/p>\n<p>Pachetele expediate \u00een Rom\u00e2nia ajung de obicei \u00een 10 zile lucr\u0103toare. Livrarea \u00een \u021b\u0103rile europene dureaz\u0103, \u00een general, aproximativ 12-15 zile lucr\u0103toare. V\u0103 vom oferi actualiz\u0103ri \u00een timp real cu privire la starea expedierii dumneavoastr\u0103.<\/p>\n<\/div>\n<\/div>\n<\/div>\n<\/div>\n<\/div>\n<p>&nbsp;<\/p>\n<p>Alte produse vape populare care v-ar putea pl\u0103cea:<\/p>\n<p><a href=\"https:\/\/rmvapesale.com\/ro\/product\/randm-tornado-15000-puffs-15k-vape-recharge-fumot-original-vape-factory-price\/\"><strong>Vape Randm 15000 Puffs\u00a0 \u00a0<span style=\"color: #ff0000\">&gt;&gt;&gt;&gt; merge\u021bi!<\/span><\/strong><\/a><\/p>\n<p><strong><a href=\"https:\/\/rmvapesale.com\/ro\/product\/faivono-bang-maxi-15000-puffs-disposable-vape-bulk-wholesale\/\">AIVONO Aim Bang Maxi 15000 Puff-uri <span style=\"color: #ff0000\">&gt;&gt;&gt;&gt; merge\u021bi!<\/span><\/a>\u00a0<\/strong><\/p>\n<p><a href=\"https:\/\/rmvapesale.com\/ro\/product\/randm-tornado-25000-puffs-disposable-vape-wholesale\/\"><strong>Fumot Vape RandM Tornado 25000 Pufuri <span style=\"color: #ff0000\">&gt;&gt;&gt;&gt; merge\u021bi!<\/span><\/strong><\/a><\/p>\n<p>&nbsp;<\/p>\n<p>&nbsp;<\/p>\n<p>G\u0103si\u021bi mai multe produse de vapat care v-ar putea pl\u0103cea:<strong><em><a href=\"https:\/\/rmvapesale.com\/ro\/shop-2\/\">cump\u0103r\u0103 acum &gt;&gt;&gt;<\/a><\/em><\/strong><\/p>","protected":false},"excerpt":{"rendered":"<p>Fumot Vape RandM Digital Box 12000 Pre\u021b Mic Pink Lemonade<br \/>\nRandM Digital Box 12000 Pufuri vape re\u00eenc\u0103rcabile Achizi\u021bie en gros<br \/>\nRandM Vape 12000 Pufuri cu Ecran Inteligent V\u00e2nzare en gros<\/p>\n<p><img loading=\"lazy\" decoding=\"async\" class=\"size-full wp-image-2375\" src=\"https:\/\/rmvapesale.com\/wp-content\/uploads\/2024\/10\/image.png\" alt=\"Cea mai bun\u0103 \u021bigar\u0103 electronic\u0103 de unic\u0103 folosin\u021b\u0103\" width=\"229\" height=\"300\" \/><\/p>\n<h3><a href=\"https:\/\/wa.me\/8617776015835\"><span style=\"color: #ff0000\"><strong>WhatsApp: +86 17776015835<\/strong><\/span><\/a><\/h3>\n<p>&nbsp;<\/p>","protected":false},"featured_media":2486,"comment_status":"open","ping_status":"closed","template":"","meta":{"_uag_custom_page_level_css":"","_lmt_disableupdate":"no","_lmt_disable":"","site-sidebar-layout":"default","site-content-layout":"content-boxed-container","ast-site-content-layout":"normal-width-container","site-content-style":"boxed","site-sidebar-style":"unboxed","ast-global-header-display":"","ast-banner-title-visibility":"","ast-main-header-display":"","ast-hfb-above-header-display":"","ast-hfb-below-header-display":"","ast-hfb-mobile-header-display":"","site-post-title":"","ast-breadcrumbs-content":"","ast-featured-img":"","footer-sml-layout":"","ast-disable-related-posts":"","theme-transparent-header-meta":"default","adv-header-id-meta":"","stick-header-meta":"","header-above-stick-meta":"","header-main-stick-meta":"","header-below-stick-meta":"","astra-migrate-meta-layouts":"set","ast-page-background-enabled":"default","ast-page-background-meta":{"desktop":{"background-color":"var(--ast-global-color-4)","background-image":"","background-repeat":"repeat","background-position":"center center","background-size":"auto","background-attachment":"scroll","background-type":"","background-media":"","overlay-type":"","overlay-color":"","overlay-opacity":"","overlay-gradient":""},"tablet":{"background-color":"","background-image":"","background-repeat":"repeat","background-position":"center center","background-size":"auto","background-attachment":"scroll","background-type":"","background-media":"","overlay-type":"","overlay-color":"","overlay-opacity":"","overlay-gradient":""},"mobile":{"background-color":"","background-image":"","background-repeat":"repeat","background-position":"center center","background-size":"auto","background-attachment":"scroll","background-type":"","background-media":"","overlay-type":"","overlay-color":"","overlay-opacity":"","overlay-gradient":""}},"ast-content-background-meta":{"desktop":{"background-color":"var(--ast-global-color-5)","background-image":"","background-repeat":"repeat","background-position":"center center","background-size":"auto","background-attachment":"scroll","background-type":"","background-media":"","overlay-type":"","overlay-color":"","overlay-opacity":"","overlay-gradient":""},"tablet":{"background-color":"var(--ast-global-color-5)","background-image":"","background-repeat":"repeat","background-position":"center center","background-size":"auto","background-attachment":"scroll","background-type":"","background-media":"","overlay-type":"","overlay-color":"","overlay-opacity":"","overlay-gradient":""},"mobile":{"background-color":"var(--ast-global-color-5)","background-image":"","background-repeat":"repeat","background-position":"center center","background-size":"auto","background-attachment":"scroll","background-type":"","background-media":"","overlay-type":"","overlay-color":"","overlay-opacity":"","overlay-gradient":""}},"_joinchat":[]},"product_brand":[],"product_cat":[15,27,51,25,123,30,26,28,31,137,136,135],"product_tag":[169,155,167,170,165,166,120],"class_list":{"0":"post-2472","1":"product","2":"type-product","3":"status-publish","4":"has-post-thumbnail","6":"product_cat-new-vape-this-week","7":"product_cat-fance-hot-sale-vape","8":"product_cat-fumot-vape","9":"product_cat-germany-best-selling-vape","10":"product_cat-italy-wholesale-vape","11":"product_cat-minimum-order-quantity-50pcs","12":"product_cat-netherlands-hot-sale-vape","13":"product_cat-poland-hot-sale-vape","14":"product_cat-randm-fumot-vape","15":"product_cat-rechargeable-vapes","16":"product_cat-smart-screen-vapes","17":"product_cat-spain-best-hot-sale-vape","18":"product_tag-best-disposable-vape-2024","19":"product_tag-digital-display-box","20":"product_tag-disposable-vape-with-screen","21":"product_tag-randm-12000-puff","22":"product_tag-rechargeable-vapes","23":"product_tag-tornado-vape","24":"product_tag-vape-wholesale","25":"desktop-align-left","26":"tablet-align-left","27":"mobile-align-left","29":"first","30":"instock","31":"sale","32":"shipping-taxable","33":"purchasable","34":"product-type-simple"},"uagb_featured_image_src":{"full":["https:\/\/rmvapesale.com\/wp-content\/uploads\/2024\/10\/RandM-Tornado-Digital-12000-Pink-Lemonade.jpg",606,606,false],"thumbnail":["https:\/\/rmvapesale.com\/wp-content\/uploads\/2024\/10\/RandM-Tornado-Digital-12000-Pink-Lemonade-150x150.jpg",150,150,true],"medium":["https:\/\/rmvapesale.com\/wp-content\/uploads\/2024\/10\/RandM-Tornado-Digital-12000-Pink-Lemonade-300x300.jpg",300,300,true],"medium_large":["https:\/\/rmvapesale.com\/wp-content\/uploads\/2024\/10\/RandM-Tornado-Digital-12000-Pink-Lemonade.jpg",606,606,false],"large":["https:\/\/rmvapesale.com\/wp-content\/uploads\/2024\/10\/RandM-Tornado-Digital-12000-Pink-Lemonade.jpg",606,606,false],"1536x1536":["https:\/\/rmvapesale.com\/wp-content\/uploads\/2024\/10\/RandM-Tornado-Digital-12000-Pink-Lemonade.jpg",606,606,false],"2048x2048":["https:\/\/rmvapesale.com\/wp-content\/uploads\/2024\/10\/RandM-Tornado-Digital-12000-Pink-Lemonade.jpg",606,606,false],"trp-custom-language-flag":["https:\/\/rmvapesale.com\/wp-content\/uploads\/2024\/10\/RandM-Tornado-Digital-12000-Pink-Lemonade.jpg",12,12,false],"woocommerce_thumbnail":["https:\/\/rmvapesale.com\/wp-content\/uploads\/2024\/10\/RandM-Tornado-Digital-12000-Pink-Lemonade-300x300.jpg",300,300,true],"woocommerce_single":["https:\/\/rmvapesale.com\/wp-content\/uploads\/2024\/10\/RandM-Tornado-Digital-12000-Pink-Lemonade-600x600.jpg",600,600,true],"woocommerce_gallery_thumbnail":["https:\/\/rmvapesale.com\/wp-content\/uploads\/2024\/10\/RandM-Tornado-Digital-12000-Pink-Lemonade-100x100.jpg",100,100,true],"wcpr-photo-reviews":["https:\/\/rmvapesale.com\/wp-content\/uploads\/2024\/10\/RandM-Tornado-Digital-12000-Pink-Lemonade.jpg",500,500,false]},"uagb_author_info":{"display_name":"AMY","author_link":"https:\/\/rmvapesale.com\/ro\/author\/"},"uagb_comment_info":0,"uagb_excerpt":"Fumot Vape RandM Digital Box 12000 Pink Lemonade Cheap Price RandM Digital Box 12000 Puffs rechargeable vapes Bulk Buy RandM Vape 12000 Puffs with Smart Screen Wholesale WhatsApp: +86 17776015835 &nbsp;","_links":{"self":[{"href":"https:\/\/rmvapesale.com\/ro\/wp-json\/wp\/v2\/product\/2472","targetHints":{"allow":["GET"]}}],"collection":[{"href":"https:\/\/rmvapesale.com\/ro\/wp-json\/wp\/v2\/product"}],"about":[{"href":"https:\/\/rmvapesale.com\/ro\/wp-json\/wp\/v2\/types\/product"}],"replies":[{"embeddable":true,"href":"https:\/\/rmvapesale.com\/ro\/wp-json\/wp\/v2\/comments?post=2472"}],"wp:featuredmedia":[{"embeddable":true,"href":"https:\/\/rmvapesale.com\/ro\/wp-json\/wp\/v2\/media\/2486"}],"wp:attachment":[{"href":"https:\/\/rmvapesale.com\/ro\/wp-json\/wp\/v2\/media?parent=2472"}],"wp:term":[{"taxonomy":"product_brand","embeddable":true,"href":"https:\/\/rmvapesale.com\/ro\/wp-json\/wp\/v2\/product_brand?post=2472"},{"taxonomy":"product_cat","embeddable":true,"href":"https:\/\/rmvapesale.com\/ro\/wp-json\/wp\/v2\/product_cat?post=2472"},{"taxonomy":"product_tag","embeddable":true,"href":"https:\/\/rmvapesale.com\/ro\/wp-json\/wp\/v2\/product_tag?post=2472"}],"curies":[{"name":"wp","href":"https:\/\/api.w.org\/{rel}","templated":true}]}}