{"id":2499,"date":"2024-10-22T03:06:41","date_gmt":"2024-10-22T03:06:41","guid":{"rendered":"https:\/\/rmvapesale.com\/?post_type=product&#038;p=2499"},"modified":"2024-10-22T07:03:42","modified_gmt":"2024-10-22T07:03:42","slug":"vapme-shisha-hookah-pro-max-20000-puffs-disposable-vape-bar","status":"publish","type":"product","link":"https:\/\/rmvapesale.com\/ro\/product\/vapme-shisha-hookah-pro-max-20000-puffs-disposable-vape-bar\/","title":{"rendered":"Vapme Narghilea Shisha Pro Max 20000 Pufuri Bar Vape de Unic\u0103 Folosin\u021b\u0103"},"content":{"rendered":"<div class=\"B2VR9 CJHX3e\">\n<div class=\"wyccme\">\n<div class=\"flex-shrink-0 flex flex-col relative items-end\">\n<div>\n<div class=\"pt-0\">\n<div class=\"gizmo-bot-avatar flex h-8 w-8 items-center justify-center overflow-hidden rounded-full\"><\/div>\n<\/div>\n<\/div>\n<\/div>\n<div class=\"group\/conversation-turn relative flex w-full min-w-0 flex-col agent-turn\">\n<div class=\"flex-col gap-1 md:gap-3\">\n<div class=\"flex max-w-full flex-col flex-grow\">\n<div class=\"min-h-8 text-message flex w-full flex-col items-end gap-2 whitespace-normal break-words [.text-message+&amp;]:mt-5\" dir=\"auto\" data-message-author-role=\"assistant\" data-message-id=\"601ef074-f473-428a-ad27-1d4d88bbe859\" data-message-model-slug=\"gpt-4o\">\n<div class=\"flex w-full flex-col gap-1 empty:hidden first:pt-[3px]\">\n<div class=\"markdown prose w-full break-words dark:prose-invert light\">\n<p><span style=\"font-size: 2em;font-weight: bold\">Vapme Narghilea Shisha Pro Max 20000 Pufuri Bar Vape de Unic\u0103 Folosin\u021b\u0103<\/span><\/p>\n<\/div>\n<\/div>\n<\/div>\n<\/div>\n<\/div>\n<\/div>\n<div class=\"flex-shrink-0 flex flex-col relative items-end\">\n<div class=\"pt-0\">\n<div class=\"gizmo-bot-avatar flex h-8 w-8 items-center justify-center overflow-hidden rounded-full\">\n<div class=\"relative p-1 rounded-sm flex items-center justify-center bg-token-main-surface-primary text-token-text-primary h-8 w-8\">\n<p><strong>Vapme Shisha Hookah Pro Max 20000 Pufuri <\/strong>este un <strong>Bar de Shisha<\/strong> proiectat pentru a oferi o experien\u021b\u0103 de vaping excep\u021bional\u0103 \u0219i de durat\u0103. Oferind un num\u0103r impresionant de 20.000 de pufuri, acest dispozitiv este perfect pentru cei care doresc utilizare extins\u0103 f\u0103r\u0103 reumpleri sau \u00eenc\u0103rc\u0103ri constante. Capacitatea sa de 28ml de lichid e reduce necesitatea \u00eenlocuirilor frecvente, satisf\u0103c\u00e2nd at\u00e2t vaperii ocazionali, c\u00e2t \u0219i pasiona\u021bii dedica\u021bi. Echipat cu o baterie re\u00eenc\u0103rcabil\u0103 puternic\u0103 de 650mAh, <strong>Vapme Shisha Hookah 20000<\/strong> asigur\u0103 performan\u021b\u0103 constant\u0103, oferind utilizatorilor fiabilitatea de care au nevoie pe durata vie\u021bii dispozitivului.<\/p>\n<p>Pentru cei care caut\u0103 o solu\u021bie economic\u0103, <strong>Vapme Shisha Hookah<\/strong>\u00a0este disponibil pentru achizi\u021bii en-gros, fiind o alegere ideal\u0103 pentru comercian\u021bi \u0219i magazine de vaping. Indiferent dac\u0103 vrei cel mai bun <strong>vape de unic\u0103 folosin\u021b\u0103<\/strong> sau dore\u0219ti s\u0103 faci stocuri de <strong>vape-uri \u00een vrac<\/strong>, acest produs ofer\u0103 o valoare excelent\u0103. Op\u021biunea <strong>vape de unic\u0103 folosin\u021b\u0103 cu nicotin\u0103 redus\u0103<\/strong> o face potrivit pentru o gam\u0103 mai larg\u0103 de preferin\u021be, \u00een timp ce caracteristica <strong>vape re\u00eenc\u0103rcabile<\/strong> adaug\u0103 confort pentru utilizarea pe termen lung.<\/p>\n<p>Odat\u0103 cu popularitatea \u00een cre\u0219tere a <strong>shisha f\u0103r\u0103 nicotin\u0103<\/strong>, Vapme Shisha 20000 ofer\u0103 op\u021biuni pentru cei care apreciaz\u0103 experien\u021ba de vaping f\u0103r\u0103 nicotin\u0103. Gama variat\u0103 de <strong>arome de Shisha Hookah<\/strong> asigur\u0103 c\u0103 fiecare puf ofer\u0103 o experien\u021b\u0103 delicioas\u0103 \u0219i plin\u0103 de savoare, reminiscent\u0103 sesiunilor tradi\u021bionale de shisha.<\/p>\n<p>Cu combina\u021bia sa de durabilitate, varietate de arome \u0219i caracteristici prietenoase pentru utilizator, <strong>Vapme Shisha Hookah 20000 <\/strong>se eviden\u021biaz\u0103 cu adev\u0103rat \u00een <strong>vape-urilor de unic\u0103 folosin\u021b\u0103 online<\/strong> pia\u021b\u0103.<\/p>\n<p>&nbsp;<\/p>\n<\/div>\n<\/div>\n<\/div>\n<\/div>\n<\/div>\n<\/div>\n<p><strong>Contacta\u021bi-o pe Amy pentru a ob\u021bine un r\u0103spuns prompt \u0219i un cupon pentru vape!<\/strong><\/p>\n<p><img loading=\"lazy\" decoding=\"async\" class=\"size-full wp-image-1978\" src=\"https:\/\/rmvapesale.com\/wp-content\/uploads\/2024\/09\/Disposable-Vape-Wholesale.jpg\" alt=\"\u021aig\u0103ri electronice de unic\u0103 folosin\u021b\u0103 en-gros\" width=\"229\" height=\"300\" \/><\/p>\n<h3><a href=\"https:\/\/wa.me\/8617776015835\" target=\"_blank\" rel=\"noopener\"><span style=\"color: #ff0000\"><strong>WhatsApp: +86 17776015835<\/strong><\/span><\/a><\/h3>\n<p>&nbsp;<\/p>\n<h2><\/h2>\n<h2><strong>Vapme Shisha Pro Max 20000 Dispozitiv de unic\u0103 folosin\u021b\u0103<\/strong><strong>\u00a0<\/strong><strong>Caracteristici principale<\/strong><\/h2>\n<p><strong>20.000 Pufuri:<\/strong> Proiectat pentru utilizare extins\u0103, oferind p\u00e2n\u0103 la 20.000 de pufuri pe dispozitiv.<\/p>\n<p><strong>Capacitate de 28ml E-Lichid:<\/strong> Echipat cu un rezervor mare de 28ml pentru e-lichid, pentru vaping prelungit f\u0103r\u0103 reumpleri frecvente.<\/p>\n<p><strong>Baterie re\u00eenc\u0103rcabil\u0103 de 650mAh:<\/strong> Dispune de o baterie re\u00eenc\u0103rcabil\u0103 robust\u0103 care asigur\u0103 putere \u0219i performan\u021b\u0103 constante.<\/p>\n<p><strong>Varietate de Arome:<\/strong> Disponibil \u00een 24 de arome diferite, satisf\u0103c\u00e2nd gusturi diverse, de la fructe la mentol.<\/p>\n<p><strong>Design Elegant:<\/strong> Design modern \u0219i stilat, u\u0219or de \u021binut \u0219i de transportat, fiind prietenos cu utilizatorul.<\/p>\n<p><strong>Ecran de afi\u0219are pentru E-lichid \u0219i baterie<\/strong><\/p>\n<figure id=\"attachment_2492\" aria-describedby=\"caption-attachment-2492\" style=\"width: 800px\" class=\"wp-caption alignnone\"><img loading=\"lazy\" decoding=\"async\" class=\"wp-image-2492 size-full\" src=\"https:\/\/rmvapesale.com\/wp-content\/uploads\/2024\/10\/Shisha-Bar-Vapme-Shisha-Pro-Max-20000.jpg\" alt=\"Bar Shisha Vapme Shisha Pro Max 20000\" width=\"800\" height=\"800\" srcset=\"https:\/\/rmvapesale.com\/wp-content\/uploads\/2024\/10\/Shisha-Bar-Vapme-Shisha-Pro-Max-20000.jpg 800w, https:\/\/rmvapesale.com\/wp-content\/uploads\/2024\/10\/Shisha-Bar-Vapme-Shisha-Pro-Max-20000-300x300.jpg 300w, https:\/\/rmvapesale.com\/wp-content\/uploads\/2024\/10\/Shisha-Bar-Vapme-Shisha-Pro-Max-20000-150x150.jpg 150w, https:\/\/rmvapesale.com\/wp-content\/uploads\/2024\/10\/Shisha-Bar-Vapme-Shisha-Pro-Max-20000-768x768.jpg 768w, https:\/\/rmvapesale.com\/wp-content\/uploads\/2024\/10\/Shisha-Bar-Vapme-Shisha-Pro-Max-20000-600x600.jpg 600w, https:\/\/rmvapesale.com\/wp-content\/uploads\/2024\/10\/Shisha-Bar-Vapme-Shisha-Pro-Max-20000-100x100.jpg 100w\" sizes=\"auto, (max-width: 800px) 100vw, 800px\" \/><figcaption id=\"caption-attachment-2492\" class=\"wp-caption-text\">Bar Shisha Vapme Shisha Pro Max 20000<\/figcaption><\/figure>\n<h2><strong>Arome de top pentru Vapme Shisha <\/strong><strong>Bar<\/strong><strong>\u00a020000 Pufuri\u00a0<\/strong><\/h2>\n<p>Designul elegant \u0219i modern al dispozitivului este combinat cu o selec\u021bie de 24 de arome unice <strong>arome de Shisha Hookah<\/strong>, variind de la favorite fructate precum C\u0103p\u0219uni cu Pepene Verde p\u00e2n\u0103 la op\u021biuni r\u0103coritoare precum Afine pe Ghea\u021b\u0103, oferind ceva pentru fiecare.<\/p>\n<p>1. Guma de mestecat cu afine <span style=\"color: #ff0000\"><strong>&gt;&gt;&gt;&gt; Fierbinte!<\/strong><\/span><br \/>\n2. Kiwi, fruct de pasiune, guava<br \/>\n3.Limonad\u0103 Blue Razz<br \/>\n4.C\u0103p\u0219uni kiwi<br \/>\n5.Fructe de p\u0103dure mixte <span style=\"color: #ff0000\"><strong>&gt;&gt;&gt;&gt; Cel mai bun!<\/strong><\/span><br \/>\n6.C\u0103p\u0219uni pepene verde<br \/>\n7. Grape Punch<br \/>\n8.Pepene verde cu ghea\u021b\u0103<br \/>\n9.Piersic\u0103 mango ananas<br \/>\n10.C\u0103p\u0219uni cu ghea\u021b\u0103<br \/>\n11. Piersic\u0103 suculent\u0103<br \/>\n12. Lady Killa<br \/>\n13.Cire\u0219e Berries<br \/>\n14.Blueberry zmeur\u0103 <span style=\"color: #ff0000\"><strong>&gt;&gt;&gt;&gt; Fierbinte!<\/strong><\/span><br \/>\n15.Iubire 66 <span style=\"color: #ff0000\"><strong>&gt;&gt;&gt;&gt; Fierbinte!<\/strong><\/span><br \/>\n16.Bul de pepene verde<br \/>\n17.C\u0103p\u0219uni strugure<br \/>\n18.Candy cu c\u0103p\u0219uni \u0219i zmeur\u0103<br \/>\n19. Mamba Alb\u0103<br \/>\n20.Pepene verde cire\u0219e<br \/>\n21.M\u0103r congelat<br \/>\n22.L\u0103m\u00e2ie Ment\u0103<br \/>\n23. \u00cenghe\u021bat\u0103 de coac\u0103ze negre<br \/>\n24. Milkshake de ananas<\/p>\n<p>&nbsp;<\/p>\n<h3><strong>De ce s\u0103 alegi Rmvapesale pentru Hookah Shisha Vapme 20000 Pufuri<\/strong><strong>?<\/strong><\/h3>\n<div class=\"flex-shrink-0 flex flex-col relative items-end\">\n<div class=\"pt-0\">\n<div class=\"gizmo-bot-avatar flex h-8 w-8 items-center justify-center overflow-hidden rounded-full\">\n<div class=\"relative p-1 rounded-sm flex items-center justify-center bg-token-main-surface-primary text-token-text-primary h-8 w-8\">\n<p>&nbsp;<\/p>\n<p>C\u00e2nd alege\u021bi Rmvapesale pentru nevoile dvs. de vape-uri de unic\u0103 folosin\u021b\u0103 en-gros, ve\u021bi beneficia de:<\/p>\n<ul>\n<li><strong>Pre\u021b competitiv<\/strong>: Beneficia\u021bi de pre\u021buri atractive pentru a v\u0103 m\u0103ri marja de profit.<\/li>\n<li><strong>Calitate superioar\u0103<\/strong>: Vape-urile noastre sunt fabricate la cele mai \u00eenalte standarde, \u0219i <span style=\"color: #ff0000\"><strong>garantat 100% originale \u0219i autentice, sau primi\u021bi de 10 ori compensa\u021bia \u00een caz de produse contraf\u0103cute!<\/strong><\/span><\/li>\n<li><strong>Serviciu clien\u021bi excelent<\/strong>: Echipa noastr\u0103 dedicat\u0103 este mereu gata s\u0103 v\u0103 asiste, f\u0103c\u00e2nd procesul de cump\u0103rare u\u0219or \u0219i lipsit de griji.<\/li>\n<li><strong>Livrare rapid\u0103<\/strong>: A\u0219tepta\u021bi-v\u0103 la transport prompt \u0219i de \u00eencredere, care v\u0103 asigur\u0103 c\u0103 comenzile dumneavoastr\u0103 ajung la timp, de fiecare dat\u0103.<\/li>\n<\/ul>\n<\/div>\n<h3><\/h3>\n<div class=\"relative p-1 rounded-sm flex items-center justify-center bg-token-main-surface-primary text-token-text-primary h-8 w-8\">\n<h3><b>\u00centreb\u0103ri frecvente<\/b><\/h3>\n<div class=\"flex-shrink-0 flex flex-col relative items-end\">\n<div>\n<div class=\"pt-0\">\n<div class=\"gizmo-bot-avatar flex h-8 w-8 items-center justify-center overflow-hidden rounded-full\">\n<div class=\"relative p-1 rounded-sm flex items-center justify-center bg-token-main-surface-primary text-token-text-primary h-8 w-8\"><\/div>\n<\/div>\n<\/div>\n<\/div>\n<\/div>\n<div class=\"group\/conversation-turn relative flex w-full min-w-0 flex-col agent-turn\">\n<div class=\"flex-col gap-1 md:gap-3\">\n<div class=\"flex max-w-full flex-col flex-grow\">\n<div class=\"min-h-8 text-message flex w-full flex-col items-end gap-2 whitespace-normal break-words [.text-message+&amp;]:mt-5\" dir=\"auto\" data-message-author-role=\"assistant\" data-message-id=\"3a019841-c00e-477f-baad-0bb23e48af2d\" data-message-model-slug=\"gpt-4o\">\n<div class=\"flex w-full flex-col gap-1 empty:hidden first:pt-[3px]\">\n<div class=\"markdown prose w-full break-words dark:prose-invert light\">\n<p><strong>1. Ce este un bar de unic\u0103 folosin\u021b\u0103 pentru Shisha Hookah?<\/strong><br \/>\nA <strong>bar de unic\u0103 folosin\u021b\u0103 pentru shisha hookah<\/strong> este un tip de <strong>vape de unic\u0103 folosin\u021b\u0103<\/strong> conceput pentru a imita experien\u021ba de fumat a unei hookah tradi\u021bionale. Con\u021bine o baterie, o camer\u0103 umplut\u0103 cu lichid aromat de vape (adesea numit <strong>arome de shisha hookah<\/strong>), \u0219i un element de \u00eenc\u0103lzire. Bateria alimenteaz\u0103 bobina de \u00eenc\u0103lzire, care \u00eenc\u0103lze\u0219te lichidul pentru a crea vapori pentru inhalare.<\/p>\n<p><strong>2. Care este diferen\u021ba dintre vape-ul de unic\u0103 folosin\u021b\u0103 pentru shisha hookah \u0219i hookah-ul tradi\u021bional?<\/strong><br \/>\nUn hookah tradi\u021bional folose\u0219te c\u0103rbune pentru a arde tutunul de shisha, iar fumul este filtrat prin ap\u0103 \u00eenainte de a fi inhalat. \u00cen contrast, un <strong>vaporizator de unic\u0103 folosin\u021b\u0103 pentru shisha hookah<\/strong> folose\u0219te o bobin\u0103 electric\u0103 de \u00eenc\u0103lzire pentru a vaporiza un lichid, cre\u00e2nd un vapori inhalat direct f\u0103r\u0103 a fi nevoie de c\u0103rbune sau ap\u0103.<\/p>\n<p><strong>3. Care sunt cele mai bune m\u0103rci de vaporizatoare de unic\u0103 folosin\u021b\u0103 pentru shisha hookah?<\/strong><br \/>\nM\u0103rci populare pentru <strong>vaporizatoare de unic\u0103 folosin\u021b\u0103 pentru shisha hookah<\/strong> includ <strong>Vapme Shisha Hookah<\/strong>, FIHP Shisha Hookah 15000 pro \u0219i AIVONO Shisha FATMAN 15000.<\/p>\n<\/div>\n<\/div>\n<\/div>\n<\/div>\n<\/div>\n<\/div>\n<p><strong>4. Cum \u0219tii c\u00e2nd vaporizatorul Vapme Shisha Hookah este gol?\u00a0<\/strong><br \/>\nVe\u021bi observa c\u0103 \u021bigara electronic\u0103 de unic\u0103 folosin\u021b\u0103 se epuizeaz\u0103 atunci c\u00e2nd aroma sl\u0103be\u0219te sau produc\u021bia de vapori scade. Unele \u021big\u0103ri electronice noi de unic\u0103 folosin\u021b\u0103 cu ecran, cum ar fi RandM Tornado 12000, RandM Tornado 25000, Waspe 30000 puff-uri, vor avea indica\u021bii pe ecran.<\/p>\n<p><strong>5. C\u00e2t timp dureaz\u0103 p\u00e2n\u0103 se \u00eencarc\u0103 un Vapme Shisha Disposable Vape?<\/strong><br \/>\n\u00cenc\u0103rcarea majorit\u0103\u021bii bateriilor de \u021big\u0103ri electronice dureaz\u0103 de obicei aproximativ 3 p\u00e2n\u0103 la 4 ore pentru o \u00eenc\u0103rcare complet\u0103, \u00een func\u021bie de dimensiunea bateriei. Cel mai bine este s\u0103 a\u0219tepta\u021bi p\u00e2n\u0103 c\u00e2nd bateria este complet desc\u0103rcat\u0103 \u00eenainte de a o re\u00eenc\u0103rca. Cu toate acestea, deoarece fiecare dispozitiv este unic, consulta\u021bi \u00eentotdeauna manualul produsului dumneavoastr\u0103 pentru instruc\u021biuni \u0219i indicatori specifici de \u00eenc\u0103rcare pentru a asigura o performan\u021b\u0103 optim\u0103.<\/p>\n<\/div>\n<\/div>\n<\/div>\n<\/div>\n<div class=\"group\/conversation-turn relative flex w-full min-w-0 flex-col agent-turn\">\n<div class=\"flex-col gap-1 md:gap-3\">\n<div class=\"flex max-w-full flex-col flex-grow\">\n<div class=\"min-h-8 text-message flex w-full flex-col items-end gap-2 whitespace-normal break-words [.text-message+&amp;]:mt-5\" dir=\"auto\" data-message-author-role=\"assistant\" data-message-id=\"f226d3fc-81f3-46d5-8c46-31787fff0357\">\n<div class=\"flex w-full flex-col gap-1 empty:hidden first:pt-[3px]\">\n<div class=\"markdown prose w-full break-words dark:prose-invert light\">\n<div class=\"group\/conversation-turn relative flex w-full min-w-0 flex-col agent-turn\">\n<div class=\"flex-col gap-1 md:gap-3\">\n<div class=\"flex max-w-full flex-col flex-grow\">\n<div class=\"min-h-8 text-message flex w-full flex-col items-end gap-2 whitespace-normal break-words [.text-message+&amp;]:mt-5\" dir=\"auto\" data-message-author-role=\"assistant\" data-message-id=\"91d2b73b-9149-4888-a964-4b8464e0e6e3\" data-message-model-slug=\"gpt-4o\">\n<div class=\"flex w-full flex-col gap-1 empty:hidden first:pt-[3px]\">\n<div class=\"markdown prose w-full break-words dark:prose-invert light\">\n<p>&nbsp;<\/p>\n<\/div>\n<\/div>\n<\/div>\n<\/div>\n<\/div>\n<\/div>\n<\/div>\n<\/div>\n<\/div>\n<\/div>\n<\/div>\n<\/div>\n<h3>Despre livrare<\/h3>\n<div class=\"flex-shrink-0 flex flex-col relative items-end\">\n<div>\n<div class=\"pt-0\">\n<div class=\"gizmo-bot-avatar flex h-8 w-8 items-center justify-center overflow-hidden rounded-full\">\n<div><\/div>\n<div class=\"relative p-1 rounded-sm flex items-center justify-center bg-token-main-surface-primary text-token-text-primary h-8 w-8\"><strong>1. Ce metode de expediere sunt folosite?<\/strong><\/div>\n<\/div>\n<\/div>\n<\/div>\n<\/div>\n<div class=\"group\/conversation-turn relative flex w-full min-w-0 flex-col agent-turn\">\n<div class=\"flex-col gap-1 md:gap-3\">\n<div class=\"flex max-w-full flex-col flex-grow\">\n<div class=\"min-h-[20px] text-message flex w-full flex-col items-end gap-2 whitespace-normal break-words [.text-message+&amp;]:mt-5 overflow-x-auto\" dir=\"auto\" data-message-author-role=\"assistant\" data-message-id=\"22f8283b-3233-46ff-89a5-c7a41b33abda\">\n<div class=\"flex w-full flex-col gap-1 empty:hidden first:pt-[3px]\">\n<div class=\"markdown prose w-full break-words dark:prose-invert light\">\n<p>Colabor\u0103m cu UPS, DHL, FedEx, DPD \u0219i al\u021bi transportatori de top. Vom selecta cea mai bun\u0103 metod\u0103 de expediere \u00een func\u021bie de loca\u021bia dvs. de livrare pentru a ne asigura c\u0103 ve\u021bi primi produsele c\u00e2t mai repede posibil.<\/p>\n<\/div>\n<p><strong>2. C\u00e2t dureaz\u0103 livrarea?<\/strong><\/p>\n<p>Pachetele expediate \u00een Rom\u00e2nia ajung de obicei \u00een 10 zile lucr\u0103toare. Livrarea \u00een \u021b\u0103rile europene dureaz\u0103, \u00een general, aproximativ 12-15 zile lucr\u0103toare. V\u0103 vom oferi actualiz\u0103ri \u00een timp real cu privire la starea expedierii dumneavoastr\u0103.<\/p>\n<\/div>\n<\/div>\n<\/div>\n<\/div>\n<\/div>\n<p>&nbsp;<\/p>\n<p>Alte produse vape populare care v-ar putea pl\u0103cea:<\/p>\n<p><a href=\"https:\/\/rmvapesale.com\/ro\/product\/randm-tornado-15000-puffs-15k-vape-recharge-fumot-original-vape-factory-price\/\"><strong>Vape Randm 15000 Puffs\u00a0 \u00a0<span style=\"color: #ff0000\">&gt;&gt;&gt;&gt; merge\u021bi!<\/span><\/strong><\/a><\/p>\n<p><strong><a href=\"https:\/\/rmvapesale.com\/ro\/product\/fumot-digital-box-12000-disposable-vape-pink-lemonade-flavor\/\">Fumot Digital Box 12000 de unic\u0103 folosin\u021b\u0103 pentru vapat<\/a><\/strong><strong><a href=\"https:\/\/rmvapesale.com\/ro\/product\/faivono-bang-maxi-15000-puffs-disposable-vape-bulk-wholesale\/\">\u00a0<span style=\"color: #ff0000\">&gt;&gt;&gt;&gt; merge\u021bi!<\/span><\/a>\u00a0<\/strong><\/p>\n<p><a href=\"https:\/\/rmvapesale.com\/ro\/product\/randm-tornado-25000-puffs-disposable-vape-wholesale\/\"><strong>Fumot Vape RandM Tornado 25000 Pufuri <span style=\"color: #ff0000\">&gt;&gt;&gt;&gt; merge\u021bi!<\/span><\/strong><\/a><\/p>\n<p>&nbsp;<\/p>\n<p>&nbsp;<\/p>\n<p>G\u0103si\u021bi mai multe produse de vapat care v-ar putea pl\u0103cea:<strong><em><a href=\"https:\/\/rmvapesale.com\/ro\/shop-2\/\">cump\u0103r\u0103 acum &gt;&gt;&gt;<\/a><\/em><\/strong><\/p>","protected":false},"excerpt":{"rendered":"<p>Vapme Shisha Hookah 20000 Pufuri Bar en gros<br \/>\nVapme Shisha Hookah 20000 Pufuri 24 Arome \u00een Stoc<br \/>\nVapme Shisha Pro Max 20000 Pufuri Afi\u0219aj LED 2% Vape de Unic\u0103 Folosin\u021b\u0103 cu Nicotin\u0103 Redus\u0103<\/p>\n<p><img loading=\"lazy\" decoding=\"async\" class=\"size-full wp-image-2375\" src=\"https:\/\/rmvapesale.com\/wp-content\/uploads\/2024\/10\/image.png\" alt=\"Cea mai bun\u0103 \u021bigar\u0103 electronic\u0103 de unic\u0103 folosin\u021b\u0103\" width=\"229\" height=\"300\" \/><\/p>\n<h3><a href=\"https:\/\/wa.me\/8617776015835\"><span style=\"color: #ff0000\"><strong>WhatsApp: +86 17776015835<\/strong><\/span><\/a><\/h3>\n<p>&nbsp;<\/p>","protected":false},"featured_media":2496,"comment_status":"open","ping_status":"closed","template":"","meta":{"_uag_custom_page_level_css":"","_lmt_disableupdate":"no","_lmt_disable":"","site-sidebar-layout":"default","site-content-layout":"content-boxed-container","ast-site-content-layout":"normal-width-container","site-content-style":"boxed","site-sidebar-style":"unboxed","ast-global-header-display":"","ast-banner-title-visibility":"","ast-main-header-display":"","ast-hfb-above-header-display":"","ast-hfb-below-header-display":"","ast-hfb-mobile-header-display":"","site-post-title":"","ast-breadcrumbs-content":"","ast-featured-img":"","footer-sml-layout":"","ast-disable-related-posts":"","theme-transparent-header-meta":"default","adv-header-id-meta":"","stick-header-meta":"","header-above-stick-meta":"","header-main-stick-meta":"","header-below-stick-meta":"","astra-migrate-meta-layouts":"set","ast-page-background-enabled":"default","ast-page-background-meta":{"desktop":{"background-color":"var(--ast-global-color-4)","background-image":"","background-repeat":"repeat","background-position":"center center","background-size":"auto","background-attachment":"scroll","background-type":"","background-media":"","overlay-type":"","overlay-color":"","overlay-opacity":"","overlay-gradient":""},"tablet":{"background-color":"","background-image":"","background-repeat":"repeat","background-position":"center center","background-size":"auto","background-attachment":"scroll","background-type":"","background-media":"","overlay-type":"","overlay-color":"","overlay-opacity":"","overlay-gradient":""},"mobile":{"background-color":"","background-image":"","background-repeat":"repeat","background-position":"center center","background-size":"auto","background-attachment":"scroll","background-type":"","background-media":"","overlay-type":"","overlay-color":"","overlay-opacity":"","overlay-gradient":""}},"ast-content-background-meta":{"desktop":{"background-color":"var(--ast-global-color-5)","background-image":"","background-repeat":"repeat","background-position":"center center","background-size":"auto","background-attachment":"scroll","background-type":"","background-media":"","overlay-type":"","overlay-color":"","overlay-opacity":"","overlay-gradient":""},"tablet":{"background-color":"var(--ast-global-color-5)","background-image":"","background-repeat":"repeat","background-position":"center center","background-size":"auto","background-attachment":"scroll","background-type":"","background-media":"","overlay-type":"","overlay-color":"","overlay-opacity":"","overlay-gradient":""},"mobile":{"background-color":"var(--ast-global-color-5)","background-image":"","background-repeat":"repeat","background-position":"center center","background-size":"auto","background-attachment":"scroll","background-type":"","background-media":"","overlay-type":"","overlay-color":"","overlay-opacity":"","overlay-gradient":""}},"_joinchat":[]},"product_brand":[],"product_cat":[15,27,25,123,30,26,28,137,136,135],"product_tag":[169,167,165,180,103,120,179],"class_list":{"0":"post-2499","1":"product","2":"type-product","3":"status-publish","4":"has-post-thumbnail","6":"product_cat-new-vape-this-week","7":"product_cat-fance-hot-sale-vape","8":"product_cat-germany-best-selling-vape","9":"product_cat-italy-wholesale-vape","10":"product_cat-minimum-order-quantity-50pcs","11":"product_cat-netherlands-hot-sale-vape","12":"product_cat-poland-hot-sale-vape","13":"product_cat-rechargeable-vapes","14":"product_cat-smart-screen-vapes","15":"product_cat-spain-best-hot-sale-vape","16":"product_tag-best-disposable-vape-2024","17":"product_tag-disposable-vape-with-screen","18":"product_tag-rechargeable-vapes","19":"product_tag-shisha-bar","20":"product_tag-shisha-hookah","21":"product_tag-vape-wholesale","22":"product_tag-vapme-shisha-hookah","23":"desktop-align-left","24":"tablet-align-left","25":"mobile-align-left","27":"first","28":"instock","29":"sale","30":"shipping-taxable","31":"purchasable","32":"product-type-simple"},"uagb_featured_image_src":{"full":["https:\/\/rmvapesale.com\/wp-content\/uploads\/2024\/10\/Vapme-Shisha-Hookah-Vape-20000.jpg",800,800,false],"thumbnail":["https:\/\/rmvapesale.com\/wp-content\/uploads\/2024\/10\/Vapme-Shisha-Hookah-Vape-20000-150x150.jpg",150,150,true],"medium":["https:\/\/rmvapesale.com\/wp-content\/uploads\/2024\/10\/Vapme-Shisha-Hookah-Vape-20000-300x300.jpg",300,300,true],"medium_large":["https:\/\/rmvapesale.com\/wp-content\/uploads\/2024\/10\/Vapme-Shisha-Hookah-Vape-20000-768x768.jpg",768,768,true],"large":["https:\/\/rmvapesale.com\/wp-content\/uploads\/2024\/10\/Vapme-Shisha-Hookah-Vape-20000.jpg",800,800,false],"1536x1536":["https:\/\/rmvapesale.com\/wp-content\/uploads\/2024\/10\/Vapme-Shisha-Hookah-Vape-20000.jpg",800,800,false],"2048x2048":["https:\/\/rmvapesale.com\/wp-content\/uploads\/2024\/10\/Vapme-Shisha-Hookah-Vape-20000.jpg",800,800,false],"trp-custom-language-flag":["https:\/\/rmvapesale.com\/wp-content\/uploads\/2024\/10\/Vapme-Shisha-Hookah-Vape-20000.jpg",12,12,false],"woocommerce_thumbnail":["https:\/\/rmvapesale.com\/wp-content\/uploads\/2024\/10\/Vapme-Shisha-Hookah-Vape-20000-300x300.jpg",300,300,true],"woocommerce_single":["https:\/\/rmvapesale.com\/wp-content\/uploads\/2024\/10\/Vapme-Shisha-Hookah-Vape-20000-600x600.jpg",600,600,true],"woocommerce_gallery_thumbnail":["https:\/\/rmvapesale.com\/wp-content\/uploads\/2024\/10\/Vapme-Shisha-Hookah-Vape-20000-100x100.jpg",100,100,true],"wcpr-photo-reviews":["https:\/\/rmvapesale.com\/wp-content\/uploads\/2024\/10\/Vapme-Shisha-Hookah-Vape-20000.jpg",500,500,false]},"uagb_author_info":{"display_name":"AMY","author_link":"https:\/\/rmvapesale.com\/ro\/author\/"},"uagb_comment_info":0,"uagb_excerpt":"Vapme Shisha Hookah 20000 Puffs Disposable Bar Wholesale Vapme Shisha Hookah 20000 Puffs 24 Flavor in Stock Vapme Shisha Pro Max 20000 Puffs LED Display 2% Low Nicotine Disposable Vape WhatsApp: +86 17776015835 &nbsp;","_links":{"self":[{"href":"https:\/\/rmvapesale.com\/ro\/wp-json\/wp\/v2\/product\/2499","targetHints":{"allow":["GET"]}}],"collection":[{"href":"https:\/\/rmvapesale.com\/ro\/wp-json\/wp\/v2\/product"}],"about":[{"href":"https:\/\/rmvapesale.com\/ro\/wp-json\/wp\/v2\/types\/product"}],"replies":[{"embeddable":true,"href":"https:\/\/rmvapesale.com\/ro\/wp-json\/wp\/v2\/comments?post=2499"}],"wp:featuredmedia":[{"embeddable":true,"href":"https:\/\/rmvapesale.com\/ro\/wp-json\/wp\/v2\/media\/2496"}],"wp:attachment":[{"href":"https:\/\/rmvapesale.com\/ro\/wp-json\/wp\/v2\/media?parent=2499"}],"wp:term":[{"taxonomy":"product_brand","embeddable":true,"href":"https:\/\/rmvapesale.com\/ro\/wp-json\/wp\/v2\/product_brand?post=2499"},{"taxonomy":"product_cat","embeddable":true,"href":"https:\/\/rmvapesale.com\/ro\/wp-json\/wp\/v2\/product_cat?post=2499"},{"taxonomy":"product_tag","embeddable":true,"href":"https:\/\/rmvapesale.com\/ro\/wp-json\/wp\/v2\/product_tag?post=2499"}],"curies":[{"name":"wp","href":"https:\/\/api.w.org\/{rel}","templated":true}]}}