{"id":2540,"date":"2024-10-24T09:31:28","date_gmt":"2024-10-24T09:31:28","guid":{"rendered":"https:\/\/rmvapesale.com\/?post_type=product&#038;p=2540"},"modified":"2024-10-24T09:55:38","modified_gmt":"2024-10-24T09:55:38","slug":"vapme-crystal-20000-puffs-20k-double-flavor-rechargeable-vapes","status":"publish","type":"product","link":"https:\/\/rmvapesale.com\/ro\/product\/vapme-crystal-20000-puffs-20k-double-flavor-rechargeable-vapes\/","title":{"rendered":"Vapme Crystal 20000 Puffs 20K Dublu Arome Vapes Re\u00eenc\u0103rcabile"},"content":{"rendered":"<div class=\"B2VR9 CJHX3e\">\n<div class=\"wyccme\">\n<h1 class=\"LC20lb MBeuO DKV0Md\">Vapme Crystal 20000 Puffs 20K Vapes re\u00eenc\u0103rcabile cu arom\u0103 dubl\u0103 cu ridicata<\/h1>\n<div class=\"flex-shrink-0 flex flex-col relative items-end\">\n<div class=\"pt-0\">\n<div class=\"gizmo-bot-avatar flex h-8 w-8 items-center justify-center overflow-hidden rounded-full\">\n<div class=\"relative p-1 rounded-sm flex items-center justify-center bg-token-main-surface-primary text-token-text-primary h-8 w-8\">\n<p>The <strong>Vapme Crystal 20000 Puffs 20K Vape re\u00eenc\u0103rcabil de unic\u0103 folosin\u021b\u0103<\/strong> reprezint\u0103 o inova\u021bie major\u0103 \u00een industria vapingului, oferind un dispozitiv de mare capacitate conceput at\u00e2t pentru vaperii ocazionali, c\u00e2t \u0219i pentru cei frecven\u021bi. Cu un num\u0103r masiv de <strong>20.000 de pufuri<\/strong>, acest <strong>vape de unic\u0103 folosin\u021b\u0103<\/strong> asigur\u0103 o pl\u0103cere prelungit\u0103 f\u0103r\u0103 b\u0103taia de cap a reumplerilor constante, f\u0103c\u00e2ndu-l unul dintre cele <strong>mai bune vape-uri de unic\u0103 folosin\u021b\u0103 din 2024<\/strong>. Dispozitivul <strong>20ml<\/strong> permite utilizatorilor s\u0103 se bucure de aromele lor preferate pentru perioade mai lungi, alimentat de o <strong>baterie re\u00eenc\u0103rcabil\u0103 de 700mAh<\/strong> pentru sesiuni de vaping ne\u00eentrerupte.<\/p>\n<p>Una dintre caracteristicile remarcabile ale <strong>Vapme Crystal 20000<\/strong> este <strong>Aroma dubl\u0103<\/strong> func\u021bionalitate, permi\u021b\u00e2nd utilizatorilor s\u0103 comute \u00eentre dou\u0103 arome distincte, oferind versatilitate \u0219i o experien\u021b\u0103 de vapat unic\u0103. The <strong>rezisten\u021b\u0103 tip mesh, proiectat\u0103 cu precizie<\/strong> ofer\u0103 o produc\u021bie de vapori fin\u0103 \u0219i consistent\u0103, asigur\u00e2nd c\u0103 fiecare puf este bogat \u00een arom\u0103.<\/p>\n<p>Pentru un plus de confort, acest <strong>vape de 20000 de pufuri<\/strong> este echipat cu un <strong>portul de \u00eenc\u0103rcare Type-C<\/strong>, permi\u021b\u00e2nd o re\u00eenc\u0103rcare rapid\u0103 \u0219i u\u0219oar\u0103, ceea ce \u00eel face o alegere de top pentru vaperii \u00een mi\u0219care. Fie c\u0103 v\u0103 aproviziona\u021bi pentru <strong>magazinul dvs. de vape-uri<\/strong>, cump\u0103ra\u021bi pentru <strong>vape-uri en-gros<\/strong>sau dori\u021bi s\u0103 <strong>cump\u0103ra\u021bi \u021big\u0103ri electronice online<\/strong>, the <strong>Vapme Crystal 20K<\/strong> este o alegere premium at\u00e2t pentru comercian\u021bi, c\u00e2t \u0219i pentru consumatorii individuali.<\/p>\n<p>Perfect potrivit pentru cei care caut\u0103 <strong>vape re\u00eenc\u0103rcabile<\/strong> or <strong>vape-uri tip box<\/strong>de \u00eenalt\u0103 calitate, acest dispozitiv ofer\u0103 performan\u021b\u0103 \u0219i confort excep\u021bional, f\u0103c\u00e2ndu-l un element indispensabil \u00een orice <strong>vape bar<\/strong> sau colec\u021bie. Ob\u021bine\u021bi maximum din experien\u021ba dvs. de vapat cu <strong>Vapme Crystal 20000 Puffs<\/strong>\u2014o op\u021biune versatil\u0103 \u0219i de \u00eencredere pe <strong>vape de unic\u0103 folosin\u021b\u0103<\/strong> pia\u021b\u0103.<\/p>\n<\/div>\n<\/div>\n<\/div>\n<\/div>\n<\/div>\n<\/div>\n<p><strong>Contacta\u021bi-o pe Amy pentru a ob\u021bine un r\u0103spuns prompt \u0219i un cupon pentru vape!<\/strong><\/p>\n<p><img loading=\"lazy\" decoding=\"async\" class=\"size-full wp-image-1978\" src=\"https:\/\/rmvapesale.com\/wp-content\/uploads\/2024\/09\/Disposable-Vape-Wholesale.jpg\" alt=\"\u021aig\u0103ri electronice de unic\u0103 folosin\u021b\u0103 en-gros\" width=\"229\" height=\"300\" \/><\/p>\n<h3><a href=\"https:\/\/wa.me\/8617776015835\" target=\"_blank\" rel=\"noopener\"><span style=\"color: #ff0000\"><strong>WhatsApp: +86 17776015835<\/strong><\/span><\/a><\/h3>\n<p>&nbsp;<\/p>\n<h2><\/h2>\n<h2><strong>Vapme Crystal 20000 Puffs de unic\u0103 folosin\u021b\u0103<\/strong><strong>\u00a0<\/strong><strong>Caracteristici principale<\/strong><\/h2>\n<p>10+10 AROME<br \/>\nBaterie: 700mah port tip-c<br \/>\nCapacitate: 20ml e-lichid<br \/>\nBobin\u0103: 1.0 ohm mesh coil<br \/>\nPuff-uri: 20000+ puff-uri<br \/>\n160 buc\/cutie<br \/>\n20.8kg\/cutie<br \/>\nNicotin\u0103: 2% TP<br \/>\nDispozitiv 2 \u00een 1 cu arome<\/p>\n<h2><strong>Arom\u0103 de top pentru Vapme Crystal 20000 Puffs<\/strong><\/h2>\n<p>Disponibil \u00een diverse arome, inclusiv Zmeur\u0103 afine<\/p>\n<p>1 Zmeur\u0103 afine + Pepene verde cu ghea\u021b\u0103 <span style=\"color: #ff0000\"><strong>&gt;&gt;&gt;&gt; Fierbinte!<\/strong><\/span><br \/>\n2 C\u0103p\u0219uni pepene verde + Fructul pasiunii cu pepene galben \u0219i ghea\u021b\u0103<br \/>\n3 Cirea\u0219\u0103 cu ghea\u021b\u0103 + Limonad\u0103 cu zmeur\u0103 albastr\u0103<br \/>\n4 Struguri cu ghea\u021b\u0103 + C\u0103p\u0219uni kiwi<br \/>\n5 Banan\u0103 c\u0103p\u0219uni + M\u0103r dublu <span style=\"color: #ff0000\"><strong>&gt;&gt;&gt;&gt; Fierbinte!<\/strong><\/span><br \/>\n6 Fructe de p\u0103dure mixte cu ghea\u021b\u0103 + Piersic\u0103 mango ananas<br \/>\n7 C\u0103p\u0219uni cu ghea\u021b\u0103 + Pepene verde cu kiwi \u0219i ghea\u021b\u0103<br \/>\n8 B\u0103utur\u0103 energizant\u0103 + Cola de cire\u0219e<br \/>\n9 Bomboane cu c\u0103p\u0219uni \u0219i zmeur\u0103 + Piersic\u0103 cu ghea\u021b\u0103 <span style=\"color: #ff0000\"><strong>&gt;&gt;&gt;&gt; Cel mai bun!<\/strong><\/span><br \/>\n10 C\u0103p\u0219uni mango + Kiwi Fructul pasiunii guava<\/p>\n<figure id=\"attachment_2537\" aria-describedby=\"caption-attachment-2537\" style=\"width: 800px\" class=\"wp-caption alignnone\"><img loading=\"lazy\" decoding=\"async\" class=\"wp-image-2537 size-full\" src=\"https:\/\/rmvapesale.com\/wp-content\/uploads\/2024\/10\/Vape-Vapme-Crystal-20000-Disposable-Vape.jpg\" alt=\"Vape Vapme Crystal 20000 \u021aigar\u0103 electronic\u0103 de unic\u0103 folosin\u021b\u0103\" width=\"800\" height=\"800\" srcset=\"https:\/\/rmvapesale.com\/wp-content\/uploads\/2024\/10\/Vape-Vapme-Crystal-20000-Disposable-Vape.jpg 800w, https:\/\/rmvapesale.com\/wp-content\/uploads\/2024\/10\/Vape-Vapme-Crystal-20000-Disposable-Vape-300x300.jpg 300w, https:\/\/rmvapesale.com\/wp-content\/uploads\/2024\/10\/Vape-Vapme-Crystal-20000-Disposable-Vape-150x150.jpg 150w, https:\/\/rmvapesale.com\/wp-content\/uploads\/2024\/10\/Vape-Vapme-Crystal-20000-Disposable-Vape-768x768.jpg 768w, https:\/\/rmvapesale.com\/wp-content\/uploads\/2024\/10\/Vape-Vapme-Crystal-20000-Disposable-Vape-600x600.jpg 600w, https:\/\/rmvapesale.com\/wp-content\/uploads\/2024\/10\/Vape-Vapme-Crystal-20000-Disposable-Vape-100x100.jpg 100w\" sizes=\"auto, (max-width: 800px) 100vw, 800px\" \/><figcaption id=\"caption-attachment-2537\" class=\"wp-caption-text\">Vape Vapme Crystal 20000 \u021aigar\u0103 electronic\u0103 de unic\u0103 folosin\u021b\u0103<\/figcaption><\/figure>\n<h3><strong>De ce s\u0103 alege\u021bi Rmvapesale pentru Vapme Crystal 20000 Puffs<\/strong><strong>?<\/strong><\/h3>\n<div class=\"flex-shrink-0 flex flex-col relative items-end\">\n<div class=\"pt-0\">\n<div class=\"gizmo-bot-avatar flex h-8 w-8 items-center justify-center overflow-hidden rounded-full\">\n<div class=\"relative p-1 rounded-sm flex items-center justify-center bg-token-main-surface-primary text-token-text-primary h-8 w-8\">\n<p>&nbsp;<\/p>\n<p>C\u00e2nd alege\u021bi Rmvapesale pentru nevoile dvs. de vape-uri de unic\u0103 folosin\u021b\u0103 en-gros, ve\u021bi beneficia de:<\/p>\n<ul>\n<li><strong>Pre\u021b competitiv<\/strong>: Beneficia\u021bi de pre\u021buri atractive pentru a v\u0103 m\u0103ri marja de profit.<\/li>\n<li><strong>Calitate superioar\u0103<\/strong>: Vape-urile noastre sunt fabricate la cele mai \u00eenalte standarde, \u0219i <span style=\"color: #ff0000\"><strong>garantat 100% originale \u0219i autentice, sau primi\u021bi de 10 ori compensa\u021bia \u00een caz de produse contraf\u0103cute!<\/strong><\/span><\/li>\n<li><strong>Serviciu clien\u021bi excelent<\/strong>: Echipa noastr\u0103 dedicat\u0103 este mereu gata s\u0103 v\u0103 asiste, f\u0103c\u00e2nd procesul de cump\u0103rare u\u0219or \u0219i lipsit de griji.<\/li>\n<li><strong>Livrare rapid\u0103<\/strong>: A\u0219tepta\u021bi-v\u0103 la transport prompt \u0219i de \u00eencredere, care v\u0103 asigur\u0103 c\u0103 comenzile dumneavoastr\u0103 ajung la timp, de fiecare dat\u0103.<\/li>\n<\/ul>\n<\/div>\n<h3><\/h3>\n<div class=\"relative p-1 rounded-sm flex items-center justify-center bg-token-main-surface-primary text-token-text-primary h-8 w-8\">\n<h3><b>\u00centreb\u0103ri frecvente<\/b><\/h3>\n<ul>\n<li><strong>Cum se utilizeaz\u0103 \u021bigara electronic\u0103 de unic\u0103 folosin\u021b\u0103 Vapme Crystal 20000 Puffs<\/strong><br \/>\nPentru a utiliza Vapme Crystal 20000, pur \u0219i simplu scoate\u021bi-l din ambalaj, inhala\u021bi prin mu\u0219tiuc, iar dispozitivul se va activa automat. O caracteristic\u0103 unic\u0103 este func\u021bionalitatea de Arom\u0103 Dubl\u0103, permi\u021b\u00e2ndu-v\u0103 s\u0103 comuta\u021bi \u00eentre dou\u0103 arome diferite pentru o experien\u021b\u0103 de vapat mai versatil\u0103.<\/li>\n<li><strong>Cum se \u00eencarc\u0103 \u021bigara electronic\u0103 de unic\u0103 folosin\u021b\u0103 Vapme Crystal 20K Puffs<\/strong><br \/>\nVapme Crystal 20000 vine cu o baterie re\u00eenc\u0103rcabil\u0103 de 700mAh. Pentru a-l \u00eenc\u0103rca, folosi\u021bi portul de \u00eenc\u0103rcare Type-C. Conecta\u021bi dispozitivul la o surs\u0103 de alimentare folosind un cablu Type-C, iar acesta se va re\u00eenc\u0103rca rapid pentru sesiuni extinse de vapat.<\/li>\n<li><strong>C\u00e2t\u0103 nicotin\u0103 se afl\u0103 \u00eentr-un Vapme Crystal 20000 Puffs<\/strong><br \/>\nNivelurile de nicotin\u0103 pentru Vapme Crystal 20000 Puffs nu sunt specificate \u00een con\u021binut. Cu toate acestea, \u021big\u0103rile electronice de unic\u0103 folosin\u021b\u0103, cum este aceasta, vin de obicei \u00eentr-o gam\u0103 de concentra\u021bii de nicotin\u0103 (0%, 2%, 5%, etc.). Pute\u021bi verifica cu distribuitorul sau pe ambalajul produsului pentru con\u021binutul exact de nicotin\u0103.<\/li>\n<li><strong>C\u00e2t timp ar trebui s\u0103-mi \u00eencarc Crystal 20000 Puffs?<\/strong><br \/>\nTimpul exact de \u00eenc\u0103rcare depinde de sursa de alimentare, dar datorit\u0103 capacit\u0103\u021bii de \u00eenc\u0103rcare rapid\u0103 Type-C, ar trebui s\u0103 se \u00eencarce relativ repede. Pute\u021bi monitoriza dispozitivul \u00een timpul \u00eenc\u0103rc\u0103rii sau pute\u021bi consulta orice indicatori de \u00eenc\u0103rcare, dac\u0103 sunt disponibili, pentru a \u0219ti c\u00e2nd este complet \u00eenc\u0103rcat.<\/li>\n<li><strong>De unde pot cump\u0103ra \u021bigara electronic\u0103 de unic\u0103 folosin\u021b\u0103 Vapme Crystal 20000 Puffs<\/strong><br \/>\nVapme Crystal 20000 Puffs poate fi achizi\u021bionat de la magazinele specializate \u00een \u021big\u0103ri electronice, magazine online de \u021big\u0103ri electronice sau distribuitori angro care ofer\u0103 \u021big\u0103ri electronice de unic\u0103 folosin\u021b\u0103. Este o op\u021biune popular\u0103 at\u00e2t pentru consumatorii individuali, c\u00e2t \u0219i pentru proprietarii de magazine specializate. Verifica\u021bi disponibilitatea \u00een magazinele locale sau naviga\u021bi pe platformele online specializate \u00een produse de vapat.<\/li>\n<\/ul>\n<\/div>\n<\/div>\n<\/div>\n<\/div>\n<h3>Despre livrare<\/h3>\n<div class=\"flex-shrink-0 flex flex-col relative items-end\">\n<div>\n<div class=\"pt-0\">\n<div class=\"gizmo-bot-avatar flex h-8 w-8 items-center justify-center overflow-hidden rounded-full\">\n<div><\/div>\n<div class=\"relative p-1 rounded-sm flex items-center justify-center bg-token-main-surface-primary text-token-text-primary h-8 w-8\"><strong>1. Ce metode de expediere sunt folosite?<\/strong><\/div>\n<\/div>\n<\/div>\n<\/div>\n<\/div>\n<div class=\"group\/conversation-turn relative flex w-full min-w-0 flex-col agent-turn\">\n<div class=\"flex-col gap-1 md:gap-3\">\n<div class=\"flex max-w-full flex-col flex-grow\">\n<div class=\"min-h-[20px] text-message flex w-full flex-col items-end gap-2 whitespace-normal break-words [.text-message+&amp;]:mt-5 overflow-x-auto\" dir=\"auto\" data-message-author-role=\"assistant\" data-message-id=\"22f8283b-3233-46ff-89a5-c7a41b33abda\">\n<div class=\"flex w-full flex-col gap-1 empty:hidden first:pt-[3px]\">\n<div class=\"markdown prose w-full break-words dark:prose-invert light\">\n<p>Colabor\u0103m cu UPS, DHL, FedEx, DPD \u0219i al\u021bi transportatori de top. Vom selecta cea mai bun\u0103 metod\u0103 de expediere \u00een func\u021bie de loca\u021bia dvs. de livrare pentru a ne asigura c\u0103 ve\u021bi primi produsele c\u00e2t mai repede posibil.<\/p>\n<\/div>\n<p><strong>2. C\u00e2t dureaz\u0103 livrarea?<\/strong><\/p>\n<p>Pachetele expediate \u00een Rom\u00e2nia ajung de obicei \u00een 10 zile lucr\u0103toare. Livrarea \u00een \u021b\u0103rile europene dureaz\u0103, \u00een general, aproximativ 12-15 zile lucr\u0103toare. V\u0103 vom oferi actualiz\u0103ri \u00een timp real cu privire la starea expedierii dumneavoastr\u0103.<\/p>\n<\/div>\n<\/div>\n<\/div>\n<\/div>\n<\/div>\n<p>&nbsp;<\/p>\n<p>Alte produse vape populare care v-ar putea pl\u0103cea:<\/p>\n<p><a href=\"https:\/\/rmvapesale.com\/ro\/product\/fumot-randm-tornado-30000-puffs-30k-music-disposable-vape\/\"><strong>RandM Tornado 30000 Puff\u00a0 \u00a0<span style=\"color: #ff0000\">&gt;&gt;&gt;&gt; merge\u021bi!<\/span><\/strong><\/a><\/p>\n<p><strong><a href=\"https:\/\/rmvapesale.com\/ro\/product\/aivono-22000-rechargeable-vapes-with-display-screen\/\">Aivono Aim Fatpro 22000 Puffs <span style=\"color: #ff0000\">&gt;&gt;&gt;&gt; merge\u021bi!<\/span><\/a>\u00a0<\/strong><\/p>\n<p><a href=\"https:\/\/rmvapesale.com\/ro\/product\/original-randm-vape-digital-puff-12000-fumot-factory-price\/\"><strong>Fumot Vape 12000 pufuri <span style=\"color: #ff0000\">&gt;&gt;&gt;&gt; merge\u021bi!<\/span><\/strong><\/a><\/p>\n<p>&nbsp;<\/p>\n<p>&nbsp;<\/p>\n<p>G\u0103si\u021bi mai multe produse de vapat care v-ar putea pl\u0103cea:<strong><em><a href=\"https:\/\/rmvapesale.com\/ro\/shop-2\/\">cump\u0103r\u0103 acum &gt;&gt;&gt;<\/a><\/em><\/strong><\/p>","protected":false},"excerpt":{"rendered":"<p>Vape Vapme Crystal 20000 Pufuri de Unic\u0103 Folosin\u021b\u0103 en-gros<br \/>\nVapme Crystal 20000 Puffs Vape de unic\u0103 folosin\u021b\u0103 cu arome duale<br \/>\nVapme Crystal 20000 Bar\u0103 dubl\u0103 de vape Crystal cu ridicata<\/p>\n<p><img loading=\"lazy\" decoding=\"async\" class=\"size-full wp-image-2375\" src=\"https:\/\/rmvapesale.com\/wp-content\/uploads\/2024\/10\/image.png\" alt=\"Cea mai bun\u0103 \u021bigar\u0103 electronic\u0103 de unic\u0103 folosin\u021b\u0103\" width=\"229\" height=\"300\" \/><\/p>\n<h3><a href=\"https:\/\/wa.me\/8617776015835\"><span style=\"color: #ff0000\"><strong>WhatsApp: +86 17776015835<\/strong><\/span><\/a><\/h3>\n<p>&nbsp;<\/p>","protected":false},"featured_media":2539,"comment_status":"open","ping_status":"closed","template":"","meta":{"_uag_custom_page_level_css":"","_lmt_disableupdate":"no","_lmt_disable":"","site-sidebar-layout":"default","site-content-layout":"content-boxed-container","ast-site-content-layout":"normal-width-container","site-content-style":"boxed","site-sidebar-style":"unboxed","ast-global-header-display":"","ast-banner-title-visibility":"","ast-main-header-display":"","ast-hfb-above-header-display":"","ast-hfb-below-header-display":"","ast-hfb-mobile-header-display":"","site-post-title":"","ast-breadcrumbs-content":"","ast-featured-img":"","footer-sml-layout":"","theme-transparent-header-meta":"default","adv-header-id-meta":"","stick-header-meta":"","header-above-stick-meta":"","header-main-stick-meta":"","header-below-stick-meta":"","astra-migrate-meta-layouts":"set","ast-page-background-enabled":"default","ast-page-background-meta":{"desktop":{"background-color":"var(--ast-global-color-4)","background-image":"","background-repeat":"repeat","background-position":"center center","background-size":"auto","background-attachment":"scroll","background-type":"","background-media":"","overlay-type":"","overlay-color":"","overlay-opacity":"","overlay-gradient":""},"tablet":{"background-color":"","background-image":"","background-repeat":"repeat","background-position":"center center","background-size":"auto","background-attachment":"scroll","background-type":"","background-media":"","overlay-type":"","overlay-color":"","overlay-opacity":"","overlay-gradient":""},"mobile":{"background-color":"","background-image":"","background-repeat":"repeat","background-position":"center center","background-size":"auto","background-attachment":"scroll","background-type":"","background-media":"","overlay-type":"","overlay-color":"","overlay-opacity":"","overlay-gradient":""}},"ast-content-background-meta":{"desktop":{"background-color":"var(--ast-global-color-5)","background-image":"","background-repeat":"repeat","background-position":"center center","background-size":"auto","background-attachment":"scroll","background-type":"","background-media":"","overlay-type":"","overlay-color":"","overlay-opacity":"","overlay-gradient":""},"tablet":{"background-color":"var(--ast-global-color-5)","background-image":"","background-repeat":"repeat","background-position":"center center","background-size":"auto","background-attachment":"scroll","background-type":"","background-media":"","overlay-type":"","overlay-color":"","overlay-opacity":"","overlay-gradient":""},"mobile":{"background-color":"var(--ast-global-color-5)","background-image":"","background-repeat":"repeat","background-position":"center center","background-size":"auto","background-attachment":"scroll","background-type":"","background-media":"","overlay-type":"","overlay-color":"","overlay-opacity":"","overlay-gradient":""}},"_joinchat":[]},"product_brand":[],"product_cat":[15,25,123,26,28,135,27,137,136,30],"product_tag":[146,188,124,155,186,38,165,166,120],"class_list":{"0":"post-2540","1":"product","2":"type-product","3":"status-publish","4":"has-post-thumbnail","6":"product_cat-new-vape-this-week","7":"product_cat-germany-best-selling-vape","8":"product_cat-italy-wholesale-vape","9":"product_cat-netherlands-hot-sale-vape","10":"product_cat-poland-hot-sale-vape","11":"product_cat-spain-best-hot-sale-vape","12":"product_cat-fance-hot-sale-vape","13":"product_cat-rechargeable-vapes","14":"product_cat-smart-screen-vapes","15":"product_cat-minimum-order-quantity-50pcs","16":"product_tag-best-hot-sale-vape","17":"product_tag-buy-vapes-online","18":"product_tag-crystal-vape","19":"product_tag-digital-display-box","20":"product_tag-fumot-30k","21":"product_tag-randm-vape","22":"product_tag-rechargeable-vapes","23":"product_tag-tornado-vape","24":"product_tag-vape-wholesale","25":"desktop-align-left","26":"tablet-align-left","27":"mobile-align-left","29":"first","30":"instock","31":"sale","32":"shipping-taxable","33":"purchasable","34":"product-type-simple"},"uagb_featured_image_src":{"full":["https:\/\/rmvapesale.com\/wp-content\/uploads\/2024\/10\/Wholesale-Vape-Vapme-Crystal-20000-Puffs-Disposable.jpg",800,800,false],"thumbnail":["https:\/\/rmvapesale.com\/wp-content\/uploads\/2024\/10\/Wholesale-Vape-Vapme-Crystal-20000-Puffs-Disposable-150x150.jpg",150,150,true],"medium":["https:\/\/rmvapesale.com\/wp-content\/uploads\/2024\/10\/Wholesale-Vape-Vapme-Crystal-20000-Puffs-Disposable-300x300.jpg",300,300,true],"medium_large":["https:\/\/rmvapesale.com\/wp-content\/uploads\/2024\/10\/Wholesale-Vape-Vapme-Crystal-20000-Puffs-Disposable-768x768.jpg",768,768,true],"large":["https:\/\/rmvapesale.com\/wp-content\/uploads\/2024\/10\/Wholesale-Vape-Vapme-Crystal-20000-Puffs-Disposable.jpg",800,800,false],"1536x1536":["https:\/\/rmvapesale.com\/wp-content\/uploads\/2024\/10\/Wholesale-Vape-Vapme-Crystal-20000-Puffs-Disposable.jpg",800,800,false],"2048x2048":["https:\/\/rmvapesale.com\/wp-content\/uploads\/2024\/10\/Wholesale-Vape-Vapme-Crystal-20000-Puffs-Disposable.jpg",800,800,false],"trp-custom-language-flag":["https:\/\/rmvapesale.com\/wp-content\/uploads\/2024\/10\/Wholesale-Vape-Vapme-Crystal-20000-Puffs-Disposable.jpg",12,12,false],"woocommerce_thumbnail":["https:\/\/rmvapesale.com\/wp-content\/uploads\/2024\/10\/Wholesale-Vape-Vapme-Crystal-20000-Puffs-Disposable-300x300.jpg",300,300,true],"woocommerce_single":["https:\/\/rmvapesale.com\/wp-content\/uploads\/2024\/10\/Wholesale-Vape-Vapme-Crystal-20000-Puffs-Disposable-600x600.jpg",600,600,true],"woocommerce_gallery_thumbnail":["https:\/\/rmvapesale.com\/wp-content\/uploads\/2024\/10\/Wholesale-Vape-Vapme-Crystal-20000-Puffs-Disposable-100x100.jpg",100,100,true],"wcpr-photo-reviews":["https:\/\/rmvapesale.com\/wp-content\/uploads\/2024\/10\/Wholesale-Vape-Vapme-Crystal-20000-Puffs-Disposable.jpg",500,500,false]},"uagb_author_info":{"display_name":"AMY","author_link":"https:\/\/rmvapesale.com\/ro\/author\/"},"uagb_comment_info":0,"uagb_excerpt":"Wholesale Vape Vapme Crystal 20000 Puffs Disposable Vapme Crystal 20000 Puffs Dual Flavors Disposable Vape Vapme Crystal 20000 Double Crystal Vape Bar Wholesale WhatsApp: +86 17776015835 &nbsp;","_links":{"self":[{"href":"https:\/\/rmvapesale.com\/ro\/wp-json\/wp\/v2\/product\/2540","targetHints":{"allow":["GET"]}}],"collection":[{"href":"https:\/\/rmvapesale.com\/ro\/wp-json\/wp\/v2\/product"}],"about":[{"href":"https:\/\/rmvapesale.com\/ro\/wp-json\/wp\/v2\/types\/product"}],"replies":[{"embeddable":true,"href":"https:\/\/rmvapesale.com\/ro\/wp-json\/wp\/v2\/comments?post=2540"}],"wp:featuredmedia":[{"embeddable":true,"href":"https:\/\/rmvapesale.com\/ro\/wp-json\/wp\/v2\/media\/2539"}],"wp:attachment":[{"href":"https:\/\/rmvapesale.com\/ro\/wp-json\/wp\/v2\/media?parent=2540"}],"wp:term":[{"taxonomy":"product_brand","embeddable":true,"href":"https:\/\/rmvapesale.com\/ro\/wp-json\/wp\/v2\/product_brand?post=2540"},{"taxonomy":"product_cat","embeddable":true,"href":"https:\/\/rmvapesale.com\/ro\/wp-json\/wp\/v2\/product_cat?post=2540"},{"taxonomy":"product_tag","embeddable":true,"href":"https:\/\/rmvapesale.com\/ro\/wp-json\/wp\/v2\/product_tag?post=2540"}],"curies":[{"name":"wp","href":"https:\/\/api.w.org\/{rel}","templated":true}]}}