{"id":2547,"date":"2024-10-25T02:22:52","date_gmt":"2024-10-25T02:22:52","guid":{"rendered":"https:\/\/rmvapesale.com\/?post_type=product&#038;p=2547"},"modified":"2024-10-25T03:03:28","modified_gmt":"2024-10-25T03:03:28","slug":"rechargeable-vape-vapme-spacex-22000-puff-wholesale","status":"publish","type":"product","link":"https:\/\/rmvapesale.com\/ro\/product\/rechargeable-vape-vapme-spacex-22000-puff-wholesale\/","title":{"rendered":"Vape re\u00eenc\u0103rcabil Vapme Spacex 22000 pufuri en-gros"},"content":{"rendered":"<div class=\"B2VR9 CJHX3e\">\n<div class=\"wyccme\">\n<h1 class=\"LC20lb MBeuO DKV0Md\">Vape Re\u00eenc\u0103rcabile Vapme Spacex 22000 Pufuri en-gros<\/h1>\n<div class=\"flex-shrink-0 flex flex-col relative items-end\">\n<div class=\"pt-0\">\n<div class=\"gizmo-bot-avatar flex h-8 w-8 items-center justify-center overflow-hidden rounded-full\">\n<div class=\"relative p-1 rounded-sm flex items-center justify-center bg-token-main-surface-primary text-token-text-primary h-8 w-8\">\n<p>Vape Re\u00eenc\u0103rcabil <strong>Vapme Spacex 22000 Pufuri<\/strong> este un<strong> vape de unic\u0103 folosin\u021b\u0103 inteligent\u0103<\/strong> conceput pentru utilizatorii care caut\u0103 sesiuni extinse de vaping \u0219i confort. Cu o capacitate impresionant\u0103 de <strong>30mL de lichid pentru vape<\/strong> \u0219i abilitatea de a livra peste <strong>22.000 de pufuri<\/strong>, acest dispozitiv este construit pentru durabilitate \u0219i satisfac\u021bie. E <strong>baterie de 850mAh<\/strong>, re\u00eenc\u0103rcabil prin <strong>Type-C<\/strong>, asigur\u00e2ndu-v\u0103 c\u0103 v\u0103 pute\u021bi bucura de aromele preferate f\u0103r\u0103 \u00eentreruperi, fiind perfect at\u00e2t pentru vaperii ocazionali, c\u00e2t \u0219i pentru utilizatorii intensivi. Dotat cu o <strong>bobin\u0103 din plas\u0103 de 0.8 ohmi<\/strong>, acest <strong>vape re\u00eenc\u0103rcabil<\/strong>\u00a0ofer\u0103 o produc\u021bie optim\u0103 de vapori, asigur\u00e2nd ca fiecare puf s\u0103 fie plin de arom\u0103 \u0219i lin pe inhalare.<\/p>\n<p>The <strong>Afi\u0219ajul LED<\/strong> este o alt\u0103 caracteristic\u0103 remarcabil\u0103, permi\u021b\u00e2nd utilizatorilor s\u0103 monitorizeze u\u0219or durata de via\u021b\u0103 a bateriei \u0219i nivelul lichidului pentru vape, cu o tehnologie de \u00eenalt\u0103 calitate care \u00eel face s\u0103 se disting\u0103 fa\u021b\u0103 de alte <strong>vape de unic\u0103 folosin\u021b\u0103 cu ecran<\/strong>. Aceasta <strong>vape de unic\u0103 folosin\u021b\u0103 cu nicotin\u0103 redus\u0103 <\/strong>\u00a0vin cu o putere de nicotin\u0103 2% pentru utilizatorii care caut\u0103 o doz\u0103 u\u0219oar\u0103, iar op\u021biunea\u00a0<strong>5% nicotin\u0103 <\/strong>se adreseaz\u0103 vaperilor care doresc o experien\u021b\u0103 mai intens\u0103.<\/p>\n<p>The <strong>Vapme 22000<\/strong> este ideal pentru <strong>vape-uri en-gros<\/strong>, f\u0103c\u00e2ndu-l o alegere perfect\u0103 pentru comercian\u021bii cu am\u0103nuntul care doresc s\u0103 \u00ee\u0219i re\u00eencarce stocurile cu produse foarte solicitate. Capacitatea mare, bateria re\u00eenc\u0103rcabil\u0103 \u0219i varietatea de arome \u00eel fac s\u0103 fie <strong>vape popular<\/strong> \u00een <strong>vape de unic\u0103 folosin\u021b\u0103<\/strong> pe pia\u021b\u0103, oferind at\u00e2t calitate, c\u00e2t \u0219i confort \u00eentr-un pachet elegant.<\/p>\n<\/div>\n<\/div>\n<\/div>\n<\/div>\n<\/div>\n<\/div>\n<p><strong>Contacta\u021bi-o pe Amy pentru a ob\u021bine un r\u0103spuns prompt \u0219i un cupon pentru vape!<\/strong><\/p>\n<p><img loading=\"lazy\" decoding=\"async\" class=\"size-full wp-image-1978\" src=\"https:\/\/rmvapesale.com\/wp-content\/uploads\/2024\/09\/Disposable-Vape-Wholesale.jpg\" alt=\"\u021aig\u0103ri electronice de unic\u0103 folosin\u021b\u0103 en-gros\" width=\"229\" height=\"300\" \/><\/p>\n<h3><a href=\"https:\/\/wa.me\/8617776015835\" target=\"_blank\" rel=\"noopener\"><span style=\"color: #ff0000\"><strong>WhatsApp: +86 17776015835<\/strong><\/span><\/a><\/h3>\n<p>&nbsp;<\/p>\n<h2><\/h2>\n<h2><strong>Vapme 22000 <\/strong><strong>Vap\u0103 re\u00eenc\u0103rcabil\u0103<\/strong><strong>\u00a0<\/strong><strong>Caracteristici principale<\/strong><\/h2>\n<p>Brand: Vapme Vape<br \/>\nBaterie: 850mah port Type-C<br \/>\nCapacitate: 30mL lichid pentru vape<br \/>\nRezisten\u021b\u0103: rezisten\u021b\u0103 din plas\u0103 de 0.8 ohm<br \/>\n\u00cempu\u0219c\u0103turi: peste 22000 de pufuri<br \/>\nNicotine: 2%\/5%<br \/>\nAfi\u0219aj LED pentru baterie \u0219i lichid pentru vape<\/p>\n<h2><strong>Arom\u0103 de top pentru <\/strong><strong>Vap\u0103 re\u00eenc\u0103rcabil\u0103 <\/strong><strong>Vapme 22000 <\/strong><strong>Pufuri\u00a0<\/strong><\/h2>\n<p>Acest <strong>vape tip cutie<\/strong> ofer\u0103 <strong>12 arome interesante<\/strong>, de la explozia acidulat\u0103 de <strong>Blue Razz Lemonade (Limonad\u0103 cu zmeur\u0103)<\/strong> la r\u0103coarea revigorant\u0103 de <strong>Ghea\u021b\u0103 de Pepene Ro\u0219u<\/strong> \u0219i amestecul tropical de <strong>Mango Peach Pineapple (Mango, piersici \u0219i ananas)<\/strong>. Indiferent dac\u0103 preferi arome dulci, fructate sau mentolate, Vapme Spacex are ceva pentru fiecare gust.<\/p>\n<p>1. Blue razz lemoonade<span style=\"color: #ff0000\"><strong>&gt;&gt;&gt;&gt; Fierbinte!<\/strong><\/span><br \/>\n2.Ghea\u021b\u0103 de piersici<br \/>\n3.Ghea\u021b\u0103 de pepene verde <span style=\"color: #ff0000\"><strong>&gt;&gt;&gt;&gt; Fierbinte!<\/strong><\/span><br \/>\n4. Blueberry raspberry<br \/>\n5. Cherry ice<br \/>\n6. C\u0103p\u0219uni cu ghea\u021b\u0103<br \/>\n7. Strawberry watermelon<br \/>\n8. Mango peach pineapple <span style=\"color: #ff0000\"><strong>&gt;&gt;&gt;&gt; Cel mai bun!<\/strong><\/span><br \/>\n9.C\u0103p\u0219uni kiwi<br \/>\n10. Kiwi passionfruit guava<br \/>\n11. B\u0103utur\u0103 energizant\u0103<br \/>\n12.Love 66<\/p>\n<figure id=\"attachment_2542\" aria-describedby=\"caption-attachment-2542\" style=\"width: 800px\" class=\"wp-caption alignnone\"><img loading=\"lazy\" decoding=\"async\" class=\"wp-image-2542 size-full\" src=\"https:\/\/rmvapesale.com\/wp-content\/uploads\/2024\/10\/Disposable-Vape-Vapme-22000-Puffs-Price.jpg\" alt=\"Pre\u021b pentru Vape de unic\u0103 folosin\u021b\u0103 Vapme 22000 Pufuri\" width=\"800\" height=\"800\" srcset=\"https:\/\/rmvapesale.com\/wp-content\/uploads\/2024\/10\/Disposable-Vape-Vapme-22000-Puffs-Price.jpg 800w, https:\/\/rmvapesale.com\/wp-content\/uploads\/2024\/10\/Disposable-Vape-Vapme-22000-Puffs-Price-300x300.jpg 300w, https:\/\/rmvapesale.com\/wp-content\/uploads\/2024\/10\/Disposable-Vape-Vapme-22000-Puffs-Price-150x150.jpg 150w, https:\/\/rmvapesale.com\/wp-content\/uploads\/2024\/10\/Disposable-Vape-Vapme-22000-Puffs-Price-768x768.jpg 768w, https:\/\/rmvapesale.com\/wp-content\/uploads\/2024\/10\/Disposable-Vape-Vapme-22000-Puffs-Price-600x600.jpg 600w, https:\/\/rmvapesale.com\/wp-content\/uploads\/2024\/10\/Disposable-Vape-Vapme-22000-Puffs-Price-100x100.jpg 100w\" sizes=\"auto, (max-width: 800px) 100vw, 800px\" \/><figcaption id=\"caption-attachment-2542\" class=\"wp-caption-text\">Pre\u021b pentru Vape de unic\u0103 folosin\u021b\u0103 Vapme 22000 Pufuri<\/figcaption><\/figure>\n<p>&nbsp;<\/p>\n<h3><strong>De ce s\u0103 alegi Rmvapesale pentru Vapme 22000 Pufuri<\/strong><strong>?<\/strong><\/h3>\n<div class=\"flex-shrink-0 flex flex-col relative items-end\">\n<div class=\"pt-0\">\n<div class=\"gizmo-bot-avatar flex h-8 w-8 items-center justify-center overflow-hidden rounded-full\">\n<div class=\"relative p-1 rounded-sm flex items-center justify-center bg-token-main-surface-primary text-token-text-primary h-8 w-8\">\n<p>&nbsp;<\/p>\n<p>C\u00e2nd alege\u021bi Rmvapesale pentru nevoile dvs. de vape-uri de unic\u0103 folosin\u021b\u0103 en-gros, ve\u021bi beneficia de:<\/p>\n<ul>\n<li><strong>Pre\u021b competitiv<\/strong>: Beneficia\u021bi de pre\u021buri atractive pentru a v\u0103 m\u0103ri marja de profit.<\/li>\n<li><strong>Calitate superioar\u0103<\/strong>: Vape-urile noastre sunt fabricate la cele mai \u00eenalte standarde, \u0219i <span style=\"color: #ff0000\"><strong>garantat 100% originale \u0219i autentice, sau primi\u021bi de 10 ori compensa\u021bia \u00een caz de produse contraf\u0103cute!<\/strong><\/span><\/li>\n<li><strong>Serviciu clien\u021bi excelent<\/strong>: Echipa noastr\u0103 dedicat\u0103 este mereu gata s\u0103 v\u0103 asiste, f\u0103c\u00e2nd procesul de cump\u0103rare u\u0219or \u0219i lipsit de griji.<\/li>\n<li><strong>Livrare rapid\u0103<\/strong>: A\u0219tepta\u021bi-v\u0103 la transport prompt \u0219i de \u00eencredere, care v\u0103 asigur\u0103 c\u0103 comenzile dumneavoastr\u0103 ajung la timp, de fiecare dat\u0103.<\/li>\n<\/ul>\n<\/div>\n<h3><\/h3>\n<div class=\"relative p-1 rounded-sm flex items-center justify-center bg-token-main-surface-primary text-token-text-primary h-8 w-8\">\n<h3><b>\u00centreb\u0103ri frecvente despre Vape re\u00eenc\u0103rcabil Vapme 22000<\/b><\/h3>\n<ul>\n<li><strong>Cum s\u0103 \u00eencarci Vapme Spacex 22000 vape de unic\u0103 folosin\u021b\u0103 re\u00eenc\u0103rcabil\u0103<\/strong><br \/>\nVapme Spacex 22000 vine cu o baterie re\u00eenc\u0103rcabil\u0103 de 850mAh care poate fi \u00eenc\u0103rcat\u0103 prin portul de \u00eenc\u0103rcare Type-C. Conecteaz\u0103 simplu cablul Type-C la o surs\u0103 de alimentare pentru a re\u00eenc\u0103rca dispozitivul.<\/li>\n<li><strong>C\u00e2t\u0103 nicotin\u0103 con\u021bine un Vapme Spacex 22000 Puff<\/strong><br \/>\nVapme Spacex 22000 Puffs este disponibil \u00een dou\u0103 op\u021biuni de concentra\u021bie de nicotin\u0103: 2% (20mg) pentru o senza\u021bie mai bl\u00e2nd\u0103 \u0219i 5% (50mg) pentru utilizatorii care caut\u0103 o experien\u021b\u0103 mai intens\u0103.<\/li>\n<li><strong>C\u00e2t timp trebuie s\u0103 \u00eencarc cutia mea Vapme Spacex 22000?<\/strong><br \/>\nTimpul exact de \u00eenc\u0103rcare depinde de sursa de alimentare, dar capacitatea de \u00eenc\u0103rcare rapid\u0103 Type-C permite re\u00eenc\u0103rc\u0103ri relativ rapide. Monitorizeaz\u0103 afi\u0219ajul LED pentru a verifica c\u00e2nd bateria este complet \u00eenc\u0103rcat\u0103, deoarece afi\u0219ajul va oferi informa\u021bii despre durata de via\u021b\u0103 a bateriei.<\/li>\n<li><strong>Unde pot cump\u0103ra vaporizatoare de unic\u0103 folosin\u021b\u0103 Vapme Spacex 22000?<\/strong><br \/>\nVaporizatoarele de unic\u0103 folosin\u021b\u0103 Vapme Spacex 22000 Puff pot fi achizi\u021bionate de la comercian\u021bi cu am\u0103nuntul, magazine de vape sau platforme online specializate \u00een v\u00e2nzarea de produse pentru vaping. De asemenea, este disponibil pentru achizi\u021bie en gros, fiind o op\u021biune popular\u0103 pentru afaceri care doresc s\u0103 stocheze vaporizatoare de unic\u0103 folosin\u021b\u0103.<\/li>\n<li><strong>Care sunt cele mai bune \u021big\u0103ri electronice de unic\u0103 folosin\u021b\u0103 din 2024?<\/strong><br \/>\nUnele dintre cele mai bune vape de unic\u0103 folosin\u021b\u0103 din 2024 includ:<\/p>\n<ul>\n<li><strong>Vapme Spacex 22000 Pufuri<\/strong>: Cunoscut pentru capacitatea sa mare, afi\u0219ajul LED \u0219i bateria re\u00eenc\u0103rcabil\u0103.<\/li>\n<li><strong>Vapme Crystal 20000 Puffs<\/strong>: Popular pentru func\u021bionalitatea Double Flavor \u0219i \u00eenc\u0103rcarea convenabil\u0103.<\/li>\n<li><strong>Aivono Fatpro 22000 Puffs<\/strong>: Ofer\u0103 o experien\u021b\u0103 de vaping de durat\u0103 lung\u0103 cu tehnologie de bobin\u0103 din plas\u0103 \u0219i flux de aer personalizabil.<\/li>\n<li><strong>Fumot RandM Tornado 30000 Puffs<\/strong>: Include sincronizare cu muzica \u0219i lumini RGB, ideal pentru vaping interactiv.<\/li>\n<\/ul>\n<\/li>\n<\/ul>\n<\/div>\n<\/div>\n<\/div>\n<\/div>\n<h3>Despre livrare<\/h3>\n<div class=\"flex-shrink-0 flex flex-col relative items-end\">\n<div>\n<div class=\"pt-0\">\n<div class=\"gizmo-bot-avatar flex h-8 w-8 items-center justify-center overflow-hidden rounded-full\">\n<div><\/div>\n<div class=\"relative p-1 rounded-sm flex items-center justify-center bg-token-main-surface-primary text-token-text-primary h-8 w-8\"><strong>1. Ce metode de expediere sunt folosite?<\/strong><\/div>\n<\/div>\n<\/div>\n<\/div>\n<\/div>\n<div class=\"group\/conversation-turn relative flex w-full min-w-0 flex-col agent-turn\">\n<div class=\"flex-col gap-1 md:gap-3\">\n<div class=\"flex max-w-full flex-col flex-grow\">\n<div class=\"min-h-[20px] text-message flex w-full flex-col items-end gap-2 whitespace-normal break-words [.text-message+&amp;]:mt-5 overflow-x-auto\" dir=\"auto\" data-message-author-role=\"assistant\" data-message-id=\"22f8283b-3233-46ff-89a5-c7a41b33abda\">\n<div class=\"flex w-full flex-col gap-1 empty:hidden first:pt-[3px]\">\n<div class=\"markdown prose w-full break-words dark:prose-invert light\">\n<p>Colabor\u0103m cu UPS, DHL, FedEx, DPD \u0219i al\u021bi transportatori de top. Vom selecta cea mai bun\u0103 metod\u0103 de expediere \u00een func\u021bie de loca\u021bia dvs. de livrare pentru a ne asigura c\u0103 ve\u021bi primi produsele c\u00e2t mai repede posibil.<\/p>\n<\/div>\n<p><strong>2. C\u00e2t dureaz\u0103 livrarea?<\/strong><\/p>\n<p>Pachetele expediate \u00een Rom\u00e2nia ajung de obicei \u00een 10 zile lucr\u0103toare. Livrarea \u00een \u021b\u0103rile europene dureaz\u0103, \u00een general, aproximativ 12-15 zile lucr\u0103toare. V\u0103 vom oferi actualiz\u0103ri \u00een timp real cu privire la starea expedierii dumneavoastr\u0103.<\/p>\n<\/div>\n<\/div>\n<\/div>\n<\/div>\n<\/div>\n<p>&nbsp;<\/p>\n<p>Alte produse vape populare care v-ar putea pl\u0103cea:<\/p>\n<p><a href=\"https:\/\/rmvapesale.com\/ro\/product\/fumot-randm-tornado-30000-puffs-30k-music-disposable-vape\/\"><strong>RandM Tornado 30000 Puff\u00a0 \u00a0<span style=\"color: #ff0000\">&gt;&gt;&gt;&gt; merge\u021bi!<\/span><\/strong><\/a><\/p>\n<p><strong><a href=\"https:\/\/rmvapesale.com\/ro\/product\/vapme-crystal-20000-puffs-20k-double-flavor-rechargeable-vapes\/\">Vapme Crystal 20000 Puffs <span style=\"color: #ff0000\">&gt;&gt;&gt;&gt; merge\u021bi!<\/span><\/a>\u00a0<\/strong><\/p>\n<p><a href=\"https:\/\/rmvapesale.com\/ro\/product\/original-randm-vape-digital-puff-12000-fumot-factory-price\/\"><strong>Fumot Vape 12000 pufuri <span style=\"color: #ff0000\">&gt;&gt;&gt;&gt; merge\u021bi!<\/span><\/strong><\/a><\/p>\n<p>&nbsp;<\/p>\n<p>&nbsp;<\/p>\n<p>G\u0103si\u021bi mai multe produse de vapat care v-ar putea pl\u0103cea:<strong><em><a href=\"https:\/\/rmvapesale.com\/ro\/shop-2\/\">cump\u0103r\u0103 acum &gt;&gt;&gt;<\/a><\/em><\/strong><\/p>","protected":false},"excerpt":{"rendered":"<p>En-gros Vape Re\u00eenc\u0103rcabile Vapme Spacex 22000 Pufuri<br \/>\nVapme 22000 Pufuri Cutie cu Vape de unic\u0103 folosin\u021b\u0103, toate aromele<br \/>\nVapme Spacex 22000 Pufuri Vape de unic\u0103 folosin\u021b\u0103 cu ecran<\/p>\n<p><img loading=\"lazy\" decoding=\"async\" class=\"size-full wp-image-2375\" src=\"https:\/\/rmvapesale.com\/wp-content\/uploads\/2024\/10\/image.png\" alt=\"Cea mai bun\u0103 \u021bigar\u0103 electronic\u0103 de unic\u0103 folosin\u021b\u0103\" width=\"229\" height=\"300\" \/><\/p>\n<h3><a href=\"https:\/\/wa.me\/8617776015835\"><span style=\"color: #ff0000\"><strong>WhatsApp: +86 17776015835<\/strong><\/span><\/a><\/h3>\n<p>&nbsp;<\/p>","protected":false},"featured_media":2541,"comment_status":"open","ping_status":"closed","template":"","meta":{"_uag_custom_page_level_css":"","_lmt_disableupdate":"no","_lmt_disable":"","site-sidebar-layout":"default","site-content-layout":"content-boxed-container","ast-site-content-layout":"normal-width-container","site-content-style":"boxed","site-sidebar-style":"unboxed","ast-global-header-display":"","ast-banner-title-visibility":"","ast-main-header-display":"","ast-hfb-above-header-display":"","ast-hfb-below-header-display":"","ast-hfb-mobile-header-display":"","site-post-title":"","ast-breadcrumbs-content":"","ast-featured-img":"","footer-sml-layout":"","theme-transparent-header-meta":"default","adv-header-id-meta":"","stick-header-meta":"","header-above-stick-meta":"","header-main-stick-meta":"","header-below-stick-meta":"","astra-migrate-meta-layouts":"set","ast-page-background-enabled":"default","ast-page-background-meta":{"desktop":{"background-color":"var(--ast-global-color-4)","background-image":"","background-repeat":"repeat","background-position":"center center","background-size":"auto","background-attachment":"scroll","background-type":"","background-media":"","overlay-type":"","overlay-color":"","overlay-opacity":"","overlay-gradient":""},"tablet":{"background-color":"","background-image":"","background-repeat":"repeat","background-position":"center center","background-size":"auto","background-attachment":"scroll","background-type":"","background-media":"","overlay-type":"","overlay-color":"","overlay-opacity":"","overlay-gradient":""},"mobile":{"background-color":"","background-image":"","background-repeat":"repeat","background-position":"center center","background-size":"auto","background-attachment":"scroll","background-type":"","background-media":"","overlay-type":"","overlay-color":"","overlay-opacity":"","overlay-gradient":""}},"ast-content-background-meta":{"desktop":{"background-color":"var(--ast-global-color-5)","background-image":"","background-repeat":"repeat","background-position":"center center","background-size":"auto","background-attachment":"scroll","background-type":"","background-media":"","overlay-type":"","overlay-color":"","overlay-opacity":"","overlay-gradient":""},"tablet":{"background-color":"var(--ast-global-color-5)","background-image":"","background-repeat":"repeat","background-position":"center center","background-size":"auto","background-attachment":"scroll","background-type":"","background-media":"","overlay-type":"","overlay-color":"","overlay-opacity":"","overlay-gradient":""},"mobile":{"background-color":"var(--ast-global-color-5)","background-image":"","background-repeat":"repeat","background-position":"center center","background-size":"auto","background-attachment":"scroll","background-type":"","background-media":"","overlay-type":"","overlay-color":"","overlay-opacity":"","overlay-gradient":""}},"_joinchat":[]},"product_brand":[],"product_cat":[15,25,123,26,28,135,27,137,136,30],"product_tag":[146,188,155,167,165,120],"class_list":{"0":"post-2547","1":"product","2":"type-product","3":"status-publish","4":"has-post-thumbnail","6":"product_cat-new-vape-this-week","7":"product_cat-germany-best-selling-vape","8":"product_cat-italy-wholesale-vape","9":"product_cat-netherlands-hot-sale-vape","10":"product_cat-poland-hot-sale-vape","11":"product_cat-spain-best-hot-sale-vape","12":"product_cat-fance-hot-sale-vape","13":"product_cat-rechargeable-vapes","14":"product_cat-smart-screen-vapes","15":"product_cat-minimum-order-quantity-50pcs","16":"product_tag-best-hot-sale-vape","17":"product_tag-buy-vapes-online","18":"product_tag-digital-display-box","19":"product_tag-disposable-vape-with-screen","20":"product_tag-rechargeable-vapes","21":"product_tag-vape-wholesale","22":"desktop-align-left","23":"tablet-align-left","24":"mobile-align-left","26":"first","27":"instock","28":"sale","29":"shipping-taxable","30":"purchasable","31":"product-type-simple"},"uagb_featured_image_src":{"full":["https:\/\/rmvapesale.com\/wp-content\/uploads\/2024\/10\/Disposable-Vape-Pen-Vapme-Spacex-22000.jpg",800,800,false],"thumbnail":["https:\/\/rmvapesale.com\/wp-content\/uploads\/2024\/10\/Disposable-Vape-Pen-Vapme-Spacex-22000-150x150.jpg",150,150,true],"medium":["https:\/\/rmvapesale.com\/wp-content\/uploads\/2024\/10\/Disposable-Vape-Pen-Vapme-Spacex-22000-300x300.jpg",300,300,true],"medium_large":["https:\/\/rmvapesale.com\/wp-content\/uploads\/2024\/10\/Disposable-Vape-Pen-Vapme-Spacex-22000-768x768.jpg",768,768,true],"large":["https:\/\/rmvapesale.com\/wp-content\/uploads\/2024\/10\/Disposable-Vape-Pen-Vapme-Spacex-22000.jpg",800,800,false],"1536x1536":["https:\/\/rmvapesale.com\/wp-content\/uploads\/2024\/10\/Disposable-Vape-Pen-Vapme-Spacex-22000.jpg",800,800,false],"2048x2048":["https:\/\/rmvapesale.com\/wp-content\/uploads\/2024\/10\/Disposable-Vape-Pen-Vapme-Spacex-22000.jpg",800,800,false],"trp-custom-language-flag":["https:\/\/rmvapesale.com\/wp-content\/uploads\/2024\/10\/Disposable-Vape-Pen-Vapme-Spacex-22000.jpg",12,12,false],"woocommerce_thumbnail":["https:\/\/rmvapesale.com\/wp-content\/uploads\/2024\/10\/Disposable-Vape-Pen-Vapme-Spacex-22000-300x300.jpg",300,300,true],"woocommerce_single":["https:\/\/rmvapesale.com\/wp-content\/uploads\/2024\/10\/Disposable-Vape-Pen-Vapme-Spacex-22000-600x600.jpg",600,600,true],"woocommerce_gallery_thumbnail":["https:\/\/rmvapesale.com\/wp-content\/uploads\/2024\/10\/Disposable-Vape-Pen-Vapme-Spacex-22000-100x100.jpg",100,100,true],"wcpr-photo-reviews":["https:\/\/rmvapesale.com\/wp-content\/uploads\/2024\/10\/Disposable-Vape-Pen-Vapme-Spacex-22000.jpg",500,500,false]},"uagb_author_info":{"display_name":"AMY","author_link":"https:\/\/rmvapesale.com\/ro\/author\/"},"uagb_comment_info":0,"uagb_excerpt":"Wholesale\u00a0Rechargeable Vapes Vapme Spacex 22000 Puff Vapme 22000 Puffs Disposable Vape Box all Flavor Vapme Spacex 22000 Puff Disposable Vape with Screen WhatsApp: +86 17776015835 &nbsp;","_links":{"self":[{"href":"https:\/\/rmvapesale.com\/ro\/wp-json\/wp\/v2\/product\/2547","targetHints":{"allow":["GET"]}}],"collection":[{"href":"https:\/\/rmvapesale.com\/ro\/wp-json\/wp\/v2\/product"}],"about":[{"href":"https:\/\/rmvapesale.com\/ro\/wp-json\/wp\/v2\/types\/product"}],"replies":[{"embeddable":true,"href":"https:\/\/rmvapesale.com\/ro\/wp-json\/wp\/v2\/comments?post=2547"}],"wp:featuredmedia":[{"embeddable":true,"href":"https:\/\/rmvapesale.com\/ro\/wp-json\/wp\/v2\/media\/2541"}],"wp:attachment":[{"href":"https:\/\/rmvapesale.com\/ro\/wp-json\/wp\/v2\/media?parent=2547"}],"wp:term":[{"taxonomy":"product_brand","embeddable":true,"href":"https:\/\/rmvapesale.com\/ro\/wp-json\/wp\/v2\/product_brand?post=2547"},{"taxonomy":"product_cat","embeddable":true,"href":"https:\/\/rmvapesale.com\/ro\/wp-json\/wp\/v2\/product_cat?post=2547"},{"taxonomy":"product_tag","embeddable":true,"href":"https:\/\/rmvapesale.com\/ro\/wp-json\/wp\/v2\/product_tag?post=2547"}],"curies":[{"name":"wp","href":"https:\/\/api.w.org\/{rel}","templated":true}]}}