{"id":2562,"date":"2024-10-25T07:04:35","date_gmt":"2024-10-25T07:04:35","guid":{"rendered":"https:\/\/rmvapesale.com\/?post_type=product&#038;p=2562"},"modified":"2024-10-25T07:28:33","modified_gmt":"2024-10-25T07:28:33","slug":"elf-world-i15-pro-12000-rechargeable-disposable-vape-pod","status":"publish","type":"product","link":"https:\/\/rmvapesale.com\/ro\/product\/elf-world-i15-pro-12000-rechargeable-disposable-vape-pod\/","title":{"rendered":"Elf World i15 Pro 12000 Pod Tigara electronica de unica folosinta reincarcabila"},"content":{"rendered":"<div class=\"B2VR9 CJHX3e\">\n<div class=\"wyccme\">\n<h1 class=\"LC20lb MBeuO DKV0Md\">Elf World i15 Pro 12000 Pod Tigara electronica de unica folosinta reincarcabila<\/h1>\n<div class=\"flex-shrink-0 flex flex-col relative items-end\">\n<div class=\"pt-0\">\n<div class=\"gizmo-bot-avatar flex h-8 w-8 items-center justify-center overflow-hidden rounded-full\">\n<div class=\"relative p-1 rounded-sm flex items-center justify-center bg-token-main-surface-primary text-token-text-primary h-8 w-8\">\n<p>The <strong>Elf World i15 Pro 12000 Pod Tigara electronica de unica folosinta reincarcabila<\/strong> stabile\u0219te un nou standard pentru vapingul MTL cu tehnologia sa avansat\u0103, design elegant \u0219i durat\u0103 impresionant\u0103. Creat cu un factor ergonomic, acest dispozitiv se potrive\u0219te confortabil \u00een m\u00e2n\u0103, fiind nu doar un vape, ci \u0219i un accesoriu rafinat. Conceput pentru vaperii experimenta\u021bi \u0219i \u00eencep\u0103tori, acest vape de 12 pufuri combin\u0103 stilul \u0219i func\u021bionalitatea \u00eentr-un pachet compact.<\/p>\n<p>Cu <strong>12000 de pufuri<\/strong> pentru dispozitiv, <strong>Elf World <\/strong>i15 Pro ofer\u0103 utilizare de durat\u0103 lung\u0103, rivaliz\u00e2nd cu alte op\u021biuni de top din<strong> vape de unic\u0103 folosin\u021b\u0103<\/strong> pia\u021b\u0103. Alimentat de o <strong>baterie integrat\u0103 de 650mAh<\/strong> \u0219i echipat cu o <strong>portul de \u00eenc\u0103rcare Type-C<\/strong>, acest <strong>vape re\u00eenc\u0103rcabil de unic\u0103 folosin\u021b\u0103<\/strong> este proiectat pentru utilizare f\u0103r\u0103 probleme \u0219i constant\u0103. Dispozitivul se \u00eenc\u0103lze\u0219te rapid pentru vapori netezi \u0219i consisten\u021bi la fiecare puf, f\u0103c\u00e2nd experien\u021ba ta de vaping pl\u0103cut\u0103 \u0219i convenabil\u0103.<\/p>\n<p>The <strong>Vape Elf World 12000 pufuri<\/strong> de asemenea, dispune de un <strong>sistem activat prin tragere<\/strong>, simplific\u00e2nd procesul de vaping, iar afi\u0219ajul vibrant permite monitorizarea u\u0219oar\u0103 a duratei de via\u021b\u0103 a bateriei. Cu construc\u021bia sa durabil\u0103, acest cartu\u0219 de vape este construit pentru a rezista utiliz\u0103rii zilnice, men\u021bin\u00e2nd un finisaj elegant care adaug\u0103 sofisticare experien\u021bei tale de vaping.<\/p>\n<\/div>\n<\/div>\n<\/div>\n<\/div>\n<\/div>\n<\/div>\n<p><strong>Contacta\u021bi-o pe Amy pentru a ob\u021bine un r\u0103spuns prompt \u0219i un cupon pentru vape!<\/strong><\/p>\n<p><img loading=\"lazy\" decoding=\"async\" class=\"size-full wp-image-1978\" src=\"https:\/\/rmvapesale.com\/wp-content\/uploads\/2024\/09\/Disposable-Vape-Wholesale.jpg\" alt=\"\u021aig\u0103ri electronice de unic\u0103 folosin\u021b\u0103 en-gros\" width=\"229\" height=\"300\" \/><\/p>\n<h3><a href=\"https:\/\/wa.me\/8617776015835\" target=\"_blank\" rel=\"noopener\"><span style=\"color: #ff0000\"><strong>WhatsApp: +86 17776015835<\/strong><\/span><\/a><\/h3>\n<p>&nbsp;<\/p>\n<h2><\/h2>\n<h2><strong>Elf World i15 Pro Vape de unic\u0103 folosin\u021b\u0103 re\u00eenc\u0103rcabil\u0103 12000 <\/strong><strong>Caracteristici principale<\/strong><\/h2>\n<p>Tipul produsului: Vape de unic\u0103 folosin\u021b\u0103<br \/>\nPufuri: 12000 Pufuri<br \/>\nCapacitate lichid electronic: 18mL<br \/>\nPuterea Nicotinei: 5%<br \/>\nStructura Rezisten\u021bei: Rezisten\u021b\u0103 din plas\u0103<br \/>\nCapacitatea Bateriei: 650mAh<br \/>\nPort \u00cenc\u0103rcare: Type-C<br \/>\nEcran LED afi\u0219eaz\u0103 nivelul de e-lichid \u0219i baterie<\/p>\n<p>&nbsp;<\/p>\n<h2><strong>Arom\u0103 de top pentru <\/strong><strong>Vape Re\u00eenc\u0103rcabil Elf World 12000 Pufuri<\/strong><\/h2>\n<p>&nbsp;<\/p>\n<p>1. Piersic\u0103 Mango<br \/>\n2. Strugure Ghea\u021b\u0103<br \/>\n3. Vanilie Casta Tutun<br \/>\n4. Pepene Verde Gum\u0103 de Mestecat <span style=\"color: #ff0000\"><strong>&gt;&gt;&gt;&gt; Fierbinte!<\/strong><\/span><br \/>\n5. \u00cenghe\u021bat\u0103 cu C\u0103p\u0219uni<br \/>\n6. Kiwi Fruct de Pasiune Guava<br \/>\n7. Ghea\u021b\u0103 de Pepene Verde<br \/>\n8. Zmeur\u0103 Pepene Verde<br \/>\n9. Fructe de P\u0103dure Mixte <span style=\"color: #ff0000\"><strong>&gt;&gt;&gt;&gt; Cel mai bun!<\/strong><\/span><br \/>\n10. Ghea\u021b\u0103 de c\u0103p\u0219uni <span style=\"color: #ff0000\"><strong>&gt;&gt;&gt;&gt; Fierbinte!<\/strong><\/span><\/p>\n<figure id=\"attachment_2560\" aria-describedby=\"caption-attachment-2560\" style=\"width: 800px\" class=\"wp-caption alignnone\"><img loading=\"lazy\" decoding=\"async\" class=\"wp-image-2560 size-full\" src=\"https:\/\/rmvapesale.com\/wp-content\/uploads\/2024\/10\/ELFWORLD-I15-Pro-Disposable-Vape-Kit-12000-Puffs.jpg\" alt=\"ELFWORLD I15 Pro Kit de Vape de unic\u0103 folosin\u021b\u0103 12000 Pufuri\" width=\"800\" height=\"800\" srcset=\"https:\/\/rmvapesale.com\/wp-content\/uploads\/2024\/10\/ELFWORLD-I15-Pro-Disposable-Vape-Kit-12000-Puffs.jpg 800w, https:\/\/rmvapesale.com\/wp-content\/uploads\/2024\/10\/ELFWORLD-I15-Pro-Disposable-Vape-Kit-12000-Puffs-300x300.jpg 300w, https:\/\/rmvapesale.com\/wp-content\/uploads\/2024\/10\/ELFWORLD-I15-Pro-Disposable-Vape-Kit-12000-Puffs-150x150.jpg 150w, https:\/\/rmvapesale.com\/wp-content\/uploads\/2024\/10\/ELFWORLD-I15-Pro-Disposable-Vape-Kit-12000-Puffs-768x768.jpg 768w, https:\/\/rmvapesale.com\/wp-content\/uploads\/2024\/10\/ELFWORLD-I15-Pro-Disposable-Vape-Kit-12000-Puffs-600x600.jpg 600w, https:\/\/rmvapesale.com\/wp-content\/uploads\/2024\/10\/ELFWORLD-I15-Pro-Disposable-Vape-Kit-12000-Puffs-100x100.jpg 100w\" sizes=\"auto, (max-width: 800px) 100vw, 800px\" \/><figcaption id=\"caption-attachment-2560\" class=\"wp-caption-text\">ELFWORLD I15 Pro Kit de Vape de unic\u0103 folosin\u021b\u0103 12000 Pufuri<\/figcaption><\/figure>\n<h3><strong>De ce s\u0103 alegi Rmvapesale pentru Vape Re\u00eenc\u0103rcabil Elf World i15 Pro 12000<\/strong><strong>?<\/strong><\/h3>\n<div class=\"flex-shrink-0 flex flex-col relative items-end\">\n<div class=\"pt-0\">\n<div class=\"gizmo-bot-avatar flex h-8 w-8 items-center justify-center overflow-hidden rounded-full\">\n<div class=\"relative p-1 rounded-sm flex items-center justify-center bg-token-main-surface-primary text-token-text-primary h-8 w-8\">\n<p>&nbsp;<\/p>\n<p>C\u00e2nd alege\u021bi Rmvapesale pentru nevoile dvs. de vape-uri de unic\u0103 folosin\u021b\u0103 en-gros, ve\u021bi beneficia de:<\/p>\n<ul>\n<li><strong>Pre\u021b competitiv<\/strong>: Beneficia\u021bi de pre\u021buri atractive pentru a v\u0103 m\u0103ri marja de profit.<\/li>\n<li><strong>Calitate superioar\u0103<\/strong>: Vape-urile noastre sunt fabricate la cele mai \u00eenalte standarde, \u0219i <span style=\"color: #ff0000\"><strong>garantat 100% originale \u0219i autentice, sau primi\u021bi de 10 ori compensa\u021bia \u00een caz de produse contraf\u0103cute!<\/strong><\/span><\/li>\n<li><strong>Serviciu clien\u021bi excelent<\/strong>: Echipa noastr\u0103 dedicat\u0103 este mereu gata s\u0103 v\u0103 asiste, f\u0103c\u00e2nd procesul de cump\u0103rare u\u0219or \u0219i lipsit de griji.<\/li>\n<li><strong>Livrare rapid\u0103<\/strong>: A\u0219tepta\u021bi-v\u0103 la transport prompt \u0219i de \u00eencredere, care v\u0103 asigur\u0103 c\u0103 comenzile dumneavoastr\u0103 ajung la timp, de fiecare dat\u0103.<\/li>\n<\/ul>\n<\/div>\n<h3><\/h3>\n<div class=\"relative p-1 rounded-sm flex items-center justify-center bg-token-main-surface-primary text-token-text-primary h-8 w-8\">\n<h3><b>\u00centreb\u0103ri frecvente despre Vape Re\u00eenc\u0103rcabil Elf World i15 Pro 12000<\/b><\/h3>\n<ul>\n<li><strong>Cum s\u0103 \u00eencarci Vape-ul Re\u00eenc\u0103rcabil Elf World Bar i15 Pro 12000<\/strong><br \/>\nElf World i15 Pro 12000 vine cu o baterie re\u00eenc\u0103rcabil\u0103 de 650mAh. Pentru a \u00eenc\u0103rca, conecteaz\u0103 dispozitivul la o surs\u0103 de alimentare folosind portul de \u00eenc\u0103rcare Type-C. Aceast\u0103 capacitate de \u00eenc\u0103rcare rapid\u0103 asigur\u0103 o re\u00eenc\u0103rcare u\u0219oar\u0103 \u0219i revenirea rapid\u0103 la vaping.<\/li>\n<li><strong>C\u00e2t nicotin\u0103 con\u021bine un Elf World Bar 12000 Pufuri<\/strong><br \/>\nPuterea nicotinei pentru Elf World i15 Pro 12000 nu este specificat\u0103 \u00een con\u021binut. Vape-urile de unic\u0103 folosin\u021b\u0103 vin de obicei cu diferite niveluri de nicotin\u0103, cum ar fi 2% (20mg) sau 5% (50mg). Verific\u0103 ambalajul produsului sau cu comerciantul pentru informa\u021bii precise despre nicotin\u0103.<\/li>\n<li><strong>C\u00e2t timp ar trebui s\u0103-mi \u00eencarc dispozitivul Elf World 12000 Disposable Vape?<\/strong><br \/>\nTimpul exact de \u00eenc\u0103rcare depinde de sursa de alimentare, dar cu \u00eenc\u0103rcarea rapid\u0103 Type-C, ar trebui s\u0103 se \u00eencarce rapid. Po\u021bi monitoriza starea bateriei dispozitivului pe ecranul de afi\u0219aj, care indic\u0103 c\u00e2nd bateria este complet \u00eenc\u0103rcat\u0103.<\/li>\n<li><strong>Unde pot cump\u0103ra Elf World Bar i15 Pro 12000 Disposable Vape?<\/strong><br \/>\nElf World i15 Pro 12000 poate fi achizi\u021bionat din magazine de vape, retaileri online care ofer\u0103 <strong>vape-uri de unic\u0103 folosin\u021b\u0103<\/strong>, sau <strong>vape angro<\/strong> furnizori. Pentru disponibilitate, verific\u0103 magazinele online de vape sau magazinele locale de vape.<\/li>\n<li><strong>Care sunt cele mai bune \u021big\u0103ri electronice de unic\u0103 folosin\u021b\u0103 din 2024?<\/strong><br \/>\nUnele dintre cele mai bune vape de unic\u0103 folosin\u021b\u0103 din 2024 includ:<\/p>\n<ul>\n<li><strong>Elf World i15 Pro 12000<\/strong>: Cunoscut pentru capacitatea sa de 12000 de pufuri, baterie re\u00eenc\u0103rcabil\u0103 \u0219i design orientat spre MTL.<\/li>\n<li><strong>AIVONO Lost Mary 6500 Puff<\/strong>: Caracteristici de flux de aer reglabil \u0219i un design compact pentru o portabilitate ridicat\u0103.<\/li>\n<li><strong>Vapme Crystal 20000 Puffs<\/strong>: Ofer\u0103 func\u021bionalitate Double Flavor \u0219i re\u00eenc\u0103rcare Type-C.<\/li>\n<li><strong>Fumot RandM Tornado 30000 Puffs<\/strong>: Unic prin luminile RGB sincronizate cu muzica \u0219i capacitatea mare de pufuri.<\/li>\n<\/ul>\n<\/li>\n<\/ul>\n<\/div>\n<\/div>\n<\/div>\n<\/div>\n<h3>Despre livrare<\/h3>\n<div class=\"flex-shrink-0 flex flex-col relative items-end\">\n<div>\n<div class=\"pt-0\">\n<div class=\"gizmo-bot-avatar flex h-8 w-8 items-center justify-center overflow-hidden rounded-full\">\n<div><\/div>\n<div class=\"relative p-1 rounded-sm flex items-center justify-center bg-token-main-surface-primary text-token-text-primary h-8 w-8\"><strong>1. Ce metode de expediere sunt folosite?<\/strong><\/div>\n<\/div>\n<\/div>\n<\/div>\n<\/div>\n<div class=\"group\/conversation-turn relative flex w-full min-w-0 flex-col agent-turn\">\n<div class=\"flex-col gap-1 md:gap-3\">\n<div class=\"flex max-w-full flex-col flex-grow\">\n<div class=\"min-h-[20px] text-message flex w-full flex-col items-end gap-2 whitespace-normal break-words [.text-message+&amp;]:mt-5 overflow-x-auto\" dir=\"auto\" data-message-author-role=\"assistant\" data-message-id=\"22f8283b-3233-46ff-89a5-c7a41b33abda\">\n<div class=\"flex w-full flex-col gap-1 empty:hidden first:pt-[3px]\">\n<div class=\"markdown prose w-full break-words dark:prose-invert light\">\n<p>Colabor\u0103m cu UPS, DHL, FedEx, DPD \u0219i al\u021bi transportatori de top. Vom selecta cea mai bun\u0103 metod\u0103 de expediere \u00een func\u021bie de loca\u021bia dvs. de livrare pentru a ne asigura c\u0103 ve\u021bi primi produsele c\u00e2t mai repede posibil.<\/p>\n<\/div>\n<p><strong>2. C\u00e2t dureaz\u0103 livrarea?<\/strong><\/p>\n<p>Pachetele expediate \u00een Rom\u00e2nia ajung de obicei \u00een 10 zile lucr\u0103toare. Livrarea \u00een \u021b\u0103rile europene dureaz\u0103, \u00een general, aproximativ 12-15 zile lucr\u0103toare. V\u0103 vom oferi actualiz\u0103ri \u00een timp real cu privire la starea expedierii dumneavoastr\u0103.<\/p>\n<\/div>\n<\/div>\n<\/div>\n<\/div>\n<\/div>\n<p>&nbsp;<\/p>\n<p>Alte produse vape populare care v-ar putea pl\u0103cea:<\/p>\n<p><a href=\"https:\/\/rmvapesale.com\/ro\/product\/fumot-randm-tornado-30000-puffs-30k-music-disposable-vape\/\"><strong>RandM Tornado 30000 Puff\u00a0 \u00a0<span style=\"color: #ff0000\">&gt;&gt;&gt;&gt; merge\u021bi!<\/span><\/strong><\/a><\/p>\n<p><strong><a href=\"https:\/\/rmvapesale.com\/ro\/product\/rechargeable-vape-vapme-spacex-22000-puff-wholesale\/\">Vapme Spacex 22000 Pufuri <span style=\"color: #ff0000\">&gt;&gt;&gt;&gt; merge\u021bi!<\/span><\/a>\u00a0<\/strong><\/p>\n<p><a href=\"https:\/\/rmvapesale.com\/ro\/product\/original-randm-vape-digital-puff-12000-fumot-factory-price\/\"><strong>Fumot Vape 12000 pufuri <span style=\"color: #ff0000\">&gt;&gt;&gt;&gt; merge\u021bi!<\/span><\/strong><\/a><\/p>\n<p>&nbsp;<\/p>\n<p>&nbsp;<\/p>\n<p>G\u0103si\u021bi mai multe produse de vapat care v-ar putea pl\u0103cea:<strong><em><a href=\"https:\/\/rmvapesale.com\/ro\/shop-2\/\">cump\u0103r\u0103 acum &gt;&gt;&gt;<\/a><\/em><\/strong><\/p>","protected":false},"excerpt":{"rendered":"<p>ELFWORLD i15 Pro 12000 Pufuri Vape de unic\u0103 folosin\u021b\u0103 en-gros<br \/>\nElf World i15 Pro Ultra Slim Vape de unic\u0103 folosin\u021b\u0103 12K Pufuri<br \/>\nELFWORLD I15 Pro Kit de Vape de unic\u0103 folosin\u021b\u0103 12000 Pufuri<\/p>\n<p><img loading=\"lazy\" decoding=\"async\" class=\"size-full wp-image-2375\" src=\"https:\/\/rmvapesale.com\/wp-content\/uploads\/2024\/10\/image.png\" alt=\"Cea mai bun\u0103 \u021bigar\u0103 electronic\u0103 de unic\u0103 folosin\u021b\u0103\" width=\"229\" height=\"300\" \/><\/p>\n<h3><a href=\"https:\/\/wa.me\/8617776015835\"><span style=\"color: #ff0000\"><strong>WhatsApp: +86 17776015835<\/strong><\/span><\/a><\/h3>\n<p>&nbsp;<\/p>","protected":false},"featured_media":2558,"comment_status":"open","ping_status":"closed","template":"","meta":{"_uag_custom_page_level_css":"","_lmt_disableupdate":"no","_lmt_disable":"","site-sidebar-layout":"default","site-content-layout":"content-boxed-container","ast-site-content-layout":"normal-width-container","site-content-style":"boxed","site-sidebar-style":"unboxed","ast-global-header-display":"","ast-banner-title-visibility":"","ast-main-header-display":"","ast-hfb-above-header-display":"","ast-hfb-below-header-display":"","ast-hfb-mobile-header-display":"","site-post-title":"","ast-breadcrumbs-content":"","ast-featured-img":"","footer-sml-layout":"","theme-transparent-header-meta":"default","adv-header-id-meta":"","stick-header-meta":"","header-above-stick-meta":"","header-main-stick-meta":"","header-below-stick-meta":"","astra-migrate-meta-layouts":"set","ast-page-background-enabled":"default","ast-page-background-meta":{"desktop":{"background-color":"var(--ast-global-color-4)","background-image":"","background-repeat":"repeat","background-position":"center center","background-size":"auto","background-attachment":"scroll","background-type":"","background-media":"","overlay-type":"","overlay-color":"","overlay-opacity":"","overlay-gradient":""},"tablet":{"background-color":"","background-image":"","background-repeat":"repeat","background-position":"center center","background-size":"auto","background-attachment":"scroll","background-type":"","background-media":"","overlay-type":"","overlay-color":"","overlay-opacity":"","overlay-gradient":""},"mobile":{"background-color":"","background-image":"","background-repeat":"repeat","background-position":"center center","background-size":"auto","background-attachment":"scroll","background-type":"","background-media":"","overlay-type":"","overlay-color":"","overlay-opacity":"","overlay-gradient":""}},"ast-content-background-meta":{"desktop":{"background-color":"var(--ast-global-color-5)","background-image":"","background-repeat":"repeat","background-position":"center center","background-size":"auto","background-attachment":"scroll","background-type":"","background-media":"","overlay-type":"","overlay-color":"","overlay-opacity":"","overlay-gradient":""},"tablet":{"background-color":"var(--ast-global-color-5)","background-image":"","background-repeat":"repeat","background-position":"center center","background-size":"auto","background-attachment":"scroll","background-type":"","background-media":"","overlay-type":"","overlay-color":"","overlay-opacity":"","overlay-gradient":""},"mobile":{"background-color":"var(--ast-global-color-5)","background-image":"","background-repeat":"repeat","background-position":"center center","background-size":"auto","background-attachment":"scroll","background-type":"","background-media":"","overlay-type":"","overlay-color":"","overlay-opacity":"","overlay-gradient":""}},"_joinchat":[]},"product_brand":[],"product_cat":[15,25,123,26,28,135,27,137,136,30],"product_tag":[146,188,167,165,191,120],"class_list":{"0":"post-2562","1":"product","2":"type-product","3":"status-publish","4":"has-post-thumbnail","6":"product_cat-new-vape-this-week","7":"product_cat-germany-best-selling-vape","8":"product_cat-italy-wholesale-vape","9":"product_cat-netherlands-hot-sale-vape","10":"product_cat-poland-hot-sale-vape","11":"product_cat-spain-best-hot-sale-vape","12":"product_cat-fance-hot-sale-vape","13":"product_cat-rechargeable-vapes","14":"product_cat-smart-screen-vapes","15":"product_cat-minimum-order-quantity-50pcs","16":"product_tag-best-hot-sale-vape","17":"product_tag-buy-vapes-online","18":"product_tag-disposable-vape-with-screen","19":"product_tag-rechargeable-vapes","20":"product_tag-vape-box","21":"product_tag-vape-wholesale","22":"desktop-align-left","23":"tablet-align-left","24":"mobile-align-left","26":"first","27":"instock","28":"sale","29":"shipping-taxable","30":"purchasable","31":"product-type-simple"},"uagb_featured_image_src":{"full":["https:\/\/rmvapesale.com\/wp-content\/uploads\/2024\/10\/ELFWORLD-I15-Pro-12000-Puffs.png",800,800,false],"thumbnail":["https:\/\/rmvapesale.com\/wp-content\/uploads\/2024\/10\/ELFWORLD-I15-Pro-12000-Puffs-150x150.png",150,150,true],"medium":["https:\/\/rmvapesale.com\/wp-content\/uploads\/2024\/10\/ELFWORLD-I15-Pro-12000-Puffs-300x300.png",300,300,true],"medium_large":["https:\/\/rmvapesale.com\/wp-content\/uploads\/2024\/10\/ELFWORLD-I15-Pro-12000-Puffs-768x768.png",768,768,true],"large":["https:\/\/rmvapesale.com\/wp-content\/uploads\/2024\/10\/ELFWORLD-I15-Pro-12000-Puffs.png",800,800,false],"1536x1536":["https:\/\/rmvapesale.com\/wp-content\/uploads\/2024\/10\/ELFWORLD-I15-Pro-12000-Puffs.png",800,800,false],"2048x2048":["https:\/\/rmvapesale.com\/wp-content\/uploads\/2024\/10\/ELFWORLD-I15-Pro-12000-Puffs.png",800,800,false],"trp-custom-language-flag":["https:\/\/rmvapesale.com\/wp-content\/uploads\/2024\/10\/ELFWORLD-I15-Pro-12000-Puffs.png",12,12,false],"woocommerce_thumbnail":["https:\/\/rmvapesale.com\/wp-content\/uploads\/2024\/10\/ELFWORLD-I15-Pro-12000-Puffs-300x300.png",300,300,true],"woocommerce_single":["https:\/\/rmvapesale.com\/wp-content\/uploads\/2024\/10\/ELFWORLD-I15-Pro-12000-Puffs-600x600.png",600,600,true],"woocommerce_gallery_thumbnail":["https:\/\/rmvapesale.com\/wp-content\/uploads\/2024\/10\/ELFWORLD-I15-Pro-12000-Puffs-100x100.png",100,100,true],"wcpr-photo-reviews":["https:\/\/rmvapesale.com\/wp-content\/uploads\/2024\/10\/ELFWORLD-I15-Pro-12000-Puffs.png",500,500,false]},"uagb_author_info":{"display_name":"AMY","author_link":"https:\/\/rmvapesale.com\/ro\/author\/"},"uagb_comment_info":0,"uagb_excerpt":"ELFWORLD i15 Pro 12000 Puffs Disposable Vape Wholesale Elf World i15 Pro Ultra Slim Disposable Vape 12K Puffs ELFWORLD I15 Pro Disposable Vape Kit 12000 Puffs WhatsApp: +86 17776015835 &nbsp;","_links":{"self":[{"href":"https:\/\/rmvapesale.com\/ro\/wp-json\/wp\/v2\/product\/2562","targetHints":{"allow":["GET"]}}],"collection":[{"href":"https:\/\/rmvapesale.com\/ro\/wp-json\/wp\/v2\/product"}],"about":[{"href":"https:\/\/rmvapesale.com\/ro\/wp-json\/wp\/v2\/types\/product"}],"replies":[{"embeddable":true,"href":"https:\/\/rmvapesale.com\/ro\/wp-json\/wp\/v2\/comments?post=2562"}],"wp:featuredmedia":[{"embeddable":true,"href":"https:\/\/rmvapesale.com\/ro\/wp-json\/wp\/v2\/media\/2558"}],"wp:attachment":[{"href":"https:\/\/rmvapesale.com\/ro\/wp-json\/wp\/v2\/media?parent=2562"}],"wp:term":[{"taxonomy":"product_brand","embeddable":true,"href":"https:\/\/rmvapesale.com\/ro\/wp-json\/wp\/v2\/product_brand?post=2562"},{"taxonomy":"product_cat","embeddable":true,"href":"https:\/\/rmvapesale.com\/ro\/wp-json\/wp\/v2\/product_cat?post=2562"},{"taxonomy":"product_tag","embeddable":true,"href":"https:\/\/rmvapesale.com\/ro\/wp-json\/wp\/v2\/product_tag?post=2562"}],"curies":[{"name":"wp","href":"https:\/\/api.w.org\/{rel}","templated":true}]}}