{"id":2572,"date":"2024-10-25T08:57:44","date_gmt":"2024-10-25T08:57:44","guid":{"rendered":"https:\/\/rmvapesale.com\/?post_type=product&#038;p=2572"},"modified":"2024-10-31T02:50:17","modified_gmt":"2024-10-31T02:50:17","slug":"elfworld-mx25000-puffs-rechargeable-disposable-vape-0-2-5-nicotine","status":"publish","type":"product","link":"https:\/\/rmvapesale.com\/ro\/product\/elfworld-mx25000-puffs-rechargeable-disposable-vape-0-2-5-nicotine\/","title":{"rendered":"ELFWORLD MX25000 Puf Tigara electronica de unica folosinta reincarcabila 0% 2% 5% Nicotina"},"content":{"rendered":"<div class=\"B2VR9 CJHX3e\">\n<div class=\"wyccme\">\n<h1 class=\"LC20lb MBeuO DKV0Md\">ELFWORLD MX25000 Puf Tigara electronica de unica folosinta reincarcabila 0% 2% 5% Nicotina<\/h1>\n<div class=\"flex-shrink-0 flex flex-col relative items-end\">\n<div class=\"pt-0\">\n<div class=\"gizmo-bot-avatar flex h-8 w-8 items-center justify-center overflow-hidden rounded-full\">\n<div class=\"relative p-1 rounded-sm flex items-center justify-center bg-token-main-surface-primary text-token-text-primary h-8 w-8\">\n<p>The <strong>ELFWORLD MX25000 Pufuri Vape de Unic\u0103 Folosin\u021b\u0103<\/strong> este creat pentru o pl\u0103cere extins\u0103 a vapingului \u0219i preferin\u021be personalizabile, f\u0103c\u00e2ndu-l un punct de reper \u00een lumea <strong>populare m\u0103rci de vape<\/strong>. Cu o capacitate imens\u0103 <strong>vape de 25.000 pufuri<\/strong> \u0219i un rezervor substan\u021bial de <strong>25ml lichid e-lichid<\/strong>, acest dispozitiv ofer\u0103 satisfac\u021bie de durat\u0103 f\u0103r\u0103 reumpleri frecvente. Perfect pentru vapori ocazionali \u0219i experimenta\u021bi, MX ofer\u0103 o experien\u021b\u0103 premium la fiecare tragere.<\/p>\n<p>Proiectat pentru confort \u0219i eficien\u021b\u0103, <strong>ELFWORLD MX25000<\/strong> este alimentat de o surs\u0103 fiabil\u0103 <strong>Baterie re\u00eenc\u0103rcabil\u0103 de 850mAh<\/strong> \u0219i utilizeaz\u0103 <strong>\u00cenc\u0103rcare de tip C<\/strong>, asigur\u00e2nd re\u00eenc\u0103rc\u0103ri rapide \u0219i convenabile. Op\u021biunile de sare de nicotin\u0103 includ 0%, 2%, 3% \u0219i 5%, satisf\u0103c\u00e2nd o gam\u0103 larg\u0103 de nevoi, inclusiv <strong>cei \u00een c\u0103utare de vape cu nicotin\u0103 sc\u0103zut\u0103<\/strong> . Tehnologia <strong>rezisten\u021b\u0103 mesh<\/strong> asigur\u0103 un gust \u0219i vapori optimi, \u00een timp ce fluxul de aer ajustabil \u0219i <strong>ecran digital<\/strong> ofer\u0103 control sporit asupra experien\u021bei tale.<\/p>\n<p>Disponibil \u00een <strong>vape-uri \u00een vrac<\/strong>, the <strong>ELFWORLD MX 25000<\/strong> este ideal pentru cump\u0103r\u0103torii en gros sau pentru oricine caut\u0103 o <strong>vape-ul inteligent<\/strong> cu caracteristici avansate. G\u0103se\u0219te aceast\u0103 <strong>vape de unic\u0103 folosin\u021b\u0103<\/strong> online sau \u00een magazinul t\u0103u preferat <strong>magazinul dvs. de vape-uri<\/strong>, \u0219i \u00eembun\u0103t\u0103\u021be\u0219te experien\u021ba ta de vaping cu performan\u021b\u0103 \u0219i confort de top.<\/p>\n<\/div>\n<\/div>\n<\/div>\n<\/div>\n<\/div>\n<\/div>\n<p><strong>Contacta\u021bi-o pe Amy pentru a ob\u021bine un r\u0103spuns prompt \u0219i un cupon pentru vape!<\/strong><\/p>\n<p><img loading=\"lazy\" decoding=\"async\" class=\"size-full wp-image-1978\" src=\"https:\/\/rmvapesale.com\/wp-content\/uploads\/2024\/09\/Disposable-Vape-Wholesale.jpg\" alt=\"\u021aig\u0103ri electronice de unic\u0103 folosin\u021b\u0103 en-gros\" width=\"229\" height=\"300\" \/><\/p>\n<h3><a href=\"https:\/\/wa.me\/8617776015835\" target=\"_blank\" rel=\"noopener\"><span style=\"color: #ff0000\"><strong>WhatsApp: +86 17776015835<\/strong><\/span><\/a><\/h3>\n<p>&nbsp;<\/p>\n<h2><\/h2>\n<h2><strong>ELFWORLD MX25000 Pufuri Vape de unic\u0103 folosin\u021b\u0103 re\u00eenc\u0103rcabil\u0103 <\/strong><strong>Caracteristici principale<\/strong><\/h2>\n<p>E-Juice preumplut 28ml<br \/>\nBaterie re\u00eenc\u0103rcabil\u0103 de 850mAh<br \/>\nNum\u0103r de pufuri: Aproximativ 25000 Pufuri<br \/>\nModuri duale de vaping: Mod normal (12W)\/Mod Turbo (25W)<br \/>\n0% 2% 5% T\u0103rie de nicotin\u0103<br \/>\n\u00cenc\u0103rcare USB Type-C (Nu inclus)<br \/>\nActivare la inhalare<br \/>\nVapat MTL<\/p>\n<p>&nbsp;<\/p>\n<h2><strong>Arom\u0103 de top pentru <\/strong><strong>Vape re\u00eenc\u0103rcabil ELFWORLD MX 25000 Pufuri<\/strong><\/h2>\n<p>1. C\u0103p\u0219un\u0103 Ghea\u021b\u0103 <span style=\"color: #ff0000\"><strong>&gt;&gt;&gt;&gt; Fierbinte!<\/strong><\/span><br \/>\n2. Pepene Verde Ghea\u021b\u0103<br \/>\n3. Ghea\u021b\u0103 de struguri<br \/>\n4. Menta<br \/>\n5. M\u0103r dublu<br \/>\n6. Piersic\u0103 suculent\u0103 Ghea\u021b\u0103<br \/>\ncURL Too many subrequests. <span style=\"color: #ff0000\"><strong>&gt;&gt;&gt;&gt; Fierbinte!<\/strong><\/span><br \/>\n8. Limonad\u0103 roz <span style=\"color: #ff0000\"><strong>&gt;&gt;&gt;&gt; Cel mai bun!<\/strong><\/span><br \/>\n9.Fructe de p\u0103dure asortate<br \/>\n10. Afine Pepene Verde<br \/>\n11. Lime Berries Orange<br \/>\n12. Afine B Pop<br \/>\n13. Zmeur\u0103 Piersic\u0103 Lime<br \/>\n14. Mango Acru Ananas 15. Piersic\u0103 Blue Slushy<\/p>\n<figure id=\"attachment_2608\" aria-describedby=\"caption-attachment-2608\" style=\"width: 600px\" class=\"wp-caption alignnone\"><img loading=\"lazy\" decoding=\"async\" class=\"wp-image-2608 size-full\" src=\"https:\/\/rmvapesale.com\/wp-content\/uploads\/2024\/10\/Rechargeable-Disposable-Vape-ELFWORLD-MX-25000-Puffs.jpg\" alt=\"Vaporizator de unic\u0103 folosin\u021b\u0103 re\u00eenc\u0103rcabil ELFWORLD MX 25000 Pufuri\" width=\"600\" height=\"849\" srcset=\"https:\/\/rmvapesale.com\/wp-content\/uploads\/2024\/10\/Rechargeable-Disposable-Vape-ELFWORLD-MX-25000-Puffs.jpg 600w, https:\/\/rmvapesale.com\/wp-content\/uploads\/2024\/10\/Rechargeable-Disposable-Vape-ELFWORLD-MX-25000-Puffs-212x300.jpg 212w\" sizes=\"auto, (max-width: 600px) 100vw, 600px\" \/><figcaption id=\"caption-attachment-2608\" class=\"wp-caption-text\">Vaporizator de unic\u0103 folosin\u021b\u0103 re\u00eenc\u0103rcabil ELFWORLD MX 25000 Pufuri<\/figcaption><\/figure>\n<h3><strong>De ce s\u0103 alegi Rmvapesale pentru Vaporizatorul de unic\u0103 folosin\u021b\u0103 ELFWORLD MX25000 Pufuri<\/strong><strong>?<\/strong><\/h3>\n<div class=\"flex-shrink-0 flex flex-col relative items-end\">\n<div class=\"pt-0\">\n<div class=\"gizmo-bot-avatar flex h-8 w-8 items-center justify-center overflow-hidden rounded-full\">\n<div class=\"relative p-1 rounded-sm flex items-center justify-center bg-token-main-surface-primary text-token-text-primary h-8 w-8\">\n<p>Bun venit la Rmvapesale, magazinul dumneavoastr\u0103 de \u00eencredere pentru \u021big\u0103ri electronice de unic\u0103 folosin\u021b\u0103 premium. Cu o experien\u021b\u0103 de peste 5 ani, v\u0103 aducem branduri populare de \u021big\u0103ri electronice de unic\u0103 folosin\u021b\u0103, cum ar fi Al Fakher, Vapme Vape, <a href=\"https:\/\/rmvapesale.com\/ro\/product\/vapme-crystal-7000-puffs-rechargeable-disposable-vape-price\/\">Vapme<\/a>, <a href=\"https:\/\/rmvapesale.com\/ro\/product-category\/bang-vapes\/\">Bang Vape<\/a>, Waspe, <a href=\"https:\/\/rmvapesale.com\/ro\/product\/wga-crystal-pro-max-extra-15k-puffs-disposable-vape-wholesale\/\">WGA<\/a> Vape \u0219i<a href=\"https:\/\/rmvapesale.com\/ro\/product-category\/randm-fumot-vape\/\"> RandM Vape<\/a>.<\/p>\n<p>Gama noastr\u0103 include \u021big\u0103ri electronice foarte v\u00e2ndute, cum ar fi <a href=\"https:\/\/rmvapesale.com\/ro\/product\/fumot-digital-box-12000-disposable-vape-pink-lemonade-flavor\/\">RandM 12k<\/a> \u0219i op\u021biuni bogate \u00een arome, cum ar fi <a href=\"https:\/\/rmvapesale.com\/ro\/product\/wga-crystal-plus-20000-puff-dual-flavour-disposable-vape\/\">WGA 20K Puf<\/a>. Fiecare produs este ales cu accent pe calitate, valoare \u0219i varietate, asigur\u00e2ndu-v\u0103 c\u0103 g\u0103si\u021bi potrivirea perfect\u0103 pentru nevoile dumneavoastr\u0103. Descoperi\u021bi servicii excep\u021bionale \u0219i o gam\u0103 larg\u0103 de produse de top la Rmvapesale.<\/p>\n<\/div>\n<h3><\/h3>\n<div class=\"relative p-1 rounded-sm flex items-center justify-center bg-token-main-surface-primary text-token-text-primary h-8 w-8\">\n<h3><b>\u00centreb\u0103ri frecvente despre ELFWORLD MX25000 Vape<\/b><\/h3>\n<ul>\n<li><strong>Cum \u00eemi \u00eencarc vaporizatorul de unic\u0103 folosin\u021b\u0103 re\u00eenc\u0103rcabil ELFWORLD MX 25000 Pufuri?<\/strong><br \/>\nPentru a \u00eenc\u0103rca vaporizatorul t\u0103u <strong>ELFWORLD MX 25000<\/strong> de unic\u0103 folosin\u021b\u0103, folose\u0219te <strong>portul de \u00eenc\u0103rcare Type-C<\/strong> situat la baza dispozitivului. Conecteaz\u0103-l la o surs\u0103 de alimentare compatibil\u0103 pentru o re\u00eenc\u0103rcare rapid\u0103 \u0219i eficient\u0103 \u0219i monitorizeaz\u0103 nivelul bateriei prin ecranul digital.<\/li>\n<li><strong>Ce niveluri de nicotin\u0103 sunt disponibile \u00een vaporizatorul de unic\u0103 folosin\u021b\u0103 ELFWORLD MX 25000 Pufuri?<\/strong><br \/>\nThe <strong>ELFWORLD MX 25000<\/strong> ofer\u0103 o varietate de <strong>sare de nicotin\u0103<\/strong> op\u021biuni: 0%, 2%, 3% \u0219i 5%, permi\u021b\u00e2nd utilizatorilor s\u0103 aleag\u0103 intensitatea care le convine cel mai bine, inclusiv op\u021biuni pentru cei care caut\u0103 <strong>cei \u00een c\u0103utare de vape cu nicotin\u0103 sc\u0103zut\u0103<\/strong> solu\u021bii.<\/li>\n<li><strong>C\u00e2t timp dureaz\u0103 Vape-ul de unic\u0103 folosin\u021b\u0103 ELFWORLD 25000 Pufuri?<\/strong><br \/>\nCu o <strong>capacitate de 25.000 de pufuri<\/strong> \u0219i <strong>25ml lichid e-lichid<\/strong>, the <strong>ELFWORLD 25000<\/strong> este proiectat pentru utilizare de lung\u0103 durat\u0103, fiind ideal pentru sesiuni extinse de vaping f\u0103r\u0103 a fi nevoie de reumpleri sau \u00eenlocuiri frecvente.<\/li>\n<li><strong>Unde pot cump\u0103ra online Vape-ul de unic\u0103 folosin\u021b\u0103 ELFWORLD MX25000 Pufuri?<\/strong><br \/>\nThe <strong>ELFWORLD MX25000<\/strong> este disponibil prin diverse <strong>vape-urilor de unic\u0103 folosin\u021b\u0103 online<\/strong> retaileri \u0219i <strong>magazinul dvs. de vape-uri<\/strong> puncte de v\u00e2nzare. Este o alegere popular\u0103 printre <strong>vape-uri \u00een vrac<\/strong> op\u021biuni de achizi\u021bie \u0219i en-gros.<\/li>\n<li><strong>Ce face ca Vape-ul de unic\u0103 folosin\u021b\u0103 ELFWORLD MX 25000 Pufuri s\u0103 fie o alegere inteligent\u0103?<\/strong><br \/>\nThe <strong>ELFWORLD MX 25000<\/strong> iese \u00een eviden\u021b\u0103 datorit\u0103 <strong>ecran digital<\/strong> tehnologiei de monitorizare a bateriei \u0219i a lichidului pentru \u021big\u0103ri electronice, <strong>de flux de aer reglabil<\/strong>, \u0219i <strong>rezisten\u021b\u0103 mesh<\/strong> Aceasta <strong>vape-ul inteligent<\/strong> ofer\u0103 o experien\u021b\u0103 de \u00eenalt\u0103 calitate cu control \u00eembun\u0103t\u0103\u021bit, f\u0103c\u00e2ndu-l unul dintre <strong>cele mai bune vape-uri de unic\u0103 folosin\u021b\u0103<\/strong> de pe pia\u021b\u0103.<\/li>\n<\/ul>\n<\/div>\n<\/div>\n<\/div>\n<\/div>\n<h3>Despre livrare<\/h3>\n<div class=\"flex-shrink-0 flex flex-col relative items-end\">\n<div>\n<div class=\"pt-0\">\n<div class=\"gizmo-bot-avatar flex h-8 w-8 items-center justify-center overflow-hidden rounded-full\">\n<div><\/div>\n<div class=\"relative p-1 rounded-sm flex items-center justify-center bg-token-main-surface-primary text-token-text-primary h-8 w-8\"><strong>1. Ce metode de expediere sunt folosite?<\/strong><\/div>\n<\/div>\n<\/div>\n<\/div>\n<\/div>\n<div class=\"group\/conversation-turn relative flex w-full min-w-0 flex-col agent-turn\">\n<div class=\"flex-col gap-1 md:gap-3\">\n<div class=\"flex max-w-full flex-col flex-grow\">\n<div class=\"min-h-[20px] text-message flex w-full flex-col items-end gap-2 whitespace-normal break-words [.text-message+&amp;]:mt-5 overflow-x-auto\" dir=\"auto\" data-message-author-role=\"assistant\" data-message-id=\"22f8283b-3233-46ff-89a5-c7a41b33abda\">\n<div class=\"flex w-full flex-col gap-1 empty:hidden first:pt-[3px]\">\n<div class=\"markdown prose w-full break-words dark:prose-invert light\">\n<p>Colabor\u0103m cu UPS, DHL, FedEx, DPD \u0219i al\u021bi transportatori de top. Vom selecta cea mai bun\u0103 metod\u0103 de expediere \u00een func\u021bie de loca\u021bia dvs. de livrare pentru a ne asigura c\u0103 ve\u021bi primi produsele c\u00e2t mai repede posibil.<\/p>\n<\/div>\n<p><strong>2. C\u00e2t dureaz\u0103 livrarea?<\/strong><\/p>\n<p>Pachetele expediate \u00een Rom\u00e2nia ajung de obicei \u00een 10 zile lucr\u0103toare. Livrarea \u00een \u021b\u0103rile europene dureaz\u0103, \u00een general, aproximativ 12-15 zile lucr\u0103toare. V\u0103 vom oferi actualiz\u0103ri \u00een timp real cu privire la starea expedierii dumneavoastr\u0103.<\/p>\n<\/div>\n<\/div>\n<\/div>\n<\/div>\n<\/div>\n<p>&nbsp;<\/p>\n<p>G\u0103si\u021bi mai multe produse de vapat care v-ar putea pl\u0103cea:<strong><em><a href=\"https:\/\/rmvapesale.com\/ro\/shop-2\/\">cump\u0103r\u0103 acum &gt;&gt;&gt;<\/a><\/em><\/strong><\/p>","protected":false},"excerpt":{"rendered":"<p>ELFWORLD MX 25000 Pufuri Vape de Vaping Popular \u00een Rom\u00e2nia<br \/>\nElfworld MX25000 25K Pufuri Vape de Unic\u0103 Folosin\u021b\u0103 en-gros<br \/>\nPufuri Mari Elfworld MX25000 Vape de Unic\u0103 Folosin\u021b\u0103 en-gros<\/p>\n<p><img loading=\"lazy\" decoding=\"async\" class=\"size-full wp-image-2375\" src=\"https:\/\/rmvapesale.com\/wp-content\/uploads\/2024\/10\/image.png\" alt=\"Cea mai bun\u0103 \u021bigar\u0103 electronic\u0103 de unic\u0103 folosin\u021b\u0103\" width=\"229\" height=\"300\" \/><\/p>\n<h3><a href=\"https:\/\/wa.me\/8617776015835\"><span style=\"color: #ff0000\"><strong>WhatsApp: +86 17776015835<\/strong><\/span><\/a><\/h3>\n<p>&nbsp;<\/p>","protected":false},"featured_media":2604,"comment_status":"open","ping_status":"closed","template":"","meta":{"_uag_custom_page_level_css":"","_lmt_disableupdate":"no","_lmt_disable":"","site-sidebar-layout":"default","site-content-layout":"content-boxed-container","ast-site-content-layout":"normal-width-container","site-content-style":"boxed","site-sidebar-style":"unboxed","ast-global-header-display":"","ast-banner-title-visibility":"","ast-main-header-display":"","ast-hfb-above-header-display":"","ast-hfb-below-header-display":"","ast-hfb-mobile-header-display":"","site-post-title":"","ast-breadcrumbs-content":"","ast-featured-img":"","footer-sml-layout":"","ast-disable-related-posts":"","theme-transparent-header-meta":"default","adv-header-id-meta":"","stick-header-meta":"","header-above-stick-meta":"","header-main-stick-meta":"","header-below-stick-meta":"","astra-migrate-meta-layouts":"set","ast-page-background-enabled":"default","ast-page-background-meta":{"desktop":{"background-color":"var(--ast-global-color-4)","background-image":"","background-repeat":"repeat","background-position":"center center","background-size":"auto","background-attachment":"scroll","background-type":"","background-media":"","overlay-type":"","overlay-color":"","overlay-opacity":"","overlay-gradient":""},"tablet":{"background-color":"","background-image":"","background-repeat":"repeat","background-position":"center center","background-size":"auto","background-attachment":"scroll","background-type":"","background-media":"","overlay-type":"","overlay-color":"","overlay-opacity":"","overlay-gradient":""},"mobile":{"background-color":"","background-image":"","background-repeat":"repeat","background-position":"center center","background-size":"auto","background-attachment":"scroll","background-type":"","background-media":"","overlay-type":"","overlay-color":"","overlay-opacity":"","overlay-gradient":""}},"ast-content-background-meta":{"desktop":{"background-color":"var(--ast-global-color-5)","background-image":"","background-repeat":"repeat","background-position":"center center","background-size":"auto","background-attachment":"scroll","background-type":"","background-media":"","overlay-type":"","overlay-color":"","overlay-opacity":"","overlay-gradient":""},"tablet":{"background-color":"var(--ast-global-color-5)","background-image":"","background-repeat":"repeat","background-position":"center center","background-size":"auto","background-attachment":"scroll","background-type":"","background-media":"","overlay-type":"","overlay-color":"","overlay-opacity":"","overlay-gradient":""},"mobile":{"background-color":"var(--ast-global-color-5)","background-image":"","background-repeat":"repeat","background-position":"center center","background-size":"auto","background-attachment":"scroll","background-type":"","background-media":"","overlay-type":"","overlay-color":"","overlay-opacity":"","overlay-gradient":""}},"_joinchat":[]},"product_brand":[],"product_cat":[15,27,25,195,123,30,26,28,137,136,135],"product_tag":[146,188,167,165,191,120],"class_list":{"0":"post-2572","1":"product","2":"type-product","3":"status-publish","4":"has-post-thumbnail","6":"product_cat-new-vape-this-week","7":"product_cat-fance-hot-sale-vape","8":"product_cat-germany-best-selling-vape","9":"product_cat-germany-warehouse","10":"product_cat-italy-wholesale-vape","11":"product_cat-minimum-order-quantity-50pcs","12":"product_cat-netherlands-hot-sale-vape","13":"product_cat-poland-hot-sale-vape","14":"product_cat-rechargeable-vapes","15":"product_cat-smart-screen-vapes","16":"product_cat-spain-best-hot-sale-vape","17":"product_tag-best-hot-sale-vape","18":"product_tag-buy-vapes-online","19":"product_tag-disposable-vape-with-screen","20":"product_tag-rechargeable-vapes","21":"product_tag-vape-box","22":"product_tag-vape-wholesale","23":"desktop-align-left","24":"tablet-align-left","25":"mobile-align-left","27":"first","28":"instock","29":"sale","30":"shipping-taxable","31":"purchasable","32":"product-type-simple"},"uagb_featured_image_src":{"full":["https:\/\/rmvapesale.com\/wp-content\/uploads\/2024\/10\/ELFWORLD-25000-Rechargeable-Disposable-Vape.jpg",800,800,false],"thumbnail":["https:\/\/rmvapesale.com\/wp-content\/uploads\/2024\/10\/ELFWORLD-25000-Rechargeable-Disposable-Vape-150x150.jpg",150,150,true],"medium":["https:\/\/rmvapesale.com\/wp-content\/uploads\/2024\/10\/ELFWORLD-25000-Rechargeable-Disposable-Vape-300x300.jpg",300,300,true],"medium_large":["https:\/\/rmvapesale.com\/wp-content\/uploads\/2024\/10\/ELFWORLD-25000-Rechargeable-Disposable-Vape-768x768.jpg",768,768,true],"large":["https:\/\/rmvapesale.com\/wp-content\/uploads\/2024\/10\/ELFWORLD-25000-Rechargeable-Disposable-Vape.jpg",800,800,false],"1536x1536":["https:\/\/rmvapesale.com\/wp-content\/uploads\/2024\/10\/ELFWORLD-25000-Rechargeable-Disposable-Vape.jpg",800,800,false],"2048x2048":["https:\/\/rmvapesale.com\/wp-content\/uploads\/2024\/10\/ELFWORLD-25000-Rechargeable-Disposable-Vape.jpg",800,800,false],"trp-custom-language-flag":["https:\/\/rmvapesale.com\/wp-content\/uploads\/2024\/10\/ELFWORLD-25000-Rechargeable-Disposable-Vape.jpg",12,12,false],"woocommerce_thumbnail":["https:\/\/rmvapesale.com\/wp-content\/uploads\/2024\/10\/ELFWORLD-25000-Rechargeable-Disposable-Vape-300x300.jpg",300,300,true],"woocommerce_single":["https:\/\/rmvapesale.com\/wp-content\/uploads\/2024\/10\/ELFWORLD-25000-Rechargeable-Disposable-Vape-600x600.jpg",600,600,true],"woocommerce_gallery_thumbnail":["https:\/\/rmvapesale.com\/wp-content\/uploads\/2024\/10\/ELFWORLD-25000-Rechargeable-Disposable-Vape-100x100.jpg",100,100,true],"wcpr-photo-reviews":["https:\/\/rmvapesale.com\/wp-content\/uploads\/2024\/10\/ELFWORLD-25000-Rechargeable-Disposable-Vape.jpg",500,500,false]},"uagb_author_info":{"display_name":"AMY","author_link":"https:\/\/rmvapesale.com\/ro\/author\/"},"uagb_comment_info":0,"uagb_excerpt":"ELFWORLD MX 25000 Puff Germany Hot Slale Vape Elfworld MX25000 25K Puffs Disposable Vape Wholesale Big Puffs Elfworld MX25000 Disposable Vape Wholesale WhatsApp: +86 17776015835 &nbsp;","_links":{"self":[{"href":"https:\/\/rmvapesale.com\/ro\/wp-json\/wp\/v2\/product\/2572","targetHints":{"allow":["GET"]}}],"collection":[{"href":"https:\/\/rmvapesale.com\/ro\/wp-json\/wp\/v2\/product"}],"about":[{"href":"https:\/\/rmvapesale.com\/ro\/wp-json\/wp\/v2\/types\/product"}],"replies":[{"embeddable":true,"href":"https:\/\/rmvapesale.com\/ro\/wp-json\/wp\/v2\/comments?post=2572"}],"wp:featuredmedia":[{"embeddable":true,"href":"https:\/\/rmvapesale.com\/ro\/wp-json\/wp\/v2\/media\/2604"}],"wp:attachment":[{"href":"https:\/\/rmvapesale.com\/ro\/wp-json\/wp\/v2\/media?parent=2572"}],"wp:term":[{"taxonomy":"product_brand","embeddable":true,"href":"https:\/\/rmvapesale.com\/ro\/wp-json\/wp\/v2\/product_brand?post=2572"},{"taxonomy":"product_cat","embeddable":true,"href":"https:\/\/rmvapesale.com\/ro\/wp-json\/wp\/v2\/product_cat?post=2572"},{"taxonomy":"product_tag","embeddable":true,"href":"https:\/\/rmvapesale.com\/ro\/wp-json\/wp\/v2\/product_tag?post=2572"}],"curies":[{"name":"wp","href":"https:\/\/api.w.org\/{rel}","templated":true}]}}