{"id":2573,"date":"2024-10-26T09:06:29","date_gmt":"2024-10-26T09:06:29","guid":{"rendered":"https:\/\/rmvapesale.com\/?post_type=product&#038;p=2573"},"modified":"2024-10-28T07:40:44","modified_gmt":"2024-10-28T07:40:44","slug":"disposable-vape-poco-bl10000-puffs-wholesale","status":"publish","type":"product","link":"https:\/\/rmvapesale.com\/ro\/product\/disposable-vape-poco-bl10000-puffs-wholesale\/","title":{"rendered":"Tigara electronica de unica folosinta POCO BL10000 Puf en-gros"},"content":{"rendered":"<div class=\"B2VR9 CJHX3e\">\n<div class=\"wyccme\">\n<h1 class=\"LC20lb MBeuO DKV0Md\">Tigara electronica de unica folosinta POCO BL10000 Puf en-gros<\/h1>\n<div class=\"flex-shrink-0 flex flex-col relative items-end\">\n<div class=\"pt-0\">\n<div class=\"gizmo-bot-avatar flex h-8 w-8 items-center justify-center overflow-hidden rounded-full\">\n<div class=\"relative p-1 rounded-sm flex items-center justify-center bg-token-main-surface-primary text-token-text-primary h-8 w-8\">\n<p>The <strong>POCO BL10000 Pufuri Vapat de unic\u0103 folosin\u021b\u0103<\/strong> este inovator <strong>vapat cu 10k pufuri<\/strong> oferind o durat\u0103 excep\u021bional\u0103 \u0219i calitate, perfect pentru cei care caut\u0103 un de unic\u0103 folosin\u021b\u0103 re\u00eenc\u0103rcabil de \u00eenalt\u0103 performan\u021b\u0103. Conceput pentru a oferi p\u00e2n\u0103 la <strong>10.000 de pufuri<\/strong>, acest <strong>Vapori re\u00eenc\u0103rcabili<\/strong> dispozitivul este echipat cu o <strong>rezisten\u021b\u0103 mesh<\/strong> \u0219i con\u021bine o cantitate generoas\u0103 de <strong>20ml<\/strong> de lichid pentru e-vapare, disponibil \u00een <strong>Nicotin\u0103 0%, 2% sau 5%<\/strong> op\u021biuni pentru a satisface at\u00e2t<strong> nicotin\u0103 sc\u0103zut\u0103<\/strong> sau o preferin\u021b\u0103 puternic\u0103 pentru nicotin\u0103. Acest <strong>vape tip cutie<\/strong> o alegere ideal\u0103 pentru vapori noi \u0219i experimenta\u021bi, oferind o experien\u021b\u0103 de arom\u0103 lin\u0103 \u0219i constant\u0103.<\/p>\n<p>The <strong>650mAh<\/strong> este optimizat pentru utilizare de lung\u0103 durat\u0103, \u00een timp ce <strong>\u00cenc\u0103rcare de tip C<\/strong> portul asigur\u0103 re\u00eenc\u0103rc\u0103ri rapide \u0219i convenabile, f\u0103c\u00e2nd acest dispozitiv o alegere de top \u00een <strong>vape re\u00eenc\u0103rcabile<\/strong>. Cu <strong>de flux de aer reglabil<\/strong>, utilizatorii pot personaliza \u00een continuare experien\u021ba de vaping, variind de la inhal\u0103ri mai str\u00e2nse p\u00e2n\u0103 la cele mai deschise, beneficiind \u00een acela\u0219i timp de aroma bogat\u0103 \u0219i complet\u0103 oferit\u0103 de <strong>rezisten\u021b\u0103 mesh<\/strong>.<\/p>\n<p>Disponibil \u00een <strong>15 arome unice<\/strong>, POCO BL10000 se adreseaz\u0103 unei game variate de preferin\u021be de gust, asigur\u00e2nd o arom\u0103 pentru fiecare palat. Perfect pentru vapori \u00een mi\u0219care, acest dispozitiv compact este remarcabil pe pia\u021b\u0103 pentru <strong>magazine de vape-uri<\/strong>, <strong>baruri de vapat<\/strong>, \u0219i <strong>vape-uri en-gros<\/strong> cump\u0103r\u0103tori. Preg\u0103tit pentru retail cu <strong>10 unit\u0103\u021bi pe afi\u0219aj<\/strong>, este de asemenea ideal pentru cei care doresc s\u0103 <strong>cump\u0103ra\u021bi \u021big\u0103ri electronice online<\/strong> sau \u00een magazine.<\/p>\n<\/div>\n<\/div>\n<\/div>\n<\/div>\n<\/div>\n<\/div>\n<p><strong>Contacta\u021bi-o pe Amy pentru a ob\u021bine un r\u0103spuns prompt \u0219i un cupon pentru vape!<\/strong><\/p>\n<p><img loading=\"lazy\" decoding=\"async\" class=\"size-full wp-image-1978\" src=\"https:\/\/rmvapesale.com\/wp-content\/uploads\/2024\/09\/Disposable-Vape-Wholesale.jpg\" alt=\"\u021aig\u0103ri electronice de unic\u0103 folosin\u021b\u0103 en-gros\" width=\"229\" height=\"300\" \/><\/p>\n<h3><a href=\"https:\/\/wa.me\/8617776015835\" target=\"_blank\" rel=\"noopener\"><span style=\"color: #ff0000\"><strong>WhatsApp: +86 17776015835<\/strong><\/span><\/a><\/h3>\n<p>&nbsp;<\/p>\n<h2><\/h2>\n<h2><strong>Vaporizator de unic\u0103 folosin\u021b\u0103 POCO BL10000 Puff <\/strong><strong>Caracteristici principale<\/strong><\/h2>\n<p>Nicotine:2% 5%<br \/>\nPufuri: 10000<br \/>\nCapacitate: 20ml<br \/>\n15 arome disponibile<br \/>\nRezisten\u021b\u0103 tip plas\u0103<br \/>\nBaterie: 650mAh<br \/>\nFlux de aer reglabil<\/p>\n<figure id=\"attachment_2571\" aria-describedby=\"caption-attachment-2571\" style=\"width: 800px\" class=\"wp-caption alignnone\"><img loading=\"lazy\" decoding=\"async\" class=\"wp-image-2571 size-full\" src=\"https:\/\/rmvapesale.com\/wp-content\/uploads\/2024\/10\/Poco-BL10000-Puffs-Rechargeable-Vape.jpg\" alt=\"Vaporizator re\u00eenc\u0103rcabil Poco BL 10000 Puffs\" width=\"800\" height=\"800\" srcset=\"https:\/\/rmvapesale.com\/wp-content\/uploads\/2024\/10\/Poco-BL10000-Puffs-Rechargeable-Vape.jpg 800w, https:\/\/rmvapesale.com\/wp-content\/uploads\/2024\/10\/Poco-BL10000-Puffs-Rechargeable-Vape-300x300.jpg 300w, https:\/\/rmvapesale.com\/wp-content\/uploads\/2024\/10\/Poco-BL10000-Puffs-Rechargeable-Vape-150x150.jpg 150w, https:\/\/rmvapesale.com\/wp-content\/uploads\/2024\/10\/Poco-BL10000-Puffs-Rechargeable-Vape-768x768.jpg 768w, https:\/\/rmvapesale.com\/wp-content\/uploads\/2024\/10\/Poco-BL10000-Puffs-Rechargeable-Vape-600x600.jpg 600w, https:\/\/rmvapesale.com\/wp-content\/uploads\/2024\/10\/Poco-BL10000-Puffs-Rechargeable-Vape-100x100.jpg 100w\" sizes=\"auto, (max-width: 800px) 100vw, 800px\" \/><figcaption id=\"caption-attachment-2571\" class=\"wp-caption-text\">Vaporizator re\u00eenc\u0103rcabil Poco BL 10000 Puffs<\/figcaption><\/figure>\n<h2><strong>Arom\u0103 de top pentru POCO BL10000 Puffs<\/strong><strong>\u00a0<\/strong><\/h2>\n<p>1. Mango Portocal\u0103 Grapefruit<br \/>\n2. Piersic\u0103 Afine Dulce <span style=\"color: #ff0000\"><strong>&gt;&gt;&gt;&gt; Fierbinte!<\/strong><\/span><br \/>\n3. Aloe Grape<br \/>\n4. Ment\u0103 R\u0103coritoare<br \/>\n5. Mango \u0219i c\u0103p\u0219uni<br \/>\n6. Fruct de pasiune Kiwi Guava<br \/>\n7. M\u0103r Piersic\u0103<br \/>\n8. Pepene verde cu c\u0103p\u0219uni<br \/>\n9. Grape Blackcurrant Soda<br \/>\n10.Blueberry Raspberry <span style=\"color: #ff0000\"><strong>&gt;&gt;&gt;&gt; Fierbinte!<\/strong><\/span><br \/>\n11.Capsuni Kiwi<br \/>\n12. Afine Cherry Cola<br \/>\n13. Dragon Fruit Negru Ice Strawberry<br \/>\n14. Zmeur\u0103 Pepene Verde <span style=\"color: #ff0000\"><strong>&gt;&gt;&gt;&gt; Cel mai bun!<\/strong><\/span><br \/>\n15. C\u0103p\u0219uni Banane<\/p>\n<p>&nbsp;<\/p>\n<h3><strong>De ce s\u0103 alegi Rmvapesale pentru vape reutilizabil\u0103 de unic\u0103 folosin\u021b\u0103 POCO BL10000 Puffs re\u00eenc\u0103rcabil\u0103<\/strong><strong>?<\/strong><\/h3>\n<div class=\"flex-shrink-0 flex flex-col relative items-end\">\n<div class=\"pt-0\">\n<div class=\"gizmo-bot-avatar flex h-8 w-8 items-center justify-center overflow-hidden rounded-full\">\n<div class=\"relative p-1 rounded-sm flex items-center justify-center bg-token-main-surface-primary text-token-text-primary h-8 w-8\">\n<p>&nbsp;<\/p>\n<p>C\u00e2nd alege\u021bi Rmvapesale pentru nevoile dvs. de vape-uri de unic\u0103 folosin\u021b\u0103 en-gros, ve\u021bi beneficia de:<\/p>\n<ul>\n<li><strong>Pre\u021b competitiv<\/strong>: Beneficia\u021bi de pre\u021buri atractive pentru a v\u0103 m\u0103ri marja de profit.<\/li>\n<li><strong>Calitate superioar\u0103<\/strong>: Vape-urile noastre sunt fabricate la cele mai \u00eenalte standarde, \u0219i <span style=\"color: #ff0000\"><strong>garantat 100% originale \u0219i autentice, sau primi\u021bi de 10 ori compensa\u021bia \u00een caz de produse contraf\u0103cute!<\/strong><\/span><\/li>\n<li><strong>Serviciu clien\u021bi excelent<\/strong>: Echipa noastr\u0103 dedicat\u0103 este mereu gata s\u0103 v\u0103 asiste, f\u0103c\u00e2nd procesul de cump\u0103rare u\u0219or \u0219i lipsit de griji.<\/li>\n<li><strong>Livrare rapid\u0103<\/strong>: A\u0219tepta\u021bi-v\u0103 la transport prompt \u0219i de \u00eencredere, care v\u0103 asigur\u0103 c\u0103 comenzile dumneavoastr\u0103 ajung la timp, de fiecare dat\u0103.<\/li>\n<\/ul>\n<\/div>\n<h3><\/h3>\n<div class=\"relative p-1 rounded-sm flex items-center justify-center bg-token-main-surface-primary text-token-text-primary h-8 w-8\">\n<h3><b>\u00centreb\u0103ri frecvente despre vape-ul POCO BL10000 Puffs<\/b><\/h3>\n<ul>\n<li><strong>Cum s\u0103 \u00eencarci vape-ul reutilizabil de unic\u0103 folosin\u021b\u0103 POCO BL10000 Puffs<\/strong><br \/>\nVape-ul POCO BL10000 Puffs vine cu o baterie re\u00eenc\u0103rcabil\u0103 de 650mAh. Pentru a \u00eenc\u0103rca, conecteaz\u0103 un cablu Type-C la portul de \u00eenc\u0103rcare \u0219i la o surs\u0103 de alimentare compatibil\u0103. \u00cenc\u0103rcarea prin Type-C permite o re\u00eenc\u0103rcare rapid\u0103 \u0219i eficient\u0103, asigur\u00e2nd timp de nefunc\u021bionare minim.<\/li>\n<li><strong>C\u00e2t nicotin\u0103 con\u021bine un vape de unic\u0103 folosin\u021b\u0103 POCO BL10000 Puffs<\/strong><br \/>\nVape-ul de unic\u0103 folosin\u021b\u0103 POCO BL10000 Puffs ofer\u0103 trei op\u021biuni de concentra\u021bie de nicotin\u0103: 0%, 2% \u0219i 5%. Aceast\u0103 varietate satisface at\u00e2t utilizatorii cu nicotin\u0103 redus\u0103, c\u00e2t \u0219i cei \u00een c\u0103utare de o experien\u021b\u0103 mai puternic\u0103 cu nicotin\u0103.<\/li>\n<li><strong>C\u00e2t timp trebuie s\u0103 \u00eencarc cutia de vape POCO BL10000 Puffs de unic\u0103 folosin\u021b\u0103?<\/strong><br \/>\nTimpul de \u00eenc\u0103rcare depinde de sursa de alimentare, dar tehnologia de \u00eenc\u0103rcare rapid\u0103 Type-C asigur\u0103 o re\u00eenc\u0103rcare relativ rapid\u0103. Dispozitivul va fi gata de utilizare odat\u0103 ce este complet \u00eenc\u0103rcat, a\u0219a c\u0103 urm\u0103re\u0219te orice lumini sau semnale indicator pentru a \u0219ti c\u00e2nd \u00eenc\u0103rcarea s-a \u00eencheiat.<\/li>\n<li><strong>Unde pot cump\u0103ra vape-ul de unic\u0103 folosin\u021b\u0103 POCO BL10000 Puffs?<\/strong><br \/>\nVape-ul de unic\u0103 folosin\u021b\u0103 POCO BL10000 Puffs este disponibil pentru achizi\u021bie \u00een magazinele de vape, <strong>baruri de vapat<\/strong>, \u0219i platforme online unde po\u021bi <strong>cump\u0103ra\u021bi \u021big\u0103ri electronice online<\/strong>. Pentru cump\u0103r\u0103torii en gros, este disponibil \u0219i prin <strong>vape-uri en-gros<\/strong> furnizori.<\/li>\n<li><strong>Care sunt cele mai bune \u021big\u0103ri electronice de unic\u0103 folosin\u021b\u0103 din 2024?<\/strong><br \/>\nUnele dintre cele mai bune \u021big\u0103ri electronice de unic\u0103 folosin\u021b\u0103 din 2024 includ:<\/p>\n<ul>\n<li><strong>Poco BL10000 Pufuri<\/strong>: Cunoscut pentru capacitatea sa de 10.000 de pufuri, flux de aer ajustabil \u0219i multiple niveluri de nicotin\u0103.<\/li>\n<li><strong>Elf World i15 Pro 12000<\/strong>: Num\u0103r mare de pufuri, baterie re\u00eenc\u0103rcabil\u0103 \u0219i design orientat spre MTL.<\/li>\n<li><strong>AIVONO Lost Mary 6500 Puff<\/strong>: Flux de aer ajustabil \u0219i design compact, u\u0219or de utilizat.<\/li>\n<li><strong>Fumot RandM Tornado 30000 Puffs<\/strong>: Dispune de lumini RGB sincronizate cu muzica \u0219i un num\u0103r mare de pufuri.<\/li>\n<\/ul>\n<\/li>\n<\/ul>\n<\/div>\n<\/div>\n<\/div>\n<\/div>\n<h3>Despre livrare<\/h3>\n<div class=\"flex-shrink-0 flex flex-col relative items-end\">\n<div>\n<div class=\"pt-0\">\n<div class=\"gizmo-bot-avatar flex h-8 w-8 items-center justify-center overflow-hidden rounded-full\">\n<div><\/div>\n<div class=\"relative p-1 rounded-sm flex items-center justify-center bg-token-main-surface-primary text-token-text-primary h-8 w-8\"><strong>1. Ce metode de expediere sunt folosite?<\/strong><\/div>\n<\/div>\n<\/div>\n<\/div>\n<\/div>\n<div class=\"group\/conversation-turn relative flex w-full min-w-0 flex-col agent-turn\">\n<div class=\"flex-col gap-1 md:gap-3\">\n<div class=\"flex max-w-full flex-col flex-grow\">\n<div class=\"min-h-[20px] text-message flex w-full flex-col items-end gap-2 whitespace-normal break-words [.text-message+&amp;]:mt-5 overflow-x-auto\" dir=\"auto\" data-message-author-role=\"assistant\" data-message-id=\"22f8283b-3233-46ff-89a5-c7a41b33abda\">\n<div class=\"flex w-full flex-col gap-1 empty:hidden first:pt-[3px]\">\n<div class=\"markdown prose w-full break-words dark:prose-invert light\">\n<p>Colabor\u0103m cu UPS, DHL, FedEx, DPD \u0219i al\u021bi transportatori de top. Vom selecta cea mai bun\u0103 metod\u0103 de expediere \u00een func\u021bie de loca\u021bia dvs. de livrare pentru a ne asigura c\u0103 ve\u021bi primi produsele c\u00e2t mai repede posibil.<\/p>\n<\/div>\n<p><strong>2. C\u00e2t dureaz\u0103 livrarea?<\/strong><\/p>\n<p>Pachetele expediate \u00een Rom\u00e2nia ajung de obicei \u00een 10 zile lucr\u0103toare. Livrarea \u00een \u021b\u0103rile europene dureaz\u0103, \u00een general, aproximativ 12-15 zile lucr\u0103toare. V\u0103 vom oferi actualiz\u0103ri \u00een timp real cu privire la starea expedierii dumneavoastr\u0103.<\/p>\n<\/div>\n<\/div>\n<\/div>\n<\/div>\n<\/div>\n<p>&nbsp;<\/p>\n<p>Alte produse vape populare care v-ar putea pl\u0103cea:<\/p>\n<p><a href=\"https:\/\/rmvapesale.com\/ro\/product\/fumot-randm-tornado-30000-puffs-30k-music-disposable-vape\/\"><strong>RandM Tornado 30000 Puff\u00a0 \u00a0<span style=\"color: #ff0000\">&gt;&gt;&gt;&gt; merge\u021bi!<\/span><\/strong><\/a><\/p>\n<p><strong><a href=\"https:\/\/rmvapesale.com\/ro\/product\/rechargeable-vape-vapme-spacex-22000-puff-wholesale\/\">Vapme Spacex 22000 Pufuri <span style=\"color: #ff0000\">&gt;&gt;&gt;&gt; merge\u021bi!<\/span><\/a>\u00a0<\/strong><\/p>\n<p><a href=\"https:\/\/rmvapesale.com\/ro\/product\/original-randm-vape-digital-puff-12000-fumot-factory-price\/\"><strong>Fumot Vape 12000 pufuri <span style=\"color: #ff0000\">&gt;&gt;&gt;&gt; merge\u021bi!<\/span><\/strong><\/a><\/p>\n<p>&nbsp;<\/p>\n<p>&nbsp;<\/p>\n<p>G\u0103si\u021bi mai multe produse de vapat care v-ar putea pl\u0103cea:<strong><em><a href=\"https:\/\/rmvapesale.com\/ro\/shop-2\/\">cump\u0103r\u0103 acum &gt;&gt;&gt;<\/a><\/em><\/strong><\/p>","protected":false},"excerpt":{"rendered":"<p>Vapat de unic\u0103 folosin\u021b\u0103 POCO BL10000 Pufuri 2% 5% Nicotin\u0103<br \/>\nPoco BL10000 Vapat re\u00eenc\u0103rcabil de unic\u0103 folosin\u021b\u0103<br \/>\nVapat de unic\u0103 folosin\u021b\u0103 Poco BL10000 en gros<br \/>\n<span style=\"color: #ff0000\">(Livrare din depozitul din Rom\u00e2nia \u0219i dureaz\u0103 aproximativ 3-5 zile s\u0103 ajung\u0103 \u00een majoritatea \u021b\u0103rilor europene precum \u021a\u0103rile de Jos, Fran\u021ba, Italia, Spania, Elve\u021bia, Suedia, Polonia, etc.)<\/span><\/p>\n<p><img loading=\"lazy\" decoding=\"async\" class=\"size-full wp-image-2375\" src=\"https:\/\/rmvapesale.com\/wp-content\/uploads\/2024\/10\/image.png\" alt=\"Cea mai bun\u0103 \u021bigar\u0103 electronic\u0103 de unic\u0103 folosin\u021b\u0103\" width=\"229\" height=\"300\" \/><\/p>\n<h3><a href=\"https:\/\/wa.me\/8617776015835\"><span style=\"color: #ff0000\"><strong>WhatsApp: +86 17776015835<\/strong><\/span><\/a><\/h3>\n<p>&nbsp;<\/p>","protected":false},"featured_media":2569,"comment_status":"open","ping_status":"closed","template":"","meta":{"_uag_custom_page_level_css":"","_lmt_disableupdate":"no","_lmt_disable":"","site-sidebar-layout":"default","site-content-layout":"content-boxed-container","ast-site-content-layout":"normal-width-container","site-content-style":"boxed","site-sidebar-style":"unboxed","ast-global-header-display":"","ast-banner-title-visibility":"","ast-main-header-display":"","ast-hfb-above-header-display":"","ast-hfb-below-header-display":"","ast-hfb-mobile-header-display":"","site-post-title":"","ast-breadcrumbs-content":"","ast-featured-img":"","footer-sml-layout":"","theme-transparent-header-meta":"default","adv-header-id-meta":"","stick-header-meta":"","header-above-stick-meta":"","header-main-stick-meta":"","header-below-stick-meta":"","astra-migrate-meta-layouts":"set","ast-page-background-enabled":"default","ast-page-background-meta":{"desktop":{"background-color":"var(--ast-global-color-4)","background-image":"","background-repeat":"repeat","background-position":"center center","background-size":"auto","background-attachment":"scroll","background-type":"","background-media":"","overlay-type":"","overlay-color":"","overlay-opacity":"","overlay-gradient":""},"tablet":{"background-color":"","background-image":"","background-repeat":"repeat","background-position":"center center","background-size":"auto","background-attachment":"scroll","background-type":"","background-media":"","overlay-type":"","overlay-color":"","overlay-opacity":"","overlay-gradient":""},"mobile":{"background-color":"","background-image":"","background-repeat":"repeat","background-position":"center center","background-size":"auto","background-attachment":"scroll","background-type":"","background-media":"","overlay-type":"","overlay-color":"","overlay-opacity":"","overlay-gradient":""}},"ast-content-background-meta":{"desktop":{"background-color":"var(--ast-global-color-5)","background-image":"","background-repeat":"repeat","background-position":"center center","background-size":"auto","background-attachment":"scroll","background-type":"","background-media":"","overlay-type":"","overlay-color":"","overlay-opacity":"","overlay-gradient":""},"tablet":{"background-color":"var(--ast-global-color-5)","background-image":"","background-repeat":"repeat","background-position":"center center","background-size":"auto","background-attachment":"scroll","background-type":"","background-media":"","overlay-type":"","overlay-color":"","overlay-opacity":"","overlay-gradient":""},"mobile":{"background-color":"var(--ast-global-color-5)","background-image":"","background-repeat":"repeat","background-position":"center center","background-size":"auto","background-attachment":"scroll","background-type":"","background-media":"","overlay-type":"","overlay-color":"","overlay-opacity":"","overlay-gradient":""}},"_joinchat":[]},"product_brand":[],"product_cat":[15,195,25,123,26,28,135,27,137,30],"product_tag":[146,188,167,165,191,120],"class_list":{"0":"post-2573","1":"product","2":"type-product","3":"status-publish","4":"has-post-thumbnail","6":"product_cat-new-vape-this-week","7":"product_cat-germany-warehouse","8":"product_cat-germany-best-selling-vape","9":"product_cat-italy-wholesale-vape","10":"product_cat-netherlands-hot-sale-vape","11":"product_cat-poland-hot-sale-vape","12":"product_cat-spain-best-hot-sale-vape","13":"product_cat-fance-hot-sale-vape","14":"product_cat-rechargeable-vapes","15":"product_cat-minimum-order-quantity-50pcs","16":"product_tag-best-hot-sale-vape","17":"product_tag-buy-vapes-online","18":"product_tag-disposable-vape-with-screen","19":"product_tag-rechargeable-vapes","20":"product_tag-vape-box","21":"product_tag-vape-wholesale","22":"desktop-align-left","23":"tablet-align-left","24":"mobile-align-left","26":"first","27":"instock","28":"sale","29":"shipping-taxable","30":"purchasable","31":"product-type-simple"},"uagb_featured_image_src":{"full":["https:\/\/rmvapesale.com\/wp-content\/uploads\/2024\/10\/Poco-BL10000-Puffs-Disposable-Vape-Wholesale.jpg",800,800,false],"thumbnail":["https:\/\/rmvapesale.com\/wp-content\/uploads\/2024\/10\/Poco-BL10000-Puffs-Disposable-Vape-Wholesale-150x150.jpg",150,150,true],"medium":["https:\/\/rmvapesale.com\/wp-content\/uploads\/2024\/10\/Poco-BL10000-Puffs-Disposable-Vape-Wholesale-300x300.jpg",300,300,true],"medium_large":["https:\/\/rmvapesale.com\/wp-content\/uploads\/2024\/10\/Poco-BL10000-Puffs-Disposable-Vape-Wholesale-768x768.jpg",768,768,true],"large":["https:\/\/rmvapesale.com\/wp-content\/uploads\/2024\/10\/Poco-BL10000-Puffs-Disposable-Vape-Wholesale.jpg",800,800,false],"1536x1536":["https:\/\/rmvapesale.com\/wp-content\/uploads\/2024\/10\/Poco-BL10000-Puffs-Disposable-Vape-Wholesale.jpg",800,800,false],"2048x2048":["https:\/\/rmvapesale.com\/wp-content\/uploads\/2024\/10\/Poco-BL10000-Puffs-Disposable-Vape-Wholesale.jpg",800,800,false],"trp-custom-language-flag":["https:\/\/rmvapesale.com\/wp-content\/uploads\/2024\/10\/Poco-BL10000-Puffs-Disposable-Vape-Wholesale.jpg",12,12,false],"woocommerce_thumbnail":["https:\/\/rmvapesale.com\/wp-content\/uploads\/2024\/10\/Poco-BL10000-Puffs-Disposable-Vape-Wholesale-300x300.jpg",300,300,true],"woocommerce_single":["https:\/\/rmvapesale.com\/wp-content\/uploads\/2024\/10\/Poco-BL10000-Puffs-Disposable-Vape-Wholesale-600x600.jpg",600,600,true],"woocommerce_gallery_thumbnail":["https:\/\/rmvapesale.com\/wp-content\/uploads\/2024\/10\/Poco-BL10000-Puffs-Disposable-Vape-Wholesale-100x100.jpg",100,100,true],"wcpr-photo-reviews":["https:\/\/rmvapesale.com\/wp-content\/uploads\/2024\/10\/Poco-BL10000-Puffs-Disposable-Vape-Wholesale.jpg",500,500,false]},"uagb_author_info":{"display_name":"AMY","author_link":"https:\/\/rmvapesale.com\/ro\/author\/"},"uagb_comment_info":0,"uagb_excerpt":"POCO BL10000 Puffs Disposable Vape 2% 5% Nicotine Poco BL10000 Rechargeable Disposable Vape Poco BL10000 Disposable Vape Wholesale (Ship from most Germany warehouse and takes about 3-5 days\u00a0 to get arrive to most Europe countries like Netherlands, France, Italy, Spain, Switzerland, Sweden, Poland, etc. ) WhatsApp: +86 17776015835 &nbsp;","_links":{"self":[{"href":"https:\/\/rmvapesale.com\/ro\/wp-json\/wp\/v2\/product\/2573","targetHints":{"allow":["GET"]}}],"collection":[{"href":"https:\/\/rmvapesale.com\/ro\/wp-json\/wp\/v2\/product"}],"about":[{"href":"https:\/\/rmvapesale.com\/ro\/wp-json\/wp\/v2\/types\/product"}],"replies":[{"embeddable":true,"href":"https:\/\/rmvapesale.com\/ro\/wp-json\/wp\/v2\/comments?post=2573"}],"wp:featuredmedia":[{"embeddable":true,"href":"https:\/\/rmvapesale.com\/ro\/wp-json\/wp\/v2\/media\/2569"}],"wp:attachment":[{"href":"https:\/\/rmvapesale.com\/ro\/wp-json\/wp\/v2\/media?parent=2573"}],"wp:term":[{"taxonomy":"product_brand","embeddable":true,"href":"https:\/\/rmvapesale.com\/ro\/wp-json\/wp\/v2\/product_brand?post=2573"},{"taxonomy":"product_cat","embeddable":true,"href":"https:\/\/rmvapesale.com\/ro\/wp-json\/wp\/v2\/product_cat?post=2573"},{"taxonomy":"product_tag","embeddable":true,"href":"https:\/\/rmvapesale.com\/ro\/wp-json\/wp\/v2\/product_tag?post=2573"}],"curies":[{"name":"wp","href":"https:\/\/api.w.org\/{rel}","templated":true}]}}