{"id":2582,"date":"2024-10-28T06:44:31","date_gmt":"2024-10-28T06:44:31","guid":{"rendered":"https:\/\/rmvapesale.com\/?post_type=product&#038;p=2582"},"modified":"2024-10-28T07:36:05","modified_gmt":"2024-10-28T07:36:05","slug":"elfworld-plus-20000-puff-smart-disposable-vape-bulk-buy","status":"publish","type":"product","link":"https:\/\/rmvapesale.com\/ro\/product\/elfworld-plus-20000-puff-smart-disposable-vape-bulk-buy\/","title":{"rendered":"ELFWORLD Plus 20000 Puf Tigara electronica inteligenta de unica folosinta cump\u0103rare \u00een vrac"},"content":{"rendered":"<div class=\"B2VR9 CJHX3e\">\n<div class=\"wyccme\">\n<h1 class=\"LC20lb MBeuO DKV0Md\">ELFWORLD Plus 20000 Puf Tigara electronica inteligenta de unica folosinta cump\u0103rare \u00een vrac<\/h1>\n<div class=\"flex-shrink-0 flex flex-col relative items-end\">\n<div class=\"pt-0\">\n<div class=\"gizmo-bot-avatar flex h-8 w-8 items-center justify-center overflow-hidden rounded-full\">\n<div class=\"relative p-1 rounded-sm flex items-center justify-center bg-token-main-surface-primary text-token-text-primary h-8 w-8\">\n<p>The <strong>ELFWORLD Plus 20000 Puff Vaporizator de unic\u0103 folosin\u021b\u0103 inteligent<\/strong> este o alegere de top pentru cei care caut\u0103 caracteristici avansate \u0219i o experien\u021b\u0103 de vapat personalizabil\u0103. Cu o capacitate mare, <strong>vape de 20000 de pufuri<\/strong> ofer\u0103 o longevitate de neegalat \u0219i este proiectat cu inova\u021bie \u0219i stil, fiind unul dintre cele mai bune <strong>mai bune vape-uri de unic\u0103 folosin\u021b\u0103 din 2024<\/strong> pentru <strong>vape-uri en-gros<\/strong> \u0219i pentru cump\u0103r\u0103tori individuali deopotriv\u0103.<\/p>\n<p>&nbsp;<\/p>\n<p>Acest <strong>vaporizatoarele ELFWORLD pulse<\/strong> ofer\u0103 selec\u021bie dual\u0103, permi\u021b\u00e2nd utilizatorilor s\u0103 \u00ee\u0219i adapteze fiecare sesiune, maximiz\u00e2nd satisfac\u021bia \u0219i \u00eembun\u0103t\u0103\u021bind fiecare inhalare. <strong>Mod conven\u021bional<\/strong>: Ofer\u0103 un num\u0103r remarcabil de 20.000 de cicluri pentru o utilizare extins\u0103. <strong>Mod Puls<\/strong>: Ofer\u0103 10.000 de inhal\u0103ri intense, perfecte pentru utilizatorii care doresc o arom\u0103 \u0219i o produc\u021bie de vapori amplificat\u0103.<\/p>\n<p>Acest\u00a0<strong>vape de unic\u0103 folosin\u021b\u0103 cu ecran<\/strong> vine cu un ecran \u00een timp real, care arat\u0103 <strong>procentajul bateriei<\/strong> \u0219i puterea r\u0103mas\u0103, astfel \u00eenc\u00e2t s\u0103 de\u021bine\u021bi controlul deplin asupra experien\u021bei de vapat. Aceast\u0103 caracteristic\u0103 este ideal\u0103 pentru utilizatorii care doresc precizie \u0219i fiabilitate la fiecare inhalare.<\/p>\n<p>Proiectat pentru a fi at\u00e2t <strong>elegant c\u00e2t \u0219i func\u021bional<\/strong>, ELFWORLD Plus 20K combin\u0103 perfect estetica elegant\u0103 cu performan\u021ba robust\u0103. Conceput\u0103 pentru a se potrivi vaperilor de toate nivelurile, aceast\u0103 \u021bigar\u0103 electronic\u0103 de unic\u0103 folosin\u021b\u0103 este disponibil\u0103 pentru <strong>vape-uri \u00een vrac<\/strong>, fiind o potrivire perfect\u0103 pentru <strong>magazine de vape-uri<\/strong> \u0219i <strong>vape-uri en-gros<\/strong> furnizori.<\/p>\n<p>Pentru cei care caut\u0103 <strong>populare m\u0103rci de vape<\/strong> sau pur \u0219i simplu doresc s\u0103 <strong>cump\u0103ra\u021bi \u021big\u0103ri electronice online<\/strong>, ELFWORLD Plus 20K stabile\u0219te un nou standard \u00een vaping-ul de unic\u0103 folosin\u021b\u0103 prin combina\u021bia sa de stil, versatilitate \u0219i caracteristici avansate.<\/p>\n<\/div>\n<\/div>\n<\/div>\n<\/div>\n<\/div>\n<\/div>\n<p><strong>Contacta\u021bi-o pe Amy pentru a ob\u021bine un r\u0103spuns prompt \u0219i un cupon pentru vape!<\/strong><\/p>\n<p><img loading=\"lazy\" decoding=\"async\" class=\"size-full wp-image-1978\" src=\"https:\/\/rmvapesale.com\/wp-content\/uploads\/2024\/09\/Disposable-Vape-Wholesale.jpg\" alt=\"\u021aig\u0103ri electronice de unic\u0103 folosin\u021b\u0103 en-gros\" width=\"229\" height=\"300\" \/><\/p>\n<h3><a href=\"https:\/\/wa.me\/8617776015835\" target=\"_blank\" rel=\"noopener\"><span style=\"color: #ff0000\"><strong>WhatsApp: +86 17776015835<\/strong><\/span><\/a><\/h3>\n<p>&nbsp;<\/p>\n<h2><\/h2>\n<h2><strong>ELFWORLD Plus 20000 Puff Vaporizator de unic\u0103 folosin\u021b\u0103 inteligent <\/strong><strong>Caracteristici principale<\/strong><\/h2>\n<p>E-Lichid pre-umplut de 22 ml<br \/>\nBaterie intern\u0103 re\u00eenc\u0103rcabil\u0103 de 650mAh<br \/>\nNum\u0103r de pufuri: Aproximativ 20000 de pufuri<br \/>\nEcran HD<br \/>\n2 moduri de vaping: Normal\/Boost<br \/>\nAjustare flux de aer<br \/>\nBobine duble de tip mesh<br \/>\n2% 5% Concentra\u021bie de nicotin\u0103<br \/>\n\u00cenc\u0103rcare de tip Type-C (Nu este inclus)<br \/>\nActivare la inhalare<br \/>\nVapat MTL<\/p>\n<figure id=\"attachment_2576\" aria-describedby=\"caption-attachment-2576\" style=\"width: 600px\" class=\"wp-caption alignnone\"><img loading=\"lazy\" decoding=\"async\" class=\"wp-image-2576 size-full\" src=\"https:\/\/rmvapesale.com\/wp-content\/uploads\/2024\/10\/ELFWORLD-ELF-WORLD-Plus-20K-20000-Puffs-Disposable.jpg\" alt=\"ELFWORLD ELF WORLD Plus+ 20K 20000 Pufuri de unic\u0103 folosin\u021b\u0103\" width=\"600\" height=\"600\" srcset=\"https:\/\/rmvapesale.com\/wp-content\/uploads\/2024\/10\/ELFWORLD-ELF-WORLD-Plus-20K-20000-Puffs-Disposable.jpg 600w, https:\/\/rmvapesale.com\/wp-content\/uploads\/2024\/10\/ELFWORLD-ELF-WORLD-Plus-20K-20000-Puffs-Disposable-300x300.jpg 300w, https:\/\/rmvapesale.com\/wp-content\/uploads\/2024\/10\/ELFWORLD-ELF-WORLD-Plus-20K-20000-Puffs-Disposable-150x150.jpg 150w, https:\/\/rmvapesale.com\/wp-content\/uploads\/2024\/10\/ELFWORLD-ELF-WORLD-Plus-20K-20000-Puffs-Disposable-100x100.jpg 100w\" sizes=\"auto, (max-width: 600px) 100vw, 600px\" \/><figcaption id=\"caption-attachment-2576\" class=\"wp-caption-text\">ELFWORLD ELF WORLD Plus+ 20K 20000 Pufuri de unic\u0103 folosin\u021b\u0103<\/figcaption><\/figure>\n<h2><strong>Arom\u0103 de top pentru ELFWORLD Plus 20000 Puff Smart Disposable Vape<\/strong><\/h2>\n<p>1.L\u0103m\u00e2ie \u0219i Struguri<br \/>\n2.Fcuking Fab<br \/>\n3.Cherry Bomb <span style=\"color: #ff0000\"><strong>&gt;&gt;&gt;&gt; Fierbinte!<\/strong><\/span><br \/>\n4.Piersic\u0103 Zemoas\u0103 cu Ghea\u021b\u0103<br \/>\n5.Fructe de P\u0103dure<br \/>\n6.Zmeur\u0103 Albastr\u0103 cu Ghea\u021b\u0103 <span style=\"color: #ff0000\"><strong>&gt;&gt;&gt;&gt; Fierbinte!<\/strong><\/span><br \/>\n7.Pepene Galben \u0219i Fructul Dragonului<br \/>\n8.Afine pepene ro\u0219u<span style=\"color: #ff0000\"><strong>&gt;&gt;&gt;&gt; Cel mai bun!<\/strong><\/span><br \/>\n9.Limonad\u0103 Roz<br \/>\n10.Mango<br \/>\n11.C\u0103p\u0219uni cu Banan\u0103<br \/>\n12.Pepene Ro\u0219u cu Ghea\u021b\u0103<br \/>\n13.Gummie Alb\u0103 cu Ghea\u021b\u0103<br \/>\n14.C\u0103p\u0219uni Mango<br \/>\n15.Miami Ment\u0103<\/p>\n<figure id=\"attachment_2581\" aria-describedby=\"caption-attachment-2581\" style=\"width: 1024px\" class=\"wp-caption alignnone\"><img loading=\"lazy\" decoding=\"async\" class=\"wp-image-2581 size-large\" src=\"https:\/\/rmvapesale.com\/wp-content\/uploads\/2024\/10\/ELFWORLD-Plus-20K-Disposable-Vape-Pod-Wholesale-1024x716.jpg\" alt=\"ELFWORLD Plus+ 20K Vaporizator de unic\u0103 folosin\u021b\u0103 Pod V\u00e2nzare en-gros\" width=\"1024\" height=\"716\" srcset=\"https:\/\/rmvapesale.com\/wp-content\/uploads\/2024\/10\/ELFWORLD-Plus-20K-Disposable-Vape-Pod-Wholesale-1024x716.jpg 1024w, https:\/\/rmvapesale.com\/wp-content\/uploads\/2024\/10\/ELFWORLD-Plus-20K-Disposable-Vape-Pod-Wholesale-300x210.jpg 300w, https:\/\/rmvapesale.com\/wp-content\/uploads\/2024\/10\/ELFWORLD-Plus-20K-Disposable-Vape-Pod-Wholesale-768x537.jpg 768w, https:\/\/rmvapesale.com\/wp-content\/uploads\/2024\/10\/ELFWORLD-Plus-20K-Disposable-Vape-Pod-Wholesale-1536x1074.jpg 1536w, https:\/\/rmvapesale.com\/wp-content\/uploads\/2024\/10\/ELFWORLD-Plus-20K-Disposable-Vape-Pod-Wholesale-600x419.jpg 600w, https:\/\/rmvapesale.com\/wp-content\/uploads\/2024\/10\/ELFWORLD-Plus-20K-Disposable-Vape-Pod-Wholesale.jpg 1920w\" sizes=\"auto, (max-width: 1024px) 100vw, 1024px\" \/><figcaption id=\"caption-attachment-2581\" class=\"wp-caption-text\">ELFWORLD Plus+ 20K Vaporizator de unic\u0103 folosin\u021b\u0103 Pod V\u00e2nzare en-gros<\/figcaption><\/figure>\n<h3><strong>De ce s\u0103 alege\u021bi Rmvapesale pentru \u021bigara electronic\u0103 de unic\u0103 folosin\u021b\u0103 re\u00eenc\u0103rcabil\u0103 ELFWORLD Plus 20000 Pufuri<\/strong><strong>?<\/strong><\/h3>\n<div class=\"flex-shrink-0 flex flex-col relative items-end\">\n<div class=\"pt-0\">\n<div class=\"gizmo-bot-avatar flex h-8 w-8 items-center justify-center overflow-hidden rounded-full\">\n<div class=\"relative p-1 rounded-sm flex items-center justify-center bg-token-main-surface-primary text-token-text-primary h-8 w-8\">\n<p>&nbsp;<\/p>\n<p>C\u00e2nd alege\u021bi Rmvapesale pentru nevoile dvs. de vape-uri de unic\u0103 folosin\u021b\u0103 en-gros, ve\u021bi beneficia de:<\/p>\n<ul>\n<li><strong>Pre\u021b competitiv<\/strong>: Beneficia\u021bi de pre\u021buri atractive pentru a v\u0103 m\u0103ri marja de profit.<\/li>\n<li><strong>Calitate superioar\u0103<\/strong>: Vape-urile noastre sunt fabricate la cele mai \u00eenalte standarde, \u0219i <span style=\"color: #ff0000\"><strong>garantat 100% originale \u0219i autentice, sau primi\u021bi de 10 ori compensa\u021bia \u00een caz de produse contraf\u0103cute!<\/strong><\/span><\/li>\n<li><strong>Serviciu clien\u021bi excelent<\/strong>: Echipa noastr\u0103 dedicat\u0103 este mereu gata s\u0103 v\u0103 asiste, f\u0103c\u00e2nd procesul de cump\u0103rare u\u0219or \u0219i lipsit de griji.<\/li>\n<li><strong>Livrare rapid\u0103<\/strong>: A\u0219tepta\u021bi-v\u0103 la transport prompt \u0219i de \u00eencredere, care v\u0103 asigur\u0103 c\u0103 comenzile dumneavoastr\u0103 ajung la timp, de fiecare dat\u0103.<\/li>\n<\/ul>\n<\/div>\n<h3><\/h3>\n<div class=\"relative p-1 rounded-sm flex items-center justify-center bg-token-main-surface-primary text-token-text-primary h-8 w-8\">\n<h3><b>\u00centreb\u0103ri frecvente despre ELFWORLD Plus 20000 Pufuri<\/b><\/h3>\n<ul>\n<li><strong>Cum se \u00eencarc\u0103 \u021bigara electronic\u0103 de unic\u0103 folosin\u021b\u0103 re\u00eenc\u0103rcabil\u0103 ELFWORLD Plus 20000 Pufuri<\/strong><br \/>\nELFWORLD Plus 20K are o baterie re\u00eenc\u0103rcabil\u0103 care poate fi \u00eenc\u0103rcat\u0103 prin portul s\u0103u de \u00eenc\u0103rcare desemnat. Pur \u0219i simplu conecta\u021bi-o la un \u00eenc\u0103rc\u0103tor compatibil cu Type-C pentru o re\u00eenc\u0103rcare rapid\u0103 \u0219i eficient\u0103, ceea ce ajut\u0103 la asigurarea unor sesiuni de vapat ne\u00eentrerupte.<\/li>\n<li><strong>C\u00e2t\u0103 nicotin\u0103 se afl\u0103 \u00eentr-o \u021bigar\u0103 electronic\u0103 de unic\u0103 folosin\u021b\u0103 inteligent\u0103 ELFWORLD Plus 20000 Pufuri<\/strong><br \/>\nELFWORLD Plus 20K ofer\u0103 o op\u021biune cu un con\u021binut sc\u0103zut de nicotin\u0103, de\u0219i concentra\u021bia specific\u0103 de nicotin\u0103 (cum ar fi 0%, 2% sau 5%) nu este detaliat\u0103 \u00een con\u021binutul furnizat. Pentru niveluri exacte de nicotin\u0103, verifica\u021bi ambalajul produsului sau informa\u021biile de la distribuitor.<\/li>\n<li><strong>C\u00e2t timp ar trebui s\u0103 \u00eencarc \u021bigara mea electronic\u0103 de unic\u0103 folosin\u021b\u0103 ELFWORLD Plus 20000 Pufuri?<\/strong><br \/>\nTimpul de \u00eenc\u0103rcare poate varia \u00een func\u021bie de sursa de alimentare. Cu tehnologia de \u00eenc\u0103rcare rapid\u0103 Type-C, dispozitivul va fi probabil gata \u00eentr-un timp scurt. Consulta\u021bi afi\u0219ajul \u00een timp real de pe dispozitiv, care arat\u0103 procentul bateriei, pentru a monitoriza progresul \u00eenc\u0103rc\u0103rii \u0219i a \u0219ti c\u00e2nd este complet \u00eenc\u0103rcat\u0103.<\/li>\n<li><strong>De unde pot cump\u0103ra \u021bigara electronic\u0103 ELFWORLD Plus 20000 Pufuri?<\/strong><br \/>\nPute\u021bi cump\u0103ra \u021bigara electronic\u0103 inteligent\u0103 de unic\u0103 folosin\u021b\u0103 ELFWORLD Plus 20K din magazine de vapat, <strong>baruri de vapat<\/strong>, \u0219i <strong>vape-uri en-gros<\/strong> distribuitori. Este, de asemenea, disponibil\u0103 pentru cump\u0103rare online prin diverse platforme de magazine de vapat, ceea ce o face u\u0219or de procurat. <strong>cump\u0103ra\u021bi \u021big\u0103ri electronice online<\/strong>.<\/li>\n<li><strong>Care sunt cele mai bune \u021big\u0103ri electronice de unic\u0103 folosin\u021b\u0103 din 2024?<\/strong><br \/>\nUnele dintre cele mai bune \u021big\u0103ri electronice de unic\u0103 folosin\u021b\u0103 din 2024 includ:<\/p>\n<ul>\n<li><strong>ELFWORLD Plus 20K<\/strong>: Cu 20.000 de pufuri, moduri de aspira\u021bie dubl\u0103 \u0219i un afi\u0219aj \u00een timp real.<\/li>\n<li><strong>Elf World i15 Pro 12000<\/strong>: Num\u0103r mare de pufuri \u0219i re\u00eenc\u0103rcabil\u0103, cu un design elegant.<\/li>\n<li><strong>AIVONO Lost Mary 6500 Puff<\/strong>: Flux de aer reglabil \u0219i design compact.<\/li>\n<li><strong>Fumot RandM Tornado 30000 Puffs<\/strong>: Iluminare RGB unic\u0103 \u0219i performan\u021b\u0103 de lung\u0103 durat\u0103.<\/li>\n<\/ul>\n<\/li>\n<\/ul>\n<p>&nbsp;<\/p>\n<\/div>\n<\/div>\n<\/div>\n<\/div>\n<h3>Despre livrare<\/h3>\n<div class=\"flex-shrink-0 flex flex-col relative items-end\">\n<div>\n<div class=\"pt-0\">\n<div class=\"gizmo-bot-avatar flex h-8 w-8 items-center justify-center overflow-hidden rounded-full\">\n<div><\/div>\n<div class=\"relative p-1 rounded-sm flex items-center justify-center bg-token-main-surface-primary text-token-text-primary h-8 w-8\"><strong>1. Ce metode de expediere sunt folosite?<\/strong><\/div>\n<\/div>\n<\/div>\n<\/div>\n<\/div>\n<div class=\"group\/conversation-turn relative flex w-full min-w-0 flex-col agent-turn\">\n<div class=\"flex-col gap-1 md:gap-3\">\n<div class=\"flex max-w-full flex-col flex-grow\">\n<div class=\"min-h-[20px] text-message flex w-full flex-col items-end gap-2 whitespace-normal break-words [.text-message+&amp;]:mt-5 overflow-x-auto\" dir=\"auto\" data-message-author-role=\"assistant\" data-message-id=\"22f8283b-3233-46ff-89a5-c7a41b33abda\">\n<div class=\"flex w-full flex-col gap-1 empty:hidden first:pt-[3px]\">\n<div class=\"markdown prose w-full break-words dark:prose-invert light\">\n<p>Colabor\u0103m cu UPS, DHL, FedEx, DPD \u0219i al\u021bi transportatori de top. Vom selecta cea mai bun\u0103 metod\u0103 de expediere \u00een func\u021bie de loca\u021bia dvs. de livrare pentru a ne asigura c\u0103 ve\u021bi primi produsele c\u00e2t mai repede posibil.<\/p>\n<\/div>\n<p><strong>2. C\u00e2t dureaz\u0103 livrarea?<\/strong><\/p>\n<p>Pachetele expediate \u00een Rom\u00e2nia ajung de obicei \u00een 10 zile lucr\u0103toare. Livrarea \u00een \u021b\u0103rile europene dureaz\u0103, \u00een general, aproximativ 12-15 zile lucr\u0103toare. V\u0103 vom oferi actualiz\u0103ri \u00een timp real cu privire la starea expedierii dumneavoastr\u0103.<\/p>\n<\/div>\n<\/div>\n<\/div>\n<\/div>\n<\/div>\n<p>&nbsp;<\/p>\n<p>Alte produse vape populare care v-ar putea pl\u0103cea:<\/p>\n<p><a href=\"https:\/\/rmvapesale.com\/ro\/product\/fumot-randm-tornado-30000-puffs-30k-music-disposable-vape\/\"><strong>RandM Tornado 30000 Puff\u00a0 \u00a0<span style=\"color: #ff0000\">&gt;&gt;&gt;&gt; merge\u021bi!<\/span><\/strong><\/a><\/p>\n<p><strong><a href=\"https:\/\/rmvapesale.com\/ro\/product\/rechargeable-vape-vapme-spacex-22000-puff-wholesale\/\">Vapme Spacex 22000 Pufuri <span style=\"color: #ff0000\">&gt;&gt;&gt;&gt; merge\u021bi!<\/span><\/a>\u00a0<\/strong><\/p>\n<p><a href=\"https:\/\/rmvapesale.com\/ro\/product\/disposable-vape-poco-bl10000-puffs-wholesale\/\"><strong>Tigara electronica de unica folosinta POCO BL10000 Pufuri <span style=\"color: #ff0000\">&gt;&gt;&gt;&gt; merge\u021bi!<\/span><\/strong><\/a><\/p>\n<p>&nbsp;<\/p>\n<p>&nbsp;<\/p>\n<p>G\u0103si\u021bi mai multe produse de vapat care v-ar putea pl\u0103cea:<strong><em><a href=\"https:\/\/rmvapesale.com\/ro\/shop-2\/\">cump\u0103r\u0103 acum &gt;&gt;&gt;<\/a><\/em><\/strong><\/p>","protected":false},"excerpt":{"rendered":"<p>Elf World Plus 20000 Puffs Vaporizator de unic\u0103 folosin\u021b\u0103 cu ecran LED<br \/>\nELFWORLD Plus 20000 Puff Vaporizator re\u00eenc\u0103rcabil Pre\u021b de fabric\u0103<br \/>\nELFWORLD Plus+ 20K Vaporizator de unic\u0103 folosin\u021b\u0103 Pod V\u00e2nzare en-gros<br \/>\n<span style=\"color: #ff0000\">(Livrare din depozitul din Rom\u00e2nia \u0219i dureaz\u0103 aproximativ 3-5 zile s\u0103 ajung\u0103 \u00een majoritatea \u021b\u0103rilor europene precum \u021a\u0103rile de Jos, Fran\u021ba, Italia, Spania, Elve\u021bia, Suedia, Polonia, etc.)<\/span><\/p>\n<p><img loading=\"lazy\" decoding=\"async\" class=\"size-full wp-image-2375\" src=\"https:\/\/rmvapesale.com\/wp-content\/uploads\/2024\/10\/image.png\" alt=\"Cea mai bun\u0103 \u021bigar\u0103 electronic\u0103 de unic\u0103 folosin\u021b\u0103\" width=\"229\" height=\"300\" \/><\/p>\n<h3><a href=\"https:\/\/wa.me\/8617776015835\"><span style=\"color: #ff0000\"><strong>WhatsApp: +86 17776015835<\/strong><\/span><\/a><\/h3>\n<p>&nbsp;<\/p>","protected":false},"featured_media":2580,"comment_status":"open","ping_status":"closed","template":"","meta":{"_uag_custom_page_level_css":"","_lmt_disableupdate":"no","_lmt_disable":"","site-sidebar-layout":"default","site-content-layout":"content-boxed-container","ast-site-content-layout":"normal-width-container","site-content-style":"boxed","site-sidebar-style":"unboxed","ast-global-header-display":"","ast-banner-title-visibility":"","ast-main-header-display":"","ast-hfb-above-header-display":"","ast-hfb-below-header-display":"","ast-hfb-mobile-header-display":"","site-post-title":"","ast-breadcrumbs-content":"","ast-featured-img":"","footer-sml-layout":"","theme-transparent-header-meta":"default","adv-header-id-meta":"","stick-header-meta":"","header-above-stick-meta":"","header-main-stick-meta":"","header-below-stick-meta":"","astra-migrate-meta-layouts":"set","ast-page-background-enabled":"default","ast-page-background-meta":{"desktop":{"background-color":"var(--ast-global-color-4)","background-image":"","background-repeat":"repeat","background-position":"center center","background-size":"auto","background-attachment":"scroll","background-type":"","background-media":"","overlay-type":"","overlay-color":"","overlay-opacity":"","overlay-gradient":""},"tablet":{"background-color":"","background-image":"","background-repeat":"repeat","background-position":"center center","background-size":"auto","background-attachment":"scroll","background-type":"","background-media":"","overlay-type":"","overlay-color":"","overlay-opacity":"","overlay-gradient":""},"mobile":{"background-color":"","background-image":"","background-repeat":"repeat","background-position":"center center","background-size":"auto","background-attachment":"scroll","background-type":"","background-media":"","overlay-type":"","overlay-color":"","overlay-opacity":"","overlay-gradient":""}},"ast-content-background-meta":{"desktop":{"background-color":"var(--ast-global-color-5)","background-image":"","background-repeat":"repeat","background-position":"center center","background-size":"auto","background-attachment":"scroll","background-type":"","background-media":"","overlay-type":"","overlay-color":"","overlay-opacity":"","overlay-gradient":""},"tablet":{"background-color":"var(--ast-global-color-5)","background-image":"","background-repeat":"repeat","background-position":"center center","background-size":"auto","background-attachment":"scroll","background-type":"","background-media":"","overlay-type":"","overlay-color":"","overlay-opacity":"","overlay-gradient":""},"mobile":{"background-color":"var(--ast-global-color-5)","background-image":"","background-repeat":"repeat","background-position":"center center","background-size":"auto","background-attachment":"scroll","background-type":"","background-media":"","overlay-type":"","overlay-color":"","overlay-opacity":"","overlay-gradient":""}},"_joinchat":[]},"product_brand":[],"product_cat":[15,195,25,123,26,28,135,27,137,136,30],"product_tag":[146,188,167,194,165,191,120],"class_list":{"0":"post-2582","1":"product","2":"type-product","3":"status-publish","4":"has-post-thumbnail","6":"product_cat-new-vape-this-week","7":"product_cat-germany-warehouse","8":"product_cat-germany-best-selling-vape","9":"product_cat-italy-wholesale-vape","10":"product_cat-netherlands-hot-sale-vape","11":"product_cat-poland-hot-sale-vape","12":"product_cat-spain-best-hot-sale-vape","13":"product_cat-fance-hot-sale-vape","14":"product_cat-rechargeable-vapes","15":"product_cat-smart-screen-vapes","16":"product_cat-minimum-order-quantity-50pcs","17":"product_tag-best-hot-sale-vape","18":"product_tag-buy-vapes-online","19":"product_tag-disposable-vape-with-screen","20":"product_tag-elfworld","21":"product_tag-rechargeable-vapes","22":"product_tag-vape-box","23":"product_tag-vape-wholesale","24":"desktop-align-left","25":"tablet-align-left","26":"mobile-align-left","28":"first","29":"instock","30":"sale","31":"shipping-taxable","32":"purchasable","33":"product-type-simple"},"uagb_featured_image_src":{"full":["https:\/\/rmvapesale.com\/wp-content\/uploads\/2024\/10\/Elfworld-Plus-20000-puffs.jpg",800,800,false],"thumbnail":["https:\/\/rmvapesale.com\/wp-content\/uploads\/2024\/10\/Elfworld-Plus-20000-puffs-150x150.jpg",150,150,true],"medium":["https:\/\/rmvapesale.com\/wp-content\/uploads\/2024\/10\/Elfworld-Plus-20000-puffs-300x300.jpg",300,300,true],"medium_large":["https:\/\/rmvapesale.com\/wp-content\/uploads\/2024\/10\/Elfworld-Plus-20000-puffs-768x768.jpg",768,768,true],"large":["https:\/\/rmvapesale.com\/wp-content\/uploads\/2024\/10\/Elfworld-Plus-20000-puffs.jpg",800,800,false],"1536x1536":["https:\/\/rmvapesale.com\/wp-content\/uploads\/2024\/10\/Elfworld-Plus-20000-puffs.jpg",800,800,false],"2048x2048":["https:\/\/rmvapesale.com\/wp-content\/uploads\/2024\/10\/Elfworld-Plus-20000-puffs.jpg",800,800,false],"trp-custom-language-flag":["https:\/\/rmvapesale.com\/wp-content\/uploads\/2024\/10\/Elfworld-Plus-20000-puffs.jpg",12,12,false],"woocommerce_thumbnail":["https:\/\/rmvapesale.com\/wp-content\/uploads\/2024\/10\/Elfworld-Plus-20000-puffs-300x300.jpg",300,300,true],"woocommerce_single":["https:\/\/rmvapesale.com\/wp-content\/uploads\/2024\/10\/Elfworld-Plus-20000-puffs-600x600.jpg",600,600,true],"woocommerce_gallery_thumbnail":["https:\/\/rmvapesale.com\/wp-content\/uploads\/2024\/10\/Elfworld-Plus-20000-puffs-100x100.jpg",100,100,true],"wcpr-photo-reviews":["https:\/\/rmvapesale.com\/wp-content\/uploads\/2024\/10\/Elfworld-Plus-20000-puffs.jpg",500,500,false]},"uagb_author_info":{"display_name":"AMY","author_link":"https:\/\/rmvapesale.com\/ro\/author\/"},"uagb_comment_info":0,"uagb_excerpt":"Elf World Plus 20000 Puffs LED Display Screen Disposable ELFWORLD Plus 20000 Rechargeable Puff Vape Factory Price ELFWORLD Plus+ 20K Disposable Vape Pod Wholesale (Ship from most Germany warehouse and takes about 3-5 days\u00a0 to get arrive to most Europe countries like Netherlands, France, Italy, Spain, Switzerland, Sweden, Poland, etc. ) WhatsApp: +86 17776015835 &nbsp;","_links":{"self":[{"href":"https:\/\/rmvapesale.com\/ro\/wp-json\/wp\/v2\/product\/2582","targetHints":{"allow":["GET"]}}],"collection":[{"href":"https:\/\/rmvapesale.com\/ro\/wp-json\/wp\/v2\/product"}],"about":[{"href":"https:\/\/rmvapesale.com\/ro\/wp-json\/wp\/v2\/types\/product"}],"replies":[{"embeddable":true,"href":"https:\/\/rmvapesale.com\/ro\/wp-json\/wp\/v2\/comments?post=2582"}],"wp:featuredmedia":[{"embeddable":true,"href":"https:\/\/rmvapesale.com\/ro\/wp-json\/wp\/v2\/media\/2580"}],"wp:attachment":[{"href":"https:\/\/rmvapesale.com\/ro\/wp-json\/wp\/v2\/media?parent=2582"}],"wp:term":[{"taxonomy":"product_brand","embeddable":true,"href":"https:\/\/rmvapesale.com\/ro\/wp-json\/wp\/v2\/product_brand?post=2582"},{"taxonomy":"product_cat","embeddable":true,"href":"https:\/\/rmvapesale.com\/ro\/wp-json\/wp\/v2\/product_cat?post=2582"},{"taxonomy":"product_tag","embeddable":true,"href":"https:\/\/rmvapesale.com\/ro\/wp-json\/wp\/v2\/product_tag?post=2582"}],"curies":[{"name":"wp","href":"https:\/\/api.w.org\/{rel}","templated":true}]}}