{"id":2596,"date":"2024-10-28T09:08:31","date_gmt":"2024-10-28T09:08:31","guid":{"rendered":"https:\/\/rmvapesale.com\/?post_type=product&#038;p=2596"},"modified":"2024-10-28T09:48:39","modified_gmt":"2024-10-28T09:48:39","slug":"poco-sl15000-disposable-vape-5-nicotine-smart-vape","status":"publish","type":"product","link":"https:\/\/rmvapesale.com\/ro\/product\/poco-sl15000-disposable-vape-5-nicotine-smart-vape\/","title":{"rendered":"POCO SL15000 \u021aigar\u0103 electronic\u0103 de unic\u0103 folosin\u021b\u0103 5% nicotin\u0103, \u021bigar\u0103 electronic\u0103 inteligent\u0103"},"content":{"rendered":"<div class=\"B2VR9 CJHX3e\">\n<div class=\"wyccme\">\n<h1 class=\"LC20lb MBeuO DKV0Md\">POCO SL15000 \u021aig\u0103ri electronice de unic\u0103 folosin\u021b\u0103 5% Nicotin\u0103 Smart Vape en-gros<\/h1>\n<div class=\"flex-shrink-0 flex flex-col relative items-end\">\n<div class=\"pt-0\">\n<div class=\"gizmo-bot-avatar flex h-8 w-8 items-center justify-center overflow-hidden rounded-full\">\n<div class=\"relative p-1 rounded-sm flex items-center justify-center bg-token-main-surface-primary text-token-text-primary h-8 w-8\">\n<p>\u021aigara electronic\u0103 de unic\u0103 folosin\u021b\u0103 POCO SL15000 este un dispozitiv de vapat de ultim\u0103 genera\u021bie, conceput pentru confort \u0219i o arom\u0103 excep\u021bional\u0103. Cu o capacitate impresionant\u0103 de 24 ml, acest dispozitiv ofer\u0103 p\u00e2n\u0103 la 15.000 de pufuri, fiind una dintre cele mai populare \u021big\u0103ri electronice de unic\u0103 folosin\u021b\u0103 disponibile pe pia\u021b\u0103.<\/p>\n<p>Fabricat cu ingrediente de \u00eenalt\u0103 calitate, POCO SL15000 asigur\u0103 o experien\u021b\u0103 de vapat consistent\u0103 \u0219i pl\u0103cut\u0103 la fiecare puf, ceea ce \u00eel face remarcabil printre m\u0103rcile populare de \u021big\u0103ri electronice. Fiind o alegere de top at\u00e2t pentru utilizatorii ocazionali, c\u00e2t \u0219i pentru pasiona\u021bii dedica\u021bi de vapat, acest dispozitiv se preteaz\u0103 la utilizare extins\u0103, oferind versatilitate pentru diverse preferin\u021be de nicotin\u0103, inclusiv op\u021biuni cu nicotin\u0103 redus\u0103.<\/p>\n<p>Perfect pentru utilizare \u00een deplasare \u0219i pentru relaxare acas\u0103, POCO SL15000 promite o pl\u0103cere ne\u00eentrerupt\u0103 de a vapa. Designul s\u0103u elegant \u0219i caracteristicile sale u\u0219or de utilizat \u00eel fac o alegere de top printre \u021big\u0103rile electronice v\u00e2ndute \u00een vrac, c\u00e2\u0219tig\u00e2nd popularitate ca cea mai bun\u0103 \u021bigar\u0103 electronic\u0103 de unic\u0103 folosin\u021b\u0103 din 2024. Fiind o \u021bigar\u0103 electronic\u0103 re\u00eenc\u0103rcabil\u0103, portul convenabil de tip C al acestui dispozitiv \u00eembun\u0103t\u0103\u021be\u0219te experien\u021ba, \u00een timp ce un ecran clar afi\u0219eaz\u0103 nivelurile bateriei \u0219i ale e-lichidului, o caracteristic\u0103 apreciat\u0103 de mul\u021bi utilizatori de \u021big\u0103ri electronice.<\/p>\n<p>Pentru cei care caut\u0103 \u021big\u0103ri electronice en-gros, \u021big\u0103ri electronice de unic\u0103 folosin\u021b\u0103 online sau \u00eentr-un magazin de specialitate, POCO SL15000 se remarc\u0103 prin performan\u021ba \u0219i designul s\u0103u ridicat, ideal pentru cei care doresc o experien\u021b\u0103 de 15000 de pufuri f\u0103r\u0103 a avea nevoie de mai multe dispozitive.<\/p>\n<p>&nbsp;<\/p>\n<\/div>\n<\/div>\n<\/div>\n<\/div>\n<\/div>\n<\/div>\n<p><strong>Contacta\u021bi-o pe Amy pentru a ob\u021bine un r\u0103spuns prompt \u0219i un cupon pentru vape!<\/strong><\/p>\n<p><img loading=\"lazy\" decoding=\"async\" class=\"size-full wp-image-1978\" src=\"https:\/\/rmvapesale.com\/wp-content\/uploads\/2024\/09\/Disposable-Vape-Wholesale.jpg\" alt=\"\u021aig\u0103ri electronice de unic\u0103 folosin\u021b\u0103 en-gros\" width=\"229\" height=\"300\" \/><\/p>\n<h3><a href=\"https:\/\/wa.me\/8617776015835\" target=\"_blank\" rel=\"noopener\"><span style=\"color: #ff0000\"><strong>WhatsApp: +86 17776015835<\/strong><\/span><\/a><\/h3>\n<p>&nbsp;<\/p>\n<h2><\/h2>\n<h2><strong>POCO SL15000 \u021aig\u0103ri electronice de unic\u0103 folosin\u021b\u0103 <\/strong><strong>Caracteristici principale<\/strong><\/h2>\n<p>Nicotin\u0103: 5%<br \/>\nPufuri: 15000<br \/>\nCapacitate: 24ml<br \/>\n12 arome disponibile<br \/>\nRezisten\u021b\u0103 tip plas\u0103<br \/>\nBaterie: 850mah<br \/>\nEcran inteligent: capacitatea bateriei\/ capacitatea e-lichidului<\/p>\n<p>&nbsp;<\/p>\n<figure id=\"attachment_2591\" aria-describedby=\"caption-attachment-2591\" style=\"width: 800px\" class=\"wp-caption alignnone\"><img loading=\"lazy\" decoding=\"async\" class=\"wp-image-2591 size-full\" src=\"https:\/\/rmvapesale.com\/wp-content\/uploads\/2024\/10\/Poco-SL-15000-Puffs-Disposable-Vape-Wholesale.png\" alt=\"Poco SL 15000 Puffs \u021aig\u0103ri electronice de unic\u0103 folosin\u021b\u0103 en-gros\" width=\"800\" height=\"800\" srcset=\"https:\/\/rmvapesale.com\/wp-content\/uploads\/2024\/10\/Poco-SL-15000-Puffs-Disposable-Vape-Wholesale.png 800w, https:\/\/rmvapesale.com\/wp-content\/uploads\/2024\/10\/Poco-SL-15000-Puffs-Disposable-Vape-Wholesale-300x300.png 300w, https:\/\/rmvapesale.com\/wp-content\/uploads\/2024\/10\/Poco-SL-15000-Puffs-Disposable-Vape-Wholesale-150x150.png 150w, https:\/\/rmvapesale.com\/wp-content\/uploads\/2024\/10\/Poco-SL-15000-Puffs-Disposable-Vape-Wholesale-768x768.png 768w, https:\/\/rmvapesale.com\/wp-content\/uploads\/2024\/10\/Poco-SL-15000-Puffs-Disposable-Vape-Wholesale-600x600.png 600w, https:\/\/rmvapesale.com\/wp-content\/uploads\/2024\/10\/Poco-SL-15000-Puffs-Disposable-Vape-Wholesale-100x100.png 100w\" sizes=\"auto, (max-width: 800px) 100vw, 800px\" \/><figcaption id=\"caption-attachment-2591\" class=\"wp-caption-text\">Poco SL 15000 Puffs \u021aig\u0103ri electronice de unic\u0103 folosin\u021b\u0103 en-gros<\/figcaption><\/figure>\n<h2><strong>Top arome pentru POCO <\/strong><strong>SL15000 <\/strong><strong>\u021aig\u0103ri electronice de unic\u0103 folosin\u021b\u0103<\/strong><strong>\u00a0<\/strong><\/h2>\n<p>Aceast\u0103 \u021bigar\u0103 electronic\u0103 de unic\u0103 folosin\u021b\u0103 cu ecran este perfect\u0103 pentru cei care se bucur\u0103 de o varietate de arome, deoarece vine \u00eentr-o gam\u0103 extins\u0103 care include struguri cu aloe, zmeur\u0103 cu afine \u0219i limonad\u0103, c\u0103p\u0219uni cu pepene ro\u0219u \u0219i multe altele. Fiecare arom\u0103 este creat\u0103 pentru a oferi o experien\u021b\u0103 de vapat satisf\u0103c\u0103toare \u0219i lin\u0103, asigur\u00e2nd c\u0103 utilizatorii se pot bucura de gustul lor preferat f\u0103r\u0103 compromisuri.<\/p>\n<p>1. Aloe Struguri<br \/>\n2. Afine Zmeur\u0103 Limonad\u0103 <span style=\"color: #ff0000\"><strong>&gt;&gt;&gt;&gt; Fierbinte!<\/strong><\/span><br \/>\n3.Capsuni Pepene<br \/>\n4. Fructul dragonului negru ghea\u021b\u0103 c\u0103p\u0219uni<span style=\"color: #ff0000\"><strong>&gt;&gt;&gt;&gt; Fierbinte!<\/strong><\/span><br \/>\n5. Energy Drink (B\u0103utur\u0103 Energizant\u0103)<br \/>\n6. C\u0103p\u0219uni zmeur\u0103 kiwi<br \/>\n7. Struguri meri\u0219or piersici<br \/>\n8. Mure meri\u0219or<br \/>\n9. C\u0103p\u0219uni cire\u0219e <span style=\"color: #ff0000\"><strong>&gt;&gt;&gt;&gt; Cel mai bun!<\/strong><\/span><br \/>\n10. Ananas c\u0103p\u0219uni banane<br \/>\n11. Pepene ro\u0219u lychee<br \/>\n12. Ananas m\u0103r<\/p>\n<p>&nbsp;<\/p>\n<h3><strong>De ce s\u0103 alegi Rmvapesale pentru POCO SL15000<\/strong><strong>\u00a0\u021aigar\u0103 electronic\u0103 de unic\u0103 folosin\u021b\u0103 re\u00eenc\u0103rcabil\u0103<\/strong><strong>?<\/strong><\/h3>\n<div class=\"flex-shrink-0 flex flex-col relative items-end\">\n<div class=\"pt-0\">\n<div class=\"gizmo-bot-avatar flex h-8 w-8 items-center justify-center overflow-hidden rounded-full\">\n<div class=\"relative p-1 rounded-sm flex items-center justify-center bg-token-main-surface-primary text-token-text-primary h-8 w-8\">\n<p>&nbsp;<\/p>\n<p>C\u00e2nd alege\u021bi Rmvapesale pentru nevoile dvs. de vape-uri de unic\u0103 folosin\u021b\u0103 en-gros, ve\u021bi beneficia de:<\/p>\n<ul>\n<li><strong>Pre\u021b competitiv<\/strong>: Beneficia\u021bi de pre\u021buri atractive pentru a v\u0103 m\u0103ri marja de profit.<\/li>\n<li><strong>Calitate superioar\u0103<\/strong>: Vape-urile noastre sunt fabricate la cele mai \u00eenalte standarde, \u0219i <span style=\"color: #ff0000\"><strong>garantat 100% originale \u0219i autentice, sau primi\u021bi de 10 ori compensa\u021bia \u00een caz de produse contraf\u0103cute!<\/strong><\/span><\/li>\n<li><strong>Serviciu clien\u021bi excelent<\/strong>: Echipa noastr\u0103 dedicat\u0103 este mereu gata s\u0103 v\u0103 asiste, f\u0103c\u00e2nd procesul de cump\u0103rare u\u0219or \u0219i lipsit de griji.<\/li>\n<li><strong>Livrare rapid\u0103<\/strong>: A\u0219tepta\u021bi-v\u0103 la transport prompt \u0219i de \u00eencredere, care v\u0103 asigur\u0103 c\u0103 comenzile dumneavoastr\u0103 ajung la timp, de fiecare dat\u0103.<\/li>\n<\/ul>\n<\/div>\n<h3><\/h3>\n<div class=\"relative p-1 rounded-sm flex items-center justify-center bg-token-main-surface-primary text-token-text-primary h-8 w-8\">\n<h3><b>Vaporizator POCO SL 15000<\/b><strong>\u00a0<\/strong><b>\u00centreb\u0103ri frecvente despre pufuri<\/b><\/h3>\n<p><strong>Cum se \u00eencarc\u0103 vaporizatorul de unic\u0103 folosin\u021b\u0103 re\u00eenc\u0103rcabil POCO SL15000 Puffs?<\/strong><br \/>\nPentru a-\u021bi \u00eenc\u0103rca vaporizatorul de unic\u0103 folosin\u021b\u0103 POCO SL15000 Puffs, folose\u0219te portul de \u00eenc\u0103rcare Type-C situat pe dispozitiv. Pur \u0219i simplu conecteaz\u0103-l la un cablu USB-C compatibil \u0219i la o surs\u0103 de alimentare. Acest lucru va permite bateriei re\u00eenc\u0103rcabile a vaporizatorului s\u0103 se \u00eencarce rapid, asigur\u00e2ndu-te c\u0103 po\u021bi continua s\u0103 te bucuri de sesiuni de vapare ne\u00eentrerupte.<\/p>\n<p><strong>C\u00e2t\u0103 nicotin\u0103 se afl\u0103 \u00eentr-un vaporizator POCO SL15000?<\/strong><br \/>\nVaporizatorul POCO SL15000 ofer\u0103 op\u021biuni de nicotin\u0103 adaptate diferitelor preferin\u021be, inclusiv niveluri sc\u0103zute de nicotin\u0103. Alege concentra\u021bia care se potrive\u0219te cel mai bine nevoilor tale pentru a te bucura de o experien\u021b\u0103 de vapare personalizat\u0103, cu ingrediente de \u00eenalt\u0103 calitate \u0219i o arom\u0103 de lung\u0103 durat\u0103.<\/p>\n<p><strong>C\u00e2t timp ar trebui s\u0103 \u00eencarc caseta mea de vaporizator de unic\u0103 folosin\u021b\u0103 POCO SL15000?<\/strong><br \/>\nPentru o \u00eenc\u0103rcare optim\u0103, \u00eencarc\u0103 caseta de vaporizator de unic\u0103 folosin\u021b\u0103 POCO SL15000 p\u00e2n\u0103 c\u00e2nd ecranul de afi\u0219are a bateriei dispozitivului indic\u0103 o \u00eenc\u0103rcare complet\u0103. O \u00eenc\u0103rcare complet\u0103 necesit\u0103 de obicei c\u00e2teva ore, \u00een func\u021bie de sursa ta de alimentare, \u0219i va asigura o utilizare prelungit\u0103 pe parcursul \u00eentregii zile.<\/p>\n<p><strong>De unde pot cump\u0103ra bara de vaporizator de unic\u0103 folosin\u021b\u0103 POCO SL15000 Puffs?<\/strong><br \/>\nBara de vaporizator de unic\u0103 folosin\u021b\u0103 POCO SL15000 Puffs poate fi achizi\u021bionat\u0103 convenabil online sau de la un magazin de vaporizatoare. Mul\u021bi retaileri online de vaporizatoare ofer\u0103 op\u021biuni de cump\u0103rare \u00een vrac, a\u0219a c\u0103 verific\u0103 online pentru cele mai bune oferte, vaporizatoare en-gros \u0219i promo\u021bii speciale.<\/p>\n<p><strong>Care sunt cele mai bune vaporizatoare de unic\u0103 folosin\u021b\u0103 pentru 2024?<\/strong><br \/>\nPOCO SL15000 se num\u0103r\u0103 printre cele mai bune vaporizatoare de unic\u0103 folosin\u021b\u0103 din 2024, datorit\u0103 capacit\u0103\u021bii sale de 15.000 de pufuri, designului s\u0103u u\u0219or de utilizat \u0219i op\u021biunilor bogate de arome. Este o alegere de top \u00een categoria vaporizatoarelor de tip box \u0219i continu\u0103 s\u0103 se eviden\u021bieze \u00een listele de top 10 m\u0103rci de vaporizatoare de unic\u0103 folosin\u021b\u0103, fiind un favorit at\u00e2t pentru utilizatorii individuali, c\u00e2t \u0219i pentru comercian\u021bi.<\/p>\n<\/div>\n<\/div>\n<\/div>\n<\/div>\n<h3>Despre livrare<\/h3>\n<div class=\"flex-shrink-0 flex flex-col relative items-end\">\n<div>\n<div class=\"pt-0\">\n<div class=\"gizmo-bot-avatar flex h-8 w-8 items-center justify-center overflow-hidden rounded-full\">\n<div><\/div>\n<div class=\"relative p-1 rounded-sm flex items-center justify-center bg-token-main-surface-primary text-token-text-primary h-8 w-8\"><strong>1. Ce metode de expediere sunt folosite?<\/strong><\/div>\n<\/div>\n<\/div>\n<\/div>\n<\/div>\n<div class=\"group\/conversation-turn relative flex w-full min-w-0 flex-col agent-turn\">\n<div class=\"flex-col gap-1 md:gap-3\">\n<div class=\"flex max-w-full flex-col flex-grow\">\n<div class=\"min-h-[20px] text-message flex w-full flex-col items-end gap-2 whitespace-normal break-words [.text-message+&amp;]:mt-5 overflow-x-auto\" dir=\"auto\" data-message-author-role=\"assistant\" data-message-id=\"22f8283b-3233-46ff-89a5-c7a41b33abda\">\n<div class=\"flex w-full flex-col gap-1 empty:hidden first:pt-[3px]\">\n<div class=\"markdown prose w-full break-words dark:prose-invert light\">\n<p>Colabor\u0103m cu UPS, DHL, FedEx, DPD \u0219i al\u021bi transportatori de top. Vom selecta cea mai bun\u0103 metod\u0103 de expediere \u00een func\u021bie de loca\u021bia dvs. de livrare pentru a ne asigura c\u0103 ve\u021bi primi produsele c\u00e2t mai repede posibil.<\/p>\n<\/div>\n<p><strong>2. C\u00e2t dureaz\u0103 livrarea?<\/strong><\/p>\n<p>Pachetele expediate \u00een Rom\u00e2nia ajung de obicei \u00een 10 zile lucr\u0103toare. Livrarea \u00een \u021b\u0103rile europene dureaz\u0103, \u00een general, aproximativ 12-15 zile lucr\u0103toare. V\u0103 vom oferi actualiz\u0103ri \u00een timp real cu privire la starea expedierii dumneavoastr\u0103.<\/p>\n<\/div>\n<\/div>\n<\/div>\n<\/div>\n<\/div>\n<p>&nbsp;<\/p>\n<p>Alte produse vape populare care v-ar putea pl\u0103cea:<\/p>\n<p><a href=\"https:\/\/rmvapesale.com\/ro\/product\/poco-pt12000-puffs-disposable-vape-pod-electronic-cigarette\/\"><strong>POCO PT 12000 Pufuri\u00a0 \u00a0<span style=\"color: #ff0000\">&gt;&gt;&gt;&gt; merge\u021bi!<\/span><\/strong><\/a><\/p>\n<p><strong><a href=\"https:\/\/rmvapesale.com\/ro\/product\/disposable-vape-poco-bl10000-puffs-wholesale\/\">POCO BL10000 Pufuri <span style=\"color: #ff0000\">&gt;&gt;&gt;&gt; merge\u021bi!<\/span><\/a>\u00a0<\/strong><\/p>\n<p><a href=\"https:\/\/rmvapesale.com\/ro\/product\/original-randm-vape-digital-puff-12000-fumot-factory-price\/\"><strong>Fumot Vape 12000 pufuri <span style=\"color: #ff0000\">&gt;&gt;&gt;&gt; merge\u021bi!<\/span><\/strong><\/a><\/p>\n<p>&nbsp;<\/p>\n<p>&nbsp;<\/p>\n<p>G\u0103si\u021bi mai multe produse de vapat care v-ar putea pl\u0103cea:<strong><em><a href=\"https:\/\/rmvapesale.com\/ro\/shop-2\/\">cump\u0103r\u0103 acum &gt;&gt;&gt;<\/a><\/em><\/strong><\/p>","protected":false},"excerpt":{"rendered":"<p>POCO SL15000 \u021aig\u0103ri electronice de unic\u0103 folosin\u021b\u0103 Pre\u021b en-gros<br \/>\nDepozit UE Poco SL 15000 Puffs Ecran inteligent<br \/>\nPOCO \u021aig\u0103ri electronice de unic\u0103 folosin\u021b\u0103 Cutie 5% E-\u021bigar\u0103<br \/>\n<span style=\"color: #ff0000\">(Livrare din depozitul din Rom\u00e2nia \u0219i dureaz\u0103 aproximativ 3-5 zile s\u0103 ajung\u0103 \u00een majoritatea \u021b\u0103rilor europene precum \u021a\u0103rile de Jos, Fran\u021ba, Italia, Spania, Elve\u021bia, Suedia, Polonia, etc.)<\/span><\/p>\n<p><img loading=\"lazy\" decoding=\"async\" class=\"size-full wp-image-2375\" src=\"https:\/\/rmvapesale.com\/wp-content\/uploads\/2024\/10\/image.png\" alt=\"Cea mai bun\u0103 \u021bigar\u0103 electronic\u0103 de unic\u0103 folosin\u021b\u0103\" width=\"229\" height=\"300\" \/><\/p>\n<h3><a href=\"https:\/\/wa.me\/8617776015835\"><span style=\"color: #ff0000\"><strong>WhatsApp: +86 17776015835<\/strong><\/span><\/a><\/h3>\n<p>&nbsp;<\/p>","protected":false},"featured_media":2590,"comment_status":"open","ping_status":"closed","template":"","meta":{"_uag_custom_page_level_css":"","_lmt_disableupdate":"no","_lmt_disable":"","site-sidebar-layout":"default","site-content-layout":"content-boxed-container","ast-site-content-layout":"normal-width-container","site-content-style":"boxed","site-sidebar-style":"unboxed","ast-global-header-display":"","ast-banner-title-visibility":"","ast-main-header-display":"","ast-hfb-above-header-display":"","ast-hfb-below-header-display":"","ast-hfb-mobile-header-display":"","site-post-title":"","ast-breadcrumbs-content":"","ast-featured-img":"","footer-sml-layout":"","theme-transparent-header-meta":"default","adv-header-id-meta":"","stick-header-meta":"","header-above-stick-meta":"","header-main-stick-meta":"","header-below-stick-meta":"","astra-migrate-meta-layouts":"set","ast-page-background-enabled":"default","ast-page-background-meta":{"desktop":{"background-color":"var(--ast-global-color-4)","background-image":"","background-repeat":"repeat","background-position":"center center","background-size":"auto","background-attachment":"scroll","background-type":"","background-media":"","overlay-type":"","overlay-color":"","overlay-opacity":"","overlay-gradient":""},"tablet":{"background-color":"","background-image":"","background-repeat":"repeat","background-position":"center center","background-size":"auto","background-attachment":"scroll","background-type":"","background-media":"","overlay-type":"","overlay-color":"","overlay-opacity":"","overlay-gradient":""},"mobile":{"background-color":"","background-image":"","background-repeat":"repeat","background-position":"center center","background-size":"auto","background-attachment":"scroll","background-type":"","background-media":"","overlay-type":"","overlay-color":"","overlay-opacity":"","overlay-gradient":""}},"ast-content-background-meta":{"desktop":{"background-color":"var(--ast-global-color-5)","background-image":"","background-repeat":"repeat","background-position":"center center","background-size":"auto","background-attachment":"scroll","background-type":"","background-media":"","overlay-type":"","overlay-color":"","overlay-opacity":"","overlay-gradient":""},"tablet":{"background-color":"var(--ast-global-color-5)","background-image":"","background-repeat":"repeat","background-position":"center center","background-size":"auto","background-attachment":"scroll","background-type":"","background-media":"","overlay-type":"","overlay-color":"","overlay-opacity":"","overlay-gradient":""},"mobile":{"background-color":"var(--ast-global-color-5)","background-image":"","background-repeat":"repeat","background-position":"center center","background-size":"auto","background-attachment":"scroll","background-type":"","background-media":"","overlay-type":"","overlay-color":"","overlay-opacity":"","overlay-gradient":""}},"_joinchat":[]},"product_brand":[],"product_cat":[15,195,25,123,26,28,135,27,137,30],"product_tag":[146,188,167,197,165,191,196,120],"class_list":{"0":"post-2596","1":"product","2":"type-product","3":"status-publish","4":"has-post-thumbnail","6":"product_cat-new-vape-this-week","7":"product_cat-germany-warehouse","8":"product_cat-germany-best-selling-vape","9":"product_cat-italy-wholesale-vape","10":"product_cat-netherlands-hot-sale-vape","11":"product_cat-poland-hot-sale-vape","12":"product_cat-spain-best-hot-sale-vape","13":"product_cat-fance-hot-sale-vape","14":"product_cat-rechargeable-vapes","15":"product_cat-minimum-order-quantity-50pcs","16":"product_tag-best-hot-sale-vape","17":"product_tag-buy-vapes-online","18":"product_tag-disposable-vape-with-screen","19":"product_tag-germany-hot-sale-vape","20":"product_tag-rechargeable-vapes","21":"product_tag-vape-box","22":"product_tag-vape-shop","23":"product_tag-vape-wholesale","24":"desktop-align-left","25":"tablet-align-left","26":"mobile-align-left","28":"first","29":"instock","30":"sale","31":"shipping-taxable","32":"purchasable","33":"product-type-simple"},"uagb_featured_image_src":{"full":["https:\/\/rmvapesale.com\/wp-content\/uploads\/2024\/10\/15K-Puffs-Screen-Poco-SL15000-Disposable-Vape.png",800,800,false],"thumbnail":["https:\/\/rmvapesale.com\/wp-content\/uploads\/2024\/10\/15K-Puffs-Screen-Poco-SL15000-Disposable-Vape-150x150.png",150,150,true],"medium":["https:\/\/rmvapesale.com\/wp-content\/uploads\/2024\/10\/15K-Puffs-Screen-Poco-SL15000-Disposable-Vape-300x300.png",300,300,true],"medium_large":["https:\/\/rmvapesale.com\/wp-content\/uploads\/2024\/10\/15K-Puffs-Screen-Poco-SL15000-Disposable-Vape-768x768.png",768,768,true],"large":["https:\/\/rmvapesale.com\/wp-content\/uploads\/2024\/10\/15K-Puffs-Screen-Poco-SL15000-Disposable-Vape.png",800,800,false],"1536x1536":["https:\/\/rmvapesale.com\/wp-content\/uploads\/2024\/10\/15K-Puffs-Screen-Poco-SL15000-Disposable-Vape.png",800,800,false],"2048x2048":["https:\/\/rmvapesale.com\/wp-content\/uploads\/2024\/10\/15K-Puffs-Screen-Poco-SL15000-Disposable-Vape.png",800,800,false],"trp-custom-language-flag":["https:\/\/rmvapesale.com\/wp-content\/uploads\/2024\/10\/15K-Puffs-Screen-Poco-SL15000-Disposable-Vape.png",12,12,false],"woocommerce_thumbnail":["https:\/\/rmvapesale.com\/wp-content\/uploads\/2024\/10\/15K-Puffs-Screen-Poco-SL15000-Disposable-Vape-300x300.png",300,300,true],"woocommerce_single":["https:\/\/rmvapesale.com\/wp-content\/uploads\/2024\/10\/15K-Puffs-Screen-Poco-SL15000-Disposable-Vape-600x600.png",600,600,true],"woocommerce_gallery_thumbnail":["https:\/\/rmvapesale.com\/wp-content\/uploads\/2024\/10\/15K-Puffs-Screen-Poco-SL15000-Disposable-Vape-100x100.png",100,100,true],"wcpr-photo-reviews":["https:\/\/rmvapesale.com\/wp-content\/uploads\/2024\/10\/15K-Puffs-Screen-Poco-SL15000-Disposable-Vape.png",500,500,false]},"uagb_author_info":{"display_name":"AMY","author_link":"https:\/\/rmvapesale.com\/ro\/author\/"},"uagb_comment_info":0,"uagb_excerpt":"POCO SL15000 Disposable Vape Wholesale Price EU Warehouse Poco SL 15000 Puffs Smart Screen POCO Disposable Vape Box 5% E Cigarette (Ship from Germany warehouse and takes about 3-5 days\u00a0 to get arrive to most Europe countries like Netherlands, France, Italy, Spain, Switzerland, Sweden, Poland, etc. ) WhatsApp: +86 17776015835 &nbsp;","_links":{"self":[{"href":"https:\/\/rmvapesale.com\/ro\/wp-json\/wp\/v2\/product\/2596","targetHints":{"allow":["GET"]}}],"collection":[{"href":"https:\/\/rmvapesale.com\/ro\/wp-json\/wp\/v2\/product"}],"about":[{"href":"https:\/\/rmvapesale.com\/ro\/wp-json\/wp\/v2\/types\/product"}],"replies":[{"embeddable":true,"href":"https:\/\/rmvapesale.com\/ro\/wp-json\/wp\/v2\/comments?post=2596"}],"wp:featuredmedia":[{"embeddable":true,"href":"https:\/\/rmvapesale.com\/ro\/wp-json\/wp\/v2\/media\/2590"}],"wp:attachment":[{"href":"https:\/\/rmvapesale.com\/ro\/wp-json\/wp\/v2\/media?parent=2596"}],"wp:term":[{"taxonomy":"product_brand","embeddable":true,"href":"https:\/\/rmvapesale.com\/ro\/wp-json\/wp\/v2\/product_brand?post=2596"},{"taxonomy":"product_cat","embeddable":true,"href":"https:\/\/rmvapesale.com\/ro\/wp-json\/wp\/v2\/product_cat?post=2596"},{"taxonomy":"product_tag","embeddable":true,"href":"https:\/\/rmvapesale.com\/ro\/wp-json\/wp\/v2\/product_tag?post=2596"}],"curies":[{"name":"wp","href":"https:\/\/api.w.org\/{rel}","templated":true}]}}