{"id":2603,"date":"2024-10-29T03:15:04","date_gmt":"2024-10-29T03:15:04","guid":{"rendered":"https:\/\/rmvapesale.com\/?post_type=product&#038;p=2603"},"modified":"2024-10-29T03:41:17","modified_gmt":"2024-10-29T03:41:17","slug":"full-screen-disposable-vape-hzko-supernova-30000-puffs-wholesale","status":"publish","type":"product","link":"https:\/\/rmvapesale.com\/ro\/product\/full-screen-disposable-vape-hzko-supernova-30000-puffs-wholesale\/","title":{"rendered":"Tigara electronica de unica folosinta cu ecran complet HZKO SUPERNOVA 30000 Puf en-gros"},"content":{"rendered":"<div class=\"B2VR9 CJHX3e\">\n<div class=\"wyccme\">\n<h1 class=\"LC20lb MBeuO DKV0Md\">Vape de unic\u0103 folosin\u021b\u0103 cu ecran complet HZKO SUPERNOVA 30000 de pufuri Pre\u021b en-gros<\/h1>\n<div class=\"flex-shrink-0 flex flex-col relative items-end\">\n<div class=\"pt-0\">\n<div class=\"gizmo-bot-avatar flex h-8 w-8 items-center justify-center overflow-hidden rounded-full\">\n<div class=\"relative p-1 rounded-sm flex items-center justify-center bg-token-main-surface-primary text-token-text-primary h-8 w-8\">\n<p>The <strong>Vape de unic\u0103 folosin\u021b\u0103 cu ecran complet HZKO SUPERNOVA 30000 de pufuri<\/strong> este un dispozitiv de \u00eenalt\u0103 performan\u021b\u0103, conceput pentru vaperii care caut\u0103 o utilizare extins\u0103, confort \u0219i control deplin asupra experien\u021bei lor. Oferind un num\u0103r incredibil de <strong>30000 de pufuri<\/strong> \u0219i un ecran complet, acest vape este ideal pentru cei care doresc o \u021bigar\u0103 electronic\u0103 de unic\u0103 folosin\u021b\u0103 durabil\u0103, de lung\u0103 durat\u0103 \u0219i bogat\u0103 \u00een func\u021bii.<\/p>\n<p>Echipat cu o <strong>baterie re\u00eenc\u0103rcabil\u0103 integrat\u0103 de 850 mAh<\/strong> \u0219i <strong>portul de \u00eenc\u0103rcare Type-C<\/strong>, HZKO SUPERNOVA asigur\u0103 o utilizare ne\u00eentrerupt\u0103 \u0219i o re\u00eenc\u0103rcare rapid\u0103, fiind deosebit printre <strong>vape re\u00eenc\u0103rcabile<\/strong>. Include <strong>23 ml de e-lichid premium<\/strong>\u00a0\u0219i o <strong>sistem cu rezisten\u021b\u0103 dual\u0103 tip mesh<\/strong> , oferind o arom\u0103 optim\u0103 \u00een fiecare dintre cele <strong>12 arome disponibile<\/strong>. Dispozitivul ofer\u0103 flux de aer reglabil \u0219i set\u0103ri de putere (de la 12-25W) pentru a oferi utilizatorilor o experien\u021b\u0103 de vapat personalizabil\u0103, iar op\u021biunile de nicotin\u0103, de la <strong>0%, 2%, 3%, la 5% Nicotin\u0103 Salin\u0103<\/strong> satisfac preferin\u021be variate, inclusiv pe cele care caut\u0103 un <strong>vape de unic\u0103 folosin\u021b\u0103 cu nicotin\u0103 redus\u0103<\/strong>.<\/p>\n<p>Acest <strong>vape tip cutie<\/strong> este construit cu un ecran complet care afi\u0219eaz\u0103 durata de via\u021b\u0103 a bateriei \u00een timp real \u0219i alte set\u0103ri esen\u021biale, f\u0103c\u00e2ndu-l un <strong>vape de unic\u0103 folosin\u021b\u0103 cu ecran<\/strong> care este at\u00e2t func\u021bional, c\u00e2t \u0219i u\u0219or de utilizat. Fiind o alegere de top pentru <strong>vape-uri \u00een vrac<\/strong> comenzi, este popular printre magazinele de vape \u0219i comercian\u021bii online deopotriv\u0103. HZKO <strong>SUPERNOVA<\/strong> combin\u0103 u\u0219urin\u021ba de utilizare cu un design de \u00eenalt\u0103 calitate, c\u00e2\u0219tig\u00e2ndu-\u0219i un loc printre cele mai <strong>populare m\u0103rci de vape<\/strong> \u0219i f\u0103c\u00e2ndu-l o op\u021biune excelent\u0103 pentru cei care doresc s\u0103 <strong>cump\u0103ra\u021bi \u021big\u0103ri electronice online<\/strong> sau s\u0103 se aprovizioneze cu <strong>vape-uri de unic\u0103 folosin\u021b\u0103<\/strong>.<\/p>\n<p>&nbsp;<\/p>\n<\/div>\n<\/div>\n<\/div>\n<\/div>\n<\/div>\n<\/div>\n<p><strong>Contacta\u021bi-o pe Amy pentru a ob\u021bine un r\u0103spuns prompt \u0219i un cupon pentru vape!<\/strong><\/p>\n<p><img loading=\"lazy\" decoding=\"async\" class=\"size-full wp-image-1978\" src=\"https:\/\/rmvapesale.com\/wp-content\/uploads\/2024\/09\/Disposable-Vape-Wholesale.jpg\" alt=\"\u021aig\u0103ri electronice de unic\u0103 folosin\u021b\u0103 en-gros\" width=\"229\" height=\"300\" \/><\/p>\n<h3><a href=\"https:\/\/wa.me\/8617776015835\" target=\"_blank\" rel=\"noopener\"><span style=\"color: #ff0000\"><strong>WhatsApp: +86 17776015835<\/strong><\/span><\/a><\/h3>\n<p>&nbsp;<\/p>\n<h2><\/h2>\n<h2><strong>Vape de unic\u0103 folosin\u021b\u0103 cu ecran complet HZKO SUPERNOVA 30000 <\/strong><strong>Caracteristici principale<\/strong><\/h2>\n<p>Ecran cu afi\u0219aj complet<br \/>\nPutere reglabil\u0103 12-25W<br \/>\nDebit de aer reglabil<br \/>\n0\/2\/3\/5% Nicotin\u0103 Salin\u0103.<br \/>\n23ML de E-lichid.<br \/>\nRezisten\u021b\u0103 Dual Mesh.<br \/>\n12 arome disponibile.<br \/>\nBaterie re\u00eenc\u0103rcabil\u0103.<br \/>\n\u00cenc\u0103rcare de tip C<br \/>\nBaterie integrat\u0103 de 850mAh.<\/p>\n<p>&nbsp;<\/p>\n<h2><strong>Gust de top pentru \u021bigara electronic\u0103 de unic\u0103 folosin\u021b\u0103 cu ecran HZKO SUPERNOVA 30000<\/strong><strong>\u00a0<\/strong><\/h2>\n<p>Aceast\u0103 \u021bigar\u0103 electronic\u0103 de unic\u0103 folosin\u021b\u0103 cu ecran este perfect\u0103 pentru cei care se bucur\u0103 de o varietate de arome, deoarece vine \u00eentr-o gam\u0103 extins\u0103 care include struguri cu aloe, zmeur\u0103 cu afine \u0219i limonad\u0103, c\u0103p\u0219uni cu pepene ro\u0219u \u0219i multe altele. Fiecare arom\u0103 este creat\u0103 pentru a oferi o experien\u021b\u0103 de vapat satisf\u0103c\u0103toare \u0219i lin\u0103, asigur\u00e2nd c\u0103 utilizatorii se pot bucura de gustul lor preferat f\u0103r\u0103 compromisuri.<\/p>\n<p>1.Ghea\u021b\u0103 cu zmeur\u0103 albastr\u0103\u00a0 <span style=\"color: #ff0000\"><strong>&gt;&gt;&gt;&gt; Fierbinte!<\/strong><\/span><br \/>\n2.Ment\u0103 Miami<br \/>\n3.Ghea\u021b\u0103 de pepene verde\u00a0 <span style=\"color: #ff0000\"><strong>&gt;&gt;&gt;&gt; Fierbinte!<\/strong><\/span><br \/>\n4.Portocal\u0103 cu l\u0103m\u00e2ie \u0219i fructe de p\u0103dure<br \/>\n5.C\u0103p\u0219uni B-pop<br \/>\n6.Ghea\u021b\u0103 cu m\u0103r acru<br \/>\n7.Mure B-pop\u00a0 <span style=\"color: #ff0000\"><strong>&gt;&gt;&gt;&gt; Cel mai bun!<\/strong><\/span><br \/>\n8. B\u0103utur\u0103 r\u0103coritoare de grepfrut<br \/>\n9. Zmeur\u0103, piersic\u0103, lime<br \/>\n10. Mango acru, ananas<br \/>\n11. Fructe de p\u0103dure asortate<br \/>\n12. Ghea\u021b\u0103 pisat\u0103 albastr\u0103 cu piersic\u0103<\/p>\n<figure id=\"attachment_2598\" aria-describedby=\"caption-attachment-2598\" style=\"width: 808px\" class=\"wp-caption alignnone\"><img loading=\"lazy\" decoding=\"async\" class=\"wp-image-2598 size-full\" src=\"https:\/\/rmvapesale.com\/wp-content\/uploads\/2024\/10\/HZKO-Supernova-30000-Puffs-Rechargeable-Disposable-Vape.jpg\" alt=\"Tigara electronica de unica folosinta HZKO Supernova 30000 Puffs Reincarcabila\" width=\"808\" height=\"476\" srcset=\"https:\/\/rmvapesale.com\/wp-content\/uploads\/2024\/10\/HZKO-Supernova-30000-Puffs-Rechargeable-Disposable-Vape.jpg 808w, https:\/\/rmvapesale.com\/wp-content\/uploads\/2024\/10\/HZKO-Supernova-30000-Puffs-Rechargeable-Disposable-Vape-300x177.jpg 300w, https:\/\/rmvapesale.com\/wp-content\/uploads\/2024\/10\/HZKO-Supernova-30000-Puffs-Rechargeable-Disposable-Vape-768x452.jpg 768w, https:\/\/rmvapesale.com\/wp-content\/uploads\/2024\/10\/HZKO-Supernova-30000-Puffs-Rechargeable-Disposable-Vape-600x353.jpg 600w\" sizes=\"auto, (max-width: 808px) 100vw, 808px\" \/><figcaption id=\"caption-attachment-2598\" class=\"wp-caption-text\">Tigara electronica de unica folosinta HZKO Supernova 30000 Puffs Reincarcabila<\/figcaption><\/figure>\n<h3><strong>De ce s\u0103 alege\u021bi Rmvapesale pentru HZKO SUPERNOVA 30000<\/strong><strong>\u00a0\u021aigar\u0103 electronic\u0103 de unic\u0103 folosin\u021b\u0103 re\u00eenc\u0103rcabil\u0103<\/strong><strong>?<\/strong><\/h3>\n<div class=\"flex-shrink-0 flex flex-col relative items-end\">\n<div class=\"pt-0\">\n<div class=\"gizmo-bot-avatar flex h-8 w-8 items-center justify-center overflow-hidden rounded-full\">\n<div class=\"relative p-1 rounded-sm flex items-center justify-center bg-token-main-surface-primary text-token-text-primary h-8 w-8\">\n<p>&nbsp;<\/p>\n<p>C\u00e2nd alege\u021bi Rmvapesale pentru nevoile dvs. de vape-uri de unic\u0103 folosin\u021b\u0103 en-gros, ve\u021bi beneficia de:<\/p>\n<ul>\n<li><strong>Pre\u021b competitiv<\/strong>: Beneficia\u021bi de pre\u021buri atractive pentru a v\u0103 m\u0103ri marja de profit.<\/li>\n<li><strong>Calitate superioar\u0103<\/strong>: Vape-urile noastre sunt fabricate la cele mai \u00eenalte standarde, \u0219i <span style=\"color: #ff0000\"><strong>garantat 100% originale \u0219i autentice, sau primi\u021bi de 10 ori compensa\u021bia \u00een caz de produse contraf\u0103cute!<\/strong><\/span><\/li>\n<li><strong>Serviciu clien\u021bi excelent<\/strong>: Echipa noastr\u0103 dedicat\u0103 este mereu gata s\u0103 v\u0103 asiste, f\u0103c\u00e2nd procesul de cump\u0103rare u\u0219or \u0219i lipsit de griji.<\/li>\n<li><strong>Livrare rapid\u0103<\/strong>: A\u0219tepta\u021bi-v\u0103 la transport prompt \u0219i de \u00eencredere, care v\u0103 asigur\u0103 c\u0103 comenzile dumneavoastr\u0103 ajung la timp, de fiecare dat\u0103.<\/li>\n<\/ul>\n<\/div>\n<h3><\/h3>\n<div class=\"relative p-1 rounded-sm flex items-center justify-center bg-token-main-surface-primary text-token-text-primary h-8 w-8\">\n<h3><b>Tigara electronica de unica folosinta HZKO SUPERNOVA 30000 cu ecran complet<\/b><b> \u00centreb\u0103ri frecvente despre pufuri<\/b><\/h3>\n<ul>\n<li><strong>Cum se \u00eencarc\u0103 Tigara Electronica de Unica Folosinta cu Ecran Complet HZKO SUPERNOVA 30000 Puffs?<\/strong><br \/>\nPentru a v\u0103 \u00eenc\u0103rca Tigara Electronica de Unica Folosinta HZKO SUPERNOVA 30000 Puffs, utiliza\u021bi un cablu de \u00eenc\u0103rcare de tip C. Pur \u0219i simplu conecta\u021bi-l la o surs\u0103 de alimentare USB. Dispozitivul are un ecran complet care indic\u0103 nivelul bateriei, ceea ce face u\u0219oar\u0103 monitorizarea procesului de \u00eenc\u0103rcare.<\/li>\n<li><strong>C\u00e2t\u0103 nicotin\u0103 se afl\u0103 \u00eentr-o Tigara Electronica de Unica Folosinta HZKO SUPERNOVA 30000 Puffs?<\/strong><br \/>\nTigara Electronica de Unica Folosinta HZKO SUPERNOVA 30000 Puffs ofer\u0103 multiple op\u021biuni de sare de nicotin\u0103: 0%, 2%, 3% \u0219i 5%. Aceast\u0103 varietate le permite utilizatorilor s\u0103 aleag\u0103 nivelul care se potrive\u0219te cel mai bine preferin\u021belor lor, inclusiv op\u021biuni cu nicotin\u0103 sc\u0103zut\u0103 sau zero.<\/li>\n<li><strong>C\u00e2t timp ar trebui s\u0103 \u00eencarc Tigara Electronica de Unica Folosinta HZKO SUPERNOVA 30000 Puffs?<\/strong><br \/>\nSe recomand\u0103 s\u0103 \u00eenc\u0103rca\u021bi HZKO SUPERNOVA timp de aproximativ 1-2 ore, sau p\u00e2n\u0103 c\u00e2nd indicatorul bateriei de pe ecran arat\u0103 o \u00eenc\u0103rcare complet\u0103. Bateria \u00eencorporat\u0103 de 850mAh se \u00eencarc\u0103 rapid, mai ales cu portul de tip C.<\/li>\n<li><strong>De unde pot cump\u0103ra Tigara Electronica de Unica Folosinta HZKO SUPERNOVA 30000 Puffs?<\/strong><br \/>\nPute\u021bi cump\u0103ra Tigara Electronica de Unica Folosinta HZKO SUPERNOVA 30000 Puffs la diverse magazine de \u021big\u0103ri electronice \u0219i retaileri online care ofer\u0103 m\u0103rci populare. Mul\u021bi furnizori ofer\u0103 op\u021biuni pentru comenzi en-gros \u0219i \u00een vrac pentru a satisface diferite nevoi.<\/li>\n<li><strong>Care sunt cele mai bune \u021big\u0103ri electronice de unic\u0103 folosin\u021b\u0103 din 2024?<\/strong><br \/>\nHZKO SUPERNOVA 30000 Puffs este printre cele mai bune \u021big\u0103ri electronice de unic\u0103 folosin\u021b\u0103 din 2024, combin\u00e2nd caracteristici extinse precum flux de aer \u0219i putere reglabile, o rezistenta dubl\u0103, un ecran complet \u0219i p\u00e2n\u0103 la 30.000 de pufuri. Acest dispozitiv se remarc\u0103 prin designul s\u0103u premium \u0219i controlul utilizatorului, f\u0103c\u00e2ndu-l o alegere de top pentru pasiona\u021bii de vapat.<\/li>\n<\/ul>\n<\/div>\n<\/div>\n<\/div>\n<\/div>\n<h3>Despre livrare<\/h3>\n<div class=\"flex-shrink-0 flex flex-col relative items-end\">\n<div>\n<div class=\"pt-0\">\n<div class=\"gizmo-bot-avatar flex h-8 w-8 items-center justify-center overflow-hidden rounded-full\">\n<div><\/div>\n<div class=\"relative p-1 rounded-sm flex items-center justify-center bg-token-main-surface-primary text-token-text-primary h-8 w-8\"><strong>1. Ce metode de expediere sunt folosite?<\/strong><\/div>\n<\/div>\n<\/div>\n<\/div>\n<\/div>\n<div class=\"group\/conversation-turn relative flex w-full min-w-0 flex-col agent-turn\">\n<div class=\"flex-col gap-1 md:gap-3\">\n<div class=\"flex max-w-full flex-col flex-grow\">\n<div class=\"min-h-[20px] text-message flex w-full flex-col items-end gap-2 whitespace-normal break-words [.text-message+&amp;]:mt-5 overflow-x-auto\" dir=\"auto\" data-message-author-role=\"assistant\" data-message-id=\"22f8283b-3233-46ff-89a5-c7a41b33abda\">\n<div class=\"flex w-full flex-col gap-1 empty:hidden first:pt-[3px]\">\n<div class=\"markdown prose w-full break-words dark:prose-invert light\">\n<p>Colabor\u0103m cu UPS, DHL, FedEx, DPD \u0219i al\u021bi transportatori de top. Vom selecta cea mai bun\u0103 metod\u0103 de expediere \u00een func\u021bie de loca\u021bia dvs. de livrare pentru a ne asigura c\u0103 ve\u021bi primi produsele c\u00e2t mai repede posibil.<\/p>\n<\/div>\n<p><strong>2. C\u00e2t dureaz\u0103 livrarea?<\/strong><\/p>\n<p>Pachetele expediate \u00een Rom\u00e2nia ajung de obicei \u00een 10 zile lucr\u0103toare. Livrarea \u00een \u021b\u0103rile europene dureaz\u0103, \u00een general, aproximativ 12-15 zile lucr\u0103toare. V\u0103 vom oferi actualiz\u0103ri \u00een timp real cu privire la starea expedierii dumneavoastr\u0103.<\/p>\n<\/div>\n<\/div>\n<\/div>\n<\/div>\n<\/div>\n<p>&nbsp;<\/p>\n<p>Alte produse vape populare care v-ar putea pl\u0103cea:<\/p>\n<p><a href=\"https:\/\/rmvapesale.com\/ro\/product\/poco-pt12000-puffs-disposable-vape-pod-electronic-cigarette\/\"><strong>POCO PT 12000 Pufuri\u00a0 \u00a0<span style=\"color: #ff0000\">&gt;&gt;&gt;&gt; merge\u021bi!<\/span><\/strong><\/a><\/p>\n<p><strong><a href=\"https:\/\/rmvapesale.com\/ro\/product\/disposable-vape-poco-bl10000-puffs-wholesale\/\">POCO BL10000 Pufuri <span style=\"color: #ff0000\">&gt;&gt;&gt;&gt; merge\u021bi!<\/span><\/a>\u00a0<\/strong><\/p>\n<p><a href=\"https:\/\/rmvapesale.com\/ro\/product\/original-randm-vape-digital-puff-12000-fumot-factory-price\/\"><strong>Fumot Vape 12000 pufuri <span style=\"color: #ff0000\">&gt;&gt;&gt;&gt; merge\u021bi!<\/span><\/strong><\/a><\/p>\n<p>&nbsp;<\/p>\n<p>&nbsp;<\/p>\n<p>G\u0103si\u021bi mai multe produse de vapat care v-ar putea pl\u0103cea:<strong><em><a href=\"https:\/\/rmvapesale.com\/ro\/shop-2\/\">cump\u0103r\u0103 acum &gt;&gt;&gt;<\/a><\/em><\/strong><\/p>","protected":false},"excerpt":{"rendered":"<p>Cump\u0103r\u0103 \u021big\u0103ri electronice HZKD SUPERNOVA 30000 de pufuri la pre\u021b de en-gros<br \/>\n\u021aigar\u0103 electronic\u0103 de unic\u0103 folosin\u021b\u0103 re\u00eenc\u0103rcabil\u0103 HZKO Supernova 25000 de pufuri<br \/>\n\u021aigar\u0103 electronic\u0103 de unic\u0103 folosin\u021b\u0103 en-gros din stoc \u00een depozitul din Rom\u00e2nia<br \/>\n<span style=\"color: #ff0000\">(Livrare din depozitul din Rom\u00e2nia \u0219i dureaz\u0103 aproximativ 3-5 zile s\u0103 ajung\u0103 \u00een majoritatea \u021b\u0103rilor europene precum \u021a\u0103rile de Jos, Fran\u021ba, Italia, Spania, Elve\u021bia, Suedia, Polonia, etc.)<\/span><\/p>\n<p><img loading=\"lazy\" decoding=\"async\" class=\"size-full wp-image-2375\" src=\"https:\/\/rmvapesale.com\/wp-content\/uploads\/2024\/10\/image.png\" alt=\"Cea mai bun\u0103 \u021bigar\u0103 electronic\u0103 de unic\u0103 folosin\u021b\u0103\" width=\"229\" height=\"300\" \/><\/p>\n<h3><a href=\"https:\/\/wa.me\/8617776015835\"><span style=\"color: #ff0000\"><strong>WhatsApp: +86 17776015835<\/strong><\/span><\/a><\/h3>\n<p>&nbsp;<\/p>","protected":false},"featured_media":2602,"comment_status":"open","ping_status":"closed","template":"","meta":{"_uag_custom_page_level_css":"","_lmt_disableupdate":"no","_lmt_disable":"","site-sidebar-layout":"default","site-content-layout":"content-boxed-container","ast-site-content-layout":"normal-width-container","site-content-style":"boxed","site-sidebar-style":"unboxed","ast-global-header-display":"","ast-banner-title-visibility":"","ast-main-header-display":"","ast-hfb-above-header-display":"","ast-hfb-below-header-display":"","ast-hfb-mobile-header-display":"","site-post-title":"","ast-breadcrumbs-content":"","ast-featured-img":"","footer-sml-layout":"","ast-disable-related-posts":"","theme-transparent-header-meta":"default","adv-header-id-meta":"","stick-header-meta":"","header-above-stick-meta":"","header-main-stick-meta":"","header-below-stick-meta":"","astra-migrate-meta-layouts":"set","ast-page-background-enabled":"default","ast-page-background-meta":{"desktop":{"background-color":"var(--ast-global-color-4)","background-image":"","background-repeat":"repeat","background-position":"center center","background-size":"auto","background-attachment":"scroll","background-type":"","background-media":"","overlay-type":"","overlay-color":"","overlay-opacity":"","overlay-gradient":""},"tablet":{"background-color":"","background-image":"","background-repeat":"repeat","background-position":"center center","background-size":"auto","background-attachment":"scroll","background-type":"","background-media":"","overlay-type":"","overlay-color":"","overlay-opacity":"","overlay-gradient":""},"mobile":{"background-color":"","background-image":"","background-repeat":"repeat","background-position":"center center","background-size":"auto","background-attachment":"scroll","background-type":"","background-media":"","overlay-type":"","overlay-color":"","overlay-opacity":"","overlay-gradient":""}},"ast-content-background-meta":{"desktop":{"background-color":"var(--ast-global-color-5)","background-image":"","background-repeat":"repeat","background-position":"center center","background-size":"auto","background-attachment":"scroll","background-type":"","background-media":"","overlay-type":"","overlay-color":"","overlay-opacity":"","overlay-gradient":""},"tablet":{"background-color":"var(--ast-global-color-5)","background-image":"","background-repeat":"repeat","background-position":"center center","background-size":"auto","background-attachment":"scroll","background-type":"","background-media":"","overlay-type":"","overlay-color":"","overlay-opacity":"","overlay-gradient":""},"mobile":{"background-color":"var(--ast-global-color-5)","background-image":"","background-repeat":"repeat","background-position":"center center","background-size":"auto","background-attachment":"scroll","background-type":"","background-media":"","overlay-type":"","overlay-color":"","overlay-opacity":"","overlay-gradient":""}},"_joinchat":[]},"product_brand":[],"product_cat":[15,27,25,195,123,30,26,28,137,136,135],"product_tag":[146,188,167,197,165,154,191,196,120],"class_list":{"0":"post-2603","1":"product","2":"type-product","3":"status-publish","4":"has-post-thumbnail","6":"product_cat-new-vape-this-week","7":"product_cat-fance-hot-sale-vape","8":"product_cat-germany-best-selling-vape","9":"product_cat-germany-warehouse","10":"product_cat-italy-wholesale-vape","11":"product_cat-minimum-order-quantity-50pcs","12":"product_cat-netherlands-hot-sale-vape","13":"product_cat-poland-hot-sale-vape","14":"product_cat-rechargeable-vapes","15":"product_cat-smart-screen-vapes","16":"product_cat-spain-best-hot-sale-vape","17":"product_tag-best-hot-sale-vape","18":"product_tag-buy-vapes-online","19":"product_tag-disposable-vape-with-screen","20":"product_tag-germany-hot-sale-vape","21":"product_tag-rechargeable-vapes","22":"product_tag-smart-vape","23":"product_tag-vape-box","24":"product_tag-vape-shop","25":"product_tag-vape-wholesale","26":"desktop-align-left","27":"tablet-align-left","28":"mobile-align-left","30":"first","31":"instock","32":"sale","33":"shipping-taxable","34":"purchasable","35":"product-type-simple"},"uagb_featured_image_src":{"full":["https:\/\/rmvapesale.com\/wp-content\/uploads\/2024\/10\/Supernova-30000-Puffs-Disposable-Vape.jpg",800,800,false],"thumbnail":["https:\/\/rmvapesale.com\/wp-content\/uploads\/2024\/10\/Supernova-30000-Puffs-Disposable-Vape-150x150.jpg",150,150,true],"medium":["https:\/\/rmvapesale.com\/wp-content\/uploads\/2024\/10\/Supernova-30000-Puffs-Disposable-Vape-300x300.jpg",300,300,true],"medium_large":["https:\/\/rmvapesale.com\/wp-content\/uploads\/2024\/10\/Supernova-30000-Puffs-Disposable-Vape-768x768.jpg",768,768,true],"large":["https:\/\/rmvapesale.com\/wp-content\/uploads\/2024\/10\/Supernova-30000-Puffs-Disposable-Vape.jpg",800,800,false],"1536x1536":["https:\/\/rmvapesale.com\/wp-content\/uploads\/2024\/10\/Supernova-30000-Puffs-Disposable-Vape.jpg",800,800,false],"2048x2048":["https:\/\/rmvapesale.com\/wp-content\/uploads\/2024\/10\/Supernova-30000-Puffs-Disposable-Vape.jpg",800,800,false],"trp-custom-language-flag":["https:\/\/rmvapesale.com\/wp-content\/uploads\/2024\/10\/Supernova-30000-Puffs-Disposable-Vape.jpg",12,12,false],"woocommerce_thumbnail":["https:\/\/rmvapesale.com\/wp-content\/uploads\/2024\/10\/Supernova-30000-Puffs-Disposable-Vape-300x300.jpg",300,300,true],"woocommerce_single":["https:\/\/rmvapesale.com\/wp-content\/uploads\/2024\/10\/Supernova-30000-Puffs-Disposable-Vape-600x600.jpg",600,600,true],"woocommerce_gallery_thumbnail":["https:\/\/rmvapesale.com\/wp-content\/uploads\/2024\/10\/Supernova-30000-Puffs-Disposable-Vape-100x100.jpg",100,100,true],"wcpr-photo-reviews":["https:\/\/rmvapesale.com\/wp-content\/uploads\/2024\/10\/Supernova-30000-Puffs-Disposable-Vape.jpg",500,500,false]},"uagb_author_info":{"display_name":"AMY","author_link":"https:\/\/rmvapesale.com\/ro\/author\/"},"uagb_comment_info":0,"uagb_excerpt":"Buy HZKD SUPERNOVA 30000 Puff Vapes at Wholesale Price HZKO Supernova 25000 Puffs Rechargeable Disposable Vape Wholesale Disposable Vape in Germany Warehouse Stock (Ship from Germany warehouse and takes about 3-5 days\u00a0 to get arrive to most Europe countries like Netherlands, France, Italy, Spain, Switzerland, Sweden, Poland, etc. ) WhatsApp: +86 17776015835 &nbsp;","_links":{"self":[{"href":"https:\/\/rmvapesale.com\/ro\/wp-json\/wp\/v2\/product\/2603","targetHints":{"allow":["GET"]}}],"collection":[{"href":"https:\/\/rmvapesale.com\/ro\/wp-json\/wp\/v2\/product"}],"about":[{"href":"https:\/\/rmvapesale.com\/ro\/wp-json\/wp\/v2\/types\/product"}],"replies":[{"embeddable":true,"href":"https:\/\/rmvapesale.com\/ro\/wp-json\/wp\/v2\/comments?post=2603"}],"wp:featuredmedia":[{"embeddable":true,"href":"https:\/\/rmvapesale.com\/ro\/wp-json\/wp\/v2\/media\/2602"}],"wp:attachment":[{"href":"https:\/\/rmvapesale.com\/ro\/wp-json\/wp\/v2\/media?parent=2603"}],"wp:term":[{"taxonomy":"product_brand","embeddable":true,"href":"https:\/\/rmvapesale.com\/ro\/wp-json\/wp\/v2\/product_brand?post=2603"},{"taxonomy":"product_cat","embeddable":true,"href":"https:\/\/rmvapesale.com\/ro\/wp-json\/wp\/v2\/product_cat?post=2603"},{"taxonomy":"product_tag","embeddable":true,"href":"https:\/\/rmvapesale.com\/ro\/wp-json\/wp\/v2\/product_tag?post=2603"}],"curies":[{"name":"wp","href":"https:\/\/api.w.org\/{rel}","templated":true}]}}