{"id":2620,"date":"2024-10-31T02:49:55","date_gmt":"2024-10-31T02:49:55","guid":{"rendered":"https:\/\/rmvapesale.com\/?post_type=product&#038;p=2620"},"modified":"2024-10-31T07:50:14","modified_gmt":"2024-10-31T07:50:14","slug":"bang-box-vape-tornado-40000-puff-2-5-low-nicotine","status":"publish","type":"product","link":"https:\/\/rmvapesale.com\/ro\/product\/bang-box-vape-tornado-40000-puff-2-5-low-nicotine\/","title":{"rendered":"Bang Box Vape Tornado 40000 Puf 2% 5% Nicotina scazuta"},"content":{"rendered":"<div class=\"B2VR9 CJHX3e\">\n<div class=\"wyccme\">\n<h1 class=\"LC20lb MBeuO DKV0Md\">Bang Box Vape Tornado 40000 Puf 2% 5% Nicotina scazuta<\/h1>\n<div class=\"flex-shrink-0 flex flex-col relative items-end\">\n<div class=\"pt-0\">\n<div class=\"gizmo-bot-avatar flex h-8 w-8 items-center justify-center overflow-hidden rounded-full\">\n<div class=\"relative p-1 rounded-sm flex items-center justify-center bg-token-main-surface-primary text-token-text-primary h-8 w-8\">\n<p>The <strong>Bang Box Vape Tornado 40000 Puff<\/strong> este un dispozitiv premium, de mare capacitate <strong>vape de unic\u0103 folosin\u021b\u0103<\/strong> conceput pentru cei care prioritizeaz\u0103 longevitatea, performan\u021ba puternic\u0103 \u0219i o varietate remarcabil\u0103 de arome. Oferind un incredibil <strong>40.000 de pufuri<\/strong>, acest <strong>bang vape<\/strong> ofer\u0103 o experien\u021b\u0103 de vaping satisf\u0103c\u0103toare cu fiecare inhalare, datorit\u0103 <strong>capacit\u0103\u021bii de 40 ml de e-lichid<\/strong> \u0219i op\u021biunilor duale de nicotin\u0103 de <strong>2% \u0219i 5%<\/strong>.<\/p>\n<p>Creat pentru a satisface cerin\u021bele vaperilor care se bucur\u0103 de un dispozitiv fiabil, <strong>vape re\u00eenc\u0103rcabil de unic\u0103 folosin\u021b\u0103<\/strong>, the <strong>Bang Tornado 40000<\/strong> vine cu o <strong>baterie de 850mAh<\/strong> \u0219i o <strong>portul de \u00eenc\u0103rcare Type-C<\/strong> pentru \u00eenc\u0103rc\u0103ri rapide \u0219i convenabile din mers. The <strong>ecran digital<\/strong> \u021bine utilizatorii la curent cu nivelurile bateriei \u0219i al e-lichidului, astfel \u00eenc\u00e2t s\u0103 nu fi\u021bi niciodat\u0103 luat prin surprindere. Fiecare <strong>Bang Box<\/strong> include 10 dispozitive ambalate individual, ceea ce \u00eel face o op\u021biune excelent\u0103 at\u00e2t pentru uz personal, c\u00e2t \u0219i pentru comenzi en-gros.<\/p>\n<\/div>\n<p>The <strong>Bang Original<\/strong> Seria Tornado stabile\u0219te un nou standard \u00een materie de puf-uri multe, <strong>nicotin\u0103 sc\u0103zut\u0103<\/strong> vape-uri de unic\u0103 folosin\u021b\u0103, ideal pentru cei care apreciaz\u0103 un dispozitiv ultra-rezistent, cu o calitate excep\u021bional\u0103 a aromei. Al s\u0103u <strong>baterie re\u00eenc\u0103rcabil\u0103<\/strong> \u0219i <strong>ecran digital<\/strong> \u00eel fac o alegere de top \u00een <strong>pia\u021ba vape-urilor de unic\u0103 folosin\u021b\u0103 Bang<\/strong> oferind o experien\u021b\u0103 premium, care este at\u00e2t u\u0219or de utilizat, c\u00e2t \u0219i eficient\u0103.<\/p>\n<p>Fie c\u0103 sunte\u021bi \u00een c\u0103utarea unor <strong>op\u021biuni Bang bar vape<\/strong> \u00een vrac, c\u0103uta\u021bi un <strong>bang box vape<\/strong> cu multe puf-uri pentru a v\u0103 aproviziona magazinul de vape-uri sau pur \u0219i simplu dori\u021bi un <strong>Bang Box<\/strong> care este construit s\u0103 dureze, modelul <strong>Bang vape 40000 Puf-uri<\/strong> este conceput pentru a satisface orice nevoie de vaping.<\/p>\n<p>&nbsp;<\/p>\n<\/div>\n<\/div>\n<\/div>\n<\/div>\n<\/div>\n<p><strong>Contacta\u021bi-o pe Amy pentru a ob\u021bine un r\u0103spuns prompt \u0219i un cupon pentru vape!<\/strong><\/p>\n<p><img loading=\"lazy\" decoding=\"async\" class=\"size-full wp-image-1978\" src=\"https:\/\/rmvapesale.com\/wp-content\/uploads\/2024\/09\/Disposable-Vape-Wholesale.jpg\" alt=\"\u021aig\u0103ri electronice de unic\u0103 folosin\u021b\u0103 en-gros\" width=\"229\" height=\"300\" \/><\/p>\n<h3><a href=\"https:\/\/wa.me\/8617776015835\" target=\"_blank\" rel=\"noopener\"><span style=\"color: #ff0000\"><strong>WhatsApp: +86 17776015835<\/strong><\/span><\/a><\/h3>\n<p>&nbsp;<\/p>\n<h2><\/h2>\n<h2><strong>Bang Box Vape Tornado 40000 <\/strong><strong>Caracteristici principale<\/strong><\/h2>\n<p>Brand: Bang Vape<br \/>\nPuff: 40000<br \/>\nE-lichid: 40ml<br \/>\nNicotin\u0103: 2%\/5%<br \/>\nBaterie: 850mAh<br \/>\nRe\u00eenc\u0103rcabil Type-C<br \/>\nDisplay: Ecran Digital<\/p>\n<h2><strong>Arom\u0103 de top pentru <\/strong><strong>Bang Box Vape Tornado 40000 Re\u00eenc\u0103rcabil<\/strong><\/h2>\n<p>The <strong>Bang Box Vape Tornado<\/strong> este disponibil \u00een 12 arome fantastice pentru a satisface o gam\u0103 larg\u0103 de gusturi, de la revigorantul <strong>Peach Ice (Ghea\u021b\u0103 de Piersici)<\/strong> \u0219i dulcele <strong>Triple Berry (Fructe de P\u0103dure Triple)<\/strong> p\u00e2n\u0103 la exoticul <strong>Love66<\/strong> \u0219i acidulatul <strong>Blueberry Lemon (Afine \u0219i L\u0103m\u00e2ie)<\/strong>. Alte op\u021biuni populare includ:<\/p>\n<p>1. Peach Ice (Ghea\u021b\u0103 de Piersici)<br \/>\n2. Love66 <span style=\"color: #ff0000\"><strong>&gt;&gt;&gt;&gt; Fierbinte!<\/strong><\/span><br \/>\n3. Triple Berry (Fructe de P\u0103dure Triple)<br \/>\n4. Blueberry Lemon (Afine \u0219i L\u0103m\u00e2ie)<br \/>\n5. Energy Drink (B\u0103utur\u0103 Energizant\u0103)<br \/>\n6. Double Apple (M\u0103r Dublu)<br \/>\n7. Mango Peach (Mango \u0219i Piersic\u0103)<br \/>\n8. Blueberry Grape (Afine \u0219i Struguri)<br \/>\n9. Strawberry Watermelon (C\u0103p\u0219uni \u0219i Pepene) <span style=\"color: #ff0000\"><strong>&gt;&gt;&gt;&gt; Cel mai bun!<\/strong><\/span><br \/>\n10. Strawberry Kiwi (C\u0103p\u0219uni \u0219i Kiwi)<br \/>\n11. Afine Zmeur\u0103 <span style=\"color: #ff0000\"><strong>&gt;&gt;&gt;&gt; Fierbinte!<\/strong><\/span><br \/>\n12. Pepene Verde<\/p>\n<figure id=\"attachment_2623\" aria-describedby=\"caption-attachment-2623\" style=\"width: 620px\" class=\"wp-caption alignnone\"><img loading=\"lazy\" decoding=\"async\" class=\"wp-image-2623 size-large\" src=\"https:\/\/rmvapesale.com\/wp-content\/uploads\/2024\/10\/Bang-Box-Vape-40000-Flavor-620x1024.jpg\" alt=\"Bang Box Vape 40000 Arom\u0103\" width=\"620\" height=\"1024\" srcset=\"https:\/\/rmvapesale.com\/wp-content\/uploads\/2024\/10\/Bang-Box-Vape-40000-Flavor-620x1024.jpg 620w, https:\/\/rmvapesale.com\/wp-content\/uploads\/2024\/10\/Bang-Box-Vape-40000-Flavor-182x300.jpg 182w, https:\/\/rmvapesale.com\/wp-content\/uploads\/2024\/10\/Bang-Box-Vape-40000-Flavor-768x1268.jpg 768w, https:\/\/rmvapesale.com\/wp-content\/uploads\/2024\/10\/Bang-Box-Vape-40000-Flavor-600x991.jpg 600w, https:\/\/rmvapesale.com\/wp-content\/uploads\/2024\/10\/Bang-Box-Vape-40000-Flavor.jpg 800w\" sizes=\"auto, (max-width: 620px) 100vw, 620px\" \/><figcaption id=\"caption-attachment-2623\" class=\"wp-caption-text\">Bang Box Vape 40000 Arom\u0103<\/figcaption><\/figure>\n<h3><strong>De ce s\u0103 alege\u021bi Rmvapesale pentru Bang 40000 Puffs Vape de Unic\u0103 Folosin\u021b\u0103<\/strong><strong>?<\/strong><\/h3>\n<div class=\"flex-shrink-0 flex flex-col relative items-end\">\n<div class=\"pt-0\">\n<div class=\"gizmo-bot-avatar flex h-8 w-8 items-center justify-center overflow-hidden rounded-full\">\n<div class=\"relative p-1 rounded-sm flex items-center justify-center bg-token-main-surface-primary text-token-text-primary h-8 w-8\">\n<p>Bun venit la Rmvapesale, magazinul dumneavoastr\u0103 de \u00eencredere pentru \u021big\u0103ri electronice de unic\u0103 folosin\u021b\u0103 premium. Cu o experien\u021b\u0103 de peste 5 ani, v\u0103 aducem branduri populare de \u021big\u0103ri electronice de unic\u0103 folosin\u021b\u0103, cum ar fi Al Fakher, Vapme Vape, <a href=\"https:\/\/rmvapesale.com\/ro\/product\/vapme-crystal-7000-puffs-rechargeable-disposable-vape-price\/\">Vapme<\/a>, <a href=\"https:\/\/rmvapesale.com\/ro\/product-category\/bang-vapes\/\">Bang Vape<\/a>, Waspe, <a href=\"https:\/\/rmvapesale.com\/ro\/product\/wga-crystal-pro-max-extra-15k-puffs-disposable-vape-wholesale\/\">WGA<\/a> Vape \u0219i<a href=\"https:\/\/rmvapesale.com\/ro\/product-category\/randm-fumot-vape\/\"> RandM Vape<\/a>.<\/p>\n<p>Gama noastr\u0103 include \u021big\u0103ri electronice foarte v\u00e2ndute, cum ar fi <a href=\"https:\/\/rmvapesale.com\/ro\/product\/smart-disposable-vape-elfworld-ai-22000-puffs-led-display\/\">ELFWORLD AI 22000 Puff<\/a> \u0219i op\u021biuni bogate \u00een arome, cum ar fi <a href=\"https:\/\/rmvapesale.com\/ro\/product\/randm-tornado-25000-puffs-disposable-vape-wholesale\/\">RandM 25000 Puff<\/a>. Fiecare produs este ales cu accent pe calitate, valoare \u0219i varietate, asigur\u00e2ndu-v\u0103 c\u0103 g\u0103si\u021bi potrivirea perfect\u0103 pentru nevoile dumneavoastr\u0103. Descoperi\u021bi servicii excep\u021bionale \u0219i o gam\u0103 larg\u0103 de produse de top la Rmvapesale.<\/p>\n<\/div>\n<h3><\/h3>\n<div class=\"relative p-1 rounded-sm flex items-center justify-center bg-token-main-surface-primary text-token-text-primary h-8 w-8\">\n<h3><b>\u00centreb\u0103ri Frecvente Bang Box 40000 Puff Vape<\/b><\/h3>\n<\/div>\n<p><strong>1. Cum \u0219tiu c\u00e2nd vape-ul meu de unic\u0103 folosin\u021b\u0103 este gol?<\/strong><br \/>\nCu <strong>Bang Box Vape Tornado 40000 Puff<\/strong>, the <strong>ecran digital<\/strong> afi\u0219eaz\u0103 at\u00e2t durata de via\u021b\u0103 a bateriei, c\u00e2t \u0219i nivelurile de e-lichid. C\u00e2nd indicatorul de e-lichid arat\u0103 gol sau nu mai sim\u021bi\u021bi aroma sau vaporii la o \u00eenc\u0103rcare complet\u0103, este timpul s\u0103 arunca\u021bi vape-ul.<\/p>\n<p><strong>2. C\u00e2t timp dureaz\u0103 \u00eenc\u0103rcarea unui Bang Box Vape 40000?<\/strong><br \/>\nThe <strong>Bang Box Vape Tornado 40000<\/strong> vine cu un <strong>portul de \u00eenc\u0103rcare Type-C<\/strong> \u0219i un <strong>baterie de 850mAh<\/strong>. De obicei, dureaz\u0103 aproximativ 1\u20131,5 ore pentru a se \u00eenc\u0103rca complet, asigur\u00e2nd c\u0103 dispozitivul este preg\u0103tit pentru o utilizare de lung\u0103 durat\u0103.<\/p>\n<p><strong>3. C\u00e2t\u0103 nicotin\u0103 este \u00eentr-un Bang Vape Tornado 40000?<\/strong><br \/>\nThe <strong>Bang Vape Tornado 40000 Puff<\/strong> ofer\u0103 <strong>dou\u0103 op\u021biuni de concentra\u021bie de nicotin\u0103<\/strong>: 2% (20mg) \u0219i 5% (50mg) nicotin\u0103 salin\u0103, adresate utilizatorilor cu preferin\u021be moderate \u0219i cu nicotin\u0103 mai mare.<\/p>\n<p><strong>4. Cum s\u0103 cump\u0103ra\u021bi Bang Vapes \u00een vrac?<\/strong><br \/>\nThe <strong>Bang Box Vape Tornado 40000 Puff<\/strong> este ambalat \u00een <strong>cutii de 10 unit\u0103\u021bi<\/strong> fiecare, ceea ce \u00eel face ideal pentru achizi\u021bii \u00een vrac. Mul\u021bi comercian\u021bi cu am\u0103nuntul \u0219i online <strong>magazine de vape-uri<\/strong> ofer\u0103 op\u021biuni de v\u00e2nzare cu ridicata, permi\u021b\u00e2ndu-v\u0103 s\u0103 v\u0103 aproviziona\u021bi cu <strong>vape-uri bang<\/strong> \u00een vrac. Contactarea <strong>bang vape<\/strong> distribuitorilor autoriza\u021bi sau vizitarea unui magazin online de \u00eencredere <strong>magazinul dvs. de vape-uri<\/strong> este adesea cea mai bun\u0103 modalitate de a cump\u0103ra \u00een cantit\u0103\u021bi mari.<\/p>\n<p><strong>5. Pot s\u0103 iau un vape de unic\u0103 folosin\u021b\u0103 \u00eentr-un avion?<\/strong><br \/>\nDa, pute\u021bi lua vape-uri de unic\u0103 folosin\u021b\u0103, cum ar fi <strong>Bang Box Vape Tornado 40000<\/strong> \u00eentr-un avion, dar p\u0103stra\u021bi-l \u00een <strong>bagajul de m\u00e2n\u0103<\/strong> deoarece restric\u021biile pentru bagajele de cal\u0103 se aplic\u0103 bateriilor cu litiu. Asigura\u021bi-v\u0103 c\u0103 verifica\u021bi politicile specifice ale companiei aeriene \u0219i evita\u021bi utilizarea sau \u00eenc\u0103rcarea vape-ului \u00een timpul zborului.<\/p>\n<\/div>\n<\/div>\n<\/div>\n<h3>Despre livrare<\/h3>\n<div class=\"flex-shrink-0 flex flex-col relative items-end\">\n<div>\n<div class=\"pt-0\">\n<div class=\"gizmo-bot-avatar flex h-8 w-8 items-center justify-center overflow-hidden rounded-full\">\n<div><\/div>\n<div class=\"relative p-1 rounded-sm flex items-center justify-center bg-token-main-surface-primary text-token-text-primary h-8 w-8\"><strong>1. Ce metode de expediere sunt folosite?<\/strong><\/div>\n<\/div>\n<\/div>\n<\/div>\n<\/div>\n<div class=\"group\/conversation-turn relative flex w-full min-w-0 flex-col agent-turn\">\n<div class=\"flex-col gap-1 md:gap-3\">\n<div class=\"flex max-w-full flex-col flex-grow\">\n<div class=\"min-h-[20px] text-message flex w-full flex-col items-end gap-2 whitespace-normal break-words [.text-message+&amp;]:mt-5 overflow-x-auto\" dir=\"auto\" data-message-author-role=\"assistant\" data-message-id=\"22f8283b-3233-46ff-89a5-c7a41b33abda\">\n<div class=\"flex w-full flex-col gap-1 empty:hidden first:pt-[3px]\">\n<div class=\"markdown prose w-full break-words dark:prose-invert light\">\n<p>Colabor\u0103m cu UPS, DHL, FedEx, DPD \u0219i al\u021bi transportatori de top. Vom selecta cea mai bun\u0103 metod\u0103 de expediere \u00een func\u021bie de loca\u021bia dvs. de livrare pentru a ne asigura c\u0103 ve\u021bi primi produsele c\u00e2t mai repede posibil.<\/p>\n<\/div>\n<p><strong>2. C\u00e2t dureaz\u0103 livrarea?<\/strong><\/p>\n<p>Pachetele expediate \u00een Rom\u00e2nia ajung de obicei \u00een 10 zile lucr\u0103toare. Livrarea \u00een \u021b\u0103rile europene dureaz\u0103, \u00een general, aproximativ 12-15 zile lucr\u0103toare. V\u0103 vom oferi actualiz\u0103ri \u00een timp real cu privire la starea expedierii dumneavoastr\u0103.<\/p>\n<\/div>\n<\/div>\n<\/div>\n<\/div>\n<\/div>\n<p>&nbsp;<\/p>\n<p>G\u0103si\u021bi mai multe produse de vapat care v-ar putea pl\u0103cea:<strong><em><a href=\"https:\/\/rmvapesale.com\/ro\/shop-2\/\">cump\u0103r\u0103 acum &gt;&gt;&gt;<\/a><\/em><\/strong><\/p>","protected":false},"excerpt":{"rendered":"<p>Bang Vape Tornado 40000 Puffs En-gros<br \/>\nBang Vape Tornado 40000 Puffs Aroma Love66<br \/>\nCump\u0103r\u0103 Bang Vape de Unic\u0103 Folosin\u021b\u0103 Online la Pre\u021b Mic<\/p>\n<p><img loading=\"lazy\" decoding=\"async\" class=\"size-full wp-image-2375\" src=\"https:\/\/rmvapesale.com\/wp-content\/uploads\/2024\/10\/image.png\" alt=\"Cea mai bun\u0103 \u021bigar\u0103 electronic\u0103 de unic\u0103 folosin\u021b\u0103\" width=\"229\" height=\"300\" \/><\/p>\n<h3><a href=\"https:\/\/wa.me\/8617776015835\"><span style=\"color: #ff0000\"><strong>WhatsApp: +86 17776015835<\/strong><\/span><\/a><\/h3>\n<p>&nbsp;<\/p>","protected":false},"featured_media":2621,"comment_status":"open","ping_status":"closed","template":"","meta":{"_uag_custom_page_level_css":"","_lmt_disableupdate":"no","_lmt_disable":"","site-sidebar-layout":"default","site-content-layout":"content-boxed-container","ast-site-content-layout":"normal-width-container","site-content-style":"boxed","site-sidebar-style":"unboxed","ast-global-header-display":"","ast-banner-title-visibility":"","ast-main-header-display":"","ast-hfb-above-header-display":"","ast-hfb-below-header-display":"","ast-hfb-mobile-header-display":"","site-post-title":"","ast-breadcrumbs-content":"","ast-featured-img":"","footer-sml-layout":"","ast-disable-related-posts":"","theme-transparent-header-meta":"default","adv-header-id-meta":"","stick-header-meta":"","header-above-stick-meta":"","header-main-stick-meta":"","header-below-stick-meta":"","astra-migrate-meta-layouts":"set","ast-page-background-enabled":"default","ast-page-background-meta":{"desktop":{"background-color":"var(--ast-global-color-4)","background-image":"","background-repeat":"repeat","background-position":"center center","background-size":"auto","background-attachment":"scroll","background-type":"","background-media":"","overlay-type":"","overlay-color":"","overlay-opacity":"","overlay-gradient":""},"tablet":{"background-color":"","background-image":"","background-repeat":"repeat","background-position":"center center","background-size":"auto","background-attachment":"scroll","background-type":"","background-media":"","overlay-type":"","overlay-color":"","overlay-opacity":"","overlay-gradient":""},"mobile":{"background-color":"","background-image":"","background-repeat":"repeat","background-position":"center center","background-size":"auto","background-attachment":"scroll","background-type":"","background-media":"","overlay-type":"","overlay-color":"","overlay-opacity":"","overlay-gradient":""}},"ast-content-background-meta":{"desktop":{"background-color":"var(--ast-global-color-5)","background-image":"","background-repeat":"repeat","background-position":"center center","background-size":"auto","background-attachment":"scroll","background-type":"","background-media":"","overlay-type":"","overlay-color":"","overlay-opacity":"","overlay-gradient":""},"tablet":{"background-color":"var(--ast-global-color-5)","background-image":"","background-repeat":"repeat","background-position":"center center","background-size":"auto","background-attachment":"scroll","background-type":"","background-media":"","overlay-type":"","overlay-color":"","overlay-opacity":"","overlay-gradient":""},"mobile":{"background-color":"var(--ast-global-color-5)","background-image":"","background-repeat":"repeat","background-position":"center center","background-size":"auto","background-attachment":"scroll","background-type":"","background-media":"","overlay-type":"","overlay-color":"","overlay-opacity":"","overlay-gradient":""}},"_joinchat":[]},"product_brand":[],"product_cat":[15,60,27,25,123,30,26,28,137,136,135],"product_tag":[187,146,188,167,165,85,191,120],"class_list":{"0":"post-2620","1":"product","2":"type-product","3":"status-publish","4":"has-post-thumbnail","6":"product_cat-new-vape-this-week","7":"product_cat-bang-vapes","8":"product_cat-fance-hot-sale-vape","9":"product_cat-germany-best-selling-vape","10":"product_cat-italy-wholesale-vape","11":"product_cat-minimum-order-quantity-50pcs","12":"product_cat-netherlands-hot-sale-vape","13":"product_cat-poland-hot-sale-vape","14":"product_cat-rechargeable-vapes","15":"product_cat-smart-screen-vapes","16":"product_cat-spain-best-hot-sale-vape","17":"product_tag-bang-box-vape","18":"product_tag-best-hot-sale-vape","19":"product_tag-buy-vapes-online","20":"product_tag-disposable-vape-with-screen","21":"product_tag-rechargeable-vapes","22":"product_tag-smart-disposable-vape","23":"product_tag-vape-box","24":"product_tag-vape-wholesale","25":"desktop-align-left","26":"tablet-align-left","27":"mobile-align-left","29":"first","30":"instock","31":"sale","32":"shipping-taxable","33":"purchasable","34":"product-type-simple"},"uagb_featured_image_src":{"full":["https:\/\/rmvapesale.com\/wp-content\/uploads\/2024\/10\/Bang-Bars-40000-Vape-Wholesale.jpg",800,800,false],"thumbnail":["https:\/\/rmvapesale.com\/wp-content\/uploads\/2024\/10\/Bang-Bars-40000-Vape-Wholesale-150x150.jpg",150,150,true],"medium":["https:\/\/rmvapesale.com\/wp-content\/uploads\/2024\/10\/Bang-Bars-40000-Vape-Wholesale-300x300.jpg",300,300,true],"medium_large":["https:\/\/rmvapesale.com\/wp-content\/uploads\/2024\/10\/Bang-Bars-40000-Vape-Wholesale-768x768.jpg",768,768,true],"large":["https:\/\/rmvapesale.com\/wp-content\/uploads\/2024\/10\/Bang-Bars-40000-Vape-Wholesale.jpg",800,800,false],"1536x1536":["https:\/\/rmvapesale.com\/wp-content\/uploads\/2024\/10\/Bang-Bars-40000-Vape-Wholesale.jpg",800,800,false],"2048x2048":["https:\/\/rmvapesale.com\/wp-content\/uploads\/2024\/10\/Bang-Bars-40000-Vape-Wholesale.jpg",800,800,false],"trp-custom-language-flag":["https:\/\/rmvapesale.com\/wp-content\/uploads\/2024\/10\/Bang-Bars-40000-Vape-Wholesale.jpg",12,12,false],"woocommerce_thumbnail":["https:\/\/rmvapesale.com\/wp-content\/uploads\/2024\/10\/Bang-Bars-40000-Vape-Wholesale-300x300.jpg",300,300,true],"woocommerce_single":["https:\/\/rmvapesale.com\/wp-content\/uploads\/2024\/10\/Bang-Bars-40000-Vape-Wholesale-600x600.jpg",600,600,true],"woocommerce_gallery_thumbnail":["https:\/\/rmvapesale.com\/wp-content\/uploads\/2024\/10\/Bang-Bars-40000-Vape-Wholesale-100x100.jpg",100,100,true],"wcpr-photo-reviews":["https:\/\/rmvapesale.com\/wp-content\/uploads\/2024\/10\/Bang-Bars-40000-Vape-Wholesale.jpg",500,500,false]},"uagb_author_info":{"display_name":"AMY","author_link":"https:\/\/rmvapesale.com\/ro\/author\/"},"uagb_comment_info":0,"uagb_excerpt":"Bang Vape Tornado 40000 Puffs Wholesale Bang Vape Tornado 40000 Puffs Love66 Flavor Buy Bang Disposable Vape on Line Cheap Price WhatsApp: +86 17776015835 &nbsp;","_links":{"self":[{"href":"https:\/\/rmvapesale.com\/ro\/wp-json\/wp\/v2\/product\/2620","targetHints":{"allow":["GET"]}}],"collection":[{"href":"https:\/\/rmvapesale.com\/ro\/wp-json\/wp\/v2\/product"}],"about":[{"href":"https:\/\/rmvapesale.com\/ro\/wp-json\/wp\/v2\/types\/product"}],"replies":[{"embeddable":true,"href":"https:\/\/rmvapesale.com\/ro\/wp-json\/wp\/v2\/comments?post=2620"}],"wp:featuredmedia":[{"embeddable":true,"href":"https:\/\/rmvapesale.com\/ro\/wp-json\/wp\/v2\/media\/2621"}],"wp:attachment":[{"href":"https:\/\/rmvapesale.com\/ro\/wp-json\/wp\/v2\/media?parent=2620"}],"wp:term":[{"taxonomy":"product_brand","embeddable":true,"href":"https:\/\/rmvapesale.com\/ro\/wp-json\/wp\/v2\/product_brand?post=2620"},{"taxonomy":"product_cat","embeddable":true,"href":"https:\/\/rmvapesale.com\/ro\/wp-json\/wp\/v2\/product_cat?post=2620"},{"taxonomy":"product_tag","embeddable":true,"href":"https:\/\/rmvapesale.com\/ro\/wp-json\/wp\/v2\/product_tag?post=2620"}],"curies":[{"name":"wp","href":"https:\/\/api.w.org\/{rel}","templated":true}]}}