{"id":2628,"date":"2024-10-31T08:10:13","date_gmt":"2024-10-31T08:10:13","guid":{"rendered":"https:\/\/rmvapesale.com\/?post_type=product&#038;p=2628"},"modified":"2024-10-31T09:26:49","modified_gmt":"2024-10-31T09:26:49","slug":"bang-vape-12000-puff-rechargeable-disposable-vape-wholesale","status":"publish","type":"product","link":"https:\/\/rmvapesale.com\/ro\/product\/bang-vape-12000-puff-rechargeable-disposable-vape-wholesale\/","title":{"rendered":"Bang Vape 12000 Puf Tigara electronica de unica folosinta reincarcabila en-gros"},"content":{"rendered":"<div class=\"B2VR9 CJHX3e\">\n<div class=\"wyccme\">\n<h1 class=\"LC20lb MBeuO DKV0Md\">Bang Vape 12000 Puf Tigara electronica de unica folosinta reincarcabila en-gros<\/h1>\n<div class=\"flex-shrink-0 flex flex-col relative items-end\">\n<div class=\"pt-0\">\n<div class=\"gizmo-bot-avatar flex h-8 w-8 items-center justify-center overflow-hidden rounded-full\">\n<div class=\"relative p-1 rounded-sm flex items-center justify-center bg-token-main-surface-primary text-token-text-primary h-8 w-8\"><\/div>\n<p>The <strong>Vap\u0103 de unic\u0103 folosin\u021b\u0103 re\u00eenc\u0103rcabil\u0103 Bang Vape 12000 Puff<\/strong> ofer\u0103 performan\u021be puternice \u0219i o varietate de arome, fiind o vap\u0103 popular\u0103 pentru oricine caut\u0103 o experien\u021b\u0103 de vaping premium de unic\u0103 folosin\u021b\u0103. Cu o impresionant\u0103 <strong>12.000 de pufuri<\/strong> \u0219i o <strong>baterie re\u00eenc\u0103rcabil\u0103 de 550mAh<\/strong>, acest <strong>Bang Vape<\/strong> este conceput\u0103 pentru confort \u0219i pl\u0103cere de lung\u0103 durat\u0103. Capacitatea de <strong>18ml de e-lichid<\/strong> ofer\u0103 o arom\u0103 consistent\u0103 pe tot parcursul utiliz\u0103rii, iar concentra\u021biile de nicotin\u0103 sunt disponibile at\u00e2t \u00een <strong>0%, 2% c\u00e2t \u0219i 5%<\/strong> pentru o satisfac\u021bie personalizabil\u0103.<\/p>\n<p>Cu un design u\u0219or de utilizat, f\u0103r\u0103 \u00eentre\u021binere, aceast\u0103 <strong>Vap\u0103 de unic\u0103 folosin\u021b\u0103 Bang Vape<\/strong> este perfect\u0103 at\u00e2t pentru \u00eencep\u0103tori, c\u00e2t \u0219i pentru vaperii experimenta\u021bi. Experimenta\u021bi calitatea la fiecare puf \u0219i bucura\u021bi-v\u0103 de simplitatea <strong>Bang Bars<\/strong> \u00eentr-un format convenabil <strong>vapare ultra-fin\u0103<\/strong> format.<\/p>\n<p>Pentru a explora gama complet\u0103 de <strong>Bang Vape 12000 Puffs<\/strong>, viziteaz\u0103 <strong>rmvapesale<\/strong>, un <strong>magazinul dvs. de vape-uri<\/strong> oferind <strong>v\u00e2nz\u0103ri vape en-gros<\/strong> \u0219i oferte excelente la <strong>Bang Box<\/strong> \u0219i altele <strong>Vape de unica folosinta Bang<\/strong> produse.<\/p>\n<p>&nbsp;<\/p>\n<\/div>\n<\/div>\n<\/div>\n<\/div>\n<\/div>\n<p><strong>Contacta\u021bi-o pe Amy pentru a ob\u021bine un r\u0103spuns prompt \u0219i un cupon pentru vape!<\/strong><\/p>\n<p><img loading=\"lazy\" decoding=\"async\" class=\"size-full wp-image-1978\" src=\"https:\/\/rmvapesale.com\/wp-content\/uploads\/2024\/09\/Disposable-Vape-Wholesale.jpg\" alt=\"\u021aig\u0103ri electronice de unic\u0103 folosin\u021b\u0103 en-gros\" width=\"229\" height=\"300\" \/><\/p>\n<h3><a href=\"https:\/\/wa.me\/8617776015835\" target=\"_blank\" rel=\"noopener\"><span style=\"color: #ff0000\"><strong>WhatsApp: +86 17776015835<\/strong><\/span><\/a><\/h3>\n<p>&nbsp;<\/p>\n<h2>Caracteristici principale ale Bang Vape 12000 Puf:<\/h2>\n<ul>\n<li><strong>Massive 12.000 de pufuri<\/strong> cu livrare lin\u0103 \u0219i constant\u0103<\/li>\n<li><strong>Baterie re\u00eenc\u0103rcabil\u0103 de 550mAh<\/strong> cu port Type-C pentru \u00eenc\u0103rcare rapid\u0103<\/li>\n<li><strong>18ml de e-lichid<\/strong> \u00een fiecare dispozitiv, asigur\u00e2nd o \u00eenlocuire mai rar\u0103<\/li>\n<li><strong>Op\u021biuni de nicotin\u0103<\/strong>: Alege \u00eentre 2% sau 5% pentru experien\u021ba ideal\u0103<\/li>\n<li><strong>12 arome delicioase<\/strong>: Bucur\u0103-te de op\u021biuni unice precum <strong>Blueberry Ice, Black Dragon Ice, Cherry Cola, Watermelon Bubblegum \u0219i Peach Ice<\/strong><\/li>\n<\/ul>\n<h2><strong>Arom\u0103 de top pentru <\/strong><strong>Vape Bang Box re\u00eenc\u0103rcabil 12000 pufuri<\/strong><\/h2>\n<p>The <strong>Bang Box Vape 12000<\/strong> este disponibil \u00een 12 arome fantastice pentru a satisface o gam\u0103 larg\u0103 de gusturi, de la revigorantul <strong>Peach Ice (Ghea\u021b\u0103 de Piersici)<\/strong> \u0219i dulcele <strong>Triple Berry (Fructe de P\u0103dure Triple)<\/strong> p\u00e2n\u0103 la <strong>Blueberry Lemon (Afine \u0219i L\u0103m\u00e2ie)<\/strong>. Alte op\u021biuni populare includ:<\/p>\n<p>1. Pepene Verde <span style=\"color: #ff0000\"><strong>&gt;&gt;&gt;&gt; Fierbinte!<\/strong><\/span><br \/>\n2.C\u0103p\u0219uni Pepene Verde<br \/>\n3. Blueberry Ice<br \/>\n4. Afine \u0219i zmeur\u0103 <span style=\"color: #ff0000\"><strong>&gt;&gt;&gt;&gt; Fierbinte!<\/strong><\/span><br \/>\n5. Mango \u0219i c\u0103p\u0219uni<br \/>\n6. Black Dragon Ice<br \/>\n7.Cherry Cola<br \/>\n8. Blueberry Grape (Afine \u0219i Struguri)<br \/>\n9.Triple Berry <span style=\"color: #ff0000\"><strong>&gt;&gt;&gt;&gt; Cel mai bun!<\/strong><\/span><br \/>\n10. Strawberry Kiwi (C\u0103p\u0219uni \u0219i Kiwi)<br \/>\n11.Piersic\u0103 cu ghea\u021b\u0103<br \/>\n12.Gum\u0103 de mestecat cu pepene verde<\/p>\n<figure id=\"attachment_2635\" aria-describedby=\"caption-attachment-2635\" style=\"width: 600px\" class=\"wp-caption alignnone\"><img loading=\"lazy\" decoding=\"async\" class=\"wp-image-2635 size-full\" src=\"https:\/\/rmvapesale.com\/wp-content\/uploads\/2024\/10\/Bang-Vape-Dispsable-Wholesale.jpg\" alt=\"Bang Vape Dispozitiv de unic\u0103 folosin\u021b\u0103 V\u00e2nzare en gros\" width=\"600\" height=\"1050\" srcset=\"https:\/\/rmvapesale.com\/wp-content\/uploads\/2024\/10\/Bang-Vape-Dispsable-Wholesale.jpg 600w, https:\/\/rmvapesale.com\/wp-content\/uploads\/2024\/10\/Bang-Vape-Dispsable-Wholesale-171x300.jpg 171w, https:\/\/rmvapesale.com\/wp-content\/uploads\/2024\/10\/Bang-Vape-Dispsable-Wholesale-585x1024.jpg 585w\" sizes=\"auto, (max-width: 600px) 100vw, 600px\" \/><figcaption id=\"caption-attachment-2635\" class=\"wp-caption-text\">Bang Vape Dispozitiv de unic\u0103 folosin\u021b\u0103 V\u00e2nzare en gros<\/figcaption><\/figure>\n<h3><strong>De ce s\u0103 alegi Rmvapesale pentru Bang 12000 Pufuri Vape de unic\u0103 folosin\u021b\u0103<\/strong><strong>?<\/strong><\/h3>\n<div class=\"flex-shrink-0 flex flex-col relative items-end\">\n<div class=\"pt-0\">\n<div class=\"gizmo-bot-avatar flex h-8 w-8 items-center justify-center overflow-hidden rounded-full\">\n<div class=\"relative p-1 rounded-sm flex items-center justify-center bg-token-main-surface-primary text-token-text-primary h-8 w-8\">\n<p>Bun venit la Rmvapesale, magazinul dumneavoastr\u0103 de \u00eencredere pentru \u021big\u0103ri electronice de unic\u0103 folosin\u021b\u0103 premium. Cu o experien\u021b\u0103 de peste 5 ani, v\u0103 aducem branduri populare de \u021big\u0103ri electronice de unic\u0103 folosin\u021b\u0103, cum ar fi Al Fakher, Vapme Vape, <a href=\"https:\/\/rmvapesale.com\/ro\/product\/vapme-crystal-7000-puffs-rechargeable-disposable-vape-price\/\">Vapme<\/a>, <a href=\"https:\/\/rmvapesale.com\/ro\/product-category\/bang-vapes\/\">Bang Vape<\/a>, Waspe, <a href=\"https:\/\/rmvapesale.com\/ro\/product\/wga-crystal-pro-max-extra-15k-puffs-disposable-vape-wholesale\/\">WGA<\/a> Vape \u0219i<a href=\"https:\/\/rmvapesale.com\/ro\/product-category\/randm-fumot-vape\/\"> RandM Vape<\/a>.<\/p>\n<p>Gama noastr\u0103 include \u021big\u0103ri electronice foarte v\u00e2ndute, cum ar fi <a href=\"https:\/\/rmvapesale.com\/ro\/product\/bang-box-vape-tornado-40000-puff-2-5-low-nicotine\/\">Cutie Bang Vape 40000 Pufuri<\/a> \u0219i op\u021biuni bogate \u00een arome, cum ar fi <a href=\"https:\/\/rmvapesale.com\/ro\/product\/randm-tornado-25000-puffs-disposable-vape-wholesale\/\">RandM 25000 Puff<\/a>. Fiecare produs este ales cu accent pe calitate, valoare \u0219i varietate, asigur\u00e2ndu-v\u0103 c\u0103 g\u0103si\u021bi potrivirea perfect\u0103 pentru nevoile dumneavoastr\u0103. Descoperi\u021bi servicii excep\u021bionale \u0219i o gam\u0103 larg\u0103 de produse de top la Rmvapesale.<\/p>\n<\/div>\n<h3><\/h3>\n<h3>\u00centreb\u0103ri frecvente pentru Bang Vape 12000 Pufuri Vape de unic\u0103 folosin\u021b\u0103 re\u00eenc\u0103rcabil\u0103<\/h3>\n<ol>\n<li><strong>Cum \u0219tiu c\u00e2nd vaporizatorul meu de unic\u0103 folosin\u021b\u0103 este gol?<\/strong> C\u00e2nd al t\u0103u <strong>Bang Vape 12000 Pufuri<\/strong> vape de unic\u0103 folosin\u021b\u0103 este gol, po\u021bi observa o sc\u0103dere a intensit\u0103\u021bii aromei \u0219i a produc\u021biei de vapori. \u00cen plus, dac\u0103 dispozitivul nu mai produce vapori deloc, \u00eenseamn\u0103 probabil c\u0103 e-liquidul a fost complet consumat. Re\u00eenc\u0103rcabil, dar de unic\u0103 folosin\u021b\u0103, este conceput pentru a fi \u00eenlocuit odat\u0103 ce este gol.<\/li>\n<li><strong>C\u00e2t timp dureaz\u0103 s\u0103 \u00eencarci un Bang 12000 Pufuri?<\/strong> The <strong>Bang 12000<\/strong> are o <strong>baterie de 550mAh<\/strong> \u0219i de obicei necesit\u0103 aproximativ <strong>1\u20132 ore pentru a se \u00eenc\u0103rca complet<\/strong> prin portul s\u0103u de \u00eenc\u0103rcare Type-C. Aceast\u0103 func\u021bie de \u00eenc\u0103rcare rapid\u0103 asigur\u0103 revenirea rapid\u0103 la utilizarea vape-ului.<\/li>\n<li><strong>C\u00e2t nicotin\u0103 con\u021bine un Bang Vape Tornado 12000?<\/strong> The <strong>Bang Vape Tornado 12000<\/strong> ofer\u0103 niveluri de nicotin\u0103 \u00een <strong>2% (20mg)<\/strong> \u0219i <strong>5% (50mg)<\/strong>, permi\u021b\u00e2ndu-\u021bi s\u0103 alegi nivelul care se potrive\u0219te cel mai bine preferin\u021belor tale.<\/li>\n<li><strong>Unde po\u021bi cump\u0103ra vape-uri Bang la pre\u021buri en gros?<\/strong> Po\u021bi achizi\u021biona vape-uri Bang, inclusiv <strong>Bang Vape 12000 Puff, Bang 30k Puff <\/strong>\u0219i alte modele populare, la pre\u021buri en gros de la <strong>rmvapesale<\/strong>. Aceast\u0103 \u00eencredere <strong>magazinul dvs. de vape-uri<\/strong> ofer\u0103 o gam\u0103 de <strong>Vape-uri de unic\u0103 folosin\u021b\u0103 Bang<\/strong> pentru cump\u0103r\u0103torii cu am\u0103nuntul \u0219i en gros.<\/li>\n<li><strong>Pot s\u0103 iau un vape de unic\u0103 folosin\u021b\u0103 \u00eentr-un avion?<\/strong> Da, po\u021bi aduce un vape de unic\u0103 folosin\u021b\u0103 pe avion, dar trebuie s\u0103 fie depozitat \u00een geanta de m\u00e2n\u0103, conform reglement\u0103rilor companiei aeriene pentru dispozitive electronice. Aminte\u0219te-\u021bi s\u0103 verifici \u00een prealabil cu compania aerian\u0103 \u0219i s\u0103 evi\u021bi utilizarea acestuia \u00een timpul zborului.<\/li>\n<\/ol>\n<\/div>\n<\/div>\n<\/div>\n<h3>Despre livrare<\/h3>\n<div class=\"flex-shrink-0 flex flex-col relative items-end\">\n<div>\n<div class=\"pt-0\">\n<div class=\"gizmo-bot-avatar flex h-8 w-8 items-center justify-center overflow-hidden rounded-full\">\n<div><\/div>\n<div class=\"relative p-1 rounded-sm flex items-center justify-center bg-token-main-surface-primary text-token-text-primary h-8 w-8\"><strong>1. Care sunt metodele de livrare?<\/strong><\/div>\n<\/div>\n<\/div>\n<\/div>\n<\/div>\n<div class=\"group\/conversation-turn relative flex w-full min-w-0 flex-col agent-turn\">\n<div class=\"flex-col gap-1 md:gap-3\">\n<div class=\"flex max-w-full flex-col flex-grow\">\n<div class=\"min-h-[20px] text-message flex w-full flex-col items-end gap-2 whitespace-normal break-words [.text-message+&amp;]:mt-5 overflow-x-auto\" dir=\"auto\" data-message-author-role=\"assistant\" data-message-id=\"22f8283b-3233-46ff-89a5-c7a41b33abda\">\n<div class=\"flex w-full flex-col gap-1 empty:hidden first:pt-[3px]\">\n<div class=\"markdown prose w-full break-words dark:prose-invert light\">\n<p>Colabor\u0103m cu UPS, DHL, FedEx, DPD \u0219i al\u021bi transportatori de top. Vom selecta cea mai bun\u0103 metod\u0103 de expediere \u00een func\u021bie de loca\u021bia dvs. de livrare pentru a ne asigura c\u0103 ve\u021bi primi produsele c\u00e2t mai repede posibil.<\/p>\n<\/div>\n<p><strong>2. C\u00e2t dureaz\u0103 livrarea?<\/strong><\/p>\n<p>Pachetele expediate \u00een Rom\u00e2nia ajung de obicei \u00een 10 zile lucr\u0103toare. Livrarea \u00een \u021b\u0103rile europene dureaz\u0103, \u00een general, aproximativ 12-15 zile lucr\u0103toare. V\u0103 vom oferi actualiz\u0103ri \u00een timp real cu privire la starea expedierii dumneavoastr\u0103.<\/p>\n<\/div>\n<\/div>\n<\/div>\n<\/div>\n<\/div>\n<p>&nbsp;<\/p>\n<p>G\u0103si\u021bi mai multe produse de vapat care v-ar putea pl\u0103cea:<strong><em><a href=\"https:\/\/rmvapesale.com\/ro\/shop-2\/\">cump\u0103r\u0103 acum &gt;&gt;&gt;<\/a><\/em><\/strong><\/p>","protected":false},"excerpt":{"rendered":"<p>Pre\u021b de en-gros original Bang Vape 12000 Puffs<br \/>\nVap\u0103 re\u00eenc\u0103rcabil\u0103 Bang 12000 Puffs, cump\u0103rare \u00een vrac<br \/>\nCump\u0103ra\u021bi Vap\u0103 de unic\u0103 folosin\u021b\u0103 Bang cu 0%, 2%, 3%, 5% Nicotin\u0103<\/p>\n<p><img loading=\"lazy\" decoding=\"async\" class=\"size-full wp-image-2375\" src=\"https:\/\/rmvapesale.com\/wp-content\/uploads\/2024\/10\/image.png\" alt=\"Cea mai bun\u0103 \u021bigar\u0103 electronic\u0103 de unic\u0103 folosin\u021b\u0103\" width=\"229\" height=\"300\" \/><\/p>\n<h3><a href=\"https:\/\/wa.me\/8617776015835\"><span style=\"color: #ff0000\"><strong>WhatsApp: +86 17776015835<\/strong><\/span><\/a><\/h3>\n<p>&nbsp;<\/p>","protected":false},"featured_media":2633,"comment_status":"open","ping_status":"closed","template":"","meta":{"_uag_custom_page_level_css":"","_lmt_disableupdate":"no","_lmt_disable":"","site-sidebar-layout":"default","site-content-layout":"content-boxed-container","ast-site-content-layout":"normal-width-container","site-content-style":"boxed","site-sidebar-style":"unboxed","ast-global-header-display":"","ast-banner-title-visibility":"","ast-main-header-display":"","ast-hfb-above-header-display":"","ast-hfb-below-header-display":"","ast-hfb-mobile-header-display":"","site-post-title":"","ast-breadcrumbs-content":"","ast-featured-img":"","footer-sml-layout":"","theme-transparent-header-meta":"default","adv-header-id-meta":"","stick-header-meta":"","header-above-stick-meta":"","header-main-stick-meta":"","header-below-stick-meta":"","astra-migrate-meta-layouts":"set","ast-page-background-enabled":"default","ast-page-background-meta":{"desktop":{"background-color":"var(--ast-global-color-4)","background-image":"","background-repeat":"repeat","background-position":"center center","background-size":"auto","background-attachment":"scroll","background-type":"","background-media":"","overlay-type":"","overlay-color":"","overlay-opacity":"","overlay-gradient":""},"tablet":{"background-color":"","background-image":"","background-repeat":"repeat","background-position":"center center","background-size":"auto","background-attachment":"scroll","background-type":"","background-media":"","overlay-type":"","overlay-color":"","overlay-opacity":"","overlay-gradient":""},"mobile":{"background-color":"","background-image":"","background-repeat":"repeat","background-position":"center center","background-size":"auto","background-attachment":"scroll","background-type":"","background-media":"","overlay-type":"","overlay-color":"","overlay-opacity":"","overlay-gradient":""}},"ast-content-background-meta":{"desktop":{"background-color":"var(--ast-global-color-5)","background-image":"","background-repeat":"repeat","background-position":"center center","background-size":"auto","background-attachment":"scroll","background-type":"","background-media":"","overlay-type":"","overlay-color":"","overlay-opacity":"","overlay-gradient":""},"tablet":{"background-color":"var(--ast-global-color-5)","background-image":"","background-repeat":"repeat","background-position":"center center","background-size":"auto","background-attachment":"scroll","background-type":"","background-media":"","overlay-type":"","overlay-color":"","overlay-opacity":"","overlay-gradient":""},"mobile":{"background-color":"var(--ast-global-color-5)","background-image":"","background-repeat":"repeat","background-position":"center center","background-size":"auto","background-attachment":"scroll","background-type":"","background-media":"","overlay-type":"","overlay-color":"","overlay-opacity":"","overlay-gradient":""}},"_joinchat":[]},"product_brand":[],"product_cat":[15,25,123,26,28,135,27,60,137,136,30],"product_tag":[187,199,146,188,167,165,191,120],"class_list":{"0":"post-2628","1":"product","2":"type-product","3":"status-publish","4":"has-post-thumbnail","6":"product_cat-new-vape-this-week","7":"product_cat-germany-best-selling-vape","8":"product_cat-italy-wholesale-vape","9":"product_cat-netherlands-hot-sale-vape","10":"product_cat-poland-hot-sale-vape","11":"product_cat-spain-best-hot-sale-vape","12":"product_cat-fance-hot-sale-vape","13":"product_cat-bang-vapes","14":"product_cat-rechargeable-vapes","15":"product_cat-smart-screen-vapes","16":"product_cat-minimum-order-quantity-50pcs","17":"product_tag-bang-box-vape","18":"product_tag-bang-vape","19":"product_tag-best-hot-sale-vape","20":"product_tag-buy-vapes-online","21":"product_tag-disposable-vape-with-screen","22":"product_tag-rechargeable-vapes","23":"product_tag-vape-box","24":"product_tag-vape-wholesale","25":"desktop-align-left","26":"tablet-align-left","27":"mobile-align-left","29":"first","30":"instock","31":"sale","32":"shipping-taxable","33":"purchasable","34":"product-type-simple"},"uagb_featured_image_src":{"full":["https:\/\/rmvapesale.com\/wp-content\/uploads\/2024\/10\/Bang-Rechargeable-Vape-12000-Puff-Wholesale.jpg",600,634,false],"thumbnail":["https:\/\/rmvapesale.com\/wp-content\/uploads\/2024\/10\/Bang-Rechargeable-Vape-12000-Puff-Wholesale-150x150.jpg",150,150,true],"medium":["https:\/\/rmvapesale.com\/wp-content\/uploads\/2024\/10\/Bang-Rechargeable-Vape-12000-Puff-Wholesale-284x300.jpg",284,300,true],"medium_large":["https:\/\/rmvapesale.com\/wp-content\/uploads\/2024\/10\/Bang-Rechargeable-Vape-12000-Puff-Wholesale.jpg",600,634,false],"large":["https:\/\/rmvapesale.com\/wp-content\/uploads\/2024\/10\/Bang-Rechargeable-Vape-12000-Puff-Wholesale.jpg",600,634,false],"1536x1536":["https:\/\/rmvapesale.com\/wp-content\/uploads\/2024\/10\/Bang-Rechargeable-Vape-12000-Puff-Wholesale.jpg",600,634,false],"2048x2048":["https:\/\/rmvapesale.com\/wp-content\/uploads\/2024\/10\/Bang-Rechargeable-Vape-12000-Puff-Wholesale.jpg",600,634,false],"trp-custom-language-flag":["https:\/\/rmvapesale.com\/wp-content\/uploads\/2024\/10\/Bang-Rechargeable-Vape-12000-Puff-Wholesale.jpg",11,12,false],"woocommerce_thumbnail":["https:\/\/rmvapesale.com\/wp-content\/uploads\/2024\/10\/Bang-Rechargeable-Vape-12000-Puff-Wholesale-300x300.jpg",300,300,true],"woocommerce_single":["https:\/\/rmvapesale.com\/wp-content\/uploads\/2024\/10\/Bang-Rechargeable-Vape-12000-Puff-Wholesale.jpg",600,634,false],"woocommerce_gallery_thumbnail":["https:\/\/rmvapesale.com\/wp-content\/uploads\/2024\/10\/Bang-Rechargeable-Vape-12000-Puff-Wholesale-100x100.jpg",100,100,true],"wcpr-photo-reviews":["https:\/\/rmvapesale.com\/wp-content\/uploads\/2024\/10\/Bang-Rechargeable-Vape-12000-Puff-Wholesale.jpg",473,500,false]},"uagb_author_info":{"display_name":"AMY","author_link":"https:\/\/rmvapesale.com\/ro\/author\/"},"uagb_comment_info":0,"uagb_excerpt":"Original Bang Vape 12000 Puffs Wholesale Price Bang 12000 Puffs Rechargeable Vape Bulk Buy Buy Bang Disposable Vape 0% 2% 3% 5% Nicotine WhatsApp: +86 17776015835 &nbsp;","_links":{"self":[{"href":"https:\/\/rmvapesale.com\/ro\/wp-json\/wp\/v2\/product\/2628","targetHints":{"allow":["GET"]}}],"collection":[{"href":"https:\/\/rmvapesale.com\/ro\/wp-json\/wp\/v2\/product"}],"about":[{"href":"https:\/\/rmvapesale.com\/ro\/wp-json\/wp\/v2\/types\/product"}],"replies":[{"embeddable":true,"href":"https:\/\/rmvapesale.com\/ro\/wp-json\/wp\/v2\/comments?post=2628"}],"wp:featuredmedia":[{"embeddable":true,"href":"https:\/\/rmvapesale.com\/ro\/wp-json\/wp\/v2\/media\/2633"}],"wp:attachment":[{"href":"https:\/\/rmvapesale.com\/ro\/wp-json\/wp\/v2\/media?parent=2628"}],"wp:term":[{"taxonomy":"product_brand","embeddable":true,"href":"https:\/\/rmvapesale.com\/ro\/wp-json\/wp\/v2\/product_brand?post=2628"},{"taxonomy":"product_cat","embeddable":true,"href":"https:\/\/rmvapesale.com\/ro\/wp-json\/wp\/v2\/product_cat?post=2628"},{"taxonomy":"product_tag","embeddable":true,"href":"https:\/\/rmvapesale.com\/ro\/wp-json\/wp\/v2\/product_tag?post=2628"}],"curies":[{"name":"wp","href":"https:\/\/api.w.org\/{rel}","templated":true}]}}