{"id":2644,"date":"2024-11-01T03:33:21","date_gmt":"2024-11-01T03:33:21","guid":{"rendered":"https:\/\/rmvapesale.com\/?post_type=product&#038;p=2644"},"modified":"2024-11-01T07:28:51","modified_gmt":"2024-11-01T07:28:51","slug":"puff-vape-cold-mountain-alps-30000-shisha-hookah-bar-wholesale","status":"publish","type":"product","link":"https:\/\/rmvapesale.com\/ro\/product\/puff-vape-cold-mountain-alps-30000-shisha-hookah-bar-wholesale\/","title":{"rendered":"Puff Vape Cold Mountain ALPI 30000 Shisha Hookah Bar en gros"},"content":{"rendered":"<div class=\"B2VR9 CJHX3e\">\n<div class=\"wyccme\">\n<h1 class=\"LC20lb MBeuO DKV0Md\">Pre\u021b en gros Puff Vape Cold Mountain ALPS Shisha Hookah Bar<\/h1>\n<div class=\"flex-shrink-0 flex flex-col relative items-end\">\n<div class=\"pt-0\">\n<div class=\"gizmo-bot-avatar flex h-8 w-8 items-center justify-center overflow-hidden rounded-full\">\n<div class=\"relative p-1 rounded-sm flex items-center justify-center bg-token-main-surface-primary text-token-text-primary h-8 w-8\">\n<p>The <strong>Puff Vape Cold Mountain ALPS Bar de shisha hookah\u00a0<\/strong>este un dispozitiv premium care ofer\u0103 o experien\u021b\u0103 remarcabil\u0103 de vaping, ideal pentru cei care apreciaz\u0103 durabilitatea \u0219i performan\u021ba. Cu un <strong>30.000 de pufuri<\/strong>, acest <strong>vape de unic\u0103 folosin\u021b\u0103<\/strong> este construit pentru a dura \u0219i a oferi satisfac\u021bie constant\u0103.<\/p>\n<p>The <strong>Cold Mountain ALPS<\/strong> este cea mai recent\u0103 inova\u021bie \u00een domeniul e-cigurilor de unic\u0103 folosin\u021b\u0103, oferind o solu\u021bie mai eficient\u0103 \u0219i economic\u0103 comparativ cu alte dispozitive, economisindu-\u021bi <strong>10-20%<\/strong> \u00een utilizarea general\u0103. \u00cen plus, <strong>Ecranul LED<\/strong> elimin\u0103 b\u0103nuielile din vaping, afi\u0219\u00e2nd clar starea bateriei \u0219i a lichidului e \u00een timp real. Echipat cu un <strong>bobin\u0103 din plas\u0103 de 0,5 ohmi<\/strong>, Cold Mountain ALPS <strong>shisha hookah <\/strong>\u00eembun\u0103t\u0103\u021be\u0219te aroma cu fiecare inhalare, oferind vapori netezi \u0219i bogati. Capacitatea sa impresionant\u0103 de <strong>35ml lichid e<\/strong> reduce necesitatea \u00eenlocuirii frecvente, perfect pentru utilizare prelungit\u0103. Alege dintr-o concentra\u021bie sc\u0103zut\u0103 de nicotin\u0103<strong> 2%<\/strong>, adaptat\u0103 preferin\u021belor tale personale.<\/p>\n<p>Acest <strong>hookah vape<\/strong> dispozitivul are o func\u021bie fiabil\u0103 <strong>Baterie re\u00eenc\u0103rcabil\u0103 de 850mAh<\/strong>, asigur\u00e2nd performan\u021b\u0103 puternic\u0103 pe tot parcursul duratei de via\u021b\u0103. Tehnologia <strong>\u00cenc\u0103rcare de tip C<\/strong> ofer\u0103 \u00eenc\u0103rcare rapid\u0103 \u0219i eficient\u0103, minimiz\u00e2nd timpul de nefunc\u021bionare \u0219i men\u021bin\u00e2nd vape-ul preg\u0103tit pentru utilizare. Pentru confort suplimentar, vape-ul vine cu un <strong>ecran digital LCD<\/strong> care afi\u0219eaz\u0103 durata r\u0103mas\u0103 a bateriei \u0219i nivelurile de lichid, fiind u\u0219or de urm\u0103rit.<\/p>\n<p>Descoper\u0103 o experien\u021b\u0103 luxoas\u0103 \u0219i complet ajustabil\u0103 <strong>bar de narghilea<\/strong> cu <strong>Vape de unic\u0103 folosin\u021b\u0103 Cold Mountain ALPS<\/strong>. \u00cembun\u0103t\u0103\u021be\u0219te-\u021bi experien\u021ba de vaping cu <strong>vape-uri en-gros<\/strong>, disponibil pentru achizi\u021bie en gros la un pre\u021b competitiv. G\u0103se\u0219te acest produs \u0219i altele la <strong>vapare ultra-fin\u0103<\/strong> furnizorul t\u0103u de \u00eencredere, unde calitatea \u0219i performan\u021ba se \u00eent\u00e2lnesc cu accesibilitatea.<\/p>\n<\/div>\n<\/div>\n<\/div>\n<\/div>\n<\/div>\n<\/div>\n<p><strong>Contacta\u021bi-o pe Amy pentru a ob\u021bine un r\u0103spuns prompt \u0219i un cupon pentru vape!<\/strong><\/p>\n<p><img loading=\"lazy\" decoding=\"async\" class=\"size-full wp-image-1978\" src=\"https:\/\/rmvapesale.com\/wp-content\/uploads\/2024\/09\/Disposable-Vape-Wholesale.jpg\" alt=\"\u021aig\u0103ri electronice de unic\u0103 folosin\u021b\u0103 en-gros\" width=\"229\" height=\"300\" \/><\/p>\n<h3><a href=\"https:\/\/wa.me\/8617776015835\" target=\"_blank\" rel=\"noopener\"><span style=\"color: #ff0000\"><strong>WhatsApp: +86 17776015835<\/strong><\/span><\/a><\/h3>\n<p>&nbsp;<\/p>\n<h2><\/h2>\n<h2><strong>Puff Vape Cold Mountain ALPS 30000 <\/strong><strong>Caracteristici principale<\/strong><\/h2>\n<p>Tip: Vape re\u00eenc\u0103rcabil<br \/>\nE-lichid: 35ml<br \/>\nRezisten\u021b\u0103 Mesh Coil: Big Smoke<br \/>\nPufuri: 30000 pufuri<br \/>\nRezisten\u021b\u0103: 0.5\u03a9<br \/>\nNicotine S\u0103ruri: 2%<br \/>\n\u00cenc\u0103rcare Type-C pe partea de jos<br \/>\nEcran de afi\u0219are<\/p>\n<figure id=\"attachment_2643\" aria-describedby=\"caption-attachment-2643\" style=\"width: 800px\" class=\"wp-caption alignnone\"><img loading=\"lazy\" decoding=\"async\" class=\"wp-image-2643 size-full\" src=\"https:\/\/rmvapesale.com\/wp-content\/uploads\/2024\/11\/Wholesale-COLD-MOUNTAIN-ALPS-30000-Disposable-Vape.jpg\" alt=\"Vape de unic\u0103 folosin\u021b\u0103 COLD MOUNTAIN ALPS 30000 en gros\" width=\"800\" height=\"800\" srcset=\"https:\/\/rmvapesale.com\/wp-content\/uploads\/2024\/11\/Wholesale-COLD-MOUNTAIN-ALPS-30000-Disposable-Vape.jpg 800w, https:\/\/rmvapesale.com\/wp-content\/uploads\/2024\/11\/Wholesale-COLD-MOUNTAIN-ALPS-30000-Disposable-Vape-300x300.jpg 300w, https:\/\/rmvapesale.com\/wp-content\/uploads\/2024\/11\/Wholesale-COLD-MOUNTAIN-ALPS-30000-Disposable-Vape-150x150.jpg 150w, https:\/\/rmvapesale.com\/wp-content\/uploads\/2024\/11\/Wholesale-COLD-MOUNTAIN-ALPS-30000-Disposable-Vape-768x768.jpg 768w, https:\/\/rmvapesale.com\/wp-content\/uploads\/2024\/11\/Wholesale-COLD-MOUNTAIN-ALPS-30000-Disposable-Vape-600x600.jpg 600w, https:\/\/rmvapesale.com\/wp-content\/uploads\/2024\/11\/Wholesale-COLD-MOUNTAIN-ALPS-30000-Disposable-Vape-100x100.jpg 100w\" sizes=\"auto, (max-width: 800px) 100vw, 800px\" \/><figcaption id=\"caption-attachment-2643\" class=\"wp-caption-text\">Vape de unic\u0103 folosin\u021b\u0103 COLD MOUNTAIN ALPS 30000 en gros<\/figcaption><\/figure>\n<h2><strong>Arom\u0103 de top pentru <\/strong><strong>Puff Vape Cold Mountain ALPI 30000 Pufuri<\/strong><\/h2>\n<p>1. Pepene Dragon<br \/>\n2. C\u0103p\u0219uni Pepene Verde\u00a0 <span style=\"color: #ff0000\"><strong>&gt;&gt;&gt;&gt; Fierbinte!<\/strong><\/span><br \/>\n3. Limonad\u0103 Roz<br \/>\n4. Fruct Dragon Ghea\u021b\u0103 Cire\u0219\u0103 Strawberry<br \/>\n5. Fruct de Pasiune Kiwi<br \/>\n6. Pepene Verde<br \/>\n7. C\u0103p\u0219uni Banan\u0103<br \/>\n8. Aloe Strugure<br \/>\n9. Afine Cire\u0219 Cola <span style=\"color: #ff0000\"><strong>&gt;&gt;&gt;&gt; Cel mai bun!<\/strong><\/span><br \/>\n10. Mango<\/p>\n<p>&nbsp;<\/p>\n<h3><strong>De ce s\u0103 alege\u021bi Rmvapesale pentru <\/strong><strong>ALPI\u00a0<\/strong><strong>Vaporizator re\u00eenc\u0103rcabil cu 30000 Pufuri<\/strong><strong>?<\/strong><\/h3>\n<div class=\"flex-shrink-0 flex flex-col relative items-end\">\n<div class=\"pt-0\">\n<div class=\"gizmo-bot-avatar flex h-8 w-8 items-center justify-center overflow-hidden rounded-full\">\n<div class=\"relative p-1 rounded-sm flex items-center justify-center bg-token-main-surface-primary text-token-text-primary h-8 w-8\">\n<p>C\u00e2nd alege\u021bi Rmvapesale pentru nevoile dvs. de vape-uri de unic\u0103 folosin\u021b\u0103 en-gros, ve\u021bi beneficia de:<\/p>\n<ul>\n<li><strong>Pre\u021b competitiv<\/strong>: Beneficia\u021bi de pre\u021buri atractive pentru a v\u0103 m\u0103ri marja de profit.<\/li>\n<li><strong>Calitate superioar\u0103<\/strong>: Vape-urile noastre sunt fabricate la cele mai \u00eenalte standarde, \u0219i <span style=\"color: #ff0000\"><strong>garantat 100% originale \u0219i autentice, sau primi\u021bi de 10 ori compensa\u021bia \u00een caz de produse contraf\u0103cute!<\/strong><\/span><\/li>\n<li><strong>Serviciu clien\u021bi excelent<\/strong>: Echipa noastr\u0103 dedicat\u0103 este mereu gata s\u0103 v\u0103 asiste, f\u0103c\u00e2nd procesul de cump\u0103rare u\u0219or \u0219i lipsit de griji.<\/li>\n<li><strong>Livrare rapid\u0103<\/strong>: A\u0219tepta\u021bi-v\u0103 la transport prompt \u0219i de \u00eencredere, care v\u0103 asigur\u0103 c\u0103 comenzile dumneavoastr\u0103 ajung la timp, de fiecare dat\u0103.<\/li>\n<\/ul>\n<\/div>\n<h3><\/h3>\n<div class=\"relative p-1 rounded-sm flex items-center justify-center bg-token-main-surface-primary text-token-text-primary h-8 w-8\">\n<h3><b>Cold Mountain ALPS 30000 Shisha FAQS\u00a0<\/b><\/h3>\n<\/div>\n<ol>\n<li><strong>Cum \u0219tiu c\u00e2nd vaporizatorul meu de unic\u0103 folosin\u021b\u0103 este gol?<\/strong>\n<ul>\n<li>The <strong>Cold Mountain ALPS 30000<\/strong> este echipat cu un <strong>ecran digital LCD<\/strong> care arat\u0103 nivelul r\u0103mas de e-lichid. C\u00e2nd ecranul indic\u0103 c\u0103 nivelul de e-lichid este sc\u0103zut sau experimenta\u021bi o sc\u0103dere semnificativ\u0103 a produc\u021biei de vapori \u0219i intensit\u0103\u021bii aromei, este timpul s\u0103 \u00eenlocui\u021bi vaporizatorul de unic\u0103 folosin\u021b\u0103.<\/li>\n<\/ul>\n<\/li>\n<li><strong>C\u00e2t timp dureaz\u0103 s\u0103 \u00eencarc un Puff Vape Cold Mountain ALPS 30000?<\/strong>\n<ul>\n<li>The <strong>Cold Mountain ALPS 30000<\/strong> func\u021bii <strong>Tehnologie de \u00eenc\u0103rcare Type-C<\/strong>, care asigur\u0103 o re\u00eenc\u0103rcare rapid\u0103 \u0219i eficient\u0103. \u00cen medie, dureaz\u0103 aproximativ <strong>1-2 ore<\/strong> pentru a \u00eenc\u0103rca complet dispozitivul, \u00een func\u021bie de sursa de alimentare.<\/li>\n<\/ul>\n<\/li>\n<li><strong>C\u00e2t de mult\u0103 nicotin\u0103 con\u021bine un Cold Mountain ALPS 30000 Shisha?<\/strong>\n<ul>\n<li>The <strong>Cold Mountain ALPS 30000 Shisha<\/strong> ofer\u0103 op\u021biuni diferite de concentra\u021bie de nicotin\u0103 <strong>2%.<\/strong><\/li>\n<\/ul>\n<\/li>\n<li><strong>Unde pot cump\u0103ra Puff Vape la pre\u021b en gros?<\/strong>\n<ul>\n<li>Po\u021bi achizi\u021biona <strong>Puff Vape Cold Mountain ALPS 30000<\/strong> \u0219i altele <strong>vape-uri en-gros<\/strong> de la furnizori de \u00eencredere precum <strong>rmvapesale<\/strong> sau specializa\u021bi <strong>magazine de vape-uri<\/strong> care ofer\u0103 op\u021biuni de cump\u0103rare en gros. Verific\u0103 platformele lor online pentru pre\u021buri competitive en gros.<\/li>\n<\/ul>\n<\/li>\n<li><strong>Pot s\u0103 iau un vape de unic\u0103 folosin\u021b\u0103 \u00eentr-un avion?<\/strong>\n<ul>\n<li>Da, pute\u021bi aduce un <strong>vape de unic\u0103 folosin\u021b\u0103<\/strong> pe un avion, dar trebuie s\u0103 fie plasat \u00een bagajul t\u0103u <strong>bagajul de m\u00e2n\u0103<\/strong>, nu bagaj de cal\u0103, din cauza reglement\u0103rilor de siguran\u021b\u0103 ale companiei aeriene privind bateriile litiu. Asigur\u0103-te c\u0103 dispozitivul este oprit \u0219i urmeaz\u0103 orice ghiduri specifice stabilite de compania aerian\u0103. Verific\u0103 \u00eentotdeauna cu compania aerian\u0103 \u00eenainte de a c\u0103l\u0103tori.<\/li>\n<\/ul>\n<\/li>\n<\/ol>\n<\/div>\n<\/div>\n<\/div>\n<h3>Despre livrare<\/h3>\n<div class=\"flex-shrink-0 flex flex-col relative items-end\">\n<div>\n<div class=\"pt-0\">\n<div class=\"gizmo-bot-avatar flex h-8 w-8 items-center justify-center overflow-hidden rounded-full\">\n<div><\/div>\n<div class=\"relative p-1 rounded-sm flex items-center justify-center bg-token-main-surface-primary text-token-text-primary h-8 w-8\"><strong>1. Ce metode de expediere sunt folosite?<\/strong><\/div>\n<\/div>\n<\/div>\n<\/div>\n<\/div>\n<div class=\"group\/conversation-turn relative flex w-full min-w-0 flex-col agent-turn\">\n<div class=\"flex-col gap-1 md:gap-3\">\n<div class=\"flex max-w-full flex-col flex-grow\">\n<div class=\"min-h-[20px] text-message flex w-full flex-col items-end gap-2 whitespace-normal break-words [.text-message+&amp;]:mt-5 overflow-x-auto\" dir=\"auto\" data-message-author-role=\"assistant\" data-message-id=\"22f8283b-3233-46ff-89a5-c7a41b33abda\">\n<div class=\"flex w-full flex-col gap-1 empty:hidden first:pt-[3px]\">\n<div class=\"markdown prose w-full break-words dark:prose-invert light\">\n<p>Colabor\u0103m cu UPS, DHL, FedEx, DPD \u0219i al\u021bi transportatori de top. Vom selecta cea mai bun\u0103 metod\u0103 de expediere \u00een func\u021bie de loca\u021bia dvs. de livrare pentru a ne asigura c\u0103 ve\u021bi primi produsele c\u00e2t mai repede posibil.<\/p>\n<\/div>\n<p><strong>2. C\u00e2t dureaz\u0103 livrarea?<\/strong><\/p>\n<p>Pachetele expediate \u00een Rom\u00e2nia ajung de obicei \u00een 10 zile lucr\u0103toare. Livrarea \u00een \u021b\u0103rile europene dureaz\u0103, \u00een general, aproximativ 12-15 zile lucr\u0103toare. V\u0103 vom oferi actualiz\u0103ri \u00een timp real cu privire la starea expedierii dumneavoastr\u0103.<\/p>\n<\/div>\n<\/div>\n<\/div>\n<\/div>\n<\/div>\n<p>&nbsp;<\/p>\n<p>Alte produse vape populare care v-ar putea pl\u0103cea:<\/p>\n<p><a href=\"https:\/\/rmvapesale.com\/ro\/product\/full-screen-disposable-vape-hzko-supernova-30000-puffs-wholesale\/\"><strong>HZKO Supernova 25000 Pufuri\u00a0 \u00a0<span style=\"color: #ff0000\">&gt;&gt;&gt;&gt; merge\u021bi!<\/span><\/strong><\/a><\/p>\n<p><strong><a href=\"https:\/\/rmvapesale.com\/ro\/product\/poco-sl15000-disposable-vape-5-nicotine-smart-vape\/\">POCO SL15000 \u021aig\u0103ri electronice de unic\u0103 folosin\u021b\u0103 <span style=\"color: #ff0000\">&gt;&gt;&gt;&gt; merge\u021bi!<\/span><\/a>\u00a0<\/strong><\/p>\n<p><a href=\"https:\/\/rmvapesale.com\/ro\/product\/original-randm-vape-digital-puff-12000-fumot-factory-price\/\"><strong>Fumot Vape 12000 pufuri <span style=\"color: #ff0000\">&gt;&gt;&gt;&gt; merge\u021bi!<\/span><\/strong><\/a><\/p>\n<p>&nbsp;<\/p>\n<p>&nbsp;<\/p>\n<p>G\u0103si\u021bi mai multe produse de vapat care v-ar putea pl\u0103cea:<strong><em><a href=\"https:\/\/rmvapesale.com\/ro\/shop-2\/\">cump\u0103r\u0103 acum &gt;&gt;&gt;<\/a><\/em><\/strong><\/p>","protected":false},"excerpt":{"rendered":"<p>Vape de unic\u0103 folosin\u021b\u0103 Cold Mountain Alps cu 30K pufuri<br \/>\nPod Cold Mountain Alps 30000 Pufuri Depozit UE<br \/>\nV\u00e2nzare en gros COLD MOUNTAIN ALPS 30000 Pufuri Vape de unic\u0103 folosin\u021b\u0103<br \/>\n<span style=\"color: #ff0000\">(Livrare din depozitul din Rom\u00e2nia \u0219i dureaz\u0103 aproximativ 3-5 zile s\u0103 ajung\u0103 \u00een majoritatea \u021b\u0103rilor europene precum \u021a\u0103rile de Jos, Fran\u021ba, Italia, Spania, Elve\u021bia, Suedia, Polonia, etc.)<\/span><\/p>\n<p><img loading=\"lazy\" decoding=\"async\" class=\"size-full wp-image-2375\" src=\"https:\/\/rmvapesale.com\/wp-content\/uploads\/2024\/10\/image.png\" alt=\"Cea mai bun\u0103 \u021bigar\u0103 electronic\u0103 de unic\u0103 folosin\u021b\u0103\" width=\"229\" height=\"300\" \/><\/p>\n<h3><a href=\"https:\/\/wa.me\/8617776015835\"><span style=\"color: #ff0000\"><strong>WhatsApp: +86 17776015835<\/strong><\/span><\/a><\/h3>\n<p>&nbsp;<\/p>","protected":false},"featured_media":2641,"comment_status":"open","ping_status":"closed","template":"","meta":{"_uag_custom_page_level_css":"","_lmt_disableupdate":"no","_lmt_disable":"","site-sidebar-layout":"default","site-content-layout":"content-boxed-container","ast-site-content-layout":"normal-width-container","site-content-style":"boxed","site-sidebar-style":"unboxed","ast-global-header-display":"","ast-banner-title-visibility":"","ast-main-header-display":"","ast-hfb-above-header-display":"","ast-hfb-below-header-display":"","ast-hfb-mobile-header-display":"","site-post-title":"","ast-breadcrumbs-content":"","ast-featured-img":"","footer-sml-layout":"","ast-disable-related-posts":"","theme-transparent-header-meta":"default","adv-header-id-meta":"","stick-header-meta":"","header-above-stick-meta":"","header-main-stick-meta":"","header-below-stick-meta":"","astra-migrate-meta-layouts":"set","ast-page-background-enabled":"default","ast-page-background-meta":{"desktop":{"background-color":"var(--ast-global-color-4)","background-image":"","background-repeat":"repeat","background-position":"center center","background-size":"auto","background-attachment":"scroll","background-type":"","background-media":"","overlay-type":"","overlay-color":"","overlay-opacity":"","overlay-gradient":""},"tablet":{"background-color":"","background-image":"","background-repeat":"repeat","background-position":"center center","background-size":"auto","background-attachment":"scroll","background-type":"","background-media":"","overlay-type":"","overlay-color":"","overlay-opacity":"","overlay-gradient":""},"mobile":{"background-color":"","background-image":"","background-repeat":"repeat","background-position":"center center","background-size":"auto","background-attachment":"scroll","background-type":"","background-media":"","overlay-type":"","overlay-color":"","overlay-opacity":"","overlay-gradient":""}},"ast-content-background-meta":{"desktop":{"background-color":"var(--ast-global-color-5)","background-image":"","background-repeat":"repeat","background-position":"center center","background-size":"auto","background-attachment":"scroll","background-type":"","background-media":"","overlay-type":"","overlay-color":"","overlay-opacity":"","overlay-gradient":""},"tablet":{"background-color":"var(--ast-global-color-5)","background-image":"","background-repeat":"repeat","background-position":"center center","background-size":"auto","background-attachment":"scroll","background-type":"","background-media":"","overlay-type":"","overlay-color":"","overlay-opacity":"","overlay-gradient":""},"mobile":{"background-color":"var(--ast-global-color-5)","background-image":"","background-repeat":"repeat","background-position":"center center","background-size":"auto","background-attachment":"scroll","background-type":"","background-media":"","overlay-type":"","overlay-color":"","overlay-opacity":"","overlay-gradient":""}},"_joinchat":[]},"product_brand":[],"product_cat":[15,27,25,195,123,30,26,28,137,136,135],"product_tag":[146,188,167,197,165,180,154,191,196,120],"class_list":{"0":"post-2644","1":"product","2":"type-product","3":"status-publish","4":"has-post-thumbnail","6":"product_cat-new-vape-this-week","7":"product_cat-fance-hot-sale-vape","8":"product_cat-germany-best-selling-vape","9":"product_cat-germany-warehouse","10":"product_cat-italy-wholesale-vape","11":"product_cat-minimum-order-quantity-50pcs","12":"product_cat-netherlands-hot-sale-vape","13":"product_cat-poland-hot-sale-vape","14":"product_cat-rechargeable-vapes","15":"product_cat-smart-screen-vapes","16":"product_cat-spain-best-hot-sale-vape","17":"product_tag-best-hot-sale-vape","18":"product_tag-buy-vapes-online","19":"product_tag-disposable-vape-with-screen","20":"product_tag-germany-hot-sale-vape","21":"product_tag-rechargeable-vapes","22":"product_tag-shisha-bar","23":"product_tag-smart-vape","24":"product_tag-vape-box","25":"product_tag-vape-shop","26":"product_tag-vape-wholesale","27":"desktop-align-left","28":"tablet-align-left","29":"mobile-align-left","31":"first","32":"instock","33":"sale","34":"shipping-taxable","35":"purchasable","36":"product-type-simple"},"uagb_featured_image_src":{"full":["https:\/\/rmvapesale.com\/wp-content\/uploads\/2024\/11\/Cold-Mountain-ALPS-Shisha-Hookah.jpg",800,800,false],"thumbnail":["https:\/\/rmvapesale.com\/wp-content\/uploads\/2024\/11\/Cold-Mountain-ALPS-Shisha-Hookah-150x150.jpg",150,150,true],"medium":["https:\/\/rmvapesale.com\/wp-content\/uploads\/2024\/11\/Cold-Mountain-ALPS-Shisha-Hookah-300x300.jpg",300,300,true],"medium_large":["https:\/\/rmvapesale.com\/wp-content\/uploads\/2024\/11\/Cold-Mountain-ALPS-Shisha-Hookah-768x768.jpg",768,768,true],"large":["https:\/\/rmvapesale.com\/wp-content\/uploads\/2024\/11\/Cold-Mountain-ALPS-Shisha-Hookah.jpg",800,800,false],"1536x1536":["https:\/\/rmvapesale.com\/wp-content\/uploads\/2024\/11\/Cold-Mountain-ALPS-Shisha-Hookah.jpg",800,800,false],"2048x2048":["https:\/\/rmvapesale.com\/wp-content\/uploads\/2024\/11\/Cold-Mountain-ALPS-Shisha-Hookah.jpg",800,800,false],"trp-custom-language-flag":["https:\/\/rmvapesale.com\/wp-content\/uploads\/2024\/11\/Cold-Mountain-ALPS-Shisha-Hookah.jpg",12,12,false],"woocommerce_thumbnail":["https:\/\/rmvapesale.com\/wp-content\/uploads\/2024\/11\/Cold-Mountain-ALPS-Shisha-Hookah-300x300.jpg",300,300,true],"woocommerce_single":["https:\/\/rmvapesale.com\/wp-content\/uploads\/2024\/11\/Cold-Mountain-ALPS-Shisha-Hookah-600x600.jpg",600,600,true],"woocommerce_gallery_thumbnail":["https:\/\/rmvapesale.com\/wp-content\/uploads\/2024\/11\/Cold-Mountain-ALPS-Shisha-Hookah-100x100.jpg",100,100,true],"wcpr-photo-reviews":["https:\/\/rmvapesale.com\/wp-content\/uploads\/2024\/11\/Cold-Mountain-ALPS-Shisha-Hookah.jpg",500,500,false]},"uagb_author_info":{"display_name":"AMY","author_link":"https:\/\/rmvapesale.com\/ro\/author\/"},"uagb_comment_info":0,"uagb_excerpt":"Cold Mountain Alps Disposable Vape With 30K Puffs Pod Cold Mountain Alps 30000 Puff EU Warehouse Wholesale COLD MOUNTAIN ALPS 30000 Puffs Disposable (Ship from EU warehouse and takes about 3-7 days\u00a0 to get arrive to most Europe countries like Netherlands, France, Italy, Spain, Switzerland, Sweden, Poland, etc. ) WhatsApp: +86 17776015835 &nbsp;","_links":{"self":[{"href":"https:\/\/rmvapesale.com\/ro\/wp-json\/wp\/v2\/product\/2644","targetHints":{"allow":["GET"]}}],"collection":[{"href":"https:\/\/rmvapesale.com\/ro\/wp-json\/wp\/v2\/product"}],"about":[{"href":"https:\/\/rmvapesale.com\/ro\/wp-json\/wp\/v2\/types\/product"}],"replies":[{"embeddable":true,"href":"https:\/\/rmvapesale.com\/ro\/wp-json\/wp\/v2\/comments?post=2644"}],"wp:featuredmedia":[{"embeddable":true,"href":"https:\/\/rmvapesale.com\/ro\/wp-json\/wp\/v2\/media\/2641"}],"wp:attachment":[{"href":"https:\/\/rmvapesale.com\/ro\/wp-json\/wp\/v2\/media?parent=2644"}],"wp:term":[{"taxonomy":"product_brand","embeddable":true,"href":"https:\/\/rmvapesale.com\/ro\/wp-json\/wp\/v2\/product_brand?post=2644"},{"taxonomy":"product_cat","embeddable":true,"href":"https:\/\/rmvapesale.com\/ro\/wp-json\/wp\/v2\/product_cat?post=2644"},{"taxonomy":"product_tag","embeddable":true,"href":"https:\/\/rmvapesale.com\/ro\/wp-json\/wp\/v2\/product_tag?post=2644"}],"curies":[{"name":"wp","href":"https:\/\/api.w.org\/{rel}","templated":true}]}}