{"id":2661,"date":"2024-11-04T06:37:48","date_gmt":"2024-11-04T06:37:48","guid":{"rendered":"https:\/\/rmvapesale.com\/?post_type=product&#038;p=2661"},"modified":"2024-11-04T07:54:04","modified_gmt":"2024-11-04T07:54:04","slug":"vopk-shisha-bar-20000-puffs-low-nicotine-rechargeable-disposable-vape-pen","status":"publish","type":"product","link":"https:\/\/rmvapesale.com\/ro\/product\/vopk-shisha-bar-20000-puffs-low-nicotine-rechargeable-disposable-vape-pen\/","title":{"rendered":"VOPK Shisha BAR 20000 Pufuri Vape Re\u00eenc\u0103rcabil de Unic\u0103 Folosin\u021b\u0103 cu Nivel Sc\u0103zut de Nicotin\u0103"},"content":{"rendered":"<div class=\"B2VR9 CJHX3e\">\n<div class=\"wyccme\">\n<h1 class=\"LC20lb MBeuO DKV0Md\">VOPK Shisha BAR 20000 Pufuri Vape Re\u00eenc\u0103rcabil de Unic\u0103 Folosin\u021b\u0103 cu Nivel Sc\u0103zut de Nicotin\u0103<\/h1>\n<div class=\"flex-shrink-0 flex flex-col relative items-end\">\n<div class=\"pt-0\">\n<div class=\"gizmo-bot-avatar flex h-8 w-8 items-center justify-center overflow-hidden rounded-full\">\n<div class=\"relative p-1 rounded-sm flex items-center justify-center bg-token-main-surface-primary text-token-text-primary h-8 w-8\">\n<p>V\u0103 prezent\u0103m <strong>VOPK Shisha BAR 20000 Pufuri Vape Re\u00eenc\u0103rcabil de Unic\u0103 Folosin\u021b\u0103 cu Nivel Sc\u0103zut de Nicotin\u0103<\/strong>, alegerea suprem\u0103 pentru pasiona\u021bii de shisha \u0219i vape care caut\u0103 calitate \u0219i performan\u021b\u0103 excep\u021bionale. Acest dispozitiv de ultim\u0103 genera\u021bie ofer\u0103 un <strong>20000 puffs<\/strong>, asigur\u00e2nd o experien\u021b\u0103 de vaping prelungit\u0103 f\u0103r\u0103 inconvenientul \u00eenlocuirilor constante.<\/p>\n<p>Proiectat pentru a satisface diferite preferin\u021be, <strong>VOPK Shisha BAR<\/strong> vine cu <strong>op\u021biuni de nicotin\u0103 reglabile<\/strong> of <strong>0%, 2%, 3% \u0219i 5%<\/strong>, permi\u021b\u00e2ndu-v\u0103 s\u0103 personaliza\u021bi aportul de nicotin\u0103. Capacitatea mare de <strong>28ML lichid e<\/strong> asigur\u0103 posibilitatea de a vape mai mult timp cu mai pu\u021bine reumpleri, \u00een timp ce <strong>Baterie re\u00eenc\u0103rcabil\u0103 de 850mAh<\/strong> asortat cu <strong>\u00cenc\u0103rcare de tip C<\/strong> garanteaz\u0103 \u00eenc\u0103rc\u0103ri eficiente \u0219i rapide, fiind ideal pentru cei mereu \u00een mi\u0219care.<\/p>\n<p>The <strong>VOPK Shisha BAR<\/strong> reune\u0219te cele mai bune dintre ambele lumi: esen\u021ba tradi\u021bional\u0103 a <strong>bar de narghilea<\/strong> arome \u0219i tehnologia modern\u0103 de vaping. Designul s\u0103u elegant \u0219i portabil \u00eel face perfect pentru utilizare oriunde, fie c\u0103 sunte\u021bi la un lounge de shisha sau \u00een mi\u0219care. Cu o gam\u0103 de arome vibrante \u0219i performan\u021b\u0103 fiabil\u0103, nu e de mirare c\u0103 <strong>VOPK<\/strong> iese \u00een eviden\u021b\u0103 printre <strong>populare m\u0103rci de vape<\/strong> \u0219i este foarte c\u0103utat pentru <strong>vape-uri en-gros<\/strong>.<\/p>\n<p>Pentru cei care doresc s\u0103 se delecteze cu bogata cultur\u0103 a <strong>narghilelei<\/strong> \u00een timp ce se bucur\u0103 de confortul oferit de un <strong>vape re\u00eenc\u0103rcabil de unic\u0103 folosin\u021b\u0103<\/strong>, the <strong>VOPK Shisha BAR 20000<\/strong> este partenerul t\u0103u ideal. Descoper\u0103 de ce acest dispozitiv face furori pe pia\u021b\u0103 pentru <strong>m\u0103rcile de vape de unic\u0103 folosin\u021b\u0103<\/strong> \u0219i adopt\u0103 o experien\u021b\u0103 premium care te va face s\u0103 revii pentru mai mult. Achizi\u021bioneaz\u0103-l de la <strong>vape-urilor de unic\u0103 folosin\u021b\u0103 online<\/strong> sau ia-l \u00een vrac pentru <strong>bar de narghilea<\/strong> cu <strong>narghilea de unic\u0103 folosin\u021b\u0103 en-gros<\/strong> op\u021biunile tale de ast\u0103zi!<\/p>\n<p>Preg\u0103te\u0219te-te s\u0103 te scufunzi \u00eentr-o lume superioar\u0103 de arome \u0219i performan\u021b\u0103 cu <strong>VOPK Shisha BAR 20000 de pufuri<\/strong> \u2014 alegerea ta suprem\u0103 \u00een lumea <strong>vape-urilor de 20000 de pufuri<\/strong>.<\/p>\n<\/div>\n<\/div>\n<\/div>\n<\/div>\n<\/div>\n<\/div>\n<p><strong>Contacta\u021bi-o pe Amy pentru a ob\u021bine un r\u0103spuns prompt \u0219i un cupon pentru vape!<\/strong><\/p>\n<p><img loading=\"lazy\" decoding=\"async\" class=\"size-full wp-image-1978\" src=\"https:\/\/rmvapesale.com\/wp-content\/uploads\/2024\/09\/Disposable-Vape-Wholesale.jpg\" alt=\"\u021aig\u0103ri electronice de unic\u0103 folosin\u021b\u0103 en-gros\" width=\"229\" height=\"300\" \/><\/p>\n<h3><a href=\"https:\/\/wa.me\/8617776015835\" target=\"_blank\" rel=\"noopener\"><span style=\"color: #ff0000\"><strong>WhatsApp: +86 17776015835<\/strong><\/span><\/a><\/h3>\n<p>&nbsp;<\/p>\n<h2><\/h2>\n<h2><strong>Vape de unic\u0103 folosin\u021b\u0103 re\u00eenc\u0103rcabil VOPK Shisha BAR 20000 <\/strong><strong>Caracteristici principale<\/strong><\/h2>\n<p>E-Juice preumplut 28ml<br \/>\nBaterie re\u00eenc\u0103rcabil\u0103 de 850mAh<br \/>\nNum\u0103r de pufuri: Aproximativ 20000 de pufuri<br \/>\n0% 2% 5% T\u0103rie de nicotin\u0103<br \/>\n\u00cenc\u0103rcare USB Type-C (Nu inclus)<br \/>\nAfi\u0219aj LED ecran inteligent<br \/>\nVapat MTL<\/p>\n<figure id=\"attachment_2653\" aria-describedby=\"caption-attachment-2653\" style=\"width: 800px\" class=\"wp-caption alignnone\"><img loading=\"lazy\" decoding=\"async\" class=\"wp-image-2653 size-full\" src=\"https:\/\/rmvapesale.com\/wp-content\/uploads\/2024\/11\/VOPK-Shisha-BAR-20000-Low-Nicotine-Disposable-Vape.jpg\" alt=\"Vape de unic\u0103 folosin\u021b\u0103 VOPK Shisha BAR 20000 cu nicotin\u0103 redus\u0103\" width=\"800\" height=\"799\" srcset=\"https:\/\/rmvapesale.com\/wp-content\/uploads\/2024\/11\/VOPK-Shisha-BAR-20000-Low-Nicotine-Disposable-Vape.jpg 800w, https:\/\/rmvapesale.com\/wp-content\/uploads\/2024\/11\/VOPK-Shisha-BAR-20000-Low-Nicotine-Disposable-Vape-300x300.jpg 300w, https:\/\/rmvapesale.com\/wp-content\/uploads\/2024\/11\/VOPK-Shisha-BAR-20000-Low-Nicotine-Disposable-Vape-150x150.jpg 150w, https:\/\/rmvapesale.com\/wp-content\/uploads\/2024\/11\/VOPK-Shisha-BAR-20000-Low-Nicotine-Disposable-Vape-768x767.jpg 768w, https:\/\/rmvapesale.com\/wp-content\/uploads\/2024\/11\/VOPK-Shisha-BAR-20000-Low-Nicotine-Disposable-Vape-600x599.jpg 600w, https:\/\/rmvapesale.com\/wp-content\/uploads\/2024\/11\/VOPK-Shisha-BAR-20000-Low-Nicotine-Disposable-Vape-100x100.jpg 100w\" sizes=\"auto, (max-width: 800px) 100vw, 800px\" \/><figcaption id=\"caption-attachment-2653\" class=\"wp-caption-text\">Vape de unic\u0103 folosin\u021b\u0103 VOPK Shisha BAR 20000 cu nicotin\u0103 redus\u0103<\/figcaption><\/figure>\n<h2><strong>Arom\u0103 de top pentru <\/strong><strong>VOPK Shisha BAR 20000<\/strong><\/h2>\n<p>1. Afine pe ghea\u021b\u0103 <span style=\"color: #ff0000\"><strong>&gt;&gt;&gt;&gt; Fierbinte!<\/strong><\/span><br \/>\n2.C\u0103p\u0219uni cu kiwi<br \/>\n3. Fructe de p\u0103dure mixte <span style=\"color: #ff0000\"><strong>&gt;&gt;&gt;&gt; Cel mai bun!<\/strong><\/span><br \/>\n4.C\u0103p\u0219uni pepene verde<br \/>\nGhea\u021b\u0103 cu pepene verde<br \/>\n6. Piersic\u0103, mango, ananas<br \/>\n7. Afine, zmeur\u0103<br \/>\n8. C\u0103p\u0219uni, zmeur\u0103, bomboane<br \/>\n9. Pepene ro\u0219u, cire\u0219e <span style=\"color: #ff0000\"><strong>&gt;&gt;&gt;&gt; Fierbinte!<\/strong><\/span><br \/>\n\u00cenghe\u021bat\u0103 de coac\u0103ze negre<\/p>\n<figure id=\"attachment_2660\" aria-describedby=\"caption-attachment-2660\" style=\"width: 640px\" class=\"wp-caption alignnone\"><img loading=\"lazy\" decoding=\"async\" class=\"wp-image-2660 size-large\" src=\"https:\/\/rmvapesale.com\/wp-content\/uploads\/2024\/11\/VOPK-Shisha-Hookah-BAR-Disposable-Vape-Wholesale-640x1024.jpg\" alt=\"VOPK Shisha Hookah BAR Vape de unic\u0103 folosin\u021b\u0103 en-gros\" width=\"640\" height=\"1024\" srcset=\"https:\/\/rmvapesale.com\/wp-content\/uploads\/2024\/11\/VOPK-Shisha-Hookah-BAR-Disposable-Vape-Wholesale-640x1024.jpg 640w, https:\/\/rmvapesale.com\/wp-content\/uploads\/2024\/11\/VOPK-Shisha-Hookah-BAR-Disposable-Vape-Wholesale-188x300.jpg 188w, https:\/\/rmvapesale.com\/wp-content\/uploads\/2024\/11\/VOPK-Shisha-Hookah-BAR-Disposable-Vape-Wholesale-768x1229.jpg 768w, https:\/\/rmvapesale.com\/wp-content\/uploads\/2024\/11\/VOPK-Shisha-Hookah-BAR-Disposable-Vape-Wholesale-600x960.jpg 600w, https:\/\/rmvapesale.com\/wp-content\/uploads\/2024\/11\/VOPK-Shisha-Hookah-BAR-Disposable-Vape-Wholesale.jpg 800w\" sizes=\"auto, (max-width: 640px) 100vw, 640px\" \/><figcaption id=\"caption-attachment-2660\" class=\"wp-caption-text\">VOPK Shisha Hookah BAR Vape de unic\u0103 folosin\u021b\u0103 en-gros<\/figcaption><\/figure>\n<h3><strong>De ce s\u0103 alege\u021bi Rmvapesale pentru <\/strong><strong>VOPK Shisha BAR Vape de unic\u0103 folosin\u021b\u0103<\/strong><strong>V\u00e2nz\u0103ri en-gros de \u021big\u0103ri electronice<\/strong><strong>?<\/strong><\/h3>\n<div class=\"flex-shrink-0 flex flex-col relative items-end\">\n<div class=\"pt-0\">\n<div class=\"gizmo-bot-avatar flex h-8 w-8 items-center justify-center overflow-hidden rounded-full\">\n<div class=\"relative p-1 rounded-sm flex items-center justify-center bg-token-main-surface-primary text-token-text-primary h-8 w-8\">\n<p>Bun venit la Rmvapesale, magazinul dumneavoastr\u0103 de \u00eencredere pentru \u021big\u0103ri electronice de unic\u0103 folosin\u021b\u0103 premium. Cu o experien\u021b\u0103 de peste 5 ani, v\u0103 aducem branduri populare de \u021big\u0103ri electronice de unic\u0103 folosin\u021b\u0103, cum ar fi Al Fakher, Vapme Vape, <a href=\"https:\/\/rmvapesale.com\/ro\/product\/vapme-crystal-7000-puffs-rechargeable-disposable-vape-price\/\">Vapme<\/a>, <a href=\"https:\/\/rmvapesale.com\/ro\/product-category\/bang-vapes\/\">Bang Vape<\/a>, Waspe, <a href=\"https:\/\/rmvapesale.com\/ro\/product\/wga-crystal-pro-max-extra-15k-puffs-disposable-vape-wholesale\/\">WGA<\/a> Vape \u0219i<a href=\"https:\/\/rmvapesale.com\/ro\/product-category\/randm-fumot-vape\/\"> RandM Vape<\/a>.<\/p>\n<p>Gama noastr\u0103 include \u021big\u0103ri electronice foarte v\u00e2ndute, cum ar fi <a href=\"https:\/\/rmvapesale.com\/ro\/product\/fumot-digital-box-12000-disposable-vape-pink-lemonade-flavor\/\">RandM 12k<\/a> \u0219i op\u021biuni bogate \u00een arome, cum ar fi <a href=\"https:\/\/rmvapesale.com\/ro\/product\/wga-crystal-plus-20000-puff-dual-flavour-disposable-vape\/\">WGA 20K Puf<\/a>. Fiecare produs este ales cu accent pe calitate, valoare \u0219i varietate, asigur\u00e2ndu-v\u0103 c\u0103 g\u0103si\u021bi potrivirea perfect\u0103 pentru nevoile dumneavoastr\u0103. Descoperi\u021bi servicii excep\u021bionale \u0219i o gam\u0103 larg\u0103 de produse de top la Rmvapesale.<\/p>\n<\/div>\n<h3><\/h3>\n<div class=\"relative p-1 rounded-sm flex items-center justify-center bg-token-main-surface-primary text-token-text-primary h-8 w-8\">\n<h3><b>VOPK Shisha BAR 20000 Pufuri FAQ-uri despre vape<\/b><\/h3>\n<p><strong>1. Cum \u0219tiu c\u00e2nd vape-ul meu de unic\u0103 folosin\u021b\u0103 este gol?<\/strong><br \/>\nC\u00e2nd al t\u0103u <strong>VOPK Shisha BAR 20000<\/strong> vape-ul de unic\u0103 folosin\u021b\u0103 are pu\u021bin e-liquid, s-ar putea s\u0103 observa\u021bi o sc\u0103dere a produc\u021biei de vapori sau un gust mai slab. <strong>ecran inteligent<\/strong> pe dispozitiv va indica, de asemenea, nivelul r\u0103mas de e-liquid. Dac\u0103 ecranul arat\u0103 c\u0103 e-liquid-ul s-a epuizat, este timpul s\u0103 \u00eenlocui\u021bi vape-ul.<\/p>\n<p><strong>2. C\u00e2t timp dureaz\u0103 s\u0103 \u00eencarci un VOPK Shisha 20000?<\/strong><br \/>\n\u00cenc\u0103rcarea <strong>VOPK Shisha 20000<\/strong> de obicei dureaz\u0103 aproximativ 1,5 p\u00e2n\u0103 la 2 ore folosind un <strong>portul de \u00eenc\u0103rcare Type-C<\/strong>. Asigura\u021bi-v\u0103 c\u0103 folosi\u021bi un \u00eenc\u0103rc\u0103tor fiabil pentru a asigura o \u00eenc\u0103rcare sigur\u0103 \u0219i eficient\u0103. Odat\u0103 \u00eenc\u0103rcat complet, dispozitivul este proiectat s\u0103 suporte sesiuni extinse de vaping.<\/p>\n<p><strong>3. C\u00e2t nicotin\u0103 con\u021bine un VOPK Shisha hookah 20000?<\/strong><br \/>\nThe <strong>VOPK Shisha BAR 20000<\/strong> vine cu op\u021biuni de ajustare a nivelului de nicotin\u0103, permi\u021b\u00e2ndu-v\u0103 s\u0103 alege\u021bi \u00eentre <strong>0%, 2%, 3% \u0219i 5% nicotin\u0103<\/strong>. Aceast\u0103 personalizare asigur\u0103 control total asupra aportului de nicotin\u0103, fiind potrivit pentru diverse preferin\u021be.<\/p>\n<p><strong>4. Unde s\u0103 cump\u0103ra\u021bi VOPK Shisha hookah 20000 Puff la pre\u021b en gros?<\/strong><br \/>\nPute\u021bi achizi\u021biona <strong>VOPK Shisha BAR 20000 Puff<\/strong> la pre\u021buri en gros de la furnizori de \u00eencredere <strong>vape angro<\/strong> . Pentru cele mai bune oferte, vizita\u021bi <strong>magazine de vape-uri<\/strong> sau verifica\u021bi <strong>platforme online<\/strong> specializate \u00een <strong>vape-uri de unic\u0103 folosin\u021b\u0103<\/strong> \u0219i <strong>v\u00e2nz\u0103ri vape en-gros<\/strong> op\u021biuni.<\/p>\n<p><strong>5. Pot s\u0103 iau un vape de unic\u0103 folosin\u021b\u0103 \u00eentr-un avion?<\/strong><br \/>\nDa, pute\u021bi s\u0103 v\u0103 aduce\u021bi <strong>VOPK Shisha BAR 20000<\/strong> vape de unic\u0103 folosin\u021b\u0103 pe un avion, dar exist\u0103 ghiduri de urmat. Dispozitivul trebuie s\u0103 fie purtat \u00een <strong>bagajul de m\u00e2n\u0103<\/strong>, deoarece dispozitivele electronice de vaping nu sunt \u00een general permise \u00een bagajul de cal\u0103. Asigura\u021bi-v\u0103 c\u0103 verifica\u021bi reglement\u0103rile specifice ale companiei aeriene \u0219i c\u0103 vape-ul este oprit \u00een timpul zborului pentru a preveni activarea accidental\u0103.<\/p>\n<\/div>\n<\/div>\n<\/div>\n<\/div>\n<h3>Despre livrare<\/h3>\n<div class=\"flex-shrink-0 flex flex-col relative items-end\">\n<div>\n<div class=\"pt-0\">\n<div class=\"gizmo-bot-avatar flex h-8 w-8 items-center justify-center overflow-hidden rounded-full\">\n<div><\/div>\n<div class=\"relative p-1 rounded-sm flex items-center justify-center bg-token-main-surface-primary text-token-text-primary h-8 w-8\"><strong>1. Ce metode de expediere sunt folosite?<\/strong><\/div>\n<\/div>\n<\/div>\n<\/div>\n<\/div>\n<div class=\"group\/conversation-turn relative flex w-full min-w-0 flex-col agent-turn\">\n<div class=\"flex-col gap-1 md:gap-3\">\n<div class=\"flex max-w-full flex-col flex-grow\">\n<div class=\"min-h-[20px] text-message flex w-full flex-col items-end gap-2 whitespace-normal break-words [.text-message+&amp;]:mt-5 overflow-x-auto\" dir=\"auto\" data-message-author-role=\"assistant\" data-message-id=\"22f8283b-3233-46ff-89a5-c7a41b33abda\">\n<div class=\"flex w-full flex-col gap-1 empty:hidden first:pt-[3px]\">\n<div class=\"markdown prose w-full break-words dark:prose-invert light\">\n<p>Colabor\u0103m cu UPS, DHL, FedEx, DPD \u0219i al\u021bi transportatori de top. Vom selecta cea mai bun\u0103 metod\u0103 de expediere \u00een func\u021bie de loca\u021bia dvs. de livrare pentru a ne asigura c\u0103 ve\u021bi primi produsele c\u00e2t mai repede posibil.<\/p>\n<\/div>\n<p><strong>2. C\u00e2t dureaz\u0103 livrarea?<\/strong><\/p>\n<p>Pachetele expediate \u00een Rom\u00e2nia ajung de obicei \u00een 10 zile lucr\u0103toare. Livrarea \u00een \u021b\u0103rile europene dureaz\u0103, \u00een general, aproximativ 12-15 zile lucr\u0103toare. V\u0103 vom oferi actualiz\u0103ri \u00een timp real cu privire la starea expedierii dumneavoastr\u0103.<\/p>\n<\/div>\n<\/div>\n<\/div>\n<\/div>\n<\/div>\n<p>&nbsp;<\/p>\n<p>G\u0103si\u021bi mai multe produse de vapat care v-ar putea pl\u0103cea:<strong><em><a href=\"https:\/\/rmvapesale.com\/ro\/shop-2\/\">cump\u0103r\u0103 acum &gt;&gt;&gt;<\/a><\/em><\/strong><\/p>","protected":false},"excerpt":{"rendered":"<p>VOPK Shisha Hookah BAR en gros 20000 Puffs Achizi\u021bie \u00een vrac<br \/>\nVOPK Shisha BAR 20000 Puffs 0% 2% 3% 5% Nicotin redus Vape de unic\u0103 folosin\u021b\u0103 en gros<br \/>\nShisha Hookah VOPK 20000 Puffs Achizi\u021bie \u00een vrac Vape re\u00eenc\u0103rcabil de unic\u0103 folosin\u021b\u0103<\/p>\n<p><img loading=\"lazy\" decoding=\"async\" class=\"size-full wp-image-2375\" src=\"https:\/\/rmvapesale.com\/wp-content\/uploads\/2024\/10\/image.png\" alt=\"Cea mai bun\u0103 \u021bigar\u0103 electronic\u0103 de unic\u0103 folosin\u021b\u0103\" width=\"229\" height=\"300\" \/><\/p>\n<h3><a href=\"https:\/\/wa.me\/8617776015835\"><span style=\"color: #ff0000\"><strong>WhatsApp: +86 17776015835<\/strong><\/span><\/a><\/h3>\n<p>&nbsp;<\/p>","protected":false},"featured_media":2657,"comment_status":"open","ping_status":"closed","template":"","meta":{"_uag_custom_page_level_css":"","_lmt_disableupdate":"no","_lmt_disable":"","site-sidebar-layout":"default","site-content-layout":"content-boxed-container","ast-site-content-layout":"normal-width-container","site-content-style":"boxed","site-sidebar-style":"unboxed","ast-global-header-display":"","ast-banner-title-visibility":"","ast-main-header-display":"","ast-hfb-above-header-display":"","ast-hfb-below-header-display":"","ast-hfb-mobile-header-display":"","site-post-title":"","ast-breadcrumbs-content":"","ast-featured-img":"","footer-sml-layout":"","theme-transparent-header-meta":"default","adv-header-id-meta":"","stick-header-meta":"","header-above-stick-meta":"","header-main-stick-meta":"","header-below-stick-meta":"","astra-migrate-meta-layouts":"set","ast-page-background-enabled":"default","ast-page-background-meta":{"desktop":{"background-color":"var(--ast-global-color-4)","background-image":"","background-repeat":"repeat","background-position":"center center","background-size":"auto","background-attachment":"scroll","background-type":"","background-media":"","overlay-type":"","overlay-color":"","overlay-opacity":"","overlay-gradient":""},"tablet":{"background-color":"","background-image":"","background-repeat":"repeat","background-position":"center center","background-size":"auto","background-attachment":"scroll","background-type":"","background-media":"","overlay-type":"","overlay-color":"","overlay-opacity":"","overlay-gradient":""},"mobile":{"background-color":"","background-image":"","background-repeat":"repeat","background-position":"center center","background-size":"auto","background-attachment":"scroll","background-type":"","background-media":"","overlay-type":"","overlay-color":"","overlay-opacity":"","overlay-gradient":""}},"ast-content-background-meta":{"desktop":{"background-color":"var(--ast-global-color-5)","background-image":"","background-repeat":"repeat","background-position":"center center","background-size":"auto","background-attachment":"scroll","background-type":"","background-media":"","overlay-type":"","overlay-color":"","overlay-opacity":"","overlay-gradient":""},"tablet":{"background-color":"var(--ast-global-color-5)","background-image":"","background-repeat":"repeat","background-position":"center center","background-size":"auto","background-attachment":"scroll","background-type":"","background-media":"","overlay-type":"","overlay-color":"","overlay-opacity":"","overlay-gradient":""},"mobile":{"background-color":"var(--ast-global-color-5)","background-image":"","background-repeat":"repeat","background-position":"center center","background-size":"auto","background-attachment":"scroll","background-type":"","background-media":"","overlay-type":"","overlay-color":"","overlay-opacity":"","overlay-gradient":""}},"_joinchat":[]},"product_brand":[],"product_cat":[15,25,123,26,28,135,27,137,136,30],"product_tag":[146,188,200,167,165,180,120],"class_list":{"0":"post-2661","1":"product","2":"type-product","3":"status-publish","4":"has-post-thumbnail","6":"product_cat-new-vape-this-week","7":"product_cat-germany-best-selling-vape","8":"product_cat-italy-wholesale-vape","9":"product_cat-netherlands-hot-sale-vape","10":"product_cat-poland-hot-sale-vape","11":"product_cat-spain-best-hot-sale-vape","12":"product_cat-fance-hot-sale-vape","13":"product_cat-rechargeable-vapes","14":"product_cat-smart-screen-vapes","15":"product_cat-minimum-order-quantity-50pcs","16":"product_tag-best-hot-sale-vape","17":"product_tag-buy-vapes-online","18":"product_tag-disposable-hookah-wholesale","19":"product_tag-disposable-vape-with-screen","20":"product_tag-rechargeable-vapes","21":"product_tag-shisha-bar","22":"product_tag-vape-wholesale","23":"desktop-align-left","24":"tablet-align-left","25":"mobile-align-left","27":"first","28":"instock","29":"sale","30":"shipping-taxable","31":"purchasable","32":"product-type-simple"},"uagb_featured_image_src":{"full":["https:\/\/rmvapesale.com\/wp-content\/uploads\/2024\/11\/VOPK-Shisha-Hookah-BAR-20000-Puff-Disposable-Vape.jpg",800,800,false],"thumbnail":["https:\/\/rmvapesale.com\/wp-content\/uploads\/2024\/11\/VOPK-Shisha-Hookah-BAR-20000-Puff-Disposable-Vape-150x150.jpg",150,150,true],"medium":["https:\/\/rmvapesale.com\/wp-content\/uploads\/2024\/11\/VOPK-Shisha-Hookah-BAR-20000-Puff-Disposable-Vape-300x300.jpg",300,300,true],"medium_large":["https:\/\/rmvapesale.com\/wp-content\/uploads\/2024\/11\/VOPK-Shisha-Hookah-BAR-20000-Puff-Disposable-Vape-768x768.jpg",768,768,true],"large":["https:\/\/rmvapesale.com\/wp-content\/uploads\/2024\/11\/VOPK-Shisha-Hookah-BAR-20000-Puff-Disposable-Vape.jpg",800,800,false],"1536x1536":["https:\/\/rmvapesale.com\/wp-content\/uploads\/2024\/11\/VOPK-Shisha-Hookah-BAR-20000-Puff-Disposable-Vape.jpg",800,800,false],"2048x2048":["https:\/\/rmvapesale.com\/wp-content\/uploads\/2024\/11\/VOPK-Shisha-Hookah-BAR-20000-Puff-Disposable-Vape.jpg",800,800,false],"trp-custom-language-flag":["https:\/\/rmvapesale.com\/wp-content\/uploads\/2024\/11\/VOPK-Shisha-Hookah-BAR-20000-Puff-Disposable-Vape.jpg",12,12,false],"woocommerce_thumbnail":["https:\/\/rmvapesale.com\/wp-content\/uploads\/2024\/11\/VOPK-Shisha-Hookah-BAR-20000-Puff-Disposable-Vape-300x300.jpg",300,300,true],"woocommerce_single":["https:\/\/rmvapesale.com\/wp-content\/uploads\/2024\/11\/VOPK-Shisha-Hookah-BAR-20000-Puff-Disposable-Vape-600x600.jpg",600,600,true],"woocommerce_gallery_thumbnail":["https:\/\/rmvapesale.com\/wp-content\/uploads\/2024\/11\/VOPK-Shisha-Hookah-BAR-20000-Puff-Disposable-Vape-100x100.jpg",100,100,true],"wcpr-photo-reviews":["https:\/\/rmvapesale.com\/wp-content\/uploads\/2024\/11\/VOPK-Shisha-Hookah-BAR-20000-Puff-Disposable-Vape.jpg",500,500,false]},"uagb_author_info":{"display_name":"AMY","author_link":"https:\/\/rmvapesale.com\/ro\/author\/"},"uagb_comment_info":0,"uagb_excerpt":"VOPK Shisha Hookah BAR Wholesale 20000 Puffs Bulk Buy VOPK Shisha BAR 20000 Puffs 0% 2% 3% 5% Low Nicotine Disposable Vape Wholesale Shisha Hookah VOPK 20000 Puffs Bulk Buy Rechargeable Disposable Vape WhatsApp: +86 17776015835 &nbsp;","_links":{"self":[{"href":"https:\/\/rmvapesale.com\/ro\/wp-json\/wp\/v2\/product\/2661","targetHints":{"allow":["GET"]}}],"collection":[{"href":"https:\/\/rmvapesale.com\/ro\/wp-json\/wp\/v2\/product"}],"about":[{"href":"https:\/\/rmvapesale.com\/ro\/wp-json\/wp\/v2\/types\/product"}],"replies":[{"embeddable":true,"href":"https:\/\/rmvapesale.com\/ro\/wp-json\/wp\/v2\/comments?post=2661"}],"wp:featuredmedia":[{"embeddable":true,"href":"https:\/\/rmvapesale.com\/ro\/wp-json\/wp\/v2\/media\/2657"}],"wp:attachment":[{"href":"https:\/\/rmvapesale.com\/ro\/wp-json\/wp\/v2\/media?parent=2661"}],"wp:term":[{"taxonomy":"product_brand","embeddable":true,"href":"https:\/\/rmvapesale.com\/ro\/wp-json\/wp\/v2\/product_brand?post=2661"},{"taxonomy":"product_cat","embeddable":true,"href":"https:\/\/rmvapesale.com\/ro\/wp-json\/wp\/v2\/product_cat?post=2661"},{"taxonomy":"product_tag","embeddable":true,"href":"https:\/\/rmvapesale.com\/ro\/wp-json\/wp\/v2\/product_tag?post=2661"}],"curies":[{"name":"wp","href":"https:\/\/api.w.org\/{rel}","templated":true}]}}