{"id":2670,"date":"2024-11-05T09:03:06","date_gmt":"2024-11-05T09:03:06","guid":{"rendered":"https:\/\/rmvapesale.com\/?post_type=product&#038;p=2670"},"modified":"2024-11-05T09:49:38","modified_gmt":"2024-11-05T09:49:38","slug":"elfbar-combo-25000-puffs-rechargeable-disposable-vape-wholesale","status":"publish","type":"product","link":"https:\/\/rmvapesale.com\/ro\/product\/elfbar-combo-25000-puffs-rechargeable-disposable-vape-wholesale\/","title":{"rendered":"ElfBar Combo 25000 Puf Tigara electronica de unica folosinta reincarcabila en-gros"},"content":{"rendered":"<div class=\"B2VR9 CJHX3e\">\n<div class=\"wyccme\">\n<h1 class=\"LC20lb MBeuO DKV0Md\">ElfBar Combo 25000 Puf Tigara electronica de unica folosinta reincarcabila en-gros<\/h1>\n<div class=\"flex-shrink-0 flex flex-col relative items-end\">\n<div class=\"pt-0\">\n<div class=\"gizmo-bot-avatar flex h-8 w-8 items-center justify-center overflow-hidden rounded-full\">\n<div class=\"relative p-1 rounded-sm flex items-center justify-center bg-token-main-surface-primary text-token-text-primary h-8 w-8\">\n<p>The <strong>Elfbar Combo 25000 Puffs Vap\u0103 de unic\u0103 folosin\u021b\u0103<\/strong> este un dispozitiv de vaping inovator \u0219i versatil, conceput pentru a v\u0103 revolu\u021biona experien\u021ba de vaping. Cu un design elegant \u0219i stilat, combin\u0103 <strong>dou\u0103 arome diferite<\/strong> \u0219i ofer\u0103 <strong>moduri de vaping duale<\/strong>, oferindu-v\u0103 o varietate \u0219i o satisfac\u021bie de neegalat. Acest dispozitiv se remarc\u0103 prin <strong>m\u0103rcile populare de vape de unic\u0103 folosin\u021b\u0103<\/strong> pentru tehnologia sa superioar\u0103 \u0219i confortul s\u0103u.<\/p>\n<h3><strong>Pur<\/strong><\/h3>\n<p>Savura\u021bi o combina\u021bie incredibil\u0103 de arome de <strong>M\u0103r Verde<\/strong> \u0219i <strong>Dublu M\u0103r Shisha<\/strong>, amestecate expert pentru a oferi o experien\u021b\u0103 de gust revigorant\u0103 \u0219i inspirat\u0103 de shisha. <strong>ElfBar Pod-uri Combo 25000<\/strong> asigur\u0103 c\u0103 fiecare puf este neted \u0219i plin de arom\u0103, f\u0103c\u00e2ndu-l unul dintre cele <strong>mai bune vape-uri de unic\u0103 folosin\u021b\u0103 din 2024<\/strong>.<\/p>\n<h3><strong>Num\u0103r mare de pufuri<\/strong><\/h3>\n<p>Bucura\u021bi-v\u0103 de p\u00e2n\u0103 la <strong>25.000 de pufuri<\/strong> din rezervorul de 25 ml de e-lichid, oferindu-v\u0103 satisfac\u021bie de lung\u0103 durat\u0103 f\u0103r\u0103 b\u0103t\u0103i de cap ale \u00eenlocuirilor frecvente. Acest dispozitiv este perfect pentru cei care doresc o utilizare extins\u0103, fie \u00een deplasare, fie pentru pl\u0103cere zilnic\u0103.<\/p>\n<h3><strong>Ecran inteligent<\/strong><\/h3>\n<p>Echipat cu o <strong>ecran inteligent de afi\u0219are<\/strong>, the <strong>Elf bar Combo 25000<\/strong> v\u0103 ofer\u0103 actualiz\u0103ri \u00een timp real despre modul de arom\u0103, nivelul de putere, starea e-lichidului \u0219i durata de via\u021b\u0103 a bateriei. Sistemul rafinat cu flux de aer dublu <strong>sistem rafinat cu flux de aer dublu<\/strong> ofer\u0103 op\u021biuni personalizabile, \u00eembun\u0103t\u0103\u021bind experien\u021ba dvs. de vaping cu vapori puri \u0219i constan\u021bi.<\/p>\n<h3><strong>Re\u00eenc\u0103rcabil pentru confort<\/strong><\/h3>\n<p>Spune\u021bi adio inconvenientelor vape-urilor de unic\u0103 folosin\u021b\u0103, cu <strong>Baterie re\u00eenc\u0103rcabil\u0103 de 850mAh<\/strong>. Designul eficient, \u00eempreun\u0103 cu convenabilul <strong>\u00eenc\u0103rcare rapid\u0103 Type-C<\/strong>, asigur\u0103 un timp minim de inactivitate \u00eentre utiliz\u0103ri, f\u0103c\u00e2ndu-l o alegere remarcabil\u0103 printre <strong>vape re\u00eenc\u0103rcabile<\/strong>.<\/p>\n<h3><strong>Concentra\u021bie premium de nicotin\u0103<\/strong><\/h3>\n<p>Cu o <strong>concentra\u021bie de nicotin\u0103 de 50 mg\/ml<\/strong>, the <strong>Elf Bar Combo 25000<\/strong> ofer\u0103 o lovitur\u0103 satisf\u0103c\u0103toare, perfect\u0103 pentru vaperii care caut\u0103 o experien\u021b\u0103 robust\u0103 de nicotin\u0103.<\/p>\n<h3><strong>Disponibilitate en-gros<\/strong><\/h3>\n<p>The <strong>Elfbar Combo 25000<\/strong> este disponibil la <strong>v\u00e2nz\u0103ri vape en-gros<\/strong> pre\u021buri, f\u0103c\u00e2ndu-l o op\u021biune ideal\u0103 pentru comercian\u021bii cu am\u0103nuntul \u0219i distribuitorii care doresc s\u0103 se aprovizioneze cu <strong>vape-uri populare<\/strong>. Vizita\u021bi reputa\u021bi <strong>magazine de vape-uri<\/strong> sau achizi\u021biona\u021bi prin intermediul <strong>vape-urilor de unic\u0103 folosin\u021b\u0103 online<\/strong> furnizori pentru a ob\u021bine cele mai bune oferte la <strong>Elf Bar<\/strong> produse.<\/p>\n<p>Pentru cei care caut\u0103 un excep\u021bional <strong>vapare ultra-fin\u0103<\/strong> care combin\u0103 perfect aroma, inova\u021bia \u0219i comoditatea, <strong>Elfbar Combo 25000 Puffs<\/strong> este alegerea suprem\u0103. Experimenta\u021bi tot ce e mai bun \u00een tehnologia de vapat cu aceast\u0103 <strong>ELF BAR<\/strong> minune.<\/p>\n<p>Achizi\u021biona\u021bi-o ast\u0103zi de la <strong>ELFBAR<\/strong> distribuitori \u0219i al\u0103tura\u021bi-v\u0103 comunit\u0103\u021bii de vaperi mul\u021bumi\u021bi care se bucur\u0103 de unul dintre cele mai bune dispozitive <strong>brandurilor de top de vape de unic\u0103 folosin\u021b\u0103<\/strong> din industrie!<\/p>\n<\/div>\n<\/div>\n<\/div>\n<\/div>\n<\/div>\n<\/div>\n<p><strong>Contacta\u021bi-o pe Amy pentru a ob\u021bine un r\u0103spuns prompt \u0219i un cupon pentru vape!<\/strong><\/p>\n<p><img loading=\"lazy\" decoding=\"async\" class=\"size-full wp-image-1978\" src=\"https:\/\/rmvapesale.com\/wp-content\/uploads\/2024\/09\/Disposable-Vape-Wholesale.jpg\" alt=\"\u021aig\u0103ri electronice de unic\u0103 folosin\u021b\u0103 en-gros\" width=\"229\" height=\"300\" \/><\/p>\n<h3><a href=\"https:\/\/wa.me\/8617776015835\" target=\"_blank\" rel=\"noopener\"><span style=\"color: #ff0000\"><strong>WhatsApp: +86 17776015835<\/strong><\/span><\/a><\/h3>\n<p>&nbsp;<\/p>\n<h2><\/h2>\n<h2><strong>ElfBar Combo 25000 Vap\u0103 Re\u00eenc\u0103rcabil\u0103 <\/strong><strong>Caracteristici principale<\/strong><\/h2>\n<p>Model: COMBO 25000<br \/>\nArome: M\u0103r Verde + Dublu M\u0103r Shisha<br \/>\nPufuri: 25000<br \/>\nConcentra\u021bie Nicotin\u0103: 5% (50 mg)<br \/>\nVolum lichid: 25 ml<br \/>\nBaterie<br \/>\nCapacitate baterie: 700mAh<\/p>\n<p>&nbsp;<\/p>\n<h2><strong>Top arome pentru ElfBar Combo 25000 Puffs<\/strong><\/h2>\n<p>&nbsp;<\/p>\n<p>1.Pepene ro\u0219u+C\u0103p\u0219uni <span style=\"color: #ff0000\"><strong>&gt;&gt;&gt;&gt; Fierbinte!<\/strong><\/span><br \/>\n2.M\u0103r+Suc de Piersic\u0103<br \/>\n3.Struguri+B\u0103utur\u0103 Mary<br \/>\n4.Struguri Verzi+Struguri <span style=\"color: #ff0000\"><strong>&gt;&gt;&gt;&gt; Cel mai bun!<\/strong><\/span><br \/>\n5.M\u0103r Verde+Dublu M\u0103r<br \/>\n6.L\u0103m\u00e2ie Verde+Ananas<br \/>\n7.Piersic\u0103 Mango+Pepene ro\u0219u <span style=\"color: #ff0000\"><strong>&gt;&gt;&gt;&gt; Fierbinte!<\/strong><\/span><\/p>\n<figure id=\"attachment_2663\" aria-describedby=\"caption-attachment-2663\" style=\"width: 286px\" class=\"wp-caption alignnone\"><img loading=\"lazy\" decoding=\"async\" class=\"size-medium wp-image-2663\" src=\"https:\/\/rmvapesale.com\/wp-content\/uploads\/2024\/11\/Elf-Bar-COMBO-25000-Disposable-Vape-286x300.jpg\" alt=\"Elf Bar COMBO 25000 \u021aigar\u0103 Electronic\u0103 de Unic\u0103 Folosin\u021b\u0103\" width=\"286\" height=\"300\" srcset=\"https:\/\/rmvapesale.com\/wp-content\/uploads\/2024\/11\/Elf-Bar-COMBO-25000-Disposable-Vape-286x300.jpg 286w, https:\/\/rmvapesale.com\/wp-content\/uploads\/2024\/11\/Elf-Bar-COMBO-25000-Disposable-Vape-975x1024.jpg 975w, https:\/\/rmvapesale.com\/wp-content\/uploads\/2024\/11\/Elf-Bar-COMBO-25000-Disposable-Vape-768x806.jpg 768w, https:\/\/rmvapesale.com\/wp-content\/uploads\/2024\/11\/Elf-Bar-COMBO-25000-Disposable-Vape-600x630.jpg 600w, https:\/\/rmvapesale.com\/wp-content\/uploads\/2024\/11\/Elf-Bar-COMBO-25000-Disposable-Vape.jpg 1000w\" sizes=\"auto, (max-width: 286px) 100vw, 286px\" \/><figcaption id=\"caption-attachment-2663\" class=\"wp-caption-text\">Elf Bar COMBO 25000 \u021aigar\u0103 Electronic\u0103 de Unic\u0103 Folosin\u021b\u0103<\/figcaption><\/figure>\n<h3><strong>De ce s\u0103 alege\u021bi Rmvapesale pentru Elf Bar <\/strong><strong>\u021aigar\u0103 Electronic\u0103 de Unic\u0103 Folosin\u021b\u0103<\/strong><strong>V\u00e2nz\u0103ri en-gros de \u021big\u0103ri electronice<\/strong><strong>?<\/strong><\/h3>\n<div class=\"flex-shrink-0 flex flex-col relative items-end\">\n<div class=\"pt-0\">\n<div class=\"gizmo-bot-avatar flex h-8 w-8 items-center justify-center overflow-hidden rounded-full\">\n<div class=\"relative p-1 rounded-sm flex items-center justify-center bg-token-main-surface-primary text-token-text-primary h-8 w-8\">\n<p>Bun venit la Rmvapesale, magazinul dumneavoastr\u0103 de \u00eencredere pentru \u021big\u0103ri electronice de unic\u0103 folosin\u021b\u0103 premium. Cu o experien\u021b\u0103 de peste 5 ani, v\u0103 aducem branduri populare de \u021big\u0103ri electronice de unic\u0103 folosin\u021b\u0103, cum ar fi Al Fakher, Vapme Vape, <a href=\"https:\/\/rmvapesale.com\/ro\/product\/vapme-crystal-7000-puffs-rechargeable-disposable-vape-price\/\">Vapme<\/a>, <a href=\"https:\/\/rmvapesale.com\/ro\/product-category\/bang-vapes\/\">Bang Vape<\/a>, Waspe, <a href=\"https:\/\/rmvapesale.com\/ro\/product\/wga-crystal-pro-max-extra-15k-puffs-disposable-vape-wholesale\/\">WGA<\/a> Vape \u0219i<a href=\"https:\/\/rmvapesale.com\/ro\/product-category\/randm-fumot-vape\/\"> RandM Vape<\/a>.<\/p>\n<p>Gama noastr\u0103 include \u021big\u0103ri electronice foarte v\u00e2ndute, cum ar fi <a href=\"https:\/\/rmvapesale.com\/ro\/product\/fumot-digital-box-12000-disposable-vape-pink-lemonade-flavor\/\">RandM 12k<\/a> \u0219i op\u021biuni bogate \u00een arome, cum ar fi <a href=\"https:\/\/rmvapesale.com\/ro\/product\/wga-crystal-plus-20000-puff-dual-flavour-disposable-vape\/\">WGA 20K Puf<\/a>. Fiecare produs este ales cu accent pe calitate, valoare \u0219i varietate, asigur\u00e2ndu-v\u0103 c\u0103 g\u0103si\u021bi potrivirea perfect\u0103 pentru nevoile dumneavoastr\u0103. Descoperi\u021bi servicii excep\u021bionale \u0219i o gam\u0103 larg\u0103 de produse de top la Rmvapesale.<\/p>\n<\/div>\n<h3><\/h3>\n<div class=\"relative p-1 rounded-sm flex items-center justify-center bg-token-main-surface-primary text-token-text-primary h-8 w-8\">\n<h3><b>\u00centreb\u0103ri Frecvente despre Elf Bar Vape COMBO 25000 Puffs<\/b><\/h3>\n<\/div>\n<h3>1. <strong>Cum \u0219tiu c\u00e2nd pod-ul meu ElfBar de unic\u0103 folosin\u021b\u0103 este gol?<\/strong><\/h3>\n<ul>\n<li>The <strong>ecran inteligent de afi\u0219are<\/strong> pe Elf Bar Combo 25000 ofer\u0103 o indica\u021bie clar\u0103 a nivelului de e-lichid. Atunci c\u00e2nd ecranul arat\u0103 c\u0103 statusul e-lichidului este sc\u0103zut sau gol, sau dac\u0103 experimenta\u021bi o sc\u0103dere notabil\u0103 a aromei \u0219i a produc\u021biei de vapori, este timpul s\u0103 \u00eenlocui\u021bi dispozitivul.<\/li>\n<\/ul>\n<h3>2. <strong>C\u00e2t timp dureaz\u0103 s\u0103 se \u00eencarce un ElfBar Combo 25000 Puffs?<\/strong><\/h3>\n<ul>\n<li>Elf Bar Combo 25000 vine cu o <strong>baterie re\u00eenc\u0103rcabil\u0103 de 700mAh<\/strong> \u0219i se \u00eencarc\u0103 rapid printr-un <strong>portul de \u00eenc\u0103rcare Type-C<\/strong>. De obicei, dureaz\u0103 aproximativ <strong>1 p\u00e2n\u0103 la 2 ore<\/strong> pentru a se re\u00eenc\u0103rca complet, \u00een func\u021bie de sursa de alimentare.<\/li>\n<\/ul>\n<h3>3. <strong>C\u00e2t\u0103 nicotin\u0103 con\u021bine o \u021bigar\u0103 electronic\u0103 Elf Bar Combo 25000 Puffs?<\/strong><\/h3>\n<ul>\n<li>Elf Bar Combo 25000 con\u021bine o <strong>concentra\u021bie de nicotin\u0103 de 5% (50 mg)<\/strong>, ceea ce ofer\u0103 o experien\u021b\u0103 puternic\u0103 \u0219i satisf\u0103c\u0103toare, potrivit\u0103 pentru cei care prefer\u0103 concentra\u021bii mai mari de nicotin\u0103.<\/li>\n<\/ul>\n<h3>4. <strong>De unde pot cump\u0103ra ElfBar Combo 25000 Puffs la pre\u021buri en-gros?<\/strong><\/h3>\n<ul>\n<li>Pute\u021bi achizi\u021biona Elf Bar Combo 25000 Puffs de la <strong>la pre\u021buri de en-gros<\/strong> de la diver\u0219i distribuitori de \u021big\u0103ri electronice online sau specializa\u021bi <strong>furnizori angro de vape-uri<\/strong>. Verifica\u021bi <strong>magazine de vape-uri<\/strong> \u0219i comercian\u021bi online care ofer\u0103 <strong>cump\u0103rare \u00een vrac<\/strong> op\u021biuni pentru produsele Elf Bar.<\/li>\n<\/ul>\n<h3>5. <strong>Pot s\u0103 iau un vape de unic\u0103 folosin\u021b\u0103 \u00eentr-un avion?<\/strong><\/h3>\n<ul>\n<li>Da, pute\u021bi aduce un <strong>vape de unic\u0103 folosin\u021b\u0103<\/strong> \u00eentr-un avion, dar trebuie ambalat \u00een <strong>bagajul de m\u00e2n\u0103<\/strong>. Asigura\u021bi-v\u0103 c\u0103 dispozitivul este oprit \u0219i depozitat \u00een siguran\u021b\u0103 \u0219i nu uita\u021bi s\u0103 verifica\u021bi reglement\u0103rile specifice ale companiei aeriene \u0219i politicile privind vapatul ale \u021b\u0103rii de destina\u021bie.<\/li>\n<\/ul>\n<\/div>\n<\/div>\n<\/div>\n<h3>Despre livrare<\/h3>\n<div class=\"flex-shrink-0 flex flex-col relative items-end\">\n<div>\n<div class=\"pt-0\">\n<div class=\"gizmo-bot-avatar flex h-8 w-8 items-center justify-center overflow-hidden rounded-full\">\n<div><\/div>\n<div class=\"relative p-1 rounded-sm flex items-center justify-center bg-token-main-surface-primary text-token-text-primary h-8 w-8\"><strong>1. Ce metode de expediere sunt folosite?<\/strong><\/div>\n<\/div>\n<\/div>\n<\/div>\n<\/div>\n<div class=\"group\/conversation-turn relative flex w-full min-w-0 flex-col agent-turn\">\n<div class=\"flex-col gap-1 md:gap-3\">\n<div class=\"flex max-w-full flex-col flex-grow\">\n<div class=\"min-h-[20px] text-message flex w-full flex-col items-end gap-2 whitespace-normal break-words [.text-message+&amp;]:mt-5 overflow-x-auto\" dir=\"auto\" data-message-author-role=\"assistant\" data-message-id=\"22f8283b-3233-46ff-89a5-c7a41b33abda\">\n<div class=\"flex w-full flex-col gap-1 empty:hidden first:pt-[3px]\">\n<div class=\"markdown prose w-full break-words dark:prose-invert light\">\n<p>Colabor\u0103m cu UPS, DHL, FedEx, DPD \u0219i al\u021bi transportatori de top. Vom selecta cea mai bun\u0103 metod\u0103 de expediere \u00een func\u021bie de loca\u021bia dvs. de livrare pentru a ne asigura c\u0103 ve\u021bi primi produsele c\u00e2t mai repede posibil.<\/p>\n<\/div>\n<p><strong>2. C\u00e2t dureaz\u0103 livrarea?<\/strong><\/p>\n<p>Pachetele expediate \u00een Rom\u00e2nia ajung de obicei \u00een 10 zile lucr\u0103toare. Livrarea \u00een \u021b\u0103rile europene dureaz\u0103, \u00een general, aproximativ 12-15 zile lucr\u0103toare. V\u0103 vom oferi actualiz\u0103ri \u00een timp real cu privire la starea expedierii dumneavoastr\u0103.<\/p>\n<\/div>\n<\/div>\n<\/div>\n<\/div>\n<\/div>\n<p>&nbsp;<\/p>\n<p>G\u0103si\u021bi mai multe produse de vapat care v-ar putea pl\u0103cea:<strong><em><a href=\"https:\/\/rmvapesale.com\/ro\/shop-2\/\">cump\u0103r\u0103 acum &gt;&gt;&gt;<\/a><\/em><\/strong><\/p>","protected":false},"excerpt":{"rendered":"<p>ELFBAR COMBO 25000 M\u0103r Verde + M\u0103r Dublu<br \/>\nELFBAR Vap\u0103 COMBO 25000 pufuri Pre\u021b de fabric\u0103 en-gros<br \/>\nElfBar Pod-uri COMBO 25000 Cump\u0103rare \u00een vrac 5% Nicotin\u0103<\/p>\n<p><img loading=\"lazy\" decoding=\"async\" class=\"size-full wp-image-2375\" src=\"https:\/\/rmvapesale.com\/wp-content\/uploads\/2024\/10\/image.png\" alt=\"Cea mai bun\u0103 \u021bigar\u0103 electronic\u0103 de unic\u0103 folosin\u021b\u0103\" width=\"229\" height=\"300\" \/><\/p>\n<h3><a href=\"https:\/\/wa.me\/8617776015835\"><span style=\"color: #ff0000\"><strong>WhatsApp: +86 17776015835<\/strong><\/span><\/a><\/h3>\n<p>&nbsp;<\/p>","protected":false},"featured_media":2662,"comment_status":"open","ping_status":"closed","template":"","meta":{"_uag_custom_page_level_css":"","_lmt_disableupdate":"no","_lmt_disable":"","site-sidebar-layout":"default","site-content-layout":"content-boxed-container","ast-site-content-layout":"normal-width-container","site-content-style":"boxed","site-sidebar-style":"unboxed","ast-global-header-display":"","ast-banner-title-visibility":"","ast-main-header-display":"","ast-hfb-above-header-display":"","ast-hfb-below-header-display":"","ast-hfb-mobile-header-display":"","site-post-title":"","ast-breadcrumbs-content":"","ast-featured-img":"","footer-sml-layout":"","theme-transparent-header-meta":"default","adv-header-id-meta":"","stick-header-meta":"","header-above-stick-meta":"","header-main-stick-meta":"","header-below-stick-meta":"","astra-migrate-meta-layouts":"set","ast-page-background-enabled":"default","ast-page-background-meta":{"desktop":{"background-color":"var(--ast-global-color-4)","background-image":"","background-repeat":"repeat","background-position":"center center","background-size":"auto","background-attachment":"scroll","background-type":"","background-media":"","overlay-type":"","overlay-color":"","overlay-opacity":"","overlay-gradient":""},"tablet":{"background-color":"","background-image":"","background-repeat":"repeat","background-position":"center center","background-size":"auto","background-attachment":"scroll","background-type":"","background-media":"","overlay-type":"","overlay-color":"","overlay-opacity":"","overlay-gradient":""},"mobile":{"background-color":"","background-image":"","background-repeat":"repeat","background-position":"center center","background-size":"auto","background-attachment":"scroll","background-type":"","background-media":"","overlay-type":"","overlay-color":"","overlay-opacity":"","overlay-gradient":""}},"ast-content-background-meta":{"desktop":{"background-color":"var(--ast-global-color-5)","background-image":"","background-repeat":"repeat","background-position":"center center","background-size":"auto","background-attachment":"scroll","background-type":"","background-media":"","overlay-type":"","overlay-color":"","overlay-opacity":"","overlay-gradient":""},"tablet":{"background-color":"var(--ast-global-color-5)","background-image":"","background-repeat":"repeat","background-position":"center center","background-size":"auto","background-attachment":"scroll","background-type":"","background-media":"","overlay-type":"","overlay-color":"","overlay-opacity":"","overlay-gradient":""},"mobile":{"background-color":"var(--ast-global-color-5)","background-image":"","background-repeat":"repeat","background-position":"center center","background-size":"auto","background-attachment":"scroll","background-type":"","background-media":"","overlay-type":"","overlay-color":"","overlay-opacity":"","overlay-gradient":""}},"_joinchat":[]},"product_brand":[],"product_cat":[15,25,123,26,28,135,27,137,136,30],"product_tag":[146,188,200,167,201,202,165,180,120],"class_list":{"0":"post-2670","1":"product","2":"type-product","3":"status-publish","4":"has-post-thumbnail","6":"product_cat-new-vape-this-week","7":"product_cat-germany-best-selling-vape","8":"product_cat-italy-wholesale-vape","9":"product_cat-netherlands-hot-sale-vape","10":"product_cat-poland-hot-sale-vape","11":"product_cat-spain-best-hot-sale-vape","12":"product_cat-fance-hot-sale-vape","13":"product_cat-rechargeable-vapes","14":"product_cat-smart-screen-vapes","15":"product_cat-minimum-order-quantity-50pcs","16":"product_tag-best-hot-sale-vape","17":"product_tag-buy-vapes-online","18":"product_tag-disposable-hookah-wholesale","19":"product_tag-disposable-vape-with-screen","20":"product_tag-elfbar","21":"product_tag-elfbar-pods","22":"product_tag-rechargeable-vapes","23":"product_tag-shisha-bar","24":"product_tag-vape-wholesale","25":"desktop-align-left","26":"tablet-align-left","27":"mobile-align-left","29":"first","30":"instock","31":"sale","32":"shipping-taxable","33":"purchasable","34":"product-type-simple"},"uagb_featured_image_src":{"full":["https:\/\/rmvapesale.com\/wp-content\/uploads\/2024\/11\/Elf-Bar-COMBO-25000-Blackurrant-Raspberry-Grape.jpg",1000,1000,false],"thumbnail":["https:\/\/rmvapesale.com\/wp-content\/uploads\/2024\/11\/Elf-Bar-COMBO-25000-Blackurrant-Raspberry-Grape-150x150.jpg",150,150,true],"medium":["https:\/\/rmvapesale.com\/wp-content\/uploads\/2024\/11\/Elf-Bar-COMBO-25000-Blackurrant-Raspberry-Grape-300x300.jpg",300,300,true],"medium_large":["https:\/\/rmvapesale.com\/wp-content\/uploads\/2024\/11\/Elf-Bar-COMBO-25000-Blackurrant-Raspberry-Grape-768x768.jpg",768,768,true],"large":["https:\/\/rmvapesale.com\/wp-content\/uploads\/2024\/11\/Elf-Bar-COMBO-25000-Blackurrant-Raspberry-Grape.jpg",1000,1000,false],"1536x1536":["https:\/\/rmvapesale.com\/wp-content\/uploads\/2024\/11\/Elf-Bar-COMBO-25000-Blackurrant-Raspberry-Grape.jpg",1000,1000,false],"2048x2048":["https:\/\/rmvapesale.com\/wp-content\/uploads\/2024\/11\/Elf-Bar-COMBO-25000-Blackurrant-Raspberry-Grape.jpg",1000,1000,false],"trp-custom-language-flag":["https:\/\/rmvapesale.com\/wp-content\/uploads\/2024\/11\/Elf-Bar-COMBO-25000-Blackurrant-Raspberry-Grape.jpg",12,12,false],"woocommerce_thumbnail":["https:\/\/rmvapesale.com\/wp-content\/uploads\/2024\/11\/Elf-Bar-COMBO-25000-Blackurrant-Raspberry-Grape-300x300.jpg",300,300,true],"woocommerce_single":["https:\/\/rmvapesale.com\/wp-content\/uploads\/2024\/11\/Elf-Bar-COMBO-25000-Blackurrant-Raspberry-Grape-600x600.jpg",600,600,true],"woocommerce_gallery_thumbnail":["https:\/\/rmvapesale.com\/wp-content\/uploads\/2024\/11\/Elf-Bar-COMBO-25000-Blackurrant-Raspberry-Grape-100x100.jpg",100,100,true],"wcpr-photo-reviews":["https:\/\/rmvapesale.com\/wp-content\/uploads\/2024\/11\/Elf-Bar-COMBO-25000-Blackurrant-Raspberry-Grape.jpg",500,500,false]},"uagb_author_info":{"display_name":"AMY","author_link":"https:\/\/rmvapesale.com\/ro\/author\/"},"uagb_comment_info":0,"uagb_excerpt":"ELFBAR COMBO 25000 Green Apple + Double Apple ELFBAR Vape COMBO 25000 puff Wholesale Factory Price ElfBar Pods COMBO 25000 Bulk Buy 5% Nicotine WhatsApp: +86 17776015835 &nbsp;","_links":{"self":[{"href":"https:\/\/rmvapesale.com\/ro\/wp-json\/wp\/v2\/product\/2670","targetHints":{"allow":["GET"]}}],"collection":[{"href":"https:\/\/rmvapesale.com\/ro\/wp-json\/wp\/v2\/product"}],"about":[{"href":"https:\/\/rmvapesale.com\/ro\/wp-json\/wp\/v2\/types\/product"}],"replies":[{"embeddable":true,"href":"https:\/\/rmvapesale.com\/ro\/wp-json\/wp\/v2\/comments?post=2670"}],"wp:featuredmedia":[{"embeddable":true,"href":"https:\/\/rmvapesale.com\/ro\/wp-json\/wp\/v2\/media\/2662"}],"wp:attachment":[{"href":"https:\/\/rmvapesale.com\/ro\/wp-json\/wp\/v2\/media?parent=2670"}],"wp:term":[{"taxonomy":"product_brand","embeddable":true,"href":"https:\/\/rmvapesale.com\/ro\/wp-json\/wp\/v2\/product_brand?post=2670"},{"taxonomy":"product_cat","embeddable":true,"href":"https:\/\/rmvapesale.com\/ro\/wp-json\/wp\/v2\/product_cat?post=2670"},{"taxonomy":"product_tag","embeddable":true,"href":"https:\/\/rmvapesale.com\/ro\/wp-json\/wp\/v2\/product_tag?post=2670"}],"curies":[{"name":"wp","href":"https:\/\/api.w.org\/{rel}","templated":true}]}}