{"id":2678,"date":"2024-11-06T09:28:10","date_gmt":"2024-11-06T09:28:10","guid":{"rendered":"https:\/\/rmvapesale.com\/?post_type=product&#038;p=2678"},"modified":"2024-11-06T10:01:09","modified_gmt":"2024-11-06T10:01:09","slug":"vozol-star-20000-puffs-rechargeable-disposable-vape-wholesale-uk","status":"publish","type":"product","link":"https:\/\/rmvapesale.com\/ro\/product\/vozol-star-20000-puffs-rechargeable-disposable-vape-wholesale-uk\/","title":{"rendered":"VOZOL Star 20000 Puffs Vape Reincarcabil de Unica Folosinta en Gros Romania"},"content":{"rendered":"<h1>VOZOL Star 20000 Puffs Vape Reincarcabil de Unica Folosinta en Gros Romania<\/h1>\n<p><strong>VOZOL Star 20000 Puffs Vap\u0103 de unic\u0103 folosin\u021b\u0103 re\u00eenc\u0103rcabil\u0103<\/strong>, un dispozitiv de vapat premium conceput pentru cei care cer calitate, comoditate \u0219i stil. Perfect pentru vaperii din Rom\u00e2nia care caut\u0103 sesiuni lungi \u0219i satisf\u0103c\u0103toare, acest stilou de vapat de unic\u0103 folosin\u021b\u0103 combin\u0103 tehnologia de v\u00e2rf cu un design elegant \u0219i u\u0219or de utilizat.<\/p>\n<p>The <strong>VOZOL Star 20000 Puffs Vap\u0103 de unic\u0103 folosin\u021b\u0103<\/strong> este o alegere de top printre m\u0103rcile populare de vape de unic\u0103 folosin\u021b\u0103, combin\u00e2nd comoditatea cu performan\u021ba superioar\u0103. Fie c\u0103 sunte\u021bi \u00een c\u0103utarea celei <strong>mai bune vape de unic\u0103 folosin\u021b\u0103 din 2024<\/strong>sau a unei op\u021biuni <strong>vapare ultra-fin\u0103<\/strong> puternice, sau a unui dispozitiv care se \u00eencarc\u0103 rapid, VOZOL Star ofer\u0103 pe toate planurile. Disponibil pentru <strong>v\u00e2nz\u0103ri vape en-gros<\/strong> \u0219i achizi\u021bii individuale, este o potrivire perfect\u0103 pentru cei care doresc calitate \u0219i cantitate \u00eentr-un singur pachet.<\/p>\n<p>Pentru vaperii din Rom\u00e2nia, g\u0103si\u021bi <strong>VOZOL Star 20000 Puffs Vap\u0103 de unic\u0103 folosin\u021b\u0103<\/strong> la distribuitorii de <strong>vape angro<\/strong> de \u00eencredere sau comanda\u021bi de pe platforme <strong>vape-urilor de unic\u0103 folosin\u021b\u0103 online<\/strong> fiabile. Ca o alegere popular\u0103 printre <strong>vape re\u00eenc\u0103rcabile<\/strong>, VOZOL v\u0103 asigur\u0103 c\u0103 v\u0103 bucura\u021bi de fiecare puf f\u0103r\u0103 a compromite gustul sau performan\u021ba.<\/p>\n<p>Descoper\u0103 experien\u021ba suprem\u0103 de vaping cu <strong>VOZOL Star 20000<\/strong>. Comand\u0103 ast\u0103zi \u0219i ridic\u0103-\u021bi nivelul de vaping \u00een cel mai convenabil \u0219i savuros mod posibil!<\/p>\n<p>&nbsp;<\/p>\n<p><strong>Contacteaz-o pe Amy pentru a primi un r\u0103spuns corect \u0219i pre\u021b en-gros!<\/strong><\/p>\n<p><img loading=\"lazy\" decoding=\"async\" class=\"size-medium wp-image-1814\" src=\"https:\/\/rmvapesale.com\/wp-content\/uploads\/2024\/04\/whatsapp-amy-229x300.jpg\" alt=\"whatsapp amy\" width=\"229\" height=\"300\" srcset=\"https:\/\/rmvapesale.com\/wp-content\/uploads\/2024\/04\/whatsapp-amy-229x300.jpg 229w, https:\/\/rmvapesale.com\/wp-content\/uploads\/2024\/04\/whatsapp-amy-783x1024.jpg 783w, https:\/\/rmvapesale.com\/wp-content\/uploads\/2024\/04\/whatsapp-amy-768x1005.jpg 768w, https:\/\/rmvapesale.com\/wp-content\/uploads\/2024\/04\/whatsapp-amy-600x785.jpg 600w, https:\/\/rmvapesale.com\/wp-content\/uploads\/2024\/04\/whatsapp-amy.jpg 990w\" sizes=\"auto, (max-width: 229px) 100vw, 229px\" \/><\/p>\n<h2><\/h2>\n<h2><strong>VOZOL Star 20000 Puffs Vap\u0103 Re\u00eenc\u0103rcabil\u0103 <\/strong><\/h2>\n<h2><strong>Caracteristici principale<\/strong><\/h2>\n<p>Marc\u0103: Vozol<br \/>\nModel: Star 20000<br \/>\nPufuri: P\u00e2n\u0103 la 20000 Eco Mod (Mod Putere 15000)<br \/>\nTip de rezisten\u021b\u0103: Rezisten\u021b\u0103 Dubl\u0103 Plas\u0103<br \/>\nEcran: Ecran Color<br \/>\nDesign: Complet Transparent<br \/>\nBaterie: 650mAh<br \/>\nCapacitate lichid: 24ML<\/p>\n<p>&nbsp;<\/p>\n<figure id=\"attachment_2677\" aria-describedby=\"caption-attachment-2677\" style=\"width: 550px\" class=\"wp-caption alignnone\"><img loading=\"lazy\" decoding=\"async\" class=\"wp-image-2677 size-full\" src=\"https:\/\/rmvapesale.com\/wp-content\/uploads\/2024\/11\/Vozol-Vista-20000-Vape-Rechargeable-Vape.png\" alt=\"Vozol Vista 20000 Vap\u0103 Re\u00eenc\u0103rcabil\u0103\" width=\"550\" height=\"550\" srcset=\"https:\/\/rmvapesale.com\/wp-content\/uploads\/2024\/11\/Vozol-Vista-20000-Vape-Rechargeable-Vape.png 550w, https:\/\/rmvapesale.com\/wp-content\/uploads\/2024\/11\/Vozol-Vista-20000-Vape-Rechargeable-Vape-300x300.png 300w, https:\/\/rmvapesale.com\/wp-content\/uploads\/2024\/11\/Vozol-Vista-20000-Vape-Rechargeable-Vape-150x150.png 150w, https:\/\/rmvapesale.com\/wp-content\/uploads\/2024\/11\/Vozol-Vista-20000-Vape-Rechargeable-Vape-100x100.png 100w\" sizes=\"auto, (max-width: 550px) 100vw, 550px\" \/><figcaption id=\"caption-attachment-2677\" class=\"wp-caption-text\">Vozol Vista 20000 Vap\u0103 Re\u00eenc\u0103rcabil\u0103<\/figcaption><\/figure>\n<h2><strong>Care este cea mai popular\u0103 arom\u0103 pentru VOZOL <\/strong><strong>Vap\u0103 <\/strong><strong>Star 20000 Puffs?<\/strong><\/h2>\n<p>1.Pepene ro\u0219u cu ghea\u021b\u0103<br \/>\n2.Struguri cu ghea\u021b\u0103<br \/>\n3.Mango cu ghea\u021b\u0103<br \/>\n4.M\u0103r dublu cu ghea\u021b\u0103<br \/>\n5. C\u0103p\u0219uni Kiwi<br \/>\n6. Zmeur\u0103 Pepene ro\u0219u<br \/>\n7. Zmeur\u0103 albastr\u0103 Ghea\u021b\u0103<br \/>\n8. C\u0103p\u0219uni Mango<br \/>\n9.Pepene ro\u0219u cu mango \u0219i piersici<br \/>\n10. Cirea\u0219\u0103 Cola<br \/>\n11. Piersic\u0103 Zemoas\u0103 Ghea\u021b\u0103<br \/>\n12. Dragon Strawnana<br \/>\n13. Fructe de p\u0103dure mixte<br \/>\n14. L\u0103m\u00e2ie Verde L\u0103m\u00e2ie<br \/>\n15. Explozie tropical\u0103<br \/>\n16.Furtun\u0103 de Afine<br \/>\n17.l\u0103m\u00e2ie cu parfum<br \/>\n18.Portocal\u0103 Ananas Litchi<br \/>\n19.Dragoste 77<br \/>\n20.Zmeur\u0103 M\u0103r Pepene verde Ananas<\/p>\n<h3><strong>De ce s\u0103 alege\u021bi Rmvapesale pentru <\/strong><b>VOZOL Star 20000 Vape <\/b><strong>V\u00e2nzare en-gros<\/strong><strong>?<\/strong><\/h3>\n<div class=\"flex-shrink-0 flex flex-col relative items-end\">\n<div class=\"pt-0\">\n<div class=\"gizmo-bot-avatar flex h-8 w-8 items-center justify-center overflow-hidden rounded-full\">\n<div class=\"relative p-1 rounded-sm flex items-center justify-center bg-token-main-surface-primary text-token-text-primary h-8 w-8\">\n<p>Bun venit la Rmvapesale, magazinul dumneavoastr\u0103 de \u00eencredere pentru \u021big\u0103ri electronice de unic\u0103 folosin\u021b\u0103 premium. Cu o experien\u021b\u0103 de peste 5 ani, v\u0103 aducem branduri populare de \u021big\u0103ri electronice de unic\u0103 folosin\u021b\u0103, cum ar fi Al Fakher, Vapme Vape, <a href=\"https:\/\/rmvapesale.com\/ro\/product\/vapme-crystal-7000-puffs-rechargeable-disposable-vape-price\/\">Vapme<\/a>, <a href=\"https:\/\/rmvapesale.com\/ro\/product-category\/bang-vapes\/\">Bang Vape<\/a>, Waspe, <a href=\"https:\/\/rmvapesale.com\/ro\/product\/wga-crystal-pro-max-extra-15k-puffs-disposable-vape-wholesale\/\">WGA<\/a> Vape \u0219i<a href=\"https:\/\/rmvapesale.com\/ro\/product-category\/randm-fumot-vape\/\"> RandM Vape<\/a>.<\/p>\n<p>Gama noastr\u0103 include \u021big\u0103ri electronice foarte v\u00e2ndute, cum ar fi <a href=\"https:\/\/rmvapesale.com\/ro\/product\/fumot-digital-box-12000-disposable-vape-pink-lemonade-flavor\/\">RandM 12k<\/a> \u0219i op\u021biuni bogate \u00een arome, cum ar fi <a href=\"https:\/\/rmvapesale.com\/ro\/product\/wga-crystal-plus-20000-puff-dual-flavour-disposable-vape\/\">WGA 20K Puf<\/a>. Fiecare produs este ales cu accent pe calitate, valoare \u0219i varietate, asigur\u00e2ndu-v\u0103 c\u0103 g\u0103si\u021bi potrivirea perfect\u0103 pentru nevoile dumneavoastr\u0103. Descoperi\u021bi servicii excep\u021bionale \u0219i o gam\u0103 larg\u0103 de produse de top la Rmvapesale.<\/p>\n<\/div>\n<\/div>\n<\/div>\n<\/div>\n<h3><\/h3>\n<h3><b>VOZOL Star 20000 Puffs FAQs despre vapa re\u00eenc\u0103rcabil\u0103<\/b><\/h3>\n<p><strong>\u00ce: Ce este VOZOL Star 20.000 Puffs?<\/strong><br \/>\nR: VOZOL Star 20.000 Puffs este un dispozitiv de vape de unic\u0103 folosin\u021b\u0103 re\u00eenc\u0103rcabil, de mare capacitate, care ofer\u0103 peste 20.000 de pufuri impresionante. Dispune de un design elegant, un ecran LED pentru actualiz\u0103ri \u00een timp real despre nivelurile bateriei \u0219i ale e-lichidului \u0219i o tehnologie avansat\u0103 de bobin\u0103 de plas\u0103 pentru o produc\u021bie de vapori consistent\u0103 \u0219i plin\u0103 de arom\u0103.<\/p>\n<p><strong>\u00ce: C\u00e2te pufuri ofer\u0103 VOZOL Star 20000 puffs?<\/strong><br \/>\nR: VOZOL Star 20000 ofer\u0103 peste 20.000 de pufuri, asigur\u00e2nd o utilizare extins\u0103 \u0219i o experien\u021b\u0103 de vaping f\u0103r\u0103 probleme.<\/p>\n<p><strong>\u00ce: Vapa re\u00eenc\u0103rcabil\u0103 VOZOL Star 20000 are un ecran de afi\u0219are?<\/strong><br \/>\nR: Da, VOZOL Star 20000 are un ecran LED convenabil care afi\u0219eaz\u0103 informa\u021bii esen\u021biale, cum ar fi durata de via\u021b\u0103 a bateriei \u0219i nivelurile de e-lichid, \u021bin\u00e2ndu-v\u0103 bine informat \u00een timp ce vapa\u021bi.<\/p>\n<p><strong>\u00ce: C\u00e2t timp dureaz\u0103 \u00eenc\u0103rcarea complet\u0103 a vapes-ului de unic\u0103 folosin\u021b\u0103 VOZOL Star 20K?<\/strong><br \/>\nR: Vapa de unic\u0103 folosin\u021b\u0103 VOZOL Star 20K dispune de tehnologie de \u00eenc\u0103rcare rapid\u0103 \u0219i poate fi \u00eenc\u0103rcat\u0103 complet \u00een doar 30 de minute, astfel \u00eenc\u00e2t s\u0103 pute\u021bi reveni rapid la vaping.<\/p>\n<p><strong>\u00ce: Care sunt aromele disponibile pentru vapa VOZOL Star 20000?<\/strong><br \/>\nR: Vapa VOZOL Star 20000 vine \u00eentr-o varietate de arome interesante. De\u0219i aromele specifice pot varia, v\u0103 pute\u021bi a\u0219tepta la o gam\u0103 divers\u0103 de op\u021biuni concepute pentru a se potrivi diferitelor preferin\u021be.<\/p>\n<p><strong>\u00ce: De unde pot cump\u0103ra VOZOL Star 20000?<\/strong><br \/>\nR: Pute\u021bi cump\u0103ra VOZOL Star 20000 din magazine de vape de \u00eencredere sau s\u0103 comanda\u021bi de la distribuitori en-gros \u0219i platforme online de vape. C\u0103uta\u021bi op\u021biuni care ofer\u0103 <strong>v\u00e2nz\u0103ri vape en-gros<\/strong> or <strong>vape-urilor de unic\u0103 folosin\u021b\u0103 online<\/strong> pentru a ob\u021bine cele mai bune oferte.<\/p>\n<p>&nbsp;<\/p>","protected":false},"excerpt":{"rendered":"<p>Vozol 20000 Puffs Vap\u0103 re\u00eenc\u0103rcabil\u0103 cu afi\u0219aj LED<br \/>\nVozol Star 20000 Vap\u0103 de unic\u0103 folosin\u021b\u0103 Angro Pre\u021b Ieftin<br \/>\nVOZOL Star 20000 Puffs Vap\u0103 de unic\u0103 folosin\u021b\u0103 5% Nicotin\u0103<\/p>\n<p><img loading=\"lazy\" decoding=\"async\" class=\"size-medium wp-image-1814\" src=\"https:\/\/rmvapesale.com\/wp-content\/uploads\/2024\/04\/whatsapp-amy-229x300.jpg\" alt=\"whatsapp amy\" width=\"229\" height=\"300\" srcset=\"https:\/\/rmvapesale.com\/wp-content\/uploads\/2024\/04\/whatsapp-amy-229x300.jpg 229w, https:\/\/rmvapesale.com\/wp-content\/uploads\/2024\/04\/whatsapp-amy-783x1024.jpg 783w, https:\/\/rmvapesale.com\/wp-content\/uploads\/2024\/04\/whatsapp-amy-768x1005.jpg 768w, https:\/\/rmvapesale.com\/wp-content\/uploads\/2024\/04\/whatsapp-amy-600x785.jpg 600w, https:\/\/rmvapesale.com\/wp-content\/uploads\/2024\/04\/whatsapp-amy.jpg 990w\" sizes=\"auto, (max-width: 229px) 100vw, 229px\" \/><\/p>\n<h3><span style=\"color: #ff0000\"><strong>WhatsApp: +86 17776015835<\/strong><\/span><\/h3>","protected":false},"featured_media":2673,"comment_status":"open","ping_status":"closed","template":"","meta":{"_uag_custom_page_level_css":"","_lmt_disableupdate":"no","_lmt_disable":"","site-sidebar-layout":"default","site-content-layout":"content-boxed-container","ast-site-content-layout":"normal-width-container","site-content-style":"boxed","site-sidebar-style":"unboxed","ast-global-header-display":"","ast-banner-title-visibility":"","ast-main-header-display":"","ast-hfb-above-header-display":"","ast-hfb-below-header-display":"","ast-hfb-mobile-header-display":"","site-post-title":"","ast-breadcrumbs-content":"","ast-featured-img":"","footer-sml-layout":"","theme-transparent-header-meta":"default","adv-header-id-meta":"","stick-header-meta":"","header-above-stick-meta":"","header-main-stick-meta":"","header-below-stick-meta":"","astra-migrate-meta-layouts":"set","ast-page-background-enabled":"default","ast-page-background-meta":{"desktop":{"background-color":"var(--ast-global-color-4)","background-image":"","background-repeat":"repeat","background-position":"center center","background-size":"auto","background-attachment":"scroll","background-type":"","background-media":"","overlay-type":"","overlay-color":"","overlay-opacity":"","overlay-gradient":""},"tablet":{"background-color":"","background-image":"","background-repeat":"repeat","background-position":"center center","background-size":"auto","background-attachment":"scroll","background-type":"","background-media":"","overlay-type":"","overlay-color":"","overlay-opacity":"","overlay-gradient":""},"mobile":{"background-color":"","background-image":"","background-repeat":"repeat","background-position":"center center","background-size":"auto","background-attachment":"scroll","background-type":"","background-media":"","overlay-type":"","overlay-color":"","overlay-opacity":"","overlay-gradient":""}},"ast-content-background-meta":{"desktop":{"background-color":"var(--ast-global-color-5)","background-image":"","background-repeat":"repeat","background-position":"center center","background-size":"auto","background-attachment":"scroll","background-type":"","background-media":"","overlay-type":"","overlay-color":"","overlay-opacity":"","overlay-gradient":""},"tablet":{"background-color":"var(--ast-global-color-5)","background-image":"","background-repeat":"repeat","background-position":"center center","background-size":"auto","background-attachment":"scroll","background-type":"","background-media":"","overlay-type":"","overlay-color":"","overlay-opacity":"","overlay-gradient":""},"mobile":{"background-color":"var(--ast-global-color-5)","background-image":"","background-repeat":"repeat","background-position":"center center","background-size":"auto","background-attachment":"scroll","background-type":"","background-media":"","overlay-type":"","overlay-color":"","overlay-opacity":"","overlay-gradient":""}},"_joinchat":[]},"product_brand":[],"product_cat":[25,123,26,28,135,27,137,136,15,30],"product_tag":[40,54,154,203,204,37],"class_list":{"0":"post-2678","1":"product","2":"type-product","3":"status-publish","4":"has-post-thumbnail","6":"product_cat-germany-best-selling-vape","7":"product_cat-italy-wholesale-vape","8":"product_cat-netherlands-hot-sale-vape","9":"product_cat-poland-hot-sale-vape","10":"product_cat-spain-best-hot-sale-vape","11":"product_cat-fance-hot-sale-vape","12":"product_cat-rechargeable-vapes","13":"product_cat-smart-screen-vapes","14":"product_cat-new-vape-this-week","15":"product_cat-minimum-order-quantity-50pcs","16":"product_tag-hot-sale-vape","17":"product_tag-rechargeable-disposable-vape","18":"product_tag-smart-vape","19":"product_tag-vozol-star-20000-puffs","20":"product_tag-vozol-vape-uk","21":"product_tag-wholesale-vape-price","22":"desktop-align-left","23":"tablet-align-left","24":"mobile-align-left","26":"first","27":"instock","28":"sale","29":"shipping-taxable","30":"purchasable","31":"product-type-simple"},"uagb_featured_image_src":{"full":["https:\/\/rmvapesale.com\/wp-content\/uploads\/2024\/11\/VOZOL-Star-20000-Puffs-Disposable-Vape-Wholesale.png",550,550,false],"thumbnail":["https:\/\/rmvapesale.com\/wp-content\/uploads\/2024\/11\/VOZOL-Star-20000-Puffs-Disposable-Vape-Wholesale-150x150.png",150,150,true],"medium":["https:\/\/rmvapesale.com\/wp-content\/uploads\/2024\/11\/VOZOL-Star-20000-Puffs-Disposable-Vape-Wholesale-300x300.png",300,300,true],"medium_large":["https:\/\/rmvapesale.com\/wp-content\/uploads\/2024\/11\/VOZOL-Star-20000-Puffs-Disposable-Vape-Wholesale.png",550,550,false],"large":["https:\/\/rmvapesale.com\/wp-content\/uploads\/2024\/11\/VOZOL-Star-20000-Puffs-Disposable-Vape-Wholesale.png",550,550,false],"1536x1536":["https:\/\/rmvapesale.com\/wp-content\/uploads\/2024\/11\/VOZOL-Star-20000-Puffs-Disposable-Vape-Wholesale.png",550,550,false],"2048x2048":["https:\/\/rmvapesale.com\/wp-content\/uploads\/2024\/11\/VOZOL-Star-20000-Puffs-Disposable-Vape-Wholesale.png",550,550,false],"trp-custom-language-flag":["https:\/\/rmvapesale.com\/wp-content\/uploads\/2024\/11\/VOZOL-Star-20000-Puffs-Disposable-Vape-Wholesale.png",12,12,false],"woocommerce_thumbnail":["https:\/\/rmvapesale.com\/wp-content\/uploads\/2024\/11\/VOZOL-Star-20000-Puffs-Disposable-Vape-Wholesale-300x300.png",300,300,true],"woocommerce_single":["https:\/\/rmvapesale.com\/wp-content\/uploads\/2024\/11\/VOZOL-Star-20000-Puffs-Disposable-Vape-Wholesale.png",550,550,false],"woocommerce_gallery_thumbnail":["https:\/\/rmvapesale.com\/wp-content\/uploads\/2024\/11\/VOZOL-Star-20000-Puffs-Disposable-Vape-Wholesale-100x100.png",100,100,true],"wcpr-photo-reviews":["https:\/\/rmvapesale.com\/wp-content\/uploads\/2024\/11\/VOZOL-Star-20000-Puffs-Disposable-Vape-Wholesale.png",500,500,false]},"uagb_author_info":{"display_name":"AMY","author_link":"https:\/\/rmvapesale.com\/ro\/author\/"},"uagb_comment_info":0,"uagb_excerpt":"Vozol 20000 Puffs Rechargeable Vape LED Display Vozol Star 20000 Disposable Vape Wholesale Cheap Price VOZOL Star 20000 Puffs Disposable Vape 5% Nicotine WhatsApp: +86 17776015835","_links":{"self":[{"href":"https:\/\/rmvapesale.com\/ro\/wp-json\/wp\/v2\/product\/2678","targetHints":{"allow":["GET"]}}],"collection":[{"href":"https:\/\/rmvapesale.com\/ro\/wp-json\/wp\/v2\/product"}],"about":[{"href":"https:\/\/rmvapesale.com\/ro\/wp-json\/wp\/v2\/types\/product"}],"replies":[{"embeddable":true,"href":"https:\/\/rmvapesale.com\/ro\/wp-json\/wp\/v2\/comments?post=2678"}],"wp:featuredmedia":[{"embeddable":true,"href":"https:\/\/rmvapesale.com\/ro\/wp-json\/wp\/v2\/media\/2673"}],"wp:attachment":[{"href":"https:\/\/rmvapesale.com\/ro\/wp-json\/wp\/v2\/media?parent=2678"}],"wp:term":[{"taxonomy":"product_brand","embeddable":true,"href":"https:\/\/rmvapesale.com\/ro\/wp-json\/wp\/v2\/product_brand?post=2678"},{"taxonomy":"product_cat","embeddable":true,"href":"https:\/\/rmvapesale.com\/ro\/wp-json\/wp\/v2\/product_cat?post=2678"},{"taxonomy":"product_tag","embeddable":true,"href":"https:\/\/rmvapesale.com\/ro\/wp-json\/wp\/v2\/product_tag?post=2678"}],"curies":[{"name":"wp","href":"https:\/\/api.w.org\/{rel}","templated":true}]}}