{"id":2680,"date":"2024-11-06T09:47:09","date_gmt":"2024-11-06T09:47:09","guid":{"rendered":"https:\/\/rmvapesale.com\/?post_type=product&#038;p=2680"},"modified":"2024-11-07T08:24:43","modified_gmt":"2024-11-07T08:24:43","slug":"vopk-ultra-30000-puffs-double-flavor-digital-screen-rechargeable-disposable-vapes","status":"publish","type":"product","link":"https:\/\/rmvapesale.com\/ro\/product\/vopk-ultra-30000-puffs-double-flavor-digital-screen-rechargeable-disposable-vapes\/","title":{"rendered":"VOPK ULTRA 30000 Puffs Vape-uri de Unica Folosinta Reincarcabile cu Ecran Digital si Aroma Dubla"},"content":{"rendered":"<div class=\"B2VR9 CJHX3e\">\n<div class=\"wyccme\">\n<h1 class=\"LC20lb MBeuO DKV0Md\">VOPK ULTRA 30000 Puffs Vape-uri de Unica Folosinta Reincarcabile cu Ecran Digital si Aroma Dubla<\/h1>\n<div class=\"flex-shrink-0 flex flex-col relative items-end\">\n<div class=\"pt-0\">\n<div class=\"gizmo-bot-avatar flex h-8 w-8 items-center justify-center overflow-hidden rounded-full\">\n<div class=\"relative p-1 rounded-sm flex items-center justify-center bg-token-main-surface-primary text-token-text-primary h-8 w-8\">\n<p>The <strong>VOPK ULTRA 30000 Puffs Vape-uri de Unica Folosinta Reincarcabile cu Ecran Digital si Aroma Dubla<\/strong> este un dispozitiv de vaping premium conceput pentru cei care caut\u0103 o op\u021biune de \u00eenalt\u0103 performan\u021b\u0103 \u0219i utilizare extins\u0103. Cu un <strong>30.000 de pufuri<\/strong> \u0219i o <strong>Capacitate e-lichid 36 ml<\/strong>, acest dispozitiv asigur\u0103 o experien\u021b\u0103 de vaping lin\u0103 \u0219i de durat\u0103. Perfect pentru entuzia\u0219ti \u0219i utilizatori \u00eencep\u0103tori, acest <strong>stilou de vaping de unic\u0103 folosin\u021b\u0103<\/strong> este proiectat pentru a oferi confort \u0219i stil optim.<\/p>\n<p>Echipat cu o <strong>sistem cu rezisten\u021b\u0103 dual\u0103 tip mesh<\/strong> pentru livrarea de arom\u0103 robust\u0103, <strong>VOPK Ultra 30000<\/strong> produce nori gro\u0219i \u0219i satisf\u0103c\u0103tori care \u00eembun\u0103t\u0103\u021besc fiecare inhalare. Ecranul inteligent integrat cu <strong>ecran tactil<\/strong> ofer\u0103 utilizatorilor acces u\u0219or la informa\u021biile esen\u021biale ale dispozitivului, permi\u021b\u00e2nd ajust\u0103ri rapide ale celor dou\u0103 moduri de vaping disponibile pentru o experien\u021b\u0103 complet personalizat\u0103.<\/p>\n<p>\u00cenc\u0103rcarea este rapid\u0103 \u0219i eficient\u0103 datorit\u0103 <strong>re\u00eenc\u0103rcare Type-C<\/strong> designului, \u0219i cu <strong>5% nicotin\u0103<\/strong> con\u021binut, fiecare inhalare ofer\u0103 o lovitur\u0103 lin\u0103 \u0219i satisf\u0103c\u0103toare pe care o apreciaz\u0103 vaperii. Acest dispozitiv este, de asemenea, o alegere excelent\u0103 pentru cei care doresc s\u0103 <strong>cump\u0103rare \u00een vrac<\/strong> sau s\u0103 exploreze <strong>v\u00e2nz\u0103ri vape en-gros<\/strong> op\u021biuni, adres\u00e2ndu-se oricui apreciaz\u0103 calitatea \u0219i accesibilitatea \u00een dispozitivele lor de vaping.<\/p>\n<p>Indiferent dac\u0103 e\u0219ti interesat de <strong>m\u0103rcile populare de vape de unic\u0103 folosin\u021b\u0103<\/strong> sau o op\u021biune fiabil\u0103 <strong>vape de unic\u0103 folosin\u021b\u0103 cu nicotin\u0103 redus\u0103<\/strong> op\u021biune, cea <strong>VOPK Ultra 30000<\/strong> ofer\u0103 o combina\u021bie puternic\u0103 de capacitate, arom\u0103 \u0219i comoditate, fiind o alegere de top pentru vapori din \u00eentreaga comunitate.<\/p>\n<p>&nbsp;<\/p>\n<\/div>\n<\/div>\n<\/div>\n<\/div>\n<\/div>\n<\/div>\n<p><strong>Contacta\u021bi-o pe Amy pentru a ob\u021bine un r\u0103spuns prompt \u0219i un cupon pentru vape!<\/strong><\/p>\n<p><img loading=\"lazy\" decoding=\"async\" class=\"size-full wp-image-1978\" src=\"https:\/\/rmvapesale.com\/wp-content\/uploads\/2024\/09\/Disposable-Vape-Wholesale.jpg\" alt=\"\u021aig\u0103ri electronice de unic\u0103 folosin\u021b\u0103 en-gros\" width=\"229\" height=\"300\" \/><\/p>\n<h3><a href=\"https:\/\/wa.me\/8617776015835\" target=\"_blank\" rel=\"noopener\"><span style=\"color: #ff0000\"><strong>WhatsApp: +86 17776015835<\/strong><\/span><\/a><\/h3>\n<p>&nbsp;<\/p>\n<h2><\/h2>\n<h2><strong>VOPK ULTRA 30000 Ecran Digital Re\u00eenc\u0103rcabil\u0103 Dispozitive de unic\u0103 folosin\u021b\u0103 <\/strong><strong>Caracteristici principale<\/strong><\/h2>\n<p>Brand: Vopk<br \/>\nNume Model: Vopk Ultra 30000<br \/>\n30.000 de pufuri pentru utilizare extins\u0103<br \/>\nCapacitate de 36ML pentru mai pu\u021bine reumpleri \u0219i o experien\u021b\u0103 de durat\u0103 mai lung\u0103<br \/>\nBobin\u0103 Dual\u0103 din Plas\u0103 pentru arom\u0103 intens\u0103 \u0219i nori gro\u0219i<br \/>\nAfi\u0219aj Inteligent cu Ecran Tactil pentru acces u\u0219or la set\u0103rile dispozitivului<br \/>\nDou\u0103 moduri pentru personalizarea experien\u021bei de vaping<br \/>\nRe\u00eenc\u0103rcabil\u0103 Type-C pentru \u00eenc\u0103rcare rapid\u0103 \u0219i eficient\u0103<br \/>\nNicotine 5% pentru o senza\u021bie satisf\u0103c\u0103toare la fiecare puf<\/p>\n<p>&nbsp;<\/p>\n<h2><strong>Arome de top pentru VOPK ULTRA 30000 Ecran Digital Re\u00eenc\u0103rcabil\u0103 Dispozitive de unic\u0103 folosin\u021b\u0103<\/strong><\/h2>\n<p>1. C\u0103p\u0219uni Pepene Verde + Kiwi Fruct de Pasiune Guava <span style=\"color: #ff0000\"><strong>&gt;&gt;&gt;&gt; Fierbinte!<\/strong><\/span><br \/>\n2. Afine Zmeur\u0103 + Piersic\u0103 Mango Pepene Verde<br \/>\n3. Blue Razz Gummy Bear + C\u0103p\u0219uni Kiwi <span style=\"color: #ff0000\"><strong>&gt;&gt;&gt;&gt; Fierbinte!<\/strong><\/span><br \/>\n4. Blue Razz Cire\u0219e + C\u0103p\u0219uni Zmeur\u0103<br \/>\n5. L\u0103m\u00e2ie \u0219i Lime Carbogazoase + Pepene Verde Ment\u0103 Proasp\u0103t\u0103<br \/>\n6. Pepene Verde Ghea\u021b\u0103 + Blue Razz Ghea\u021b\u0103 <span style=\"color: #ff0000\"><strong>&gt;&gt;&gt;&gt; Cel mai bun!<\/strong><\/span><br \/>\n7.Blue Razz Ananas + Triple Mango<br \/>\n8.Strugure Berries Burst + pere M\u0103r Zmeur\u0103<br \/>\n9.C\u0103p\u0219uni Cranberry Cire\u0219e + Ananas Passion Lime<br \/>\n10.C\u0103p\u0219uni Afine Mentol + Afine Zmeur\u0103 Mentol<\/p>\n<p>&nbsp;<\/p>\n<figure id=\"attachment_2687\" aria-describedby=\"caption-attachment-2687\" style=\"width: 1000px\" class=\"wp-caption alignnone\"><img loading=\"lazy\" decoding=\"async\" class=\"wp-image-2687 size-full\" src=\"https:\/\/rmvapesale.com\/wp-content\/uploads\/2024\/11\/VOPK-ULTRA-30000-Puffs-Digital-ScreenRechargeable-Disposable-Vapes.jpg\" alt=\"VOPK ULTRA 30000 Pufuri Ecran Digital Re\u00eenc\u0103rcabil\u0103 Dispozitive de unic\u0103 folosin\u021b\u0103\" width=\"1000\" height=\"1000\" srcset=\"https:\/\/rmvapesale.com\/wp-content\/uploads\/2024\/11\/VOPK-ULTRA-30000-Puffs-Digital-ScreenRechargeable-Disposable-Vapes.jpg 1000w, https:\/\/rmvapesale.com\/wp-content\/uploads\/2024\/11\/VOPK-ULTRA-30000-Puffs-Digital-ScreenRechargeable-Disposable-Vapes-300x300.jpg 300w, https:\/\/rmvapesale.com\/wp-content\/uploads\/2024\/11\/VOPK-ULTRA-30000-Puffs-Digital-ScreenRechargeable-Disposable-Vapes-150x150.jpg 150w, https:\/\/rmvapesale.com\/wp-content\/uploads\/2024\/11\/VOPK-ULTRA-30000-Puffs-Digital-ScreenRechargeable-Disposable-Vapes-768x768.jpg 768w, https:\/\/rmvapesale.com\/wp-content\/uploads\/2024\/11\/VOPK-ULTRA-30000-Puffs-Digital-ScreenRechargeable-Disposable-Vapes-600x600.jpg 600w, https:\/\/rmvapesale.com\/wp-content\/uploads\/2024\/11\/VOPK-ULTRA-30000-Puffs-Digital-ScreenRechargeable-Disposable-Vapes-100x100.jpg 100w\" sizes=\"auto, (max-width: 1000px) 100vw, 1000px\" \/><figcaption id=\"caption-attachment-2687\" class=\"wp-caption-text\">VOPK ULTRA 30000 Pufuri Ecran Digital Re\u00eenc\u0103rcabil\u0103 Dispozitive de unic\u0103 folosin\u021b\u0103<\/figcaption><\/figure>\n<h3><strong>De ce s\u0103 alegi Rmvapesale pentru VOPK <\/strong><strong>\u021aigar\u0103 Electronic\u0103 de Unic\u0103 Folosin\u021b\u0103<\/strong><strong>V\u00e2nz\u0103ri en-gros de \u021big\u0103ri electronice<\/strong><strong>?<\/strong><\/h3>\n<div class=\"flex-shrink-0 flex flex-col relative items-end\">\n<div class=\"pt-0\">\n<div class=\"gizmo-bot-avatar flex h-8 w-8 items-center justify-center overflow-hidden rounded-full\">\n<div class=\"relative p-1 rounded-sm flex items-center justify-center bg-token-main-surface-primary text-token-text-primary h-8 w-8\">\n<p>Bun venit la Rmvapesale, magazinul dumneavoastr\u0103 de \u00eencredere pentru \u021big\u0103ri electronice de unic\u0103 folosin\u021b\u0103 premium. Cu o experien\u021b\u0103 de peste 5 ani, v\u0103 aducem branduri populare de \u021big\u0103ri electronice de unic\u0103 folosin\u021b\u0103, cum ar fi Al Fakher, Vapme Vape, <a href=\"https:\/\/rmvapesale.com\/ro\/product\/vapme-crystal-7000-puffs-rechargeable-disposable-vape-price\/\">Vapme<\/a>, <a href=\"https:\/\/rmvapesale.com\/ro\/product-category\/bang-vapes\/\">Bang Vape<\/a>, Waspe, <a href=\"https:\/\/rmvapesale.com\/ro\/product\/wga-crystal-pro-max-extra-15k-puffs-disposable-vape-wholesale\/\">WGA<\/a> Vape \u0219i<a href=\"https:\/\/rmvapesale.com\/ro\/product-category\/randm-fumot-vape\/\"> RandM Vape<\/a>.<\/p>\n<p>Gama noastr\u0103 include \u021big\u0103ri electronice foarte v\u00e2ndute, cum ar fi <a href=\"https:\/\/rmvapesale.com\/ro\/product\/fumot-digital-box-12000-disposable-vape-pink-lemonade-flavor\/\">RandM 12k<\/a> \u0219i op\u021biuni bogate \u00een arome, cum ar fi <a href=\"https:\/\/rmvapesale.com\/ro\/product\/elfbar-combo-25000-puffs-rechargeable-disposable-vape-wholesale\/\">ELFBAR Combo 25000 Puff<\/a>. Fiecare produs este ales cu accent pe calitate, valoare \u0219i varietate, asigur\u00e2ndu-v\u0103 c\u0103 g\u0103si\u021bi potrivirea perfect\u0103 pentru nevoile dumneavoastr\u0103. Descoperi\u021bi servicii excep\u021bionale \u0219i o gam\u0103 larg\u0103 de produse de top la Rmvapesale.<\/p>\n<\/div>\n<h3><\/h3>\n<div class=\"relative p-1 rounded-sm flex items-center justify-center bg-token-main-surface-primary text-token-text-primary h-8 w-8\">\n<h3><b>\u00centreb\u0103ri frecvente despre VOPK 30000 Ecran Digital Re\u00eenc\u0103rcabil\u0103 Dispozitive de unic\u0103 folosin\u021b\u0103<\/b><\/h3>\n<\/div>\n<p><strong>\u00ce: Cum \u0219tiu c\u00e2nd bateria VOPK ULTRA 30000 Ecran Digital Re\u00eenc\u0103rcabil\u0103 Dispozitive de unic\u0103 folosin\u021b\u0103 este goal\u0103?<\/strong><br \/>\nVOPK ULTRA 30000 are un ecran digital inteligent care afi\u0219eaz\u0103 nivelul lichidului, f\u0103c\u00e2nd u\u0219or de observat c\u00e2nd vape-ul t\u0103u este pe terminate. C\u00e2nd afi\u0219ajul lichidului arat\u0103 c\u0103 este aproape gol sau observi o sc\u0103dere a vaporului \u0219i calit\u0103\u021bii aromei, este timpul s\u0103 \u00eenlocuie\u0219ti dispozitivul.<\/p>\n<p><strong>\u00ce: C\u00e2t timp dureaz\u0103 s\u0103 \u00eencarc un vape VOPK ULTRA 30000 Pufuri?<\/strong><br \/>\nVOPK ULTRA 30000 este proiectat cu \u00eenc\u0103rcare rapid\u0103 Type-C, ceea ce \u00eei permite s\u0103 se \u00eencarce complet \u00een aproximativ 1-1,5 ore.<\/p>\n<p><strong>\u00ce: C\u00e2t nicotin\u0103 con\u021bine un VOPK ULTRA 30000 Pufuri Vape de unic\u0103 folosin\u021b\u0103?<\/strong><br \/>\nAcest vape con\u021bine o concentra\u021bie de nicotin\u0103 5% (50mg), oferind o senza\u021bie lin\u0103 \u0219i satisf\u0103c\u0103toare la fiecare puf.<\/p>\n<p><strong>\u00ce: Unde pot cump\u0103ra Vape de unic\u0103 folosin\u021b\u0103 re\u00eenc\u0103rcabile VOPK ULTRA 30000 \u00een vrac la pre\u021buri en-gros?<\/strong><br \/>\nPentru achizi\u021bii en-gros \u0219i pre\u021buri de volum, mul\u021bi distribuitori de vape-uri ofer\u0103 VOPK ULTRA 30000. Po\u021bi verifica magazinele online en-gros de vape-uri sau s\u0103 contactezi <strong>distribuitori en-gros de vape-uri<\/strong> pentru cele mai bune pre\u021buri.<\/p>\n<p><strong>Pot s\u0103 aduc un vape re\u00eenc\u0103rcabil de unic\u0103 folosin\u021b\u0103 \u00een avion?<\/strong><br \/>\nDa, po\u021bi aduce vape-uri re\u00eenc\u0103rcabile de unic\u0103 folosin\u021b\u0103 precum VOPK ULTRA 30000 pe avion, dar trebuie s\u0103 fie ambalate \u00een bagajul de m\u00e2n\u0103, deoarece bateriile litiu nu sunt de obicei permise \u00een bagajul de cal\u0103. Asigur\u0103-te c\u0103 verifici politicile specifice ale companiei aeriene, deoarece acestea pot varia.<\/p>\n<p><strong>\u00ce: C\u00e2te pufuri ofer\u0103 VOPK 30000 cu ecran digital \u0219i vape re\u00eenc\u0103rcabil de unic\u0103 folosin\u021b\u0103?<\/strong><br \/>\nVOPK 30000 ofer\u0103 o capacitate de durat\u0103 lung\u0103 de p\u00e2n\u0103 la <strong>30.000 de pufuri<\/strong>.<\/p>\n<p><strong>\u00ce: C\u00e2t timp dureaz\u0103 s\u0103 se \u00eencarce complet vape-ul VOPK 30000?<\/strong><br \/>\nCu \u00eenc\u0103rcarea sa Type-C, VOPK 30000 atinge de obicei o \u00eenc\u0103rcare complet\u0103 \u00een <strong>1-1,5 ore<\/strong>.<\/p>\n<\/div>\n<\/div>\n<\/div>\n<h3>Despre livrare<\/h3>\n<div class=\"flex-shrink-0 flex flex-col relative items-end\">\n<div>\n<div class=\"pt-0\">\n<div class=\"gizmo-bot-avatar flex h-8 w-8 items-center justify-center overflow-hidden rounded-full\">\n<div><\/div>\n<div class=\"relative p-1 rounded-sm flex items-center justify-center bg-token-main-surface-primary text-token-text-primary h-8 w-8\"><strong>1. Ce metode de expediere sunt folosite?<\/strong><\/div>\n<\/div>\n<\/div>\n<\/div>\n<\/div>\n<div class=\"group\/conversation-turn relative flex w-full min-w-0 flex-col agent-turn\">\n<div class=\"flex-col gap-1 md:gap-3\">\n<div class=\"flex max-w-full flex-col flex-grow\">\n<div class=\"min-h-[20px] text-message flex w-full flex-col items-end gap-2 whitespace-normal break-words [.text-message+&amp;]:mt-5 overflow-x-auto\" dir=\"auto\" data-message-author-role=\"assistant\" data-message-id=\"22f8283b-3233-46ff-89a5-c7a41b33abda\">\n<div class=\"flex w-full flex-col gap-1 empty:hidden first:pt-[3px]\">\n<div class=\"markdown prose w-full break-words dark:prose-invert light\">\n<p>Colabor\u0103m cu UPS, DHL, FedEx, DPD \u0219i al\u021bi transportatori de top. Vom selecta cea mai bun\u0103 metod\u0103 de expediere \u00een func\u021bie de loca\u021bia dvs. de livrare pentru a ne asigura c\u0103 ve\u021bi primi produsele c\u00e2t mai repede posibil.<\/p>\n<\/div>\n<p><strong>2. C\u00e2t dureaz\u0103 livrarea?<\/strong><\/p>\n<p>Pachetele expediate \u00een Rom\u00e2nia ajung de obicei \u00een 10 zile lucr\u0103toare. Livrarea \u00een \u021b\u0103rile europene dureaz\u0103, \u00een general, aproximativ 12-15 zile lucr\u0103toare. V\u0103 vom oferi actualiz\u0103ri \u00een timp real cu privire la starea expedierii dumneavoastr\u0103.<\/p>\n<\/div>\n<\/div>\n<\/div>\n<\/div>\n<\/div>\n<p>&nbsp;<\/p>\n<p>G\u0103si\u021bi mai multe produse de vapat care v-ar putea pl\u0103cea:<strong><em><a href=\"https:\/\/rmvapesale.com\/ro\/shop-2\/\">cump\u0103r\u0103 acum &gt;&gt;&gt;<\/a><\/em><\/strong><\/p>","protected":false},"excerpt":{"rendered":"<p>VOPK ULTRA 30000 Pufuri Dual Flavor Ecran Digital Nicotin\u0103 Sc\u0103zut\u0103 Dispozitive de Vaping de unic\u0103 folosin\u021b\u0103<br \/>\nVOPK 30000 Pufuri Achizi\u021bie en gros Dispozitive de Vaping Re\u00eenc\u0103rcabile de tip Pod<br \/>\nVOPK ULTRA 30000 Pufuri Dual Flavor Stilou de Vaping de unic\u0103 folosin\u021b\u0103<\/p>\n<p><img loading=\"lazy\" decoding=\"async\" class=\"size-full wp-image-2375\" src=\"https:\/\/rmvapesale.com\/wp-content\/uploads\/2024\/10\/image.png\" alt=\"Cea mai bun\u0103 \u021bigar\u0103 electronic\u0103 de unic\u0103 folosin\u021b\u0103\" width=\"229\" height=\"300\" \/><\/p>\n<h3><a href=\"https:\/\/wa.me\/8617776015835\"><span style=\"color: #ff0000\"><strong>WhatsApp: +86 17776015835<\/strong><\/span><\/a><\/h3>\n<p>&nbsp;<\/p>","protected":false},"featured_media":2682,"comment_status":"open","ping_status":"closed","template":"","meta":{"_uag_custom_page_level_css":"","_lmt_disableupdate":"no","_lmt_disable":"","site-sidebar-layout":"default","site-content-layout":"content-boxed-container","ast-site-content-layout":"normal-width-container","site-content-style":"boxed","site-sidebar-style":"unboxed","ast-global-header-display":"","ast-banner-title-visibility":"","ast-main-header-display":"","ast-hfb-above-header-display":"","ast-hfb-below-header-display":"","ast-hfb-mobile-header-display":"","site-post-title":"","ast-breadcrumbs-content":"","ast-featured-img":"","footer-sml-layout":"","theme-transparent-header-meta":"default","adv-header-id-meta":"","stick-header-meta":"","header-above-stick-meta":"","header-main-stick-meta":"","header-below-stick-meta":"","astra-migrate-meta-layouts":"set","ast-page-background-enabled":"default","ast-page-background-meta":{"desktop":{"background-color":"var(--ast-global-color-4)","background-image":"","background-repeat":"repeat","background-position":"center center","background-size":"auto","background-attachment":"scroll","background-type":"","background-media":"","overlay-type":"","overlay-color":"","overlay-opacity":"","overlay-gradient":""},"tablet":{"background-color":"","background-image":"","background-repeat":"repeat","background-position":"center center","background-size":"auto","background-attachment":"scroll","background-type":"","background-media":"","overlay-type":"","overlay-color":"","overlay-opacity":"","overlay-gradient":""},"mobile":{"background-color":"","background-image":"","background-repeat":"repeat","background-position":"center center","background-size":"auto","background-attachment":"scroll","background-type":"","background-media":"","overlay-type":"","overlay-color":"","overlay-opacity":"","overlay-gradient":""}},"ast-content-background-meta":{"desktop":{"background-color":"var(--ast-global-color-5)","background-image":"","background-repeat":"repeat","background-position":"center center","background-size":"auto","background-attachment":"scroll","background-type":"","background-media":"","overlay-type":"","overlay-color":"","overlay-opacity":"","overlay-gradient":""},"tablet":{"background-color":"var(--ast-global-color-5)","background-image":"","background-repeat":"repeat","background-position":"center center","background-size":"auto","background-attachment":"scroll","background-type":"","background-media":"","overlay-type":"","overlay-color":"","overlay-opacity":"","overlay-gradient":""},"mobile":{"background-color":"var(--ast-global-color-5)","background-image":"","background-repeat":"repeat","background-position":"center center","background-size":"auto","background-attachment":"scroll","background-type":"","background-media":"","overlay-type":"","overlay-color":"","overlay-opacity":"","overlay-gradient":""}},"_joinchat":[]},"product_brand":[],"product_cat":[15,25,123,26,28,135,27,137,136,30],"product_tag":[146,188,200,167,127,180,120],"class_list":{"0":"post-2680","1":"product","2":"type-product","3":"status-publish","4":"has-post-thumbnail","6":"product_cat-new-vape-this-week","7":"product_cat-germany-best-selling-vape","8":"product_cat-italy-wholesale-vape","9":"product_cat-netherlands-hot-sale-vape","10":"product_cat-poland-hot-sale-vape","11":"product_cat-spain-best-hot-sale-vape","12":"product_cat-fance-hot-sale-vape","13":"product_cat-rechargeable-vapes","14":"product_cat-smart-screen-vapes","15":"product_cat-minimum-order-quantity-50pcs","16":"product_tag-best-hot-sale-vape","17":"product_tag-buy-vapes-online","18":"product_tag-disposable-hookah-wholesale","19":"product_tag-disposable-vape-with-screen","20":"product_tag-puff-30k","21":"product_tag-shisha-bar","22":"product_tag-vape-wholesale","23":"desktop-align-left","24":"tablet-align-left","25":"mobile-align-left","27":"first","28":"instock","29":"sale","30":"shipping-taxable","31":"purchasable","32":"product-type-simple"},"uagb_featured_image_src":{"full":["https:\/\/rmvapesale.com\/wp-content\/uploads\/2024\/11\/VOPK-ULTRA-30000-Double-Flavor-Digital-Disposable-Vapes-Pen-Wholesale.jpg",800,800,false],"thumbnail":["https:\/\/rmvapesale.com\/wp-content\/uploads\/2024\/11\/VOPK-ULTRA-30000-Double-Flavor-Digital-Disposable-Vapes-Pen-Wholesale-150x150.jpg",150,150,true],"medium":["https:\/\/rmvapesale.com\/wp-content\/uploads\/2024\/11\/VOPK-ULTRA-30000-Double-Flavor-Digital-Disposable-Vapes-Pen-Wholesale-300x300.jpg",300,300,true],"medium_large":["https:\/\/rmvapesale.com\/wp-content\/uploads\/2024\/11\/VOPK-ULTRA-30000-Double-Flavor-Digital-Disposable-Vapes-Pen-Wholesale-768x768.jpg",768,768,true],"large":["https:\/\/rmvapesale.com\/wp-content\/uploads\/2024\/11\/VOPK-ULTRA-30000-Double-Flavor-Digital-Disposable-Vapes-Pen-Wholesale.jpg",800,800,false],"1536x1536":["https:\/\/rmvapesale.com\/wp-content\/uploads\/2024\/11\/VOPK-ULTRA-30000-Double-Flavor-Digital-Disposable-Vapes-Pen-Wholesale.jpg",800,800,false],"2048x2048":["https:\/\/rmvapesale.com\/wp-content\/uploads\/2024\/11\/VOPK-ULTRA-30000-Double-Flavor-Digital-Disposable-Vapes-Pen-Wholesale.jpg",800,800,false],"trp-custom-language-flag":["https:\/\/rmvapesale.com\/wp-content\/uploads\/2024\/11\/VOPK-ULTRA-30000-Double-Flavor-Digital-Disposable-Vapes-Pen-Wholesale.jpg",12,12,false],"woocommerce_thumbnail":["https:\/\/rmvapesale.com\/wp-content\/uploads\/2024\/11\/VOPK-ULTRA-30000-Double-Flavor-Digital-Disposable-Vapes-Pen-Wholesale-300x300.jpg",300,300,true],"woocommerce_single":["https:\/\/rmvapesale.com\/wp-content\/uploads\/2024\/11\/VOPK-ULTRA-30000-Double-Flavor-Digital-Disposable-Vapes-Pen-Wholesale-600x600.jpg",600,600,true],"woocommerce_gallery_thumbnail":["https:\/\/rmvapesale.com\/wp-content\/uploads\/2024\/11\/VOPK-ULTRA-30000-Double-Flavor-Digital-Disposable-Vapes-Pen-Wholesale-100x100.jpg",100,100,true],"wcpr-photo-reviews":["https:\/\/rmvapesale.com\/wp-content\/uploads\/2024\/11\/VOPK-ULTRA-30000-Double-Flavor-Digital-Disposable-Vapes-Pen-Wholesale.jpg",500,500,false]},"uagb_author_info":{"display_name":"AMY","author_link":"https:\/\/rmvapesale.com\/ro\/author\/"},"uagb_comment_info":0,"uagb_excerpt":"VOPK ULTRA 30000 Puffs Double Flavor Digital Screen Low Nicotine Disposable Vapes VOPK 30000 Puffs Bulk Buy Wholesale Rechargeable Disposable Vapes Pod VOPK ULTRA 30000 Puffs Double Flavor Disposable Vapes Pen WhatsApp: +86 17776015835 &nbsp;","_links":{"self":[{"href":"https:\/\/rmvapesale.com\/ro\/wp-json\/wp\/v2\/product\/2680","targetHints":{"allow":["GET"]}}],"collection":[{"href":"https:\/\/rmvapesale.com\/ro\/wp-json\/wp\/v2\/product"}],"about":[{"href":"https:\/\/rmvapesale.com\/ro\/wp-json\/wp\/v2\/types\/product"}],"replies":[{"embeddable":true,"href":"https:\/\/rmvapesale.com\/ro\/wp-json\/wp\/v2\/comments?post=2680"}],"wp:featuredmedia":[{"embeddable":true,"href":"https:\/\/rmvapesale.com\/ro\/wp-json\/wp\/v2\/media\/2682"}],"wp:attachment":[{"href":"https:\/\/rmvapesale.com\/ro\/wp-json\/wp\/v2\/media?parent=2680"}],"wp:term":[{"taxonomy":"product_brand","embeddable":true,"href":"https:\/\/rmvapesale.com\/ro\/wp-json\/wp\/v2\/product_brand?post=2680"},{"taxonomy":"product_cat","embeddable":true,"href":"https:\/\/rmvapesale.com\/ro\/wp-json\/wp\/v2\/product_cat?post=2680"},{"taxonomy":"product_tag","embeddable":true,"href":"https:\/\/rmvapesale.com\/ro\/wp-json\/wp\/v2\/product_tag?post=2680"}],"curies":[{"name":"wp","href":"https:\/\/api.w.org\/{rel}","templated":true}]}}