{"id":2695,"date":"2024-11-07T09:50:56","date_gmt":"2024-11-07T09:50:56","guid":{"rendered":"https:\/\/rmvapesale.com\/?post_type=product&#038;p=2695"},"modified":"2024-11-08T03:15:20","modified_gmt":"2024-11-08T03:15:20","slug":"jnr-mediamax-40000-smart-vape-phone-call-rechargeable-disposable-wholesale","status":"publish","type":"product","link":"https:\/\/rmvapesale.com\/ro\/product\/jnr-mediamax-40000-smart-vape-phone-call-rechargeable-disposable-wholesale\/","title":{"rendered":"JNR MediaMax 40000 Tigara electronica inteligenta Apel telefonic reincarcabila de unica folosinta en-gros"},"content":{"rendered":"<div class=\"B2VR9 CJHX3e\">\n<div class=\"wyccme\">\n<h1 class=\"LC20lb MBeuO DKV0Md\">JNR MediaMax 40000 Tigara electronica inteligenta Apel telefonic reincarcabila de unica folosinta en-gros<\/h1>\n<div class=\"flex-shrink-0 flex flex-col relative items-end\">\n<div class=\"pt-0\">\n<div class=\"gizmo-bot-avatar flex h-8 w-8 items-center justify-center overflow-hidden rounded-full\">\n<div class=\"relative p-1 rounded-sm flex items-center justify-center bg-token-main-surface-primary text-token-text-primary h-8 w-8\">\n<p>JNR MediaMax 40000 Smart Vape revolu\u021bioneaz\u0103 lumea vapingului cu un amestec unic de tehnologie de ultim\u0103 genera\u021bie \u0219i caracteristici de \u00eenalt\u0103 performan\u021b\u0103. Cunoscut ca fiind primul din lume <strong>vape de unic\u0103 folosin\u021b\u0103 cu 40.000 de pufuri<\/strong> echipat cu func\u021bie de apel telefonic inteligent, acest dispozitiv ofer\u0103 impresionantul <strong>21ml de lichid preumplut<\/strong> \u0219i o <strong>baterie re\u00eenc\u0103rcabil\u0103 de 1000mAh<\/strong> pentru a v\u0103 men\u021bine vapingul mai mult timp cu re\u00eenc\u0103rc\u0103ri minime.<\/p>\n<p>Cu dou\u0103 moduri de vaping \u2014<strong>Mod Normal<\/strong> pentru p\u00e2n\u0103 la 40.000 de pufuri \u0219i <strong>Mod Puls<\/strong> pentru 20.000 de pufuri \u2014 JNR MediaMax 40000 <strong>vapare ultra-fin\u0103<\/strong> ofer\u0103 versatilitate \u0219i control excep\u021bionale. Ecranul tactil <strong>HD de 2,4 inch<\/strong> ofer\u0103 u\u0219urin\u021b\u0103 \u00een utilizare, permi\u021b\u00e2ndu-v\u0103 s\u0103 monitoriza\u021bi durata de via\u021b\u0103 a bateriei, nivelurile de e-lichid \u0219i set\u0103rile dispozitivului \u00een timp real.<\/p>\n<p>Duc\u00e2nd vapatul inteligent un pas mai departe, acest vape include <strong>notific\u0103ri de apeluri \u0219i mesaje<\/strong>, control camer\u0103 la distan\u021b\u0103, o func\u021bie <strong>g\u0103se\u0219te-\u021bi telefonul<\/strong>\u0219i un <strong>mod de blocare<\/strong> pentru a asigura confiden\u021bialitatea \u0219i securitatea. Conceput pentru <strong>vapat MTL (Gur\u0103-\u00een-Pl\u0103m\u00e2n)<\/strong>, acest dispozitiv ofer\u0103, de asemenea, o senza\u021bie satisf\u0103c\u0103toare cu o <strong>concentra\u021bie de nicotin\u0103 de 5% (50mg)<\/strong>.<\/p>\n<p>Cu designul s\u0103u elegant, comoditatea \u0219i <strong>func\u021biile de smartphone<\/strong>, JNR MediaMax 40K stabile\u0219te standarde \u00eenalte pentru <strong>vape-uri de unic\u0103 folosin\u021b\u0103<\/strong>. Ideal pentru cei care doresc s\u0103 combine tehnologia inovatoare cu experien\u021ba tradi\u021bional\u0103 de vapat, JNR MediaMax 40000 este disponibil pentru <strong>cump\u0103rare \u00een vrac<\/strong> \u0219i <strong>comenzi en-gros<\/strong> pentru a se potrivi tuturor nevoilor dumneavoastr\u0103. Descoperi\u021bi <strong>vape-ul inteligent<\/strong> JNR MediaMax ast\u0103zi \u0219i redefine\u0219te-\u021bi experien\u021ba de vapat.<\/p>\n<p>&nbsp;<\/p>\n<\/div>\n<\/div>\n<\/div>\n<\/div>\n<\/div>\n<\/div>\n<p><strong>Contacta\u021bi-o pe Amy pentru a ob\u021bine un r\u0103spuns prompt \u0219i un cupon pentru vape!<\/strong><\/p>\n<p><img loading=\"lazy\" decoding=\"async\" class=\"size-full wp-image-1978\" src=\"https:\/\/rmvapesale.com\/wp-content\/uploads\/2024\/09\/Disposable-Vape-Wholesale.jpg\" alt=\"\u021aig\u0103ri electronice de unic\u0103 folosin\u021b\u0103 en-gros\" width=\"229\" height=\"300\" \/><\/p>\n<h3><a href=\"https:\/\/wa.me\/8617776015835\" target=\"_blank\" rel=\"noopener\"><span style=\"color: #ff0000\"><strong>WhatsApp: +86 17776015835<\/strong><\/span><\/a><\/h3>\n<p>&nbsp;<\/p>\n<h2><\/h2>\n<h2><strong>JNR MediaMax 40000 \u021aigarete electronice de unic\u0103 folosin\u021b\u0103 re\u00eenc\u0103rcabile inteligente <\/strong><strong>Caracteristici principale<\/strong><\/h2>\n<p>Marc\u0103: JNR Vape<br \/>\nPrimul kit de unic\u0103 folosin\u021b\u0103 din lume de 40K cu func\u021bii de telefon inteligent<br \/>\nUlei: 21ml E-lichid preumplut<br \/>\nNicotin\u0103: Concentra\u021bie de 5% (50mg) nicotin\u0103<br \/>\nBaterie: Baterie re\u00eenc\u0103rcabil\u0103 de 1000mAh<br \/>\nMod Normal\/Puls: 40000 pufuri pentru modul normal\/20000 pufuri pentru modul puls<br \/>\nEcran tactil HD de 2,4 inchi<br \/>\nFunc\u021bii apel \u0219i mesaj: Apel<br \/>\nCamer\u0103 la distan\u021b\u0103: Control camer\u0103 la distan\u021b\u0103<br \/>\nFunc\u021bie G\u0103se\u0219te-\u021bi Telefonul<br \/>\nMod Blocare<br \/>\nVapat MTL<\/p>\n<p>&nbsp;<\/p>\n<h2><strong>Arom\u0103 de top pentru \u021big\u0103rile de unic\u0103 folosin\u021b\u0103 JNR MediaMax 40000 Smart Phone<\/strong><\/h2>\n<p>1.Gheat\u0103 de zmeur\u0103 albastr\u0103 <span style=\"color: #ff0000\"><strong>&gt;&gt;&gt;&gt; Fierbinte!<\/strong><\/span><br \/>\n2.Ghea\u021b\u0103 de c\u0103p\u0219uni<br \/>\n3.Ghea\u021b\u0103 de pepene ro\u0219u<br \/>\n4.Ment\u0103 Miami<br \/>\n5.Ghea\u021b\u0103 de m\u0103r acri\u0219or<br \/>\n6.Pepene ro\u0219u cu afine <span style=\"color: #ff0000\"><strong>&gt;&gt;&gt;&gt; Fierbinte!<\/strong><\/span><br \/>\n7. Fcuking Fab<br \/>\n8.Cire\u0219e c\u0103p\u0219uni zmeur\u0103 <span style=\"color: #ff0000\"><strong>&gt;&gt;&gt;&gt; Cel mai bun!<\/strong><\/span><br \/>\n9.Pepene ro\u0219u cu mango \u0219i piersici<br \/>\n10.Banane cu c\u0103p\u0219uni<\/p>\n<figure id=\"attachment_2689\" aria-describedby=\"caption-attachment-2689\" style=\"width: 800px\" class=\"wp-caption alignnone\"><img loading=\"lazy\" decoding=\"async\" class=\"wp-image-2689 size-full\" src=\"https:\/\/rmvapesale.com\/wp-content\/uploads\/2024\/11\/JNR-Mediamax-40000-Best-Vape-2024.jpg\" alt=\"JNR Mediamax 40000 Cel Mai Bun Vape 2024\" width=\"800\" height=\"800\" srcset=\"https:\/\/rmvapesale.com\/wp-content\/uploads\/2024\/11\/JNR-Mediamax-40000-Best-Vape-2024.jpg 800w, https:\/\/rmvapesale.com\/wp-content\/uploads\/2024\/11\/JNR-Mediamax-40000-Best-Vape-2024-300x300.jpg 300w, https:\/\/rmvapesale.com\/wp-content\/uploads\/2024\/11\/JNR-Mediamax-40000-Best-Vape-2024-150x150.jpg 150w, https:\/\/rmvapesale.com\/wp-content\/uploads\/2024\/11\/JNR-Mediamax-40000-Best-Vape-2024-768x768.jpg 768w, https:\/\/rmvapesale.com\/wp-content\/uploads\/2024\/11\/JNR-Mediamax-40000-Best-Vape-2024-600x600.jpg 600w, https:\/\/rmvapesale.com\/wp-content\/uploads\/2024\/11\/JNR-Mediamax-40000-Best-Vape-2024-100x100.jpg 100w\" sizes=\"auto, (max-width: 800px) 100vw, 800px\" \/><figcaption id=\"caption-attachment-2689\" class=\"wp-caption-text\">JNR Mediamax 40000 Cel Mai Bun Vape 2024<\/figcaption><\/figure>\n<h3><strong>De ce s\u0103 alege\u021bi Rmvapesale pentru JNR MediaMax 40000 Smart<\/strong><strong>\u00a0V<\/strong><strong>V\u00e2nz\u0103ri en-gros de \u021big\u0103ri electronice<\/strong><strong>?<\/strong><\/h3>\n<div class=\"flex-shrink-0 flex flex-col relative items-end\">\n<div class=\"pt-0\">\n<div class=\"gizmo-bot-avatar flex h-8 w-8 items-center justify-center overflow-hidden rounded-full\">\n<div class=\"relative p-1 rounded-sm flex items-center justify-center bg-token-main-surface-primary text-token-text-primary h-8 w-8\">\n<p>Bun venit la Rmvapesale, magazinul dumneavoastr\u0103 de \u00eencredere pentru \u021big\u0103ri electronice de unic\u0103 folosin\u021b\u0103 premium. Cu o experien\u021b\u0103 de peste 5 ani, v\u0103 aducem branduri populare de \u021big\u0103ri electronice de unic\u0103 folosin\u021b\u0103, cum ar fi Al Fakher, Vapme Vape, <a href=\"https:\/\/rmvapesale.com\/ro\/product\/vapme-crystal-7000-puffs-rechargeable-disposable-vape-price\/\">Vapme<\/a>, <a href=\"https:\/\/rmvapesale.com\/ro\/product-category\/bang-vapes\/\">Bang Vape<\/a>, Waspe, <a href=\"https:\/\/rmvapesale.com\/ro\/product\/wga-crystal-pro-max-extra-15k-puffs-disposable-vape-wholesale\/\">WGA<\/a> Vape \u0219i<a href=\"https:\/\/rmvapesale.com\/ro\/product-category\/randm-fumot-vape\/\"> RandM Vape<\/a>.<\/p>\n<p>Gama noastr\u0103 include \u021big\u0103ri electronice foarte v\u00e2ndute, cum ar fi <a href=\"https:\/\/rmvapesale.com\/ro\/product\/fumot-digital-box-12000-disposable-vape-pink-lemonade-flavor\/\">RandM 12k<\/a> \u0219i op\u021biuni bogate \u00een arome, cum ar fi <a href=\"https:\/\/rmvapesale.com\/ro\/product\/elfbar-combo-25000-puffs-rechargeable-disposable-vape-wholesale\/\">ELFBAR Combo 25000 Puff<\/a>. Fiecare produs este ales cu accent pe calitate, valoare \u0219i varietate, asigur\u00e2ndu-v\u0103 c\u0103 g\u0103si\u021bi potrivirea perfect\u0103 pentru nevoile dumneavoastr\u0103. Descoperi\u021bi servicii excep\u021bionale \u0219i o gam\u0103 larg\u0103 de produse de top la Rmvapesale.<\/p>\n<\/div>\n<h3><\/h3>\n<div class=\"relative p-1 rounded-sm flex items-center justify-center bg-token-main-surface-primary text-token-text-primary h-8 w-8\">\n<h3><b>JNR MediaMax 40000 Ecran Digital Re\u00eenc\u0103rcabil Vaporizator de Unic\u0103 Folosin\u021b\u0103 \u00centreb\u0103ri Frecvente<\/b><\/h3>\n<p>&nbsp;<\/p>\n<\/div>\n<div class=\"flex max-w-full flex-col flex-grow\">\n<div class=\"min-h-8 text-message flex w-full flex-col items-end gap-2 whitespace-normal break-words [.text-message+&amp;]:mt-5\" dir=\"auto\" data-message-author-role=\"assistant\" data-message-id=\"97cb2f27-e2e6-4ecb-a3cc-49b64fba0d8b\" data-message-model-slug=\"gpt-4o\">\n<div class=\"flex w-full flex-col gap-1 empty:hidden first:pt-[3px]\">\n<div class=\"markdown prose w-full break-words dark:prose-invert light\">\n<ol>\n<li><strong>Cum \u0219tiu c\u00e2nd JNR MediaMax 40000 Smart Vape este gol?<\/strong><br \/>\nThe <strong>HD de 2,4 inch<\/strong> de pe JNR MediaMax 40000 Smart Vape va afi\u0219a nivelul de e-lichid, facilit\u00e2nd urm\u0103rirea momentului \u00een care este pe terminate sau gol.<\/li>\n<li><strong>C\u00e2t dureaz\u0103 \u00eenc\u0103rcarea unui JNR MediaMax 40000 Smart Vaporizator Re\u00eenc\u0103rcabil?<\/strong><br \/>\nJNR MediaMax 40000 dispune de <strong>\u00eenc\u0103rcare rapid\u0103 Type-C<\/strong> \u0219i ajunge la \u00eenc\u0103rcare complet\u0103 \u00een aproximativ <strong>o or\u0103<\/strong>.<\/li>\n<li><strong>C\u00e2t\u0103 nicotin\u0103 con\u021bine un JNR MediaMax 40000 Smart Vaporizator de Unic\u0103 Folosin\u021b\u0103?<\/strong><br \/>\nAcest dispozitiv este conceput cu o <strong>concentra\u021bie de nicotin\u0103 de 5% (50mg)<\/strong> pentru a oferi o experien\u021b\u0103 de vaping satisf\u0103c\u0103toare.<\/li>\n<li><strong>De unde pot cump\u0103ra Vaporizatoare JNR 40000 Puff la Pre\u021b de En-gros?<\/strong><br \/>\nJNR MediaMax 40000 este disponibil pentru <strong>comenzi en-gros \u0219i \u00een vrac<\/strong> prin furnizori autoriza\u021bi de vape \u0219i magazine online de vape en-gros.<\/li>\n<li><strong>Pot s\u0103 aduc un vape re\u00eenc\u0103rcabil de unic\u0103 folosin\u021b\u0103 \u00een avion?<\/strong><br \/>\nDa, po\u021bi aduce un vape re\u00eenc\u0103rcabil de unic\u0103 folosin\u021b\u0103 precum JNR MediaMax 40000 \u00een bagajul de m\u00e2n\u0103, dar este important s\u0103 verifici reglement\u0103rile locale \u0219i ale companiei aeriene pentru orice restric\u021bii specifice. Asigur\u0103-te c\u0103 \u00eel \u021bii oprit \u00een timpul zborului.<\/li>\n<li><strong>C\u00e2te pufuri ofer\u0103 JNR MediaMax 40000 Smart Vape?<\/strong><br \/>\nJNR MediaMax ofer\u0103 <strong>p\u00e2n\u0103 la 40.000 de pufuri<\/strong> \u00een modul Normal \u0219i <strong>20.000 de pufuri \u00een modul Pulse<\/strong> pentru o experien\u021b\u0103 versatil\u0103 \u0219i de lung\u0103 durat\u0103.<\/li>\n<li><strong>C\u00e2t dureaz\u0103 \u00eenc\u0103rcarea complet\u0103 a vape-ului JNR MediaMax 40000?<\/strong><br \/>\nThe <strong>baterie re\u00eenc\u0103rcabil\u0103 de 1000mAh<\/strong> atinge o \u00eenc\u0103rcare complet\u0103 \u00een aproximativ <strong>o or\u0103<\/strong> cu tehnologia sa eficient\u0103 de \u00eenc\u0103rcare de tip C.<\/li>\n<\/ol>\n<\/div>\n<\/div>\n<\/div>\n<\/div>\n<div class=\"mb-2 flex gap-3 empty:hidden -ml-2\"><\/div>\n<p>&nbsp;<\/p>\n<\/div>\n<\/div>\n<\/div>\n<h3>Despre livrare<\/h3>\n<div class=\"flex-shrink-0 flex flex-col relative items-end\">\n<div>\n<div class=\"pt-0\">\n<div class=\"gizmo-bot-avatar flex h-8 w-8 items-center justify-center overflow-hidden rounded-full\">\n<div><\/div>\n<div class=\"relative p-1 rounded-sm flex items-center justify-center bg-token-main-surface-primary text-token-text-primary h-8 w-8\"><strong>1. Ce metode de expediere sunt folosite?<\/strong><\/div>\n<\/div>\n<\/div>\n<\/div>\n<\/div>\n<div class=\"group\/conversation-turn relative flex w-full min-w-0 flex-col agent-turn\">\n<div class=\"flex-col gap-1 md:gap-3\">\n<div class=\"flex max-w-full flex-col flex-grow\">\n<div class=\"min-h-[20px] text-message flex w-full flex-col items-end gap-2 whitespace-normal break-words [.text-message+&amp;]:mt-5 overflow-x-auto\" dir=\"auto\" data-message-author-role=\"assistant\" data-message-id=\"22f8283b-3233-46ff-89a5-c7a41b33abda\">\n<div class=\"flex w-full flex-col gap-1 empty:hidden first:pt-[3px]\">\n<div class=\"markdown prose w-full break-words dark:prose-invert light\">\n<p>Colabor\u0103m cu UPS, DHL, FedEx, DPD \u0219i al\u021bi transportatori de top. Vom selecta cea mai bun\u0103 metod\u0103 de expediere \u00een func\u021bie de loca\u021bia dvs. de livrare pentru a ne asigura c\u0103 ve\u021bi primi produsele c\u00e2t mai repede posibil.<\/p>\n<\/div>\n<p><strong>2. C\u00e2t dureaz\u0103 livrarea?<\/strong><\/p>\n<p>Pachetele expediate \u00een Rom\u00e2nia ajung de obicei \u00een 10 zile lucr\u0103toare. Livrarea \u00een \u021b\u0103rile europene dureaz\u0103, \u00een general, aproximativ 12-15 zile lucr\u0103toare. V\u0103 vom oferi actualiz\u0103ri \u00een timp real cu privire la starea expedierii dumneavoastr\u0103.<\/p>\n<\/div>\n<\/div>\n<\/div>\n<\/div>\n<\/div>\n<p>&nbsp;<\/p>\n<p>G\u0103si\u021bi mai multe produse de vapat care v-ar putea pl\u0103cea:<strong><em><a href=\"https:\/\/rmvapesale.com\/ro\/shop-2\/\">cump\u0103r\u0103 acum &gt;&gt;&gt;<\/a><\/em><\/strong><\/p>","protected":false},"excerpt":{"rendered":"<p>JNR Mediamax 40000 Cel Mai Bun Vape De Unic\u0103 Folosin\u021b\u0103 2024<br \/>\nJNR 40000 Vape De Unic\u0103 Folosin\u021b\u0103 Re\u00eenc\u0103rcabil Pre\u021b En-Gros<br \/>\nEn-Gros JNR Mediamax 40000 Pufuri Smart Vape Apel Telefonic<\/p>\n<p><img loading=\"lazy\" decoding=\"async\" class=\"size-full wp-image-2375\" src=\"https:\/\/rmvapesale.com\/wp-content\/uploads\/2024\/10\/image.png\" alt=\"Cea mai bun\u0103 \u021bigar\u0103 electronic\u0103 de unic\u0103 folosin\u021b\u0103\" width=\"229\" height=\"300\" \/><\/p>\n<h3><a href=\"https:\/\/wa.me\/8617776015835\"><span style=\"color: #ff0000\"><strong>WhatsApp: +86 17776015835<\/strong><\/span><\/a><\/h3>\n<p>&nbsp;<\/p>","protected":false},"featured_media":2690,"comment_status":"open","ping_status":"closed","template":"","meta":{"_uag_custom_page_level_css":"","_lmt_disableupdate":"no","_lmt_disable":"","site-sidebar-layout":"default","site-content-layout":"content-boxed-container","ast-site-content-layout":"normal-width-container","site-content-style":"boxed","site-sidebar-style":"unboxed","ast-global-header-display":"","ast-banner-title-visibility":"","ast-main-header-display":"","ast-hfb-above-header-display":"","ast-hfb-below-header-display":"","ast-hfb-mobile-header-display":"","site-post-title":"","ast-breadcrumbs-content":"","ast-featured-img":"","footer-sml-layout":"","theme-transparent-header-meta":"default","adv-header-id-meta":"","stick-header-meta":"","header-above-stick-meta":"","header-main-stick-meta":"","header-below-stick-meta":"","astra-migrate-meta-layouts":"set","ast-page-background-enabled":"default","ast-page-background-meta":{"desktop":{"background-color":"var(--ast-global-color-4)","background-image":"","background-repeat":"repeat","background-position":"center center","background-size":"auto","background-attachment":"scroll","background-type":"","background-media":"","overlay-type":"","overlay-color":"","overlay-opacity":"","overlay-gradient":""},"tablet":{"background-color":"","background-image":"","background-repeat":"repeat","background-position":"center center","background-size":"auto","background-attachment":"scroll","background-type":"","background-media":"","overlay-type":"","overlay-color":"","overlay-opacity":"","overlay-gradient":""},"mobile":{"background-color":"","background-image":"","background-repeat":"repeat","background-position":"center center","background-size":"auto","background-attachment":"scroll","background-type":"","background-media":"","overlay-type":"","overlay-color":"","overlay-opacity":"","overlay-gradient":""}},"ast-content-background-meta":{"desktop":{"background-color":"var(--ast-global-color-5)","background-image":"","background-repeat":"repeat","background-position":"center center","background-size":"auto","background-attachment":"scroll","background-type":"","background-media":"","overlay-type":"","overlay-color":"","overlay-opacity":"","overlay-gradient":""},"tablet":{"background-color":"var(--ast-global-color-5)","background-image":"","background-repeat":"repeat","background-position":"center center","background-size":"auto","background-attachment":"scroll","background-type":"","background-media":"","overlay-type":"","overlay-color":"","overlay-opacity":"","overlay-gradient":""},"mobile":{"background-color":"var(--ast-global-color-5)","background-image":"","background-repeat":"repeat","background-position":"center center","background-size":"auto","background-attachment":"scroll","background-type":"","background-media":"","overlay-type":"","overlay-color":"","overlay-opacity":"","overlay-gradient":""}},"_joinchat":[]},"product_brand":[],"product_cat":[15,25,123,26,28,135,27,137,136,30],"product_tag":[146,188,167,205,207,206,120],"class_list":{"0":"post-2695","1":"product","2":"type-product","3":"status-publish","4":"has-post-thumbnail","6":"product_cat-new-vape-this-week","7":"product_cat-germany-best-selling-vape","8":"product_cat-italy-wholesale-vape","9":"product_cat-netherlands-hot-sale-vape","10":"product_cat-poland-hot-sale-vape","11":"product_cat-spain-best-hot-sale-vape","12":"product_cat-fance-hot-sale-vape","13":"product_cat-rechargeable-vapes","14":"product_cat-smart-screen-vapes","15":"product_cat-minimum-order-quantity-50pcs","16":"product_tag-best-hot-sale-vape","17":"product_tag-buy-vapes-online","18":"product_tag-disposable-vape-with-screen","19":"product_tag-jnr-vape","20":"product_tag-puff-vape","21":"product_tag-smart-phone-vape","22":"product_tag-vape-wholesale","23":"desktop-align-left","24":"tablet-align-left","25":"mobile-align-left","27":"first","28":"instock","29":"sale","30":"shipping-taxable","31":"purchasable","32":"product-type-simple"},"uagb_featured_image_src":{"full":["https:\/\/rmvapesale.com\/wp-content\/uploads\/2024\/11\/JNR-MediaMax-40000-Disposable-Vape-Wholesale.jpg",800,800,false],"thumbnail":["https:\/\/rmvapesale.com\/wp-content\/uploads\/2024\/11\/JNR-MediaMax-40000-Disposable-Vape-Wholesale-150x150.jpg",150,150,true],"medium":["https:\/\/rmvapesale.com\/wp-content\/uploads\/2024\/11\/JNR-MediaMax-40000-Disposable-Vape-Wholesale-300x300.jpg",300,300,true],"medium_large":["https:\/\/rmvapesale.com\/wp-content\/uploads\/2024\/11\/JNR-MediaMax-40000-Disposable-Vape-Wholesale-768x768.jpg",768,768,true],"large":["https:\/\/rmvapesale.com\/wp-content\/uploads\/2024\/11\/JNR-MediaMax-40000-Disposable-Vape-Wholesale.jpg",800,800,false],"1536x1536":["https:\/\/rmvapesale.com\/wp-content\/uploads\/2024\/11\/JNR-MediaMax-40000-Disposable-Vape-Wholesale.jpg",800,800,false],"2048x2048":["https:\/\/rmvapesale.com\/wp-content\/uploads\/2024\/11\/JNR-MediaMax-40000-Disposable-Vape-Wholesale.jpg",800,800,false],"trp-custom-language-flag":["https:\/\/rmvapesale.com\/wp-content\/uploads\/2024\/11\/JNR-MediaMax-40000-Disposable-Vape-Wholesale.jpg",12,12,false],"woocommerce_thumbnail":["https:\/\/rmvapesale.com\/wp-content\/uploads\/2024\/11\/JNR-MediaMax-40000-Disposable-Vape-Wholesale-300x300.jpg",300,300,true],"woocommerce_single":["https:\/\/rmvapesale.com\/wp-content\/uploads\/2024\/11\/JNR-MediaMax-40000-Disposable-Vape-Wholesale-600x600.jpg",600,600,true],"woocommerce_gallery_thumbnail":["https:\/\/rmvapesale.com\/wp-content\/uploads\/2024\/11\/JNR-MediaMax-40000-Disposable-Vape-Wholesale-100x100.jpg",100,100,true],"wcpr-photo-reviews":["https:\/\/rmvapesale.com\/wp-content\/uploads\/2024\/11\/JNR-MediaMax-40000-Disposable-Vape-Wholesale.jpg",500,500,false]},"uagb_author_info":{"display_name":"AMY","author_link":"https:\/\/rmvapesale.com\/ro\/author\/"},"uagb_comment_info":0,"uagb_excerpt":"JNR Mediamax 40000 Best Disposable Vape 2024 JNR 40000 Rechargeable Disposable Vape Wholesale Price Wholesale JNR Mediamax 40000 Puffs Phone Call Smart Vape WhatsApp: +86 17776015835 &nbsp;","_links":{"self":[{"href":"https:\/\/rmvapesale.com\/ro\/wp-json\/wp\/v2\/product\/2695","targetHints":{"allow":["GET"]}}],"collection":[{"href":"https:\/\/rmvapesale.com\/ro\/wp-json\/wp\/v2\/product"}],"about":[{"href":"https:\/\/rmvapesale.com\/ro\/wp-json\/wp\/v2\/types\/product"}],"replies":[{"embeddable":true,"href":"https:\/\/rmvapesale.com\/ro\/wp-json\/wp\/v2\/comments?post=2695"}],"wp:featuredmedia":[{"embeddable":true,"href":"https:\/\/rmvapesale.com\/ro\/wp-json\/wp\/v2\/media\/2690"}],"wp:attachment":[{"href":"https:\/\/rmvapesale.com\/ro\/wp-json\/wp\/v2\/media?parent=2695"}],"wp:term":[{"taxonomy":"product_brand","embeddable":true,"href":"https:\/\/rmvapesale.com\/ro\/wp-json\/wp\/v2\/product_brand?post=2695"},{"taxonomy":"product_cat","embeddable":true,"href":"https:\/\/rmvapesale.com\/ro\/wp-json\/wp\/v2\/product_cat?post=2695"},{"taxonomy":"product_tag","embeddable":true,"href":"https:\/\/rmvapesale.com\/ro\/wp-json\/wp\/v2\/product_tag?post=2695"}],"curies":[{"name":"wp","href":"https:\/\/api.w.org\/{rel}","templated":true}]}}