{"id":2702,"date":"2024-11-08T07:20:19","date_gmt":"2024-11-08T07:20:19","guid":{"rendered":"https:\/\/rmvapesale.com\/?post_type=product&#038;p=2702"},"modified":"2024-11-08T07:51:08","modified_gmt":"2024-11-08T07:51:08","slug":"bang-king-shisha-25000-crown-bar-rechargeable-disposable-vape","status":"publish","type":"product","link":"https:\/\/rmvapesale.com\/ro\/product\/bang-king-shisha-25000-crown-bar-rechargeable-disposable-vape\/","title":{"rendered":"Bang King Narghilea 25000 Crown Bar Tigara electronica de unica folosinta reincarcabila"},"content":{"rendered":"<div class=\"B2VR9 CJHX3e\">\n<div class=\"wyccme\">\n<h1 class=\"LC20lb MBeuO DKV0Md\">Bang King Narghilea 25000 Crown Bar Tigara electronica de unica folosinta reincarcabila<\/h1>\n<div class=\"flex-shrink-0 flex flex-col relative items-end\">\n<div class=\"pt-0\">\n<div class=\"gizmo-bot-avatar flex h-8 w-8 items-center justify-center overflow-hidden rounded-full\">\n<div class=\"relative p-1 rounded-sm flex items-center justify-center bg-token-main-surface-primary text-token-text-primary h-8 w-8\">\n<p>Preg\u0103te\u0219te-te s\u0103-\u021bi \u00eembun\u0103t\u0103\u021be\u0219ti experien\u021ba de vapat cu <strong>Bang King Shisha 25000 Crown Bar<\/strong>\u2014vape-ul re\u00eenc\u0103rcabil de unic\u0103 folosin\u021b\u0103 suprem de la <strong>m\u0103rcile populare de vape de unic\u0103 folosin\u021b\u0103 <\/strong><strong>Bang Vape<\/strong>. Acest dispozitiv nu este doar pentru vapat; este pentru a duce fiecare puf la nivelul urm\u0103tor. Cu p\u00e2n\u0103 la <strong>25.000 de pufuri<\/strong>, po\u021bi uita de \u00eenlocuirile constante \u0219i te po\u021bi bucura de ore \u00eentregi de nori fini \u0219i satisf\u0103c\u0103tori care dureaz\u0103.<\/p>\n<h3><\/h3>\n<ul>\n<li><strong>Num\u0103r Mare de Pufuri<\/strong>: Mergi p\u00e2n\u0103 la cap\u0103t cu <strong>p\u00e2n\u0103 la 25.000 de pufuri<\/strong>! Asta este mai mult dec\u00e2t suficient pentru o pl\u0103cere de lung\u0103 durat\u0103.<\/li>\n<li><strong>Capacitate Generoas\u0103 de E-Juice<\/strong>: \u00cempachetat cu <strong>30 ml de e-juice<\/strong>, astfel \u00eenc\u00e2t s\u0103 po\u021bi vapa continuu, f\u0103r\u0103 \u00eentrerupere.<\/li>\n<li><strong>Baterie Re\u00eenc\u0103rcabil\u0103<\/strong>: Echipat cu un puternic <strong>baterie de 650mAh<\/strong> \u0219i <strong>\u00cenc\u0103rcare de tip C<\/strong> pentru re\u00eenc\u0103rc\u0103ri rapide \u0219i f\u0103r\u0103 probleme.<\/li>\n<li><strong>Compact<\/strong>: Perfect de elegant, modelul <strong>Bang King Shisha Bar<\/strong> \u00eencape cu u\u0219urin\u021b\u0103 \u00een m\u00e2n\u0103 sau \u00een buzunar. Ia-l oriunde vrei, de la club p\u00e2n\u0103 la canapea!<\/li>\n<li><strong>Extravaganz\u0103 de arome<\/strong>: Cu <strong>12 arome senza\u021bionale<\/strong> cum ar fi Vimto Bull E Shisha Lemon Mint \u0219i Ghiaccio Di Anguria, sigur vei g\u0103si o potrivire pentru orice stare.<\/li>\n<li><strong>Ecran inteligent cu afi\u0219aj LED:<\/strong> Cu un ecran de afi\u0219aj digital pentru nivelul bateriei \u0219i al uleiului, pentru o utilizare u\u0219oar\u0103.<\/li>\n<\/ul>\n<p>Indiferent dac\u0103 sunte\u021bi \u00een c\u0103utarea <strong>Cump\u0103rare \u00een vrac<\/strong> op\u021biuni, ave\u021bi nevoie de un <strong>Vape Pen de unic\u0103 folosin\u021b\u0103<\/strong>de \u00eencredere sau pur \u0219i simplu dori\u021bi un <strong>vape de unic\u0103 folosin\u021b\u0103 cu nicotin\u0103 redus\u0103<\/strong>, the <strong>Bang King Shisha 25000<\/strong> este pentru tine. Perfect pentru fanii <strong>vape re\u00eenc\u0103rcabile<\/strong>, <strong>v\u00e2nz\u0103ri vape en-gros<\/strong>. Ob\u021bine\u021bi-l acum \u0219i bucura\u021bi-v\u0103 de o experien\u021b\u0103 extraordinar\u0103 de vapat!<\/p>\n<p>Dac\u0103 sunte\u021bi gata pentru un produs de \u00eenalt\u0103 calitate<strong> bar de narghilea<\/strong> experien\u021b\u0103 care ofer\u0103 arom\u0103, portabilitate \u0219i putere, <strong>Bang King 25000 Crown Bar<\/strong> a\u0219teapt\u0103.<\/p>\n<p>&nbsp;<\/p>\n<\/div>\n<\/div>\n<\/div>\n<\/div>\n<\/div>\n<\/div>\n<p><strong>Contacta\u021bi-o pe Amy pentru a ob\u021bine un r\u0103spuns prompt \u0219i un cupon pentru vape!<\/strong><\/p>\n<p><img loading=\"lazy\" decoding=\"async\" class=\"size-full wp-image-1978\" src=\"https:\/\/rmvapesale.com\/wp-content\/uploads\/2024\/09\/Disposable-Vape-Wholesale.jpg\" alt=\"\u021aig\u0103ri electronice de unic\u0103 folosin\u021b\u0103 en-gros\" width=\"229\" height=\"300\" \/><\/p>\n<h3><a href=\"https:\/\/wa.me\/8617776015835\" target=\"_blank\" rel=\"noopener\"><span style=\"color: #ff0000\"><strong>WhatsApp: +86 17776015835<\/strong><\/span><\/a><\/h3>\n<p>&nbsp;<\/p>\n<h2><\/h2>\n<h2><strong>Bang King Shisha 25000 Crown Bar Vape-uri Re\u00eenc\u0103rcabile de Unic\u0103 Folosin\u021b\u0103 <\/strong><strong>Caracteristici principale<\/strong><\/h2>\n<p>Brand: Bang Vape<br \/>\nPufuri: 25000 pufuri<br \/>\nUlei: 30 ml E-lichid pre-umplut<br \/>\nNicotin\u0103: 0% 2% 5% Concentra\u021bie de Nicotin\u0103<br \/>\nBaterie: Baterie Re\u00eenc\u0103rcabil\u0103 de 650mAh<\/p>\n<p>&nbsp;<\/p>\n<h2><strong>Arome de top pentru Bang King Shisha 25000 Crown Bar Vape-uri de Unic\u0103 Folosin\u021b\u0103<\/strong><\/h2>\n<p>1.Blue Raspberry Lemonad <span style=\"color: #ff0000\"><strong>&gt;&gt;&gt;&gt; Fierbinte!<\/strong><\/span><br \/>\n2.Blueberry Sour Raspberry <span style=\"color: #ff0000\"><strong>&gt;&gt;&gt;&gt; Cel mai bun!<\/strong><\/span><br \/>\n3.Bad Blood<br \/>\n4.CUSH MAN<br \/>\n5.Double apple<br \/>\n6.Watermelon lce<br \/>\n7.Vimto Bull <span style=\"color: #ff0000\"><strong>&gt;&gt;&gt;&gt; Fierbinte!<\/strong><\/span><br \/>\n8. Blueberry Grape (Afine \u0219i Struguri)<br \/>\n9.Lemon Cherry<br \/>\n10.Watermelon Honeydew Passion Fruit<br \/>\n11.Shisha Lemon Mint<br \/>\n12.Peachice<\/p>\n<figure id=\"attachment_2696\" aria-describedby=\"caption-attachment-2696\" style=\"width: 800px\" class=\"wp-caption alignnone\"><img loading=\"lazy\" decoding=\"async\" class=\"wp-image-2696 size-full\" src=\"https:\/\/rmvapesale.com\/wp-content\/uploads\/2024\/11\/Bang-King-25000-EShisha-Disposable-Vape.png\" alt=\"Bang King 25000 EShisha Vape de Unic\u0103 Folosin\u021b\u0103\" width=\"800\" height=\"800\" srcset=\"https:\/\/rmvapesale.com\/wp-content\/uploads\/2024\/11\/Bang-King-25000-EShisha-Disposable-Vape.png 800w, https:\/\/rmvapesale.com\/wp-content\/uploads\/2024\/11\/Bang-King-25000-EShisha-Disposable-Vape-300x300.png 300w, https:\/\/rmvapesale.com\/wp-content\/uploads\/2024\/11\/Bang-King-25000-EShisha-Disposable-Vape-150x150.png 150w, https:\/\/rmvapesale.com\/wp-content\/uploads\/2024\/11\/Bang-King-25000-EShisha-Disposable-Vape-768x768.png 768w, https:\/\/rmvapesale.com\/wp-content\/uploads\/2024\/11\/Bang-King-25000-EShisha-Disposable-Vape-600x600.png 600w, https:\/\/rmvapesale.com\/wp-content\/uploads\/2024\/11\/Bang-King-25000-EShisha-Disposable-Vape-100x100.png 100w\" sizes=\"auto, (max-width: 800px) 100vw, 800px\" \/><figcaption id=\"caption-attachment-2696\" class=\"wp-caption-text\">Bang King 25000 EShisha Vape de Unic\u0103 Folosin\u021b\u0103<\/figcaption><\/figure>\n<h3><\/h3>\n<h3><strong>De ce s\u0103 alege\u021bi Rmvapesale pentru Bang Shisha 25000 <\/strong><strong>V<\/strong><strong>V\u00e2nz\u0103ri en-gros de \u021big\u0103ri electronice<\/strong><strong>?<\/strong><\/h3>\n<div class=\"flex-shrink-0 flex flex-col relative items-end\">\n<div class=\"pt-0\">\n<div class=\"gizmo-bot-avatar flex h-8 w-8 items-center justify-center overflow-hidden rounded-full\">\n<div class=\"relative p-1 rounded-sm flex items-center justify-center bg-token-main-surface-primary text-token-text-primary h-8 w-8\">\n<p>Bun venit la Rmvapesale, magazinul dumneavoastr\u0103 de \u00eencredere pentru \u021big\u0103ri electronice de unic\u0103 folosin\u021b\u0103 premium. Cu o experien\u021b\u0103 de peste 5 ani, v\u0103 aducem branduri populare de \u021big\u0103ri electronice de unic\u0103 folosin\u021b\u0103, cum ar fi Al Fakher, Vapme Vape, <a href=\"https:\/\/rmvapesale.com\/ro\/product\/vapme-crystal-7000-puffs-rechargeable-disposable-vape-price\/\">Vapme<\/a>, <a href=\"https:\/\/rmvapesale.com\/ro\/product-category\/bang-vapes\/\">Bang Vape<\/a>, Waspe, <a href=\"https:\/\/rmvapesale.com\/ro\/product\/wga-crystal-pro-max-extra-15k-puffs-disposable-vape-wholesale\/\">WGA<\/a> Vape \u0219i<a href=\"https:\/\/rmvapesale.com\/ro\/product-category\/randm-fumot-vape\/\"> RandM Vape<\/a>.<\/p>\n<p>Gama noastr\u0103 include \u021big\u0103ri electronice foarte v\u00e2ndute, cum ar fi <a href=\"https:\/\/rmvapesale.com\/ro\/product\/fumot-digital-box-12000-disposable-vape-pink-lemonade-flavor\/\">RandM 12k<\/a> \u0219i op\u021biuni bogate \u00een arome, cum ar fi <a href=\"https:\/\/rmvapesale.com\/ro\/product\/elfbar-combo-25000-puffs-rechargeable-disposable-vape-wholesale\/\">ELFBAR Combo 25000 Puff<\/a>. Fiecare produs este ales cu accent pe calitate, valoare \u0219i varietate, asigur\u00e2ndu-v\u0103 c\u0103 g\u0103si\u021bi potrivirea perfect\u0103 pentru nevoile dumneavoastr\u0103. Descoperi\u021bi servicii excep\u021bionale \u0219i o gam\u0103 larg\u0103 de produse de top la Rmvapesale.<\/p>\n<\/div>\n<h3><\/h3>\n<div class=\"relative p-1 rounded-sm flex items-center justify-center bg-token-main-surface-primary text-token-text-primary h-8 w-8\">\n<h3><b>Bang King Shisha 25000 Crown Bar cu Ecran, Re\u00eenc\u0103rcabil, de Unic\u0103 Folosin\u021b\u0103 \u2013 \u00centreb\u0103ri Frecvente<\/b><\/h3>\n<p><strong>\u00ce: Care sunt aromele populare pentru stiloul vape de unic\u0103 folosin\u021b\u0103 Bang King Shisha 25000?<\/strong><br \/>\nR: The <strong>Bang King Shisha 25000<\/strong> ofer\u0103 o varietate de arome populare, inclusiv <strong>Vimto Bull E Shisha, L\u0103m\u00e2ie Ment\u0103 \u0219i Ghiaccio Di Anguria<\/strong>. Aceste arome satisfac o gam\u0103 larg\u0103 de preferin\u021be, oferind o experien\u021b\u0103 de vaping bogat\u0103 \u0219i satisf\u0103c\u0103toare.<\/p>\n<p><strong>\u00ce: Cum \u0219tiu c\u00e2nd Bang Shisha 25000 Smart Vape este gol?<\/strong><br \/>\nR: Ve\u021bi \u0219ti c\u0103 este timpul s\u0103 re\u00eenc\u0103rca\u021bi sau s\u0103 \u00eenlocui\u021bi vape-ul c\u00e2nd <strong>produc\u021bia de vapori scade semnificativ<\/strong>, iar <strong>aroma poate avea un gust mai slab sau ars<\/strong>. Unele vape-uri pot avea, de asemenea, un indicator LED pentru a v\u0103 alerta.<\/p>\n<p><strong>\u00ce: C\u00e2t timp dureaz\u0103 \u00eenc\u0103rcarea unui Bang 25000 Vape Re\u00eenc\u0103rcabil?<\/strong><br \/>\nR: The <strong>Bang 25000<\/strong> vape re\u00eenc\u0103rcabil are un <strong>baterie de 650mAh<\/strong> \u0219i suport\u0103 <strong>\u00cenc\u0103rcare de tip C<\/strong>, de obicei dureaz\u0103 aproximativ <strong>1\u20132 ore pentru o \u00eenc\u0103rcare complet\u0103<\/strong>.<\/p>\n<p><strong>\u00ce: De unde pot cump\u0103ra Bang Shisha 25000 Puff Vapes la pre\u021buri de v\u00e2nzare cu ridicata?<\/strong><br \/>\nR: Pute\u021bi achizi\u021biona <strong>Bang Shisha 25000<\/strong> la pre\u021buri de v\u00e2nzare cu ridicata de la <strong>furnizori angro de vape-uri<\/strong>online. C\u0103uta\u021bi <strong>magazine de vape-uri<\/strong> care ofer\u0103 achizi\u021bii \u00een vrac de <strong>Vape-uri de unic\u0103 folosin\u021b\u0103 Bang<\/strong> pentru cele mai bune op\u021biuni de pre\u021b.<\/p>\n<p><strong>Pot s\u0103 aduc un vape re\u00eenc\u0103rcabil de unic\u0103 folosin\u021b\u0103 \u00een avion?<\/strong><br \/>\nR: Da, pute\u021bi aduce vape-uri re\u00eenc\u0103rcabile de unic\u0103 folosin\u021b\u0103 \u00eentr-un avion, dar ar trebui s\u0103 fie <strong>transportate \u00een bagajul de m\u00e2n\u0103<\/strong>, deoarece politicile companiilor aeriene impun de obicei ca vape-urile s\u0103 fie \u00een bagajele de m\u00e2n\u0103 din cauza reglement\u0103rilor privind bateriile.<\/p>\n<p><strong>\u00ce: C\u00e2te pufuri ofer\u0103 Bang Shisha 25000 Vape?<\/strong><br \/>\nR: The <strong>Bang Shisha 25000<\/strong> ofer\u0103 <strong>p\u00e2n\u0103 la 25.000 de pufuri<\/strong>, asigur\u00e2nd o experien\u021b\u0103 de vaping extins\u0103 \u0219i convenabil\u0103.<\/p>\n<p><strong>\u00ce: C\u00e2t timp dureaz\u0103 \u00eenc\u0103rcarea complet\u0103 a vape-ului Bang 25000?<\/strong><br \/>\nA: O \u00eenc\u0103rcare complet\u0103 a <strong>Vape-ului Bang 25000<\/strong> dureaz\u0103 aproximativ <strong>1\u20132 ore<\/strong> datorit\u0103 <strong>capacit\u0103\u021bii sale de \u00eenc\u0103rcare rapid\u0103 de tip C<\/strong> cu un <strong>baterie de 650mAh<\/strong>.<\/p>\n<\/div>\n<div class=\"mb-2 flex gap-3 empty:hidden -ml-2\"><\/div>\n<p>&nbsp;<\/p>\n<\/div>\n<\/div>\n<\/div>\n<h3>Despre livrare<\/h3>\n<div class=\"flex-shrink-0 flex flex-col relative items-end\">\n<div>\n<div class=\"pt-0\">\n<div class=\"gizmo-bot-avatar flex h-8 w-8 items-center justify-center overflow-hidden rounded-full\">\n<div><\/div>\n<div class=\"relative p-1 rounded-sm flex items-center justify-center bg-token-main-surface-primary text-token-text-primary h-8 w-8\"><strong>1. Ce metode de expediere sunt folosite?<\/strong><\/div>\n<\/div>\n<\/div>\n<\/div>\n<\/div>\n<div class=\"group\/conversation-turn relative flex w-full min-w-0 flex-col agent-turn\">\n<div class=\"flex-col gap-1 md:gap-3\">\n<div class=\"flex max-w-full flex-col flex-grow\">\n<div class=\"min-h-[20px] text-message flex w-full flex-col items-end gap-2 whitespace-normal break-words [.text-message+&amp;]:mt-5 overflow-x-auto\" dir=\"auto\" data-message-author-role=\"assistant\" data-message-id=\"22f8283b-3233-46ff-89a5-c7a41b33abda\">\n<div class=\"flex w-full flex-col gap-1 empty:hidden first:pt-[3px]\">\n<div class=\"markdown prose w-full break-words dark:prose-invert light\">\n<p>Colabor\u0103m cu UPS, DHL, FedEx, DPD \u0219i al\u021bi transportatori de top. Vom selecta cea mai bun\u0103 metod\u0103 de expediere \u00een func\u021bie de loca\u021bia dvs. de livrare pentru a ne asigura c\u0103 ve\u021bi primi produsele c\u00e2t mai repede posibil.<\/p>\n<\/div>\n<p><strong>2. C\u00e2t dureaz\u0103 livrarea?<\/strong><\/p>\n<p>Pachetele expediate \u00een Rom\u00e2nia ajung de obicei \u00een 10 zile lucr\u0103toare. Livrarea \u00een \u021b\u0103rile europene dureaz\u0103, \u00een general, aproximativ 12-15 zile lucr\u0103toare. V\u0103 vom oferi actualiz\u0103ri \u00een timp real cu privire la starea expedierii dumneavoastr\u0103.<\/p>\n<\/div>\n<\/div>\n<\/div>\n<\/div>\n<\/div>\n<p>&nbsp;<\/p>\n<p>G\u0103si\u021bi mai multe produse de vapat care v-ar putea pl\u0103cea:<strong><em><a href=\"https:\/\/rmvapesale.com\/ro\/shop-2\/\">cump\u0103r\u0103 acum &gt;&gt;&gt;<\/a><\/em><\/strong><\/p>","protected":false},"excerpt":{"rendered":"<p>Bang King 25000 Puffs 0% 2% 5% Vape de Unic\u0103 Folosin\u021b\u0103 cu Nivel Sc\u0103zut de Nicotin\u0103<br \/>\nBang King 25000 Vape de Unic\u0103 Folosin\u021b\u0103 Pre\u021b Furnizor En-Gros<br \/>\nBang King Shisha 25000 Vape de Unic\u0103 Folosin\u021b\u0103 cu Ecran de Afi\u0219are Big Clouds<\/p>\n<p><img loading=\"lazy\" decoding=\"async\" class=\"size-full wp-image-2375\" src=\"https:\/\/rmvapesale.com\/wp-content\/uploads\/2024\/10\/image.png\" alt=\"Cea mai bun\u0103 \u021bigar\u0103 electronic\u0103 de unic\u0103 folosin\u021b\u0103\" width=\"229\" height=\"300\" \/><\/p>\n<h3><a href=\"https:\/\/wa.me\/8617776015835\"><span style=\"color: #ff0000\"><strong>WhatsApp: +86 17776015835<\/strong><\/span><\/a><\/h3>\n<p>&nbsp;<\/p>","protected":false},"featured_media":2698,"comment_status":"open","ping_status":"closed","template":"","meta":{"_uag_custom_page_level_css":"","_lmt_disableupdate":"no","_lmt_disable":"","site-sidebar-layout":"default","site-content-layout":"content-boxed-container","ast-site-content-layout":"normal-width-container","site-content-style":"boxed","site-sidebar-style":"unboxed","ast-global-header-display":"","ast-banner-title-visibility":"","ast-main-header-display":"","ast-hfb-above-header-display":"","ast-hfb-below-header-display":"","ast-hfb-mobile-header-display":"","site-post-title":"","ast-breadcrumbs-content":"","ast-featured-img":"","footer-sml-layout":"","theme-transparent-header-meta":"default","adv-header-id-meta":"","stick-header-meta":"","header-above-stick-meta":"","header-main-stick-meta":"","header-below-stick-meta":"","astra-migrate-meta-layouts":"set","ast-page-background-enabled":"default","ast-page-background-meta":{"desktop":{"background-color":"var(--ast-global-color-4)","background-image":"","background-repeat":"repeat","background-position":"center center","background-size":"auto","background-attachment":"scroll","background-type":"","background-media":"","overlay-type":"","overlay-color":"","overlay-opacity":"","overlay-gradient":""},"tablet":{"background-color":"","background-image":"","background-repeat":"repeat","background-position":"center center","background-size":"auto","background-attachment":"scroll","background-type":"","background-media":"","overlay-type":"","overlay-color":"","overlay-opacity":"","overlay-gradient":""},"mobile":{"background-color":"","background-image":"","background-repeat":"repeat","background-position":"center center","background-size":"auto","background-attachment":"scroll","background-type":"","background-media":"","overlay-type":"","overlay-color":"","overlay-opacity":"","overlay-gradient":""}},"ast-content-background-meta":{"desktop":{"background-color":"var(--ast-global-color-5)","background-image":"","background-repeat":"repeat","background-position":"center center","background-size":"auto","background-attachment":"scroll","background-type":"","background-media":"","overlay-type":"","overlay-color":"","overlay-opacity":"","overlay-gradient":""},"tablet":{"background-color":"var(--ast-global-color-5)","background-image":"","background-repeat":"repeat","background-position":"center center","background-size":"auto","background-attachment":"scroll","background-type":"","background-media":"","overlay-type":"","overlay-color":"","overlay-opacity":"","overlay-gradient":""},"mobile":{"background-color":"var(--ast-global-color-5)","background-image":"","background-repeat":"repeat","background-position":"center center","background-size":"auto","background-attachment":"scroll","background-type":"","background-media":"","overlay-type":"","overlay-color":"","overlay-opacity":"","overlay-gradient":""}},"_joinchat":[]},"product_brand":[],"product_cat":[15,25,123,26,28,135,27,137,136,30],"product_tag":[169,188,208,167,207,206,120],"class_list":{"0":"post-2702","1":"product","2":"type-product","3":"status-publish","4":"has-post-thumbnail","6":"product_cat-new-vape-this-week","7":"product_cat-germany-best-selling-vape","8":"product_cat-italy-wholesale-vape","9":"product_cat-netherlands-hot-sale-vape","10":"product_cat-poland-hot-sale-vape","11":"product_cat-spain-best-hot-sale-vape","12":"product_cat-fance-hot-sale-vape","13":"product_cat-rechargeable-vapes","14":"product_cat-smart-screen-vapes","15":"product_cat-minimum-order-quantity-50pcs","16":"product_tag-best-disposable-vape-2024","17":"product_tag-buy-vapes-online","18":"product_tag-crown-bar","19":"product_tag-disposable-vape-with-screen","20":"product_tag-puff-vape","21":"product_tag-smart-phone-vape","22":"product_tag-vape-wholesale","23":"desktop-align-left","24":"tablet-align-left","25":"mobile-align-left","27":"first","28":"instock","29":"sale","30":"shipping-taxable","31":"purchasable","32":"product-type-simple"},"uagb_featured_image_src":{"full":["https:\/\/rmvapesale.com\/wp-content\/uploads\/2024\/11\/BangKing-25000-Puffs-Crown-Bar-Disposable-Vape.png",800,800,false],"thumbnail":["https:\/\/rmvapesale.com\/wp-content\/uploads\/2024\/11\/BangKing-25000-Puffs-Crown-Bar-Disposable-Vape-150x150.png",150,150,true],"medium":["https:\/\/rmvapesale.com\/wp-content\/uploads\/2024\/11\/BangKing-25000-Puffs-Crown-Bar-Disposable-Vape-300x300.png",300,300,true],"medium_large":["https:\/\/rmvapesale.com\/wp-content\/uploads\/2024\/11\/BangKing-25000-Puffs-Crown-Bar-Disposable-Vape-768x768.png",768,768,true],"large":["https:\/\/rmvapesale.com\/wp-content\/uploads\/2024\/11\/BangKing-25000-Puffs-Crown-Bar-Disposable-Vape.png",800,800,false],"1536x1536":["https:\/\/rmvapesale.com\/wp-content\/uploads\/2024\/11\/BangKing-25000-Puffs-Crown-Bar-Disposable-Vape.png",800,800,false],"2048x2048":["https:\/\/rmvapesale.com\/wp-content\/uploads\/2024\/11\/BangKing-25000-Puffs-Crown-Bar-Disposable-Vape.png",800,800,false],"trp-custom-language-flag":["https:\/\/rmvapesale.com\/wp-content\/uploads\/2024\/11\/BangKing-25000-Puffs-Crown-Bar-Disposable-Vape.png",12,12,false],"woocommerce_thumbnail":["https:\/\/rmvapesale.com\/wp-content\/uploads\/2024\/11\/BangKing-25000-Puffs-Crown-Bar-Disposable-Vape-300x300.png",300,300,true],"woocommerce_single":["https:\/\/rmvapesale.com\/wp-content\/uploads\/2024\/11\/BangKing-25000-Puffs-Crown-Bar-Disposable-Vape-600x600.png",600,600,true],"woocommerce_gallery_thumbnail":["https:\/\/rmvapesale.com\/wp-content\/uploads\/2024\/11\/BangKing-25000-Puffs-Crown-Bar-Disposable-Vape-100x100.png",100,100,true],"wcpr-photo-reviews":["https:\/\/rmvapesale.com\/wp-content\/uploads\/2024\/11\/BangKing-25000-Puffs-Crown-Bar-Disposable-Vape.png",500,500,false]},"uagb_author_info":{"display_name":"AMY","author_link":"https:\/\/rmvapesale.com\/ro\/author\/"},"uagb_comment_info":0,"uagb_excerpt":"Bang King 25000 Puffs 0% 2% 5% Low Nicotine Disposable Vape Bang King 25000 Disposable Vape Wholesale Supplier Price Bang King Shisha 25000 Big Clouds Display Screen Disposable Vape WhatsApp: +86 17776015835 &nbsp;","_links":{"self":[{"href":"https:\/\/rmvapesale.com\/ro\/wp-json\/wp\/v2\/product\/2702","targetHints":{"allow":["GET"]}}],"collection":[{"href":"https:\/\/rmvapesale.com\/ro\/wp-json\/wp\/v2\/product"}],"about":[{"href":"https:\/\/rmvapesale.com\/ro\/wp-json\/wp\/v2\/types\/product"}],"replies":[{"embeddable":true,"href":"https:\/\/rmvapesale.com\/ro\/wp-json\/wp\/v2\/comments?post=2702"}],"wp:featuredmedia":[{"embeddable":true,"href":"https:\/\/rmvapesale.com\/ro\/wp-json\/wp\/v2\/media\/2698"}],"wp:attachment":[{"href":"https:\/\/rmvapesale.com\/ro\/wp-json\/wp\/v2\/media?parent=2702"}],"wp:term":[{"taxonomy":"product_brand","embeddable":true,"href":"https:\/\/rmvapesale.com\/ro\/wp-json\/wp\/v2\/product_brand?post=2702"},{"taxonomy":"product_cat","embeddable":true,"href":"https:\/\/rmvapesale.com\/ro\/wp-json\/wp\/v2\/product_cat?post=2702"},{"taxonomy":"product_tag","embeddable":true,"href":"https:\/\/rmvapesale.com\/ro\/wp-json\/wp\/v2\/product_tag?post=2702"}],"curies":[{"name":"wp","href":"https:\/\/api.w.org\/{rel}","templated":true}]}}