{"id":2714,"date":"2024-11-12T07:20:25","date_gmt":"2024-11-12T07:20:25","guid":{"rendered":"https:\/\/rmvapesale.com\/?post_type=product&#038;p=2714"},"modified":"2024-11-12T07:28:53","modified_gmt":"2024-11-12T07:28:53","slug":"bang-king-nicotine-gum-chewing-gum-help-stop-smoking","status":"publish","type":"product","link":"https:\/\/rmvapesale.com\/ro\/product\/bang-king-nicotine-gum-chewing-gum-help-stop-smoking\/","title":{"rendered":"Bang King Gum\u0103 cu Nicotin\u0103 Gum\u0103 de mestecat Ajut\u0103 la renun\u021barea la fumat"},"content":{"rendered":"<div class=\"B2VR9 CJHX3e\">\n<div class=\"wyccme\">\n<h1 class=\"LC20lb MBeuO DKV0Md\">Bang King Gum\u0103 cu Nicotin\u0103 Gum\u0103 de mestecat Ajut\u0103 la renun\u021barea la fumat<\/h1>\n<div class=\"flex-shrink-0 flex flex-col relative items-end\">\n<div class=\"pt-0\">\n<div class=\"gizmo-bot-avatar flex h-8 w-8 items-center justify-center overflow-hidden rounded-full\">\n<div class=\"relative p-1 rounded-sm flex items-center justify-center bg-token-main-surface-primary text-token-text-primary h-8 w-8\">\n<p>Renun\u021b\u0103 la obiceiul de a fuma cu <strong>Guma cu nicotin\u0103 Bang king<\/strong>, o gum\u0103 cu nicotin\u0103 formulat\u0103 special pentru a te ajuta s\u0103 renun\u021bi la fumat f\u0103r\u0103 efectele nocive ale tutunului. Cu 4mg de nicotin\u0103 pe bucat\u0103, aceast\u0103 gum\u0103 ofer\u0103 exact cantitatea potrivit\u0103 pentru a reduce pofta, fiind un ajutor eficient pentru renun\u021barea la fumat.<\/p>\n<p>Fiecare pachet en gros con\u021bine <strong>20 de borcane<\/strong>, cu <strong>90 de buc\u0103\u021bi pe borcan<\/strong>. Aceast\u0103 gum\u0103 este conceput\u0103 pentru a fi folosit\u0103 discret, oferind respira\u021bie proasp\u0103t\u0103 \u0219i f\u0103r\u0103 miros de fum sau tutun nepl\u0103cut. Este ideal\u0103 pentru situa\u021bii \u00een care fumatul nu este posibil sau adecvat, precum \u00eent\u00e2lniri sau evenimente sociale, asigur\u00e2nd c\u0103 nu afecteaz\u0103 pe cei din jurul t\u0103u.<\/p>\n<h3>Caracteristici cheie:<\/h3>\n<ul>\n<li><strong>4mg Nicotin\u0103<\/strong> pe bucat\u0103 de gum\u0103<\/li>\n<li><strong>F\u0103r\u0103 ingrediente de tutun<\/strong>: Sigur \u0219i f\u0103r\u0103 tutun<\/li>\n<li><strong>F\u0103r\u0103 fum, f\u0103r\u0103 impact asupra altora<\/strong>: Bucur\u0103-te de ea oriunde f\u0103r\u0103 a deranja pe cei din jur<\/li>\n<li><strong>F\u0103r\u0103 din\u021bi negri<\/strong>: Men\u021bine z\u00e2mbetul str\u0103lucitor \u0219i lipsit de pete de tutun<\/li>\n<li><strong>Respira\u021bie proasp\u0103t\u0103<\/strong>: Conceput pentru a l\u0103sa gura s\u0103 se simt\u0103 proasp\u0103t\u0103<\/li>\n<li><strong>Grad \u00eenalt de restaurare a gustului<\/strong>: Ofer\u0103 o experien\u021b\u0103 pl\u0103cut\u0103 de mestecat<\/li>\n<\/ul>\n<p>Cu <strong>f\u0103r\u0103 zah\u0103r<\/strong> \u0219i <strong>f\u0103r\u0103 acizi gra\u0219i trans<\/strong>, Guma de Nicotin\u0103 Bangking este o alegere mai s\u0103n\u0103toas\u0103 pentru cei care doresc s\u0103 renun\u021be la fumat. Aceasta este solu\u021bia ideal\u0103 pentru persoane \u0219i afaceri care doresc s\u0103 achizi\u021bioneze guma de nicotin\u0103 eficient\u0103 en gros.<\/p>\n<p>&nbsp;<\/p>\n<\/div>\n<\/div>\n<\/div>\n<\/div>\n<\/div>\n<\/div>\n<p><strong>Contacta\u021bi-o pe Amy pentru a ob\u021bine un r\u0103spuns prompt \u0219i un cupon pentru vape!<\/strong><\/p>\n<p><img loading=\"lazy\" decoding=\"async\" class=\"size-full wp-image-1978\" src=\"https:\/\/rmvapesale.com\/wp-content\/uploads\/2024\/09\/Disposable-Vape-Wholesale.jpg\" alt=\"\u021aig\u0103ri electronice de unic\u0103 folosin\u021b\u0103 en-gros\" width=\"229\" height=\"300\" \/><\/p>\n<h3><a href=\"https:\/\/wa.me\/8617776015835\" target=\"_blank\" rel=\"noopener\"><span style=\"color: #ff0000\"><strong>WhatsApp: +86 17776015835<\/strong><\/span><\/a><\/h3>\n<p>&nbsp;<\/p>\n<figure id=\"attachment_2709\" aria-describedby=\"caption-attachment-2709\" style=\"width: 600px\" class=\"wp-caption alignnone\"><img loading=\"lazy\" decoding=\"async\" class=\"wp-image-2709 size-full\" src=\"https:\/\/rmvapesale.com\/wp-content\/uploads\/2024\/11\/Bang-King-Nicotine-Gum-Wholesale.jpg\" alt=\"Guma de Nicotin\u0103 Bang King en gros\" width=\"600\" height=\"600\" srcset=\"https:\/\/rmvapesale.com\/wp-content\/uploads\/2024\/11\/Bang-King-Nicotine-Gum-Wholesale.jpg 600w, https:\/\/rmvapesale.com\/wp-content\/uploads\/2024\/11\/Bang-King-Nicotine-Gum-Wholesale-300x300.jpg 300w, https:\/\/rmvapesale.com\/wp-content\/uploads\/2024\/11\/Bang-King-Nicotine-Gum-Wholesale-150x150.jpg 150w, https:\/\/rmvapesale.com\/wp-content\/uploads\/2024\/11\/Bang-King-Nicotine-Gum-Wholesale-100x100.jpg 100w\" sizes=\"auto, (max-width: 600px) 100vw, 600px\" \/><figcaption id=\"caption-attachment-2709\" class=\"wp-caption-text\">Guma de Nicotin\u0103 Bang King en gros<\/figcaption><\/figure>\n<h3><\/h3>\n<h3><strong>De ce s\u0103 alegi Rmvapesale pentru Guma de Nicotin\u0103 Bang King<\/strong><strong>\u00a0V\u00e2nzare en-gros<\/strong><strong>?<\/strong><\/h3>\n<div class=\"flex-shrink-0 flex flex-col relative items-end\">\n<div class=\"pt-0\">\n<div class=\"gizmo-bot-avatar flex h-8 w-8 items-center justify-center overflow-hidden rounded-full\">\n<div class=\"relative p-1 rounded-sm flex items-center justify-center bg-token-main-surface-primary text-token-text-primary h-8 w-8\">\n<p>Bun venit la Rmvapesale, magazinul dumneavoastr\u0103 de \u00eencredere pentru \u021big\u0103ri electronice de unic\u0103 folosin\u021b\u0103 premium. Cu o experien\u021b\u0103 de peste 5 ani, v\u0103 aducem branduri populare de \u021big\u0103ri electronice de unic\u0103 folosin\u021b\u0103, cum ar fi Al Fakher, Vapme Vape, <a href=\"https:\/\/rmvapesale.com\/ro\/product\/vapme-crystal-7000-puffs-rechargeable-disposable-vape-price\/\">Vapme<\/a>, <a href=\"https:\/\/rmvapesale.com\/ro\/product-category\/bang-vapes\/\">Bang Vape<\/a>, Waspe, <a href=\"https:\/\/rmvapesale.com\/ro\/product\/wga-crystal-pro-max-extra-15k-puffs-disposable-vape-wholesale\/\">WGA<\/a> Vape \u0219i<a href=\"https:\/\/rmvapesale.com\/ro\/product-category\/randm-fumot-vape\/\"> RandM Vape<\/a>.<\/p>\n<p>Gama noastr\u0103 include \u021big\u0103ri electronice foarte v\u00e2ndute, cum ar fi <a href=\"https:\/\/rmvapesale.com\/ro\/product\/fumot-digital-box-12000-disposable-vape-pink-lemonade-flavor\/\">RandM 12k<\/a> \u0219i op\u021biuni bogate \u00een arome, cum ar fi <a href=\"https:\/\/rmvapesale.com\/ro\/product\/elfbar-combo-25000-puffs-rechargeable-disposable-vape-wholesale\/\">ELFBAR Combo 25000 Puff<\/a>. Fiecare produs este ales cu accent pe calitate, valoare \u0219i varietate, asigur\u00e2ndu-v\u0103 c\u0103 g\u0103si\u021bi potrivirea perfect\u0103 pentru nevoile dumneavoastr\u0103. Descoperi\u021bi servicii excep\u021bionale \u0219i o gam\u0103 larg\u0103 de produse de top la Rmvapesale.<\/p>\n<\/div>\n<h3><\/h3>\n<div class=\"relative p-1 rounded-sm flex items-center justify-center bg-token-main-surface-primary text-token-text-primary h-8 w-8\">\n<h3><b>\u00centreb\u0103ri frecvente despre Guma de Nicotin\u0103 Bang King<\/b><\/h3>\n<\/div>\n<div class=\"mb-2 flex gap-3 empty:hidden -ml-2\">\n<ol>\n<li><strong>C\u00e2t\u0103 nicotin\u0103 con\u021bine fiecare bucat\u0103 de Guma de Nicotin\u0103 Bangking?<\/strong><br \/>\nFiecare bucat\u0103 de Guma de Nicotin\u0103 Bangking con\u021bine 4mg de nicotin\u0103, conceput\u0103 pentru a ajuta la reducerea poftelor \u0219i sprijinirea renun\u021b\u0103rii la fumat.<\/li>\n<li><strong>Este aceast\u0103 gum\u0103 f\u0103r\u0103 tutun?<\/strong><br \/>\nDa, Guma de Nicotin\u0103 Bangking nu con\u021bine ingrediente de tutun. Ofer\u0103 nicotin\u0103 f\u0103r\u0103 efectele nocive ale tutunului.<\/li>\n<li><strong>Aceast\u0103 gum\u0103 \u00eemi va pata din\u021bii?<\/strong><br \/>\nNu, Guma de Nicotin\u0103 Bangking este formulat\u0103 pentru a preveni din\u021bii negri sau p\u0103ta\u021bi, astfel \u00eenc\u00e2t s\u0103 po\u021bi men\u021bine un z\u00e2mbet str\u0103lucitor f\u0103r\u0103 griji.<\/li>\n<li><strong>Pot folosi aceast\u0103 gum\u0103 \u00een locuri publice?<\/strong><br \/>\nAbsolut! Guma nu produce fum \u0219i nu are impact asupra celor din jur, fiind potrivit\u0103 pentru utilizare \u00een \u00eent\u00e2lniri, adun\u0103ri sociale \u0219i alte spa\u021bii publice.<\/li>\n<\/ol>\n<\/div>\n<p>&nbsp;<\/p>\n<\/div>\n<\/div>\n<\/div>\n<h3>Despre livrare<\/h3>\n<div class=\"flex-shrink-0 flex flex-col relative items-end\">\n<div>\n<div class=\"pt-0\">\n<div class=\"gizmo-bot-avatar flex h-8 w-8 items-center justify-center overflow-hidden rounded-full\">\n<div><\/div>\n<div class=\"relative p-1 rounded-sm flex items-center justify-center bg-token-main-surface-primary text-token-text-primary h-8 w-8\"><strong>1. Ce metode de expediere sunt folosite?<\/strong><\/div>\n<\/div>\n<\/div>\n<\/div>\n<\/div>\n<div class=\"group\/conversation-turn relative flex w-full min-w-0 flex-col agent-turn\">\n<div class=\"flex-col gap-1 md:gap-3\">\n<div class=\"flex max-w-full flex-col flex-grow\">\n<div class=\"min-h-[20px] text-message flex w-full flex-col items-end gap-2 whitespace-normal break-words [.text-message+&amp;]:mt-5 overflow-x-auto\" dir=\"auto\" data-message-author-role=\"assistant\" data-message-id=\"22f8283b-3233-46ff-89a5-c7a41b33abda\">\n<div class=\"flex w-full flex-col gap-1 empty:hidden first:pt-[3px]\">\n<div class=\"markdown prose w-full break-words dark:prose-invert light\">\n<p>Colabor\u0103m cu UPS, DHL, FedEx, DPD \u0219i al\u021bi transportatori de top. Vom selecta cea mai bun\u0103 metod\u0103 de expediere \u00een func\u021bie de loca\u021bia dvs. de livrare pentru a ne asigura c\u0103 ve\u021bi primi produsele c\u00e2t mai repede posibil.<\/p>\n<\/div>\n<p><strong>2. C\u00e2t dureaz\u0103 livrarea?<\/strong><\/p>\n<p>Pachetele expediate \u00een Rom\u00e2nia ajung de obicei \u00een 10 zile lucr\u0103toare. Livrarea \u00een \u021b\u0103rile europene dureaz\u0103, \u00een general, aproximativ 12-15 zile lucr\u0103toare. V\u0103 vom oferi actualiz\u0103ri \u00een timp real cu privire la starea expedierii dumneavoastr\u0103.<\/p>\n<\/div>\n<\/div>\n<\/div>\n<\/div>\n<\/div>\n<p>&nbsp;<\/p>\n<p>G\u0103si\u021bi mai multe produse de vapat care v-ar putea pl\u0103cea:<strong><em><a href=\"https:\/\/rmvapesale.com\/ro\/shop-2\/\">cump\u0103r\u0103 acum &gt;&gt;&gt;<\/a><\/em><\/strong><\/p>","protected":false},"excerpt":{"rendered":"<p>Guma cu nicotin\u0103 Bang King Ajut\u0103 la renun\u021barea la fumat Guma online<br \/>\nGuma cu nicotin\u0103 Bang King V\u00e2nzare en gros Vape de unic\u0103 folosin\u021b\u0103<br \/>\nGuma cu nicotin\u0103 Bang King Nou\u0103 Guma de nicotin\u0103 la pre\u021b de fabric\u0103<\/p>\n<p><img loading=\"lazy\" decoding=\"async\" class=\"size-full wp-image-2375\" src=\"https:\/\/rmvapesale.com\/wp-content\/uploads\/2024\/10\/image.png\" alt=\"Cea mai bun\u0103 \u021bigar\u0103 electronic\u0103 de unic\u0103 folosin\u021b\u0103\" width=\"229\" height=\"300\" \/><\/p>\n<h3><a href=\"https:\/\/wa.me\/8617776015835\"><span style=\"color: #ff0000\"><strong>WhatsApp: +86 17776015835<\/strong><\/span><\/a><\/h3>\n<p>&nbsp;<\/p>","protected":false},"featured_media":2713,"comment_status":"open","ping_status":"closed","template":"","meta":{"_uag_custom_page_level_css":"","_lmt_disableupdate":"no","_lmt_disable":"","site-sidebar-layout":"default","site-content-layout":"content-boxed-container","ast-site-content-layout":"normal-width-container","site-content-style":"boxed","site-sidebar-style":"unboxed","ast-global-header-display":"","ast-banner-title-visibility":"","ast-main-header-display":"","ast-hfb-above-header-display":"","ast-hfb-below-header-display":"","ast-hfb-mobile-header-display":"","site-post-title":"","ast-breadcrumbs-content":"","ast-featured-img":"","footer-sml-layout":"","theme-transparent-header-meta":"default","adv-header-id-meta":"","stick-header-meta":"","header-above-stick-meta":"","header-main-stick-meta":"","header-below-stick-meta":"","astra-migrate-meta-layouts":"set","ast-page-background-enabled":"default","ast-page-background-meta":{"desktop":{"background-color":"var(--ast-global-color-4)","background-image":"","background-repeat":"repeat","background-position":"center center","background-size":"auto","background-attachment":"scroll","background-type":"","background-media":"","overlay-type":"","overlay-color":"","overlay-opacity":"","overlay-gradient":""},"tablet":{"background-color":"","background-image":"","background-repeat":"repeat","background-position":"center center","background-size":"auto","background-attachment":"scroll","background-type":"","background-media":"","overlay-type":"","overlay-color":"","overlay-opacity":"","overlay-gradient":""},"mobile":{"background-color":"","background-image":"","background-repeat":"repeat","background-position":"center center","background-size":"auto","background-attachment":"scroll","background-type":"","background-media":"","overlay-type":"","overlay-color":"","overlay-opacity":"","overlay-gradient":""}},"ast-content-background-meta":{"desktop":{"background-color":"var(--ast-global-color-5)","background-image":"","background-repeat":"repeat","background-position":"center center","background-size":"auto","background-attachment":"scroll","background-type":"","background-media":"","overlay-type":"","overlay-color":"","overlay-opacity":"","overlay-gradient":""},"tablet":{"background-color":"var(--ast-global-color-5)","background-image":"","background-repeat":"repeat","background-position":"center center","background-size":"auto","background-attachment":"scroll","background-type":"","background-media":"","overlay-type":"","overlay-color":"","overlay-opacity":"","overlay-gradient":""},"mobile":{"background-color":"var(--ast-global-color-5)","background-image":"","background-repeat":"repeat","background-position":"center center","background-size":"auto","background-attachment":"scroll","background-type":"","background-media":"","overlay-type":"","overlay-color":"","overlay-opacity":"","overlay-gradient":""}},"_joinchat":[]},"product_brand":[],"product_cat":[15,25,123,26,28,135,27,137,136,30],"product_tag":[211,210],"class_list":{"0":"post-2714","1":"product","2":"type-product","3":"status-publish","4":"has-post-thumbnail","6":"product_cat-new-vape-this-week","7":"product_cat-germany-best-selling-vape","8":"product_cat-italy-wholesale-vape","9":"product_cat-netherlands-hot-sale-vape","10":"product_cat-poland-hot-sale-vape","11":"product_cat-spain-best-hot-sale-vape","12":"product_cat-fance-hot-sale-vape","13":"product_cat-rechargeable-vapes","14":"product_cat-smart-screen-vapes","15":"product_cat-minimum-order-quantity-50pcs","16":"product_tag-bang-king-nicotine-gum","17":"product_tag-bangking-bangking","18":"desktop-align-left","19":"tablet-align-left","20":"mobile-align-left","22":"first","23":"instock","24":"sale","25":"shipping-taxable","26":"purchasable","27":"product-type-simple"},"uagb_featured_image_src":{"full":["https:\/\/rmvapesale.com\/wp-content\/uploads\/2024\/11\/Bang-Vape-Bang-King-Nicotine-Gum.jpg",600,600,false],"thumbnail":["https:\/\/rmvapesale.com\/wp-content\/uploads\/2024\/11\/Bang-Vape-Bang-King-Nicotine-Gum-150x150.jpg",150,150,true],"medium":["https:\/\/rmvapesale.com\/wp-content\/uploads\/2024\/11\/Bang-Vape-Bang-King-Nicotine-Gum-300x300.jpg",300,300,true],"medium_large":["https:\/\/rmvapesale.com\/wp-content\/uploads\/2024\/11\/Bang-Vape-Bang-King-Nicotine-Gum.jpg",600,600,false],"large":["https:\/\/rmvapesale.com\/wp-content\/uploads\/2024\/11\/Bang-Vape-Bang-King-Nicotine-Gum.jpg",600,600,false],"1536x1536":["https:\/\/rmvapesale.com\/wp-content\/uploads\/2024\/11\/Bang-Vape-Bang-King-Nicotine-Gum.jpg",600,600,false],"2048x2048":["https:\/\/rmvapesale.com\/wp-content\/uploads\/2024\/11\/Bang-Vape-Bang-King-Nicotine-Gum.jpg",600,600,false],"trp-custom-language-flag":["https:\/\/rmvapesale.com\/wp-content\/uploads\/2024\/11\/Bang-Vape-Bang-King-Nicotine-Gum.jpg",12,12,false],"woocommerce_thumbnail":["https:\/\/rmvapesale.com\/wp-content\/uploads\/2024\/11\/Bang-Vape-Bang-King-Nicotine-Gum-300x300.jpg",300,300,true],"woocommerce_single":["https:\/\/rmvapesale.com\/wp-content\/uploads\/2024\/11\/Bang-Vape-Bang-King-Nicotine-Gum.jpg",600,600,false],"woocommerce_gallery_thumbnail":["https:\/\/rmvapesale.com\/wp-content\/uploads\/2024\/11\/Bang-Vape-Bang-King-Nicotine-Gum-100x100.jpg",100,100,true],"wcpr-photo-reviews":["https:\/\/rmvapesale.com\/wp-content\/uploads\/2024\/11\/Bang-Vape-Bang-King-Nicotine-Gum.jpg",500,500,false]},"uagb_author_info":{"display_name":"AMY","author_link":"https:\/\/rmvapesale.com\/ro\/author\/"},"uagb_comment_info":0,"uagb_excerpt":"Bang King Nicotine Gum Help Stop Smoking Gum Online Bang King Nicotine Gum Wholesale Disposable Vape Bang King New Nicotine Chewing Gum Chewing Factory Price WhatsApp: +86 17776015835 &nbsp;","_links":{"self":[{"href":"https:\/\/rmvapesale.com\/ro\/wp-json\/wp\/v2\/product\/2714","targetHints":{"allow":["GET"]}}],"collection":[{"href":"https:\/\/rmvapesale.com\/ro\/wp-json\/wp\/v2\/product"}],"about":[{"href":"https:\/\/rmvapesale.com\/ro\/wp-json\/wp\/v2\/types\/product"}],"replies":[{"embeddable":true,"href":"https:\/\/rmvapesale.com\/ro\/wp-json\/wp\/v2\/comments?post=2714"}],"wp:featuredmedia":[{"embeddable":true,"href":"https:\/\/rmvapesale.com\/ro\/wp-json\/wp\/v2\/media\/2713"}],"wp:attachment":[{"href":"https:\/\/rmvapesale.com\/ro\/wp-json\/wp\/v2\/media?parent=2714"}],"wp:term":[{"taxonomy":"product_brand","embeddable":true,"href":"https:\/\/rmvapesale.com\/ro\/wp-json\/wp\/v2\/product_brand?post=2714"},{"taxonomy":"product_cat","embeddable":true,"href":"https:\/\/rmvapesale.com\/ro\/wp-json\/wp\/v2\/product_cat?post=2714"},{"taxonomy":"product_tag","embeddable":true,"href":"https:\/\/rmvapesale.com\/ro\/wp-json\/wp\/v2\/product_tag?post=2714"}],"curies":[{"name":"wp","href":"https:\/\/api.w.org\/{rel}","templated":true}]}}