{"id":2728,"date":"2024-11-12T09:27:46","date_gmt":"2024-11-12T09:27:46","guid":{"rendered":"https:\/\/rmvapesale.com\/?post_type=product&#038;p=2728"},"modified":"2024-11-12T09:34:14","modified_gmt":"2024-11-12T09:34:14","slug":"randm-tornado-9000-puff-rechargeable-diposable-vape-wholesale-blueberry-raspberry-flavor","status":"publish","type":"product","link":"https:\/\/rmvapesale.com\/ro\/product\/randm-tornado-9000-puff-rechargeable-diposable-vape-wholesale-blueberry-raspberry-flavor\/","title":{"rendered":"RandM Tornado 9000 puff Vape Re\u00eenc\u0103rcabil Diposable Arom\u0103 de Zmeur\u0103 cu Afine"},"content":{"rendered":"<div class=\"B2VR9 CJHX3e\">\n<div class=\"wyccme\">\n<h1 class=\"LC20lb MBeuO DKV0Md\">RandM Tornado 9000 puff Vape Re\u00eenc\u0103rcabil Diposable Arom\u0103 de Zmeur\u0103 cu Afine<\/h1>\n<div class=\"flex-shrink-0 flex flex-col relative items-end\">\n<div class=\"pt-0\">\n<div class=\"gizmo-bot-avatar flex h-8 w-8 items-center justify-center overflow-hidden rounded-full\">\n<div class=\"relative p-1 rounded-sm flex items-center justify-center bg-token-main-surface-primary text-token-text-primary h-8 w-8\">\n<p>Vapa de unic\u0103 folosin\u021b\u0103 re\u00eenc\u0103rcabil\u0103 RandM Tornado 9000 Puf cu arom\u0103 de Afine Zmeur\u0103 este conceput\u0103 pentru a oferi vaperilor o experien\u021b\u0103 premium \u0219i de lung\u0103 durat\u0103. Cu un num\u0103r impresionant de peste 9000 de pufuri, acest dispozitiv este perfect pentru cei care caut\u0103 confort f\u0103r\u0103 a face compromisuri la calitate. Capacitatea de 18 ml de e-lichid ofer\u0103 un amestec fin de afine \u0219i zmeur\u0103, combin\u00e2nd note dulci \u0219i picante \u00een fiecare puf. \u00cembog\u0103\u021bit\u0103 cu s\u0103ruri de nicotin\u0103, aceast\u0103 vap\u0103 asigur\u0103 o senza\u021bie de nicotin\u0103 satisf\u0103c\u0103toare \u0219i constant\u0103, fiind ideal\u0103 pentru vaperii care se bucur\u0103 de arome bogate cu un impact puternic.<\/p>\n<p>Acest dispozitiv dispune de o baterie re\u00eenc\u0103rcabil\u0103 de 850mAh care permite \u00eenc\u0103rcarea rapid\u0103 \u0219i u\u0219oar\u0103 prin intermediul unui port de tip C, asigur\u00e2ndu-v\u0103 c\u0103 pute\u021bi continua s\u0103 vapa\u021bi f\u0103r\u0103 \u00eentrerupere. Mecanismul de activare prin inhalare al RandM Tornado 9000 face utilizarea simpl\u0103 - doar inhala\u021bi pentru a v\u0103 bucura de vapori plini de arom\u0103. O lumin\u0103 RGB vibrant\u0103 adaug\u0103 o not\u0103 elegant\u0103 vapesului, f\u0103c\u00e2ndu-l s\u0103 ias\u0103 \u00een eviden\u021b\u0103 \u00een orice cadru. Fie c\u0103 sunte\u021bi un vaper dedicat sau un utilizator nou, RandM Tornado 9K \u00een Afine Zmeur\u0103 ofer\u0103 o experien\u021b\u0103 de \u00eenalt\u0103 calitate, conceput\u0103 pentru pl\u0103cere \u0219i fiabilitate.<\/p>\n<p>&nbsp;<\/p>\n<\/div>\n<\/div>\n<\/div>\n<\/div>\n<\/div>\n<\/div>\n<p><strong>Contacta\u021bi-o pe Amy pentru a ob\u021bine un r\u0103spuns prompt \u0219i un cupon pentru vape!<\/strong><\/p>\n<p><img loading=\"lazy\" decoding=\"async\" class=\"size-full wp-image-1978\" src=\"https:\/\/rmvapesale.com\/wp-content\/uploads\/2024\/09\/Disposable-Vape-Wholesale.jpg\" alt=\"\u021aig\u0103ri electronice de unic\u0103 folosin\u021b\u0103 en-gros\" width=\"229\" height=\"300\" \/><\/p>\n<h3><a href=\"https:\/\/wa.me\/8617776015835\" target=\"_blank\" rel=\"noopener\"><span style=\"color: #ff0000\"><strong>WhatsApp: +86 17776015835<\/strong><\/span><\/a><\/h3>\n<p>&nbsp;<\/p>\n<h2><\/h2>\n<h2><strong>RandM Tornado 9000 <\/strong><strong>Caracteristici principale<\/strong><\/h2>\n<ul>\n<li>Peste 9000 de pufuri pentru utilizare extins\u0103 \u0219i satisfac\u021bie<\/li>\n<li>18ml e-lichid cu sare de nicotin\u0103 Afine Zmeur\u0103 pentru o arom\u0103 echilibrat\u0103<\/li>\n<li>Baterie re\u00eenc\u0103rcabil\u0103 de 850mAh cu \u00eenc\u0103rcare rapid\u0103 de tip C<\/li>\n<li>Activare prin inhalare pentru utilizare f\u0103r\u0103 probleme, nu sunt necesare butoane<\/li>\n<li>Iluminare RGB elegant\u0103 care adaug\u0103 un apel vizual colorat<\/li>\n<\/ul>\n<p>&nbsp;<\/p>\n<h2><strong>Top arome RandM Tornado 9000<\/strong><\/h2>\n<p>1 Afine Zmeur\u0103 <span style=\"color: #ff0000\"><strong>&gt;&gt;&gt;&gt; Fierbinte!<\/strong><\/span><br \/>\n2 Domnul Albastru <span style=\"color: #ff0000\"><strong>&gt;&gt;&gt;&gt; Fierbinte!<\/strong><\/span><br \/>\n3 C\u0103p\u0219uni Pepene verde<br \/>\n4 Suc de portocale<br \/>\n5 Gum\u0103 de mestecat Pepene verde<br \/>\n6 Bomboane curcubeu<br \/>\n7 Limonad\u0103 roz <span style=\"color: #ff0000\"><strong>&gt;&gt;&gt;&gt; Fierbinte!<\/strong><\/span><br \/>\n8 Piersici Mango Ananas<br \/>\n9 C\u0103p\u0219uni Banane<br \/>\n10 Lush Ice<br \/>\n11 Ghea\u021b\u0103 de dragon negru<br \/>\n12 Aloe cu struguri<br \/>\n13 Ghea\u021b\u0103 de zmeur\u0103 albastr\u0103<br \/>\n14 Kiwi, fructul pasiunii \u0219i guava<br \/>\n15 Ursule\u021b de jeleu<br \/>\n16 Fructe de p\u0103dure mixte <span style=\"color: #ff0000\"><strong>&gt;&gt;&gt;&gt; Fierbinte!<\/strong><\/span><br \/>\n17 Ment\u0103 rece<br \/>\n18 Zmeur\u0103 cu pepene verde<br \/>\n19 Limonad\u0103 de piersici<br \/>\n20 Guava cu ghea\u021b\u0103<br \/>\n21 Limonad\u0103 de c\u0103p\u0219uni<br \/>\n22 Ghea\u021b\u0103 de pepene verde \u0219i zmeur\u0103<br \/>\n23 Crem\u0103 de banane<br \/>\n24 Piersici cu fructe de p\u0103dure<br \/>\n25 Crem\u0103 de c\u0103p\u0219uni<br \/>\n26 Bomboane acri\u0219oare<br \/>\n27 L\u0103m\u00e2ie<br \/>\n28 Cire\u0219e<br \/>\n29 Cire\u0219e acidulate <span style=\"color: #ff0000\"><strong>&gt;&gt;&gt;&gt; Fierbinte!<\/strong><\/span><br \/>\n30 Afine, cire\u0219e, meri\u0219oare<br \/>\n31 Vimto<br \/>\n32 Skittles<br \/>\n33 Ghea\u021b\u0103 neagr\u0103 <span style=\"color: #ff0000\"><strong>&gt;&gt;&gt;&gt; Cel mai bun!<\/strong><\/span><br \/>\n34 Struguri<br \/>\n35 Ghea\u021b\u0103 Bluelicious<br \/>\n36 Ghea\u021b\u0103 de c\u0103p\u0219uni<br \/>\n37 Blue Razz Kush<br \/>\n38 Ghea\u021b\u0103<br \/>\n39 Zmeur\u0103 acr\u0103 cu afine<br \/>\n40 Ananas<br \/>\n41 Cirea\u0219\u0103 Piersic\u0103 Limonad\u0103<br \/>\n42 C\u0103p\u0219un\u0103 Zmeur\u0103 Cirea\u0219\u0103 Ghea\u021b\u0103<br \/>\n43 Mango Triplu<br \/>\n44 C\u0103p\u0219un\u0103 Zmeur\u0103 Ghea\u021b\u0103<br \/>\n45 C\u0103p\u0219un\u0103 Pepene Ro\u0219u Gum\u0103 de Mestecat<br \/>\n46 Prime C\u0103p\u0219un\u0103 Pepene Ro\u0219u<br \/>\n47 Pepene Ro\u0219u Ghea\u021b\u0103<br \/>\n48 Afine Ghea\u021b\u0103 <span style=\"color: #ff0000\"><strong>&gt;&gt;&gt;&gt; Fierbinte!<\/strong><\/span><br \/>\n49 Pepene Ro\u0219u Skittle<br \/>\n50 C\u0103p\u0219un\u0103 Mango<br \/>\n51 C\u0103p\u0219un\u0103 Rodie<br \/>\n52 Piersic\u0103 de Var\u0103 Ghea\u021b\u0103<br \/>\n53 Cirea\u0219\u0103 Fructe de P\u0103dure<br \/>\n54 Cirea\u0219\u0103 Cola<br \/>\n55 Prime Pepene Ro\u0219u<br \/>\n56 C\u0103p\u0219un\u0103 Strugure<br \/>\n57 S\u00e2nge de Tigru <span style=\"color: #ff0000\"><strong>&gt;&gt;&gt;&gt; Fierbinte!<\/strong><\/span><br \/>\n58 Ap\u0103 Mineral\u0103<\/p>\n<p>&nbsp;<\/p>\n<h3><\/h3>\n<h3><strong>De ce s\u0103 alege\u021bi Rmvapesale pentru RandM Tornado 9000 <\/strong><strong>V<\/strong><strong>V\u00e2nz\u0103ri en-gros de \u021big\u0103ri electronice<\/strong><strong>?<\/strong><\/h3>\n<div class=\"flex-shrink-0 flex flex-col relative items-end\">\n<div class=\"pt-0\">\n<div class=\"gizmo-bot-avatar flex h-8 w-8 items-center justify-center overflow-hidden rounded-full\">\n<div class=\"relative p-1 rounded-sm flex items-center justify-center bg-token-main-surface-primary text-token-text-primary h-8 w-8\">\n<p>Bun venit la Rmvapesale, magazinul dumneavoastr\u0103 de \u00eencredere pentru \u021big\u0103ri electronice de unic\u0103 folosin\u021b\u0103 premium. Cu o experien\u021b\u0103 de peste 5 ani, v\u0103 aducem branduri populare de \u021big\u0103ri electronice de unic\u0103 folosin\u021b\u0103, cum ar fi Al Fakher, Vapme Vape, <a href=\"https:\/\/rmvapesale.com\/ro\/product\/vapme-crystal-7000-puffs-rechargeable-disposable-vape-price\/\">Vapme<\/a>, <a href=\"https:\/\/rmvapesale.com\/ro\/product-category\/bang-vapes\/\">Bang Vape<\/a>, Waspe, <a href=\"https:\/\/rmvapesale.com\/ro\/product\/wga-crystal-pro-max-extra-15k-puffs-disposable-vape-wholesale\/\">WGA<\/a> Vape \u0219i<a href=\"https:\/\/rmvapesale.com\/ro\/product-category\/randm-fumot-vape\/\"> RandM Vape<\/a>.<\/p>\n<p>Gama noastr\u0103 include \u021big\u0103ri electronice foarte v\u00e2ndute, cum ar fi <a href=\"https:\/\/rmvapesale.com\/ro\/product\/fumot-digital-box-12000-disposable-vape-pink-lemonade-flavor\/\">RandM 12k<\/a> \u0219i op\u021biuni bogate \u00een arome, cum ar fi <a href=\"https:\/\/rmvapesale.com\/ro\/product\/elfbar-combo-25000-puffs-rechargeable-disposable-vape-wholesale\/\">ELFBAR Combo 25000 Puff<\/a>. Fiecare produs este ales cu accent pe calitate, valoare \u0219i varietate, asigur\u00e2ndu-v\u0103 c\u0103 g\u0103si\u021bi potrivirea perfect\u0103 pentru nevoile dumneavoastr\u0103. Descoperi\u021bi servicii excep\u021bionale \u0219i o gam\u0103 larg\u0103 de produse de top la Rmvapesale.<\/p>\n<\/div>\n<h3><\/h3>\n<div class=\"relative p-1 rounded-sm flex items-center justify-center bg-token-main-surface-primary text-token-text-primary h-8 w-8\">\n<h3><b>RandM 9000 Vap\u0103 de unic\u0103 folosin\u021b\u0103 re\u00eenc\u0103rcabil\u0103 \u00centreb\u0103ri Frecvente<\/b><\/h3>\n<ol>\n<li><strong>Care sunt aromele populare pentru stiloul de vape de unic\u0103 folosin\u021b\u0103 RandM 9000 puf?<\/strong><br \/>\nAromele populare pentru stiloul de vape de unic\u0103 folosin\u021b\u0103 RandM 9000 includ Blue Razz Ice, care combin\u0103 zmeura dulce cu un finisaj rece \u0219i \u00eenghe\u021bat. Alte arome pot varia \u00een func\u021bie de disponibilitate \u0219i preferin\u021be regionale.<\/li>\n<li><strong>Cum \u0219tiu c\u00e2nd RandM Tornado 9000 al meu este gol?<\/strong><br \/>\nC\u00e2nd RandM Tornado 9000 al dumneavoastr\u0103 este gol, ve\u021bi observa o sc\u0103dere a produc\u021biei de vapori \u0219i a aromei. \u00cen plus, tragerea poate fi mai slab\u0103 sau poate produce pu\u021bini vapori, ceea ce indic\u0103 faptul c\u0103 lichidul electronic este epuizat.<\/li>\n<li><strong>C\u00e2t dureaz\u0103 s\u0103 \u00eencarci o vap\u0103 RandM 9000 puf?<\/strong><br \/>\nTimpii de \u00eenc\u0103rcare pentru RandM Tornado 9000 pot varia, dar de obicei dureaz\u0103 aproximativ 1-2 ore pentru a \u00eenc\u0103rca complet bateria de 850mAh prin portul de tip C.<\/li>\n<li><strong>C\u00e2t\u0103 nicotin\u0103 se afl\u0103 \u00eentr-o vap\u0103 de unic\u0103 folosin\u021b\u0103 RandM Tornado 9k puf?<\/strong><br \/>\nRandM Tornado 9000 con\u021bine sare de nicotin\u0103, dar concentra\u021bia exact\u0103 de nicotin\u0103 poate varia \u00een func\u021bie de regiune \u0219i de versiunea produsului. Cel mai bine este s\u0103 verifica\u021bi ambalajul sau specifica\u021biile produsului pentru nivelurile exacte de nicotin\u0103.<\/li>\n<li><strong>De unde s\u0103 cump\u0103ra\u021bi vape Fumot Tornado 9000 puf la pre\u021b en-gros?<\/strong><br \/>\nPute\u021bi cump\u0103ra vape Fumot Tornado 9000 puf la pre\u021buri en-gros de la distribuitori autoriza\u021bi de vape sau de la magazine online de vape en-gros. Multe site-uri web ofer\u0103 op\u021biuni en-gros \u00een special pentru m\u0103rcile RandM \u0219i Fumot.<\/li>\n<li><strong>Pot s\u0103 iau un vape de unic\u0103 folosin\u021b\u0103 \u00eentr-un avion?<\/strong><br \/>\nDa, pute\u021bi aduce vape de unic\u0103 folosin\u021b\u0103 \u00eentr-un avion \u00een bagajul de m\u00e2n\u0103, dar acestea nu trebuie s\u0103 fie \u00een bagajul de cal\u0103 din cauza reglement\u0103rilor privind bateriile. Verifica\u021bi \u00eentotdeauna ghidurile companiei aeriene \u0219i ale TSA \u00eenainte de a c\u0103l\u0103tori.<\/li>\n<li><strong>C\u00e2te pufuri ofer\u0103 vapa RandM 9000 puf?<\/strong><br \/>\nVapa de unic\u0103 folosin\u021b\u0103 RandM Tornado 9000 ofer\u0103 peste 9000 de pufuri, ceea ce o face o op\u021biune de lung\u0103 durat\u0103 \u00een compara\u021bie cu alte vape de unic\u0103 folosin\u021b\u0103.<\/li>\n<\/ol>\n<\/div>\n<div class=\"mb-2 flex gap-3 empty:hidden -ml-2\"><\/div>\n<p>&nbsp;<\/p>\n<\/div>\n<\/div>\n<\/div>\n<h3>Despre livrare<\/h3>\n<div class=\"flex-shrink-0 flex flex-col relative items-end\">\n<div>\n<div class=\"pt-0\">\n<div class=\"gizmo-bot-avatar flex h-8 w-8 items-center justify-center overflow-hidden rounded-full\">\n<div><\/div>\n<div class=\"relative p-1 rounded-sm flex items-center justify-center bg-token-main-surface-primary text-token-text-primary h-8 w-8\"><strong>1. Ce metode de expediere sunt folosite?<\/strong><\/div>\n<\/div>\n<\/div>\n<\/div>\n<\/div>\n<div class=\"group\/conversation-turn relative flex w-full min-w-0 flex-col agent-turn\">\n<div class=\"flex-col gap-1 md:gap-3\">\n<div class=\"flex max-w-full flex-col flex-grow\">\n<div class=\"min-h-[20px] text-message flex w-full flex-col items-end gap-2 whitespace-normal break-words [.text-message+&amp;]:mt-5 overflow-x-auto\" dir=\"auto\" data-message-author-role=\"assistant\" data-message-id=\"22f8283b-3233-46ff-89a5-c7a41b33abda\">\n<div class=\"flex w-full flex-col gap-1 empty:hidden first:pt-[3px]\">\n<div class=\"markdown prose w-full break-words dark:prose-invert light\">\n<p>Colabor\u0103m cu UPS, DHL, FedEx, DPD \u0219i al\u021bi transportatori de top. Vom selecta cea mai bun\u0103 metod\u0103 de expediere \u00een func\u021bie de loca\u021bia dvs. de livrare pentru a ne asigura c\u0103 ve\u021bi primi produsele c\u00e2t mai repede posibil.<\/p>\n<\/div>\n<p><strong>2. C\u00e2t dureaz\u0103 livrarea?<\/strong><\/p>\n<p>Pachetele expediate \u00een Rom\u00e2nia ajung de obicei \u00een 10 zile lucr\u0103toare. Livrarea \u00een \u021b\u0103rile europene dureaz\u0103, \u00een general, aproximativ 12-15 zile lucr\u0103toare. V\u0103 vom oferi actualiz\u0103ri \u00een timp real cu privire la starea expedierii dumneavoastr\u0103.<\/p>\n<\/div>\n<\/div>\n<\/div>\n<\/div>\n<\/div>\n<p>&nbsp;<\/p>\n<p>G\u0103si\u021bi mai multe produse de vapat care v-ar putea pl\u0103cea:<strong><em><a href=\"https:\/\/rmvapesale.com\/ro\/shop-2\/\">cump\u0103r\u0103 acum &gt;&gt;&gt;<\/a><\/em><\/strong><\/p>","protected":false},"excerpt":{"rendered":"<p>RandM Tornado 9000 Puffs Dispozitiv de vapat de unic\u0103 folosin\u021b\u0103<br \/>\nRandM 9000 pufuri de vapat de unic\u0103 folosin\u021b\u0103 Toate aromele \u00een stoc<br \/>\nRandM Tornado 9000 Puf 9K Bar de unic\u0103 folosin\u021b\u0103<\/p>\n<p><img loading=\"lazy\" decoding=\"async\" class=\"size-full wp-image-2375\" src=\"https:\/\/rmvapesale.com\/wp-content\/uploads\/2024\/10\/image.png\" alt=\"Cea mai bun\u0103 \u021bigar\u0103 electronic\u0103 de unic\u0103 folosin\u021b\u0103\" width=\"229\" height=\"300\" \/><\/p>\n<h3><a href=\"https:\/\/wa.me\/8617776015835\"><span style=\"color: #ff0000\"><strong>WhatsApp: +86 17776015835<\/strong><\/span><\/a><\/h3>\n<p>&nbsp;<\/p>","protected":false},"featured_media":2723,"comment_status":"open","ping_status":"closed","template":"","meta":{"_uag_custom_page_level_css":"","_lmt_disableupdate":"no","_lmt_disable":"","site-sidebar-layout":"default","site-content-layout":"content-boxed-container","ast-site-content-layout":"normal-width-container","site-content-style":"boxed","site-sidebar-style":"unboxed","ast-global-header-display":"","ast-banner-title-visibility":"","ast-main-header-display":"","ast-hfb-above-header-display":"","ast-hfb-below-header-display":"","ast-hfb-mobile-header-display":"","site-post-title":"","ast-breadcrumbs-content":"","ast-featured-img":"","footer-sml-layout":"","theme-transparent-header-meta":"default","adv-header-id-meta":"","stick-header-meta":"","header-above-stick-meta":"","header-main-stick-meta":"","header-below-stick-meta":"","astra-migrate-meta-layouts":"set","ast-page-background-enabled":"default","ast-page-background-meta":{"desktop":{"background-color":"var(--ast-global-color-4)","background-image":"","background-repeat":"repeat","background-position":"center center","background-size":"auto","background-attachment":"scroll","background-type":"","background-media":"","overlay-type":"","overlay-color":"","overlay-opacity":"","overlay-gradient":""},"tablet":{"background-color":"","background-image":"","background-repeat":"repeat","background-position":"center center","background-size":"auto","background-attachment":"scroll","background-type":"","background-media":"","overlay-type":"","overlay-color":"","overlay-opacity":"","overlay-gradient":""},"mobile":{"background-color":"","background-image":"","background-repeat":"repeat","background-position":"center center","background-size":"auto","background-attachment":"scroll","background-type":"","background-media":"","overlay-type":"","overlay-color":"","overlay-opacity":"","overlay-gradient":""}},"ast-content-background-meta":{"desktop":{"background-color":"var(--ast-global-color-5)","background-image":"","background-repeat":"repeat","background-position":"center center","background-size":"auto","background-attachment":"scroll","background-type":"","background-media":"","overlay-type":"","overlay-color":"","overlay-opacity":"","overlay-gradient":""},"tablet":{"background-color":"var(--ast-global-color-5)","background-image":"","background-repeat":"repeat","background-position":"center center","background-size":"auto","background-attachment":"scroll","background-type":"","background-media":"","overlay-type":"","overlay-color":"","overlay-opacity":"","overlay-gradient":""},"mobile":{"background-color":"var(--ast-global-color-5)","background-image":"","background-repeat":"repeat","background-position":"center center","background-size":"auto","background-attachment":"scroll","background-type":"","background-media":"","overlay-type":"","overlay-color":"","overlay-opacity":"","overlay-gradient":""}},"_joinchat":[]},"product_brand":[],"product_cat":[15,25,123,26,28,135,27,137,136,30],"product_tag":[169,207,181,120],"class_list":{"0":"post-2728","1":"product","2":"type-product","3":"status-publish","4":"has-post-thumbnail","6":"product_cat-new-vape-this-week","7":"product_cat-germany-best-selling-vape","8":"product_cat-italy-wholesale-vape","9":"product_cat-netherlands-hot-sale-vape","10":"product_cat-poland-hot-sale-vape","11":"product_cat-spain-best-hot-sale-vape","12":"product_cat-fance-hot-sale-vape","13":"product_cat-rechargeable-vapes","14":"product_cat-smart-screen-vapes","15":"product_cat-minimum-order-quantity-50pcs","16":"product_tag-best-disposable-vape-2024","17":"product_tag-puff-vape","18":"product_tag-randm-tornado-9000","19":"product_tag-vape-wholesale","20":"desktop-align-left","21":"tablet-align-left","22":"mobile-align-left","24":"first","25":"instock","26":"sale","27":"shipping-taxable","28":"purchasable","29":"product-type-simple"},"uagb_featured_image_src":{"full":["https:\/\/rmvapesale.com\/wp-content\/uploads\/2024\/11\/RandM-Tornado-9000-Blueberry-raspberry.png",800,800,false],"thumbnail":["https:\/\/rmvapesale.com\/wp-content\/uploads\/2024\/11\/RandM-Tornado-9000-Blueberry-raspberry-150x150.png",150,150,true],"medium":["https:\/\/rmvapesale.com\/wp-content\/uploads\/2024\/11\/RandM-Tornado-9000-Blueberry-raspberry-300x300.png",300,300,true],"medium_large":["https:\/\/rmvapesale.com\/wp-content\/uploads\/2024\/11\/RandM-Tornado-9000-Blueberry-raspberry-768x768.png",768,768,true],"large":["https:\/\/rmvapesale.com\/wp-content\/uploads\/2024\/11\/RandM-Tornado-9000-Blueberry-raspberry.png",800,800,false],"1536x1536":["https:\/\/rmvapesale.com\/wp-content\/uploads\/2024\/11\/RandM-Tornado-9000-Blueberry-raspberry.png",800,800,false],"2048x2048":["https:\/\/rmvapesale.com\/wp-content\/uploads\/2024\/11\/RandM-Tornado-9000-Blueberry-raspberry.png",800,800,false],"trp-custom-language-flag":["https:\/\/rmvapesale.com\/wp-content\/uploads\/2024\/11\/RandM-Tornado-9000-Blueberry-raspberry.png",12,12,false],"woocommerce_thumbnail":["https:\/\/rmvapesale.com\/wp-content\/uploads\/2024\/11\/RandM-Tornado-9000-Blueberry-raspberry-300x300.png",300,300,true],"woocommerce_single":["https:\/\/rmvapesale.com\/wp-content\/uploads\/2024\/11\/RandM-Tornado-9000-Blueberry-raspberry-600x600.png",600,600,true],"woocommerce_gallery_thumbnail":["https:\/\/rmvapesale.com\/wp-content\/uploads\/2024\/11\/RandM-Tornado-9000-Blueberry-raspberry-100x100.png",100,100,true],"wcpr-photo-reviews":["https:\/\/rmvapesale.com\/wp-content\/uploads\/2024\/11\/RandM-Tornado-9000-Blueberry-raspberry.png",500,500,false]},"uagb_author_info":{"display_name":"AMY","author_link":"https:\/\/rmvapesale.com\/ro\/author\/"},"uagb_comment_info":0,"uagb_excerpt":"RandM Tornado 9000 Puffs Disposable Vape Device RandM 9000 puffs Disposable Vape All Flavor in Stock RandM Tornado 9000 Puff 9K Disposable Bar WhatsApp: +86 17776015835 &nbsp;","_links":{"self":[{"href":"https:\/\/rmvapesale.com\/ro\/wp-json\/wp\/v2\/product\/2728","targetHints":{"allow":["GET"]}}],"collection":[{"href":"https:\/\/rmvapesale.com\/ro\/wp-json\/wp\/v2\/product"}],"about":[{"href":"https:\/\/rmvapesale.com\/ro\/wp-json\/wp\/v2\/types\/product"}],"replies":[{"embeddable":true,"href":"https:\/\/rmvapesale.com\/ro\/wp-json\/wp\/v2\/comments?post=2728"}],"wp:featuredmedia":[{"embeddable":true,"href":"https:\/\/rmvapesale.com\/ro\/wp-json\/wp\/v2\/media\/2723"}],"wp:attachment":[{"href":"https:\/\/rmvapesale.com\/ro\/wp-json\/wp\/v2\/media?parent=2728"}],"wp:term":[{"taxonomy":"product_brand","embeddable":true,"href":"https:\/\/rmvapesale.com\/ro\/wp-json\/wp\/v2\/product_brand?post=2728"},{"taxonomy":"product_cat","embeddable":true,"href":"https:\/\/rmvapesale.com\/ro\/wp-json\/wp\/v2\/product_cat?post=2728"},{"taxonomy":"product_tag","embeddable":true,"href":"https:\/\/rmvapesale.com\/ro\/wp-json\/wp\/v2\/product_tag?post=2728"}],"curies":[{"name":"wp","href":"https:\/\/api.w.org\/{rel}","templated":true}]}}