{"id":2729,"date":"2024-11-14T06:19:37","date_gmt":"2024-11-14T06:19:37","guid":{"rendered":"https:\/\/rmvapesale.com\/?post_type=product&#038;p=2729"},"modified":"2024-11-14T06:57:21","modified_gmt":"2024-11-14T06:57:21","slug":"fumot-12000-puffs-randm-rechargeable-disposable-vape-watermelon-bubblegum-flavour-germany-wholesale-price","status":"publish","type":"product","link":"https:\/\/rmvapesale.com\/ro\/product\/fumot-12000-puffs-randm-rechargeable-disposable-vape-watermelon-bubblegum-flavour-germany-wholesale-price\/","title":{"rendered":"Fumot 12000 Puffs RandM \u021aigar\u0103 electronic\u0103 de unic\u0103 folosin\u021b\u0103 re\u00eenc\u0103rcabil\u0103 Arom\u0103 de pepene verde \u0219i gum\u0103 de mestecat Pre\u021b en-gros \u00een Rom\u00e2nia"},"content":{"rendered":"<div class=\"B2VR9 CJHX3e\">\n<div class=\"wyccme\">\n<h1 class=\"LC20lb MBeuO DKV0Md\">Fumot 12000 Puffs RandM \u021aigar\u0103 electronic\u0103 de unic\u0103 folosin\u021b\u0103 re\u00eenc\u0103rcabil\u0103 Arom\u0103 de pepene verde \u0219i gum\u0103 de mestecat Pre\u021b en-gros \u00een Rom\u00e2nia<\/h1>\n<p>&nbsp;<\/p>\n<div class=\"flex-shrink-0 flex flex-col relative items-end\">\n<div class=\"pt-0\">\n<div class=\"gizmo-bot-avatar flex h-8 w-8 items-center justify-center overflow-hidden rounded-full\">\n<div class=\"relative p-1 rounded-sm flex items-center justify-center bg-token-main-surface-primary text-token-text-primary h-8 w-8\">\n<p>Fumot 12000 Pufuri RandM Rechargeabil\u0103 Dispozitiv de Vaping de unic\u0103 folosin\u021b\u0103 cu arom\u0103 de Pepene Verde cu Gum\u0103 de Mestecat ofer\u0103 o experien\u021b\u0103 de vaping unic\u0103, dulce \u0219i fructat\u0103. Combin\u00e2nd gustul suculent de Pepene Verde cu dulcea\u021ba nostalgic de gum\u0103 de mestecat, acest vape Randm este perfect pentru cei care apreciaz\u0103 o \u00eentors\u0103tur\u0103 plin\u0103 de savoare la fiecare inhalare. Cu o capacitate mare de lichid de 20ml, acest dispozitiv ofer\u0103 impresionantul num\u0103r de 12.000 de pufuri, asigur\u00e2nd o pl\u0103cere de lung\u0103 durat\u0103. Adaptat pentru pia\u021ba en gros din Rom\u00e2nia, acest produs Fumot 12000 reprezint\u0103 o op\u021biune ideal\u0103 pentru comercian\u021bi care doresc s\u0103 stocheze un gust de \u00eenalt\u0103 cerere \u0219i premium.<\/p>\n<p>Echipat cu o baterie re\u00eenc\u0103rcabil\u0103 de 550mAh \u0219i un port de \u00eenc\u0103rcare USB Type-C, Fumot 12000 faciliteaz\u0103 re\u00eenc\u0103rcarea utilizatorilor \u0219i men\u021bine vape-ul preg\u0103tit ori de c\u00e2te ori au nevoie. Un afi\u0219aj LED integrat arat\u0103 convenabil nivelul bateriei \u0219i al lichidului, astfel \u00eenc\u00e2t utilizatorii sunt \u00eentotdeauna informa\u021bi. Tehnologia avansat\u0103 a bobinei din plas\u0103 \u00eembun\u0103t\u0103\u021be\u0219te consisten\u021ba vaporului, oferind o inhalare lin\u0103 \u0219i satisf\u0103c\u0103toare de fiecare dat\u0103. Disponibil \u00een mai multe niveluri de nicotin\u0103, inclusiv 2% \u0219i 5%, acest dispozitiv satisface o gam\u0103 larg\u0103 de preferin\u021be, fiind o alegere versatil\u0103 at\u00e2t pentru \u00eencep\u0103tori, c\u00e2t \u0219i pentru vaperii experimenta\u021bi.<\/p>\n<p>&nbsp;<\/p>\n<\/div>\n<\/div>\n<\/div>\n<\/div>\n<\/div>\n<\/div>\n<p><strong>Contacta\u021bi-o pe Amy pentru a ob\u021bine un r\u0103spuns prompt \u0219i un cupon pentru vape!<\/strong><\/p>\n<p><img loading=\"lazy\" decoding=\"async\" class=\"size-full wp-image-1978\" src=\"https:\/\/rmvapesale.com\/wp-content\/uploads\/2024\/09\/Disposable-Vape-Wholesale.jpg\" alt=\"\u021aig\u0103ri electronice de unic\u0103 folosin\u021b\u0103 en-gros\" width=\"229\" height=\"300\" \/><\/p>\n<h3><a href=\"https:\/\/wa.me\/8617776015835\" target=\"_blank\" rel=\"noopener\"><span style=\"color: #ff0000\"><strong>WhatsApp: +86 17776015835<\/strong><\/span><\/a><\/h3>\n<p>&nbsp;<\/p>\n<h2><\/h2>\n<h2><strong>Caracteristici cheie ale Fumot 12000 Pufuri<\/strong><\/h2>\n<ul>\n<li>Peste 9000 de pufuri pentru utilizare extins\u0103 \u0219i satisfac\u021bie<\/li>\n<li>18ml e-lichid cu sare de nicotin\u0103 Afine Zmeur\u0103 pentru o arom\u0103 echilibrat\u0103<\/li>\n<li>Baterie re\u00eenc\u0103rcabil\u0103 de 850mAh cu \u00eenc\u0103rcare rapid\u0103 de tip C<\/li>\n<li>Activare prin inhalare pentru utilizare f\u0103r\u0103 probleme, nu sunt necesare butoane<\/li>\n<li>Iluminare RGB elegant\u0103 care adaug\u0103 un apel vizual colorat<\/li>\n<\/ul>\n<p>&nbsp;<\/p>\n<h2><strong>Arome de Top pentru Fumot 12000 Puffs<\/strong><\/h2>\n<p>1 Ment\u0103 Rece <span style=\"color: #ff0000\"><strong>&gt;&gt;&gt;&gt; Fierbinte!<\/strong><\/span><br \/>\n2 Ghea\u021b\u0103 de Pepene Verde<br \/>\n3 Ghea\u021b\u0103 de Struguri<br \/>\n4 Zmeur\u0103 cu Afine <span style=\"color: #ff0000\"><strong>&gt;&gt;&gt;&gt; Fierbinte!<\/strong><\/span><br \/>\n5 Pepene Verde cu C\u0103p\u0219uni<br \/>\n6 Banan\u0103 cu C\u0103p\u0219uni<br \/>\n7 Ghea\u021b\u0103 luxuriant\u0103<br \/>\n8 Cire\u0219e<br \/>\n9 C\u0103p\u0219uni cu Ghea\u021b\u0103<br \/>\n10 Acadea cu ghea\u021b\u0103<br \/>\n11 Limonad\u0103 roz <span style=\"color: #ff0000\"><strong>&gt;&gt;&gt;&gt; Fierbinte!<\/strong><\/span><br \/>\n12 Mango cu ghea\u021b\u0103<br \/>\n13 Fructe de p\u0103dure amestecate<br \/>\n14 Gogoa\u0219\u0103 cu c\u0103p\u0219uni<br \/>\n15 Struguri cu c\u0103p\u0219uni<br \/>\n16 Cola cu cire\u0219e<br \/>\n17 Dr. Blue<br \/>\n18 Afine cu ghea\u021b\u0103 <span style=\"color: #ff0000\"><strong>&gt;&gt;&gt;&gt; Fierbinte!<\/strong><\/span><br \/>\n19 Kiwi, fructul pasiunii \u0219i guava<br \/>\n20 C\u0103p\u0219uni \u0219i kiwi<br \/>\n21 Piersic\u0103 \u0219i mango<br \/>\n22 Piersic\u0103 cu ghea\u021b\u0103<br \/>\n23 M\u0103r ro\u0219u cu ghea\u021b\u0103<br \/>\n24 Gum\u0103 de mestecat cu afine <span style=\"color: #ff0000\"><strong>&gt;&gt;&gt;&gt; Cel mai bun!<\/strong><\/span><br \/>\n25 Limonad\u0103 cu fructe de p\u0103dure<br \/>\n26 Limonad\u0103 Blue Razz<br \/>\n27 Zmeur\u0103 acri\u0219oar\u0103 albastr\u0103<br \/>\n28 Red Bull cu c\u0103p\u0219uni<br \/>\n29 Explozie de fructe de p\u0103dure \u0219i mere<br \/>\n30 Gum\u0103 de mestecat cu arom\u0103 de pepene verde<br \/>\n31 Zmeur\u0103 \u0219i pepene verde<br \/>\n32 Ghea\u021b\u0103 neagr\u0103<br \/>\n33 Afine, cire\u0219e \u0219i meri\u0219oare<br \/>\n34 Pomp\u0103 de c\u0103p\u0219uni (rodie)<br \/>\n35 Vimto<br \/>\n36 Fructe de p\u0103dure \u0219i cire\u0219e<br \/>\n37 L\u0103m\u00e2ie<br \/>\n38 Bingo Crush<br \/>\n39 Afine cu kiwi<br \/>\n40 M\u0103r cu scor\u021bi\u0219oar\u0103<\/p>\n<h3><\/h3>\n<h3><strong>De ce s\u0103 alege\u021bi Rmvapesale pentru RandM Tornado 9000 <\/strong><strong>V<\/strong><strong>V\u00e2nz\u0103ri en-gros de \u021big\u0103ri electronice<\/strong><strong>?<\/strong><\/h3>\n<div class=\"flex-shrink-0 flex flex-col relative items-end\">\n<div class=\"pt-0\">\n<div class=\"gizmo-bot-avatar flex h-8 w-8 items-center justify-center overflow-hidden rounded-full\">\n<div class=\"relative p-1 rounded-sm flex items-center justify-center bg-token-main-surface-primary text-token-text-primary h-8 w-8\">\n<p>Bun venit la Rmvapesale, magazinul dumneavoastr\u0103 de \u00eencredere pentru \u021big\u0103ri electronice de unic\u0103 folosin\u021b\u0103 premium. Cu o experien\u021b\u0103 de peste 5 ani, v\u0103 aducem branduri populare de \u021big\u0103ri electronice de unic\u0103 folosin\u021b\u0103, cum ar fi Al Fakher, Vapme Vape, <a href=\"https:\/\/rmvapesale.com\/ro\/product\/vapme-crystal-7000-puffs-rechargeable-disposable-vape-price\/\">Vapme<\/a>, <a href=\"https:\/\/rmvapesale.com\/ro\/product-category\/bang-vapes\/\">Bang Vape<\/a>, Waspe, <a href=\"https:\/\/rmvapesale.com\/ro\/product\/wga-crystal-pro-max-extra-15k-puffs-disposable-vape-wholesale\/\">WGA<\/a> Vape \u0219i<a href=\"https:\/\/rmvapesale.com\/ro\/product-category\/randm-fumot-vape\/\"> RandM Vape<\/a>.<\/p>\n<p>Gama noastr\u0103 include \u021big\u0103ri electronice foarte v\u00e2ndute, cum ar fi <a href=\"https:\/\/rmvapesale.com\/ro\/product\/fumot-digital-box-12000-disposable-vape-pink-lemonade-flavor\/\">RandM 12000<\/a> \u0219i op\u021biuni bogate \u00een arome, cum ar fi <a href=\"https:\/\/rmvapesale.com\/ro\/product\/elfbar-combo-25000-puffs-rechargeable-disposable-vape-wholesale\/\">ELFBAR Combo 25000 Puff<\/a>. Fiecare produs este ales cu accent pe calitate, valoare \u0219i varietate, asigur\u00e2ndu-v\u0103 c\u0103 g\u0103si\u021bi potrivirea perfect\u0103 pentru nevoile dumneavoastr\u0103. Descoperi\u021bi servicii excep\u021bionale \u0219i o gam\u0103 larg\u0103 de produse de top la Rmvapesale.<\/p>\n<\/div>\n<h3><\/h3>\n<div class=\"relative p-1 rounded-sm flex items-center justify-center bg-token-main-surface-primary text-token-text-primary h-8 w-8\">\n<h3><b>\u00centreb\u0103ri frecvente despre vape-ul re\u00eenc\u0103rcabil de unic\u0103 folosin\u021b\u0103 Fumot 12000 Puffs<\/b><\/h3>\n<p><strong>Unde pot cump\u0103ra vape-ul digital Fumot 12000?<\/strong><br \/>\nPentru cele mai bune oferte la vape-ul de unic\u0103 folosin\u021b\u0103 Fumot 12000 Pufuri RandM, inclusiv pre\u021buri en gros, vizita\u021bi magazinul online Rmvapesale.<\/p>\n<p><strong>Care sunt aromele populare pentru vape-ul de unic\u0103 folosin\u021b\u0103 Fumot 12000?<\/strong><br \/>\nArome populare includ Blueberry Bubblegum, Strawberry Watermelon, Lush Ice, Grape Ice \u0219i Cool Mint.<\/p>\n<p><strong>Cum \u0219tiu c\u00e2nd vape-ul meu Fumot 12000 Pufuri Smart Vape este gol?<\/strong><br \/>\nAfi\u0219ajul LED va indica niveluri sc\u0103zute de lichid \u0219i baterie, semnal\u00e2nd momentul re\u00eenc\u0103rc\u0103rii sau \u00eenlocuirii vape-ului.<\/p>\n<p><strong>C\u00e2t timp dureaz\u0103 s\u0103 \u00eencarc un vape RandM 12000 Rechargeabil?<\/strong><br \/>\nDe obicei, dureaz\u0103 aproximativ 1-2 ore pentru a re\u00eenc\u0103rca complet folosind un \u00eenc\u0103rc\u0103tor Type-C.<\/p>\n<p><strong>C\u00e2t\u0103 nicotin\u0103 con\u021bine un vape Fumot RandM 12000 Disposable?<\/strong><br \/>\nDispozitivul este disponibil \u00een op\u021biunile de nicotin\u0103 2% (20mg) \u0219i 5% (50mg).<\/p>\n<p><strong>Unde pot cump\u0103ra vape-uri RandM 12k pufuri la pre\u021b en gros?<\/strong><br \/>\nMagazinul online Rmvapesale ofer\u0103 pre\u021buri en gros pentru vape-urile RandM 12000 Pufuri.<\/p>\n<p><strong>Pot s\u0103 iau un vape de unic\u0103 folosin\u021b\u0103 \u00eentr-un avion?<\/strong><br \/>\nDa, vape-urile de unic\u0103 folosin\u021b\u0103 sunt permise \u00een bagajul de m\u00e2n\u0103, dar trebuie s\u0103 respecte reglement\u0103rile companiei aeriene privind bateriile litiu.<\/p>\n<p><strong>C\u00e2te pufuri ofer\u0103 vape-ul RandM Fumot 12k?<\/strong><br \/>\nRandM Fumot 12000 ofer\u0103 p\u00e2n\u0103 la 12.000 de pufuri pe dispozitiv.<\/p>\n<p><strong>C\u00e2t timp dureaz\u0103 s\u0103 \u00eencarc complet vape-ul RandM Tornado 12000?<\/strong><br \/>\nDureaz\u0103 aproximativ 1-2 ore pentru a \u00eenc\u0103rca complet vape-ul RandM Tornado 12000 folosind un \u00eenc\u0103rc\u0103tor USB Type-C.<\/p>\n<\/div>\n<div class=\"mb-2 flex gap-3 empty:hidden -ml-2\"><\/div>\n<p>&nbsp;<\/p>\n<\/div>\n<\/div>\n<\/div>\n<h3>Despre livrare<\/h3>\n<div class=\"flex-shrink-0 flex flex-col relative items-end\">\n<div>\n<div class=\"pt-0\">\n<div class=\"gizmo-bot-avatar flex h-8 w-8 items-center justify-center overflow-hidden rounded-full\">\n<div><\/div>\n<div class=\"relative p-1 rounded-sm flex items-center justify-center bg-token-main-surface-primary text-token-text-primary h-8 w-8\"><strong>1. Ce metode de expediere sunt folosite?<\/strong><\/div>\n<\/div>\n<\/div>\n<\/div>\n<\/div>\n<div class=\"group\/conversation-turn relative flex w-full min-w-0 flex-col agent-turn\">\n<div class=\"flex-col gap-1 md:gap-3\">\n<div class=\"flex max-w-full flex-col flex-grow\">\n<div class=\"min-h-[20px] text-message flex w-full flex-col items-end gap-2 whitespace-normal break-words [.text-message+&amp;]:mt-5 overflow-x-auto\" dir=\"auto\" data-message-author-role=\"assistant\" data-message-id=\"22f8283b-3233-46ff-89a5-c7a41b33abda\">\n<div class=\"flex w-full flex-col gap-1 empty:hidden first:pt-[3px]\">\n<div class=\"markdown prose w-full break-words dark:prose-invert light\">\n<p>Colabor\u0103m cu UPS, DHL, FedEx, DPD \u0219i al\u021bi transportatori de top. Vom selecta cea mai bun\u0103 metod\u0103 de expediere \u00een func\u021bie de loca\u021bia dvs. de livrare pentru a ne asigura c\u0103 ve\u021bi primi produsele c\u00e2t mai repede posibil.<\/p>\n<\/div>\n<p><strong>2. C\u00e2t dureaz\u0103 livrarea?<\/strong><\/p>\n<p>Pachetele expediate \u00een Rom\u00e2nia ajung de obicei \u00een 10 zile lucr\u0103toare. Livrarea \u00een \u021b\u0103rile europene dureaz\u0103, \u00een general, aproximativ 12-15 zile lucr\u0103toare. V\u0103 vom oferi actualiz\u0103ri \u00een timp real cu privire la starea expedierii dumneavoastr\u0103.<\/p>\n<\/div>\n<\/div>\n<\/div>\n<\/div>\n<\/div>\n<p>&nbsp;<\/p>\n<p>G\u0103si\u021bi mai multe produse de vapat care v-ar putea pl\u0103cea:<strong><em><a href=\"https:\/\/rmvapesale.com\/ro\/shop-2\/\">cump\u0103r\u0103 acum &gt;&gt;&gt;<\/a><\/em><\/strong><\/p>","protected":false},"excerpt":{"rendered":"<p>Fumot RandM 12000 Puffs \u021aigar\u0103 Electronic\u0103 de Unic\u0103 Folosin\u021b\u0103 cu Cutie Digital\u0103<br \/>\nFumot 12000 \u021aigar\u0103 Electronic\u0103 de Unic\u0103 Folosin\u021b\u0103 Re\u00eenc\u0103rcabil\u0103 la Pre\u021b de Gros<br \/>\nRandM Vape Fumot 12000 \u021aigar\u0103 Electronic\u0103 de Unic\u0103 Folosin\u021b\u0103 cu Nivel Sc\u0103zut de Nicotin\u0103 2%<\/p>\n<p><img loading=\"lazy\" decoding=\"async\" class=\"size-full wp-image-2375\" src=\"https:\/\/rmvapesale.com\/wp-content\/uploads\/2024\/10\/image.png\" alt=\"Cea mai bun\u0103 \u021bigar\u0103 electronic\u0103 de unic\u0103 folosin\u021b\u0103\" width=\"229\" height=\"300\" \/><\/p>\n<h3><a href=\"https:\/\/wa.me\/8617776015835\"><span style=\"color: #ff0000\"><strong>WhatsApp: +86 17776015835<\/strong><\/span><\/a><\/h3>\n<p>&nbsp;<\/p>","protected":false},"featured_media":2733,"comment_status":"open","ping_status":"closed","template":"","meta":{"_uag_custom_page_level_css":"","_lmt_disableupdate":"no","_lmt_disable":"","site-sidebar-layout":"default","site-content-layout":"content-boxed-container","ast-site-content-layout":"normal-width-container","site-content-style":"boxed","site-sidebar-style":"unboxed","ast-global-header-display":"","ast-banner-title-visibility":"","ast-main-header-display":"","ast-hfb-above-header-display":"","ast-hfb-below-header-display":"","ast-hfb-mobile-header-display":"","site-post-title":"","ast-breadcrumbs-content":"","ast-featured-img":"","footer-sml-layout":"","ast-disable-related-posts":"","theme-transparent-header-meta":"default","adv-header-id-meta":"","stick-header-meta":"","header-above-stick-meta":"","header-main-stick-meta":"","header-below-stick-meta":"","astra-migrate-meta-layouts":"set","ast-page-background-enabled":"default","ast-page-background-meta":{"desktop":{"background-color":"var(--ast-global-color-4)","background-image":"","background-repeat":"repeat","background-position":"center center","background-size":"auto","background-attachment":"scroll","background-type":"","background-media":"","overlay-type":"","overlay-color":"","overlay-opacity":"","overlay-gradient":""},"tablet":{"background-color":"","background-image":"","background-repeat":"repeat","background-position":"center center","background-size":"auto","background-attachment":"scroll","background-type":"","background-media":"","overlay-type":"","overlay-color":"","overlay-opacity":"","overlay-gradient":""},"mobile":{"background-color":"","background-image":"","background-repeat":"repeat","background-position":"center center","background-size":"auto","background-attachment":"scroll","background-type":"","background-media":"","overlay-type":"","overlay-color":"","overlay-opacity":"","overlay-gradient":""}},"ast-content-background-meta":{"desktop":{"background-color":"var(--ast-global-color-5)","background-image":"","background-repeat":"repeat","background-position":"center center","background-size":"auto","background-attachment":"scroll","background-type":"","background-media":"","overlay-type":"","overlay-color":"","overlay-opacity":"","overlay-gradient":""},"tablet":{"background-color":"var(--ast-global-color-5)","background-image":"","background-repeat":"repeat","background-position":"center center","background-size":"auto","background-attachment":"scroll","background-type":"","background-media":"","overlay-type":"","overlay-color":"","overlay-opacity":"","overlay-gradient":""},"mobile":{"background-color":"var(--ast-global-color-5)","background-image":"","background-repeat":"repeat","background-position":"center center","background-size":"auto","background-attachment":"scroll","background-type":"","background-media":"","overlay-type":"","overlay-color":"","overlay-opacity":"","overlay-gradient":""}},"_joinchat":[]},"product_brand":[],"product_cat":[15,27,51,25,123,30,26,28,31,137,136,135],"product_tag":[212,214,39,213,38],"class_list":{"0":"post-2729","1":"product","2":"type-product","3":"status-publish","4":"has-post-thumbnail","6":"product_cat-new-vape-this-week","7":"product_cat-fance-hot-sale-vape","8":"product_cat-fumot-vape","9":"product_cat-germany-best-selling-vape","10":"product_cat-italy-wholesale-vape","11":"product_cat-minimum-order-quantity-50pcs","12":"product_cat-netherlands-hot-sale-vape","13":"product_cat-poland-hot-sale-vape","14":"product_cat-randm-fumot-vape","15":"product_cat-rechargeable-vapes","16":"product_cat-smart-screen-vapes","17":"product_cat-spain-best-hot-sale-vape","18":"product_tag-fumot-12000","19":"product_tag-fumot-12k","20":"product_tag-fumot-vape","21":"product_tag-randm-12000","22":"product_tag-randm-vape","23":"desktop-align-left","24":"tablet-align-left","25":"mobile-align-left","27":"first","28":"instock","29":"sale","30":"shipping-taxable","31":"purchasable","32":"product-type-simple"},"uagb_featured_image_src":{"full":["https:\/\/rmvapesale.com\/wp-content\/uploads\/2024\/11\/RandM-Vape-12000-Puffs-Disposable-Vape-Cheap-Price.jpg",800,800,false],"thumbnail":["https:\/\/rmvapesale.com\/wp-content\/uploads\/2024\/11\/RandM-Vape-12000-Puffs-Disposable-Vape-Cheap-Price-150x150.jpg",150,150,true],"medium":["https:\/\/rmvapesale.com\/wp-content\/uploads\/2024\/11\/RandM-Vape-12000-Puffs-Disposable-Vape-Cheap-Price-300x300.jpg",300,300,true],"medium_large":["https:\/\/rmvapesale.com\/wp-content\/uploads\/2024\/11\/RandM-Vape-12000-Puffs-Disposable-Vape-Cheap-Price-768x768.jpg",768,768,true],"large":["https:\/\/rmvapesale.com\/wp-content\/uploads\/2024\/11\/RandM-Vape-12000-Puffs-Disposable-Vape-Cheap-Price.jpg",800,800,false],"1536x1536":["https:\/\/rmvapesale.com\/wp-content\/uploads\/2024\/11\/RandM-Vape-12000-Puffs-Disposable-Vape-Cheap-Price.jpg",800,800,false],"2048x2048":["https:\/\/rmvapesale.com\/wp-content\/uploads\/2024\/11\/RandM-Vape-12000-Puffs-Disposable-Vape-Cheap-Price.jpg",800,800,false],"trp-custom-language-flag":["https:\/\/rmvapesale.com\/wp-content\/uploads\/2024\/11\/RandM-Vape-12000-Puffs-Disposable-Vape-Cheap-Price.jpg",12,12,false],"woocommerce_thumbnail":["https:\/\/rmvapesale.com\/wp-content\/uploads\/2024\/11\/RandM-Vape-12000-Puffs-Disposable-Vape-Cheap-Price-300x300.jpg",300,300,true],"woocommerce_single":["https:\/\/rmvapesale.com\/wp-content\/uploads\/2024\/11\/RandM-Vape-12000-Puffs-Disposable-Vape-Cheap-Price-600x600.jpg",600,600,true],"woocommerce_gallery_thumbnail":["https:\/\/rmvapesale.com\/wp-content\/uploads\/2024\/11\/RandM-Vape-12000-Puffs-Disposable-Vape-Cheap-Price-100x100.jpg",100,100,true],"wcpr-photo-reviews":["https:\/\/rmvapesale.com\/wp-content\/uploads\/2024\/11\/RandM-Vape-12000-Puffs-Disposable-Vape-Cheap-Price.jpg",500,500,false]},"uagb_author_info":{"display_name":"AMY","author_link":"https:\/\/rmvapesale.com\/ro\/author\/"},"uagb_comment_info":0,"uagb_excerpt":"Fumot RandM 12000 Puffs Digital Box Disposable Vape Fumot 12000 Rechargeable Disposable Vape Wholesale Price RandM Vape Fumot 12000 Low Nicotine Disposable Vape 2% WhatsApp: +86 17776015835 &nbsp;","_links":{"self":[{"href":"https:\/\/rmvapesale.com\/ro\/wp-json\/wp\/v2\/product\/2729","targetHints":{"allow":["GET"]}}],"collection":[{"href":"https:\/\/rmvapesale.com\/ro\/wp-json\/wp\/v2\/product"}],"about":[{"href":"https:\/\/rmvapesale.com\/ro\/wp-json\/wp\/v2\/types\/product"}],"replies":[{"embeddable":true,"href":"https:\/\/rmvapesale.com\/ro\/wp-json\/wp\/v2\/comments?post=2729"}],"wp:featuredmedia":[{"embeddable":true,"href":"https:\/\/rmvapesale.com\/ro\/wp-json\/wp\/v2\/media\/2733"}],"wp:attachment":[{"href":"https:\/\/rmvapesale.com\/ro\/wp-json\/wp\/v2\/media?parent=2729"}],"wp:term":[{"taxonomy":"product_brand","embeddable":true,"href":"https:\/\/rmvapesale.com\/ro\/wp-json\/wp\/v2\/product_brand?post=2729"},{"taxonomy":"product_cat","embeddable":true,"href":"https:\/\/rmvapesale.com\/ro\/wp-json\/wp\/v2\/product_cat?post=2729"},{"taxonomy":"product_tag","embeddable":true,"href":"https:\/\/rmvapesale.com\/ro\/wp-json\/wp\/v2\/product_tag?post=2729"}],"curies":[{"name":"wp","href":"https:\/\/api.w.org\/{rel}","templated":true}]}}