{"id":2736,"date":"2024-11-15T03:15:27","date_gmt":"2024-11-15T03:15:27","guid":{"rendered":"https:\/\/rmvapesale.com\/?post_type=product&#038;p=2736"},"modified":"2024-11-15T06:57:59","modified_gmt":"2024-11-15T06:57:59","slug":"fumot-randm-digital-box-12000-puffs-disposable-vape-vimot-flavor-bulk-buy-2-5-nicotine","status":"publish","type":"product","link":"https:\/\/rmvapesale.com\/ro\/product\/fumot-randm-digital-box-12000-puffs-disposable-vape-vimot-flavor-bulk-buy-2-5-nicotine\/","title":{"rendered":"Fumot RandM Digital Box 12000 Puffs \u021aigar\u0103 electronic\u0103 de unic\u0103 folosin\u021b\u0103 Arom\u0103 de Vimot Cump\u0103rare \u00een vrac 2% 5% Nicotin\u0103"},"content":{"rendered":"<div class=\"B2VR9 CJHX3e\">\n<div class=\"wyccme\">\n<h1 class=\"LC20lb MBeuO DKV0Md\">Fumot RandM Digital Box 12000 Puffs \u021aigar\u0103 electronic\u0103 de unic\u0103 folosin\u021b\u0103 Arom\u0103 de Vimot Cump\u0103rare \u00een vrac 2% 5% Nicotin\u0103<\/h1>\n<div class=\"flex-shrink-0 flex flex-col relative items-end\">\n<div class=\"pt-0\">\n<div class=\"gizmo-bot-avatar flex h-8 w-8 items-center justify-center overflow-hidden rounded-full\">\n<div class=\"relative p-1 rounded-sm flex items-center justify-center bg-token-main-surface-primary text-token-text-primary h-8 w-8\">\n<p>\u021aigara Electronic\u0103 de Unic\u0103 Folosin\u021b\u0103 Fumot Randm Digital Box 12000 Puffs, conceput\u0103 pentru cei care caut\u0103 performan\u021b\u0103 de lung\u0103 durat\u0103 \u0219i o experien\u021b\u0103 vibrant\u0103 de vaping. Aceast\u0103 \u021bigar\u0103 electronic\u0103 RandM are o capacitate impresionant\u0103 de 20 ml de e-lichid, oferind p\u00e2n\u0103 la 12.000 de pufuri per dispozitiv, ceea ce o face ideal\u0103 pentru utilizare prelungit\u0103. Disponibil\u0103 \u00een concentra\u021bii de nicotin\u0103 de 2% \u0219i 5%, se adreseaz\u0103 preferin\u021belor variate, indiferent dac\u0103 sunte\u021bi \u00een c\u0103utarea unui hit puternic sau a unei op\u021biuni mai bl\u00e2nde. Acest Fumot 12000 echipat cu un afi\u0219aj digital, acest dispozitiv v\u0103 permite s\u0103 monitoriza\u021bi at\u00e2t nivelul e-lichidului, c\u00e2t \u0219i nivelul bateriei, astfel \u00eenc\u00e2t s\u0103 nu fi\u021bi niciodat\u0103 luat prin surprindere. Portul convenabil de \u00eenc\u0103rcare de tip C, asociat cu o baterie re\u00eenc\u0103rcabil\u0103 de 850 mAh, asigur\u0103 o re\u00eenc\u0103rcare rapid\u0103 \u0219i eficient\u0103 pentru a v\u0103 men\u021bine \u00een func\u021biune.<\/p>\n<p>\u021aigara Electronic\u0103 de Unic\u0103 Folosin\u021b\u0103 Randm Digital Box 12000 Puffs \u00een aroma Vimot aduce o arom\u0103 \u00eendr\u0103znea\u021b\u0103 \u0219i nori robu\u0219ti, perfect\u0103 pentru o experien\u021b\u0103 de vaping pe tot parcursul zilei. Cu construc\u021bia sa robust\u0103 \u0219i designul elegant, aceast\u0103 \u021bigar\u0103 electronic\u0103 RandM 12000 se potrive\u0219te confortabil \u00een m\u00e2n\u0103 \u0219i \u00een buzunar. Fie c\u0103 sunte\u021bi un vaper ocazional sau cineva c\u0103ruia \u00eei place confortul \u021big\u0103rilor electronice de unic\u0103 folosin\u021b\u0103, Fumot 12k ofer\u0103 o op\u021biune satisf\u0103c\u0103toare \u0219i u\u0219or de utilizat pentru vaping de \u00eenalt\u0103 calitate. Op\u021biunile de cump\u0103rare \u00een vrac sunt disponibile la Rmvapesale, ceea ce o face o alegere excelent\u0103 pentru cump\u0103r\u0103torii angro care doresc s\u0103 satisfac\u0103 cererea mare cu un produs de vaping fiabil, aromat \u0219i eficient, la pre\u021b de gros.<\/p>\n<p>&nbsp;<\/p>\n<\/div>\n<\/div>\n<\/div>\n<\/div>\n<\/div>\n<\/div>\n<p><strong>Contacta\u021bi-o pe Amy pentru a ob\u021bine un r\u0103spuns prompt \u0219i un cupon pentru vape!<\/strong><\/p>\n<p><img loading=\"lazy\" decoding=\"async\" class=\"size-full wp-image-1978\" src=\"https:\/\/rmvapesale.com\/wp-content\/uploads\/2024\/09\/Disposable-Vape-Wholesale.jpg\" alt=\"\u021aig\u0103ri electronice de unic\u0103 folosin\u021b\u0103 en-gros\" width=\"229\" height=\"300\" \/><\/p>\n<h3><a href=\"https:\/\/wa.me\/8617776015835\" target=\"_blank\" rel=\"noopener\"><span style=\"color: #ff0000\"><strong>WhatsApp: +86 17776015835<\/strong><\/span><\/a><\/h3>\n<p>&nbsp;<\/p>\n<h2><\/h2>\n<h2><strong>Randm 12000 Puffs Caracteristici Cheie<\/strong><\/h2>\n<ul>\n<li>12.000 de pufuri de lung\u0103 durat\u0103 cu 20 ml de e-lichid<\/li>\n<li>Baterie re\u00eenc\u0103rcabil\u0103 de 850 mAh cu port de tip C<\/li>\n<li>Afi\u0219aj digital pentru starea e-lichidului \u0219i a bateriei<\/li>\n<li>Disponibil \u00een op\u021biuni de nicotin\u0103 0%, 2%, 3% \u0219i 5%<\/li>\n<li>Op\u021biuni de cump\u0103rare \u00een vrac pentru v\u00e2nzare cu ridicata<\/li>\n<\/ul>\n<p>&nbsp;<\/p>\n<h2><strong>Arome de Top pentru Fumot 12000 Puffs<\/strong><\/h2>\n<p>1 Ment\u0103 Rece <span style=\"color: #ff0000\"><strong>&gt;&gt;&gt;&gt; Fierbinte!<\/strong><\/span><br \/>\n2 Ghea\u021b\u0103 de Pepene Verde<br \/>\n3 Ghea\u021b\u0103 de Struguri<br \/>\n4 Zmeur\u0103 cu Afine <span style=\"color: #ff0000\"><strong>&gt;&gt;&gt;&gt; Fierbinte!<\/strong><\/span><br \/>\n5 Pepene Verde cu C\u0103p\u0219uni<br \/>\n6 Banan\u0103 cu C\u0103p\u0219uni<br \/>\n7 Ghea\u021b\u0103 luxuriant\u0103<br \/>\n8 Cire\u0219e<br \/>\n9 C\u0103p\u0219uni cu Ghea\u021b\u0103<br \/>\n10 Acadea cu ghea\u021b\u0103<br \/>\n11 Limonad\u0103 roz <span style=\"color: #ff0000\"><strong>&gt;&gt;&gt;&gt; Fierbinte!<\/strong><\/span><br \/>\n12 Mango cu ghea\u021b\u0103<br \/>\n13 Fructe de p\u0103dure amestecate<br \/>\n14 Gogoa\u0219\u0103 cu c\u0103p\u0219uni<br \/>\n15 Struguri cu c\u0103p\u0219uni<br \/>\n16 Cola cu cire\u0219e<br \/>\n17 Dr. Blue<br \/>\n18 Afine cu ghea\u021b\u0103 <span style=\"color: #ff0000\"><strong>&gt;&gt;&gt;&gt; Fierbinte!<\/strong><\/span><br \/>\n19 Kiwi, fructul pasiunii \u0219i guava<br \/>\n20 C\u0103p\u0219uni \u0219i kiwi<br \/>\n21 Piersic\u0103 \u0219i mango<br \/>\n22 Piersic\u0103 cu ghea\u021b\u0103<br \/>\n23 M\u0103r ro\u0219u cu ghea\u021b\u0103<br \/>\n24 Gum\u0103 de mestecat cu afine <span style=\"color: #ff0000\"><strong>&gt;&gt;&gt;&gt; Cel mai bun!<\/strong><\/span><br \/>\n25 Limonad\u0103 cu fructe de p\u0103dure<br \/>\n26 Limonad\u0103 Blue Razz<br \/>\n27 Zmeur\u0103 acri\u0219oar\u0103 albastr\u0103<br \/>\n28 Red Bull cu c\u0103p\u0219uni<br \/>\n29 Explozie de fructe de p\u0103dure \u0219i mere<br \/>\n30 Gum\u0103 de mestecat cu arom\u0103 de pepene verde<br \/>\n31 Zmeur\u0103 \u0219i pepene verde<br \/>\n32 Ghea\u021b\u0103 neagr\u0103<br \/>\n33 Afine, cire\u0219e \u0219i meri\u0219oare<br \/>\n34 Pomp\u0103 de c\u0103p\u0219uni (rodie)<br \/>\n35 Vimto<br \/>\n36 Fructe de p\u0103dure \u0219i cire\u0219e<br \/>\n37 L\u0103m\u00e2ie<br \/>\n38 Bingo Crush<br \/>\n39 Afine cu kiwi<br \/>\n40 M\u0103r cu scor\u021bi\u0219oar\u0103<\/p>\n<h3><\/h3>\n<h3><strong>De ce s\u0103 alege\u021bi Rmvapesale pentru RandM Digital Box 12000 <\/strong><strong>V<\/strong><strong>V\u00e2nz\u0103ri en-gros de \u021big\u0103ri electronice<\/strong><strong>?<\/strong><\/h3>\n<div class=\"flex-shrink-0 flex flex-col relative items-end\">\n<div class=\"pt-0\">\n<div class=\"gizmo-bot-avatar flex h-8 w-8 items-center justify-center overflow-hidden rounded-full\">\n<div class=\"relative p-1 rounded-sm flex items-center justify-center bg-token-main-surface-primary text-token-text-primary h-8 w-8\">\n<p>Bun venit la Rmvapesale, magazinul dumneavoastr\u0103 de \u00eencredere pentru \u021big\u0103ri electronice de unic\u0103 folosin\u021b\u0103 premium. Cu o experien\u021b\u0103 de peste 5 ani, v\u0103 aducem branduri populare de \u021big\u0103ri electronice de unic\u0103 folosin\u021b\u0103, cum ar fi Al Fakher, Vapme Vape, <a href=\"https:\/\/rmvapesale.com\/ro\/product\/vapme-crystal-7000-puffs-rechargeable-disposable-vape-price\/\">Vapme<\/a>, <a href=\"https:\/\/rmvapesale.com\/ro\/product-category\/bang-vapes\/\">Bang Vape<\/a>, Waspe, <a href=\"https:\/\/rmvapesale.com\/ro\/product\/wga-crystal-pro-max-extra-15k-puffs-disposable-vape-wholesale\/\">WGA<\/a> Vape \u0219i<a href=\"https:\/\/rmvapesale.com\/ro\/product-category\/randm-fumot-vape\/\"> RandM Vape<\/a>.<\/p>\n<p>Gama noastr\u0103 include \u021big\u0103ri electronice foarte v\u00e2ndute, cum ar fi <a href=\"https:\/\/rmvapesale.com\/ro\/product\/fumot-digital-box-12000-disposable-vape-pink-lemonade-flavor\/\">RandM 12000<\/a> \u0219i op\u021biuni bogate \u00een arome, cum ar fi <a href=\"https:\/\/rmvapesale.com\/ro\/product\/wga-crystal-pro-max-extra-15k-puffs-disposable-vape-wholesale\/\">WGA 15K<\/a>. Fiecare produs este ales cu accent pe calitate, valoare \u0219i varietate, asigur\u00e2ndu-v\u0103 c\u0103 g\u0103si\u021bi potrivirea perfect\u0103 pentru nevoile dumneavoastr\u0103. Descoperi\u021bi servicii excep\u021bionale \u0219i o gam\u0103 larg\u0103 de produse de top la Rmvapesale.<\/p>\n<\/div>\n<h3><\/h3>\n<div class=\"relative p-1 rounded-sm flex items-center justify-center bg-token-main-surface-primary text-token-text-primary h-8 w-8\">\n<h3><b>\u00centreb\u0103ri frecvente despre vape-ul re\u00eenc\u0103rcabil de unic\u0103 folosin\u021b\u0103 Fumot 12000 Puffs<\/b><\/h3>\n<div class=\"flex-shrink-0 flex flex-col relative items-end\">\n<div>\n<div class=\"pt-0\">\n<div class=\"gizmo-bot-avatar flex h-8 w-8 items-center justify-center overflow-hidden rounded-full\">\n<div class=\"relative p-1 rounded-sm flex items-center justify-center bg-token-main-surface-primary text-token-text-primary h-8 w-8\"><\/div>\n<\/div>\n<\/div>\n<\/div>\n<\/div>\n<div class=\"group\/conversation-turn relative flex w-full min-w-0 flex-col agent-turn\">\n<div class=\"flex-col gap-1 md:gap-3\">\n<div class=\"flex max-w-full flex-col flex-grow\">\n<div class=\"min-h-8 text-message flex w-full flex-col items-end gap-2 whitespace-normal break-words [.text-message+&amp;]:mt-5\" dir=\"auto\" data-message-author-role=\"assistant\" data-message-id=\"00c9b302-bc9c-4550-94ba-5a295efa2be3\" data-message-model-slug=\"gpt-4o\">\n<div class=\"flex w-full flex-col gap-1 empty:hidden first:pt-[3px]\">\n<div class=\"markdown prose w-full break-words dark:prose-invert light\">\n<ol>\n<li><strong>C\u00e2te pufuri ofer\u0103 Vape-ul Fumot 12000 Digital Box?<\/strong><br \/>\nVape-ul Fumot 12000 Digital Box ofer\u0103 p\u00e2n\u0103 la 12.000 de pufuri.<\/li>\n<li><strong>Care este aroma popular\u0103 pentru vape-ul de unic\u0103 folosin\u021b\u0103 RandM 12000?<\/strong><br \/>\nAromele populare pentru vape-ul de unic\u0103 folosin\u021b\u0103 RandM 12000 variaz\u0103 foarte mult, dar amestecurile de fructe, menta \u0219i aromele inspirate de deserturi sunt adesea preferatele utilizatorilor.<\/li>\n<li><strong>Cum \u0219tiu c\u00e2nd vape-ul meu re\u00eenc\u0103rcabil Fumot Vape 12000 Puffs este gol?<\/strong><br \/>\nVape-ul Fumot 12000 Digital Box are un afi\u0219aj digital care arat\u0103 nivelul e-lichidului. C\u00e2nd indicatorul nivelului e-lichidului este sc\u0103zut sau gol, este timpul s\u0103 \u00eenlocui\u021bi dispozitivul sau s\u0103 \u00eel reumple\u021bi dac\u0103 este un model re\u00eenc\u0103rcabil.<\/li>\n<li><strong>C\u00e2t\u0103 nicotin\u0103 se afl\u0103 \u00eentr-un Vape de unic\u0103 folosin\u021b\u0103 Fumot Digital Box 12000?<\/strong><br \/>\nVape-ul de unic\u0103 folosin\u021b\u0103 Fumot Digital Box 12000 ofer\u0103 concentra\u021bii de nicotin\u0103 de 0%, 2%, 3% \u0219i 5%, permi\u021b\u00e2nd utilizatorilor s\u0103 aleag\u0103 \u00een func\u021bie de preferin\u021bele lor.<\/li>\n<li><strong>C\u00e2t timp dureaz\u0103 \u00eenc\u0103rcarea complet\u0103 a vape-ului Fumot 12000?<\/strong><br \/>\nCu bateria re\u00eenc\u0103rcabil\u0103 de 850mAh \u0219i portul de \u00eenc\u0103rcare Type-C, vape-ul Fumot 12000 dureaz\u0103 de obicei aproximativ 1-2 ore pentru a se \u00eenc\u0103rca complet, \u00een func\u021bie de sursa de alimentare.<\/li>\n<li><strong>De unde pot cump\u0103ra Vape-uri RandM Digital Box 12000 puff la pre\u021buri de en-gros?<\/strong><br \/>\nPute\u021bi achizi\u021biona vape-uri RandM Digital Box 12000 puff la pre\u021buri de en-gros la <a href=\"https:\/\/rmvapesale.com\/ro\/\" target=\"_new\" rel=\"noopener\">Rmvapesale<\/a>, un magazin online de vape-uri cunoscut pentru consumabilele de vape \u00een vrac.<\/li>\n<li><strong>Pot s\u0103 iau un vape de unic\u0103 folosin\u021b\u0103 \u00eentr-un avion?<\/strong><br \/>\nDa, pute\u021bi lua un vape de unic\u0103 folosin\u021b\u0103 \u00eentr-un avion, dar trebuie s\u0103 fie transportat \u00een bagajul de m\u00e2n\u0103. Cu toate acestea, verifica\u021bi politica companiei aeriene, deoarece restric\u021biile pot varia.<\/li>\n<\/ol>\n<\/div>\n<\/div>\n<\/div>\n<\/div>\n<\/div>\n<\/div>\n<\/div>\n<div class=\"mb-2 flex gap-3 empty:hidden -ml-2\"><\/div>\n<p>&nbsp;<\/p>\n<\/div>\n<\/div>\n<\/div>\n<h3>Despre livrare<\/h3>\n<div class=\"flex-shrink-0 flex flex-col relative items-end\">\n<div>\n<div class=\"pt-0\">\n<div class=\"gizmo-bot-avatar flex h-8 w-8 items-center justify-center overflow-hidden rounded-full\">\n<div><\/div>\n<div class=\"relative p-1 rounded-sm flex items-center justify-center bg-token-main-surface-primary text-token-text-primary h-8 w-8\"><strong>1. Ce metode de expediere sunt folosite?<\/strong><\/div>\n<\/div>\n<\/div>\n<\/div>\n<\/div>\n<div class=\"group\/conversation-turn relative flex w-full min-w-0 flex-col agent-turn\">\n<div class=\"flex-col gap-1 md:gap-3\">\n<div class=\"flex max-w-full flex-col flex-grow\">\n<div class=\"min-h-[20px] text-message flex w-full flex-col items-end gap-2 whitespace-normal break-words [.text-message+&amp;]:mt-5 overflow-x-auto\" dir=\"auto\" data-message-author-role=\"assistant\" data-message-id=\"22f8283b-3233-46ff-89a5-c7a41b33abda\">\n<div class=\"flex w-full flex-col gap-1 empty:hidden first:pt-[3px]\">\n<div class=\"markdown prose w-full break-words dark:prose-invert light\">\n<p>Colabor\u0103m cu UPS, DHL, FedEx, DPD \u0219i al\u021bi transportatori de top. Vom selecta cea mai bun\u0103 metod\u0103 de expediere \u00een func\u021bie de loca\u021bia dvs. de livrare pentru a ne asigura c\u0103 ve\u021bi primi produsele c\u00e2t mai repede posibil.<\/p>\n<\/div>\n<p><strong>2. C\u00e2t dureaz\u0103 livrarea?<\/strong><\/p>\n<p>Pachetele expediate \u00een Rom\u00e2nia ajung de obicei \u00een 10 zile lucr\u0103toare. Livrarea \u00een \u021b\u0103rile europene dureaz\u0103, \u00een general, aproximativ 12-15 zile lucr\u0103toare. V\u0103 vom oferi actualiz\u0103ri \u00een timp real cu privire la starea expedierii dumneavoastr\u0103.<\/p>\n<\/div>\n<\/div>\n<\/div>\n<\/div>\n<\/div>\n<p>&nbsp;<\/p>\n<p>G\u0103si\u021bi mai multe produse de vapat care v-ar putea pl\u0103cea:<strong><em><a href=\"https:\/\/rmvapesale.com\/ro\/shop-2\/\">cump\u0103r\u0103 acum &gt;&gt;&gt;<\/a><\/em><\/strong><\/p>","protected":false},"excerpt":{"rendered":"<p>Fumot RandM 12000 Puffs \u021aigar\u0103 Electronic\u0103 de Unic\u0103 Folosin\u021b\u0103 cu Cutie Digital\u0103<br \/>\nFumot 12000 \u021aigar\u0103 Electronic\u0103 de Unic\u0103 Folosin\u021b\u0103 Re\u00eenc\u0103rcabil\u0103 la Pre\u021b de Gros<br \/>\nRandM Vape Fumot 12000 \u021aigar\u0103 Electronic\u0103 de Unic\u0103 Folosin\u021b\u0103 cu Nivel Sc\u0103zut de Nicotin\u0103 2%<\/p>\n<p><img loading=\"lazy\" decoding=\"async\" class=\"size-full wp-image-2375\" src=\"https:\/\/rmvapesale.com\/wp-content\/uploads\/2024\/10\/image.png\" alt=\"Cea mai bun\u0103 \u021bigar\u0103 electronic\u0103 de unic\u0103 folosin\u021b\u0103\" width=\"229\" height=\"300\" \/><\/p>\n<h3><a href=\"https:\/\/wa.me\/8617776015835\"><span style=\"color: #ff0000\"><strong>WhatsApp: +86 17776015835<\/strong><\/span><\/a><\/h3>\n<p>&nbsp;<\/p>","protected":false},"featured_media":2732,"comment_status":"open","ping_status":"closed","template":"","meta":{"_uag_custom_page_level_css":"","_lmt_disableupdate":"no","_lmt_disable":"","site-sidebar-layout":"default","site-content-layout":"content-boxed-container","ast-site-content-layout":"normal-width-container","site-content-style":"boxed","site-sidebar-style":"unboxed","ast-global-header-display":"","ast-banner-title-visibility":"","ast-main-header-display":"","ast-hfb-above-header-display":"","ast-hfb-below-header-display":"","ast-hfb-mobile-header-display":"","site-post-title":"","ast-breadcrumbs-content":"","ast-featured-img":"","footer-sml-layout":"","theme-transparent-header-meta":"default","adv-header-id-meta":"","stick-header-meta":"","header-above-stick-meta":"","header-main-stick-meta":"","header-below-stick-meta":"","astra-migrate-meta-layouts":"set","ast-page-background-enabled":"default","ast-page-background-meta":{"desktop":{"background-color":"var(--ast-global-color-4)","background-image":"","background-repeat":"repeat","background-position":"center center","background-size":"auto","background-attachment":"scroll","background-type":"","background-media":"","overlay-type":"","overlay-color":"","overlay-opacity":"","overlay-gradient":""},"tablet":{"background-color":"","background-image":"","background-repeat":"repeat","background-position":"center center","background-size":"auto","background-attachment":"scroll","background-type":"","background-media":"","overlay-type":"","overlay-color":"","overlay-opacity":"","overlay-gradient":""},"mobile":{"background-color":"","background-image":"","background-repeat":"repeat","background-position":"center center","background-size":"auto","background-attachment":"scroll","background-type":"","background-media":"","overlay-type":"","overlay-color":"","overlay-opacity":"","overlay-gradient":""}},"ast-content-background-meta":{"desktop":{"background-color":"var(--ast-global-color-5)","background-image":"","background-repeat":"repeat","background-position":"center center","background-size":"auto","background-attachment":"scroll","background-type":"","background-media":"","overlay-type":"","overlay-color":"","overlay-opacity":"","overlay-gradient":""},"tablet":{"background-color":"var(--ast-global-color-5)","background-image":"","background-repeat":"repeat","background-position":"center center","background-size":"auto","background-attachment":"scroll","background-type":"","background-media":"","overlay-type":"","overlay-color":"","overlay-opacity":"","overlay-gradient":""},"mobile":{"background-color":"var(--ast-global-color-5)","background-image":"","background-repeat":"repeat","background-position":"center center","background-size":"auto","background-attachment":"scroll","background-type":"","background-media":"","overlay-type":"","overlay-color":"","overlay-opacity":"","overlay-gradient":""}},"_joinchat":[]},"product_brand":[],"product_cat":[15,51,25,123,26,28,135,27,31,137,136,30],"product_tag":[212,214,39,213,38],"class_list":{"0":"post-2736","1":"product","2":"type-product","3":"status-publish","4":"has-post-thumbnail","6":"product_cat-new-vape-this-week","7":"product_cat-fumot-vape","8":"product_cat-germany-best-selling-vape","9":"product_cat-italy-wholesale-vape","10":"product_cat-netherlands-hot-sale-vape","11":"product_cat-poland-hot-sale-vape","12":"product_cat-spain-best-hot-sale-vape","13":"product_cat-fance-hot-sale-vape","14":"product_cat-randm-fumot-vape","15":"product_cat-rechargeable-vapes","16":"product_cat-smart-screen-vapes","17":"product_cat-minimum-order-quantity-50pcs","18":"product_tag-fumot-12000","19":"product_tag-fumot-12k","20":"product_tag-fumot-vape","21":"product_tag-randm-12000","22":"product_tag-randm-vape","23":"desktop-align-left","24":"tablet-align-left","25":"mobile-align-left","27":"first","28":"instock","29":"sale","30":"shipping-taxable","31":"purchasable","32":"product-type-simple"},"uagb_featured_image_src":{"full":["https:\/\/rmvapesale.com\/wp-content\/uploads\/2024\/11\/RandM-Digital-12000-Puffs-Disposable-Vape-Wholesale.jpg",800,800,false],"thumbnail":["https:\/\/rmvapesale.com\/wp-content\/uploads\/2024\/11\/RandM-Digital-12000-Puffs-Disposable-Vape-Wholesale-150x150.jpg",150,150,true],"medium":["https:\/\/rmvapesale.com\/wp-content\/uploads\/2024\/11\/RandM-Digital-12000-Puffs-Disposable-Vape-Wholesale-300x300.jpg",300,300,true],"medium_large":["https:\/\/rmvapesale.com\/wp-content\/uploads\/2024\/11\/RandM-Digital-12000-Puffs-Disposable-Vape-Wholesale-768x768.jpg",768,768,true],"large":["https:\/\/rmvapesale.com\/wp-content\/uploads\/2024\/11\/RandM-Digital-12000-Puffs-Disposable-Vape-Wholesale.jpg",800,800,false],"1536x1536":["https:\/\/rmvapesale.com\/wp-content\/uploads\/2024\/11\/RandM-Digital-12000-Puffs-Disposable-Vape-Wholesale.jpg",800,800,false],"2048x2048":["https:\/\/rmvapesale.com\/wp-content\/uploads\/2024\/11\/RandM-Digital-12000-Puffs-Disposable-Vape-Wholesale.jpg",800,800,false],"trp-custom-language-flag":["https:\/\/rmvapesale.com\/wp-content\/uploads\/2024\/11\/RandM-Digital-12000-Puffs-Disposable-Vape-Wholesale.jpg",12,12,false],"woocommerce_thumbnail":["https:\/\/rmvapesale.com\/wp-content\/uploads\/2024\/11\/RandM-Digital-12000-Puffs-Disposable-Vape-Wholesale-300x300.jpg",300,300,true],"woocommerce_single":["https:\/\/rmvapesale.com\/wp-content\/uploads\/2024\/11\/RandM-Digital-12000-Puffs-Disposable-Vape-Wholesale-600x600.jpg",600,600,true],"woocommerce_gallery_thumbnail":["https:\/\/rmvapesale.com\/wp-content\/uploads\/2024\/11\/RandM-Digital-12000-Puffs-Disposable-Vape-Wholesale-100x100.jpg",100,100,true],"wcpr-photo-reviews":["https:\/\/rmvapesale.com\/wp-content\/uploads\/2024\/11\/RandM-Digital-12000-Puffs-Disposable-Vape-Wholesale.jpg",500,500,false]},"uagb_author_info":{"display_name":"AMY","author_link":"https:\/\/rmvapesale.com\/ro\/author\/"},"uagb_comment_info":0,"uagb_excerpt":"Fumot RandM 12000 Puffs Digital Box Disposable Vape Fumot 12000 Rechargeable Disposable Vape Wholesale Price RandM Vape Fumot 12000 Low Nicotine Disposable Vape 2% WhatsApp: +86 17776015835 &nbsp;","_links":{"self":[{"href":"https:\/\/rmvapesale.com\/ro\/wp-json\/wp\/v2\/product\/2736","targetHints":{"allow":["GET"]}}],"collection":[{"href":"https:\/\/rmvapesale.com\/ro\/wp-json\/wp\/v2\/product"}],"about":[{"href":"https:\/\/rmvapesale.com\/ro\/wp-json\/wp\/v2\/types\/product"}],"replies":[{"embeddable":true,"href":"https:\/\/rmvapesale.com\/ro\/wp-json\/wp\/v2\/comments?post=2736"}],"wp:featuredmedia":[{"embeddable":true,"href":"https:\/\/rmvapesale.com\/ro\/wp-json\/wp\/v2\/media\/2732"}],"wp:attachment":[{"href":"https:\/\/rmvapesale.com\/ro\/wp-json\/wp\/v2\/media?parent=2736"}],"wp:term":[{"taxonomy":"product_brand","embeddable":true,"href":"https:\/\/rmvapesale.com\/ro\/wp-json\/wp\/v2\/product_brand?post=2736"},{"taxonomy":"product_cat","embeddable":true,"href":"https:\/\/rmvapesale.com\/ro\/wp-json\/wp\/v2\/product_cat?post=2736"},{"taxonomy":"product_tag","embeddable":true,"href":"https:\/\/rmvapesale.com\/ro\/wp-json\/wp\/v2\/product_tag?post=2736"}],"curies":[{"name":"wp","href":"https:\/\/api.w.org\/{rel}","templated":true}]}}