{"id":2738,"date":"2024-11-15T08:19:48","date_gmt":"2024-11-15T08:19:48","guid":{"rendered":"https:\/\/rmvapesale.com\/?post_type=product&#038;p=2738"},"modified":"2024-11-15T08:43:47","modified_gmt":"2024-11-15T08:43:47","slug":"fumot-randm-12000-strawberry-kiwi-flavor-disposable-vape-wholesale-netherlands","status":"publish","type":"product","link":"https:\/\/rmvapesale.com\/ro\/product\/fumot-randm-12000-strawberry-kiwi-flavor-disposable-vape-wholesale-netherlands\/","title":{"rendered":"Fumot RandM 12000 Arom\u0103 de c\u0103p\u0219uni \u0219i kiwi \u021aigar\u0103 electronic\u0103 de unic\u0103 folosin\u021b\u0103 En-gros Rom\u00e2nia"},"content":{"rendered":"<div class=\"B2VR9 CJHX3e\">\n<div class=\"wyccme\">\n<h1 class=\"LC20lb MBeuO DKV0Md\">Fumot RandM 12000 Arom\u0103 de c\u0103p\u0219uni \u0219i kiwi \u021aigar\u0103 electronic\u0103 de unic\u0103 folosin\u021b\u0103 En-gros Rom\u00e2nia<\/h1>\n<div class=\"flex-shrink-0 flex flex-col relative items-end\">\n<div class=\"pt-0\">\n<div class=\"gizmo-bot-avatar flex h-8 w-8 items-center justify-center overflow-hidden rounded-full\">\n<div class=\"relative p-1 rounded-sm flex items-center justify-center bg-token-main-surface-primary text-token-text-primary h-8 w-8\">\n<p>&nbsp;<\/p>\n<p>Experimenteaz\u0103 amestecul vibrant de c\u0103p\u0219uni \u0219i kiwi cu Fumot RandM 12000 Arome de C\u0103p\u0219uni \u0219i Kiwi Vape Dispozitiv de Unic\u0103 Folosin\u021b\u0103, proiectat s\u0103 ofere p\u00e2n\u0103 la 12.000 de pufuri de arom\u0103 bogat\u0103 \u0219i satisf\u0103c\u0103toare. Acest dispozitiv de unic\u0103 folosin\u021b\u0103 este ideal pentru en gros \u00een Rom\u00e2nia, oferind o solu\u021bie de vaping de durat\u0103 lung\u0103, perfect\u0103 pentru utilizatori noi \u0219i experimenta\u021bi. Cu o capacitate de 20ml de e-lichid \u0219i op\u021biuni de nicotin\u0103 de 0%, 2%, 3% sau 5%, acest dispozitiv r\u0103spunde diverselor preferin\u021be, oferind utilizatorilor posibilitatea de a alege intensitatea care li se potrive\u0219te cel mai bine. Bateria puternic\u0103 de 850mAh re\u00eenc\u0103rcabil\u0103, combinat\u0103 cu un port de \u00eenc\u0103rcare Type-C convenabil, asigur\u0103 o experien\u021b\u0103 de vaping ne\u00eentrerupt\u0103, cu timp de inactivitate minim.<\/p>\n<p>Fumot RandM 12000 Arome de C\u0103p\u0219uni \u0219i Kiwi Vape Dispozitiv de Unic\u0103 Folosin\u021b\u0103 include \u0219i un afi\u0219aj digital care ofer\u0103 actualiz\u0103ri \u00een timp real despre durata de via\u021b\u0103 a bateriei \u0219i nivelul de e-lichid, astfel \u00eenc\u00e2t s\u0103 fii mereu \u00een control. Proiectat cu tehnologie avansat\u0103 de bobin\u0103 din plas\u0103, acest vape ofer\u0103 un vapori neted \u0219i plin de arom\u0103, amplific\u00e2nd dulcea\u021ba natural\u0103 \u0219i aciditatea amestecului de c\u0103p\u0219uni \u0219i kiwi. Conceput pentru confort, fiecare unitate vine preumplut\u0103, iar designul compact \u0219i ergonomic \u00eel face u\u0219or de purtat. Indiferent dac\u0103 cau\u021bi o solu\u021bie pentru deplasare sau un vape plin de arom\u0103 \u0219i performan\u021b\u0103 \u00eenalt\u0103, acest dispozitiv RandM 12000 Strawberry kiwi este perfect pentru comenzi en gros pentru a satisface cererea clien\u021bilor.<\/p>\n<\/div>\n<\/div>\n<\/div>\n<\/div>\n<\/div>\n<\/div>\n<p><strong>Contacta\u021bi-o pe Amy pentru a ob\u021bine un r\u0103spuns prompt \u0219i un cupon pentru vape!<\/strong><\/p>\n<p><img loading=\"lazy\" decoding=\"async\" class=\"size-full wp-image-1978\" src=\"https:\/\/rmvapesale.com\/wp-content\/uploads\/2024\/09\/Disposable-Vape-Wholesale.jpg\" alt=\"\u021aig\u0103ri electronice de unic\u0103 folosin\u021b\u0103 en-gros\" width=\"229\" height=\"300\" \/><\/p>\n<h3><a href=\"https:\/\/wa.me\/8617776015835\" target=\"_blank\" rel=\"noopener\"><span style=\"color: #ff0000\"><strong>WhatsApp: +86 17776015835<\/strong><\/span><\/a><\/h3>\n<p>&nbsp;<\/p>\n<h2><\/h2>\n<h2><strong>Randm 12000 Puffs Caracteristici Cheie<\/strong><\/h2>\n<ul>\n<li>P\u00e2n\u0103 la 12.000 de pufuri pe dispozitiv<\/li>\n<li>Afi\u0219aj digital afi\u0219eaz\u0103 nivelul bateriei \u0219i al e-lichidului<\/li>\n<li>Arome de C\u0103p\u0219uni \u0219i Kiwi cu capacitate de 20ml de e-lichid<\/li>\n<li>Baterie re\u00eenc\u0103rcabil\u0103 de 850 mAh cu port de tip C<\/li>\n<li>Disponibil \u00een nicotin\u0103 0%, 2%, 3% \u0219i 5%<\/li>\n<\/ul>\n<figure id=\"attachment_2731\" aria-describedby=\"caption-attachment-2731\" style=\"width: 800px\" class=\"wp-caption alignnone\"><img loading=\"lazy\" decoding=\"async\" class=\"wp-image-2731 size-full\" src=\"https:\/\/rmvapesale.com\/wp-content\/uploads\/2024\/11\/RandM-12000-Disposable-Vape-Bulk-Buy.jpg\" alt=\"RandM 12000 \u021aigar\u0103 electronic\u0103 de unic\u0103 folosin\u021b\u0103 Cump\u0103rare \u00een vrac\" width=\"800\" height=\"800\" srcset=\"https:\/\/rmvapesale.com\/wp-content\/uploads\/2024\/11\/RandM-12000-Disposable-Vape-Bulk-Buy.jpg 800w, https:\/\/rmvapesale.com\/wp-content\/uploads\/2024\/11\/RandM-12000-Disposable-Vape-Bulk-Buy-300x300.jpg 300w, https:\/\/rmvapesale.com\/wp-content\/uploads\/2024\/11\/RandM-12000-Disposable-Vape-Bulk-Buy-150x150.jpg 150w, https:\/\/rmvapesale.com\/wp-content\/uploads\/2024\/11\/RandM-12000-Disposable-Vape-Bulk-Buy-768x768.jpg 768w, https:\/\/rmvapesale.com\/wp-content\/uploads\/2024\/11\/RandM-12000-Disposable-Vape-Bulk-Buy-600x600.jpg 600w, https:\/\/rmvapesale.com\/wp-content\/uploads\/2024\/11\/RandM-12000-Disposable-Vape-Bulk-Buy-100x100.jpg 100w\" sizes=\"auto, (max-width: 800px) 100vw, 800px\" \/><figcaption id=\"caption-attachment-2731\" class=\"wp-caption-text\">RandM 12000 \u021aigar\u0103 electronic\u0103 de unic\u0103 folosin\u021b\u0103 Cump\u0103rare \u00een vrac<\/figcaption><\/figure>\n<h2><strong>Arome de Top pentru Fumot 12000 Puffs<\/strong><\/h2>\n<p>1 Ment\u0103 Rece <span style=\"color: #ff0000\"><strong>&gt;&gt;&gt;&gt; Fierbinte!<\/strong><\/span><br \/>\n2 Ghea\u021b\u0103 de Pepene Verde<br \/>\n3 Ghea\u021b\u0103 de Struguri<br \/>\n4 Zmeur\u0103 cu Afine <span style=\"color: #ff0000\"><strong>&gt;&gt;&gt;&gt; Fierbinte!<\/strong><\/span><br \/>\n5 Pepene Verde cu C\u0103p\u0219uni<br \/>\n6 Banan\u0103 cu C\u0103p\u0219uni<br \/>\n7 Ghea\u021b\u0103 luxuriant\u0103<br \/>\n8 Cire\u0219e<br \/>\n9 C\u0103p\u0219uni cu Ghea\u021b\u0103<br \/>\n10 Acadea cu ghea\u021b\u0103<br \/>\n11 Limonad\u0103 roz <span style=\"color: #ff0000\"><strong>&gt;&gt;&gt;&gt; Fierbinte!<\/strong><\/span><br \/>\n12 Mango cu ghea\u021b\u0103<br \/>\n13 Fructe de p\u0103dure amestecate<br \/>\n14 Gogoa\u0219\u0103 cu c\u0103p\u0219uni<br \/>\n15 Struguri cu c\u0103p\u0219uni<br \/>\n16 Cola cu cire\u0219e<br \/>\n17 Dr. Blue<br \/>\n18 Afine cu ghea\u021b\u0103 <span style=\"color: #ff0000\"><strong>&gt;&gt;&gt;&gt; Fierbinte!<\/strong><\/span><br \/>\n19 Kiwi, fructul pasiunii \u0219i guava<br \/>\n20 C\u0103p\u0219uni \u0219i kiwi<br \/>\n21 Piersic\u0103 \u0219i mango<br \/>\n22 Piersic\u0103 cu ghea\u021b\u0103<br \/>\n23 M\u0103r ro\u0219u cu ghea\u021b\u0103<br \/>\n24 Gum\u0103 de mestecat cu afine <span style=\"color: #ff0000\"><strong>&gt;&gt;&gt;&gt; Cel mai bun!<\/strong><\/span><br \/>\n25 Limonad\u0103 cu fructe de p\u0103dure<br \/>\n26 Limonad\u0103 Blue Razz<br \/>\n27 Zmeur\u0103 acri\u0219oar\u0103 albastr\u0103<br \/>\n28 Red Bull cu c\u0103p\u0219uni<br \/>\n29 Explozie de fructe de p\u0103dure \u0219i mere<br \/>\n30 Gum\u0103 de mestecat cu arom\u0103 de pepene verde<br \/>\n31 Zmeur\u0103 \u0219i pepene verde<br \/>\n32 Ghea\u021b\u0103 neagr\u0103<br \/>\n33 Afine, cire\u0219e \u0219i meri\u0219oare<br \/>\n34 Pomp\u0103 de c\u0103p\u0219uni (rodie)<br \/>\n35 Vimto<br \/>\n36 Fructe de p\u0103dure \u0219i cire\u0219e<br \/>\n37 L\u0103m\u00e2ie<br \/>\n38 Bingo Crush<br \/>\n39 Afine cu kiwi<br \/>\n40 M\u0103r cu scor\u021bi\u0219oar\u0103<\/p>\n<h3><\/h3>\n<h3><strong>De ce s\u0103 alege\u021bi Rmvapesale pentru RandM Digital Box 12000 <\/strong><strong>V<\/strong><strong>V\u00e2nz\u0103ri en-gros de \u021big\u0103ri electronice<\/strong><strong>?<\/strong><\/h3>\n<div class=\"flex-shrink-0 flex flex-col relative items-end\">\n<div class=\"pt-0\">\n<div class=\"gizmo-bot-avatar flex h-8 w-8 items-center justify-center overflow-hidden rounded-full\">\n<div class=\"relative p-1 rounded-sm flex items-center justify-center bg-token-main-surface-primary text-token-text-primary h-8 w-8\">\n<p>Bun venit la Rmvapesale, magazinul dumneavoastr\u0103 de \u00eencredere pentru \u021big\u0103ri electronice de unic\u0103 folosin\u021b\u0103 premium. Cu o experien\u021b\u0103 de peste 5 ani, v\u0103 aducem branduri populare de \u021big\u0103ri electronice de unic\u0103 folosin\u021b\u0103, cum ar fi Al Fakher, Vapme Vape, <a href=\"https:\/\/rmvapesale.com\/ro\/product\/vapme-crystal-7000-puffs-rechargeable-disposable-vape-price\/\">Vapme<\/a>, <a href=\"https:\/\/rmvapesale.com\/ro\/product-category\/bang-vapes\/\">Bang Vape<\/a>, Waspe, <a href=\"https:\/\/rmvapesale.com\/ro\/product\/wga-crystal-pro-max-extra-15k-puffs-disposable-vape-wholesale\/\">WGA<\/a> Vape \u0219i<a href=\"https:\/\/rmvapesale.com\/ro\/product-category\/randm-fumot-vape\/\"> RandM Vape<\/a>.<\/p>\n<p>Gama noastr\u0103 include \u021big\u0103ri electronice foarte v\u00e2ndute, cum ar fi <a href=\"https:\/\/rmvapesale.com\/ro\/product\/fumot-digital-box-12000-disposable-vape-pink-lemonade-flavor\/\">RandM 12000 Puffs<\/a> \u0219i op\u021biuni bogate \u00een arome, cum ar fi <a href=\"https:\/\/rmvapesale.com\/ro\/product\/wga-crystal-pro-max-extra-15k-puffs-disposable-vape-wholesale\/\">WGA 15K<\/a>. Fiecare produs este ales cu accent pe calitate, valoare \u0219i varietate, asigur\u00e2ndu-v\u0103 c\u0103 g\u0103si\u021bi potrivirea perfect\u0103 pentru nevoile dumneavoastr\u0103. Descoperi\u021bi servicii excep\u021bionale \u0219i o gam\u0103 larg\u0103 de produse de top la Rmvapesale.<\/p>\n<\/div>\n<h3><\/h3>\n<div class=\"relative p-1 rounded-sm flex items-center justify-center bg-token-main-surface-primary text-token-text-primary h-8 w-8\">\n<h3><b>\u00centreb\u0103ri frecvente despre RandM 12000 Pufuri Vape Re\u00eenc\u0103rcabil<\/b><\/h3>\n<div class=\"group\/conversation-turn relative flex w-full min-w-0 flex-col agent-turn\">\n<div class=\"flex-col gap-1 md:gap-3\">\n<div class=\"flex max-w-full flex-col flex-grow\">\n<div class=\"min-h-8 text-message flex w-full flex-col items-end gap-2 whitespace-normal break-words [.text-message+&amp;]:mt-5\" dir=\"auto\" data-message-author-role=\"assistant\" data-message-id=\"00c9b302-bc9c-4550-94ba-5a295efa2be3\" data-message-model-slug=\"gpt-4o\">\n<div class=\"flex w-full flex-col gap-1 empty:hidden first:pt-[3px]\">\n<div class=\"markdown prose w-full break-words dark:prose-invert light\">\n<div class=\"flex-shrink-0 flex flex-col relative items-end\">\n<div>\n<div class=\"pt-0\">\n<div class=\"gizmo-bot-avatar flex h-8 w-8 items-center justify-center overflow-hidden rounded-full\">\n<div class=\"relative p-1 rounded-sm flex items-center justify-center bg-token-main-surface-primary text-token-text-primary h-8 w-8\"><\/div>\n<\/div>\n<\/div>\n<\/div>\n<\/div>\n<div class=\"group\/conversation-turn relative flex w-full min-w-0 flex-col agent-turn\">\n<div class=\"flex-col gap-1 md:gap-3\">\n<div class=\"flex max-w-full flex-col flex-grow\">\n<div class=\"min-h-8 text-message flex w-full flex-col items-end gap-2 whitespace-normal break-words [.text-message+&amp;]:mt-5\" dir=\"auto\" data-message-author-role=\"assistant\" data-message-id=\"a3dc01bd-23b0-4fd7-bb9a-7827522cefd8\" data-message-model-slug=\"gpt-4o\">\n<div class=\"flex w-full flex-col gap-1 empty:hidden first:pt-[3px]\">\n<div class=\"markdown prose w-full break-words dark:prose-invert light\">\n<ul>\n<li><strong>C\u00e2te pufuri ofer\u0103 Fumot 12000 Vape Re\u00eenc\u0103rcabil?<\/strong><br \/>\nFumot 12000 Vape Re\u00eenc\u0103rcabil ofer\u0103 p\u00e2n\u0103 la <strong>12.000 de pufuri<\/strong>, oferind o experien\u021b\u0103 de vaping de durat\u0103 lung\u0103.<\/li>\n<li><strong>Care sunt aromele populare pentru vape-ul RandM 12000 Digital Box?<\/strong><br \/>\nArome populare pentru RandM 12000 Digital Box includ <strong>C\u0103p\u0219uni Kiwi<\/strong> \u0219i <strong>C\u0103p\u0219uni Pepene Ro\u0219u<\/strong>. Aceste arome sunt deosebit de populare datorit\u0103 profilurilor lor echilibrate \u0219i r\u0103coritoare de gust.<\/li>\n<li><strong>Cum \u0219tiu c\u00e2nd dispozitivul meu Fumot Vape 12000 Digital Box este gol?<\/strong><br \/>\nFumot 12000 Digital Box Vape are un <strong>ecran digital<\/strong> care afi\u0219eaz\u0103 nivelul de e-lichid. C\u00e2nd nivelul de e-lichid este sc\u0103zut sau produc\u021bia de vapori scade semnificativ, este un semn c\u0103 dispozitivul este aproape gol.<\/li>\n<li><strong>C\u00e2t\u0103 nicotin\u0103 con\u021bin vape-urile Fumot 12000 Pufuri?<\/strong><br \/>\nFumot 12000 Vape de unic\u0103 folosin\u021b\u0103 ofer\u0103 niveluri de nicotin\u0103 de <strong>0%, 2%, 3% \u0219i 5%<\/strong>, adaptate pentru o gam\u0103 larg\u0103 de preferin\u021be ale utilizatorilor.<\/li>\n<li><strong>C\u00e2t timp dureaz\u0103 s\u0103 se \u00eencarce complet vape-ul de unic\u0103 folosin\u021b\u0103 Fumot 12000?<\/strong><br \/>\n\u00cenc\u0103rcarea vape-ului de unic\u0103 folosin\u021b\u0103 Fumot 12000 dureaz\u0103 de obicei aproximativ <strong>1 p\u00e2n\u0103 la 1,5 ore<\/strong> folosind portul Type-C, \u00een func\u021bie de \u00eenc\u0103rc\u0103torul utilizat.<\/li>\n<li><strong>Unde pute\u021bi cump\u0103ra \u00een vrac Fumot RandM Digital Box 12000 Vapes la pre\u021b de en-gros?<\/strong><br \/>\nPentru pre\u021buri en-gros la Fumot RandM Digital Box 12000 Vapes, vizita\u021bi <strong>magazinul online de \u021bigarete Rmvapesale<\/strong> pentru cele mai bune oferte \u0219i op\u021biuni de achizi\u021bie \u00een cantit\u0103\u021bi mari.<\/li>\n<li><strong>Pot s\u0103 iau un vape de unic\u0103 folosin\u021b\u0103 \u00eentr-un avion?<\/strong><br \/>\nDa, pute\u021bi aduce un vape de unic\u0103 folosin\u021b\u0103 pe avion. Cu toate acestea, acesta trebuie p\u0103strat \u00een <strong>bagajul de m\u00e2n\u0103<\/strong>, deoarece majoritatea companiilor aeriene interzic dispozitivele de vaping \u00een bagajul de cal\u0103 din cauza reglement\u0103rilor de siguran\u021b\u0103 a bateriilor.<\/li>\n<\/ul>\n<\/div>\n<\/div>\n<\/div>\n<\/div>\n<\/div>\n<\/div>\n<\/div>\n<\/div>\n<\/div>\n<\/div>\n<\/div>\n<\/div>\n<\/div>\n<div class=\"mb-2 flex gap-3 empty:hidden -ml-2\"><\/div>\n<p>&nbsp;<\/p>\n<\/div>\n<\/div>\n<\/div>\n<h3>Despre livrare<\/h3>\n<div class=\"flex-shrink-0 flex flex-col relative items-end\">\n<div>\n<div class=\"pt-0\">\n<div class=\"gizmo-bot-avatar flex h-8 w-8 items-center justify-center overflow-hidden rounded-full\">\n<div><\/div>\n<div class=\"relative p-1 rounded-sm flex items-center justify-center bg-token-main-surface-primary text-token-text-primary h-8 w-8\"><strong>1. Ce metode de expediere sunt folosite?<\/strong><\/div>\n<\/div>\n<\/div>\n<\/div>\n<\/div>\n<div class=\"group\/conversation-turn relative flex w-full min-w-0 flex-col agent-turn\">\n<div class=\"flex-col gap-1 md:gap-3\">\n<div class=\"flex max-w-full flex-col flex-grow\">\n<div class=\"min-h-[20px] text-message flex w-full flex-col items-end gap-2 whitespace-normal break-words [.text-message+&amp;]:mt-5 overflow-x-auto\" dir=\"auto\" data-message-author-role=\"assistant\" data-message-id=\"22f8283b-3233-46ff-89a5-c7a41b33abda\">\n<div class=\"flex w-full flex-col gap-1 empty:hidden first:pt-[3px]\">\n<div class=\"markdown prose w-full break-words dark:prose-invert light\">\n<p>Colabor\u0103m cu UPS, DHL, FedEx, DPD \u0219i al\u021bi transportatori de top. Vom selecta cea mai bun\u0103 metod\u0103 de expediere \u00een func\u021bie de loca\u021bia dvs. de livrare pentru a ne asigura c\u0103 ve\u021bi primi produsele c\u00e2t mai repede posibil.<\/p>\n<\/div>\n<p><strong>2. C\u00e2t dureaz\u0103 livrarea?<\/strong><\/p>\n<p>Pachetele expediate \u00een Rom\u00e2nia ajung de obicei \u00een 10 zile lucr\u0103toare. Livrarea \u00een \u021b\u0103rile europene dureaz\u0103, \u00een general, aproximativ 12-15 zile lucr\u0103toare. V\u0103 vom oferi actualiz\u0103ri \u00een timp real cu privire la starea expedierii dumneavoastr\u0103.<\/p>\n<\/div>\n<\/div>\n<\/div>\n<\/div>\n<\/div>\n<p>&nbsp;<\/p>\n<p>G\u0103si\u021bi mai multe produse de vapat care v-ar putea pl\u0103cea:<strong><em><a href=\"https:\/\/rmvapesale.com\/ro\/shop-2\/\">cump\u0103r\u0103 acum &gt;&gt;&gt;<\/a><\/em><\/strong><\/p>","protected":false},"excerpt":{"rendered":"<p>Fumot Digital Box 12000 de unic\u0103 folosin\u021b\u0103 pentru vapat<br \/>\nRandM Vape Fumot Digital Box 12000 Pufuri Achizi\u021bie en gros<br \/>\nFumot 12000 Vape Dispozitiv de Unic\u0103 Folosin\u021b\u0103 Toate Arome \u00een Stoc en gros<\/p>\n<p><img loading=\"lazy\" decoding=\"async\" class=\"size-full wp-image-2375\" src=\"https:\/\/rmvapesale.com\/wp-content\/uploads\/2024\/10\/image.png\" alt=\"Cea mai bun\u0103 \u021bigar\u0103 electronic\u0103 de unic\u0103 folosin\u021b\u0103\" width=\"229\" height=\"300\" \/><\/p>\n<h3><a href=\"https:\/\/wa.me\/8617776015835\"><span style=\"color: #ff0000\"><strong>WhatsApp: +86 17776015835<\/strong><\/span><\/a><\/h3>\n<p>&nbsp;<\/p>","protected":false},"featured_media":2730,"comment_status":"open","ping_status":"closed","template":"","meta":{"_uag_custom_page_level_css":"","_lmt_disableupdate":"no","_lmt_disable":"","site-sidebar-layout":"default","site-content-layout":"content-boxed-container","ast-site-content-layout":"normal-width-container","site-content-style":"boxed","site-sidebar-style":"unboxed","ast-global-header-display":"","ast-banner-title-visibility":"","ast-main-header-display":"","ast-hfb-above-header-display":"","ast-hfb-below-header-display":"","ast-hfb-mobile-header-display":"","site-post-title":"","ast-breadcrumbs-content":"","ast-featured-img":"","footer-sml-layout":"","theme-transparent-header-meta":"default","adv-header-id-meta":"","stick-header-meta":"","header-above-stick-meta":"","header-main-stick-meta":"","header-below-stick-meta":"","astra-migrate-meta-layouts":"set","ast-page-background-enabled":"default","ast-page-background-meta":{"desktop":{"background-color":"var(--ast-global-color-4)","background-image":"","background-repeat":"repeat","background-position":"center center","background-size":"auto","background-attachment":"scroll","background-type":"","background-media":"","overlay-type":"","overlay-color":"","overlay-opacity":"","overlay-gradient":""},"tablet":{"background-color":"","background-image":"","background-repeat":"repeat","background-position":"center center","background-size":"auto","background-attachment":"scroll","background-type":"","background-media":"","overlay-type":"","overlay-color":"","overlay-opacity":"","overlay-gradient":""},"mobile":{"background-color":"","background-image":"","background-repeat":"repeat","background-position":"center center","background-size":"auto","background-attachment":"scroll","background-type":"","background-media":"","overlay-type":"","overlay-color":"","overlay-opacity":"","overlay-gradient":""}},"ast-content-background-meta":{"desktop":{"background-color":"var(--ast-global-color-5)","background-image":"","background-repeat":"repeat","background-position":"center center","background-size":"auto","background-attachment":"scroll","background-type":"","background-media":"","overlay-type":"","overlay-color":"","overlay-opacity":"","overlay-gradient":""},"tablet":{"background-color":"var(--ast-global-color-5)","background-image":"","background-repeat":"repeat","background-position":"center center","background-size":"auto","background-attachment":"scroll","background-type":"","background-media":"","overlay-type":"","overlay-color":"","overlay-opacity":"","overlay-gradient":""},"mobile":{"background-color":"var(--ast-global-color-5)","background-image":"","background-repeat":"repeat","background-position":"center center","background-size":"auto","background-attachment":"scroll","background-type":"","background-media":"","overlay-type":"","overlay-color":"","overlay-opacity":"","overlay-gradient":""}},"_joinchat":[]},"product_brand":[],"product_cat":[15,51,25,123,26,28,135,27,31,137,136,30],"product_tag":[212,214,39,213,38],"class_list":{"0":"post-2738","1":"product","2":"type-product","3":"status-publish","4":"has-post-thumbnail","6":"product_cat-new-vape-this-week","7":"product_cat-fumot-vape","8":"product_cat-germany-best-selling-vape","9":"product_cat-italy-wholesale-vape","10":"product_cat-netherlands-hot-sale-vape","11":"product_cat-poland-hot-sale-vape","12":"product_cat-spain-best-hot-sale-vape","13":"product_cat-fance-hot-sale-vape","14":"product_cat-randm-fumot-vape","15":"product_cat-rechargeable-vapes","16":"product_cat-smart-screen-vapes","17":"product_cat-minimum-order-quantity-50pcs","18":"product_tag-fumot-12000","19":"product_tag-fumot-12k","20":"product_tag-fumot-vape","21":"product_tag-randm-12000","22":"product_tag-randm-vape","23":"desktop-align-left","24":"tablet-align-left","25":"mobile-align-left","27":"first","28":"instock","29":"sale","30":"shipping-taxable","31":"purchasable","32":"product-type-simple"},"uagb_featured_image_src":{"full":["https:\/\/rmvapesale.com\/wp-content\/uploads\/2024\/11\/Fumot-12000-Disposable-Vape-Wholesale.jpg",800,800,false],"thumbnail":["https:\/\/rmvapesale.com\/wp-content\/uploads\/2024\/11\/Fumot-12000-Disposable-Vape-Wholesale-150x150.jpg",150,150,true],"medium":["https:\/\/rmvapesale.com\/wp-content\/uploads\/2024\/11\/Fumot-12000-Disposable-Vape-Wholesale-300x300.jpg",300,300,true],"medium_large":["https:\/\/rmvapesale.com\/wp-content\/uploads\/2024\/11\/Fumot-12000-Disposable-Vape-Wholesale-768x768.jpg",768,768,true],"large":["https:\/\/rmvapesale.com\/wp-content\/uploads\/2024\/11\/Fumot-12000-Disposable-Vape-Wholesale.jpg",800,800,false],"1536x1536":["https:\/\/rmvapesale.com\/wp-content\/uploads\/2024\/11\/Fumot-12000-Disposable-Vape-Wholesale.jpg",800,800,false],"2048x2048":["https:\/\/rmvapesale.com\/wp-content\/uploads\/2024\/11\/Fumot-12000-Disposable-Vape-Wholesale.jpg",800,800,false],"trp-custom-language-flag":["https:\/\/rmvapesale.com\/wp-content\/uploads\/2024\/11\/Fumot-12000-Disposable-Vape-Wholesale.jpg",12,12,false],"woocommerce_thumbnail":["https:\/\/rmvapesale.com\/wp-content\/uploads\/2024\/11\/Fumot-12000-Disposable-Vape-Wholesale-300x300.jpg",300,300,true],"woocommerce_single":["https:\/\/rmvapesale.com\/wp-content\/uploads\/2024\/11\/Fumot-12000-Disposable-Vape-Wholesale-600x600.jpg",600,600,true],"woocommerce_gallery_thumbnail":["https:\/\/rmvapesale.com\/wp-content\/uploads\/2024\/11\/Fumot-12000-Disposable-Vape-Wholesale-100x100.jpg",100,100,true],"wcpr-photo-reviews":["https:\/\/rmvapesale.com\/wp-content\/uploads\/2024\/11\/Fumot-12000-Disposable-Vape-Wholesale.jpg",500,500,false]},"uagb_author_info":{"display_name":"AMY","author_link":"https:\/\/rmvapesale.com\/ro\/author\/"},"uagb_comment_info":0,"uagb_excerpt":"Fumot Digital Box 12000 Disposable Vape RandM Vape Fumot Digital Box 12000 Puff Bulk Buy Fumot 12000 Disposable Vape All Flavor in Stock Wholesale WhatsApp: +86 17776015835 &nbsp;","_links":{"self":[{"href":"https:\/\/rmvapesale.com\/ro\/wp-json\/wp\/v2\/product\/2738","targetHints":{"allow":["GET"]}}],"collection":[{"href":"https:\/\/rmvapesale.com\/ro\/wp-json\/wp\/v2\/product"}],"about":[{"href":"https:\/\/rmvapesale.com\/ro\/wp-json\/wp\/v2\/types\/product"}],"replies":[{"embeddable":true,"href":"https:\/\/rmvapesale.com\/ro\/wp-json\/wp\/v2\/comments?post=2738"}],"wp:featuredmedia":[{"embeddable":true,"href":"https:\/\/rmvapesale.com\/ro\/wp-json\/wp\/v2\/media\/2730"}],"wp:attachment":[{"href":"https:\/\/rmvapesale.com\/ro\/wp-json\/wp\/v2\/media?parent=2738"}],"wp:term":[{"taxonomy":"product_brand","embeddable":true,"href":"https:\/\/rmvapesale.com\/ro\/wp-json\/wp\/v2\/product_brand?post=2738"},{"taxonomy":"product_cat","embeddable":true,"href":"https:\/\/rmvapesale.com\/ro\/wp-json\/wp\/v2\/product_cat?post=2738"},{"taxonomy":"product_tag","embeddable":true,"href":"https:\/\/rmvapesale.com\/ro\/wp-json\/wp\/v2\/product_tag?post=2738"}],"curies":[{"name":"wp","href":"https:\/\/api.w.org\/{rel}","templated":true}]}}