{"id":2751,"date":"2024-11-18T03:50:24","date_gmt":"2024-11-18T03:50:24","guid":{"rendered":"https:\/\/rmvapesale.com\/?post_type=product&#038;p=2751"},"modified":"2024-11-18T07:14:21","modified_gmt":"2024-11-18T07:14:21","slug":"jnr-falcon-x-18000-puffs-rechargeable-disposable-vape-wholesale-cheap-price","status":"publish","type":"product","link":"https:\/\/rmvapesale.com\/ro\/product\/jnr-falcon-x-18000-puffs-rechargeable-disposable-vape-wholesale-cheap-price\/","title":{"rendered":"JNR Falcon X 18000 Pufuri Reincarcabil Vap\u0103 de unic\u0103 folosin\u021b\u0103 Pret Ieftin en-gros"},"content":{"rendered":"<div class=\"B2VR9 CJHX3e\">\n<div class=\"wyccme\">\n<h1 class=\"LC20lb MBeuO DKV0Md\">JNR Falcon X 18000 Pufuri Reincarcabil Vap\u0103 de unic\u0103 folosin\u021b\u0103 Pret Ieftin en-gros<\/h1>\n<div class=\"flex-shrink-0 flex flex-col relative items-end\">\n<div class=\"pt-0\">\n<div class=\"gizmo-bot-avatar flex h-8 w-8 items-center justify-center overflow-hidden rounded-full\">\n<div class=\"relative p-1 rounded-sm flex items-center justify-center bg-token-main-surface-primary text-token-text-primary h-8 w-8\">\n<p>The <strong>JNR Falcon X 18000 Pufuri Vape de unic\u0103 folosin\u021b\u0103 re\u00eenc\u0103rcabil\u0103 <\/strong>este un dispozitiv de ultim\u0103 genera\u021bie conceput pentru a oferi p\u00e2n\u0103 la un incredibil <strong>18.000 de pufuri<\/strong> de vaping satisf\u0103c\u0103tor \u0219i plin de arom\u0103. Preumplut cu <strong>24ml de e-lichid premium<\/strong>, acest dispozitiv este disponibil \u00eentr-o gam\u0103 de 2% <strong>op\u021biuni cu nicotin\u0103 sc\u0103zut\u0103<\/strong> care satisfac toate preferin\u021bele. Designul elegant, clar ca cristalul, este la fel de stilat pe c\u00e2t este de func\u021bional, permi\u021b\u00e2ndu-v\u0103 s\u0103 monitoriza\u021bi cu u\u0219urin\u021b\u0103 nivelul r\u0103mas de e-lichid. Alege\u021bi dintr-o selec\u021bie de <strong>28 de arome premium<\/strong>, inclusiv favoritele clien\u021bilor precum <strong>C\u0103p\u0219uni Kiwi<\/strong>, <strong>Zmeura Albastra cu gheata<\/strong>, \u0219i <strong>Cola cu cire\u0219e<\/strong>, pentru o experien\u021b\u0103 de vaping de neuitat, adaptat\u0103 gusturilor dumneavoastr\u0103.<\/p>\n<p>The <strong>JNR 18000 Vape de unic\u0103 folosin\u021b\u0103<\/strong> este alimentat de o baterie re\u00eenc\u0103rcabil\u0103 de lung\u0103 durat\u0103 <strong>950mAh<\/strong>, asigur\u00e2nd performan\u021b\u0103 constant\u0103 de la primul puf p\u00e2n\u0103 la ultimul. Un ecran \u00eencorporat v\u0103 \u021bine informat despre nivelul bateriei \u0219i al e-lichidului, astfel \u00eenc\u00e2t s\u0103 nu fi\u021bi niciodat\u0103 surprins. Perfect pentru cump\u0103r\u0103torii en-gros, acest dispozitiv vape JNR 18000 este o op\u021biune de baz\u0103 pentru clien\u021bii care caut\u0103 un vape de mare capacitate, fiabil, care combin\u0103 confortul, stilul \u0219i valoarea excep\u021bional\u0103.<\/p>\n<\/div>\n<\/div>\n<\/div>\n<\/div>\n<\/div>\n<\/div>\n<p><strong>Contacta\u021bi-o pe Amy pentru a ob\u021bine un r\u0103spuns prompt \u0219i un cupon pentru vape!<\/strong><\/p>\n<p><img loading=\"lazy\" decoding=\"async\" class=\"size-full wp-image-1978\" src=\"https:\/\/rmvapesale.com\/wp-content\/uploads\/2024\/09\/Disposable-Vape-Wholesale.jpg\" alt=\"\u021aig\u0103ri electronice de unic\u0103 folosin\u021b\u0103 en-gros\" width=\"229\" height=\"300\" \/><\/p>\n<h3><a href=\"https:\/\/wa.me\/8617776015835\" target=\"_blank\" rel=\"noopener\"><span style=\"color: #ff0000\"><strong>WhatsApp: +86 17776015835<\/strong><\/span><\/a><\/h3>\n<p>&nbsp;<\/p>\n<h2><\/h2>\n<h2><strong>Caracteristici cheie JNR Falcon X 18000 Pufuri<\/strong><\/h2>\n<ul>\n<li>P\u00e2n\u0103 la <strong>18.000 de pufuri<\/strong> cu fiecare dispozitiv<\/li>\n<li><strong>950mAh<\/strong> pentru o durat\u0103 de via\u021b\u0103 \u00eendelungat\u0103<\/li>\n<li>Pre-umplut\u0103 cu <strong>E-lichid premium de 24ml<\/strong><\/li>\n<li>Ecran de afi\u0219are pentru nivelul bateriei \u0219i al e-lichidului<\/li>\n<li>Disponibil \u00een <strong>28 arome unice cu con\u021binut sc\u0103zut de nicotin\u0103<\/strong><\/li>\n<\/ul>\n<figure id=\"attachment_2745\" aria-describedby=\"caption-attachment-2745\" style=\"width: 800px\" class=\"wp-caption alignnone\"><img loading=\"lazy\" decoding=\"async\" class=\"wp-image-2745 size-full\" src=\"https:\/\/rmvapesale.com\/wp-content\/uploads\/2024\/11\/JNR-18000-Puff-Disposable-Vape.jpg\" alt=\"Vaporizator de unic\u0103 folosin\u021b\u0103 JNR 18000 Pufuri\" width=\"800\" height=\"800\" srcset=\"https:\/\/rmvapesale.com\/wp-content\/uploads\/2024\/11\/JNR-18000-Puff-Disposable-Vape.jpg 800w, https:\/\/rmvapesale.com\/wp-content\/uploads\/2024\/11\/JNR-18000-Puff-Disposable-Vape-300x300.jpg 300w, https:\/\/rmvapesale.com\/wp-content\/uploads\/2024\/11\/JNR-18000-Puff-Disposable-Vape-150x150.jpg 150w, https:\/\/rmvapesale.com\/wp-content\/uploads\/2024\/11\/JNR-18000-Puff-Disposable-Vape-768x768.jpg 768w, https:\/\/rmvapesale.com\/wp-content\/uploads\/2024\/11\/JNR-18000-Puff-Disposable-Vape-600x600.jpg 600w, https:\/\/rmvapesale.com\/wp-content\/uploads\/2024\/11\/JNR-18000-Puff-Disposable-Vape-100x100.jpg 100w\" sizes=\"auto, (max-width: 800px) 100vw, 800px\" \/><figcaption id=\"caption-attachment-2745\" class=\"wp-caption-text\">Vaporizator de unic\u0103 folosin\u021b\u0103 JNR 18000 Pufuri<\/figcaption><\/figure>\n<h2><strong>Arom\u0103 de top pentru JNR JNR Falcon X 18000 Pufuri<\/strong><\/h2>\n<p>1.Ghea\u021b\u0103 de Zmeur\u0103 Albastr\u0103 <span style=\"color: #ff0000\"><strong>&gt;&gt;&gt;&gt; Fierbinte!<\/strong><\/span><br \/>\n2. Afine zmeur\u0103 <span style=\"color: #ff0000\"><strong>&gt;&gt;&gt;&gt; Fierbinte!<\/strong><\/span><br \/>\n3. Menta r\u0103coritoare<br \/>\n4. Kiwi pepene verde cu ghea\u021b\u0103<br \/>\n5. Strugure cu ghea\u021b\u0103<br \/>\n6. C\u0103p\u0219uni kiwi<br \/>\n7. C\u0103p\u0219uni pepene verde cu ghea\u021b\u0103<br \/>\n8. Pepene verde cu ghea\u021b\u0103<br \/>\n9. C\u0103p\u0219uni cu ghea\u021b\u0103<br \/>\n10. Fructe de p\u0103dure mixte <span style=\"color: #ff0000\"><strong>&gt;&gt;&gt;&gt; Cel mai bun!<\/strong><\/span><br \/>\n11. Gum\u0103 de mestecat cu pepene verde <span style=\"color: #ff0000\"><strong>&gt;&gt;&gt;&gt; Fierbinte!<\/strong><\/span><br \/>\n12. M\u0103r acru cu ghea\u021b\u0103<br \/>\n13. Piersic\u0103 cu ghea\u021b\u0103<br \/>\n14. Explozie de fructe de p\u0103dure<br \/>\n15. Afine zmeur\u0103 cire\u0219e<br \/>\n16. Cire\u0219e de fructe de p\u0103dure<br \/>\n17. C\u0103p\u0219uni banan\u0103<br \/>\n18. Afine kiwi<br \/>\n19. Fructul pasiunii kiwi<br \/>\n20. Piersic\u0103 Alb\u0103 Razz<br \/>\n21. Razz Albastru Cire\u0219e<br \/>\n22. Cire\u0219e Pepene Verde \u00cenghe\u021bat\u0103<br \/>\n23. Cola Cire\u0219e<br \/>\n24. Banane Ghea\u021b\u0103<br \/>\n25. Skittles<br \/>\n26. Triplu Pepene<br \/>\n27. Domnul Albastru <span style=\"color: #ff0000\"><strong>&gt;&gt;&gt;&gt; Fierbinte!<\/strong><\/span><br \/>\n28. Ghea\u021b\u0103 Cire\u0219e<br \/>\n29. Lychee Pepene Verde<\/p>\n<p>&nbsp;<\/p>\n<h3><strong>De ce s\u0103 alegi Rmvapesale pentru JNR 18000 Pufuri <\/strong><strong>V<\/strong><strong>V\u00e2nz\u0103ri en-gros de \u021big\u0103ri electronice<\/strong><strong>?<\/strong><\/h3>\n<div class=\"flex-shrink-0 flex flex-col relative items-end\">\n<div class=\"pt-0\">\n<div class=\"gizmo-bot-avatar flex h-8 w-8 items-center justify-center overflow-hidden rounded-full\">\n<div class=\"relative p-1 rounded-sm flex items-center justify-center bg-token-main-surface-primary text-token-text-primary h-8 w-8\">\n<p>Bun venit la Rmvapesale, magazinul dumneavoastr\u0103 de \u00eencredere pentru \u021big\u0103ri electronice de unic\u0103 folosin\u021b\u0103 premium. Cu o experien\u021b\u0103 de peste 5 ani, v\u0103 aducem branduri populare de \u021big\u0103ri electronice de unic\u0103 folosin\u021b\u0103, cum ar fi Al Fakher, Vapme Vape, <a href=\"https:\/\/rmvapesale.com\/ro\/product\/vapme-crystal-7000-puffs-rechargeable-disposable-vape-price\/\">Vapme<\/a>, <a href=\"https:\/\/rmvapesale.com\/ro\/product-category\/bang-vapes\/\">Bang Vape<\/a>, Waspe, <a href=\"https:\/\/rmvapesale.com\/ro\/product\/wga-crystal-pro-max-extra-15k-puffs-disposable-vape-wholesale\/\">WGA<\/a> Vape \u0219i<a href=\"https:\/\/rmvapesale.com\/ro\/product-category\/randm-fumot-vape\/\"> RandM Vape<\/a>.<\/p>\n<p>Gama noastr\u0103 include \u021big\u0103ri electronice foarte v\u00e2ndute, cum ar fi <a href=\"https:\/\/rmvapesale.com\/ro\/product\/fumot-randm-12000-strawberry-kiwi-flavor-disposable-vape-wholesale-netherlands\/\">RandM 12000 Puffs<\/a> \u0219i op\u021biuni bogate \u00een arome, cum ar fi <a href=\"https:\/\/rmvapesale.com\/ro\/product\/wga-crystal-pro-max-extra-15k-puffs-disposable-vape-wholesale\/\">WGA 15K<\/a>. Fiecare produs este ales cu accent pe calitate, valoare \u0219i varietate, asigur\u00e2ndu-v\u0103 c\u0103 g\u0103si\u021bi potrivirea perfect\u0103 pentru nevoile dumneavoastr\u0103. Descoperi\u021bi servicii excep\u021bionale \u0219i o gam\u0103 larg\u0103 de produse de top la Rmvapesale.<\/p>\n<\/div>\n<h3><\/h3>\n<div class=\"relative p-1 rounded-sm flex items-center justify-center bg-token-main-surface-primary text-token-text-primary h-8 w-8\">\n<h3><b>\u00centreb\u0103ri frecvente despre JNR 18000 Pufuri Re\u00eenc\u0103rcabil\u0103 Vape de unic\u0103 folosin\u021b\u0103<\/b><\/h3>\n<div class=\"group\/conversation-turn relative flex w-full min-w-0 flex-col agent-turn\">\n<div class=\"flex-col gap-1 md:gap-3\">\n<div class=\"flex max-w-full flex-col flex-grow\">\n<div class=\"min-h-8 text-message flex w-full flex-col items-end gap-2 whitespace-normal break-words [.text-message+&amp;]:mt-5\" dir=\"auto\" data-message-author-role=\"assistant\" data-message-id=\"00c9b302-bc9c-4550-94ba-5a295efa2be3\" data-message-model-slug=\"gpt-4o\">\n<div class=\"flex w-full flex-col gap-1 empty:hidden first:pt-[3px]\">\n<div class=\"markdown prose w-full break-words dark:prose-invert light\">\n<div class=\"flex-shrink-0 flex flex-col relative items-end\">\n<div>\n<div class=\"pt-0\">\n<div class=\"gizmo-bot-avatar flex h-8 w-8 items-center justify-center overflow-hidden rounded-full\">\n<div class=\"relative p-1 rounded-sm flex items-center justify-center bg-token-main-surface-primary text-token-text-primary h-8 w-8\">\n<div class=\"flex-shrink-0 flex flex-col relative items-end\">\n<div>\n<div class=\"pt-0\">\n<div class=\"gizmo-bot-avatar flex h-8 w-8 items-center justify-center overflow-hidden rounded-full\">\n<div class=\"relative p-1 rounded-sm flex items-center justify-center bg-token-main-surface-primary text-token-text-primary h-8 w-8\">\n<ul>\n<li><strong>C\u00e2te pufuri ofer\u0103 Vapa re\u00eenc\u0103rcabil\u0103 JNR Falcon 16000 Puffs?<\/strong><br \/>\nJNR Falcon X ofer\u0103 p\u00e2n\u0103 la <strong>18.000 de pufuri<\/strong>, fiind unul dintre cele mai durabile vape de unic\u0103 folosin\u021b\u0103 disponibile.<\/li>\n<li><strong>Care sunt aromele populare pentru vape-ul digital JNR Falcon X 18000?<\/strong><br \/>\nArome populare includ <strong>C\u0103p\u0219uni Pepene Verde Ghea\u021b\u0103<\/strong>, <strong>Zmeura Albastra cu gheata<\/strong>, <strong>Cola cu cire\u0219e<\/strong>, <strong>Peach Ice (Ghea\u021b\u0103 de Piersici)<\/strong>, \u0219i <strong>Fructe de p\u0103dure amestecate<\/strong>.<\/li>\n<li><strong>Cum \u0219tiu c\u00e2nd vape-ul meu JNR JNR18000 Pufuri este gol?<\/strong><br \/>\nJNR Falcon X are o <strong>ecran digital<\/strong> care arat\u0103 nivelul r\u0103mas de lichid \u0219i baterie, ajut\u00e2ndu-v\u0103 s\u0103 monitoriza\u021bi c\u00e2nd se apropie de sf\u00e2r\u0219it sau este gol.<\/li>\n<li><strong>C\u00e2t\u0103 nicotine con\u021bine un vape de unic\u0103 folosin\u021b\u0103 JNR 18000 Pufuri?<\/strong><br \/>\nVape-ul de unic\u0103 folosin\u021b\u0103 JNR 18000 Pufuri este disponibil cu <strong>2% (20mg)<\/strong> or <strong>5% (50mg)<\/strong> sare de nicotine, pentru a satisface diferite preferin\u021be.<\/li>\n<li><strong>C\u00e2t dureaz\u0103 \u00eenc\u0103rcarea complet\u0103 a \u021bigaretei de unic\u0103 folosin\u021b\u0103 JNR 16000?<\/strong><br \/>\nFolosind <strong>portul de \u00eenc\u0103rcare rapid\u0103 Type-C<\/strong>, JNR 18000 se \u00eencarc\u0103 de obicei complet \u00een <strong>1 p\u00e2n\u0103 la 1,5 ore<\/strong>.<\/li>\n<li><strong>Unde pot cump\u0103ra vape-uri JNR Falcon X 18000 la pre\u021b en gros?<\/strong><br \/>\nPentru cele mai bune pre\u021buri en gros, clien\u021bii sunt sf\u0103tui\u021bi s\u0103 viziteze <strong>Rmvapesale<\/strong>, un magazin online de vapoane care ofer\u0103 oferte competitive pentru achizi\u021bii en-gros.<\/li>\n<\/ul>\n<\/div>\n<\/div>\n<\/div>\n<\/div>\n<\/div>\n<\/div>\n<\/div>\n<\/div>\n<\/div>\n<\/div>\n<div class=\"group\/conversation-turn relative flex w-full min-w-0 flex-col agent-turn\">\n<div class=\"flex-col gap-1 md:gap-3\">\n<div class=\"flex max-w-full flex-col flex-grow\">\n<div class=\"min-h-8 text-message flex w-full flex-col items-end gap-2 whitespace-normal break-words [.text-message+&amp;]:mt-5\" dir=\"auto\" data-message-author-role=\"assistant\" data-message-id=\"a3dc01bd-23b0-4fd7-bb9a-7827522cefd8\" data-message-model-slug=\"gpt-4o\">\n<div class=\"flex w-full flex-col gap-1 empty:hidden first:pt-[3px]\">\n<div class=\"markdown prose w-full break-words dark:prose-invert light\">\n<p>&nbsp;<\/p>\n<\/div>\n<\/div>\n<\/div>\n<\/div>\n<\/div>\n<\/div>\n<\/div>\n<\/div>\n<\/div>\n<\/div>\n<\/div>\n<\/div>\n<\/div>\n<div class=\"mb-2 flex gap-3 empty:hidden -ml-2\"><\/div>\n<p>&nbsp;<\/p>\n<\/div>\n<\/div>\n<\/div>\n<h3>Despre livrare<\/h3>\n<div class=\"flex-shrink-0 flex flex-col relative items-end\">\n<div>\n<div class=\"pt-0\">\n<div class=\"gizmo-bot-avatar flex h-8 w-8 items-center justify-center overflow-hidden rounded-full\">\n<div><\/div>\n<div class=\"relative p-1 rounded-sm flex items-center justify-center bg-token-main-surface-primary text-token-text-primary h-8 w-8\"><strong>1. Ce metode de expediere sunt folosite?<\/strong><\/div>\n<\/div>\n<\/div>\n<\/div>\n<\/div>\n<div class=\"group\/conversation-turn relative flex w-full min-w-0 flex-col agent-turn\">\n<div class=\"flex-col gap-1 md:gap-3\">\n<div class=\"flex max-w-full flex-col flex-grow\">\n<div class=\"min-h-[20px] text-message flex w-full flex-col items-end gap-2 whitespace-normal break-words [.text-message+&amp;]:mt-5 overflow-x-auto\" dir=\"auto\" data-message-author-role=\"assistant\" data-message-id=\"22f8283b-3233-46ff-89a5-c7a41b33abda\">\n<div class=\"flex w-full flex-col gap-1 empty:hidden first:pt-[3px]\">\n<div class=\"markdown prose w-full break-words dark:prose-invert light\">\n<p>Colabor\u0103m cu UPS, DHL, FedEx, DPD \u0219i al\u021bi transportatori de top. Vom selecta cea mai bun\u0103 metod\u0103 de expediere \u00een func\u021bie de loca\u021bia dvs. de livrare pentru a ne asigura c\u0103 ve\u021bi primi produsele c\u00e2t mai repede posibil.<\/p>\n<\/div>\n<p><strong>2. C\u00e2t dureaz\u0103 livrarea?<\/strong><\/p>\n<p>Pachetele expediate \u00een Rom\u00e2nia ajung de obicei \u00een 10 zile lucr\u0103toare. Livrarea \u00een \u021b\u0103rile europene dureaz\u0103, \u00een general, aproximativ 12-15 zile lucr\u0103toare. V\u0103 vom oferi actualiz\u0103ri \u00een timp real cu privire la starea expedierii dumneavoastr\u0103.<\/p>\n<\/div>\n<\/div>\n<\/div>\n<\/div>\n<\/div>\n<p>&nbsp;<\/p>\n<p>G\u0103si\u021bi mai multe produse de vapat care v-ar putea pl\u0103cea:<strong><em><a href=\"https:\/\/rmvapesale.com\/ro\/shop-2\/\">cump\u0103r\u0103 acum &gt;&gt;&gt;<\/a><\/em><\/strong><\/p>","protected":false},"excerpt":{"rendered":"<p>The <strong>JNR Falcon X 18000 Pufuri Vape de unic\u0103 folosin\u021b\u0103 re\u00eenc\u0103rcabil\u0103 <\/strong>este un dispozitiv de ultim\u0103 genera\u021bie conceput pentru a oferi p\u00e2n\u0103 la un incredibil <strong>18.000 de pufuri<\/strong> de vaping satisf\u0103c\u0103tor \u0219i plin de arom\u0103. Preumplut cu <strong>24ml de e-lichid premium<\/strong>, acest dispozitiv este disponibil \u00eentr-o gam\u0103 de 2% <strong>op\u021biuni cu nicotin\u0103 sc\u0103zut\u0103<\/strong> care satisfac toate preferin\u021bele.<\/p>\n<p><img loading=\"lazy\" decoding=\"async\" class=\"size-full wp-image-2375\" src=\"https:\/\/rmvapesale.com\/wp-content\/uploads\/2024\/10\/image.png\" alt=\"Cea mai bun\u0103 \u021bigar\u0103 electronic\u0103 de unic\u0103 folosin\u021b\u0103\" width=\"229\" height=\"300\" \/><\/p>\n<h3><a href=\"https:\/\/wa.me\/8617776015835\"><span style=\"color: #ff0000\"><strong>WhatsApp: +86 17776015835<\/strong><\/span><\/a><\/h3>\n<p>&nbsp;<\/p>","protected":false},"featured_media":2748,"comment_status":"open","ping_status":"closed","template":"","meta":{"_uag_custom_page_level_css":"","_lmt_disableupdate":"no","_lmt_disable":"","site-sidebar-layout":"default","site-content-layout":"content-boxed-container","ast-site-content-layout":"normal-width-container","site-content-style":"boxed","site-sidebar-style":"unboxed","ast-global-header-display":"","ast-banner-title-visibility":"","ast-main-header-display":"","ast-hfb-above-header-display":"","ast-hfb-below-header-display":"","ast-hfb-mobile-header-display":"","site-post-title":"","ast-breadcrumbs-content":"","ast-featured-img":"","footer-sml-layout":"","theme-transparent-header-meta":"default","adv-header-id-meta":"","stick-header-meta":"","header-above-stick-meta":"","header-main-stick-meta":"","header-below-stick-meta":"","astra-migrate-meta-layouts":"set","ast-page-background-enabled":"default","ast-page-background-meta":{"desktop":{"background-color":"var(--ast-global-color-4)","background-image":"","background-repeat":"repeat","background-position":"center center","background-size":"auto","background-attachment":"scroll","background-type":"","background-media":"","overlay-type":"","overlay-color":"","overlay-opacity":"","overlay-gradient":""},"tablet":{"background-color":"","background-image":"","background-repeat":"repeat","background-position":"center center","background-size":"auto","background-attachment":"scroll","background-type":"","background-media":"","overlay-type":"","overlay-color":"","overlay-opacity":"","overlay-gradient":""},"mobile":{"background-color":"","background-image":"","background-repeat":"repeat","background-position":"center center","background-size":"auto","background-attachment":"scroll","background-type":"","background-media":"","overlay-type":"","overlay-color":"","overlay-opacity":"","overlay-gradient":""}},"ast-content-background-meta":{"desktop":{"background-color":"var(--ast-global-color-5)","background-image":"","background-repeat":"repeat","background-position":"center center","background-size":"auto","background-attachment":"scroll","background-type":"","background-media":"","overlay-type":"","overlay-color":"","overlay-opacity":"","overlay-gradient":""},"tablet":{"background-color":"var(--ast-global-color-5)","background-image":"","background-repeat":"repeat","background-position":"center center","background-size":"auto","background-attachment":"scroll","background-type":"","background-media":"","overlay-type":"","overlay-color":"","overlay-opacity":"","overlay-gradient":""},"mobile":{"background-color":"var(--ast-global-color-5)","background-image":"","background-repeat":"repeat","background-position":"center center","background-size":"auto","background-attachment":"scroll","background-type":"","background-media":"","overlay-type":"","overlay-color":"","overlay-opacity":"","overlay-gradient":""}},"_joinchat":[]},"product_brand":[],"product_cat":[15,25,123,26,28,135,27,137,30],"product_tag":[218,217,205],"class_list":{"0":"post-2751","1":"product","2":"type-product","3":"status-publish","4":"has-post-thumbnail","6":"product_cat-new-vape-this-week","7":"product_cat-germany-best-selling-vape","8":"product_cat-italy-wholesale-vape","9":"product_cat-netherlands-hot-sale-vape","10":"product_cat-poland-hot-sale-vape","11":"product_cat-spain-best-hot-sale-vape","12":"product_cat-fance-hot-sale-vape","13":"product_cat-rechargeable-vapes","14":"product_cat-minimum-order-quantity-50pcs","15":"product_tag-jnr-18000-puffs","16":"product_tag-jnr-falcon-x-18000","17":"product_tag-jnr-vape","18":"desktop-align-left","19":"tablet-align-left","20":"mobile-align-left","22":"first","23":"instock","24":"sale","25":"shipping-taxable","26":"purchasable","27":"product-type-simple"},"uagb_featured_image_src":{"full":["https:\/\/rmvapesale.com\/wp-content\/uploads\/2024\/11\/JNR-Falcon-X-18000-Disposable-Vape-Box.jpg",800,800,false],"thumbnail":["https:\/\/rmvapesale.com\/wp-content\/uploads\/2024\/11\/JNR-Falcon-X-18000-Disposable-Vape-Box-150x150.jpg",150,150,true],"medium":["https:\/\/rmvapesale.com\/wp-content\/uploads\/2024\/11\/JNR-Falcon-X-18000-Disposable-Vape-Box-300x300.jpg",300,300,true],"medium_large":["https:\/\/rmvapesale.com\/wp-content\/uploads\/2024\/11\/JNR-Falcon-X-18000-Disposable-Vape-Box-768x768.jpg",768,768,true],"large":["https:\/\/rmvapesale.com\/wp-content\/uploads\/2024\/11\/JNR-Falcon-X-18000-Disposable-Vape-Box.jpg",800,800,false],"1536x1536":["https:\/\/rmvapesale.com\/wp-content\/uploads\/2024\/11\/JNR-Falcon-X-18000-Disposable-Vape-Box.jpg",800,800,false],"2048x2048":["https:\/\/rmvapesale.com\/wp-content\/uploads\/2024\/11\/JNR-Falcon-X-18000-Disposable-Vape-Box.jpg",800,800,false],"trp-custom-language-flag":["https:\/\/rmvapesale.com\/wp-content\/uploads\/2024\/11\/JNR-Falcon-X-18000-Disposable-Vape-Box.jpg",12,12,false],"woocommerce_thumbnail":["https:\/\/rmvapesale.com\/wp-content\/uploads\/2024\/11\/JNR-Falcon-X-18000-Disposable-Vape-Box-300x300.jpg",300,300,true],"woocommerce_single":["https:\/\/rmvapesale.com\/wp-content\/uploads\/2024\/11\/JNR-Falcon-X-18000-Disposable-Vape-Box-600x600.jpg",600,600,true],"woocommerce_gallery_thumbnail":["https:\/\/rmvapesale.com\/wp-content\/uploads\/2024\/11\/JNR-Falcon-X-18000-Disposable-Vape-Box-100x100.jpg",100,100,true],"wcpr-photo-reviews":["https:\/\/rmvapesale.com\/wp-content\/uploads\/2024\/11\/JNR-Falcon-X-18000-Disposable-Vape-Box.jpg",500,500,false]},"uagb_author_info":{"display_name":"AMY","author_link":"https:\/\/rmvapesale.com\/ro\/author\/"},"uagb_comment_info":0,"uagb_excerpt":"The JNR Falcon X 18000 Puffs Rechargeable Disposable Vape is a cutting-edge device designed to deliver up to an incredible 18,000 puffs of satisfying, flavorful vaping. Pre-filled with 24ml of premium e-liquid, this device is available in an array of 2% low nicotine options that cater to every preference. WhatsApp: +86 17776015835 &nbsp;","_links":{"self":[{"href":"https:\/\/rmvapesale.com\/ro\/wp-json\/wp\/v2\/product\/2751","targetHints":{"allow":["GET"]}}],"collection":[{"href":"https:\/\/rmvapesale.com\/ro\/wp-json\/wp\/v2\/product"}],"about":[{"href":"https:\/\/rmvapesale.com\/ro\/wp-json\/wp\/v2\/types\/product"}],"replies":[{"embeddable":true,"href":"https:\/\/rmvapesale.com\/ro\/wp-json\/wp\/v2\/comments?post=2751"}],"wp:featuredmedia":[{"embeddable":true,"href":"https:\/\/rmvapesale.com\/ro\/wp-json\/wp\/v2\/media\/2748"}],"wp:attachment":[{"href":"https:\/\/rmvapesale.com\/ro\/wp-json\/wp\/v2\/media?parent=2751"}],"wp:term":[{"taxonomy":"product_brand","embeddable":true,"href":"https:\/\/rmvapesale.com\/ro\/wp-json\/wp\/v2\/product_brand?post=2751"},{"taxonomy":"product_cat","embeddable":true,"href":"https:\/\/rmvapesale.com\/ro\/wp-json\/wp\/v2\/product_cat?post=2751"},{"taxonomy":"product_tag","embeddable":true,"href":"https:\/\/rmvapesale.com\/ro\/wp-json\/wp\/v2\/product_tag?post=2751"}],"curies":[{"name":"wp","href":"https:\/\/api.w.org\/{rel}","templated":true}]}}