{"id":2761,"date":"2024-11-20T07:54:06","date_gmt":"2024-11-20T07:54:06","guid":{"rendered":"https:\/\/rmvapesale.com\/?post_type=product&#038;p=2761"},"modified":"2024-11-20T08:51:16","modified_gmt":"2024-11-20T08:51:16","slug":"waspe-vape-40000-puffs-double-flavor-led-screen-disposable-vape-wholesale-price","status":"publish","type":"product","link":"https:\/\/rmvapesale.com\/ro\/product\/waspe-vape-40000-puffs-double-flavor-led-screen-disposable-vape-wholesale-price\/","title":{"rendered":"WASPE Vape 40000 Puffs Arom\u0103 Dubl\u0103 Ecran LED \u021aigar\u0103 Electronic\u0103 De Unic\u0103 Folosin\u021b\u0103 Pre\u021b Angro"},"content":{"rendered":"<div class=\"B2VR9 CJHX3e\">\n<div class=\"wyccme\">\n<h1 class=\"LC20lb MBeuO DKV0Md\">WASPE Vape 40000 Puffs Arom\u0103 Dubl\u0103 Ecran LED \u021aigar\u0103 Electronic\u0103 De Unic\u0103 Folosin\u021b\u0103 Pre\u021b Angro<\/h1>\n<div class=\"flex-shrink-0 flex flex-col relative items-end\">\n<div class=\"pt-0\">\n<div class=\"gizmo-bot-avatar flex h-8 w-8 items-center justify-center overflow-hidden rounded-full\">\n<div class=\"relative p-1 rounded-sm flex items-center justify-center bg-token-main-surface-primary text-token-text-primary h-8 w-8\">\n<p>The <strong>WASPE Vape 40000 Pufuri Vape de Unic\u0103 Folosin\u021b\u0103 cu Dublu Arome<\/strong>, un dispozitiv de ultim\u0103 genera\u021bie conceput pentru vaperi care caut\u0103 performan\u021b\u0103 de durat\u0103, confort \u0219i experien\u021be de arom\u0103 vibrante. Acest vape inovator combin\u0103 <strong>tehnologia dublu arom\u0103<\/strong> cu o baterie re\u00eenc\u0103rcabil\u0103 puternic\u0103, asigur\u00e2nd ca fiecare puf s\u0103 fie satisf\u0103c\u0103tor \u0219i f\u0103r\u0103 \u00eentreruperi. Acest dispozitiv se eviden\u021biaz\u0103 prin <strong>tehnologia dublu arom\u0103<\/strong> \u0219i <strong>capacitatea de 40.000 de pufuri<\/strong>, fiind o alegere de top pentru oricine dore\u0219te s\u0103 combine confortul cu o experien\u021b\u0103 de vaping excep\u021bional\u0103. Designul s\u0103u <strong>portabil \u0219i f\u0103r\u0103 necesitate de \u00eentre\u021binere<\/strong> este perfect pentru utilizarea zilnic\u0103, \u00een timp ce ecranul LED inteligent asigur\u0103 c\u0103 e\u0219ti mereu \u00een controlul dispozitivului t\u0103u.<\/p>\n<\/div>\n<p>The <strong>WASPE Vape Vape de Unic\u0103 Folosin\u021b\u0103<\/strong> este ideal pentru cei din <strong>pia\u021ba en-gros de vape-uri<\/strong>. Cu <strong>func\u021bii inovatoare<\/strong>, design durabil \u0219i o capacitate mare de pufuri, acest produs este un must-have pentru inventarul t\u0103u. Capacitatea sa <strong>pre\u021b de en-gros<\/strong> \u0219i popularitatea \u00een <strong>m\u0103rcile de vape de unic\u0103 folosin\u021b\u0103<\/strong> categoria \u00eel fac o op\u021biune remarcabil\u0103. \u00cembun\u0103t\u0103\u021be\u0219te-\u021bi experien\u021ba de vaping cu <strong>WASPE 40K Vape cu Dublu Arome<\/strong>\u2014unde tehnologia avansat\u0103 \u00eent\u00e2lne\u0219te arome \u00eendr\u0103zne\u021be \u0219i satisf\u0103c\u0103toare. Perfect pentru uz personal sau achizi\u021bie en gros!<\/p>\n<\/div>\n<\/div>\n<\/div>\n<\/div>\n<\/div>\n<p><strong>Contacta\u021bi-o pe Amy pentru a ob\u021bine un r\u0103spuns prompt \u0219i un cupon pentru vape!<\/strong><\/p>\n<p><img loading=\"lazy\" decoding=\"async\" class=\"size-full wp-image-1978\" src=\"https:\/\/rmvapesale.com\/wp-content\/uploads\/2024\/09\/Disposable-Vape-Wholesale.jpg\" alt=\"\u021aig\u0103ri electronice de unic\u0103 folosin\u021b\u0103 en-gros\" width=\"229\" height=\"300\" \/><\/p>\n<h3><a href=\"https:\/\/wa.me\/8617776015835\" target=\"_blank\" rel=\"noopener\"><span style=\"color: #ff0000\"><strong>WhatsApp: +86 17776015835<\/strong><\/span><\/a><\/h3>\n<p>&nbsp;<\/p>\n<h2><\/h2>\n<h2><strong>WASPE Vape 40000 Pufuri Caracteristici Cheie<\/strong><\/h2>\n<ul>\n<li><strong>Capacitate de Puf neegalat\u0103<\/strong>: Cu o incredibil\u0103 <strong>40.000 de pufuri<\/strong>, acest dispozitiv ofer\u0103 o durat\u0103 de via\u021b\u0103 neegalat\u0103, elimin\u00e2nd nevoia de \u00eenlocuiri frecvente.<\/li>\n<li><strong>Volum generos de lichid e<\/strong>: Preumplut cu <strong>36mL de lichid e premium<\/strong>, oferind o sesiune de vaping extins\u0103 cu mai pu\u021bine \u00eentreruperi.<\/li>\n<li><strong>Baterie re\u00eenc\u0103rcabil\u0103 de 850mAh<\/strong>: Dotat cu un <strong>Port de \u00eenc\u0103rcare rapid\u0103 Type-C<\/strong>, bateria asigur\u0103 \u00eenc\u0103rc\u0103ri rapide \u0219i putere constant\u0103, fiind ideal\u0103 <strong>vape re\u00eenc\u0103rcabil<\/strong> pentru vaperii \u00een mi\u0219care.<\/li>\n<li><strong>Bobine duble de tip mesh<\/strong>: Tehnologia avansat\u0103 a bobinei \u00eembun\u0103t\u0103\u021be\u0219te livrarea aromelor \u0219i creeaz\u0103 nori de vapori netezi, densi, perfect pentru pasiona\u021bii de arom\u0103.<\/li>\n<li><strong>Op\u021biuni de nicotin\u0103<\/strong>: Disponibil \u00een <strong>Puteri de nicotin\u0103 0%, 2% sau 5%<\/strong>, adaptate preferin\u021belor diverse pentru o experien\u021b\u0103 personalizabil\u0103.<\/li>\n<li><strong>Inova\u021bie dubl\u0103 \u00een arom\u0103<\/strong>: Bucur\u0103-te <strong>de dou\u0103 arome distincte<\/strong> \u00eentr-un singur dispozitiv, precum <em>Banana cu c\u0103p\u0219uni<\/em> asortat cu <em>Ghea\u021b\u0103 de ananas \u0219i cocos<\/em>, pentru o experien\u021b\u0103 de vaping r\u0103coritoare \u0219i unic\u0103.<\/li>\n<li><strong>Afi\u0219aj cu ecran LED<\/strong>: R\u0103m\u00e2i informat cu <strong>ecranul LED inteligent<\/strong>, oferind date \u00een timp real despre num\u0103rul de pufuri, durata de via\u021b\u0103 a bateriei \u0219i aroma activ\u0103.<\/li>\n<li>&nbsp;\n<p><figure id=\"attachment_2757\" aria-describedby=\"caption-attachment-2757\" style=\"width: 800px\" class=\"wp-caption alignnone\"><img loading=\"lazy\" decoding=\"async\" class=\"wp-image-2757 size-full\" src=\"https:\/\/rmvapesale.com\/wp-content\/uploads\/2024\/11\/Waspe-40000-Puffs-Dispsoable-Vape-Wholesale.jpg\" alt=\"Waspe 40000 Pufuri Vape de unic\u0103 folosin\u021b\u0103 en-gros\" width=\"800\" height=\"800\" srcset=\"https:\/\/rmvapesale.com\/wp-content\/uploads\/2024\/11\/Waspe-40000-Puffs-Dispsoable-Vape-Wholesale.jpg 800w, https:\/\/rmvapesale.com\/wp-content\/uploads\/2024\/11\/Waspe-40000-Puffs-Dispsoable-Vape-Wholesale-300x300.jpg 300w, https:\/\/rmvapesale.com\/wp-content\/uploads\/2024\/11\/Waspe-40000-Puffs-Dispsoable-Vape-Wholesale-150x150.jpg 150w, https:\/\/rmvapesale.com\/wp-content\/uploads\/2024\/11\/Waspe-40000-Puffs-Dispsoable-Vape-Wholesale-768x768.jpg 768w, https:\/\/rmvapesale.com\/wp-content\/uploads\/2024\/11\/Waspe-40000-Puffs-Dispsoable-Vape-Wholesale-600x600.jpg 600w, https:\/\/rmvapesale.com\/wp-content\/uploads\/2024\/11\/Waspe-40000-Puffs-Dispsoable-Vape-Wholesale-100x100.jpg 100w\" sizes=\"auto, (max-width: 800px) 100vw, 800px\" \/><figcaption id=\"caption-attachment-2757\" class=\"wp-caption-text\">Waspe 40000 Pufuri Vape de unic\u0103 folosin\u021b\u0103 en-gros<\/figcaption><\/figure><\/li>\n<\/ul>\n<h2><strong>Arome de top pentru Vape-ul WASPE 40k Pufuri<\/strong><\/h2>\n<p>1 pepene verde cu ghea\u021b\u0103 \/ L\u0103m\u00e2ie lime <span style=\"color: #ff0000\"><strong>&gt;&gt;&gt;&gt; Fierbinte!<\/strong><\/span><br \/>\n2 cire\u0219e carbogazoase cu ghea\u021b\u0103 \/ vat\u0103 de zah\u0103r cu afine<br \/>\n3 c\u0103p\u0219uni Pepene verde \/ afine Zmeur\u0103 <span style=\"color: #ff0000\"><strong>&gt;&gt;&gt;&gt; Fierbinte!<\/strong><\/span><br \/>\n4 Red Bull Ghea\u021b\u0103 \/ C\u0103p\u0219uni mango<br \/>\n5 piersic\u0103 Ghea\u021b\u0103 \/ ananas mango piersic\u0103<br \/>\n6 struguri Ghea\u021b\u0103 \/ c\u0103p\u0219uni kiwi<br \/>\n7 fructe de p\u0103dure mixte \/ dublu m\u0103r ghea\u021b\u0103<br \/>\n8 limonad\u0103 Blue Razz \/ gum\u0103 de mestecat pepene verde<br \/>\n9 c\u0103p\u0219uni Zmeur\u0103 cire\u0219e \/ dragoste 666<br \/>\n10 c\u0103p\u0219uni banan\u0103 \/ ananas cocos ghea\u021b\u0103<br \/>\n11 gum\u0103 de mestecat cu fructe mixte \/ fructe mixte<br \/>\n12 cola cu cire\u0219e ghea\u021b\u0103 \/ bomboan\u0103 cu c\u0103p\u0219uni \u0219i zmeur\u0103 <span style=\"color: #ff0000\"><strong>&gt;&gt;&gt;&gt; Cel mai bun!<\/strong><\/span><br \/>\n13 m\u0103r acru zmeur\u0103 \/ explozie de c\u0103p\u0219uni<br \/>\n14 piersic\u0103 Fructe de p\u0103dure \/ mango ananas piersic\u0103<br \/>\n15 afine Ghea\u021b\u0103 \/ Dragon Negru ghea\u021b\u0103<br \/>\n16 c\u0103p\u0219uni cire\u0219e \/ kiwi fruct de pasiune guava<\/p>\n<p>&nbsp;<\/p>\n<h3><strong>De ce s\u0103 alegi Rmvapesale pentru Waspe 40000 Pufuri <\/strong><strong>V<\/strong><strong>V\u00e2nz\u0103ri en-gros de \u021big\u0103ri electronice<\/strong><strong>?<\/strong><\/h3>\n<div class=\"flex-shrink-0 flex flex-col relative items-end\">\n<div class=\"pt-0\">\n<div class=\"gizmo-bot-avatar flex h-8 w-8 items-center justify-center overflow-hidden rounded-full\">\n<div class=\"relative p-1 rounded-sm flex items-center justify-center bg-token-main-surface-primary text-token-text-primary h-8 w-8\">\n<p>Bun venit la Rmvapesale, magazinul dumneavoastr\u0103 de \u00eencredere pentru \u021big\u0103ri electronice de unic\u0103 folosin\u021b\u0103 premium. Cu o experien\u021b\u0103 de peste 5 ani, v\u0103 aducem branduri populare de \u021big\u0103ri electronice de unic\u0103 folosin\u021b\u0103, cum ar fi Al Fakher, Vapme Vape, <a href=\"https:\/\/rmvapesale.com\/ro\/product\/vapme-crystal-7000-puffs-rechargeable-disposable-vape-price\/\">Vapme<\/a>, <a href=\"https:\/\/rmvapesale.com\/ro\/product-category\/bang-vapes\/\">Bang Vape<\/a>, Waspe, <a href=\"https:\/\/rmvapesale.com\/ro\/product\/wga-crystal-pro-max-extra-15k-puffs-disposable-vape-wholesale\/\">WGA<\/a> Vape \u0219i<a href=\"https:\/\/rmvapesale.com\/ro\/product-category\/randm-fumot-vape\/\"> RandM Vape<\/a>.<\/p>\n<p>Gama noastr\u0103 include \u021big\u0103ri electronice foarte v\u00e2ndute, cum ar fi <a href=\"https:\/\/rmvapesale.com\/ro\/product\/fumot-randm-12000-strawberry-kiwi-flavor-disposable-vape-wholesale-netherlands\/\">RandM 12000 Puffs<\/a> \u0219i op\u021biuni bogate \u00een arome, cum ar fi <a href=\"https:\/\/rmvapesale.com\/ro\/product\/wga-crystal-pro-max-extra-15k-puffs-disposable-vape-wholesale\/\">WGA 15K<\/a>. Fiecare produs este ales cu accent pe calitate, valoare \u0219i varietate, asigur\u00e2ndu-v\u0103 c\u0103 g\u0103si\u021bi potrivirea perfect\u0103 pentru nevoile dumneavoastr\u0103. Descoperi\u021bi servicii excep\u021bionale \u0219i o gam\u0103 larg\u0103 de produse de top la Rmvapesale.<\/p>\n<\/div>\n<h3><\/h3>\n<div class=\"relative p-1 rounded-sm flex items-center justify-center bg-token-main-surface-primary text-token-text-primary h-8 w-8\">\n<h3><b>Waspe 40000 Pufuri Vape de unic\u0103 folosin\u021b\u0103 re\u00eenc\u0103rcabil FAQS<\/b><\/h3>\n<div class=\"group\/conversation-turn relative flex w-full min-w-0 flex-col agent-turn\">\n<div class=\"flex-col gap-1 md:gap-3\">\n<div class=\"flex max-w-full flex-col flex-grow\">\n<div class=\"min-h-8 text-message flex w-full flex-col items-end gap-2 whitespace-normal break-words [.text-message+&amp;]:mt-5\" dir=\"auto\" data-message-author-role=\"assistant\" data-message-id=\"00c9b302-bc9c-4550-94ba-5a295efa2be3\" data-message-model-slug=\"gpt-4o\">\n<div class=\"flex w-full flex-col gap-1 empty:hidden first:pt-[3px]\">\n<div class=\"markdown prose w-full break-words dark:prose-invert light\">\n<div class=\"flex-shrink-0 flex flex-col relative items-end\">\n<div>\n<div class=\"pt-0\">\n<div class=\"gizmo-bot-avatar flex h-8 w-8 items-center justify-center overflow-hidden rounded-full\">\n<div class=\"relative p-1 rounded-sm flex items-center justify-center bg-token-main-surface-primary text-token-text-primary h-8 w-8\">\n<div class=\"flex-shrink-0 flex flex-col relative items-end\">\n<div>\n<div class=\"pt-0\">\n<div class=\"gizmo-bot-avatar flex h-8 w-8 items-center justify-center overflow-hidden rounded-full\">\n<div class=\"relative p-1 rounded-sm flex items-center justify-center bg-token-main-surface-primary text-token-text-primary h-8 w-8\">\n<p><strong>\u00ce: Care sunt aromele populare pentru stiloul de vape de unic\u0103 folosin\u021b\u0103 Waspe 40000 Pufuri?<\/strong><br \/>\nR: The <strong>Vape Waspe 40000 Pufuri<\/strong> ofer\u0103 combina\u021bii duale de arome precum <em>Banana cu c\u0103p\u0219uni<\/em> \u0219i <em>Ghea\u021b\u0103 de ananas \u0219i cocos<\/em>, f\u0103c\u00e2ndu-l o alegere de top pentru cei care caut\u0103 experien\u021be de arom\u0103 r\u0103coritoare \u0219i unice.<\/p>\n<p><strong>\u00ce: Cum pot \u0219ti c\u00e2nd vaporizatorul meu Waspe 40000 Smart Vape este gol?<\/strong><br \/>\nR: The <strong>Afi\u0219aj pe ecran LED<\/strong> afi\u0219ajul de pe Waspe 40000 Smart Vape arat\u0103 nivelul lichidului e-lichid. C\u00e2nd indic\u0103 c\u0103 lichidul e-lichid este gol, este timpul s\u0103 \u00eenlocui\u021bi dispozitivul.<\/p>\n<p><strong>\u00ce: C\u00e2t timp dureaz\u0103 \u00eenc\u0103rcarea unui vaporizator re\u00eenc\u0103rcabil Waspe 40000?<\/strong><br \/>\nR: Waspe 40000 folose\u0219te un <strong>Port de \u00eenc\u0103rcare rapid\u0103 Type-C<\/strong>, permi\u021b\u00e2ndu-i s\u0103 se re\u00eencarce complet \u00een aproximativ <strong>45-60 de minute<\/strong>.<\/p>\n<p><strong>\u00ce: C\u00e2t nicotin\u0103 con\u021bine un vaporizator de unic\u0103 folosin\u021b\u0103 Waspe 40000?<\/strong><br \/>\nR: Waspe 40000 este disponibil \u00een <strong>Puteri de nicotin\u0103 0%, 2% sau 5%<\/strong> (echivalent cu 50mg pentru op\u021biunea 5%), adres\u00e2ndu-se preferin\u021belor diferite.<\/p>\n<p><strong>\u00ce: Unde pot cump\u0103ra vaporizatoare de tip Puff Waspe 40000 la pre\u021buri en-gros?<\/strong><br \/>\nR: The <strong>Vaporizator de unic\u0103 folosin\u021b\u0103 Waspe 40000 Puffs<\/strong> este disponibil prin <strong>v\u00e2nz\u0103ri vape en-gros<\/strong> distribuitori \u0219i comercian\u021bi online specializa\u021bi \u00een <strong>cump\u0103rare \u00een vrac<\/strong> \u0219i <strong>m\u0103rcile populare de vape de unic\u0103 folosin\u021b\u0103<\/strong>.<\/p>\n<p><strong>\u00ce: C\u00e2te pufuri ofer\u0103 vaporizatorul Waspe Vape 40000 Puffs?<\/strong><br \/>\nR: Vaporizatorul Waspe ofer\u0103 un impresionant <strong>40.000 de pufuri<\/strong>, oferind satisfac\u021bie \u0219i confort prelungit.<\/p>\n<p><strong>\u00ce: C\u00e2t timp dureaz\u0103 \u00eenc\u0103rcarea complet\u0103 a vaporizatorului de unic\u0103 folosin\u021b\u0103 Waspe 40000?<\/strong><br \/>\nR: \u00cenc\u0103rcarea complet\u0103 a Waspe 40000 dureaz\u0103 aproximativ <strong>45-60 de minute<\/strong>, datorit\u0103 eficien\u021bei sale <strong>Sistem de \u00eenc\u0103rcare Type-C<\/strong>.<\/p>\n<\/div>\n<\/div>\n<\/div>\n<\/div>\n<\/div>\n<\/div>\n<\/div>\n<\/div>\n<\/div>\n<\/div>\n<div class=\"group\/conversation-turn relative flex w-full min-w-0 flex-col agent-turn\">\n<div class=\"flex-col gap-1 md:gap-3\">\n<div class=\"flex max-w-full flex-col flex-grow\">\n<div class=\"min-h-8 text-message flex w-full flex-col items-end gap-2 whitespace-normal break-words [.text-message+&amp;]:mt-5\" dir=\"auto\" data-message-author-role=\"assistant\" data-message-id=\"a3dc01bd-23b0-4fd7-bb9a-7827522cefd8\" data-message-model-slug=\"gpt-4o\">\n<div class=\"flex w-full flex-col gap-1 empty:hidden first:pt-[3px]\"><\/div>\n<\/div>\n<\/div>\n<\/div>\n<\/div>\n<\/div>\n<\/div>\n<\/div>\n<\/div>\n<\/div>\n<\/div>\n<\/div>\n<\/div>\n<\/div>\n<\/div>\n<h3>Despre livrare<\/h3>\n<div class=\"flex-shrink-0 flex flex-col relative items-end\">\n<div>\n<div class=\"pt-0\">\n<div class=\"gizmo-bot-avatar flex h-8 w-8 items-center justify-center overflow-hidden rounded-full\">\n<div><\/div>\n<div class=\"relative p-1 rounded-sm flex items-center justify-center bg-token-main-surface-primary text-token-text-primary h-8 w-8\"><strong>1. Ce metode de expediere sunt folosite?<\/strong><\/div>\n<\/div>\n<\/div>\n<\/div>\n<\/div>\n<div class=\"group\/conversation-turn relative flex w-full min-w-0 flex-col agent-turn\">\n<div class=\"flex-col gap-1 md:gap-3\">\n<div class=\"flex max-w-full flex-col flex-grow\">\n<div class=\"min-h-[20px] text-message flex w-full flex-col items-end gap-2 whitespace-normal break-words [.text-message+&amp;]:mt-5 overflow-x-auto\" dir=\"auto\" data-message-author-role=\"assistant\" data-message-id=\"22f8283b-3233-46ff-89a5-c7a41b33abda\">\n<div class=\"flex w-full flex-col gap-1 empty:hidden first:pt-[3px]\">\n<div class=\"markdown prose w-full break-words dark:prose-invert light\">\n<p>Colabor\u0103m cu UPS, DHL, FedEx, DPD \u0219i al\u021bi transportatori de top. Vom selecta cea mai bun\u0103 metod\u0103 de expediere \u00een func\u021bie de loca\u021bia dvs. de livrare pentru a ne asigura c\u0103 ve\u021bi primi produsele c\u00e2t mai repede posibil.<\/p>\n<\/div>\n<p><strong>2. C\u00e2t dureaz\u0103 livrarea?<\/strong><\/p>\n<p>Pachetele expediate \u00een Rom\u00e2nia ajung de obicei \u00een 10 zile lucr\u0103toare. Livrarea \u00een \u021b\u0103rile europene dureaz\u0103, \u00een general, aproximativ 12-15 zile lucr\u0103toare. V\u0103 vom oferi actualiz\u0103ri \u00een timp real cu privire la starea expedierii dumneavoastr\u0103.<\/p>\n<\/div>\n<\/div>\n<\/div>\n<\/div>\n<\/div>\n<p>&nbsp;<\/p>\n<p>G\u0103si\u021bi mai multe produse de vapat care v-ar putea pl\u0103cea:<strong><em><a href=\"https:\/\/rmvapesale.com\/ro\/shop-2\/\">cump\u0103r\u0103 acum &gt;&gt;&gt;<\/a><\/em><\/strong><\/p>","protected":false},"excerpt":{"rendered":"<p>Dispozitivul WASPE Vape 40000 Pufuri se eviden\u021biaz\u0103 prin tehnologia sa cu dublu gust \u0219i capacitatea de 40.000 de pufuri, fiind o alegere de top pentru oricine dore\u0219te s\u0103 combine comoditatea cu o experien\u021b\u0103 de vaping excep\u021bional\u0103.<\/p>\n<p><img loading=\"lazy\" decoding=\"async\" class=\"size-full wp-image-2375\" src=\"https:\/\/rmvapesale.com\/wp-content\/uploads\/2024\/10\/image.png\" alt=\"Cea mai bun\u0103 \u021bigar\u0103 electronic\u0103 de unic\u0103 folosin\u021b\u0103\" width=\"229\" height=\"300\" \/><\/p>\n<h3><a href=\"https:\/\/wa.me\/8617776015835\"><span style=\"color: #ff0000\"><strong>WhatsApp: +86 17776015835<\/strong><\/span><\/a><\/h3>\n<p>&nbsp;<\/p>","protected":false},"featured_media":2759,"comment_status":"open","ping_status":"closed","template":"","meta":{"_uag_custom_page_level_css":"","_lmt_disableupdate":"no","_lmt_disable":"","site-sidebar-layout":"default","site-content-layout":"content-boxed-container","ast-site-content-layout":"normal-width-container","site-content-style":"boxed","site-sidebar-style":"unboxed","ast-global-header-display":"","ast-banner-title-visibility":"","ast-main-header-display":"","ast-hfb-above-header-display":"","ast-hfb-below-header-display":"","ast-hfb-mobile-header-display":"","site-post-title":"","ast-breadcrumbs-content":"","ast-featured-img":"","footer-sml-layout":"","theme-transparent-header-meta":"default","adv-header-id-meta":"","stick-header-meta":"","header-above-stick-meta":"","header-main-stick-meta":"","header-below-stick-meta":"","astra-migrate-meta-layouts":"set","ast-page-background-enabled":"default","ast-page-background-meta":{"desktop":{"background-color":"var(--ast-global-color-4)","background-image":"","background-repeat":"repeat","background-position":"center center","background-size":"auto","background-attachment":"scroll","background-type":"","background-media":"","overlay-type":"","overlay-color":"","overlay-opacity":"","overlay-gradient":""},"tablet":{"background-color":"","background-image":"","background-repeat":"repeat","background-position":"center center","background-size":"auto","background-attachment":"scroll","background-type":"","background-media":"","overlay-type":"","overlay-color":"","overlay-opacity":"","overlay-gradient":""},"mobile":{"background-color":"","background-image":"","background-repeat":"repeat","background-position":"center center","background-size":"auto","background-attachment":"scroll","background-type":"","background-media":"","overlay-type":"","overlay-color":"","overlay-opacity":"","overlay-gradient":""}},"ast-content-background-meta":{"desktop":{"background-color":"var(--ast-global-color-5)","background-image":"","background-repeat":"repeat","background-position":"center center","background-size":"auto","background-attachment":"scroll","background-type":"","background-media":"","overlay-type":"","overlay-color":"","overlay-opacity":"","overlay-gradient":""},"tablet":{"background-color":"var(--ast-global-color-5)","background-image":"","background-repeat":"repeat","background-position":"center center","background-size":"auto","background-attachment":"scroll","background-type":"","background-media":"","overlay-type":"","overlay-color":"","overlay-opacity":"","overlay-gradient":""},"mobile":{"background-color":"var(--ast-global-color-5)","background-image":"","background-repeat":"repeat","background-position":"center center","background-size":"auto","background-attachment":"scroll","background-type":"","background-media":"","overlay-type":"","overlay-color":"","overlay-opacity":"","overlay-gradient":""}},"_joinchat":[]},"product_brand":[],"product_cat":[15,25,123,26,28,135,27,137,136,30],"product_tag":[222,220,221],"class_list":{"0":"post-2761","1":"product","2":"type-product","3":"status-publish","4":"has-post-thumbnail","6":"product_cat-new-vape-this-week","7":"product_cat-germany-best-selling-vape","8":"product_cat-italy-wholesale-vape","9":"product_cat-netherlands-hot-sale-vape","10":"product_cat-poland-hot-sale-vape","11":"product_cat-spain-best-hot-sale-vape","12":"product_cat-fance-hot-sale-vape","13":"product_cat-rechargeable-vapes","14":"product_cat-smart-screen-vapes","15":"product_cat-minimum-order-quantity-50pcs","16":"product_tag-double-flavor-vape","17":"product_tag-waspe-40000","18":"product_tag-waspe-vape","19":"desktop-align-left","20":"tablet-align-left","21":"mobile-align-left","23":"first","24":"instock","25":"sale","26":"shipping-taxable","27":"purchasable","28":"product-type-simple"},"uagb_featured_image_src":{"full":["https:\/\/rmvapesale.com\/wp-content\/uploads\/2024\/11\/WASPE-40000-Rechargeable-Disposable-Vape.jpg",1000,1000,false],"thumbnail":["https:\/\/rmvapesale.com\/wp-content\/uploads\/2024\/11\/WASPE-40000-Rechargeable-Disposable-Vape-150x150.jpg",150,150,true],"medium":["https:\/\/rmvapesale.com\/wp-content\/uploads\/2024\/11\/WASPE-40000-Rechargeable-Disposable-Vape-300x300.jpg",300,300,true],"medium_large":["https:\/\/rmvapesale.com\/wp-content\/uploads\/2024\/11\/WASPE-40000-Rechargeable-Disposable-Vape-768x768.jpg",768,768,true],"large":["https:\/\/rmvapesale.com\/wp-content\/uploads\/2024\/11\/WASPE-40000-Rechargeable-Disposable-Vape.jpg",1000,1000,false],"1536x1536":["https:\/\/rmvapesale.com\/wp-content\/uploads\/2024\/11\/WASPE-40000-Rechargeable-Disposable-Vape.jpg",1000,1000,false],"2048x2048":["https:\/\/rmvapesale.com\/wp-content\/uploads\/2024\/11\/WASPE-40000-Rechargeable-Disposable-Vape.jpg",1000,1000,false],"trp-custom-language-flag":["https:\/\/rmvapesale.com\/wp-content\/uploads\/2024\/11\/WASPE-40000-Rechargeable-Disposable-Vape.jpg",12,12,false],"woocommerce_thumbnail":["https:\/\/rmvapesale.com\/wp-content\/uploads\/2024\/11\/WASPE-40000-Rechargeable-Disposable-Vape-300x300.jpg",300,300,true],"woocommerce_single":["https:\/\/rmvapesale.com\/wp-content\/uploads\/2024\/11\/WASPE-40000-Rechargeable-Disposable-Vape-600x600.jpg",600,600,true],"woocommerce_gallery_thumbnail":["https:\/\/rmvapesale.com\/wp-content\/uploads\/2024\/11\/WASPE-40000-Rechargeable-Disposable-Vape-100x100.jpg",100,100,true],"wcpr-photo-reviews":["https:\/\/rmvapesale.com\/wp-content\/uploads\/2024\/11\/WASPE-40000-Rechargeable-Disposable-Vape.jpg",500,500,false]},"uagb_author_info":{"display_name":"AMY","author_link":"https:\/\/rmvapesale.com\/ro\/author\/"},"uagb_comment_info":0,"uagb_excerpt":"WASPE Vape 40000 Puffs device stands out with its dual-flavor technology and 40,000-puff capacity, making it a top choice for anyone looking to combine convenience with an exceptional vaping experience. WhatsApp: +86 17776015835 &nbsp;","_links":{"self":[{"href":"https:\/\/rmvapesale.com\/ro\/wp-json\/wp\/v2\/product\/2761","targetHints":{"allow":["GET"]}}],"collection":[{"href":"https:\/\/rmvapesale.com\/ro\/wp-json\/wp\/v2\/product"}],"about":[{"href":"https:\/\/rmvapesale.com\/ro\/wp-json\/wp\/v2\/types\/product"}],"replies":[{"embeddable":true,"href":"https:\/\/rmvapesale.com\/ro\/wp-json\/wp\/v2\/comments?post=2761"}],"wp:featuredmedia":[{"embeddable":true,"href":"https:\/\/rmvapesale.com\/ro\/wp-json\/wp\/v2\/media\/2759"}],"wp:attachment":[{"href":"https:\/\/rmvapesale.com\/ro\/wp-json\/wp\/v2\/media?parent=2761"}],"wp:term":[{"taxonomy":"product_brand","embeddable":true,"href":"https:\/\/rmvapesale.com\/ro\/wp-json\/wp\/v2\/product_brand?post=2761"},{"taxonomy":"product_cat","embeddable":true,"href":"https:\/\/rmvapesale.com\/ro\/wp-json\/wp\/v2\/product_cat?post=2761"},{"taxonomy":"product_tag","embeddable":true,"href":"https:\/\/rmvapesale.com\/ro\/wp-json\/wp\/v2\/product_tag?post=2761"}],"curies":[{"name":"wp","href":"https:\/\/api.w.org\/{rel}","templated":true}]}}