{"id":2767,"date":"2024-11-21T08:44:14","date_gmt":"2024-11-21T08:44:14","guid":{"rendered":"https:\/\/rmvapesale.com\/?post_type=product&#038;p=2767"},"modified":"2024-11-21T09:11:37","modified_gmt":"2024-11-21T09:11:37","slug":"jnr-alien-10000-puffs-rechargeable-disposable-vape-bulk-price","status":"publish","type":"product","link":"https:\/\/rmvapesale.com\/ro\/product\/jnr-alien-10000-puffs-rechargeable-disposable-vape-bulk-price\/","title":{"rendered":"\u021aigar\u0103 electronic\u0103 de unic\u0103 folosin\u021b\u0103 re\u00eenc\u0103rcabil\u0103 JNR Alien 10000 pufuri, pre\u021b vrac"},"content":{"rendered":"<div class=\"B2VR9 CJHX3e\">\n<div class=\"wyccme\">\n<h1 class=\"LC20lb MBeuO DKV0Md\">\u021aigar\u0103 electronic\u0103 de unic\u0103 folosin\u021b\u0103 re\u00eenc\u0103rcabil\u0103 JNR Alien 10000 pufuri, pre\u021b vrac<\/h1>\n<div class=\"flex-shrink-0 flex flex-col relative items-end\">\n<div class=\"pt-0\">\n<div class=\"gizmo-bot-avatar flex h-8 w-8 items-center justify-center overflow-hidden rounded-full\">\n<div class=\"relative p-1 rounded-sm flex items-center justify-center bg-token-main-surface-primary text-token-text-primary h-8 w-8\">\n<p>The <strong>JNR Alien 10000 Puffs Vap\u0103 de unic\u0103 folosin\u021b\u0103 re\u00eenc\u0103rcabil\u0103<\/strong> este proiectat\u0103 pentru cei care prioritizeaz\u0103 at\u00e2t confortul, c\u00e2t \u0219i performan\u021ba. Cu o capacitate de e-lichid preumplut\u0103 de <strong>20ml<\/strong>, acest dispozitiv ofer\u0103 p\u00e2n\u0103 la <strong>10.000 de pufuri<\/strong>, asigur\u00e2nd sesiuni de vaping extinse f\u0103r\u0103 \u00eenlocuiri frecvente. Alimentat de o baterie fiabil\u0103 <strong>Baterie re\u00eenc\u0103rcabil\u0103 de 850mAh<\/strong>, ofer\u0103 o produc\u021bie constant\u0103 de vapori, iar tehnologia avansat\u0103 <strong>tehnologia sa cu rezisten\u021b\u0103 mesh<\/strong> \u00eembun\u0103t\u0103\u021be\u0219te at\u00e2t aroma, c\u00e2t \u0219i produc\u021bia de nori pentru o experien\u021b\u0103 superioar\u0103. Alien JNR 10000 Proiectat pentru <strong>vaping MTL (gur\u0103-la-pl\u0103m\u00e2ni)<\/strong>, acest dispozitiv are un mecanism simplu <strong>activat prin inhalare<\/strong>, fiind perfect pentru utilizatorii care prefer\u0103 simplitatea f\u0103r\u0103 a compromite performan\u021ba.<\/p>\n<p>Compact\u0103 \u0219i portabil\u0103, vapa <strong>JNR Alien 10000 re\u00eenc\u0103rcabil\u0103<\/strong> este ideal\u0103 pentru vaping \u00een mi\u0219care. Bateria re\u00eenc\u0103rcabil\u0103 permite o utilizare de lung\u0103 durat\u0103, iar designul u\u0219or o face u\u0219or de transportat. Cu o <strong>5% concentra\u021bie de nicotin\u0103<\/strong>, ofer\u0103 o lovitur\u0103 satisf\u0103c\u0103toare care se adreseaz\u0103 utilizatorilor care caut\u0103 o experien\u021b\u0103 de vaping puternic\u0103, dar lin\u0103. Indiferent dac\u0103 e\u0219ti un retailer sau un cump\u0103r\u0103tor de volum, <strong>JNR Alien 10000 de pufuri<\/strong> ofer\u0103 o valoare excep\u021bional\u0103 la <strong>pre\u021buri en-gros<\/strong>, ceea ce \u00eel face un produs remarcabil pentru nevoile de en-gros de vape-uri.<\/p>\n<\/div>\n<\/div>\n<\/div>\n<\/div>\n<\/div>\n<\/div>\n<p><strong>Contacta\u021bi-o pe Amy pentru a ob\u021bine un r\u0103spuns prompt \u0219i un cupon pentru vape!<\/strong><\/p>\n<p><img loading=\"lazy\" decoding=\"async\" class=\"size-full wp-image-1978\" src=\"https:\/\/rmvapesale.com\/wp-content\/uploads\/2024\/09\/Disposable-Vape-Wholesale.jpg\" alt=\"\u021aig\u0103ri electronice de unic\u0103 folosin\u021b\u0103 en-gros\" width=\"229\" height=\"300\" \/><\/p>\n<h3><a href=\"https:\/\/wa.me\/8617776015835\" target=\"_blank\" rel=\"noopener\"><span style=\"color: #ff0000\"><strong>WhatsApp: +86 17776015835<\/strong><\/span><\/a><\/h3>\n<p>&nbsp;<\/p>\n<h2><\/h2>\n<h2><strong>JNR Alien 10000 de pufuri Caracteristici cheie<\/strong><\/h2>\n<ul>\n<li><strong>Ofer\u0103 p\u00e2n\u0103 la 10.000 de pufuri per dispozitiv<\/strong><\/li>\n<li><strong>20 ml de e-lichid pre-umplut pentru mai pu\u021bine \u00eenlocuiri<\/strong><\/li>\n<li><strong>Baterie re\u00eenc\u0103rcabil\u0103 de 850 mAh pentru sesiuni extinse<\/strong><\/li>\n<li><strong>Tehnologia cu bobin\u0103 mesh \u00eembun\u0103t\u0103\u021be\u0219te aroma \u0219i vaporii<\/strong><\/li>\n<li><strong>Design compact, activat prin inhalare pentru vaping f\u0103r\u0103 efort<\/strong><\/li>\n<\/ul>\n<h2><\/h2>\n<h2><strong>Arom\u0103 de top pentru JNR Alien 10k Pufuri<\/strong><\/h2>\n<p>1. Black Dragon Ice<br \/>\n2. Blue Razz Cherry <span style=\"color: #ff0000\"><strong>&gt;&gt;&gt;&gt; Fierbinte!<\/strong><\/span><br \/>\n3. Blue Razz Ice <span style=\"color: #ff0000\"><strong>&gt;&gt;&gt;&gt; Fierbinte!<\/strong><\/span><br \/>\n4. Blueberry Bubble Gum<br \/>\n5. Blueberry Cherry Cranberry<br \/>\n6. Blueberry On Ice<br \/>\n7. Blueberry Sour Raspberry<br \/>\n8.Cirea\u0219\u0103 spumoas\u0103 cu Cola<br \/>\n9.Struguri cu ghea\u021b\u0103<br \/>\n10.Guava cu ghea\u021b\u0103<br \/>\n11.Kiwi Fructul Pasiunii Guava<br \/>\n12.C\u0103p\u0219uni Kiwi<br \/>\n13.Fructe de p\u0103dure mixte<br \/>\n14.Domnul Albastru<br \/>\n15.Fructul Pasiunii<br \/>\n16.Piersic\u0103 cu fructe de p\u0103dure<br \/>\n17.Piersic\u0103 Afine Bomboane<br \/>\n18. Piersic\u0103 Ghe\u021bat\u0103<br \/>\n19. Piersic\u0103 Mango Ananas <span style=\"color: #ff0000\"><strong>&gt;&gt;&gt;&gt; Fierbinte!<\/strong><\/span><br \/>\n20. M\u0103r Acri\u0219or<br \/>\n21. C\u0103p\u0219uni Banan\u0103<br \/>\n22. C\u0103p\u0219uni Ghe\u021bate<br \/>\n23. C\u0103p\u0219uni Zmeur\u0103 Cire\u0219e Ghe\u021bate <span style=\"color: #ff0000\"><strong>&gt;&gt;&gt;&gt; Cel mai bun!<\/strong><\/span><br \/>\n24. C\u0103p\u0219uni Pepene Ro\u0219u Ghe\u021bat<br \/>\n25. C\u0103p\u0219uni Pepene Ro\u0219u Limonad\u0103<br \/>\n26. Gum\u0103 de mestecat cu Pepene Ro\u0219u<br \/>\n27. Pepene Ro\u0219u Ghe\u021bat<br \/>\n28. Banan\u0103 Ghe\u021bat\u0103<br \/>\n29. Afine Kiwi<br \/>\n30. Cire\u0219e Fructe de P\u0103dure<br \/>\n31. Cola Ghe\u021bat\u0103<br \/>\n32. Ment\u0103 R\u0103coritoare<br \/>\n33. M\u0103r Dublu<br \/>\n34. Ursule\u021b Gumat<br \/>\n35. Fructe de P\u0103dure Ghe\u021bate<br \/>\n36. Zmeur\u0103 Pepene Ro\u0219u<br \/>\n37. Acadea de C\u0103p\u0219uni Ghe\u021bat\u0103<br \/>\n38.Pinacolada cu c\u0103p\u0219uni<br \/>\n39.Rodie cu c\u0103p\u0219uni<br \/>\n40.Ghea\u021b\u0103 de zmeur\u0103 cu c\u0103p\u0219uni<br \/>\n41.Punch tropical<br \/>\n42.Ghea\u021b\u0103 de pepene ro\u0219u cu brazz<br \/>\n43.Lychee cu pepene ro\u0219u<\/p>\n<p>&nbsp;<\/p>\n<h3><strong>De ce s\u0103 alege\u021bi Rmvapesale pentru Alien JNR 10000 Puffs <\/strong><strong>V<\/strong><strong>V\u00e2nz\u0103ri en-gros de \u021big\u0103ri electronice<\/strong><strong>?<\/strong><\/h3>\n<div class=\"flex-shrink-0 flex flex-col relative items-end\">\n<div class=\"pt-0\">\n<div class=\"gizmo-bot-avatar flex h-8 w-8 items-center justify-center overflow-hidden rounded-full\">\n<div class=\"relative p-1 rounded-sm flex items-center justify-center bg-token-main-surface-primary text-token-text-primary h-8 w-8\">\n<p>Bun venit la Rmvapesale, magazinul dumneavoastr\u0103 de \u00eencredere pentru \u021big\u0103ri electronice de unic\u0103 folosin\u021b\u0103 premium. Cu o experien\u021b\u0103 de peste 5 ani, v\u0103 aducem branduri populare de \u021big\u0103ri electronice de unic\u0103 folosin\u021b\u0103, cum ar fi Al Fakher, Vapme Vape, <a href=\"https:\/\/rmvapesale.com\/ro\/product-category\/bang-vapes\/\">Bang Vape<\/a>, Waspe, WGA Vape \u0219i<a href=\"https:\/\/rmvapesale.com\/ro\/product-category\/randm-fumot-vape\/\"> RandM Vape<\/a>.<\/p>\n<p>Gama noastr\u0103 include \u021big\u0103ri electronice foarte v\u00e2ndute, cum ar fi <a href=\"https:\/\/rmvapesale.com\/ro\/product\/randm-tornado-15000-puffs-vape-wholesale\/\">RandM Tornado 15000<\/a> \u0219i op\u021biuni bogate \u00een arome, cum ar fi Vapme 70000. Fiecare produs este ales cu accent pe calitate, valoare \u0219i varietate, asigur\u00e2ndu-v\u0103 c\u0103 g\u0103si\u021bi potrivirea perfect\u0103 pentru nevoile dumneavoastr\u0103. Descoperi\u021bi servicii excep\u021bionale \u0219i o gam\u0103 larg\u0103 de produse de top la Rmvapesale.<\/p>\n<\/div>\n<h3><\/h3>\n<div class=\"relative p-1 rounded-sm flex items-center justify-center bg-token-main-surface-primary text-token-text-primary h-8 w-8\">\n<h3><b> \u00centreb\u0103ri frecvente despre <\/b><b>\u021aigara electronic\u0103 de unic\u0103 folosin\u021b\u0103 re\u00eenc\u0103rcabil\u0103 Alien JNR 10000<\/b><\/h3>\n<div class=\"group\/conversation-turn relative flex w-full min-w-0 flex-col agent-turn\">\n<div class=\"flex-col gap-1 md:gap-3\">\n<div class=\"flex max-w-full flex-col flex-grow\">\n<div class=\"min-h-8 text-message flex w-full flex-col items-end gap-2 whitespace-normal break-words [.text-message+&amp;]:mt-5\" dir=\"auto\" data-message-author-role=\"assistant\" data-message-id=\"00c9b302-bc9c-4550-94ba-5a295efa2be3\" data-message-model-slug=\"gpt-4o\">\n<div class=\"flex w-full flex-col gap-1 empty:hidden first:pt-[3px]\">\n<div class=\"markdown prose w-full break-words dark:prose-invert light\">\n<div class=\"flex-shrink-0 flex flex-col relative items-end\">\n<div>\n<div class=\"pt-0\">\n<div class=\"gizmo-bot-avatar flex h-8 w-8 items-center justify-center overflow-hidden rounded-full\">\n<div class=\"relative p-1 rounded-sm flex items-center justify-center bg-token-main-surface-primary text-token-text-primary h-8 w-8\">\n<div class=\"flex-shrink-0 flex flex-col relative items-end\">\n<div>\n<div class=\"pt-0\">\n<div class=\"gizmo-bot-avatar flex h-8 w-8 items-center justify-center overflow-hidden rounded-full\">\n<div class=\"relative p-1 rounded-sm flex items-center justify-center bg-token-main-surface-primary text-token-text-primary h-8 w-8\">\n<p><strong>1. C\u00e2t\u0103 nicotin\u0103 con\u021bine o \u021bigar\u0103 electronic\u0103 de unic\u0103 folosin\u021b\u0103 JNR 10000?<\/strong><br \/>\nThe <strong>\u021aigara electronic\u0103 de unic\u0103 folosin\u021b\u0103 JNR Alien 10k<\/strong> con\u021bine <strong>5% concentra\u021bie de nicotin\u0103 (50mg)<\/strong>, oferind o experien\u021b\u0103 cu nicotin\u0103 puternic\u0103, dar fin\u0103.<\/p>\n<p><strong>2. De unde pot cump\u0103ra JNR Alien 10k Puffs la pre\u021b de en-gros?<\/strong><br \/>\nPute\u021bi achizi\u021biona <strong>JNR Alien 10k Puffs<\/strong> at <strong>la pre\u021buri de en-gros<\/strong> prin intermediul angrosi\u0219tilor de \u00eencredere, distribuitorilor sau platformelor online specializate \u00een v\u00e2nz\u0103ri de vape \u00een vrac.<\/p>\n<p><strong>3. Cum \u0219tiu c\u00e2nd JNR 10000 Puffs Smart Vape este gol?<\/strong><br \/>\nT\u0103u <strong>JNR 10000 Vape<\/strong> ar putea fi gol dac\u0103 observi un gust de ars sau nepl\u0103cut, o produc\u021bie redus\u0103 de vapori sau dispozitivul nu se mai activeaz\u0103 atunci c\u00e2nd este folosit.<\/p>\n<p><strong>4. C\u00e2t timp dureaz\u0103 aroma \u00een stiloul de vapat de unic\u0103 folosin\u021b\u0103 JNR 10000?<\/strong><br \/>\nAromele din <strong>JNR Alien 10000<\/strong> r\u0103m\u00e2n consistente \u0219i satisf\u0103c\u0103toare pe parcursul \u00eentregii sale <strong>10.000 de pufuri<\/strong>, asigur\u00e2nd un gust f\u0103r\u0103 compromisuri.<\/p>\n<p><strong>5. Care sunt aromele populare pentru stiloul de vapat de unic\u0103 folosin\u021b\u0103 JNR Alien 10k Puffs?<\/strong><br \/>\nAromele de top pentru <strong>JNR Alien 10k Puffs<\/strong> includ Mango Ice, Strawberry Watermelon, Blueberry Raspberry \u0219i Cool Mint, satisf\u0103c\u00e2nd o gam\u0103 larg\u0103 de preferin\u021be.<\/p>\n<p><strong>6. C\u00e2te pufuri ofer\u0103 JNR 10000 Vape?<\/strong><br \/>\nThe <strong>JNR Alien 10k Vape<\/strong> ofer\u0103 <strong>10.000 de pufuri<\/strong>, f\u0103c\u00e2ndu-l o op\u021biune de lung\u0103 durat\u0103 \u0219i convenabil\u0103 at\u00e2t pentru vaperii \u00eenr\u0103i\u021bi, c\u00e2t \u0219i pentru cei ocazionali.<\/p>\n<p><strong>7. C\u00e2t timp dureaz\u0103 \u00eenc\u0103rcarea unui JNR 10000 Puffs Vape re\u00eenc\u0103rcabil?<\/strong><br \/>\nThe <strong>JNR 10000 Puffs Vape<\/strong> se \u00eencarc\u0103 complet \u00een aproximativ <strong>1 p\u00e2n\u0103 la 1,5 ore<\/strong>, datorit\u0103 eficien\u021bei sale <strong>portul de \u00eenc\u0103rcare Type-C<\/strong>.<\/p>\n<\/div>\n<\/div>\n<\/div>\n<\/div>\n<\/div>\n<\/div>\n<\/div>\n<\/div>\n<\/div>\n<\/div>\n<div class=\"group\/conversation-turn relative flex w-full min-w-0 flex-col agent-turn\">\n<div class=\"flex-col gap-1 md:gap-3\">\n<div class=\"flex max-w-full flex-col flex-grow\">\n<div class=\"min-h-8 text-message flex w-full flex-col items-end gap-2 whitespace-normal break-words [.text-message+&amp;]:mt-5\" dir=\"auto\" data-message-author-role=\"assistant\" data-message-id=\"a3dc01bd-23b0-4fd7-bb9a-7827522cefd8\" data-message-model-slug=\"gpt-4o\">\n<div class=\"flex w-full flex-col gap-1 empty:hidden first:pt-[3px]\"><\/div>\n<\/div>\n<\/div>\n<\/div>\n<\/div>\n<\/div>\n<\/div>\n<\/div>\n<\/div>\n<\/div>\n<\/div>\n<\/div>\n<\/div>\n<\/div>\n<\/div>\n<h3>Despre livrare<\/h3>\n<div class=\"flex-shrink-0 flex flex-col relative items-end\">\n<div>\n<div class=\"pt-0\">\n<div class=\"gizmo-bot-avatar flex h-8 w-8 items-center justify-center overflow-hidden rounded-full\">\n<div><\/div>\n<div class=\"relative p-1 rounded-sm flex items-center justify-center bg-token-main-surface-primary text-token-text-primary h-8 w-8\"><strong>1. Ce metode de expediere sunt folosite?<\/strong><\/div>\n<\/div>\n<\/div>\n<\/div>\n<\/div>\n<div class=\"group\/conversation-turn relative flex w-full min-w-0 flex-col agent-turn\">\n<div class=\"flex-col gap-1 md:gap-3\">\n<div class=\"flex max-w-full flex-col flex-grow\">\n<div class=\"min-h-[20px] text-message flex w-full flex-col items-end gap-2 whitespace-normal break-words [.text-message+&amp;]:mt-5 overflow-x-auto\" dir=\"auto\" data-message-author-role=\"assistant\" data-message-id=\"22f8283b-3233-46ff-89a5-c7a41b33abda\">\n<div class=\"flex w-full flex-col gap-1 empty:hidden first:pt-[3px]\">\n<div class=\"markdown prose w-full break-words dark:prose-invert light\">\n<p>Colabor\u0103m cu UPS, DHL, FedEx, DPD \u0219i al\u021bi transportatori de top. Vom selecta cea mai bun\u0103 metod\u0103 de expediere \u00een func\u021bie de loca\u021bia dvs. de livrare pentru a ne asigura c\u0103 ve\u021bi primi produsele c\u00e2t mai repede posibil.<\/p>\n<\/div>\n<p><strong>2. C\u00e2t dureaz\u0103 livrarea?<\/strong><\/p>\n<p>Pachetele expediate \u00een Rom\u00e2nia ajung de obicei \u00een 10 zile lucr\u0103toare. Livrarea \u00een \u021b\u0103rile europene dureaz\u0103, \u00een general, aproximativ 12-15 zile lucr\u0103toare. V\u0103 vom oferi actualiz\u0103ri \u00een timp real cu privire la starea expedierii dumneavoastr\u0103.<\/p>\n<\/div>\n<\/div>\n<\/div>\n<\/div>\n<\/div>\n<p>&nbsp;<\/p>\n<p>G\u0103si\u021bi mai multe produse de vapat care v-ar putea pl\u0103cea:<strong><em><a href=\"https:\/\/rmvapesale.com\/ro\/shop-2\/\">cump\u0103r\u0103 acum &gt;&gt;&gt;<\/a><\/em><\/strong><\/p>","protected":false},"excerpt":{"rendered":"<p>The <strong>JNR Alien 10000 Puffs Vap\u0103 de unic\u0103 folosin\u021b\u0103 re\u00eenc\u0103rcabil\u0103<\/strong> este proiectat\u0103 pentru cei care prioritizeaz\u0103 at\u00e2t confortul, c\u00e2t \u0219i performan\u021ba. Cu o capacitate de e-lichid preumplut\u0103 de <strong>20ml<\/strong>, acest dispozitiv ofer\u0103 p\u00e2n\u0103 la <strong>10.000 de pufuri<\/strong>, asigur\u00e2nd sesiuni de vaping extinse f\u0103r\u0103 \u00eenlocuiri frecvente.<\/p>\n<p><img loading=\"lazy\" decoding=\"async\" class=\"size-full wp-image-2375\" src=\"https:\/\/rmvapesale.com\/wp-content\/uploads\/2024\/10\/image.png\" alt=\"Cea mai bun\u0103 \u021bigar\u0103 electronic\u0103 de unic\u0103 folosin\u021b\u0103\" width=\"229\" height=\"300\" \/><\/p>\n<h3><a href=\"https:\/\/wa.me\/8617776015835\"><span style=\"color: #ff0000\"><strong>WhatsApp: +86 17776015835<\/strong><\/span><\/a><\/h3>\n<p>&nbsp;<\/p>","protected":false},"featured_media":2762,"comment_status":"open","ping_status":"closed","template":"","meta":{"_uag_custom_page_level_css":"","_lmt_disableupdate":"no","_lmt_disable":"","site-sidebar-layout":"default","site-content-layout":"content-boxed-container","ast-site-content-layout":"normal-width-container","site-content-style":"boxed","site-sidebar-style":"unboxed","ast-global-header-display":"","ast-banner-title-visibility":"","ast-main-header-display":"","ast-hfb-above-header-display":"","ast-hfb-below-header-display":"","ast-hfb-mobile-header-display":"","site-post-title":"","ast-breadcrumbs-content":"","ast-featured-img":"","footer-sml-layout":"","ast-disable-related-posts":"","theme-transparent-header-meta":"default","adv-header-id-meta":"","stick-header-meta":"","header-above-stick-meta":"","header-main-stick-meta":"","header-below-stick-meta":"","astra-migrate-meta-layouts":"set","ast-page-background-enabled":"default","ast-page-background-meta":{"desktop":{"background-color":"var(--ast-global-color-4)","background-image":"","background-repeat":"repeat","background-position":"center center","background-size":"auto","background-attachment":"scroll","background-type":"","background-media":"","overlay-type":"","overlay-color":"","overlay-opacity":"","overlay-gradient":""},"tablet":{"background-color":"","background-image":"","background-repeat":"repeat","background-position":"center center","background-size":"auto","background-attachment":"scroll","background-type":"","background-media":"","overlay-type":"","overlay-color":"","overlay-opacity":"","overlay-gradient":""},"mobile":{"background-color":"","background-image":"","background-repeat":"repeat","background-position":"center center","background-size":"auto","background-attachment":"scroll","background-type":"","background-media":"","overlay-type":"","overlay-color":"","overlay-opacity":"","overlay-gradient":""}},"ast-content-background-meta":{"desktop":{"background-color":"var(--ast-global-color-5)","background-image":"","background-repeat":"repeat","background-position":"center center","background-size":"auto","background-attachment":"scroll","background-type":"","background-media":"","overlay-type":"","overlay-color":"","overlay-opacity":"","overlay-gradient":""},"tablet":{"background-color":"var(--ast-global-color-5)","background-image":"","background-repeat":"repeat","background-position":"center center","background-size":"auto","background-attachment":"scroll","background-type":"","background-media":"","overlay-type":"","overlay-color":"","overlay-opacity":"","overlay-gradient":""},"mobile":{"background-color":"var(--ast-global-color-5)","background-image":"","background-repeat":"repeat","background-position":"center center","background-size":"auto","background-attachment":"scroll","background-type":"","background-media":"","overlay-type":"","overlay-color":"","overlay-opacity":"","overlay-gradient":""}},"_joinchat":[]},"product_brand":[],"product_cat":[15,27,25,123,30,26,28,137,136,135],"product_tag":[223,224,205],"class_list":{"0":"post-2767","1":"product","2":"type-product","3":"status-publish","4":"has-post-thumbnail","6":"product_cat-new-vape-this-week","7":"product_cat-fance-hot-sale-vape","8":"product_cat-germany-best-selling-vape","9":"product_cat-italy-wholesale-vape","10":"product_cat-minimum-order-quantity-50pcs","11":"product_cat-netherlands-hot-sale-vape","12":"product_cat-poland-hot-sale-vape","13":"product_cat-rechargeable-vapes","14":"product_cat-smart-screen-vapes","15":"product_cat-spain-best-hot-sale-vape","16":"product_tag-jnr","17":"product_tag-jnr-10000","18":"product_tag-jnr-vape","19":"desktop-align-left","20":"tablet-align-left","21":"mobile-align-left","23":"first","24":"instock","25":"sale","26":"shipping-taxable","27":"purchasable","28":"product-type-simple"},"uagb_featured_image_src":{"full":["https:\/\/rmvapesale.com\/wp-content\/uploads\/2024\/11\/JNR-Alien-10000-Puffs-Bulk-Price.png",800,800,false],"thumbnail":["https:\/\/rmvapesale.com\/wp-content\/uploads\/2024\/11\/JNR-Alien-10000-Puffs-Bulk-Price-150x150.png",150,150,true],"medium":["https:\/\/rmvapesale.com\/wp-content\/uploads\/2024\/11\/JNR-Alien-10000-Puffs-Bulk-Price-300x300.png",300,300,true],"medium_large":["https:\/\/rmvapesale.com\/wp-content\/uploads\/2024\/11\/JNR-Alien-10000-Puffs-Bulk-Price-768x768.png",768,768,true],"large":["https:\/\/rmvapesale.com\/wp-content\/uploads\/2024\/11\/JNR-Alien-10000-Puffs-Bulk-Price.png",800,800,false],"1536x1536":["https:\/\/rmvapesale.com\/wp-content\/uploads\/2024\/11\/JNR-Alien-10000-Puffs-Bulk-Price.png",800,800,false],"2048x2048":["https:\/\/rmvapesale.com\/wp-content\/uploads\/2024\/11\/JNR-Alien-10000-Puffs-Bulk-Price.png",800,800,false],"trp-custom-language-flag":["https:\/\/rmvapesale.com\/wp-content\/uploads\/2024\/11\/JNR-Alien-10000-Puffs-Bulk-Price.png",12,12,false],"woocommerce_thumbnail":["https:\/\/rmvapesale.com\/wp-content\/uploads\/2024\/11\/JNR-Alien-10000-Puffs-Bulk-Price-300x300.png",300,300,true],"woocommerce_single":["https:\/\/rmvapesale.com\/wp-content\/uploads\/2024\/11\/JNR-Alien-10000-Puffs-Bulk-Price-600x600.png",600,600,true],"woocommerce_gallery_thumbnail":["https:\/\/rmvapesale.com\/wp-content\/uploads\/2024\/11\/JNR-Alien-10000-Puffs-Bulk-Price-100x100.png",100,100,true],"wcpr-photo-reviews":["https:\/\/rmvapesale.com\/wp-content\/uploads\/2024\/11\/JNR-Alien-10000-Puffs-Bulk-Price.png",500,500,false]},"uagb_author_info":{"display_name":"AMY","author_link":"https:\/\/rmvapesale.com\/ro\/author\/"},"uagb_comment_info":0,"uagb_excerpt":"The JNR Alien 10000 Puffs Rechargeable Disposable Vape is engineered for those who prioritize both convenience and performance. With a pre-filled 20ml e-liquid capacity, this device offers up to 10,000 puffs, ensuring extended vaping sessions without frequent replacements. WhatsApp: +86 17776015835 &nbsp;","_links":{"self":[{"href":"https:\/\/rmvapesale.com\/ro\/wp-json\/wp\/v2\/product\/2767","targetHints":{"allow":["GET"]}}],"collection":[{"href":"https:\/\/rmvapesale.com\/ro\/wp-json\/wp\/v2\/product"}],"about":[{"href":"https:\/\/rmvapesale.com\/ro\/wp-json\/wp\/v2\/types\/product"}],"replies":[{"embeddable":true,"href":"https:\/\/rmvapesale.com\/ro\/wp-json\/wp\/v2\/comments?post=2767"}],"wp:featuredmedia":[{"embeddable":true,"href":"https:\/\/rmvapesale.com\/ro\/wp-json\/wp\/v2\/media\/2762"}],"wp:attachment":[{"href":"https:\/\/rmvapesale.com\/ro\/wp-json\/wp\/v2\/media?parent=2767"}],"wp:term":[{"taxonomy":"product_brand","embeddable":true,"href":"https:\/\/rmvapesale.com\/ro\/wp-json\/wp\/v2\/product_brand?post=2767"},{"taxonomy":"product_cat","embeddable":true,"href":"https:\/\/rmvapesale.com\/ro\/wp-json\/wp\/v2\/product_cat?post=2767"},{"taxonomy":"product_tag","embeddable":true,"href":"https:\/\/rmvapesale.com\/ro\/wp-json\/wp\/v2\/product_tag?post=2767"}],"curies":[{"name":"wp","href":"https:\/\/api.w.org\/{rel}","templated":true}]}}