{"id":2782,"date":"2024-11-26T06:22:12","date_gmt":"2024-11-26T06:22:12","guid":{"rendered":"https:\/\/rmvapesale.com\/?post_type=product&#038;p=2782"},"modified":"2024-11-26T06:36:14","modified_gmt":"2024-11-26T06:36:14","slug":"jnr-phonevape-30000-30k-smart-disposable-vape-wholesale","status":"publish","type":"product","link":"https:\/\/rmvapesale.com\/ro\/product\/jnr-phonevape-30000-30k-smart-disposable-vape-wholesale\/","title":{"rendered":"JNR PhoneVape 30000 30K Smart Disposable Vape V\u00e2nzare cu ridicata"},"content":{"rendered":"<div class=\"B2VR9 CJHX3e\">\n<div class=\"wyccme\">\n<h1 class=\"LC20lb MBeuO DKV0Md\">JNR PhoneVape 30000 30K Smart Disposable Vape V\u00e2nzare cu ridicata<\/h1>\n<div class=\"flex-shrink-0 flex flex-col relative items-end\">\n<div class=\"pt-0\">\n<div class=\"gizmo-bot-avatar flex h-8 w-8 items-center justify-center overflow-hidden rounded-full\">\n<div class=\"relative p-1 rounded-sm flex items-center justify-center bg-token-main-surface-primary text-token-text-primary h-8 w-8\">\n<p>The <strong>JNR PhoneVape 30000 Vape inteligent de unic\u0103 folosin\u021b\u0103<\/strong>, un dispozitiv revolu\u021bionar care combin\u0103 tehnologia de v\u00e2rf cu performan\u021be excep\u021bionale. Conceput pentru vaperii moderni, acest vape inteligent de unic\u0103 folosin\u021b\u0103 ofer\u0103 un num\u0103r masiv de <strong>30.000 de pufuri<\/strong> in <strong>Mod Normal<\/strong> \u0219i <strong>18.000 de pufuri<\/strong> in <strong>Mod Puls<\/strong>, fiind perfect pentru utilizare pe termen lung. Ecranul s\u0103u <strong>cu afi\u0219aj complet<\/strong> ofer\u0103 date \u00een timp real, inclusiv durata de via\u021b\u0103 a bateriei, nivelurile de e-lichid, ora \u0219i chiar func\u021bii de calendar, \u021bin\u00e2ndu-v\u0103 informat \u00een fiecare moment. Cu sistemul s\u0103u <strong>de flux de aer reglabil<\/strong>, pute\u021bi personaliza intensitatea tragerii pentru a se potrivi preferin\u021belor dumneavoastr\u0103. Perfect pentru utilizatorii ocazionali \u0219i experimenta\u021bi deopotriv\u0103, dispozitivul <strong>JNR PhoneVape<\/strong> duce confortul vapatului la un alt nivel.<\/p>\n<p>Ceea ce diferen\u021biaz\u0103 <strong>JNR PhoneVape 30K<\/strong> se remarc\u0103 prin <strong>caracteristici inteligente<\/strong>. Acest dispozitiv suport\u0103 <strong>notific\u0103ri de apeluri \u0219i mesaje text<\/strong>\u0219i <strong>control camer\u0103 de la distan\u021b\u0103<\/strong> caracteristic\u0103, \u0219i unicul <strong>G\u0103se\u0219te-\u021bi Vapa<\/strong> func\u021bioneaz\u0103 prin integrarea sa cu aplica\u021bia <strong>WearinOS<\/strong>. Aceasta <strong>mod de blocare<\/strong> asigur\u0103 siguran\u021ba atunci c\u00e2nd nu este utilizat, \u00een timp ce <strong>bateria re\u00eenc\u0103rcabil\u0103 de tip C<\/strong> se \u00eencarc\u0103 complet \u00een doar <strong>1,5 p\u00e2n\u0103 la 2 ore<\/strong>, oferind putere constant\u0103 pentru sesiuni de vaping extinse. Disponibil \u00eentr-o varietate de arome, inclusiv <strong>Zmeura Albastra cu gheata<\/strong> \u0219i <strong>Ghea\u021b\u0103 de c\u0103p\u0219uni<\/strong>, aceast\u0103 \u021bigar\u0103 electronic\u0103 de unic\u0103 folosin\u021b\u0103 re\u00eenc\u0103rcabil\u0103 garanteaz\u0103 at\u00e2t satisfac\u021bie, c\u00e2t \u0219i stil. Cump\u0103r\u0103torii angro pot profita de pre\u021buri competitive, f\u0103c\u00e2nd din <strong>JNR PhoneVape 30000<\/strong> o alegere imbatabil\u0103 pentru achizi\u021biile \u00een vrac.<\/p>\n<\/div>\n<\/div>\n<\/div>\n<\/div>\n<\/div>\n<\/div>\n<p><strong>Contacta\u021bi-o pe Amy pentru a ob\u021bine un r\u0103spuns prompt \u0219i un cupon pentru vape!<\/strong><\/p>\n<p><img loading=\"lazy\" decoding=\"async\" class=\"size-full wp-image-1978\" src=\"https:\/\/rmvapesale.com\/wp-content\/uploads\/2024\/09\/Disposable-Vape-Wholesale.jpg\" alt=\"\u021aig\u0103ri electronice de unic\u0103 folosin\u021b\u0103 en-gros\" width=\"229\" height=\"300\" \/><\/p>\n<h3><a href=\"https:\/\/wa.me\/8617776015835\" target=\"_blank\" rel=\"noopener\"><span style=\"color: #ff0000\"><strong>WhatsApp: +86 17776015835<\/strong><\/span><\/a><\/h3>\n<p>&nbsp;<\/p>\n<h2><\/h2>\n<h2><strong>JNR PhoneVape 30000 Puffs Caracteristici Cheie<\/strong><\/h2>\n<ul>\n<li><strong>Num\u0103r mare de pufuri<\/strong>: P\u00e2n\u0103 la 30.000 de pufuri \u00een Modul Normal, 18.000 \u00een Modul Puls.<\/li>\n<li><strong>Ecran de Afi\u0219are Inteligent<\/strong>: Date \u00een timp real pentru timp, baterie \u0219i niveluri de e-lichid.<\/li>\n<li><strong>Caracteristici Avansate<\/strong>: Apel<\/li>\n<li><strong>Baterie Re\u00eenc\u0103rcabil\u0103<\/strong>: \u00cenc\u0103rcare rapid\u0103 de tip C timp de 1,5 p\u00e2n\u0103 la 2 ore.<\/li>\n<li><strong>Flux de aer personalizabil<\/strong>: Flux de aer ajustabil pentru o experien\u021b\u0103 de vapat personalizat\u0103.<\/li>\n<\/ul>\n<h2><strong>Arome de top pentru JNR Phone Vape 30000<\/strong><\/h2>\n<p>1.Ghea\u021b\u0103 de Zmeur\u0103 Albastr\u0103 <span style=\"color: #ff0000\"><strong>&gt;&gt;&gt;&gt; Fierbinte!<\/strong><\/span><br \/>\n2.Ghea\u021b\u0103 de C\u0103p\u0219uni<br \/>\n3.Ghea\u021b\u0103 de pepene verde<br \/>\n4.Ment\u0103 Miami <span style=\"color: #ff0000\"><strong>&gt;&gt;&gt;&gt; Fierbinte!<\/strong><\/span><br \/>\n5.Banana ice<br \/>\n6.Cirea\u0219\u0103 c\u0103p\u0219un\u0103 zmeur\u0103 <span style=\"color: #ff0000\"><strong>&gt;&gt;&gt;&gt; Cel mai bun!<\/strong><\/span><br \/>\n7.M\u0103r acru cu ghea\u021b\u0103<br \/>\n8.Afine pepene ro\u0219u<br \/>\n9.Piersic\u0103 mango pepene ro\u0219u<br \/>\n10.Fcuking Fab<\/p>\n<p>&nbsp;<\/p>\n<h3><strong>De ce s\u0103 alege\u021bi Rmvapesale pentru JNR PhoneVape 30K Puffs <\/strong><strong>V<\/strong><strong>V\u00e2nz\u0103ri en-gros de \u021big\u0103ri electronice<\/strong><strong>?<\/strong><\/h3>\n<div class=\"flex-shrink-0 flex flex-col relative items-end\">\n<div class=\"pt-0\">\n<div class=\"gizmo-bot-avatar flex h-8 w-8 items-center justify-center overflow-hidden rounded-full\">\n<div class=\"relative p-1 rounded-sm flex items-center justify-center bg-token-main-surface-primary text-token-text-primary h-8 w-8\">\n<p>Bun venit la Rmvapesale, magazinul dumneavoastr\u0103 de \u00eencredere pentru \u021big\u0103ri electronice de unic\u0103 folosin\u021b\u0103 premium. Cu o experien\u021b\u0103 de peste 5 ani, v\u0103 aducem branduri populare de \u021big\u0103ri electronice de unic\u0103 folosin\u021b\u0103, cum ar fi Al Fakher, Vapme Vape, <a href=\"https:\/\/rmvapesale.com\/ro\/product-category\/bang-vapes\/\">Bang Vape<\/a>, Waspe, WGA Vape \u0219i<a href=\"https:\/\/rmvapesale.com\/ro\/product-category\/randm-fumot-vape\/\"> RandM Vape<\/a>.<\/p>\n<p>Gama noastr\u0103 include \u021big\u0103ri electronice foarte v\u00e2ndute, cum ar fi <a href=\"https:\/\/rmvapesale.com\/ro\/product\/randm-tornado-15000-puffs-vape-wholesale\/\">RandM Tornado 15000<\/a> \u0219i op\u021biuni bogate \u00een arome, cum ar fi Vapme 70000. Fiecare produs este ales cu accent pe calitate, valoare \u0219i varietate, asigur\u00e2ndu-v\u0103 c\u0103 g\u0103si\u021bi potrivirea perfect\u0103 pentru nevoile dumneavoastr\u0103. Descoperi\u021bi servicii excep\u021bionale \u0219i o gam\u0103 larg\u0103 de produse de top la Rmvapesale.<\/p>\n<\/div>\n<h3><\/h3>\n<div class=\"relative p-1 rounded-sm flex items-center justify-center bg-token-main-surface-primary text-token-text-primary h-8 w-8\">\n<h3><b> \u00centreb\u0103ri frecvente pentru JNR Phone Vape 30K<\/b><b>\u00a0\u021aigar\u0103 electronic\u0103 de unic\u0103 folosin\u021b\u0103 re\u00eenc\u0103rcabil\u0103<\/b><\/h3>\n<div class=\"group\/conversation-turn relative flex w-full min-w-0 flex-col agent-turn\">\n<div class=\"flex-col gap-1 md:gap-3\">\n<div class=\"flex max-w-full flex-col flex-grow\">\n<div class=\"min-h-8 text-message flex w-full flex-col items-end gap-2 whitespace-normal break-words [.text-message+&amp;]:mt-5\" dir=\"auto\" data-message-author-role=\"assistant\" data-message-id=\"00c9b302-bc9c-4550-94ba-5a295efa2be3\" data-message-model-slug=\"gpt-4o\">\n<div class=\"flex w-full flex-col gap-1 empty:hidden first:pt-[3px]\">\n<div class=\"markdown prose w-full break-words dark:prose-invert light\">\n<div class=\"flex-shrink-0 flex flex-col relative items-end\">\n<div>\n<div class=\"pt-0\">\n<div class=\"gizmo-bot-avatar flex h-8 w-8 items-center justify-center overflow-hidden rounded-full\">\n<div class=\"relative p-1 rounded-sm flex items-center justify-center bg-token-main-surface-primary text-token-text-primary h-8 w-8\">\n<div class=\"flex-shrink-0 flex flex-col relative items-end\">\n<div>\n<div class=\"pt-0\">\n<div class=\"gizmo-bot-avatar flex h-8 w-8 items-center justify-center overflow-hidden rounded-full\">\n<div class=\"relative p-1 rounded-sm flex items-center justify-center bg-token-main-surface-primary text-token-text-primary h-8 w-8\">\n<ul>\n<li><strong>De unde s\u0103 cumperi JNR PhoneVape 30000 Puffs la pre\u021b de en-gros \u00een Rom\u00e2nia<\/strong><br \/>\nPute\u021bi achizi\u021biona <strong>JNR PhoneVape 30000 Puffs<\/strong> la pre\u021buri de en-gros online prin intermediul platformelor de \u00eencredere pentru v\u00e2nz\u0103ri en-gros de produse de vapat sau a distribuitorilor care ofer\u0103 transport interna\u021bional \u00een Rom\u00e2nia. Asigur\u0103-te c\u0103 verifici dac\u0103 exist\u0103 reduceri pentru cump\u0103r\u0103turi \u00een vrac sau v\u00e2nz\u0103tori autoriza\u021bi pentru pre\u021buri competitive.<\/li>\n<li><strong>C\u00e2te pufuri ofer\u0103 JNR PhoneVape 30000 Vape?<\/strong><br \/>\nThe <strong>JNR PhoneVape 30000 Vape<\/strong> ofer\u0103 p\u00e2n\u0103 la <strong>30.000 de pufuri \u00een modul normal<\/strong> \u0219i <strong>18.000 de pufuri \u00een modul Pulse<\/strong>, fiind perfect pentru utilizare prelungit\u0103.<\/li>\n<li><strong>C\u00e2t dureaz\u0103 aromele populare pentru stiloul de vapat de unic\u0103 folosin\u021b\u0103 JNR Phone Vape 30000?<\/strong><br \/>\nDurata de via\u021b\u0103 a aromelor populare, cum ar fi <strong>Zmeura Albastra cu gheata<\/strong> or <strong>Peach Ice (Ghea\u021b\u0103 de Piersici)<\/strong> depinde de tiparele de utilizare. De obicei, cu p\u00e2n\u0103 la <strong>30.000 de pufuri<\/strong>, poate dura s\u0103pt\u0103m\u00e2ni sau chiar luni pentru utilizatorii obi\u0219nui\u021bi.<\/li>\n<li><strong>Care sunt aromele populare pentru stiloul de vapat de unic\u0103 folosin\u021b\u0103 JNR PhoneVape 30k Puffs?<\/strong><br \/>\nAromele populare pentru <strong>JNR PhoneVape 30k Puffs<\/strong> includ <strong>Zmeura Albastra cu gheata<\/strong>, <strong>Peach Ice (Ghea\u021b\u0103 de Piersici)<\/strong>, \u0219i alte amestecuri fructate \u0219i mentolate care ofer\u0103 un gust revigorant \u0219i constant.<\/li>\n<li><strong>C\u00e2t dureaz\u0103 \u00eenc\u0103rcarea unui JNR PhoneVape 30k Puffs Rechargeable Vape?<\/strong><br \/>\nThe <strong>JNR PhoneVape 30k Puffs Rechargeable Vape<\/strong> dureaz\u0103 aproximativ <strong>1,5 p\u00e2n\u0103 la 2 ore<\/strong> pentru a se re\u00eenc\u0103rca complet prin intermediul <strong>portul de \u00eenc\u0103rcare Type-C<\/strong>.<\/li>\n<li><strong>C\u00e2t\u0103 nicotin\u0103 se afl\u0103 \u00eentr-o \u021bigar\u0103 electronic\u0103 de unic\u0103 folosin\u021b\u0103 JNR Phone Vape 30000?<\/strong><br \/>\nThe <strong>\u021aigar\u0103 electronic\u0103 de unic\u0103 folosin\u021b\u0103 JNR Phone Vape 30000<\/strong> con\u021bine <strong>Concentra\u021bie de nicotin\u0103 2% (20mg\/ml)<\/strong>, oferind o experien\u021b\u0103 de vaping mai fin\u0103 \u0219i mai bl\u00e2nd\u0103, ideal\u0103 pentru utilizatorii de nicotin\u0103 sc\u0103zut\u0103.<\/li>\n<\/ul>\n<\/div>\n<\/div>\n<\/div>\n<\/div>\n<\/div>\n<\/div>\n<\/div>\n<\/div>\n<\/div>\n<\/div>\n<div class=\"group\/conversation-turn relative flex w-full min-w-0 flex-col agent-turn\">\n<div class=\"flex-col gap-1 md:gap-3\">\n<div class=\"flex max-w-full flex-col flex-grow\">\n<div class=\"min-h-8 text-message flex w-full flex-col items-end gap-2 whitespace-normal break-words [.text-message+&amp;]:mt-5\" dir=\"auto\" data-message-author-role=\"assistant\" data-message-id=\"a3dc01bd-23b0-4fd7-bb9a-7827522cefd8\" data-message-model-slug=\"gpt-4o\">\n<div class=\"flex w-full flex-col gap-1 empty:hidden first:pt-[3px]\"><\/div>\n<\/div>\n<\/div>\n<\/div>\n<\/div>\n<\/div>\n<\/div>\n<\/div>\n<\/div>\n<\/div>\n<\/div>\n<\/div>\n<\/div>\n<\/div>\n<\/div>\n<h3>Despre livrare<\/h3>\n<div class=\"flex-shrink-0 flex flex-col relative items-end\">\n<div>\n<div class=\"pt-0\">\n<div class=\"gizmo-bot-avatar flex h-8 w-8 items-center justify-center overflow-hidden rounded-full\">\n<div><\/div>\n<div class=\"relative p-1 rounded-sm flex items-center justify-center bg-token-main-surface-primary text-token-text-primary h-8 w-8\"><strong>1. Ce metode de expediere sunt folosite?<\/strong><\/div>\n<\/div>\n<\/div>\n<\/div>\n<\/div>\n<div class=\"group\/conversation-turn relative flex w-full min-w-0 flex-col agent-turn\">\n<div class=\"flex-col gap-1 md:gap-3\">\n<div class=\"flex max-w-full flex-col flex-grow\">\n<div class=\"min-h-[20px] text-message flex w-full flex-col items-end gap-2 whitespace-normal break-words [.text-message+&amp;]:mt-5 overflow-x-auto\" dir=\"auto\" data-message-author-role=\"assistant\" data-message-id=\"22f8283b-3233-46ff-89a5-c7a41b33abda\">\n<div class=\"flex w-full flex-col gap-1 empty:hidden first:pt-[3px]\">\n<div class=\"markdown prose w-full break-words dark:prose-invert light\">\n<p>Colabor\u0103m cu UPS, DHL, FedEx, DPD \u0219i al\u021bi transportatori de top. Vom selecta cea mai bun\u0103 metod\u0103 de expediere \u00een func\u021bie de loca\u021bia dvs. de livrare pentru a ne asigura c\u0103 ve\u021bi primi produsele c\u00e2t mai repede posibil.<\/p>\n<\/div>\n<p><strong>2. C\u00e2t dureaz\u0103 livrarea?<\/strong><\/p>\n<p>Pachetele expediate \u00een Rom\u00e2nia ajung de obicei \u00een 10 zile lucr\u0103toare. Livrarea \u00een \u021b\u0103rile europene dureaz\u0103, \u00een general, aproximativ 12-15 zile lucr\u0103toare. V\u0103 vom oferi actualiz\u0103ri \u00een timp real cu privire la starea expedierii dumneavoastr\u0103.<\/p>\n<\/div>\n<\/div>\n<\/div>\n<\/div>\n<\/div>\n<p>&nbsp;<\/p>\n<p>G\u0103si\u021bi mai multe produse de vapat care v-ar putea pl\u0103cea:<strong><em><a href=\"https:\/\/rmvapesale.com\/ro\/shop-2\/\">cump\u0103r\u0103 acum &gt;&gt;&gt;<\/a><\/em><\/strong><\/p>","protected":false},"excerpt":{"rendered":"<p>The <strong>JNR PhoneVape 30000 Vape inteligent de unic\u0103 folosin\u021b\u0103 <\/strong>conceput pentru vaperii moderni, ofer\u0103 un num\u0103r masiv de <strong>30.000 de pufuri<\/strong> in <strong>Mod Normal<\/strong> \u0219i <strong>18.000 de pufuri<\/strong> in <strong>Mod Puls<\/strong>, fiind perfect pentru utilizare pe termen lung.<\/p>\n<p><img loading=\"lazy\" decoding=\"async\" class=\"size-full wp-image-2375\" src=\"https:\/\/rmvapesale.com\/wp-content\/uploads\/2024\/10\/image.png\" alt=\"Cea mai bun\u0103 \u021bigar\u0103 electronic\u0103 de unic\u0103 folosin\u021b\u0103\" width=\"229\" height=\"300\" \/><\/p>\n<h3><a href=\"https:\/\/wa.me\/8617776015835\"><span style=\"color: #ff0000\"><strong>WhatsApp: +86 17776015835<\/strong><\/span><\/a><\/h3>\n<p>&nbsp;<\/p>","protected":false},"featured_media":2778,"comment_status":"open","ping_status":"closed","template":"","meta":{"_uag_custom_page_level_css":"","_lmt_disableupdate":"no","_lmt_disable":"","site-sidebar-layout":"default","site-content-layout":"content-boxed-container","ast-site-content-layout":"normal-width-container","site-content-style":"boxed","site-sidebar-style":"unboxed","ast-global-header-display":"","ast-banner-title-visibility":"","ast-main-header-display":"","ast-hfb-above-header-display":"","ast-hfb-below-header-display":"","ast-hfb-mobile-header-display":"","site-post-title":"","ast-breadcrumbs-content":"","ast-featured-img":"","footer-sml-layout":"","ast-disable-related-posts":"","theme-transparent-header-meta":"default","adv-header-id-meta":"","stick-header-meta":"","header-above-stick-meta":"","header-main-stick-meta":"","header-below-stick-meta":"","astra-migrate-meta-layouts":"set","ast-page-background-enabled":"default","ast-page-background-meta":{"desktop":{"background-color":"var(--ast-global-color-4)","background-image":"","background-repeat":"repeat","background-position":"center center","background-size":"auto","background-attachment":"scroll","background-type":"","background-media":"","overlay-type":"","overlay-color":"","overlay-opacity":"","overlay-gradient":""},"tablet":{"background-color":"","background-image":"","background-repeat":"repeat","background-position":"center center","background-size":"auto","background-attachment":"scroll","background-type":"","background-media":"","overlay-type":"","overlay-color":"","overlay-opacity":"","overlay-gradient":""},"mobile":{"background-color":"","background-image":"","background-repeat":"repeat","background-position":"center center","background-size":"auto","background-attachment":"scroll","background-type":"","background-media":"","overlay-type":"","overlay-color":"","overlay-opacity":"","overlay-gradient":""}},"ast-content-background-meta":{"desktop":{"background-color":"var(--ast-global-color-5)","background-image":"","background-repeat":"repeat","background-position":"center center","background-size":"auto","background-attachment":"scroll","background-type":"","background-media":"","overlay-type":"","overlay-color":"","overlay-opacity":"","overlay-gradient":""},"tablet":{"background-color":"var(--ast-global-color-5)","background-image":"","background-repeat":"repeat","background-position":"center center","background-size":"auto","background-attachment":"scroll","background-type":"","background-media":"","overlay-type":"","overlay-color":"","overlay-opacity":"","overlay-gradient":""},"mobile":{"background-color":"var(--ast-global-color-5)","background-image":"","background-repeat":"repeat","background-position":"center center","background-size":"auto","background-attachment":"scroll","background-type":"","background-media":"","overlay-type":"","overlay-color":"","overlay-opacity":"","overlay-gradient":""}},"_joinchat":[]},"product_brand":[],"product_cat":[15,27,25,123,30,26,28,137,136,135],"product_tag":[223,230,231,205,229,228],"class_list":{"0":"post-2782","1":"product","2":"type-product","3":"status-publish","4":"has-post-thumbnail","6":"product_cat-new-vape-this-week","7":"product_cat-fance-hot-sale-vape","8":"product_cat-germany-best-selling-vape","9":"product_cat-italy-wholesale-vape","10":"product_cat-minimum-order-quantity-50pcs","11":"product_cat-netherlands-hot-sale-vape","12":"product_cat-poland-hot-sale-vape","13":"product_cat-rechargeable-vapes","14":"product_cat-smart-screen-vapes","15":"product_cat-spain-best-hot-sale-vape","16":"product_tag-jnr","17":"product_tag-jnr-phonevape-30000","18":"product_tag-jnr-phonevape-30k","19":"product_tag-jnr-vape","20":"product_tag-smart-disposable-vapes","21":"product_tag-touch-screen-vape","22":"desktop-align-left","23":"tablet-align-left","24":"mobile-align-left","26":"first","27":"instock","28":"sale","29":"shipping-taxable","30":"purchasable","31":"product-type-simple"},"uagb_featured_image_src":{"full":["https:\/\/rmvapesale.com\/wp-content\/uploads\/2024\/11\/JNR-Phone-Vape-30000-Disposable-Vape-Wholeale.png",1126,1126,false],"thumbnail":["https:\/\/rmvapesale.com\/wp-content\/uploads\/2024\/11\/JNR-Phone-Vape-30000-Disposable-Vape-Wholeale-150x150.png",150,150,true],"medium":["https:\/\/rmvapesale.com\/wp-content\/uploads\/2024\/11\/JNR-Phone-Vape-30000-Disposable-Vape-Wholeale-300x300.png",300,300,true],"medium_large":["https:\/\/rmvapesale.com\/wp-content\/uploads\/2024\/11\/JNR-Phone-Vape-30000-Disposable-Vape-Wholeale-768x768.png",768,768,true],"large":["https:\/\/rmvapesale.com\/wp-content\/uploads\/2024\/11\/JNR-Phone-Vape-30000-Disposable-Vape-Wholeale-1024x1024.png",1024,1024,true],"1536x1536":["https:\/\/rmvapesale.com\/wp-content\/uploads\/2024\/11\/JNR-Phone-Vape-30000-Disposable-Vape-Wholeale.png",1126,1126,false],"2048x2048":["https:\/\/rmvapesale.com\/wp-content\/uploads\/2024\/11\/JNR-Phone-Vape-30000-Disposable-Vape-Wholeale.png",1126,1126,false],"trp-custom-language-flag":["https:\/\/rmvapesale.com\/wp-content\/uploads\/2024\/11\/JNR-Phone-Vape-30000-Disposable-Vape-Wholeale.png",12,12,false],"woocommerce_thumbnail":["https:\/\/rmvapesale.com\/wp-content\/uploads\/2024\/11\/JNR-Phone-Vape-30000-Disposable-Vape-Wholeale-300x300.png",300,300,true],"woocommerce_single":["https:\/\/rmvapesale.com\/wp-content\/uploads\/2024\/11\/JNR-Phone-Vape-30000-Disposable-Vape-Wholeale-600x600.png",600,600,true],"woocommerce_gallery_thumbnail":["https:\/\/rmvapesale.com\/wp-content\/uploads\/2024\/11\/JNR-Phone-Vape-30000-Disposable-Vape-Wholeale-100x100.png",100,100,true],"wcpr-photo-reviews":["https:\/\/rmvapesale.com\/wp-content\/uploads\/2024\/11\/JNR-Phone-Vape-30000-Disposable-Vape-Wholeale.png",500,500,false]},"uagb_author_info":{"display_name":"AMY","author_link":"https:\/\/rmvapesale.com\/ro\/author\/"},"uagb_comment_info":0,"uagb_excerpt":"The JNR PhoneVape 30000 Smart Disposable Vape designed for modern vapers, offers a massive 30,000 puffs in Regular Mode and 18,000 puffs in Pulse Mode, making it perfect for long-lasting use. WhatsApp: +86 17776015835 &nbsp;","_links":{"self":[{"href":"https:\/\/rmvapesale.com\/ro\/wp-json\/wp\/v2\/product\/2782","targetHints":{"allow":["GET"]}}],"collection":[{"href":"https:\/\/rmvapesale.com\/ro\/wp-json\/wp\/v2\/product"}],"about":[{"href":"https:\/\/rmvapesale.com\/ro\/wp-json\/wp\/v2\/types\/product"}],"replies":[{"embeddable":true,"href":"https:\/\/rmvapesale.com\/ro\/wp-json\/wp\/v2\/comments?post=2782"}],"wp:featuredmedia":[{"embeddable":true,"href":"https:\/\/rmvapesale.com\/ro\/wp-json\/wp\/v2\/media\/2778"}],"wp:attachment":[{"href":"https:\/\/rmvapesale.com\/ro\/wp-json\/wp\/v2\/media?parent=2782"}],"wp:term":[{"taxonomy":"product_brand","embeddable":true,"href":"https:\/\/rmvapesale.com\/ro\/wp-json\/wp\/v2\/product_brand?post=2782"},{"taxonomy":"product_cat","embeddable":true,"href":"https:\/\/rmvapesale.com\/ro\/wp-json\/wp\/v2\/product_cat?post=2782"},{"taxonomy":"product_tag","embeddable":true,"href":"https:\/\/rmvapesale.com\/ro\/wp-json\/wp\/v2\/product_tag?post=2782"}],"curies":[{"name":"wp","href":"https:\/\/api.w.org\/{rel}","templated":true}]}}