{"id":2799,"date":"2024-11-28T03:16:57","date_gmt":"2024-11-28T03:16:57","guid":{"rendered":"https:\/\/rmvapesale.com\/?post_type=product&#038;p=2799"},"modified":"2024-11-28T03:38:01","modified_gmt":"2024-11-28T03:38:01","slug":"wga-30000-puffs-double-flavors-refillable-disposable-vape-bulk-price","status":"publish","type":"product","link":"https:\/\/rmvapesale.com\/ro\/product\/wga-30000-puffs-double-flavors-refillable-disposable-vape-bulk-price\/","title":{"rendered":"WGA 30000 Pufuri Arome Duble Vap\u0103 de unic\u0103 folosin\u021b\u0103 re\u00eenc\u0103rcabil\u0103 Pre\u021b pentru cantitate mare"},"content":{"rendered":"<div class=\"B2VR9 CJHX3e\">\n<div class=\"wyccme\">\n<h1 class=\"LC20lb MBeuO DKV0Md\">WGA 30000 Pufuri Arome Duble Vap\u0103 de unic\u0103 folosin\u021b\u0103 re\u00eenc\u0103rcabil\u0103 Pre\u021b Vrac<\/h1>\n<div class=\"flex-shrink-0 flex flex-col relative items-end\">\n<div class=\"pt-0\">\n<div class=\"gizmo-bot-avatar flex h-8 w-8 items-center justify-center overflow-hidden rounded-full\">\n<div class=\"relative p-1 rounded-sm flex items-center justify-center bg-token-main-surface-primary text-token-text-primary h-8 w-8\">\n<p>The <strong>WGA 30000 Pufuri Arome Duble Vap\u0103 de unic\u0103 folosin\u021b\u0103 re\u00eenc\u0103rcabil\u0103<\/strong>, un dispozitiv revolu\u021bionar conceput pentru vaperi care caut\u0103 versatilitate \u0219i performan\u021b\u0103 de neegalat. Cu o capacitate de <strong>30.000 de pufuri<\/strong>, aceast\u0103 vap\u0103 ofer\u0103 o experien\u021b\u0103 incredibil de lung\u0103, perfect\u0103 pentru utilizare extins\u0103 sau achizi\u021bii \u00een vrac. Sistemul <strong>cu arome duble<\/strong> le permite utilizatorilor s\u0103 alterneze f\u0103r\u0103 probleme \u00eentre dou\u0103 arome, oferind o experien\u021b\u0103 dinamic\u0103 de vaping care nu este niciodat\u0103 monoton\u0103. Fiecare dispozitiv dispune de o capacitate de <strong>2 ml de e-lichid pre-umplut<\/strong> , \u00eempreun\u0103 cu un compartiment suplimentar de <strong>20 ml re\u00eenc\u0103rcabil<\/strong>, asigur\u00e2nd flexibilitate \u0219i control sporit al aromei. Alimentat de o <strong>baterie re\u00eenc\u0103rcabil\u0103 de 650mAh de Tip-C<\/strong> \u0219i echipat cu o <strong>rezisten\u021b\u0103 mesh<\/strong>, acest dispozitiv ofer\u0103 vapori constan\u021bi \u0219i fini, cu o arom\u0103 optim\u0103.<\/p>\n<p>The <strong>Vapa WGA 30k<\/strong> este conceput\u0103 pentru confort \u0219i func\u021bionalitate, av\u00e2nd un <strong>afi\u0219aj digital LED<\/strong> care te \u021bine informat despre nivelurile bateriei \u0219i ale e-lichidului. Cu o concentra\u021bie de <strong>2% nicotin\u0103<\/strong>, se adreseaz\u0103 celor care caut\u0103 o op\u021biune de vapat cu o concentra\u021bie sc\u0103zut\u0103 de nicotin\u0103, dar satisf\u0103c\u0103toare. Alege\u021bi din <strong>peste 15 arome premium<\/strong>, fiecare fiind conceput\u0103 pentru a oferi o experien\u021b\u0103 gustativ\u0103 excep\u021bional\u0103. Perfect pentru cump\u0103r\u0103torii angro sau utilizatorii individuali, acest WGA 30k <strong>vaporizator inteligent de unic\u0103 folosin\u021b\u0103<\/strong> combin\u0103 stilul, inova\u021bia \u0219i performan\u021ba pentru o c\u0103l\u0103torie de vapat de \u00eenalt\u0103 clas\u0103.<\/p>\n<\/div>\n<\/div>\n<\/div>\n<\/div>\n<\/div>\n<\/div>\n<p><strong>Contacta\u021bi-o pe Amy pentru a ob\u021bine un r\u0103spuns prompt \u0219i un cupon pentru vape!<\/strong><\/p>\n<p><img loading=\"lazy\" decoding=\"async\" class=\"size-full wp-image-1978\" src=\"https:\/\/rmvapesale.com\/wp-content\/uploads\/2024\/09\/Disposable-Vape-Wholesale.jpg\" alt=\"\u021aig\u0103ri electronice de unic\u0103 folosin\u021b\u0103 en-gros\" width=\"229\" height=\"300\" \/><\/p>\n<h3><a href=\"https:\/\/wa.me\/8617776015835\" target=\"_blank\" rel=\"noopener\"><span style=\"color: #ff0000\"><strong>WhatsApp: +86 17776015835<\/strong><\/span><\/a><\/h3>\n<p>&nbsp;<\/p>\n<h2><\/h2>\n<h2><strong>Caracteristici principale WGA 30000 Puffs<\/strong><\/h2>\n<ul>\n<li>P\u00e2n\u0103 la <strong>30.000 de pufuri<\/strong> pentru o utilizare prelungit\u0103<\/li>\n<li><strong>Sistem cu arome duble<\/strong> pentru o experien\u021b\u0103 dinamic\u0103 \u0219i personalizabil\u0103<\/li>\n<li><strong>baterie re\u00eenc\u0103rcabil\u0103 de 650mAh de Tip-C<\/strong> asigur\u0103 o re\u00eenc\u0103rcare rapid\u0103<\/li>\n<li><strong>Afi\u0219ajul LED<\/strong> arat\u0103 nivelurile bateriei \u0219i ale e-lichidului<\/li>\n<li>Include <strong>capacitate de e-lichid re\u00eenc\u0103rcabil\u0103 de 2ml+20ml<\/strong> pentru flexibilitate sporit\u0103<\/li>\n<\/ul>\n<h2><strong>Arome de top pentru WGA 30K<\/strong><\/h2>\n<p>1.Ment\u0103 de ghea\u021b\u0103 + Mentol triplu<br \/>\n2.Limon Lime + Lemon Slush<br \/>\n3.Cirea\u0219\u0103 Gazeificat\u0103 + Zmeur\u0103 cu Cirea\u0219\u0103 <span style=\"color: #ff0000\"><strong>&gt;&gt;&gt;&gt; Fierbinte!<\/strong><\/span><br \/>\n4.Pepene Ro\u0219u cu Ghea\u021b\u0103 + M\u0103r Dublu<br \/>\n5.Ananas cu Ghea\u021b\u0103 + Mango Zemos<br \/>\n6.Ursule\u021b Gumat + Skittles<br \/>\n7.Cirea\u0219\u0103 Zmeur\u0103 Albastr\u0103 + Skittles<br \/>\n8.Domnul Albastru + Zmeur\u0103 Acri\u0219oar\u0103 Albastr\u0103 <span style=\"color: #ff0000\"><strong>&gt;&gt;&gt;&gt; Fierbinte!<\/strong><\/span><br \/>\n9.Strugure Sakura + Ursule\u021b Gumat cu Struguri<br \/>\n10.Cirea\u0219\u0103 Zmeur\u0103 Afine + Afine C\u0103p\u0219uni Meri\u0219oare<br \/>\n11.Piersic\u0103 Zemoas\u0103 + Mango Piersic\u0103 Pepene Ro\u0219u<br \/>\n12.C\u0103p\u0219uni Zmeur\u0103 cu Ghea\u021b\u0103 + C\u0103p\u0219uni Skittles <span style=\"color: #ff0000\"><strong>&gt;&gt;&gt;&gt; Cel mai bun!<\/strong><\/span><br \/>\n13.Ghea\u021b\u0103 de Afine + Ghea\u021b\u0103 de C\u0103p\u0219uni<br \/>\n14.Piersic\u0103, Guava, C\u0103p\u0219uni + Piersic\u0103 Suculent\u0103<br \/>\n15.Granita Albastr\u0103 + Granita Roz<\/p>\n<p>&nbsp;<\/p>\n<h3><strong>De ce s\u0103 alege\u021bi Rmvapesale pentru WGA 30000 Puffs <\/strong><strong>V<\/strong><strong>V\u00e2nz\u0103ri en-gros de \u021big\u0103ri electronice<\/strong><strong>?<\/strong><\/h3>\n<div class=\"flex-shrink-0 flex flex-col relative items-end\">\n<div class=\"pt-0\">\n<div class=\"gizmo-bot-avatar flex h-8 w-8 items-center justify-center overflow-hidden rounded-full\">\n<div class=\"relative p-1 rounded-sm flex items-center justify-center bg-token-main-surface-primary text-token-text-primary h-8 w-8\">\n<p>Bun venit la Rmvapesale, magazinul dumneavoastr\u0103 de \u00eencredere pentru \u021big\u0103ri electronice de unic\u0103 folosin\u021b\u0103 premium. Cu o experien\u021b\u0103 de peste 5 ani, v\u0103 aducem branduri populare de \u021big\u0103ri electronice de unic\u0103 folosin\u021b\u0103, cum ar fi Al Fakher, Vapme Vape, <a href=\"https:\/\/rmvapesale.com\/ro\/product-category\/bang-vapes\/\">Bang Vape<\/a>, Waspe, WGA Vape \u0219i<a href=\"https:\/\/rmvapesale.com\/ro\/product-category\/randm-fumot-vape\/\"> RandM Vape<\/a>.<\/p>\n<p>Gama noastr\u0103 include \u021big\u0103ri electronice foarte v\u00e2ndute, cum ar fi <a href=\"https:\/\/rmvapesale.com\/ro\/product\/randm-tornado-15000-puffs-vape-wholesale\/\">RandM Tornado 15000<\/a> \u0219i op\u021biuni bogate \u00een arome, cum ar fi Vapme 70000. Fiecare produs este ales cu accent pe calitate, valoare \u0219i varietate, asigur\u00e2ndu-v\u0103 c\u0103 g\u0103si\u021bi potrivirea perfect\u0103 pentru nevoile dumneavoastr\u0103. Descoperi\u021bi servicii excep\u021bionale \u0219i o gam\u0103 larg\u0103 de produse de top la Rmvapesale.<\/p>\n<\/div>\n<h3><\/h3>\n<div class=\"relative p-1 rounded-sm flex items-center justify-center bg-token-main-surface-primary text-token-text-primary h-8 w-8\">\n<h3><b> \u00centreb\u0103ri frecvente despre <\/b><b>WGA 30K Vap\u0103 Re\u00eenc\u0103rcabil\u0103 de Unic\u0103 Folosin\u021b\u0103<\/b><\/h3>\n<div class=\"group\/conversation-turn relative flex w-full min-w-0 flex-col agent-turn\">\n<div class=\"flex-col gap-1 md:gap-3\">\n<div class=\"flex max-w-full flex-col flex-grow\">\n<div class=\"min-h-8 text-message flex w-full flex-col items-end gap-2 whitespace-normal break-words [.text-message+&amp;]:mt-5\" dir=\"auto\" data-message-author-role=\"assistant\" data-message-id=\"00c9b302-bc9c-4550-94ba-5a295efa2be3\" data-message-model-slug=\"gpt-4o\">\n<div class=\"flex w-full flex-col gap-1 empty:hidden first:pt-[3px]\">\n<div class=\"markdown prose w-full break-words dark:prose-invert light\">\n<div class=\"flex-shrink-0 flex flex-col relative items-end\">\n<div>\n<div class=\"pt-0\">\n<div class=\"gizmo-bot-avatar flex h-8 w-8 items-center justify-center overflow-hidden rounded-full\">\n<div class=\"relative p-1 rounded-sm flex items-center justify-center bg-token-main-surface-primary text-token-text-primary h-8 w-8\">\n<div class=\"flex-shrink-0 flex flex-col relative items-end\">\n<div>\n<div class=\"pt-0\">\n<div class=\"gizmo-bot-avatar flex h-8 w-8 items-center justify-center overflow-hidden rounded-full\">\n<div class=\"relative p-1 rounded-sm flex items-center justify-center bg-token-main-surface-primary text-token-text-primary h-8 w-8\">\n<ul>\n<li><strong>De unde s\u0103 cumperi vape WGA 30k la pre\u021b de en-gros \u00een Rom\u00e2nia<\/strong><br \/>\nPute\u021bi achizi\u021biona <strong>Vapa WGA 30k<\/strong> la pre\u021buri de en-gros prin retaileri online de \u00eencredere \u0219i distribuitori de vape care livreaz\u0103 \u00een Rom\u00e2nia. Asigur\u0103-te c\u0103 alegi furnizori de \u00eencredere specializa\u021bi \u00een <strong>v\u00e2nz\u0103ri vape en-gros<\/strong> pentru produse autentice.<\/li>\n<li><strong>C\u00e2te pufuri ofer\u0103 WGA 30k puff Vape?<\/strong><br \/>\nThe <strong>Vapa WGA 30k<\/strong> ofer\u0103 un impresionant <strong>30.000 de pufuri<\/strong>, fiind ideal\u0103 pentru utilizare prelungit\u0103 \u0219i cump\u0103r\u0103tori \u00een cantit\u0103\u021bi mari.<\/li>\n<li><strong>C\u00e2t dureaz\u0103 popularul stilou de vape de unic\u0103 folosin\u021b\u0103 WGA 30000?<\/strong><br \/>\nDurata de via\u021b\u0103 a <strong>stiloului de vape WGA 30000<\/strong> depinde de obiceiurile individuale de utilizare. \u00cen medie, utilizatorii obi\u0219nui\u021bi ar putea considera c\u0103 dureaz\u0103 \u00eentre <strong>2 \u0219i 4 s\u0103pt\u0103m\u00e2ni<\/strong>.<\/li>\n<li><strong>Care sunt aromele populare pentru cutia de vape de unic\u0103 folosin\u021b\u0103 WGA 30k Puff?<\/strong><br \/>\nAromele populare pentru <strong>Vapa WGA 30k<\/strong> includ <strong>Zmeura Albastra cu gheata<\/strong>, <strong>Banana cu c\u0103p\u0219uni<\/strong>, <strong>Ment\u0103 rece<\/strong>, \u0219i alte selec\u021bii de la <strong>peste 15 arome premium<\/strong> disponibile.<\/li>\n<li><strong>C\u00e2t dureaz\u0103 \u00eenc\u0103rcarea unui Vape Re\u00eenc\u0103rcabil WGA LEGEND ULTRA 30K Puffs?<\/strong><br \/>\nThe <strong>WGA LEGEND ULTRA 30k<\/strong> vape-ul dispune de un <strong>baterie re\u00eenc\u0103rcabil\u0103 de 650mAh de Tip-C<\/strong>, care de obicei dureaz\u0103 aproximativ <strong>45 de minute p\u00e2n\u0103 la 1 or\u0103<\/strong> pentru a se \u00eenc\u0103rca complet.<\/li>\n<li><strong>C\u00e2t\u0103 nicotin\u0103 se afl\u0103 \u00eentr-un vape de unic\u0103 folosin\u021b\u0103 WGA LEGEND ULTRA 30000?<\/strong><br \/>\nThe <strong>vape-ul WGA LEGEND ULTRA 30000<\/strong> con\u021bine <strong>2% nicotin\u0103<\/strong>, oferind o experien\u021b\u0103 satisf\u0103c\u0103toare, dar cu un con\u021binut sc\u0103zut de nicotin\u0103.<\/li>\n<\/ul>\n<\/div>\n<\/div>\n<\/div>\n<\/div>\n<\/div>\n<\/div>\n<\/div>\n<\/div>\n<\/div>\n<\/div>\n<div class=\"group\/conversation-turn relative flex w-full min-w-0 flex-col agent-turn\">\n<div class=\"flex-col gap-1 md:gap-3\">\n<div class=\"flex max-w-full flex-col flex-grow\">\n<div class=\"min-h-8 text-message flex w-full flex-col items-end gap-2 whitespace-normal break-words [.text-message+&amp;]:mt-5\" dir=\"auto\" data-message-author-role=\"assistant\" data-message-id=\"a3dc01bd-23b0-4fd7-bb9a-7827522cefd8\" data-message-model-slug=\"gpt-4o\">\n<div class=\"flex w-full flex-col gap-1 empty:hidden first:pt-[3px]\"><\/div>\n<\/div>\n<\/div>\n<\/div>\n<\/div>\n<\/div>\n<\/div>\n<\/div>\n<\/div>\n<\/div>\n<\/div>\n<\/div>\n<\/div>\n<\/div>\n<\/div>\n<h3>Despre livrare<\/h3>\n<div class=\"flex-shrink-0 flex flex-col relative items-end\">\n<div>\n<div class=\"pt-0\">\n<div class=\"gizmo-bot-avatar flex h-8 w-8 items-center justify-center overflow-hidden rounded-full\">\n<div><\/div>\n<div class=\"relative p-1 rounded-sm flex items-center justify-center bg-token-main-surface-primary text-token-text-primary h-8 w-8\"><strong>1. Ce metode de expediere sunt folosite?<\/strong><\/div>\n<\/div>\n<\/div>\n<\/div>\n<\/div>\n<div class=\"group\/conversation-turn relative flex w-full min-w-0 flex-col agent-turn\">\n<div class=\"flex-col gap-1 md:gap-3\">\n<div class=\"flex max-w-full flex-col flex-grow\">\n<div class=\"min-h-[20px] text-message flex w-full flex-col items-end gap-2 whitespace-normal break-words [.text-message+&amp;]:mt-5 overflow-x-auto\" dir=\"auto\" data-message-author-role=\"assistant\" data-message-id=\"22f8283b-3233-46ff-89a5-c7a41b33abda\">\n<div class=\"flex w-full flex-col gap-1 empty:hidden first:pt-[3px]\">\n<div class=\"markdown prose w-full break-words dark:prose-invert light\">\n<p>Colabor\u0103m cu UPS, DHL, FedEx, DPD \u0219i al\u021bi transportatori de top. Vom selecta cea mai bun\u0103 metod\u0103 de expediere \u00een func\u021bie de loca\u021bia dvs. de livrare pentru a ne asigura c\u0103 ve\u021bi primi produsele c\u00e2t mai repede posibil.<\/p>\n<\/div>\n<p><strong>2. C\u00e2t dureaz\u0103 livrarea?<\/strong><\/p>\n<p>Pachetele expediate \u00een Rom\u00e2nia ajung de obicei \u00een 10 zile lucr\u0103toare. Livrarea \u00een \u021b\u0103rile europene dureaz\u0103, \u00een general, aproximativ 12-15 zile lucr\u0103toare. V\u0103 vom oferi actualiz\u0103ri \u00een timp real cu privire la starea expedierii dumneavoastr\u0103.<\/p>\n<\/div>\n<\/div>\n<\/div>\n<\/div>\n<\/div>\n<p>&nbsp;<\/p>\n<p>G\u0103si\u021bi mai multe produse de vapat care v-ar putea pl\u0103cea:<strong><em><a href=\"https:\/\/rmvapesale.com\/ro\/shop-2\/\">cump\u0103r\u0103 acum &gt;&gt;&gt;<\/a><\/em><\/strong><\/p>","protected":false},"excerpt":{"rendered":"<p>The <strong>WGA 30000 Pufuri Arome Duble Vap\u0103 de unic\u0103 folosin\u021b\u0103 re\u00eenc\u0103rcabil\u0103<\/strong>, un dispozitiv revolu\u021bionar conceput pentru vaperi care caut\u0103 versatilitate \u0219i performan\u021b\u0103 de neegalat. Cu o capacitate de <strong>30.000 de pufuri.<\/strong><\/p>\n<p><img loading=\"lazy\" decoding=\"async\" class=\"size-full wp-image-2375\" src=\"https:\/\/rmvapesale.com\/wp-content\/uploads\/2024\/10\/image.png\" alt=\"Cea mai bun\u0103 \u021bigar\u0103 electronic\u0103 de unic\u0103 folosin\u021b\u0103\" width=\"229\" height=\"300\" \/><\/p>\n<h3><a href=\"https:\/\/wa.me\/8617776015835\"><span style=\"color: #ff0000\"><strong>WhatsApp: +86 17776015835<\/strong><\/span><\/a><\/h3>\n<p>&nbsp;<\/p>","protected":false},"featured_media":2796,"comment_status":"open","ping_status":"closed","template":"","meta":{"_uag_custom_page_level_css":"","_lmt_disableupdate":"no","_lmt_disable":"","site-sidebar-layout":"default","site-content-layout":"content-boxed-container","ast-site-content-layout":"normal-width-container","site-content-style":"boxed","site-sidebar-style":"unboxed","ast-global-header-display":"","ast-banner-title-visibility":"","ast-main-header-display":"","ast-hfb-above-header-display":"","ast-hfb-below-header-display":"","ast-hfb-mobile-header-display":"","site-post-title":"","ast-breadcrumbs-content":"","ast-featured-img":"","footer-sml-layout":"","theme-transparent-header-meta":"default","adv-header-id-meta":"","stick-header-meta":"","header-above-stick-meta":"","header-main-stick-meta":"","header-below-stick-meta":"","astra-migrate-meta-layouts":"set","ast-page-background-enabled":"default","ast-page-background-meta":{"desktop":{"background-color":"var(--ast-global-color-4)","background-image":"","background-repeat":"repeat","background-position":"center center","background-size":"auto","background-attachment":"scroll","background-type":"","background-media":"","overlay-type":"","overlay-color":"","overlay-opacity":"","overlay-gradient":""},"tablet":{"background-color":"","background-image":"","background-repeat":"repeat","background-position":"center center","background-size":"auto","background-attachment":"scroll","background-type":"","background-media":"","overlay-type":"","overlay-color":"","overlay-opacity":"","overlay-gradient":""},"mobile":{"background-color":"","background-image":"","background-repeat":"repeat","background-position":"center center","background-size":"auto","background-attachment":"scroll","background-type":"","background-media":"","overlay-type":"","overlay-color":"","overlay-opacity":"","overlay-gradient":""}},"ast-content-background-meta":{"desktop":{"background-color":"var(--ast-global-color-5)","background-image":"","background-repeat":"repeat","background-position":"center center","background-size":"auto","background-attachment":"scroll","background-type":"","background-media":"","overlay-type":"","overlay-color":"","overlay-opacity":"","overlay-gradient":""},"tablet":{"background-color":"var(--ast-global-color-5)","background-image":"","background-repeat":"repeat","background-position":"center center","background-size":"auto","background-attachment":"scroll","background-type":"","background-media":"","overlay-type":"","overlay-color":"","overlay-opacity":"","overlay-gradient":""},"mobile":{"background-color":"var(--ast-global-color-5)","background-image":"","background-repeat":"repeat","background-position":"center center","background-size":"auto","background-attachment":"scroll","background-type":"","background-media":"","overlay-type":"","overlay-color":"","overlay-opacity":"","overlay-gradient":""}},"_joinchat":[]},"product_brand":[],"product_cat":[15,25,123,26,28,135,27,137,136,30],"product_tag":[229,232,69],"class_list":{"0":"post-2799","1":"product","2":"type-product","3":"status-publish","4":"has-post-thumbnail","6":"product_cat-new-vape-this-week","7":"product_cat-germany-best-selling-vape","8":"product_cat-italy-wholesale-vape","9":"product_cat-netherlands-hot-sale-vape","10":"product_cat-poland-hot-sale-vape","11":"product_cat-spain-best-hot-sale-vape","12":"product_cat-fance-hot-sale-vape","13":"product_cat-rechargeable-vapes","14":"product_cat-smart-screen-vapes","15":"product_cat-minimum-order-quantity-50pcs","16":"product_tag-smart-disposable-vapes","17":"product_tag-wga-30k","18":"product_tag-wga-vape","19":"desktop-align-left","20":"tablet-align-left","21":"mobile-align-left","23":"first","24":"instock","25":"sale","26":"shipping-taxable","27":"purchasable","28":"product-type-simple"},"uagb_featured_image_src":{"full":["https:\/\/rmvapesale.com\/wp-content\/uploads\/2024\/11\/WGA-Legend-Ultra-30000-Disposable-Vape.jpg",1126,1126,false],"thumbnail":["https:\/\/rmvapesale.com\/wp-content\/uploads\/2024\/11\/WGA-Legend-Ultra-30000-Disposable-Vape-150x150.jpg",150,150,true],"medium":["https:\/\/rmvapesale.com\/wp-content\/uploads\/2024\/11\/WGA-Legend-Ultra-30000-Disposable-Vape-300x300.jpg",300,300,true],"medium_large":["https:\/\/rmvapesale.com\/wp-content\/uploads\/2024\/11\/WGA-Legend-Ultra-30000-Disposable-Vape-768x768.jpg",768,768,true],"large":["https:\/\/rmvapesale.com\/wp-content\/uploads\/2024\/11\/WGA-Legend-Ultra-30000-Disposable-Vape-1024x1024.jpg",1024,1024,true],"1536x1536":["https:\/\/rmvapesale.com\/wp-content\/uploads\/2024\/11\/WGA-Legend-Ultra-30000-Disposable-Vape.jpg",1126,1126,false],"2048x2048":["https:\/\/rmvapesale.com\/wp-content\/uploads\/2024\/11\/WGA-Legend-Ultra-30000-Disposable-Vape.jpg",1126,1126,false],"trp-custom-language-flag":["https:\/\/rmvapesale.com\/wp-content\/uploads\/2024\/11\/WGA-Legend-Ultra-30000-Disposable-Vape.jpg",12,12,false],"woocommerce_thumbnail":["https:\/\/rmvapesale.com\/wp-content\/uploads\/2024\/11\/WGA-Legend-Ultra-30000-Disposable-Vape-300x300.jpg",300,300,true],"woocommerce_single":["https:\/\/rmvapesale.com\/wp-content\/uploads\/2024\/11\/WGA-Legend-Ultra-30000-Disposable-Vape-600x600.jpg",600,600,true],"woocommerce_gallery_thumbnail":["https:\/\/rmvapesale.com\/wp-content\/uploads\/2024\/11\/WGA-Legend-Ultra-30000-Disposable-Vape-100x100.jpg",100,100,true],"wcpr-photo-reviews":["https:\/\/rmvapesale.com\/wp-content\/uploads\/2024\/11\/WGA-Legend-Ultra-30000-Disposable-Vape.jpg",500,500,false]},"uagb_author_info":{"display_name":"AMY","author_link":"https:\/\/rmvapesale.com\/ro\/author\/"},"uagb_comment_info":0,"uagb_excerpt":"The WGA 30000 Puffs Double Flavors Refillable Disposable Vape, a revolutionary device designed for vapers seeking unmatched versatility and performance. With a capacity of 30,000 puffs. WhatsApp: +86 17776015835 &nbsp;","_links":{"self":[{"href":"https:\/\/rmvapesale.com\/ro\/wp-json\/wp\/v2\/product\/2799","targetHints":{"allow":["GET"]}}],"collection":[{"href":"https:\/\/rmvapesale.com\/ro\/wp-json\/wp\/v2\/product"}],"about":[{"href":"https:\/\/rmvapesale.com\/ro\/wp-json\/wp\/v2\/types\/product"}],"replies":[{"embeddable":true,"href":"https:\/\/rmvapesale.com\/ro\/wp-json\/wp\/v2\/comments?post=2799"}],"wp:featuredmedia":[{"embeddable":true,"href":"https:\/\/rmvapesale.com\/ro\/wp-json\/wp\/v2\/media\/2796"}],"wp:attachment":[{"href":"https:\/\/rmvapesale.com\/ro\/wp-json\/wp\/v2\/media?parent=2799"}],"wp:term":[{"taxonomy":"product_brand","embeddable":true,"href":"https:\/\/rmvapesale.com\/ro\/wp-json\/wp\/v2\/product_brand?post=2799"},{"taxonomy":"product_cat","embeddable":true,"href":"https:\/\/rmvapesale.com\/ro\/wp-json\/wp\/v2\/product_cat?post=2799"},{"taxonomy":"product_tag","embeddable":true,"href":"https:\/\/rmvapesale.com\/ro\/wp-json\/wp\/v2\/product_tag?post=2799"}],"curies":[{"name":"wp","href":"https:\/\/api.w.org\/{rel}","templated":true}]}}