{"id":2831,"date":"2024-12-02T03:50:09","date_gmt":"2024-12-02T03:50:09","guid":{"rendered":"https:\/\/rmvapesale.com\/?post_type=product&#038;p=2831"},"modified":"2024-12-03T09:57:39","modified_gmt":"2024-12-03T09:57:39","slug":"randm-tornado-15000-puff-fumot-vape-bulk-buy-price","status":"publish","type":"product","link":"https:\/\/rmvapesale.com\/ro\/product\/randm-tornado-15000-puff-fumot-vape-bulk-buy-price\/","title":{"rendered":"Pre\u021b pentru cump\u0103rare en-gros a fumotului RandM Tornado 15000 Puff"},"content":{"rendered":"<div class=\"B2VR9 CJHX3e\">\n<div class=\"wyccme\">\n<h1 class=\"LC20lb MBeuO DKV0Md\">Pre\u021b pentru cump\u0103rare en-gros a fumotului RandM Tornado 15000 Puff<\/h1>\n<div class=\"flex-shrink-0 flex flex-col relative items-end\">\n<div class=\"pt-0\">\n<div class=\"gizmo-bot-avatar flex h-8 w-8 items-center justify-center overflow-hidden rounded-full\">\n<div class=\"relative p-1 rounded-sm flex items-center justify-center bg-token-main-surface-primary text-token-text-primary h-8 w-8\">\n<p>The <strong>RandM Tornado 15000 Puff Fumot Vape<\/strong> este combina\u021bia perfect\u0103 \u00eentre performan\u021b\u0103 \u0219i stil, fiind o alegere de top pentru vaperii \u00een c\u0103utarea unui dispozitiv de unic\u0103 folosin\u021b\u0103 premium. Oferind o performan\u021b\u0103 impresionant\u0103 <strong>15.000 de pufuri<\/strong>, acest <strong>vape re\u00eenc\u0103rcabil de unic\u0103 folosin\u021b\u0103<\/strong> este alimentat de un <strong>baterie de 850mAh<\/strong> cu \u00eenc\u0103rcare rapid\u0103 \u0219i convenabil\u0103 <strong>\u00cenc\u0103rcare USB Type-C<\/strong>.<\/p>\n<p>Unul dintre caracteristicile remarcabile este culoarea sa vibrant\u0103 <strong>Afi\u0219ajul LED<\/strong>, care ofer\u0103 actualiz\u0103ri \u00een timp real despre durata de via\u021b\u0103 a bateriei \u0219i nivelul de ulei. Acest lucru asigur\u0103 c\u0103 nu r\u0103m\u00e2ne\u021bi f\u0103r\u0103 energie sau e-lichid nea\u0219teptat, ad\u0103ug\u00e2nd un nivel de confort experien\u021bei dvs. de vaping. Combinat cu tehnologia avansat\u0103 <strong>tehnologia sa cu rezisten\u021b\u0103 mesh<\/strong>, vape-ul ofer\u0103 vapori constant de neted \u0219i arom\u0103 intens\u0103 de la \u00eenceput p\u00e2n\u0103 la sf\u00e2r\u0219it.<\/p>\n<p>Cu <strong>41 de arome irezistibile<\/strong> din care pute\u021bi alege, inclusiv profile fructate, mentolate \u0219i inspirate din deserturi, exist\u0103 ceva pentru fiecare gust. Op\u021biuni populare precum Mango Ice, C\u0103p\u0219uni Pepene Verde \u0219i Afine Zmeur\u0103 sunt concepute pentru a oferi o experien\u021b\u0103 satisf\u0103c\u0103toare \u0219i revigorant\u0103. Indiferent dac\u0103 e\u0219ti \u00eencep\u0103tor sau vaper experimentat, <strong>RandM 15000<\/strong> ofer\u0103 o putere de nicotin\u0103 personalizabil\u0103 de <strong>2% sau 5%<\/strong>, adaptat\u0103 preferin\u021belor diverse.<\/p>\n<p>Compact, portabil \u0219i stilat, <strong>RandM Vape 15000<\/strong> este ideal pentru uz personal sau achizi\u021bii en gros pentru <strong>v\u00e2nz\u0103ri vape en-gros<\/strong>. Ridic\u0103-\u021bi experien\u021ba de vaping cu acest dispozitiv inovator, de \u00eenalt\u0103 performan\u021b\u0103, care combin\u0103 caracteristici de ultim\u0103 genera\u021bie cu un design elegant \u0219i u\u0219or de utilizat.<\/p>\n<\/div>\n<\/div>\n<\/div>\n<\/div>\n<\/div>\n<\/div>\n<p><strong>Contacta\u021bi-o pe Amy pentru a ob\u021bine un r\u0103spuns prompt \u0219i un cupon pentru vape!<\/strong><\/p>\n<p><img loading=\"lazy\" decoding=\"async\" class=\"size-full wp-image-1978\" src=\"https:\/\/rmvapesale.com\/wp-content\/uploads\/2024\/09\/Disposable-Vape-Wholesale.jpg\" alt=\"\u021aig\u0103ri electronice de unic\u0103 folosin\u021b\u0103 en-gros\" width=\"229\" height=\"300\" \/><\/p>\n<h3><a href=\"https:\/\/wa.me\/8617776015835\" target=\"_blank\" rel=\"noopener\"><span style=\"color: #ff0000\"><strong>WhatsApp: +86 17776015835<\/strong><\/span><\/a><\/h3>\n<p>&nbsp;<\/p>\n<h2><\/h2>\n<h2><strong>Caracteristici principale RandM Tornado 15000<\/strong><\/h2>\n<ul>\n<li>P\u00e2n\u0103 la 32.000 de pufuri cu capsule duale de 26ml.<\/li>\n<li>Schimbare dubl\u0103 de arom\u0103 pentru varietate.<\/li>\n<li>Niveluri personalizabile de nicotin\u0103 (0%-5%).<\/li>\n<li>Baterie re\u00eenc\u0103rcabil\u0103 de 650mAh cu port Type-C.<\/li>\n<li>Arom\u0103 \u00eembun\u0103t\u0103\u021bit\u0103 prin bobin\u0103 Mesh de 1.0 ohm.<\/li>\n<\/ul>\n<h2><strong>Arome de top pentru RandM Tornado 15k<\/strong><\/h2>\n<p>&nbsp;<\/p>\n<p>1. Limonad\u0103 Blue Razz<br \/>\n2. Piersic\u0103 cu Ghea\u021b\u0103<br \/>\n3. M\u0103r Acru<br \/>\n4.Pepene ro\u0219u cu ghea\u021b\u0103<br \/>\n5. Afine pe Ghea\u021b\u0103<br \/>\n6.Afine Zmeura<br \/>\n7. Ananas cu Ghea\u021b\u0103<br \/>\n8. Cire\u0219e<br \/>\n9. C\u0103p\u0219uni cu ghea\u021b\u0103<br \/>\n10. Vimto<br \/>\n11. Strugure cu Ghea\u021b\u0103<br \/>\n12. Cola cu ghea\u021b\u0103<br \/>\n13. C\u0103p\u0219uni cu Pepene Verde<br \/>\n14. Limonad\u0103 Roz<br \/>\n15. Fructe de P\u0103dure Mixte<br \/>\n16. Piersic\u0103 Mango<br \/>\n17. Fructul Dragonului<br \/>\n18. C\u0103p\u0219uni cu Strugure<br \/>\n19. Domnul Blue<br \/>\n20.Ghea\u021b\u0103 Bogat\u0103<br \/>\n21.\u00cenghe\u021bat\u0103 Pop<br \/>\n22.C\u0103p\u0219uni Kiwi<br \/>\n23.Kiwi Fruct de Pasiune Guava<br \/>\n24.Triple Berries<br \/>\n25.\u00cenghe\u021bat\u0103 Banane<br \/>\n26.Piersic\u0103 Afine Dulci<br \/>\n27.M\u0103r, piersic\u0103, par\u0103<br \/>\n28.Limonad\u0103 de fructe de p\u0103dure<br \/>\n29.Zmeur\u0103 albastr\u0103, cire\u0219e<br \/>\n30.Gum\u0103 de mestecat cu afine<br \/>\n31.Afine, cire\u0219e, meri\u0219oare<br \/>\n32.Afine, rodie<br \/>\n33.Zmeur\u0103 Acri\u0219oar\u0103<br \/>\n34.Cire\u0219e Cola<br \/>\n35.Bear Gummy<br \/>\n36.L\u0103m\u00e2ie<br \/>\n37.Mango pe Ghea\u021b\u0103<br \/>\n38.Red Energy Ice<br \/>\n39.Banan\u0103 cu C\u0103p\u0219uni<br \/>\n40.C\u0103p\u0219uni Red Bull<br \/>\n41.Limonad\u0103 de C\u0103p\u0219uni \u0219i Pepene<br \/>\n42.Ceai Rece L\u0103m\u00e2ie Ghea\u021b\u0103<br \/>\n43.Ceai Rece Piersic\u0103 Ghea\u021b\u0103<br \/>\n44.Fizzy Cherry<br \/>\n45.Skittles<\/p>\n<p>&nbsp;<\/p>\n<h3><strong>De ce s\u0103 alegi Rmvapesale pentru Fumot Vape 15k\u00a0<\/strong><strong>V<\/strong><strong>V\u00e2nz\u0103ri en-gros de \u021big\u0103ri electronice<\/strong><strong>?<\/strong><\/h3>\n<div class=\"flex-shrink-0 flex flex-col relative items-end\">\n<div class=\"pt-0\">\n<div class=\"gizmo-bot-avatar flex h-8 w-8 items-center justify-center overflow-hidden rounded-full\">\n<div class=\"relative p-1 rounded-sm flex items-center justify-center bg-token-main-surface-primary text-token-text-primary h-8 w-8\">\n<p>Bun venit la Rmvapesale, magazinul dumneavoastr\u0103 de \u00eencredere pentru \u021big\u0103ri electronice de unic\u0103 folosin\u021b\u0103 premium. Cu o experien\u021b\u0103 de peste 5 ani, v\u0103 aducem branduri populare de \u021big\u0103ri electronice de unic\u0103 folosin\u021b\u0103, cum ar fi Al Fakher, Vapme Vape, <a href=\"https:\/\/rmvapesale.com\/ro\/product-category\/bang-vapes\/\">Bang Vape<\/a>, Waspe, WGA Vape \u0219i<a href=\"https:\/\/rmvapesale.com\/ro\/product-category\/randm-fumot-vape\/\"> RandM Vape<\/a>.<\/p>\n<p>Gama noastr\u0103 include \u021big\u0103ri electronice foarte v\u00e2ndute, cum ar fi <a href=\"https:\/\/rmvapesale.com\/ro\/product\/randm-tornado-15000-puffs-vape-wholesale\/\">RandM Tornado 15000<\/a> \u0219i op\u021biuni bogate \u00een arome, cum ar fi Vapme 70000. Fiecare produs este ales cu accent pe calitate, valoare \u0219i varietate, asigur\u00e2ndu-v\u0103 c\u0103 g\u0103si\u021bi potrivirea perfect\u0103 pentru nevoile dumneavoastr\u0103. Descoperi\u021bi servicii excep\u021bionale \u0219i o gam\u0103 larg\u0103 de produse de top la Rmvapesale.<\/p>\n<\/div>\n<h3><\/h3>\n<div class=\"relative p-1 rounded-sm flex items-center justify-center bg-token-main-surface-primary text-token-text-primary h-8 w-8\">\n<h3><b> \u00centreb\u0103ri frecvente pentru RandM Vape 15000 <\/b><b>\u021aigar\u0103 electronic\u0103 de unic\u0103 folosin\u021b\u0103 re\u00eenc\u0103rcabil\u0103<\/b><\/h3>\n<div class=\"group\/conversation-turn relative flex w-full min-w-0 flex-col agent-turn\">\n<div class=\"flex-col gap-1 md:gap-3\">\n<div class=\"flex max-w-full flex-col flex-grow\">\n<div class=\"min-h-8 text-message flex w-full flex-col items-end gap-2 whitespace-normal break-words [.text-message+&amp;]:mt-5\" dir=\"auto\" data-message-author-role=\"assistant\" data-message-id=\"00c9b302-bc9c-4550-94ba-5a295efa2be3\" data-message-model-slug=\"gpt-4o\">\n<div class=\"flex w-full flex-col gap-1 empty:hidden first:pt-[3px]\">\n<div class=\"markdown prose w-full break-words dark:prose-invert light\">\n<div class=\"flex-shrink-0 flex flex-col relative items-end\">\n<div>\n<div class=\"pt-0\">\n<div class=\"gizmo-bot-avatar flex h-8 w-8 items-center justify-center overflow-hidden rounded-full\">\n<div class=\"relative p-1 rounded-sm flex items-center justify-center bg-token-main-surface-primary text-token-text-primary h-8 w-8\">\n<div class=\"flex-shrink-0 flex flex-col relative items-end\">\n<div>\n<div class=\"pt-0\">\n<div class=\"gizmo-bot-avatar flex h-8 w-8 items-center justify-center overflow-hidden rounded-full\">\n<div class=\"relative p-1 rounded-sm flex items-center justify-center bg-token-main-surface-primary text-token-text-primary h-8 w-8\">\n<p>&nbsp;<\/p>\n<p><strong>Unde s\u0103 cumperi vape-ul RandM Tornado 15000 Pufuri la pre\u021b en gros \u00een Rom\u00e2nia<\/strong><br \/>\nPentru a cump\u0103ra vape-ul RandM Tornado 15000 Pufuri la pre\u021buri en gros \u00een Rom\u00e2nia, contacteaz\u0103 distribuitori autoriza\u021bi sau furnizori online de vape en gros specializa\u021bi \u00een produsele RandM Vape. Asigur\u0103-te c\u0103 furnizorul ofer\u0103 produse autentice \u0219i respect\u0103 reglement\u0103rile UE.<\/p>\n<p><strong>C\u00e2te pufuri ofer\u0103 Fumot Vape 15000?<\/strong><br \/>\nFumot Vape 15000 ofer\u0103 p\u00e2n\u0103 la 15.000 de pufuri, oferind longevitate \u0219i valoare excep\u021bionale pentru utilizatori.<\/p>\n<p><strong>C\u00e2t timp dureaz\u0103 un stilou de vape disposable popular RandM Tornado 15k?<\/strong><br \/>\nStiloul de vape disposable RandM Tornado 15k poate dura dou\u0103 p\u00e2n\u0103 la trei s\u0103pt\u0103m\u00e2ni pentru utilizatori moderati, \u00een func\u021bie de modelele de utilizare \u0219i frecven\u021b\u0103.<\/p>\n<p><strong>Care sunt aromele populare pentru cutia disposable Fumot 15000 Puffs?<\/strong><br \/>\nArome populare pentru Fumot 15000 Puffs includ Mango Ice, C\u0103p\u0219uni Pepene Verde \u0219i Afine Zmeur\u0103, \u00eempreun\u0103 cu alte op\u021biuni fructate, mentolate \u0219i inspirate din deserturi din gama sa variat\u0103 de arome.<\/p>\n<p><strong>C\u00e2t timp dureaz\u0103 s\u0103 \u00eencarci un vape RandM 15k Re\u00eenc\u0103rcabil?<\/strong><br \/>\n\u00cenc\u0103rcarea complet\u0103 a vape-ului RandM 15k Re\u00eenc\u0103rcabil dureaz\u0103 aproximativ 1-2 ore, datorit\u0103 tehnologiei sale de \u00eenc\u0103rcare rapid\u0103 USB Type-C.<\/p>\n<p><strong>C\u00e2t de mult nikotin con\u021bine un vape disposable RandM Tornado 15000?<\/strong><br \/>\nVape-ul disposable RandM Tornado 15000 ofer\u0103 niveluri de nicotin\u0103 de 2% (20mg) \u0219i 5% (50mg), oferind op\u021biuni pentru preferin\u021bele diferite ale utilizatorilor.<\/p>\n<\/div>\n<\/div>\n<\/div>\n<\/div>\n<\/div>\n<\/div>\n<\/div>\n<\/div>\n<\/div>\n<\/div>\n<div class=\"group\/conversation-turn relative flex w-full min-w-0 flex-col agent-turn\">\n<div class=\"flex-col gap-1 md:gap-3\">\n<div class=\"flex max-w-full flex-col flex-grow\">\n<div class=\"min-h-8 text-message flex w-full flex-col items-end gap-2 whitespace-normal break-words [.text-message+&amp;]:mt-5\" dir=\"auto\" data-message-author-role=\"assistant\" data-message-id=\"a3dc01bd-23b0-4fd7-bb9a-7827522cefd8\" data-message-model-slug=\"gpt-4o\">\n<div class=\"flex w-full flex-col gap-1 empty:hidden first:pt-[3px]\"><\/div>\n<\/div>\n<\/div>\n<\/div>\n<\/div>\n<\/div>\n<\/div>\n<\/div>\n<\/div>\n<\/div>\n<\/div>\n<\/div>\n<\/div>\n<\/div>\n<\/div>\n<h3>Despre livrare<\/h3>\n<div class=\"flex-shrink-0 flex flex-col relative items-end\">\n<div>\n<div class=\"pt-0\">\n<div class=\"gizmo-bot-avatar flex h-8 w-8 items-center justify-center overflow-hidden rounded-full\">\n<div><\/div>\n<div class=\"relative p-1 rounded-sm flex items-center justify-center bg-token-main-surface-primary text-token-text-primary h-8 w-8\"><strong>1. Ce metode de expediere sunt folosite?<\/strong><\/div>\n<\/div>\n<\/div>\n<\/div>\n<\/div>\n<div class=\"group\/conversation-turn relative flex w-full min-w-0 flex-col agent-turn\">\n<div class=\"flex-col gap-1 md:gap-3\">\n<div class=\"flex max-w-full flex-col flex-grow\">\n<div class=\"min-h-[20px] text-message flex w-full flex-col items-end gap-2 whitespace-normal break-words [.text-message+&amp;]:mt-5 overflow-x-auto\" dir=\"auto\" data-message-author-role=\"assistant\" data-message-id=\"22f8283b-3233-46ff-89a5-c7a41b33abda\">\n<div class=\"flex w-full flex-col gap-1 empty:hidden first:pt-[3px]\">\n<div class=\"markdown prose w-full break-words dark:prose-invert light\">\n<p>Colabor\u0103m cu UPS, DHL, FedEx, DPD \u0219i al\u021bi transportatori de top. Vom selecta cea mai bun\u0103 metod\u0103 de expediere \u00een func\u021bie de loca\u021bia dvs. de livrare pentru a ne asigura c\u0103 ve\u021bi primi produsele c\u00e2t mai repede posibil.<\/p>\n<\/div>\n<p><strong>2. C\u00e2t dureaz\u0103 livrarea?<\/strong><\/p>\n<p>Pachetele expediate \u00een Rom\u00e2nia ajung de obicei \u00een 10 zile lucr\u0103toare. Livrarea \u00een \u021b\u0103rile europene dureaz\u0103, \u00een general, aproximativ 12-15 zile lucr\u0103toare. V\u0103 vom oferi actualiz\u0103ri \u00een timp real cu privire la starea expedierii dumneavoastr\u0103.<\/p>\n<\/div>\n<\/div>\n<\/div>\n<\/div>\n<\/div>\n<p>&nbsp;<\/p>\n<p>G\u0103si\u021bi mai multe produse de vapat care v-ar putea pl\u0103cea:<strong><em><a href=\"https:\/\/rmvapesale.com\/ro\/shop-2\/\">cump\u0103r\u0103 acum &gt;&gt;&gt;<\/a><\/em><\/strong><\/p>","protected":false},"excerpt":{"rendered":"<p>Randm Tornado 15000 Pufuri Fumot Vape Dispozitiv Digital de Unic\u0103 Folosin\u021b\u0103<br \/>\nRandm 15000 Fumot Tornado Vape en-gros<br \/>\nFumot RandM Vape de Unic\u0103 Folosin\u021b\u0103 15k Pre\u021b en-gros<\/p>\n<p><img loading=\"lazy\" decoding=\"async\" class=\"size-full wp-image-2375\" src=\"https:\/\/rmvapesale.com\/wp-content\/uploads\/2024\/10\/image.png\" alt=\"Cea mai bun\u0103 \u021bigar\u0103 electronic\u0103 de unic\u0103 folosin\u021b\u0103\" width=\"229\" height=\"300\" \/><\/p>\n<h3><a href=\"https:\/\/wa.me\/8617776015835\"><span style=\"color: #ff0000\"><strong>WhatsApp: +86 17776015835<\/strong><\/span><\/a><\/h3>\n<p>&nbsp;<\/p>","protected":false},"featured_media":2826,"comment_status":"open","ping_status":"closed","template":"","meta":{"_uag_custom_page_level_css":"","_lmt_disableupdate":"no","_lmt_disable":"","site-sidebar-layout":"default","site-content-layout":"content-boxed-container","ast-site-content-layout":"normal-width-container","site-content-style":"boxed","site-sidebar-style":"unboxed","ast-global-header-display":"","ast-banner-title-visibility":"","ast-main-header-display":"","ast-hfb-above-header-display":"","ast-hfb-below-header-display":"","ast-hfb-mobile-header-display":"","site-post-title":"","ast-breadcrumbs-content":"","ast-featured-img":"","footer-sml-layout":"","ast-disable-related-posts":"","theme-transparent-header-meta":"default","adv-header-id-meta":"","stick-header-meta":"","header-above-stick-meta":"","header-main-stick-meta":"","header-below-stick-meta":"","astra-migrate-meta-layouts":"set","ast-page-background-enabled":"default","ast-page-background-meta":{"desktop":{"background-color":"var(--ast-global-color-4)","background-image":"","background-repeat":"repeat","background-position":"center center","background-size":"auto","background-attachment":"scroll","background-type":"","background-media":"","overlay-type":"","overlay-color":"","overlay-opacity":"","overlay-gradient":""},"tablet":{"background-color":"","background-image":"","background-repeat":"repeat","background-position":"center center","background-size":"auto","background-attachment":"scroll","background-type":"","background-media":"","overlay-type":"","overlay-color":"","overlay-opacity":"","overlay-gradient":""},"mobile":{"background-color":"","background-image":"","background-repeat":"repeat","background-position":"center center","background-size":"auto","background-attachment":"scroll","background-type":"","background-media":"","overlay-type":"","overlay-color":"","overlay-opacity":"","overlay-gradient":""}},"ast-content-background-meta":{"desktop":{"background-color":"var(--ast-global-color-5)","background-image":"","background-repeat":"repeat","background-position":"center center","background-size":"auto","background-attachment":"scroll","background-type":"","background-media":"","overlay-type":"","overlay-color":"","overlay-opacity":"","overlay-gradient":""},"tablet":{"background-color":"var(--ast-global-color-5)","background-image":"","background-repeat":"repeat","background-position":"center center","background-size":"auto","background-attachment":"scroll","background-type":"","background-media":"","overlay-type":"","overlay-color":"","overlay-opacity":"","overlay-gradient":""},"mobile":{"background-color":"var(--ast-global-color-5)","background-image":"","background-repeat":"repeat","background-position":"center center","background-size":"auto","background-attachment":"scroll","background-type":"","background-media":"","overlay-type":"","overlay-color":"","overlay-opacity":"","overlay-gradient":""}},"_joinchat":[]},"product_brand":[],"product_cat":[15,27,51,25,123,30,26,28,31,137,136,135],"product_tag":[235,39,171,236,234,38],"class_list":{"0":"post-2831","1":"product","2":"type-product","3":"status-publish","4":"has-post-thumbnail","6":"product_cat-new-vape-this-week","7":"product_cat-fance-hot-sale-vape","8":"product_cat-fumot-vape","9":"product_cat-germany-best-selling-vape","10":"product_cat-italy-wholesale-vape","11":"product_cat-minimum-order-quantity-50pcs","12":"product_cat-netherlands-hot-sale-vape","13":"product_cat-poland-hot-sale-vape","14":"product_cat-randm-fumot-vape","15":"product_cat-rechargeable-vapes","16":"product_cat-smart-screen-vapes","17":"product_cat-spain-best-hot-sale-vape","18":"product_tag-fumot-15k","19":"product_tag-fumot-vape","20":"product_tag-randm-15000","21":"product_tag-randm-15k","22":"product_tag-randm-tornado-15000","23":"product_tag-randm-vape","24":"desktop-align-left","25":"tablet-align-left","26":"mobile-align-left","28":"first","29":"instock","30":"sale","31":"shipping-taxable","32":"purchasable","33":"product-type-simple"},"uagb_featured_image_src":{"full":["https:\/\/rmvapesale.com\/wp-content\/uploads\/2024\/12\/Fumot-RandM-15000-Puffs-Disposable-Vape.jpg",1130,1126,false],"thumbnail":["https:\/\/rmvapesale.com\/wp-content\/uploads\/2024\/12\/Fumot-RandM-15000-Puffs-Disposable-Vape-150x150.jpg",150,150,true],"medium":["https:\/\/rmvapesale.com\/wp-content\/uploads\/2024\/12\/Fumot-RandM-15000-Puffs-Disposable-Vape-300x300.jpg",300,300,true],"medium_large":["https:\/\/rmvapesale.com\/wp-content\/uploads\/2024\/12\/Fumot-RandM-15000-Puffs-Disposable-Vape-768x765.jpg",768,765,true],"large":["https:\/\/rmvapesale.com\/wp-content\/uploads\/2024\/12\/Fumot-RandM-15000-Puffs-Disposable-Vape-1024x1020.jpg",1024,1020,true],"1536x1536":["https:\/\/rmvapesale.com\/wp-content\/uploads\/2024\/12\/Fumot-RandM-15000-Puffs-Disposable-Vape.jpg",1130,1126,false],"2048x2048":["https:\/\/rmvapesale.com\/wp-content\/uploads\/2024\/12\/Fumot-RandM-15000-Puffs-Disposable-Vape.jpg",1130,1126,false],"trp-custom-language-flag":["https:\/\/rmvapesale.com\/wp-content\/uploads\/2024\/12\/Fumot-RandM-15000-Puffs-Disposable-Vape.jpg",12,12,false],"woocommerce_thumbnail":["https:\/\/rmvapesale.com\/wp-content\/uploads\/2024\/12\/Fumot-RandM-15000-Puffs-Disposable-Vape-300x300.jpg",300,300,true],"woocommerce_single":["https:\/\/rmvapesale.com\/wp-content\/uploads\/2024\/12\/Fumot-RandM-15000-Puffs-Disposable-Vape-600x598.jpg",600,598,true],"woocommerce_gallery_thumbnail":["https:\/\/rmvapesale.com\/wp-content\/uploads\/2024\/12\/Fumot-RandM-15000-Puffs-Disposable-Vape-100x100.jpg",100,100,true],"wcpr-photo-reviews":["https:\/\/rmvapesale.com\/wp-content\/uploads\/2024\/12\/Fumot-RandM-15000-Puffs-Disposable-Vape.jpg",500,498,false]},"uagb_author_info":{"display_name":"AMY","author_link":"https:\/\/rmvapesale.com\/ro\/author\/"},"uagb_comment_info":0,"uagb_excerpt":"Randm Tornado 15000 Puffs Fumot Digital Disposable Vape Randm 15000 Fumot Tornado Vape Wholesale Fumot RandM 15k Disposable Vape Bulk Price WhatsApp: +86 17776015835 &nbsp;","_links":{"self":[{"href":"https:\/\/rmvapesale.com\/ro\/wp-json\/wp\/v2\/product\/2831","targetHints":{"allow":["GET"]}}],"collection":[{"href":"https:\/\/rmvapesale.com\/ro\/wp-json\/wp\/v2\/product"}],"about":[{"href":"https:\/\/rmvapesale.com\/ro\/wp-json\/wp\/v2\/types\/product"}],"replies":[{"embeddable":true,"href":"https:\/\/rmvapesale.com\/ro\/wp-json\/wp\/v2\/comments?post=2831"}],"wp:featuredmedia":[{"embeddable":true,"href":"https:\/\/rmvapesale.com\/ro\/wp-json\/wp\/v2\/media\/2826"}],"wp:attachment":[{"href":"https:\/\/rmvapesale.com\/ro\/wp-json\/wp\/v2\/media?parent=2831"}],"wp:term":[{"taxonomy":"product_brand","embeddable":true,"href":"https:\/\/rmvapesale.com\/ro\/wp-json\/wp\/v2\/product_brand?post=2831"},{"taxonomy":"product_cat","embeddable":true,"href":"https:\/\/rmvapesale.com\/ro\/wp-json\/wp\/v2\/product_cat?post=2831"},{"taxonomy":"product_tag","embeddable":true,"href":"https:\/\/rmvapesale.com\/ro\/wp-json\/wp\/v2\/product_tag?post=2831"}],"curies":[{"name":"wp","href":"https:\/\/api.w.org\/{rel}","templated":true}]}}