{"id":2837,"date":"2024-12-03T09:44:45","date_gmt":"2024-12-03T09:44:45","guid":{"rendered":"https:\/\/rmvapesale.com\/?post_type=product&#038;p=2837"},"modified":"2024-12-03T09:55:28","modified_gmt":"2024-12-03T09:55:28","slug":"randm-12000-digital-box-disposable-vape-wholesale-price","status":"publish","type":"product","link":"https:\/\/rmvapesale.com\/ro\/product\/randm-12000-digital-box-disposable-vape-wholesale-price\/","title":{"rendered":"RandM 12000 Digital Box \u021aigar\u0103 electronic\u0103 de unic\u0103 folosin\u021b\u0103 Pre\u021b en-gros"},"content":{"rendered":"<div class=\"B2VR9 CJHX3e\">\n<div class=\"wyccme\">\n<h1 class=\"LC20lb MBeuO DKV0Md\">RandM 12000 Digital Box \u021aigar\u0103 electronic\u0103 de unic\u0103 folosin\u021b\u0103 Pre\u021b en-gros<\/h1>\n<div class=\"flex-shrink-0 flex flex-col relative items-end\">\n<div class=\"pt-0\">\n<div class=\"gizmo-bot-avatar flex h-8 w-8 items-center justify-center overflow-hidden rounded-full\">\n<div class=\"relative p-1 rounded-sm flex items-center justify-center bg-token-main-surface-primary text-token-text-primary h-8 w-8\">\n<p>The <strong>RandM Digital 12000<\/strong> stabile\u0219te un nou reper \u00een confortul \u0219i performan\u021ba vaping-ului, fiind un must-have at\u00e2t pentru utilizatorii individuali, c\u00e2t \u0219i <strong>v\u00e2nz\u0103ri vape en-gros<\/strong> cump\u0103r\u0103tori. Acest <strong>vape re\u00eenc\u0103rcabil de unic\u0103 folosin\u021b\u0103<\/strong> ofer\u0103 o incredibil\u0103 <strong>peste 12.000 de pufuri<\/strong>, asigur\u00e2nd satisfac\u021bie de durat\u0103 care satisface at\u00e2t vaperii ocazionali, c\u00e2t \u0219i cei frecventi.<\/p>\n<p>Alimentat de un <strong>Baterie re\u00eenc\u0103rcabil\u0103 de 850mAh<\/strong>, dispozitivul este proiectat pentru utilizare \u00eendelungat\u0103. Inclusiv <strong>\u00eenc\u0103rcare rapid\u0103 Type-C<\/strong> permite alimentarea rapid\u0103, men\u021bin\u00e2ndu-te preg\u0103tit pentru vaping oric\u00e2nd, oriunde. Acest lucru este perfect pentru cei care apreciaz\u0103 un vaporizator fiabil, u\u0219or de utilizat, care nu face compromisuri \u00een privin\u021ba calit\u0103\u021bii.<\/p>\n<p>The <strong>Vaporizator RandM 12000<\/strong> vine preumplut cu <strong>20ml de e-lichid premium<\/strong>, oferind arome line \u0219i consistente la fiecare inhalare. Func\u021bia sa <strong>tehnologia sa cu rezisten\u021b\u0103 mesh<\/strong> cre\u0219te produc\u021bia de vapori, f\u0103c\u00e2nd fiecare puf bogat \u0219i satisf\u0103c\u0103tor. Cu o varietate larg\u0103 de arome delicioase disponibile, <strong>RandM 12k<\/strong> asigur\u0103 c\u0103 exist\u0103 ceva pentru fiecare, fie c\u0103 prefera\u021bi fructe, mentol sau op\u021biuni inspirate din deserturi.<\/p>\n<p>Ceea ce diferen\u021biaz\u0103 cu adev\u0103rat <strong>RandM 12000 Puffs<\/strong> este inova\u021bia sa <strong>Afi\u0219aj LED pentru vape de unic\u0103 folosin\u021b\u0103<\/strong> design. Ecranul digital afi\u0219eaz\u0103 convenabil at\u00e2t durata de via\u021b\u0103 a bateriei, c\u00e2t \u0219i nivelul r\u0103mas de e-lichid, astfel \u00eenc\u00e2t s\u0103 fii \u00eentotdeauna informat \u0219i \u00een control. Acesta <strong>design simplu, dar elegant<\/strong> asigur\u0103 portabilitate f\u0103r\u0103 a sacrifica func\u021bionalitatea, fiind un companion ideal pentru vaping-ul pe drum.<\/p>\n<p>Perfect pentru cei care caut\u0103 un <strong>vape de unic\u0103 folosin\u021b\u0103 cu nicotin\u0103 redus\u0103<\/strong>, the <strong>RandM 12000<\/strong> ofer\u0103 op\u021biuni pentru a se potrivi unei variet\u0103\u021bi de preferin\u021be. Indiferent dac\u0103 explorezi cele mai recente inova\u021bii \u00een <strong>Vapet\u0103 Fumot<\/strong> sau cau\u021bi produse premium precum <strong>RandM 12k<\/strong>, acest dispozitiv este construit pentru a dep\u0103\u0219i a\u0219tept\u0103rile. Investe\u0219te \u00een <strong>RandM Digital 12000<\/strong> pentru o experien\u021b\u0103 de vaping f\u0103r\u0103 cusur, plin\u0103 de arome, care dureaz\u0103.<\/p>\n<\/div>\n<\/div>\n<\/div>\n<\/div>\n<\/div>\n<\/div>\n<p><strong>Contacta\u021bi-o pe Amy pentru a ob\u021bine un r\u0103spuns prompt \u0219i un cupon pentru vape!<\/strong><\/p>\n<p><img loading=\"lazy\" decoding=\"async\" class=\"size-full wp-image-1978\" src=\"https:\/\/rmvapesale.com\/wp-content\/uploads\/2024\/09\/Disposable-Vape-Wholesale.jpg\" alt=\"\u021aig\u0103ri electronice de unic\u0103 folosin\u021b\u0103 en-gros\" width=\"229\" height=\"300\" \/><\/p>\n<h3><a href=\"https:\/\/wa.me\/8617776015835\" target=\"_blank\" rel=\"noopener\"><span style=\"color: #ff0000\"><strong>WhatsApp: +86 17776015835<\/strong><\/span><\/a><\/h3>\n<p>&nbsp;<\/p>\n<h2><\/h2>\n<h2><strong>RandM 12000 Caracteristici Cheie<\/strong><\/h2>\n<p>Pufuri: peste 12000 Pufuri<br \/>\nTip Rezistenta: Rezistenta din plas\u0103<br \/>\nE-Lichid: 20ml E-lichid preumplut<br \/>\nCapacitate Baterie: Intern\u0103 Re\u00eenc\u0103rcabil\u0103 850mAh<br \/>\nTip \u00cenc\u0103rc\u0103tor: \u00cenc\u0103rcare Type-C<br \/>\nVape-uri de unic\u0103 folosin\u021b\u0103 cu nicotin\u0103 redus\u0103<br \/>\nAspect Simplu \u0219i Atmosferic<br \/>\nEcran digital care afi\u0219eaz\u0103 bateria r\u0103mas\u0103 \u0219i lichidul.<\/p>\n<h2><strong>Arome de top pentru RandM 12k<\/strong><\/h2>\n<p>1 Ment\u0103 Rece<br \/>\n2 Ghea\u021b\u0103 de Pepene Verde<br \/>\n3 Ghea\u021b\u0103 de Struguri<br \/>\n4 Zmeur\u0103 cu Afine<br \/>\n5 Pepene Verde cu C\u0103p\u0219uni<br \/>\n6 Banan\u0103 cu C\u0103p\u0219uni<br \/>\n7 Ghea\u021b\u0103 luxuriant\u0103<br \/>\n8 Cire\u0219e<br \/>\n9 C\u0103p\u0219uni cu Ghea\u021b\u0103<br \/>\n10 Acadea cu ghea\u021b\u0103<br \/>\n11 Limonad\u0103 roz<br \/>\n12 Mango cu ghea\u021b\u0103<br \/>\n13 Fructe de p\u0103dure amestecate<br \/>\n14 Gogoa\u0219\u0103 cu c\u0103p\u0219uni<br \/>\n15 Struguri cu c\u0103p\u0219uni<br \/>\n16 Cola cu cire\u0219e<br \/>\n17 Dr. Blue<br \/>\n18 Afine cu ghea\u021b\u0103<br \/>\n19 Kiwi, fructul pasiunii \u0219i guava<br \/>\n20 C\u0103p\u0219uni \u0219i kiwi<br \/>\n21 Piersic\u0103 \u0219i mango<br \/>\n22 Piersic\u0103 cu ghea\u021b\u0103<br \/>\n23 M\u0103r ro\u0219u cu ghea\u021b\u0103<br \/>\n24 Gum\u0103 de mestecat cu afine<br \/>\n25 Limonad\u0103 cu fructe de p\u0103dure<br \/>\n26 Limonad\u0103 Blue Razz<br \/>\n27 Zmeur\u0103 acri\u0219oar\u0103 albastr\u0103<br \/>\n28 Red Bull cu c\u0103p\u0219uni<br \/>\n29 Explozie de fructe de p\u0103dure \u0219i mere<br \/>\n30 Gum\u0103 de mestecat cu arom\u0103 de pepene verde<br \/>\n31 Zmeur\u0103 \u0219i pepene verde<br \/>\n32 Ghea\u021b\u0103 neagr\u0103<br \/>\n33 Afine, cire\u0219e \u0219i meri\u0219oare<br \/>\n34 Pomp\u0103 de c\u0103p\u0219uni (rodie)<br \/>\n35 Vimto<br \/>\n36 Fructe de p\u0103dure \u0219i cire\u0219e<br \/>\n37 L\u0103m\u00e2ie<br \/>\n38 Bingo Crush<br \/>\n39 Afine cu kiwi<br \/>\n40 M\u0103r cu scor\u021bi\u0219oar\u0103<\/p>\n<p>&nbsp;<\/p>\n<h3><strong>De ce s\u0103 alegi Rmvapesale pentru Fumot Vape 12k <\/strong><strong>V<\/strong><strong>V\u00e2nz\u0103ri en-gros de \u021big\u0103ri electronice<\/strong><strong>?<\/strong><\/h3>\n<div class=\"flex-shrink-0 flex flex-col relative items-end\">\n<div class=\"pt-0\">\n<div class=\"gizmo-bot-avatar flex h-8 w-8 items-center justify-center overflow-hidden rounded-full\">\n<div class=\"relative p-1 rounded-sm flex items-center justify-center bg-token-main-surface-primary text-token-text-primary h-8 w-8\">\n<p>Bun venit la Rmvapesale, magazinul dumneavoastr\u0103 de \u00eencredere pentru \u021big\u0103ri electronice de unic\u0103 folosin\u021b\u0103 premium. Cu o experien\u021b\u0103 de peste 5 ani, v\u0103 aducem branduri populare de \u021big\u0103ri electronice de unic\u0103 folosin\u021b\u0103, cum ar fi Al Fakher, Vapme Vape, <a href=\"https:\/\/rmvapesale.com\/ro\/product-category\/bang-vapes\/\">Bang Vape<\/a>, Waspe, WGA Vape \u0219i<a href=\"https:\/\/rmvapesale.com\/ro\/product-category\/randm-fumot-vape\/\"> RandM Vape<\/a>.<\/p>\n<p>Gama noastr\u0103 include \u021big\u0103ri electronice foarte v\u00e2ndute, cum ar fi <a href=\"https:\/\/rmvapesale.com\/ro\/product\/randm-tornado-15000-puffs-vape-wholesale\/\">RandM Tornado 15000<\/a> \u0219i op\u021biuni bogate \u00een arome, cum ar fi Vapme 70000. Fiecare produs este ales cu accent pe calitate, valoare \u0219i varietate, asigur\u00e2ndu-v\u0103 c\u0103 g\u0103si\u021bi potrivirea perfect\u0103 pentru nevoile dumneavoastr\u0103. Descoperi\u021bi servicii excep\u021bionale \u0219i o gam\u0103 larg\u0103 de produse de top la Rmvapesale.<\/p>\n<\/div>\n<h3><\/h3>\n<div class=\"relative p-1 rounded-sm flex items-center justify-center bg-token-main-surface-primary text-token-text-primary h-8 w-8\">\n<h3><b> \u00centreb\u0103ri frecvente pentru RandM Vape 15000 <\/b><b>\u021aigar\u0103 electronic\u0103 de unic\u0103 folosin\u021b\u0103 re\u00eenc\u0103rcabil\u0103<\/b><\/h3>\n<div class=\"group\/conversation-turn relative flex w-full min-w-0 flex-col agent-turn\">\n<div class=\"flex-col gap-1 md:gap-3\">\n<div class=\"flex max-w-full flex-col flex-grow\">\n<div class=\"min-h-8 text-message flex w-full flex-col items-end gap-2 whitespace-normal break-words [.text-message+&amp;]:mt-5\" dir=\"auto\" data-message-author-role=\"assistant\" data-message-id=\"00c9b302-bc9c-4550-94ba-5a295efa2be3\" data-message-model-slug=\"gpt-4o\">\n<div class=\"flex w-full flex-col gap-1 empty:hidden first:pt-[3px]\">\n<div class=\"markdown prose w-full break-words dark:prose-invert light\">\n<div class=\"flex-shrink-0 flex flex-col relative items-end\">\n<div>\n<div class=\"pt-0\">\n<div class=\"gizmo-bot-avatar flex h-8 w-8 items-center justify-center overflow-hidden rounded-full\">\n<div class=\"relative p-1 rounded-sm flex items-center justify-center bg-token-main-surface-primary text-token-text-primary h-8 w-8\">\n<div class=\"flex-shrink-0 flex flex-col relative items-end\">\n<div>\n<div class=\"pt-0\">\n<div class=\"gizmo-bot-avatar flex h-8 w-8 items-center justify-center overflow-hidden rounded-full\">\n<div class=\"relative p-1 rounded-sm flex items-center justify-center bg-token-main-surface-primary text-token-text-primary h-8 w-8\">\n<p>&nbsp;<\/p>\n<p><strong>1. De unde pot cump\u0103ra Fumot RandM 12000 Puff la pre\u021buri de gros \u00een Rom\u00e2nia<\/strong><br \/>\nThe <strong>Fumot RandM 12000 Puff<\/strong> poate fi achizi\u021bionat la pre\u021buri de gros de la <strong>v\u00e2nz\u0103ri vape en-gros<\/strong> distribuitori autoriza\u021bi din Rom\u00e2nia sau de la comercian\u021bi online de \u00eencredere specializa\u021bi \u00een <strong>RandM Vape<\/strong> produse. Verifica\u021bi autenticitatea furnizorului \u0219i respectarea standardelor UE pentru vaping.<\/p>\n<p><strong>2. C\u00e2te pufuri ofer\u0103 Fumot 12k puffs?<\/strong><br \/>\nThe <strong>Fumot 12k<\/strong> ofer\u0103 peste <strong>12.000 de pufuri<\/strong>, ceea ce \u00eel face o alegere excelent\u0103 pentru utilizare de lung\u0103 durat\u0103.<\/p>\n<p><strong>3. C\u00e2t timp dureaz\u0103 popularul vape pen de unic\u0103 folosin\u021b\u0103 RandM 12000?<\/strong><br \/>\nThe <strong>Vape pen-ul de unic\u0103 folosin\u021b\u0103 RandM 12000<\/strong> poate dura p\u00e2n\u0103 la dou\u0103 s\u0103pt\u0103m\u00e2ni pentru utilizatorii moderati, \u00een func\u021bie de frecven\u021ba utiliz\u0103rii \u0219i dimensiunea fumului.<\/p>\n<p><strong>4. Care sunt aromele populare pentru cutia de unic\u0103 folosin\u021b\u0103 RandM Vape 12000 Puffs?<\/strong><br \/>\nAromele populare pentru <strong>RandM Vape 12000 Puffs<\/strong> include op\u021biuni inspirate din fructe precum Mango Ice, Pepene Verde \u0219i C\u0103p\u0219uni, \u00eempreun\u0103 cu arome de mentol \u0219i desert, asigur\u00e2nd ceva pentru fiecare gust.<\/p>\n<p><strong>5. C\u00e2t timp dureaz\u0103 \u00eenc\u0103rcarea unui Fumot RandM 12000 Vape Re\u00eenc\u0103rcabil?<\/strong><br \/>\nThe <strong>Fumot RandM 12000 Vape Re\u00eenc\u0103rcabil<\/strong> dureaz\u0103 aproximativ <strong>1-2 ore<\/strong> pentru a se \u00eenc\u0103rca complet folosind sistemul s\u0103u <strong>\u00eenc\u0103rcare rapid\u0103 Type-C<\/strong> sistem.<\/p>\n<p><strong>6. C\u00e2t nicotin\u0103 con\u021bine un RandM 12k Vape Digital de unic\u0103 folosin\u021b\u0103?<\/strong><br \/>\nThe <strong>RandM 12k Vape Digital de unic\u0103 folosin\u021b\u0103<\/strong> este disponibil \u00een <b>2%, 5% <\/b>op\u021biuni, oferind flexibilitate pentru utilizatorii cu preferin\u021be variate.<\/p>\n<\/div>\n<\/div>\n<\/div>\n<\/div>\n<\/div>\n<\/div>\n<\/div>\n<\/div>\n<\/div>\n<\/div>\n<div class=\"group\/conversation-turn relative flex w-full min-w-0 flex-col agent-turn\">\n<div class=\"flex-col gap-1 md:gap-3\">\n<div class=\"flex max-w-full flex-col flex-grow\">\n<div class=\"min-h-8 text-message flex w-full flex-col items-end gap-2 whitespace-normal break-words [.text-message+&amp;]:mt-5\" dir=\"auto\" data-message-author-role=\"assistant\" data-message-id=\"a3dc01bd-23b0-4fd7-bb9a-7827522cefd8\" data-message-model-slug=\"gpt-4o\">\n<div class=\"flex w-full flex-col gap-1 empty:hidden first:pt-[3px]\"><\/div>\n<\/div>\n<\/div>\n<\/div>\n<\/div>\n<\/div>\n<\/div>\n<\/div>\n<\/div>\n<\/div>\n<\/div>\n<\/div>\n<\/div>\n<\/div>\n<\/div>\n<h3>Despre livrare<\/h3>\n<div class=\"flex-shrink-0 flex flex-col relative items-end\">\n<div>\n<div class=\"pt-0\">\n<div class=\"gizmo-bot-avatar flex h-8 w-8 items-center justify-center overflow-hidden rounded-full\">\n<div><\/div>\n<div class=\"relative p-1 rounded-sm flex items-center justify-center bg-token-main-surface-primary text-token-text-primary h-8 w-8\"><strong>1. Ce metode de expediere sunt folosite?<\/strong><\/div>\n<\/div>\n<\/div>\n<\/div>\n<\/div>\n<div class=\"group\/conversation-turn relative flex w-full min-w-0 flex-col agent-turn\">\n<div class=\"flex-col gap-1 md:gap-3\">\n<div class=\"flex max-w-full flex-col flex-grow\">\n<div class=\"min-h-[20px] text-message flex w-full flex-col items-end gap-2 whitespace-normal break-words [.text-message+&amp;]:mt-5 overflow-x-auto\" dir=\"auto\" data-message-author-role=\"assistant\" data-message-id=\"22f8283b-3233-46ff-89a5-c7a41b33abda\">\n<div class=\"flex w-full flex-col gap-1 empty:hidden first:pt-[3px]\">\n<div class=\"markdown prose w-full break-words dark:prose-invert light\">\n<p>Colabor\u0103m cu UPS, DHL, FedEx, DPD \u0219i al\u021bi transportatori de top. Vom selecta cea mai bun\u0103 metod\u0103 de expediere \u00een func\u021bie de loca\u021bia dvs. de livrare pentru a ne asigura c\u0103 ve\u021bi primi produsele c\u00e2t mai repede posibil.<\/p>\n<\/div>\n<p><strong>2. C\u00e2t dureaz\u0103 livrarea?<\/strong><\/p>\n<p>Pachetele expediate \u00een Rom\u00e2nia ajung de obicei \u00een 10 zile lucr\u0103toare. Livrarea \u00een \u021b\u0103rile europene dureaz\u0103, \u00een general, aproximativ 12-15 zile lucr\u0103toare. V\u0103 vom oferi actualiz\u0103ri \u00een timp real cu privire la starea expedierii dumneavoastr\u0103.<\/p>\n<\/div>\n<\/div>\n<\/div>\n<\/div>\n<\/div>\n<p>&nbsp;<\/p>\n<p>G\u0103si\u021bi mai multe produse de vapat care v-ar putea pl\u0103cea:<strong><em><a href=\"https:\/\/rmvapesale.com\/ro\/shop-2\/\">cump\u0103r\u0103 acum &gt;&gt;&gt;<\/a><\/em><\/strong><\/p>","protected":false},"excerpt":{"rendered":"<p>Randm 12000 Pufuri Vaporizator Digital de Unic\u0103 Folosin\u021b\u0103<br \/>\nRandm 12000 Pufuri Vaporizator Digital de Unic\u0103 Folosin\u021b\u0103 \u00een Cutie<br \/>\nFumot RandM Digital Box 12k Pre\u021b en gros pentru vaporizator<\/p>\n<p><img loading=\"lazy\" decoding=\"async\" class=\"size-full wp-image-2375\" src=\"https:\/\/rmvapesale.com\/wp-content\/uploads\/2024\/10\/image.png\" alt=\"Cea mai bun\u0103 \u021bigar\u0103 electronic\u0103 de unic\u0103 folosin\u021b\u0103\" width=\"229\" height=\"300\" \/><\/p>\n<h3><a href=\"https:\/\/wa.me\/8617776015835\"><span style=\"color: #ff0000\"><strong>WhatsApp: +86 17776015835<\/strong><\/span><\/a><\/h3>\n<p>&nbsp;<\/p>","protected":false},"featured_media":2836,"comment_status":"open","ping_status":"closed","template":"","meta":{"_uag_custom_page_level_css":"","_lmt_disableupdate":"no","_lmt_disable":"","site-sidebar-layout":"default","site-content-layout":"content-boxed-container","ast-site-content-layout":"normal-width-container","site-content-style":"boxed","site-sidebar-style":"unboxed","ast-global-header-display":"","ast-banner-title-visibility":"","ast-main-header-display":"","ast-hfb-above-header-display":"","ast-hfb-below-header-display":"","ast-hfb-mobile-header-display":"","site-post-title":"","ast-breadcrumbs-content":"","ast-featured-img":"","footer-sml-layout":"","theme-transparent-header-meta":"default","adv-header-id-meta":"","stick-header-meta":"","header-above-stick-meta":"","header-main-stick-meta":"","header-below-stick-meta":"","astra-migrate-meta-layouts":"set","ast-page-background-enabled":"default","ast-page-background-meta":{"desktop":{"background-color":"var(--ast-global-color-4)","background-image":"","background-repeat":"repeat","background-position":"center center","background-size":"auto","background-attachment":"scroll","background-type":"","background-media":"","overlay-type":"","overlay-color":"","overlay-opacity":"","overlay-gradient":""},"tablet":{"background-color":"","background-image":"","background-repeat":"repeat","background-position":"center center","background-size":"auto","background-attachment":"scroll","background-type":"","background-media":"","overlay-type":"","overlay-color":"","overlay-opacity":"","overlay-gradient":""},"mobile":{"background-color":"","background-image":"","background-repeat":"repeat","background-position":"center center","background-size":"auto","background-attachment":"scroll","background-type":"","background-media":"","overlay-type":"","overlay-color":"","overlay-opacity":"","overlay-gradient":""}},"ast-content-background-meta":{"desktop":{"background-color":"var(--ast-global-color-5)","background-image":"","background-repeat":"repeat","background-position":"center center","background-size":"auto","background-attachment":"scroll","background-type":"","background-media":"","overlay-type":"","overlay-color":"","overlay-opacity":"","overlay-gradient":""},"tablet":{"background-color":"var(--ast-global-color-5)","background-image":"","background-repeat":"repeat","background-position":"center center","background-size":"auto","background-attachment":"scroll","background-type":"","background-media":"","overlay-type":"","overlay-color":"","overlay-opacity":"","overlay-gradient":""},"mobile":{"background-color":"var(--ast-global-color-5)","background-image":"","background-repeat":"repeat","background-position":"center center","background-size":"auto","background-attachment":"scroll","background-type":"","background-media":"","overlay-type":"","overlay-color":"","overlay-opacity":"","overlay-gradient":""}},"_joinchat":[]},"product_brand":[],"product_cat":[15,51,25,123,26,28,135,27,31,137,136,30],"product_tag":[214,39,213,237,38],"class_list":{"0":"post-2837","1":"product","2":"type-product","3":"status-publish","4":"has-post-thumbnail","6":"product_cat-new-vape-this-week","7":"product_cat-fumot-vape","8":"product_cat-germany-best-selling-vape","9":"product_cat-italy-wholesale-vape","10":"product_cat-netherlands-hot-sale-vape","11":"product_cat-poland-hot-sale-vape","12":"product_cat-spain-best-hot-sale-vape","13":"product_cat-fance-hot-sale-vape","14":"product_cat-randm-fumot-vape","15":"product_cat-rechargeable-vapes","16":"product_cat-smart-screen-vapes","17":"product_cat-minimum-order-quantity-50pcs","18":"product_tag-fumot-12k","19":"product_tag-fumot-vape","20":"product_tag-randm-12000","21":"product_tag-randm-12k","22":"product_tag-randm-vape","23":"desktop-align-left","24":"tablet-align-left","25":"mobile-align-left","27":"first","28":"instock","29":"sale","30":"shipping-taxable","31":"purchasable","32":"product-type-simple"},"uagb_featured_image_src":{"full":["https:\/\/rmvapesale.com\/wp-content\/uploads\/2024\/12\/RandM-Digital-Box-12000-Puff-Disposable-Vape.jpg",1300,1300,false],"thumbnail":["https:\/\/rmvapesale.com\/wp-content\/uploads\/2024\/12\/RandM-Digital-Box-12000-Puff-Disposable-Vape-150x150.jpg",150,150,true],"medium":["https:\/\/rmvapesale.com\/wp-content\/uploads\/2024\/12\/RandM-Digital-Box-12000-Puff-Disposable-Vape-300x300.jpg",300,300,true],"medium_large":["https:\/\/rmvapesale.com\/wp-content\/uploads\/2024\/12\/RandM-Digital-Box-12000-Puff-Disposable-Vape-768x768.jpg",768,768,true],"large":["https:\/\/rmvapesale.com\/wp-content\/uploads\/2024\/12\/RandM-Digital-Box-12000-Puff-Disposable-Vape-1024x1024.jpg",1024,1024,true],"1536x1536":["https:\/\/rmvapesale.com\/wp-content\/uploads\/2024\/12\/RandM-Digital-Box-12000-Puff-Disposable-Vape.jpg",1300,1300,false],"2048x2048":["https:\/\/rmvapesale.com\/wp-content\/uploads\/2024\/12\/RandM-Digital-Box-12000-Puff-Disposable-Vape.jpg",1300,1300,false],"trp-custom-language-flag":["https:\/\/rmvapesale.com\/wp-content\/uploads\/2024\/12\/RandM-Digital-Box-12000-Puff-Disposable-Vape.jpg",12,12,false],"woocommerce_thumbnail":["https:\/\/rmvapesale.com\/wp-content\/uploads\/2024\/12\/RandM-Digital-Box-12000-Puff-Disposable-Vape-300x300.jpg",300,300,true],"woocommerce_single":["https:\/\/rmvapesale.com\/wp-content\/uploads\/2024\/12\/RandM-Digital-Box-12000-Puff-Disposable-Vape-600x600.jpg",600,600,true],"woocommerce_gallery_thumbnail":["https:\/\/rmvapesale.com\/wp-content\/uploads\/2024\/12\/RandM-Digital-Box-12000-Puff-Disposable-Vape-100x100.jpg",100,100,true],"wcpr-photo-reviews":["https:\/\/rmvapesale.com\/wp-content\/uploads\/2024\/12\/RandM-Digital-Box-12000-Puff-Disposable-Vape.jpg",500,500,false]},"uagb_author_info":{"display_name":"AMY","author_link":"https:\/\/rmvapesale.com\/ro\/author\/"},"uagb_comment_info":0,"uagb_excerpt":"Randm 12000 Puffs Fumot Digital Disposable Vape Randm 12000 Fumot Digital Box Vape Wholesale Fumot RandM Digital Box 12k Vape Bulk Price WhatsApp: +86 17776015835 &nbsp;","_links":{"self":[{"href":"https:\/\/rmvapesale.com\/ro\/wp-json\/wp\/v2\/product\/2837","targetHints":{"allow":["GET"]}}],"collection":[{"href":"https:\/\/rmvapesale.com\/ro\/wp-json\/wp\/v2\/product"}],"about":[{"href":"https:\/\/rmvapesale.com\/ro\/wp-json\/wp\/v2\/types\/product"}],"replies":[{"embeddable":true,"href":"https:\/\/rmvapesale.com\/ro\/wp-json\/wp\/v2\/comments?post=2837"}],"wp:featuredmedia":[{"embeddable":true,"href":"https:\/\/rmvapesale.com\/ro\/wp-json\/wp\/v2\/media\/2836"}],"wp:attachment":[{"href":"https:\/\/rmvapesale.com\/ro\/wp-json\/wp\/v2\/media?parent=2837"}],"wp:term":[{"taxonomy":"product_brand","embeddable":true,"href":"https:\/\/rmvapesale.com\/ro\/wp-json\/wp\/v2\/product_brand?post=2837"},{"taxonomy":"product_cat","embeddable":true,"href":"https:\/\/rmvapesale.com\/ro\/wp-json\/wp\/v2\/product_cat?post=2837"},{"taxonomy":"product_tag","embeddable":true,"href":"https:\/\/rmvapesale.com\/ro\/wp-json\/wp\/v2\/product_tag?post=2837"}],"curies":[{"name":"wp","href":"https:\/\/api.w.org\/{rel}","templated":true}]}}