{"id":2844,"date":"2024-12-05T03:09:35","date_gmt":"2024-12-05T03:09:35","guid":{"rendered":"https:\/\/rmvapesale.com\/?post_type=product&#038;p=2844"},"modified":"2024-12-05T03:34:03","modified_gmt":"2024-12-05T03:34:03","slug":"vopk-ultra-40000-puffs-double-taste-digital-screen-spaceman-disposable-vape-wholesale","status":"publish","type":"product","link":"https:\/\/rmvapesale.com\/ro\/product\/vopk-ultra-40000-puffs-double-taste-digital-screen-spaceman-disposable-vape-wholesale\/","title":{"rendered":"VOPK ULTRA 40000 Puffs Gust Dublu Ecran Digital Spaceman Vape de Unica Folosinta en Gros"},"content":{"rendered":"<div class=\"B2VR9 CJHX3e\">\n<div class=\"wyccme\">\n<h1 class=\"LC20lb MBeuO DKV0Md\">VOPK ULTRA 40000 Puffs Gust Dublu Ecran Digital Spaceman Vape de Unica Folosinta en Gros<\/h1>\n<div class=\"flex-shrink-0 flex flex-col relative items-end\">\n<div class=\"pt-0\">\n<div class=\"gizmo-bot-avatar flex h-8 w-8 items-center justify-center overflow-hidden rounded-full\">\n<div class=\"relative p-1 rounded-sm flex items-center justify-center bg-token-main-surface-primary text-token-text-primary h-8 w-8\">\n<p>The <strong>VOPK ULTRA 40000 Pufuri Gust Dublu Ecran Digital Vape Dispozitiv de Unic\u0103 Folosin\u021b\u0103<\/strong>\u00a0 o experien\u021b\u0103 de vaping de ultim\u0103 genera\u021bie care dureaz\u0103 mai mult, ofer\u0103 mai mult gust \u0219i te \u021bine informat. Conceput pentru pasiona\u021bi care cer at\u00e2t performan\u021b\u0103, c\u00e2t \u0219i confort, acest vape premium de unic\u0103 folosin\u021b\u0103 este disponibil la pre\u021buri imbatabile <strong>la pre\u021buri de en-gros<\/strong>, fiind o alegere excelent\u0103 pentru uz personal sau achizi\u021bii en-gros.<\/p>\n<p>Cu o capacitate incredibil\u0103 <strong>40.000 de pufuri<\/strong>, the <strong>VOPK ULTRA 40000<\/strong> asigur\u0103 satisfac\u021bie de durat\u0103, dep\u0103\u0219ind majoritatea dispozitivelor de unic\u0103 folosin\u021b\u0103 de pe pia\u021b\u0103. Capacitatea sa de <strong>36mL de lichid e-liquid<\/strong> ofer\u0103 vapori suficien\u021bi pentru a te bucura pe tot parcursul zilei. Func\u021bia inovatoare de <strong>gust dublu<\/strong> \u00ee\u021bi permite s\u0103 comu\u021bi \u00eentre dou\u0103 arome interesante cu u\u0219urin\u021b\u0103, oferind o experien\u021b\u0103 diversificat\u0103 de vaping la fiecare inhalare.<\/p>\n<p>Echipat cu o <strong>un ecran LED inteligent<\/strong>, acest <strong>Display LED pentru Vape Dispozitiv de Unic\u0103 Folosin\u021b\u0103<\/strong> \u021bine eviden\u021ba duratei de via\u021b\u0103 a bateriei \u0219i nivelurilor de lichid e-liquid \u00een timp real, facilit\u00e2nd monitorizarea utiliz\u0103rii. Func\u021bionalitatea sa de <strong>re\u00eenc\u0103rcare Type-C<\/strong> asigur\u0103 \u00eenc\u0103rcare rapid\u0103 \u0219i eficient\u0103, astfel \u00eenc\u00e2t s\u0103 nu mai a\u0219tep\u021bi mult pentru urm\u0103toarea sesiune.<\/p>\n<p>Indiferent dac\u0103 preferi <strong>2%<\/strong> or <strong>5% nicotin\u0103<\/strong>, the <strong>VOPK 40K<\/strong> ofer\u0103 echilibrul perfect \u00eentre putere pentru fiecare utilizator. \u00cen plus, cu 10 arome delicioase din care s\u0103 alegi, variind de la amestecuri fructate la op\u021biuni mentolate r\u0103coritoare, exist\u0103 o arom\u0103 pentru fiecare.<\/p>\n<p>Ideal pentru comercian\u021bi sau cei \u00een c\u0103utarea unui <strong>vape de unic\u0103 folosin\u021b\u0103 cu nicotin\u0103 redus\u0103<\/strong>, the <strong>VOPK ULTRA 40000<\/strong> ofer\u0103 tot ce ai nevoie \u2013 num\u0103r extins de pufuri, arome duale \u0219i tehnologie modern\u0103 \u2013 toate \u00eentr-un design elegant \u0219i portabil. Alege\u021bi <strong>VOPK ULTRA 40000<\/strong> pentru o experien\u021b\u0103 avansat\u0103 de vaping care combin\u0103 inova\u021bia \u0219i accesibilitatea, toate \u00eentr-un singur dispozitiv.<\/p>\n<\/div>\n<\/div>\n<\/div>\n<\/div>\n<\/div>\n<\/div>\n<p><strong>Contacta\u021bi-o pe Amy pentru a ob\u021bine un r\u0103spuns prompt \u0219i un cupon pentru vape!<\/strong><\/p>\n<p><img loading=\"lazy\" decoding=\"async\" class=\"size-full wp-image-1978\" src=\"https:\/\/rmvapesale.com\/wp-content\/uploads\/2024\/09\/Disposable-Vape-Wholesale.jpg\" alt=\"\u021aig\u0103ri electronice de unic\u0103 folosin\u021b\u0103 en-gros\" width=\"229\" height=\"300\" \/><\/p>\n<h3><a href=\"https:\/\/wa.me\/8617776015835\" target=\"_blank\" rel=\"noopener\"><span style=\"color: #ff0000\"><strong>WhatsApp: +86 17776015835<\/strong><\/span><\/a><\/h3>\n<h2><\/h2>\n<h2><strong>VOPK 40000 Caracteristici principale<\/strong><\/h2>\n<p>Pufuri: 40000 Pufuri<br \/>\nE-Lichid: 36 mL<br \/>\nNicotine: 2%\/5%<br \/>\nRe\u00eenc\u0103rcare Type-C pentru \u00eenc\u0103rcare rapid\u0103<br \/>\nAfi\u0219aj LED inteligent arat\u0103 durata de via\u021b\u0103 a bateriei \u0219i nivelul de e-lichid<br \/>\nBucur\u0103-te de dublu gust cu un singur dispozitiv de vaping<br \/>\n10 arome din care s\u0103 alegi<\/p>\n<h2><\/h2>\n<h2><strong>Lista de arome VOPK 40K<\/strong><\/h2>\n<p>1. C\u0103p\u0219uni Pepene Verde \/ Kiwi Fruct de Pasiune Guava<br \/>\n2. Afine Zmeur\u0103 \/ Piersic\u0103 Mango Pepene Verde<br \/>\n3. Blue Razz Gummy Bear \/ C\u0103p\u0219uni Kiwi<br \/>\n4. Blue Razz Cire\u0219e \/ Zmeur\u0103 C\u0103p\u0219uni<br \/>\n5. L\u0103m\u00e2ie \u0219i Lime Carbogazoase \/ Pepene Verde Ment\u0103 Proasp\u0103t\u0103<br \/>\nGhea\u021b\u0103 de pepene verde \/ Ghea\u021b\u0103 Blue Razz<br \/>\nBlue Razz Ananas \/ Triple Mango<br \/>\nExplozie de struguri \u0219i fructe de p\u0103dure \/ P\u0103r \u0219i m\u0103r cu zmeur\u0103<br \/>\nC\u0103p\u0219uni cu meri\u0219oare \u0219i cire\u0219e \/ Pasiune de ananas \u0219i lime<br \/>\nAfine \u0219i c\u0103p\u0219uni mentolate \/ Afine \u0219i zmeur\u0103 mentolate<\/p>\n<p>&nbsp;<\/p>\n<p>&nbsp;<\/p>\n<h3><strong>De ce s\u0103 alegi Rmvapesale pentru VOPK ULTRA 40000 de pufuri <\/strong><strong>V<\/strong><strong>V\u00e2nz\u0103ri en-gros de \u021big\u0103ri electronice<\/strong><strong>?<\/strong><\/h3>\n<div class=\"flex-shrink-0 flex flex-col relative items-end\">\n<div class=\"pt-0\">\n<div class=\"gizmo-bot-avatar flex h-8 w-8 items-center justify-center overflow-hidden rounded-full\">\n<div class=\"relative p-1 rounded-sm flex items-center justify-center bg-token-main-surface-primary text-token-text-primary h-8 w-8\">\n<p>Bun venit la Rmvapesale, magazinul dumneavoastr\u0103 de \u00eencredere pentru \u021big\u0103ri electronice de unic\u0103 folosin\u021b\u0103 premium. Cu o experien\u021b\u0103 de peste 5 ani, v\u0103 aducem branduri populare de \u021big\u0103ri electronice de unic\u0103 folosin\u021b\u0103, cum ar fi Al Fakher, Vapme Vape, <a href=\"https:\/\/rmvapesale.com\/ro\/product-category\/bang-vapes\/\">Bang Vape<\/a>, Waspe, WGA Vape \u0219i<a href=\"https:\/\/rmvapesale.com\/ro\/product-category\/randm-fumot-vape\/\"> RandM Vape<\/a>.<\/p>\n<p>Gama noastr\u0103 include \u021big\u0103ri electronice foarte v\u00e2ndute, cum ar fi <a href=\"https:\/\/rmvapesale.com\/ro\/product\/randm-tornado-15000-puffs-vape-wholesale\/\">RandM Tornado 15000<\/a> \u0219i op\u021biuni bogate \u00een arome, cum ar fi Vapme 70000. Fiecare produs este ales cu accent pe calitate, valoare \u0219i varietate, asigur\u00e2ndu-v\u0103 c\u0103 g\u0103si\u021bi potrivirea perfect\u0103 pentru nevoile dumneavoastr\u0103. Descoperi\u021bi servicii excep\u021bionale \u0219i o gam\u0103 larg\u0103 de produse de top la Rmvapesale.<\/p>\n<\/div>\n<h3><\/h3>\n<div class=\"relative p-1 rounded-sm flex items-center justify-center bg-token-main-surface-primary text-token-text-primary h-8 w-8\">\n<h3><b> \u00centreb\u0103ri frecvente pentru VOPK 40000 de pufuri <\/b><b>\u021aigar\u0103 electronic\u0103 de unic\u0103 folosin\u021b\u0103 re\u00eenc\u0103rcabil\u0103<\/b><\/h3>\n<div class=\"group\/conversation-turn relative flex w-full min-w-0 flex-col agent-turn\">\n<div class=\"flex-col gap-1 md:gap-3\">\n<div class=\"flex max-w-full flex-col flex-grow\">\n<div class=\"min-h-8 text-message flex w-full flex-col items-end gap-2 whitespace-normal break-words [.text-message+&amp;]:mt-5\" dir=\"auto\" data-message-author-role=\"assistant\" data-message-id=\"00c9b302-bc9c-4550-94ba-5a295efa2be3\" data-message-model-slug=\"gpt-4o\">\n<div class=\"flex w-full flex-col gap-1 empty:hidden first:pt-[3px]\">\n<div class=\"markdown prose w-full break-words dark:prose-invert light\">\n<div class=\"flex-shrink-0 flex flex-col relative items-end\">\n<div>\n<div class=\"pt-0\">\n<div class=\"gizmo-bot-avatar flex h-8 w-8 items-center justify-center overflow-hidden rounded-full\">\n<div class=\"relative p-1 rounded-sm flex items-center justify-center bg-token-main-surface-primary text-token-text-primary h-8 w-8\">\n<div class=\"flex-shrink-0 flex flex-col relative items-end\">\n<div>\n<div class=\"pt-0\">\n<div class=\"gizmo-bot-avatar flex h-8 w-8 items-center justify-center overflow-hidden rounded-full\">\n<div class=\"relative p-1 rounded-sm flex items-center justify-center bg-token-main-surface-primary text-token-text-primary h-8 w-8\">\n<p><strong>1. Unde po\u021bi cump\u0103ra VOPK 40000 de pufuri la pre\u021b en gros \u00een Rom\u00e2nia<\/strong><br \/>\nPo\u021bi cump\u0103ra <strong>VOPK 40000 de pufuri<\/strong> la pre\u021buri en gros prin distribuitori autoriza\u021bi sau comercian\u021bi online de vape de \u00eencredere specializa\u021bi \u00een <strong>v\u00e2nz\u0103ri vape en-gros<\/strong> \u00een Rom\u00e2nia. C\u0103uta\u021bi magazine care ofer\u0103 pre\u021buri pentru cantit\u0103\u021bi mari \u0219i livr\u0103ri directe.<\/p>\n<p><strong>2. C\u00e2te pufuri ofer\u0103 VOPK 40k Puffs?<\/strong><br \/>\nThe <strong>VOPK 40k<\/strong> ofer\u0103 un impresionant <strong>40.000 de pufuri<\/strong>, devenind unul dintre cele mai durabile vape de unic\u0103 folosin\u021b\u0103 disponibile pe pia\u021b\u0103.<\/p>\n<p><strong>3. C\u00e2t timp dureaz\u0103 cutia popular\u0103 de vape de unic\u0103 folosin\u021b\u0103 VOPK 40000 Ultra?<\/strong><br \/>\nThe <strong>Cutie de vape de unic\u0103 folosin\u021b\u0103 VOPK 40000 Ultra<\/strong> poate dura \u00eentre 2-4 s\u0103pt\u0103m\u00e2ni, \u00een func\u021bie de utilizare. Pentru utilizatorii obi\u0219nui\u021bi, acest lucru ar \u00eensemna de obicei c\u00e2teva zile de vaping ne\u00eentrerupt.<\/p>\n<p><strong>4. Care sunt aromele populare pentru cutia digital\u0103 VOPK 40k Puffs?<\/strong><br \/>\nThe <strong>Cutie digital\u0103 VOPK 40k Puffs<\/strong> ofer\u0103 o varietate de arome populare, inclusiv op\u021biuni fructate precum Mango, C\u0103p\u0219uni \u0219i Pepene Verde, precum \u0219i amestecuri cu mentol \u0219i deserturi. Aceste arome satisfac o gam\u0103 larg\u0103 de preferin\u021be de vaping.<\/p>\n<p><strong>5. C\u00e2t timp dureaz\u0103 \u00eenc\u0103rcarea unui vape de unic\u0103 folosin\u021b\u0103 VOPK 40k Puffs Spaceman?<\/strong><br \/>\nThe <strong>VOPK 40k Puffs Spaceman<\/strong> dureaz\u0103 aproximativ <strong>1-2 ore<\/strong> folosind portul s\u0103u <strong>\u00eenc\u0103rcare rapid\u0103 Type-C<\/strong> port.<\/p>\n<p><strong>6. C\u00e2t nicotin\u0103 con\u021bine un vape de unic\u0103 folosin\u021b\u0103 VOPK 40k Digital box?<\/strong><br \/>\nThe <strong>VOPK 40k Digital box<\/strong> este disponibil \u00een <strong>2%<\/strong> \u0219i <strong>5% nicotin\u0103<\/strong> op\u021biuni, permi\u021b\u00e2nd utilizatorilor s\u0103 aleag\u0103 \u00een func\u021bie de t\u0103ria preferat\u0103.<\/p>\n<p>&nbsp;<\/p>\n<\/div>\n<\/div>\n<\/div>\n<\/div>\n<\/div>\n<\/div>\n<\/div>\n<\/div>\n<\/div>\n<\/div>\n<div class=\"group\/conversation-turn relative flex w-full min-w-0 flex-col agent-turn\">\n<div class=\"flex-col gap-1 md:gap-3\">\n<div class=\"flex max-w-full flex-col flex-grow\">\n<div class=\"min-h-8 text-message flex w-full flex-col items-end gap-2 whitespace-normal break-words [.text-message+&amp;]:mt-5\" dir=\"auto\" data-message-author-role=\"assistant\" data-message-id=\"a3dc01bd-23b0-4fd7-bb9a-7827522cefd8\" data-message-model-slug=\"gpt-4o\">\n<div class=\"flex w-full flex-col gap-1 empty:hidden first:pt-[3px]\"><\/div>\n<\/div>\n<\/div>\n<\/div>\n<\/div>\n<\/div>\n<\/div>\n<\/div>\n<\/div>\n<\/div>\n<\/div>\n<\/div>\n<\/div>\n<\/div>\n<\/div>\n<h3>Despre livrare<\/h3>\n<div class=\"flex-shrink-0 flex flex-col relative items-end\">\n<div>\n<div class=\"pt-0\">\n<div class=\"gizmo-bot-avatar flex h-8 w-8 items-center justify-center overflow-hidden rounded-full\">\n<div><\/div>\n<div class=\"relative p-1 rounded-sm flex items-center justify-center bg-token-main-surface-primary text-token-text-primary h-8 w-8\"><strong>1. Ce metode de expediere sunt folosite?<\/strong><\/div>\n<\/div>\n<\/div>\n<\/div>\n<\/div>\n<div class=\"group\/conversation-turn relative flex w-full min-w-0 flex-col agent-turn\">\n<div class=\"flex-col gap-1 md:gap-3\">\n<div class=\"flex max-w-full flex-col flex-grow\">\n<div class=\"min-h-[20px] text-message flex w-full flex-col items-end gap-2 whitespace-normal break-words [.text-message+&amp;]:mt-5 overflow-x-auto\" dir=\"auto\" data-message-author-role=\"assistant\" data-message-id=\"22f8283b-3233-46ff-89a5-c7a41b33abda\">\n<div class=\"flex w-full flex-col gap-1 empty:hidden first:pt-[3px]\">\n<div class=\"markdown prose w-full break-words dark:prose-invert light\">\n<p>Colabor\u0103m cu UPS, DHL, FedEx, DPD \u0219i al\u021bi transportatori de top. Vom selecta cea mai bun\u0103 metod\u0103 de expediere \u00een func\u021bie de loca\u021bia dvs. de livrare pentru a ne asigura c\u0103 ve\u021bi primi produsele c\u00e2t mai repede posibil.<\/p>\n<\/div>\n<p><strong>2. C\u00e2t dureaz\u0103 livrarea?<\/strong><\/p>\n<p>Pachetele expediate \u00een Rom\u00e2nia ajung de obicei \u00een 10 zile lucr\u0103toare. Livrarea \u00een \u021b\u0103rile europene dureaz\u0103, \u00een general, aproximativ 12-15 zile lucr\u0103toare. V\u0103 vom oferi actualiz\u0103ri \u00een timp real cu privire la starea expedierii dumneavoastr\u0103.<\/p>\n<\/div>\n<\/div>\n<\/div>\n<\/div>\n<\/div>\n<p>&nbsp;<\/p>\n<p>G\u0103si\u021bi mai multe produse de vapat care v-ar putea pl\u0103cea:<strong><em><a href=\"https:\/\/rmvapesale.com\/ro\/shop-2\/\">cump\u0103r\u0103 acum &gt;&gt;&gt;<\/a><\/em><\/strong><\/p>","protected":false},"excerpt":{"rendered":"<p>VOPK 40000 Pufuri Vape Dispozitiv de Unic\u0103 Folosin\u021b\u0103 en-gros<br \/>\nVOPK 40000 40K Pufuri Vape Re\u00eenc\u0103rcabil en-gros Pre\u021b<br \/>\nB\u0103\u021b de Vape Dispozitiv de Unic\u0103 Folosin\u021b\u0103 V\u00e2ndut Fierbinte 40000 VOPK Ultra<\/p>\n<p><strong>Contacta\u021bi-o pe Amy pentru a ob\u021bine un r\u0103spuns prompt \u0219i un cupon pentru vape!<\/strong><\/p>\n<p><img loading=\"lazy\" decoding=\"async\" class=\"size-full wp-image-2375\" src=\"https:\/\/rmvapesale.com\/wp-content\/uploads\/2024\/10\/image.png\" alt=\"Cea mai bun\u0103 \u021bigar\u0103 electronic\u0103 de unic\u0103 folosin\u021b\u0103\" width=\"229\" height=\"300\" \/><\/p>\n<h3><a href=\"https:\/\/wa.me\/8617776015835\"><span style=\"color: #ff0000\"><strong>WhatsApp: +86 17776015835<\/strong><\/span><\/a><\/h3>\n<p>&nbsp;<\/p>","protected":false},"featured_media":2840,"comment_status":"open","ping_status":"closed","template":"","meta":{"_uag_custom_page_level_css":"","_lmt_disableupdate":"no","_lmt_disable":"","site-sidebar-layout":"default","site-content-layout":"content-boxed-container","ast-site-content-layout":"normal-width-container","site-content-style":"boxed","site-sidebar-style":"unboxed","ast-global-header-display":"","ast-banner-title-visibility":"","ast-main-header-display":"","ast-hfb-above-header-display":"","ast-hfb-below-header-display":"","ast-hfb-mobile-header-display":"","site-post-title":"","ast-breadcrumbs-content":"","ast-featured-img":"","footer-sml-layout":"","ast-disable-related-posts":"","theme-transparent-header-meta":"default","adv-header-id-meta":"","stick-header-meta":"","header-above-stick-meta":"","header-main-stick-meta":"","header-below-stick-meta":"","astra-migrate-meta-layouts":"set","ast-page-background-enabled":"default","ast-page-background-meta":{"desktop":{"background-color":"var(--ast-global-color-4)","background-image":"","background-repeat":"repeat","background-position":"center center","background-size":"auto","background-attachment":"scroll","background-type":"","background-media":"","overlay-type":"","overlay-color":"","overlay-opacity":"","overlay-gradient":""},"tablet":{"background-color":"","background-image":"","background-repeat":"repeat","background-position":"center center","background-size":"auto","background-attachment":"scroll","background-type":"","background-media":"","overlay-type":"","overlay-color":"","overlay-opacity":"","overlay-gradient":""},"mobile":{"background-color":"","background-image":"","background-repeat":"repeat","background-position":"center center","background-size":"auto","background-attachment":"scroll","background-type":"","background-media":"","overlay-type":"","overlay-color":"","overlay-opacity":"","overlay-gradient":""}},"ast-content-background-meta":{"desktop":{"background-color":"var(--ast-global-color-5)","background-image":"","background-repeat":"repeat","background-position":"center center","background-size":"auto","background-attachment":"scroll","background-type":"","background-media":"","overlay-type":"","overlay-color":"","overlay-opacity":"","overlay-gradient":""},"tablet":{"background-color":"var(--ast-global-color-5)","background-image":"","background-repeat":"repeat","background-position":"center center","background-size":"auto","background-attachment":"scroll","background-type":"","background-media":"","overlay-type":"","overlay-color":"","overlay-opacity":"","overlay-gradient":""},"mobile":{"background-color":"var(--ast-global-color-5)","background-image":"","background-repeat":"repeat","background-position":"center center","background-size":"auto","background-attachment":"scroll","background-type":"","background-media":"","overlay-type":"","overlay-color":"","overlay-opacity":"","overlay-gradient":""}},"_joinchat":[]},"product_brand":[],"product_cat":[15,27,25,123,30,26,28,137,136,135],"product_tag":[111,120,238,42],"class_list":{"0":"post-2844","1":"product","2":"type-product","3":"status-publish","4":"has-post-thumbnail","6":"product_cat-new-vape-this-week","7":"product_cat-fance-hot-sale-vape","8":"product_cat-germany-best-selling-vape","9":"product_cat-italy-wholesale-vape","10":"product_cat-minimum-order-quantity-50pcs","11":"product_cat-netherlands-hot-sale-vape","12":"product_cat-poland-hot-sale-vape","13":"product_cat-rechargeable-vapes","14":"product_cat-smart-screen-vapes","15":"product_cat-spain-best-hot-sale-vape","16":"product_tag-low-nicotine-disposable-vape","17":"product_tag-vape-wholesale","18":"product_tag-vopk-40000","19":"product_tag-vopk-vape","20":"desktop-align-left","21":"tablet-align-left","22":"mobile-align-left","24":"first","25":"instock","26":"sale","27":"shipping-taxable","28":"purchasable","29":"product-type-simple"},"uagb_featured_image_src":{"full":["https:\/\/rmvapesale.com\/wp-content\/uploads\/2024\/12\/VOPK-40000-Rechargeable-Disposable-Vape.jpg",1126,1126,false],"thumbnail":["https:\/\/rmvapesale.com\/wp-content\/uploads\/2024\/12\/VOPK-40000-Rechargeable-Disposable-Vape-150x150.jpg",150,150,true],"medium":["https:\/\/rmvapesale.com\/wp-content\/uploads\/2024\/12\/VOPK-40000-Rechargeable-Disposable-Vape-300x300.jpg",300,300,true],"medium_large":["https:\/\/rmvapesale.com\/wp-content\/uploads\/2024\/12\/VOPK-40000-Rechargeable-Disposable-Vape-768x768.jpg",768,768,true],"large":["https:\/\/rmvapesale.com\/wp-content\/uploads\/2024\/12\/VOPK-40000-Rechargeable-Disposable-Vape-1024x1024.jpg",1024,1024,true],"1536x1536":["https:\/\/rmvapesale.com\/wp-content\/uploads\/2024\/12\/VOPK-40000-Rechargeable-Disposable-Vape.jpg",1126,1126,false],"2048x2048":["https:\/\/rmvapesale.com\/wp-content\/uploads\/2024\/12\/VOPK-40000-Rechargeable-Disposable-Vape.jpg",1126,1126,false],"trp-custom-language-flag":["https:\/\/rmvapesale.com\/wp-content\/uploads\/2024\/12\/VOPK-40000-Rechargeable-Disposable-Vape.jpg",12,12,false],"woocommerce_thumbnail":["https:\/\/rmvapesale.com\/wp-content\/uploads\/2024\/12\/VOPK-40000-Rechargeable-Disposable-Vape-300x300.jpg",300,300,true],"woocommerce_single":["https:\/\/rmvapesale.com\/wp-content\/uploads\/2024\/12\/VOPK-40000-Rechargeable-Disposable-Vape-600x600.jpg",600,600,true],"woocommerce_gallery_thumbnail":["https:\/\/rmvapesale.com\/wp-content\/uploads\/2024\/12\/VOPK-40000-Rechargeable-Disposable-Vape-100x100.jpg",100,100,true],"wcpr-photo-reviews":["https:\/\/rmvapesale.com\/wp-content\/uploads\/2024\/12\/VOPK-40000-Rechargeable-Disposable-Vape.jpg",500,500,false]},"uagb_author_info":{"display_name":"AMY","author_link":"https:\/\/rmvapesale.com\/ro\/author\/"},"uagb_comment_info":0,"uagb_excerpt":"VOPK 40000 Puffs Spaceman Disposable Vape Wholesale VOPK 40000 40K Puffs Rechargeable Disposable Vape Wholesale Price Hot Sell Disposable Vape Pen 40000 VOPK Ultra Contact Amy to get right reply and vape coupon! WhatsApp: +86 17776015835 &nbsp;","_links":{"self":[{"href":"https:\/\/rmvapesale.com\/ro\/wp-json\/wp\/v2\/product\/2844","targetHints":{"allow":["GET"]}}],"collection":[{"href":"https:\/\/rmvapesale.com\/ro\/wp-json\/wp\/v2\/product"}],"about":[{"href":"https:\/\/rmvapesale.com\/ro\/wp-json\/wp\/v2\/types\/product"}],"replies":[{"embeddable":true,"href":"https:\/\/rmvapesale.com\/ro\/wp-json\/wp\/v2\/comments?post=2844"}],"wp:featuredmedia":[{"embeddable":true,"href":"https:\/\/rmvapesale.com\/ro\/wp-json\/wp\/v2\/media\/2840"}],"wp:attachment":[{"href":"https:\/\/rmvapesale.com\/ro\/wp-json\/wp\/v2\/media?parent=2844"}],"wp:term":[{"taxonomy":"product_brand","embeddable":true,"href":"https:\/\/rmvapesale.com\/ro\/wp-json\/wp\/v2\/product_brand?post=2844"},{"taxonomy":"product_cat","embeddable":true,"href":"https:\/\/rmvapesale.com\/ro\/wp-json\/wp\/v2\/product_cat?post=2844"},{"taxonomy":"product_tag","embeddable":true,"href":"https:\/\/rmvapesale.com\/ro\/wp-json\/wp\/v2\/product_tag?post=2844"}],"curies":[{"name":"wp","href":"https:\/\/api.w.org\/{rel}","templated":true}]}}