{"id":2913,"date":"2025-01-08T09:44:46","date_gmt":"2025-01-08T09:44:46","guid":{"rendered":"https:\/\/rmvapesale.com\/?post_type=product&#038;p=2913"},"modified":"2025-01-09T09:05:59","modified_gmt":"2025-01-09T09:05:59","slug":"bang-box-35000-puffs-touch-screen-bulk-buy-price-rechargeable-disposable-vapes","status":"publish","type":"product","link":"https:\/\/rmvapesale.com\/ro\/product\/bang-box-35000-puffs-touch-screen-bulk-buy-price-rechargeable-disposable-vapes\/","title":{"rendered":"Bang Box 35000 pufuri, ecran tactil, \u021big\u0103ri electronice de unic\u0103 folosin\u021b\u0103 re\u00eenc\u0103rcabile, pre\u021b pentru cump\u0103rare \u00een vrac"},"content":{"rendered":"<div class=\"B2VR9 CJHX3e\">\n<div class=\"wyccme\">\n<div class=\"flex-shrink-0 flex flex-col relative items-end\">\n<div class=\"pt-0\">\n<div class=\"gizmo-bot-avatar flex h-8 w-8 items-center justify-center overflow-hidden rounded-full\">\n<div class=\"relative p-1 rounded-sm flex items-center justify-center bg-token-main-surface-primary text-token-text-primary h-8 w-8\">\n<div class=\"flex-shrink-0 flex flex-col relative items-end\">\n<div class=\"pt-0\">\n<div class=\"gizmo-bot-avatar flex h-8 w-8 items-center justify-center overflow-hidden rounded-full\">\n<h1 class=\"relative p-1 rounded-sm flex items-center justify-center bg-token-main-surface-primary text-token-text-primary h-8 w-8\">Bang Box 35000 pufuri, ecran tactil, \u021big\u0103ri electronice de unic\u0103 folosin\u021b\u0103 re\u00eenc\u0103rcabile, pre\u021b pentru cump\u0103rare \u00een vrac<\/h1>\n<\/div>\n<\/div>\n<\/div>\n<\/div>\n<\/div>\n<\/div>\n<\/div>\n<div class=\"group\/conversation-turn relative flex w-full min-w-0 flex-col agent-turn\">\n<div class=\"flex-col gap-1 md:gap-3\">\n<div class=\"flex max-w-full flex-col flex-grow\">\n<div class=\"min-h-8 text-message flex w-full flex-col items-end gap-2 whitespace-normal break-words text-start [.text-message+&amp;]:mt-5\" dir=\"auto\" data-message-author-role=\"assistant\" data-message-id=\"80ece0c4-ead1-4ed9-a9f0-ddc22582b4f4\" data-message-model-slug=\"gpt-4o\">\n<div class=\"flex w-full flex-col gap-1 empty:hidden first:pt-[3px]\">\n<div class=\"markdown prose w-full break-words dark:prose-invert light\">\n<p>&nbsp;<\/p>\n<p>The <strong>Bang Box 35000 Pufuri<\/strong>, un vapat de unic\u0103 folosin\u021b\u0103 re\u00eenc\u0103rcabil premium, conceput pentru cei care cer arom\u0103, flexibilitate \u0219i comoditate. Cu <strong>ecran digital<\/strong>, un num\u0103r mare de pufuri \u0219i caracteristici personalizabile, acest dispozitiv este alegerea suprem\u0103 pentru vapori care caut\u0103 calitate la un pre\u021b accesibil <strong>pre\u021b de en-gros<\/strong>.<\/p>\n<p>Experimenteaz\u0103 o <strong>pufuri masive de 35.000<\/strong> pe dispozitiv, f\u0103c\u00e2nd BangBox 35k unul dintre cele mai durabile vapat\u0103ri de unic\u0103 folosin\u021b\u0103 de pe pia\u021b\u0103. Spune adio \u00eenlocuirilor constante \u0219i bun venit satisfac\u021biei extinse de vaping! Interfa\u021ba <strong>ecran tactil LED<\/strong> te pune \u00een control. Monitorizeaz\u0103 <strong>durata de via\u021b\u0103 a bateriei<\/strong>, <strong>c\u00e2t \u0219i nivelul e-lichidului<\/strong>, \u0219i ajusteaz\u0103-\u021bi <strong>fluxul de aer<\/strong> \u0219i <strong>modurile de putere<\/strong> cu u\u0219urin\u021b\u0103. Bucur\u0103-te de vaping f\u0103r\u0103 \u00eentreruperi, cu tehnologia la \u00eendem\u00e2n\u0103.<\/p>\n<p>Datorit\u0103 <strong>tehnologia dual\u0103 a rezisten\u021bei tip mesh<\/strong>, fiecare puf ofer\u0103 arom\u0103 excep\u021bional\u0103 \u0219i vapori densi. BangBox 35000, combinat cu rezervorul de 35ml pentru lichid, asigur\u0103 performan\u021b\u0103 constant\u0103 \u0219i aromat\u0103 f\u0103r\u0103 reumpleri frecvente. Echipat cu <strong>baterie re\u00eenc\u0103rcabil\u0103 de 700mAh<\/strong> \u0219i o <strong>portul de \u00eenc\u0103rcare Type-C<\/strong>, Bang Vape 35k asigur\u0103 \u00eenc\u0103rcare rapid\u0103 \u0219i eficient\u0103. R\u0103m\u00e2i alimentat pe tot parcursul zilei, fie acas\u0103, fie \u00een deplasare.<\/p>\n<p>Bang Box 35000 pufuri ofer\u0103 <strong>trei moduri de flux de aer ajustabile<\/strong>, oferindu-\u021bi control asupra inhal\u0103rii. Indiferent dac\u0103 preferi o tragere mai str\u00e2ns\u0103 sau mai deschis\u0103, acest dispozitiv se adapteaz\u0103 stilului t\u0103u cu doar un clic pe ecranul tactil. <span style=\"font-size: 16px\">Av\u00e2nd doar <\/span><strong style=\"font-size: 16px\">105,5g<\/strong><span style=\"font-size: 16px\">, Bang Box este u\u0219or \u0219i u\u0219or de transportat. Perfect pentru comercian\u021bi en gros, the <\/span><strong style=\"font-size: 16px\">op\u021biuni de ambalare en-gros<\/strong><span style=\"font-size: 16px\"> face\u021bi din acesta o alegere excelent\u0103 pentru <\/span><strong style=\"font-size: 16px\">comenzi de cump\u0103rare en-gros<\/strong><span style=\"font-size: 16px\"> la pre\u021buri imbatabile.<\/span><\/p>\n<\/div>\n<\/div>\n<\/div>\n<\/div>\n<\/div>\n<\/div>\n<div class=\"flex-shrink-0 flex flex-col relative items-end\">\n<div class=\"pt-0\">\n<div class=\"gizmo-bot-avatar flex h-8 w-8 items-center justify-center overflow-hidden rounded-full\">\n<p>&nbsp;<\/p>\n<\/div>\n<\/div>\n<\/div>\n<\/div>\n<\/div>\n<p><strong>Contacta\u021bi-o pe Amy pentru a ob\u021bine un r\u0103spuns prompt \u0219i un cupon pentru vape!<\/strong><\/p>\n<p><img loading=\"lazy\" decoding=\"async\" class=\"size-full wp-image-1978\" src=\"https:\/\/rmvapesale.com\/wp-content\/uploads\/2024\/09\/Disposable-Vape-Wholesale.jpg\" alt=\"\u021aig\u0103ri electronice de unic\u0103 folosin\u021b\u0103 en-gros\" width=\"229\" height=\"300\" \/><\/p>\n<h3><a href=\"https:\/\/wa.me\/8617776015835\" target=\"_blank\" rel=\"noopener\"><span style=\"color: #ff0000\"><strong>WhatsApp: +86 17776015835<\/strong><\/span><\/a><\/h3>\n<p>&nbsp;<\/p>\n<h2><strong style=\"font-size: 1.7em\">Bang Box 35000 Caracteristici principale<\/strong><\/h2>\n<h3><\/h3>\n<ul>\n<li><strong>Num\u0103r de Pufuri<\/strong>: P\u00e2n\u0103 la 35.000 pentru utilizare extins\u0103<\/li>\n<li><strong>Afi\u0219aj Digital<\/strong>: Monitorizare \u00een timp real a bateriei \u0219i lichidului pentru vapare<\/li>\n<li><strong>Capacitate E-lichid<\/strong>: Rezervor mare preumplut de 35ml<\/li>\n<li><strong>Sistemul de bobine<\/strong>: Bobin\u0103 dubl\u0103 din plas\u0103 pentru un gust \u0219i vapori \u00eembun\u0103t\u0103\u021bi\u021bi<\/li>\n<li><strong>Baterie<\/strong>: Re\u00eenc\u0103rcabil\u0103 de 700mAh cu \u00eenc\u0103rcare Type-C<\/li>\n<li><strong>Flux de aer<\/strong>: Trei moduri personalizabile pentru o experien\u021b\u0103 personalizat\u0103<\/li>\n<li><strong>Ecran tactil<\/strong>: Control intuitiv pentru fluxul de aer \u0219i modurile de putere<\/li>\n<li><strong>Portabilitate<\/strong>: Design u\u0219or pentru vapare \u00een mi\u0219care<\/li>\n<li><strong>Preg\u0103tit pentru en-gros<\/strong>: Op\u021biuni de cump\u0103rare en-gros pentru reaprovizionare economic\u0103&nbsp;\n<p><img loading=\"lazy\" decoding=\"async\" class=\"wp-image-2940 size-full\" src=\"https:\/\/rmvapesale.com\/wp-content\/uploads\/2025\/01\/Bang-Vape-Disposable-Vapes-35000-Bulk-Buy.webp\" alt=\"Bang Vape Vape Dispozitive de V\u00e2nzare en gros 35000\" width=\"800\" height=\"496\" srcset=\"https:\/\/rmvapesale.com\/wp-content\/uploads\/2025\/01\/Bang-Vape-Disposable-Vapes-35000-Bulk-Buy.webp 800w, https:\/\/rmvapesale.com\/wp-content\/uploads\/2025\/01\/Bang-Vape-Disposable-Vapes-35000-Bulk-Buy-300x186.webp 300w, https:\/\/rmvapesale.com\/wp-content\/uploads\/2025\/01\/Bang-Vape-Disposable-Vapes-35000-Bulk-Buy-768x476.webp 768w, https:\/\/rmvapesale.com\/wp-content\/uploads\/2025\/01\/Bang-Vape-Disposable-Vapes-35000-Bulk-Buy-600x372.webp 600w\" sizes=\"auto, (max-width: 800px) 100vw, 800px\" \/><\/li>\n<\/ul>\n<h2><strong style=\"font-size: 1.7em\">Arome de top pentru Bang Box 35k<\/strong><\/h2>\n<p>Aceast\u0103 vape de unic\u0103 folosin\u021b\u0103 cu ecran tactil Bang Box 35000 Pufuri, re\u00eenc\u0103rcabil\u0103, disponibil\u0103 \u00een <strong>12 arome interesante<\/strong>, ofer\u0103 o varietate de op\u021biuni pentru a satisface gusturile diferite. Care este cel mai bun flavor pentru BangBOX 35K? Te rug\u0103m s\u0103 g\u0103se\u0219ti flavor-ul cel mai v\u00e2ndut pentru aceast\u0103 vape re\u00eenc\u0103rcabil\u0103 de unic\u0103 folosin\u021b\u0103 conform datelor noastre de v\u00e2nz\u0103ri \u0219i feedback-ului clien\u021bilor.<\/p>\n<p>1.C\u0102P\u0218UN\u0102 KIWI<br \/>\n2.RAZZ ALBASTRU GHEA\u021a\u0102 <span style=\"color: #ff0000\"><strong>&gt;&gt;&gt;&gt; Fierbinte !<\/strong><\/span><br \/>\n3.C\u0102P\u0218UN\u0102 DOVLEAC<span style=\"color: #ff0000\"><strong>&gt;&gt;&gt;&gt; Fierbinte !<\/strong><\/span><br \/>\n4.FRUCT DE PASIUNE<br \/>\n5.LIMET\u0102 COLA SODA<br \/>\n6.DOVLEAC GHEA\u021a\u0102<br \/>\n7.DOVLEAC BUBBLE GUM<br \/>\n8.KIWI FRUCT DE PASIUNE GUAV\u0102<br \/>\n9. ICE BLUEBERRY <strong> <span style=\"color: #ff0000\">&gt;&gt;&gt;&gt; Cel mai bun !<\/span><\/strong><br \/>\n10. CIRE\u0218E WATERMELON<br \/>\n11. RED BULL <span style=\"color: #ff0000\"><strong>&gt;&gt;&gt;&gt; Fierbinte !<\/strong><\/span><br \/>\n12. GREFE DE MINT\u0102 <span style=\"color: #ff0000\"><strong>&gt;&gt;&gt;&gt; Fierbinte !<\/strong><\/span><\/p>\n<h3><\/h3>\n<h4><strong>De ce s\u0103 alegi Rmvapesale pentru Bang Box 35000 Puff\u00a0 <\/strong><strong>V<\/strong><strong>V\u00e2nz\u0103ri en-gros de \u021big\u0103ri electronice<\/strong><strong>?<\/strong><\/h4>\n<div class=\"flex-shrink-0 flex flex-col relative items-end\">\n<div class=\"pt-0\">\n<div class=\"gizmo-bot-avatar flex h-8 w-8 items-center justify-center overflow-hidden rounded-full\">\n<div class=\"relative p-1 rounded-sm flex items-center justify-center bg-token-main-surface-primary text-token-text-primary h-8 w-8\">\n<p>Bun venit la Rmvapesale, magazinul dumneavoastr\u0103 de \u00eencredere pentru \u021big\u0103ri electronice de unic\u0103 folosin\u021b\u0103 premium. Cu o experien\u021b\u0103 de peste 5 ani, v\u0103 aducem branduri populare de \u021big\u0103ri electronice de unic\u0103 folosin\u021b\u0103, cum ar fi Al Fakher, Vapme Vape, <a href=\"https:\/\/rmvapesale.com\/ro\/product-category\/bang-vapes\/\">Bang Vape<\/a>, Waspe, WGA Vape \u0219i<a href=\"https:\/\/rmvapesale.com\/ro\/product-category\/randm-fumot-vape\/\"> RandM Vape<\/a>.<\/p>\n<p>Gama noastr\u0103 include vaporizatoare de unic\u0103 folosin\u021b\u0103 la mare c\u0103utare, precum <a href=\"https:\/\/rmvapesale.com\/ro\/product\/randm-tornado-15000-puffs-vape-wholesale\/\">RandM Tornado 15000<\/a> \u0219i op\u021biuni bogate \u00een arome, cum ar fi <a href=\"https:\/\/rmvapesale.com\/ro\/product\/bood-twins-46000-puff-digital-disposable-vape-bulk-buy-wholesale-price\/\">Bood Twins 46000<\/a>. Fiecare produs este ales cu accent pe calitate, valoare \u0219i varietate, asigur\u00e2ndu-v\u0103 c\u0103 g\u0103si\u021bi potrivirea perfect\u0103 pentru nevoile dumneavoastr\u0103. Descoperi\u021bi servicii excep\u021bionale \u0219i o gam\u0103 larg\u0103 de produse de top la Rmvapesale.<\/p>\n<p>&nbsp;<\/p>\n<h3><b style=\"font-size: 1.5em;font-style: inherit\">\u00ceNTREB\u0102RI FRECVENTE Pentru Bang Box 35000 <\/b><b style=\"font-size: 1.5em;font-style: inherit\">\u021aigar\u0103 electronic\u0103 de unic\u0103 folosin\u021b\u0103 re\u00eenc\u0103rcabil\u0103<\/b><\/h3>\n<\/div>\n<h3><\/h3>\n<p><strong>1. C\u00e2te pufuri ofer\u0103 Bang Box 35000?<\/strong><\/p>\n<p>Bang Box ofer\u0103 p\u00e2n\u0103 la <strong>35.000 de pufuri<\/strong>, fiind ideal pentru utilizare de lung\u0103 durat\u0103 f\u0103r\u0103 \u00eenlocuiri frecvente.<\/p>\n<p><strong>2. Pot re\u00eenc\u0103rca Bang Box 35000?<\/strong><\/p>\n<p>Da, este prev\u0103zut cu un <strong>baterie re\u00eenc\u0103rcabil\u0103 de 700mAh<\/strong> cu un <strong>Type-C<\/strong> pentru \u00eenc\u0103rcare rapid\u0103 \u0219i convenabil\u0103.<\/p>\n<p><strong>3. Care este avantajul afi\u0219ajului digital?<\/strong><\/p>\n<p>The <strong>Afi\u0219aj cu ecran tactil LED<\/strong> \u00ee\u021bi permite s\u0103 monitorizezi durata de via\u021b\u0103 a bateriei, nivelul lichidului \u0219i s\u0103 ajustezi fluxul de aer \u0219i modurile de putere f\u0103r\u0103 efort.<\/p>\n<p><strong>4. Pot personaliza fluxul de aer?<\/strong><\/p>\n<p>Absolut! Bang Box vine cu <strong>trei moduri de flux de aer ajustabile<\/strong>, oferindu-\u021bi control asupra experien\u021bei tale de vaping.<\/p>\n<p><strong>5. Unde pot cump\u0103ra Bang Box 35000 la pre\u021buri en gros?<\/strong><\/p>\n<p>Po\u021bi g\u0103si <strong>Bang Box 35000 Pufuri<\/strong> la pre\u021buri competitive <strong>la pre\u021buri de en-gros<\/strong> on <a href=\"https:\/\/rmvapesale.com\/ro\/\" target=\"_new\" rel=\"noopener\">magazinul online de \u021bigarete Rmvapesale<\/a>Cump\u0103r\u0103 acum pentru cele mai bune oferte!<\/p>\n<p><img loading=\"lazy\" decoding=\"async\" class=\"wp-image-2941 size-full\" src=\"https:\/\/rmvapesale.com\/wp-content\/uploads\/2025\/01\/Bang-Vape-Screen-Disposable-Vape-35000-Puffs.webp\" alt=\"Bang Vape Ecran Vape Dispozitiv de V\u00e2nzare 35000 Pufuri\" width=\"800\" height=\"558\" srcset=\"https:\/\/rmvapesale.com\/wp-content\/uploads\/2025\/01\/Bang-Vape-Screen-Disposable-Vape-35000-Puffs.webp 800w, https:\/\/rmvapesale.com\/wp-content\/uploads\/2025\/01\/Bang-Vape-Screen-Disposable-Vape-35000-Puffs-300x209.webp 300w, https:\/\/rmvapesale.com\/wp-content\/uploads\/2025\/01\/Bang-Vape-Screen-Disposable-Vape-35000-Puffs-768x536.webp 768w, https:\/\/rmvapesale.com\/wp-content\/uploads\/2025\/01\/Bang-Vape-Screen-Disposable-Vape-35000-Puffs-600x419.webp 600w\" sizes=\"auto, (max-width: 800px) 100vw, 800px\" \/><\/p>\n<\/div>\n<\/div>\n<\/div>\n<h3>Despre livrare<\/h3>\n<div class=\"flex-shrink-0 flex flex-col relative items-end\">\n<div>\n<div class=\"pt-0\">\n<div class=\"gizmo-bot-avatar flex h-8 w-8 items-center justify-center overflow-hidden rounded-full\">\n<div><\/div>\n<div class=\"relative p-1 rounded-sm flex items-center justify-center bg-token-main-surface-primary text-token-text-primary h-8 w-8\"><strong>1. Ce metode de expediere sunt folosite?<\/strong><\/div>\n<\/div>\n<\/div>\n<\/div>\n<\/div>\n<div class=\"group\/conversation-turn relative flex w-full min-w-0 flex-col agent-turn\">\n<div class=\"flex-col gap-1 md:gap-3\">\n<div class=\"flex max-w-full flex-col flex-grow\">\n<div class=\"min-h-[20px] text-message flex w-full flex-col items-end gap-2 whitespace-normal break-words [.text-message+&amp;]:mt-5 overflow-x-auto\" dir=\"auto\" data-message-author-role=\"assistant\" data-message-id=\"22f8283b-3233-46ff-89a5-c7a41b33abda\">\n<div class=\"flex w-full flex-col gap-1 empty:hidden first:pt-[3px]\">\n<div class=\"markdown prose w-full break-words dark:prose-invert light\">\n<p>Colabor\u0103m cu UPS, DHL, FedEx, DPD \u0219i al\u021bi transportatori de top. Vom selecta cea mai bun\u0103 metod\u0103 de expediere \u00een func\u021bie de loca\u021bia dvs. de livrare pentru a ne asigura c\u0103 ve\u021bi primi produsele c\u00e2t mai repede posibil.<\/p>\n<\/div>\n<p><strong>2. C\u00e2t dureaz\u0103 livrarea?<\/strong><\/p>\n<p>Pachetele expediate \u00een Rom\u00e2nia ajung de obicei \u00een 10 zile lucr\u0103toare. Livrarea \u00een \u021b\u0103rile europene dureaz\u0103, \u00een general, aproximativ 12-15 zile lucr\u0103toare. V\u0103 vom oferi actualiz\u0103ri \u00een timp real cu privire la starea expedierii dumneavoastr\u0103.<\/p>\n<\/div>\n<\/div>\n<\/div>\n<\/div>\n<\/div>\n<p><strong><span style=\"color: #ff0000\">Alte Vape Dispozitive de V\u00e2nzare Rapid\u0103 \u0219i Fierbin\u021bi: <a href=\"https:\/\/rmvapesale.com\/ro\/product\/vopk-ultra-40000-puffs-double-taste-digital-screen-spaceman-disposable-vape-wholesale\/\">VOPK 40000 40K Pufuri<\/a>, <a href=\"https:\/\/rmvapesale.com\/ro\/product\/bang-vape-36000-puffs-rechargeable-disposable-vape-wholesale-price\/\">Bang Vape 36k,\u00a0<\/a><\/span><\/strong><\/p>\n<p>&nbsp;<\/p>\n<p>G\u0103si\u021bi mai multe produse de vapat care v-ar putea pl\u0103cea:<strong><em><a href=\"https:\/\/rmvapesale.com\/ro\/shop-2\/\">cump\u0103r\u0103 acum &gt;&gt;&gt;<\/a><\/em><\/strong><\/p>","protected":false},"excerpt":{"rendered":"<p>Noul Bang box 35k 35000 Pufuri Control Tactil Dou\u0103 Moduri de Putere<br \/>\nBang Box 35000 Pufuri Vape de unic\u0103 folosin\u021b\u0103 cu control tactil en-gros<br \/>\nBang box 35k 35000 Pufuri Vape de unic\u0103 folosin\u021b\u0103 cu control tactil Pre\u021b ieftin en-gros<\/p>\n<p><strong>Contacta\u021bi-o pe Amy pentru a ob\u021bine un r\u0103spuns prompt \u0219i un cupon pentru vape!<\/strong><\/p>\n<p><img loading=\"lazy\" decoding=\"async\" class=\"size-full wp-image-2375\" src=\"https:\/\/rmvapesale.com\/wp-content\/uploads\/2024\/10\/image.png\" alt=\"Cea mai bun\u0103 \u021bigar\u0103 electronic\u0103 de unic\u0103 folosin\u021b\u0103\" width=\"229\" height=\"300\" \/><\/p>\n<h3><a href=\"https:\/\/wa.me\/8617776015835\"><span style=\"color: #ff0000\"><strong>WhatsApp: +86 17776015835<\/strong><\/span><\/a><\/h3>\n<p>&nbsp;<\/p>","protected":false},"featured_media":2934,"comment_status":"open","ping_status":"closed","template":"","meta":{"_uag_custom_page_level_css":"","_lmt_disableupdate":"no","_lmt_disable":"","site-sidebar-layout":"default","site-content-layout":"content-boxed-container","ast-site-content-layout":"normal-width-container","site-content-style":"boxed","site-sidebar-style":"unboxed","ast-global-header-display":"","ast-banner-title-visibility":"","ast-main-header-display":"","ast-hfb-above-header-display":"","ast-hfb-below-header-display":"","ast-hfb-mobile-header-display":"","site-post-title":"","ast-breadcrumbs-content":"","ast-featured-img":"","footer-sml-layout":"","theme-transparent-header-meta":"default","adv-header-id-meta":"","stick-header-meta":"","header-above-stick-meta":"","header-main-stick-meta":"","header-below-stick-meta":"","astra-migrate-meta-layouts":"set","ast-page-background-enabled":"default","ast-page-background-meta":{"desktop":{"background-color":"var(--ast-global-color-4)","background-image":"","background-repeat":"repeat","background-position":"center center","background-size":"auto","background-attachment":"scroll","background-type":"","background-media":"","overlay-type":"","overlay-color":"","overlay-opacity":"","overlay-gradient":""},"tablet":{"background-color":"","background-image":"","background-repeat":"repeat","background-position":"center center","background-size":"auto","background-attachment":"scroll","background-type":"","background-media":"","overlay-type":"","overlay-color":"","overlay-opacity":"","overlay-gradient":""},"mobile":{"background-color":"","background-image":"","background-repeat":"repeat","background-position":"center center","background-size":"auto","background-attachment":"scroll","background-type":"","background-media":"","overlay-type":"","overlay-color":"","overlay-opacity":"","overlay-gradient":""}},"ast-content-background-meta":{"desktop":{"background-color":"var(--ast-global-color-5)","background-image":"","background-repeat":"repeat","background-position":"center center","background-size":"auto","background-attachment":"scroll","background-type":"","background-media":"","overlay-type":"","overlay-color":"","overlay-opacity":"","overlay-gradient":""},"tablet":{"background-color":"var(--ast-global-color-5)","background-image":"","background-repeat":"repeat","background-position":"center center","background-size":"auto","background-attachment":"scroll","background-type":"","background-media":"","overlay-type":"","overlay-color":"","overlay-opacity":"","overlay-gradient":""},"mobile":{"background-color":"var(--ast-global-color-5)","background-image":"","background-repeat":"repeat","background-position":"center center","background-size":"auto","background-attachment":"scroll","background-type":"","background-media":"","overlay-type":"","overlay-color":"","overlay-opacity":"","overlay-gradient":""}},"_joinchat":[]},"product_brand":[],"product_cat":[15,246,25,123,26,28,135,27,60,137,136,30],"product_tag":[267,199,146,131,40,111,266],"class_list":{"0":"post-2913","1":"product","2":"type-product","3":"status-publish","4":"has-post-thumbnail","6":"product_cat-new-vape-this-week","7":"product_cat-35000-puffs-disposable-vape","8":"product_cat-germany-best-selling-vape","9":"product_cat-italy-wholesale-vape","10":"product_cat-netherlands-hot-sale-vape","11":"product_cat-poland-hot-sale-vape","12":"product_cat-spain-best-hot-sale-vape","13":"product_cat-fance-hot-sale-vape","14":"product_cat-bang-vapes","15":"product_cat-rechargeable-vapes","16":"product_cat-smart-screen-vapes","17":"product_cat-minimum-order-quantity-50pcs","18":"product_tag-bang-box-35k","19":"product_tag-bang-vape","20":"product_tag-best-hot-sale-vape","21":"product_tag-big-puff-vape","22":"product_tag-hot-sale-vape","23":"product_tag-low-nicotine-disposable-vape","24":"product_tag-touch-screen-rechargeable-disposable-vape","25":"desktop-align-left","26":"tablet-align-left","27":"mobile-align-left","29":"first","30":"instock","31":"sale","32":"shipping-taxable","33":"purchasable","34":"product-type-simple"},"uagb_featured_image_src":{"full":["https:\/\/rmvapesale.com\/wp-content\/uploads\/2025\/01\/Bang-Box-Vape-35000-Puffs-Disposable-Vape-Bulk-Buy.webp",800,800,false],"thumbnail":["https:\/\/rmvapesale.com\/wp-content\/uploads\/2025\/01\/Bang-Box-Vape-35000-Puffs-Disposable-Vape-Bulk-Buy-150x150.webp",150,150,true],"medium":["https:\/\/rmvapesale.com\/wp-content\/uploads\/2025\/01\/Bang-Box-Vape-35000-Puffs-Disposable-Vape-Bulk-Buy-300x300.webp",300,300,true],"medium_large":["https:\/\/rmvapesale.com\/wp-content\/uploads\/2025\/01\/Bang-Box-Vape-35000-Puffs-Disposable-Vape-Bulk-Buy-768x768.webp",768,768,true],"large":["https:\/\/rmvapesale.com\/wp-content\/uploads\/2025\/01\/Bang-Box-Vape-35000-Puffs-Disposable-Vape-Bulk-Buy.webp",800,800,false],"1536x1536":["https:\/\/rmvapesale.com\/wp-content\/uploads\/2025\/01\/Bang-Box-Vape-35000-Puffs-Disposable-Vape-Bulk-Buy.webp",800,800,false],"2048x2048":["https:\/\/rmvapesale.com\/wp-content\/uploads\/2025\/01\/Bang-Box-Vape-35000-Puffs-Disposable-Vape-Bulk-Buy.webp",800,800,false],"trp-custom-language-flag":["https:\/\/rmvapesale.com\/wp-content\/uploads\/2025\/01\/Bang-Box-Vape-35000-Puffs-Disposable-Vape-Bulk-Buy.webp",12,12,false],"woocommerce_thumbnail":["https:\/\/rmvapesale.com\/wp-content\/uploads\/2025\/01\/Bang-Box-Vape-35000-Puffs-Disposable-Vape-Bulk-Buy-300x300.webp",300,300,true],"woocommerce_single":["https:\/\/rmvapesale.com\/wp-content\/uploads\/2025\/01\/Bang-Box-Vape-35000-Puffs-Disposable-Vape-Bulk-Buy-600x600.webp",600,600,true],"woocommerce_gallery_thumbnail":["https:\/\/rmvapesale.com\/wp-content\/uploads\/2025\/01\/Bang-Box-Vape-35000-Puffs-Disposable-Vape-Bulk-Buy-100x100.webp",100,100,true],"wcpr-photo-reviews":["https:\/\/rmvapesale.com\/wp-content\/uploads\/2025\/01\/Bang-Box-Vape-35000-Puffs-Disposable-Vape-Bulk-Buy.webp",500,500,false]},"uagb_author_info":{"display_name":"AMY","author_link":"https:\/\/rmvapesale.com\/ro\/author\/"},"uagb_comment_info":0,"uagb_excerpt":"New Bang box 35k 35000 Puffs Touch Control Two Power Mode Bang Box 35000 Puffs Touch Control Disposable Vape Wholesale Bang box 35k Puffs Touch Control Vape Bulk Buy Cheap Price Contact Amy to get right reply and vape coupon! WhatsApp: +86 17776015835 &nbsp;","_links":{"self":[{"href":"https:\/\/rmvapesale.com\/ro\/wp-json\/wp\/v2\/product\/2913","targetHints":{"allow":["GET"]}}],"collection":[{"href":"https:\/\/rmvapesale.com\/ro\/wp-json\/wp\/v2\/product"}],"about":[{"href":"https:\/\/rmvapesale.com\/ro\/wp-json\/wp\/v2\/types\/product"}],"replies":[{"embeddable":true,"href":"https:\/\/rmvapesale.com\/ro\/wp-json\/wp\/v2\/comments?post=2913"}],"wp:featuredmedia":[{"embeddable":true,"href":"https:\/\/rmvapesale.com\/ro\/wp-json\/wp\/v2\/media\/2934"}],"wp:attachment":[{"href":"https:\/\/rmvapesale.com\/ro\/wp-json\/wp\/v2\/media?parent=2913"}],"wp:term":[{"taxonomy":"product_brand","embeddable":true,"href":"https:\/\/rmvapesale.com\/ro\/wp-json\/wp\/v2\/product_brand?post=2913"},{"taxonomy":"product_cat","embeddable":true,"href":"https:\/\/rmvapesale.com\/ro\/wp-json\/wp\/v2\/product_cat?post=2913"},{"taxonomy":"product_tag","embeddable":true,"href":"https:\/\/rmvapesale.com\/ro\/wp-json\/wp\/v2\/product_tag?post=2913"}],"curies":[{"name":"wp","href":"https:\/\/api.w.org\/{rel}","templated":true}]}}