{"id":2948,"date":"2025-01-10T08:39:18","date_gmt":"2025-01-10T08:39:18","guid":{"rendered":"https:\/\/rmvapesale.com\/?post_type=product&#038;p=2948"},"modified":"2025-01-10T09:15:27","modified_gmt":"2025-01-10T09:15:27","slug":"crystal-vape-uwin-shisha-hookah-20k-20000-puffs-wholesale-best-price","status":"publish","type":"product","link":"https:\/\/rmvapesale.com\/ro\/product\/crystal-vape-uwin-shisha-hookah-20k-20000-puffs-wholesale-best-price\/","title":{"rendered":"Vape Cristal Uwin Narghilea Shisha 20K 20000 Pufuri En-gros Cel Mai Bun Pre\u021b"},"content":{"rendered":"<div class=\"B2VR9 CJHX3e\">\n<div class=\"wyccme\">\n<div class=\"flex-shrink-0 flex flex-col relative items-end\">\n<div class=\"pt-0\">\n<div class=\"gizmo-bot-avatar flex h-8 w-8 items-center justify-center overflow-hidden rounded-full\">\n<div class=\"relative p-1 rounded-sm flex items-center justify-center bg-token-main-surface-primary text-token-text-primary h-8 w-8\">\n<div class=\"flex-shrink-0 flex flex-col relative items-end\">\n<div class=\"pt-0\">\n<div class=\"gizmo-bot-avatar flex h-8 w-8 items-center justify-center overflow-hidden rounded-full\">\n<h1 class=\"relative p-1 rounded-sm flex items-center justify-center bg-token-main-surface-primary text-token-text-primary h-8 w-8\">Vape Cristal Uwin Narghilea Shisha 20K 20000 Pufuri En-gros Cel Mai Bun Pre\u021b<\/h1>\n<\/div>\n<\/div>\n<\/div>\n<\/div>\n<\/div>\n<\/div>\n<\/div>\n<div class=\"group\/conversation-turn relative flex w-full min-w-0 flex-col agent-turn\">\n<div class=\"flex-col gap-1 md:gap-3\">\n<div class=\"flex max-w-full flex-col flex-grow\">\n<div class=\"min-h-8 text-message flex w-full flex-col items-end gap-2 whitespace-normal break-words text-start [.text-message+&amp;]:mt-5\" dir=\"auto\" data-message-author-role=\"assistant\" data-message-id=\"80ece0c4-ead1-4ed9-a9f0-ddc22582b4f4\" data-message-model-slug=\"gpt-4o\">\n<div class=\"flex w-full flex-col gap-1 empty:hidden first:pt-[3px]\">\n<div class=\"markdown prose w-full break-words dark:prose-invert light\">\n<p>&nbsp;<\/p>\n<p>The <strong>Crystal Vape Uwin Shisha Hookah 20K 20000 pufuri<\/strong>, este un dispozitiv de vaping suprem care combin\u0103 tehnologie de ultim\u0103 genera\u021bie, stil \u0219i performan\u021b\u0103. Cu impresionantul s\u0103u <strong>ecran digital<\/strong>, caracteristici personalizabile \u0219i num\u0103r mare de pufuri, este conceput pentru a satisface nevoile at\u00e2t ale vaperilor ocazionali, c\u00e2t \u0219i ale celor experimenta\u021bi.<\/p>\n<\/div>\n<p>Cu vape-ul Uwin Crystal 20000, vei beneficia de o experien\u021b\u0103 de vaping extins\u0103 cu p\u00e2n\u0103 la <strong>20.000 de pufuri<\/strong> pe dispozitiv. Spune adio \u00eenlocuirilor frecvente \u0219i bun venit la o experien\u021b\u0103 ne\u00eentrerupt\u0103! Dispozitivul <strong>afi\u0219aj digital inovator<\/strong> te \u021bine informat despre durata de via\u021b\u0103 a bateriei \u0219i utilizare, asigur\u00e2nd o experien\u021b\u0103 f\u0103r\u0103 b\u0103t\u0103i de cap. Cunoa\u0219te starea dispozitivului t\u0103u dintr-o privire. Cu set\u0103ri personalizabile ale fluxului de aer, Crystal Vape Uwin 20K se adapteaz\u0103 preferin\u021belor tale. Indiferent dac\u0103 preferi trageri mai str\u00e2nse sau o tragere mai deschis\u0103, acest dispozitiv livreaz\u0103.<\/p>\n<p>Echipat cu o <strong>Rezisten\u021b\u0103 mesh de 0.8\u03a9<\/strong>, acest vape re\u00eenc\u0103rcabil \u0219i de unic\u0103 folosin\u021b\u0103 asigur\u0103 o produc\u021bie \u00eembun\u0103t\u0103\u021bit\u0103 de vapori \u0219i un gust neegalat. Fiecare puf este lin, bogat \u0219i satisf\u0103c\u0103tor. Alimentat de o <strong>baterie re\u00eenc\u0103rcabil\u0103 cobalt de 650mAh<\/strong> \u0219i o <strong>portul de \u00eenc\u0103rcare Type-C<\/strong>, Uwin Shisha Hookah este \u00eentotdeauna preg\u0103tit de utilizare. Re\u00eenc\u0103rcarea rapid\u0103 \u0219i eficient\u0103 \u00eenseamn\u0103 mai pu\u021bin timp de a\u0219teptare. Ergonomic \u0219i compact, Crystal Vape Uwin are un design elegant, stilat \u0219i confortabil de utilizat. Este la fel de o pies\u0103 de afirma\u021bie pe c\u00e2t este un dispozitiv de vaping. Disponibil \u00een <strong>concentra\u021bii de nicotin\u0103 de 0%, 2%, 3% \u0219i 5%<\/strong>, acest vape se potrive\u0219te fiec\u0103rei preferin\u021be. Indiferent dac\u0103 vrei o tragere puternic\u0103 sau o experien\u021b\u0103 mai bl\u00e2nd\u0103, e\u0219ti acoperit.<\/p>\n<\/div>\n<p>\u00cembun\u0103t\u0103\u021be\u0219te-\u021bi experien\u021ba de vaping cu <strong>Crystal Vape Uwin Shisha Hookah 20000<\/strong>. Cu combina\u021bia sa de stil, performan\u021b\u0103 \u0219i confort, acesta este alegerea perfect\u0103 pentru vaperii din \u00eentreaga lume. Nu a\u0219tepta\u2014comand\u0103-\u021bi al t\u0103u ast\u0103zi!<\/p>\n<\/div>\n<\/div>\n<\/div>\n<\/div>\n<div class=\"flex-shrink-0 flex flex-col relative items-end\">\n<div class=\"pt-0\">\n<div class=\"gizmo-bot-avatar flex h-8 w-8 items-center justify-center overflow-hidden rounded-full\">\n<p>&nbsp;<\/p>\n<\/div>\n<\/div>\n<\/div>\n<\/div>\n<\/div>\n<p><strong>Contacta\u021bi-o pe Amy pentru a ob\u021bine un r\u0103spuns prompt \u0219i un cupon pentru vape!<\/strong><\/p>\n<p><img loading=\"lazy\" decoding=\"async\" class=\"size-full wp-image-1978\" src=\"https:\/\/rmvapesale.com\/wp-content\/uploads\/2024\/09\/Disposable-Vape-Wholesale.jpg\" alt=\"\u021aig\u0103ri electronice de unic\u0103 folosin\u021b\u0103 en-gros\" width=\"229\" height=\"300\" \/><\/p>\n<h3><a href=\"https:\/\/wa.me\/8617776015835\" target=\"_blank\" rel=\"noopener\"><span style=\"color: #ff0000\"><strong>WhatsApp: +86 17776015835<\/strong><\/span><\/a><\/h3>\n<p>&nbsp;<\/p>\n<h2><strong style=\"font-size: 1.7em\">Crystal Vape Uwin 20000 Caracteristici Cheie<\/strong><\/h2>\n<h3><\/h3>\n<ul>\n<li><strong>Num\u0103r de Pufuri<\/strong>: P\u00e2n\u0103 la 20.000 pentru utilizare extins\u0103<\/li>\n<li><strong>Afi\u0219aj Digital<\/strong>: Monitorizare \u00een timp real a duratei de via\u021b\u0103 a bateriei \u0219i a utiliz\u0103rii<\/li>\n<li><strong>Capacitate E-lichid<\/strong>: Rezervor preumplut de 22ml pentru mai pu\u021bine reumpleri<\/li>\n<li><strong>Rezisten\u021b\u0103 tip plas\u0103<\/strong>: Bobin\u0103 de 0.8\u03a9 pentru arom\u0103 intens\u0103 \u0219i vapori dens<\/li>\n<li><strong>Baterie Re\u00eenc\u0103rcabil\u0103<\/strong>: Baterie de cobalt de 650mAh cu \u00eenc\u0103rcare Type-C<\/li>\n<li><strong>Niveluri de Nicotin\u0103<\/strong>: Disponibil \u00een 0%, 2%, 3% \u0219i 5%<\/li>\n<li><strong>Arome<\/strong>: 12 op\u021biuni delicioase din care s\u0103 alegi<\/li>\n<li><strong>Flux de aer reglabil<\/strong>: Set\u0103ri personalizabile pentru o experien\u021b\u0103 adaptat\u0103<\/li>\n<li><strong>Design Compact<\/strong>: Elegant \u0219i ergonomic pentru portabilitate \u0219i stil<\/li>\n<\/ul>\n<h2><strong style=\"font-size: 1.7em\">Arom\u0103 de top pentru Uwin 20000 <\/strong><strong style=\"font-size: 1.7em\">Vape de cristal<\/strong><\/h2>\n<p>Acest vaporizator de unic\u0103 folosin\u021b\u0103 este disponibil \u00een <strong>12 arome delicioase<\/strong>, oferind o gam\u0103 variat\u0103 de op\u021biuni pentru diferi\u021bi utilizatori. Care este cea mai bun\u0103 arom\u0103 pentru Uwin Crystal 20000? G\u0103se\u0219te aroma de top v\u00e2ndut\u0103 ata\u0219at\u0103 conform datelor noastre de v\u00e2nz\u0103ri \u0219i recenziilor clien\u021bilor.<\/p>\n<ol>\n<li>Pepene Verde <span style=\"color: #ff0000\"><strong>&gt;&gt;&gt;&gt; Fierbinte !<\/strong><\/span><\/li>\n<li>Ghea\u021b\u0103 de Mango<\/li>\n<li>Zmeur\u0103 cu afine <span style=\"color: #ff0000\"><strong>&gt;&gt;&gt;&gt; Fierbinte !<\/strong><\/span><\/li>\n<li>Ment\u0103 de Strugure<\/li>\n<li>Fructul Pasiunii<\/li>\n<li>C\u0103p\u0219uni Kiwi<\/li>\n<li>Mere Duble<\/li>\n<li>Peach Ice (Ghea\u021b\u0103 de Piersici)<\/li>\n<li>Ananas Cocos<\/li>\n<li>Fructe de p\u0103dure amestecate <strong><span style=\"color: #ff0000\">&gt;&gt;&gt;&gt; Cel mai bun !<\/span><\/strong><\/li>\n<li>L\u0103m\u00e2ie Ment\u0103 <span style=\"color: #ff0000\"><strong>&gt;&gt;&gt;&gt; Fierbinte !<\/strong><\/span><\/li>\n<li>Strugure Portocaliu<\/li>\n<\/ol>\n<figure id=\"attachment_2944\" aria-describedby=\"caption-attachment-2944\" style=\"width: 800px\" class=\"wp-caption alignnone\"><img loading=\"lazy\" decoding=\"async\" class=\"wp-image-2944 size-full\" src=\"https:\/\/rmvapesale.com\/wp-content\/uploads\/2025\/01\/Hookah-Shisha-Uwin-Crystal-20000-Puffs-Disposable-Vape.webp\" alt=\"Hookah Shisha Uwin Crystal 20000 Pufuri Vape de unic\u0103 folosin\u021b\u0103\" width=\"800\" height=\"800\" srcset=\"https:\/\/rmvapesale.com\/wp-content\/uploads\/2025\/01\/Hookah-Shisha-Uwin-Crystal-20000-Puffs-Disposable-Vape.webp 800w, https:\/\/rmvapesale.com\/wp-content\/uploads\/2025\/01\/Hookah-Shisha-Uwin-Crystal-20000-Puffs-Disposable-Vape-300x300.webp 300w, https:\/\/rmvapesale.com\/wp-content\/uploads\/2025\/01\/Hookah-Shisha-Uwin-Crystal-20000-Puffs-Disposable-Vape-150x150.webp 150w, https:\/\/rmvapesale.com\/wp-content\/uploads\/2025\/01\/Hookah-Shisha-Uwin-Crystal-20000-Puffs-Disposable-Vape-768x768.webp 768w, https:\/\/rmvapesale.com\/wp-content\/uploads\/2025\/01\/Hookah-Shisha-Uwin-Crystal-20000-Puffs-Disposable-Vape-600x600.webp 600w, https:\/\/rmvapesale.com\/wp-content\/uploads\/2025\/01\/Hookah-Shisha-Uwin-Crystal-20000-Puffs-Disposable-Vape-100x100.webp 100w\" sizes=\"auto, (max-width: 800px) 100vw, 800px\" \/><figcaption id=\"caption-attachment-2944\" class=\"wp-caption-text\">Hookah Shisha Uwin Crystal 20000 Pufuri Vape de unic\u0103 folosin\u021b\u0103<\/figcaption><\/figure>\n<h3><strong>De ce s\u0103 alegi Rmvapesale pentru Vape Crystal Uwin 20000 Pufuri\u00a0 <\/strong><strong>V<\/strong><strong>V\u00e2nz\u0103ri en-gros de \u021big\u0103ri electronice<\/strong><strong>?<\/strong><\/h3>\n<div class=\"flex-shrink-0 flex flex-col relative items-end\">\n<div class=\"pt-0\">\n<div class=\"gizmo-bot-avatar flex h-8 w-8 items-center justify-center overflow-hidden rounded-full\">\n<p class=\"relative p-1 rounded-sm flex items-center justify-center bg-token-main-surface-primary text-token-text-primary h-8 w-8\">Bun venit la Rmvapesale, magazinul dumneavoastr\u0103 de \u00eencredere pentru \u021big\u0103ri electronice de unic\u0103 folosin\u021b\u0103 premium. Cu o experien\u021b\u0103 de peste 5 ani, v\u0103 aducem branduri populare de \u021big\u0103ri electronice de unic\u0103 folosin\u021b\u0103, cum ar fi Al Fakher, Vapme Vape, <a href=\"https:\/\/rmvapesale.com\/ro\/product-category\/bang-vapes\/\">Bang Vape<\/a>, Waspe, WGA Vape \u0219i<a href=\"https:\/\/rmvapesale.com\/ro\/product-category\/randm-fumot-vape\/\"> RandM Vape<\/a>. Gama noastr\u0103 include vape-uri de unic\u0103 folosin\u021b\u0103 la cald, cum ar fi <a href=\"https:\/\/rmvapesale.com\/ro\/product\/bang-box-35000-puffs-touch-screen-bulk-buy-price-rechargeable-disposable-vapes\/\">Bang Box 35000 Pufuri<\/a> \u0219i op\u021biuni bogate \u00een arome, cum ar fi<a href=\"https:\/\/rmvapesale.com\/ro\/product\/bood-pulse-pro-50000-puff-50k-low-nicotine-disposable-vape-wholesale-bulk-buy-price\/\">\u00a0Bood Pulse PRO 50000<\/a>. Fiecare produs este ales cu accent pe calitate, valoare \u0219i varietate, asigur\u00e2ndu-v\u0103 c\u0103 g\u0103si\u021bi potrivirea perfect\u0103 pentru nevoile dumneavoastr\u0103. Descoperi\u021bi servicii excep\u021bionale \u0219i o gam\u0103 larg\u0103 de produse de top la Rmvapesale.<\/p>\n<p>&nbsp;<\/p>\n<p class=\"relative p-1 rounded-sm flex items-center justify-center bg-token-main-surface-primary text-token-text-primary h-8 w-8\"><b style=\"font-size: 1.5em;font-style: inherit\">\u00centreb\u0103ri frecvente pentru Crystal Vape Uwin 20000 <\/b><b style=\"font-size: 1.5em;font-style: inherit\">\u021aigar\u0103 electronic\u0103 de unic\u0103 folosin\u021b\u0103 re\u00eenc\u0103rcabil\u0103<\/b><\/p>\n<h3><\/h3>\n<h4><strong>1. C\u00e2te pufuri ofer\u0103 Crystal Vape Uwin Shisha Hookah 20K?<\/strong><\/h4>\n<p>Dispozitivul ofer\u0103 p\u00e2n\u0103 la <strong>20.000 de pufuri<\/strong>, fiind o op\u021biune de durat\u0103 pentru utilizare prelungit\u0103.<\/p>\n<h4><strong>2. Are acest vape un afi\u0219aj digital?<\/strong><\/h4>\n<p>Da, are un <strong>afi\u0219aj digital u\u0219or de citit <\/strong>pentru a monitoriza bateria \u0219i utilizarea f\u0103r\u0103 efort.<\/p>\n<h4><strong>3. Pot re\u00eenc\u0103rca bateria?<\/strong><\/h4>\n<p>Absolut! Vine cu un <strong>650mAh<\/strong> \u0219i o <strong>Type-C<\/strong> pentru \u00eenc\u0103rcare rapid\u0103 \u0219i convenabil\u0103.<\/p>\n<h4><strong>4. Este fluxul de aer reglabil?<\/strong><\/h4>\n<p>Da, Uwin Shisha Hookah 20K ofer\u0103 <strong>set\u0103ri de flux de aer personalizabile<\/strong> pentru a se potrivi preferin\u021belor dumneavoastr\u0103 de vapare.<\/p>\n<h4><strong>5. Unde pot cump\u0103ra Crystal Vape Uwin Shisha Hookah 20K la pre\u021buri en gros?<\/strong><\/h4>\n<p>Po\u021bi g\u0103si acest produs la cele mai bune <strong>la pre\u021buri de en-gros<\/strong> on <a href=\"https:\/\/rmvapesale.com\/ro\/\" target=\"_new\" rel=\"noopener\">magazinul online de \u021bigarete Rmvapesale<\/a>. Cump\u0103r\u0103 acum pentru oferte de neegalat!<\/p>\n<p>&nbsp;<\/p>\n<\/div>\n<\/div>\n<\/div>\n<h3>Despre livrare<\/h3>\n<div class=\"flex-shrink-0 flex flex-col relative items-end\">\n<div>\n<div class=\"pt-0\">\n<div class=\"gizmo-bot-avatar flex h-8 w-8 items-center justify-center overflow-hidden rounded-full\">\n<div><\/div>\n<div class=\"relative p-1 rounded-sm flex items-center justify-center bg-token-main-surface-primary text-token-text-primary h-8 w-8\"><strong>1. Ce metode de expediere sunt folosite?<\/strong><\/div>\n<\/div>\n<\/div>\n<\/div>\n<\/div>\n<div class=\"group\/conversation-turn relative flex w-full min-w-0 flex-col agent-turn\">\n<div class=\"flex-col gap-1 md:gap-3\">\n<div class=\"flex max-w-full flex-col flex-grow\">\n<div class=\"min-h-[20px] text-message flex w-full flex-col items-end gap-2 whitespace-normal break-words [.text-message+&amp;]:mt-5 overflow-x-auto\" dir=\"auto\" data-message-author-role=\"assistant\" data-message-id=\"22f8283b-3233-46ff-89a5-c7a41b33abda\">\n<div class=\"flex w-full flex-col gap-1 empty:hidden first:pt-[3px]\">\n<div class=\"markdown prose w-full break-words dark:prose-invert light\">\n<p>Colabor\u0103m cu UPS, DHL, FedEx, DPD \u0219i al\u021bi transportatori de top. Vom selecta cea mai bun\u0103 metod\u0103 de expediere \u00een func\u021bie de loca\u021bia dvs. de livrare pentru a ne asigura c\u0103 ve\u021bi primi produsele c\u00e2t mai repede posibil.<\/p>\n<\/div>\n<p><strong>2. C\u00e2t dureaz\u0103 livrarea?<\/strong><\/p>\n<p>Pachetele expediate \u00een Rom\u00e2nia ajung de obicei \u00een 10 zile lucr\u0103toare. Livrarea \u00een \u021b\u0103rile europene dureaz\u0103, \u00een general, aproximativ 12-15 zile lucr\u0103toare. V\u0103 vom oferi actualiz\u0103ri \u00een timp real cu privire la starea expedierii dumneavoastr\u0103.<\/p>\n<\/div>\n<\/div>\n<\/div>\n<\/div>\n<\/div>\n<p>&nbsp;<\/p>\n<p>G\u0103si\u021bi mai multe produse de vapat care v-ar putea pl\u0103cea:<strong><em><a href=\"https:\/\/rmvapesale.com\/ro\/shop-2\/\">cump\u0103r\u0103 acum &gt;&gt;&gt;<\/a><\/em><\/strong><\/p>","protected":false},"excerpt":{"rendered":"<p>Uwin Shisha Hookah Crystal 20000 Pufuri \u00cen Vrac<br \/>\nUwin Crystal 20000 Pufuri Vape Dispozitiv E Shisha Hookah<br \/>\nCel Mai Bun Pre\u021b Angro Uwin Shisha Hookah Crystal 20K 20000 Pufuri<\/p>\n<p><strong>Contacta\u021bi-o pe Amy pentru a ob\u021bine un r\u0103spuns prompt \u0219i un cupon pentru vape!<\/strong><\/p>\n<p><img loading=\"lazy\" decoding=\"async\" class=\"size-full wp-image-2375\" src=\"https:\/\/rmvapesale.com\/wp-content\/uploads\/2024\/10\/image.png\" alt=\"Cea mai bun\u0103 \u021bigar\u0103 electronic\u0103 de unic\u0103 folosin\u021b\u0103\" width=\"229\" height=\"300\" \/><\/p>\n<h3><a href=\"https:\/\/wa.me\/8617776015835\"><span style=\"color: #ff0000\"><strong>WhatsApp: +86 17776015835<\/strong><\/span><\/a><\/h3>\n<p>&nbsp;<\/p>","protected":false},"featured_media":2943,"comment_status":"open","ping_status":"closed","template":"","meta":{"_uag_custom_page_level_css":"","_lmt_disableupdate":"no","_lmt_disable":"","site-sidebar-layout":"default","site-content-layout":"content-boxed-container","ast-site-content-layout":"normal-width-container","site-content-style":"boxed","site-sidebar-style":"unboxed","ast-global-header-display":"","ast-banner-title-visibility":"","ast-main-header-display":"","ast-hfb-above-header-display":"","ast-hfb-below-header-display":"","ast-hfb-mobile-header-display":"","site-post-title":"","ast-breadcrumbs-content":"","ast-featured-img":"","footer-sml-layout":"","ast-disable-related-posts":"","theme-transparent-header-meta":"default","adv-header-id-meta":"","stick-header-meta":"","header-above-stick-meta":"","header-main-stick-meta":"","header-below-stick-meta":"","astra-migrate-meta-layouts":"set","ast-page-background-enabled":"default","ast-page-background-meta":{"desktop":{"background-color":"var(--ast-global-color-4)","background-image":"","background-repeat":"repeat","background-position":"center center","background-size":"auto","background-attachment":"scroll","background-type":"","background-media":"","overlay-type":"","overlay-color":"","overlay-opacity":"","overlay-gradient":""},"tablet":{"background-color":"","background-image":"","background-repeat":"repeat","background-position":"center center","background-size":"auto","background-attachment":"scroll","background-type":"","background-media":"","overlay-type":"","overlay-color":"","overlay-opacity":"","overlay-gradient":""},"mobile":{"background-color":"","background-image":"","background-repeat":"repeat","background-position":"center center","background-size":"auto","background-attachment":"scroll","background-type":"","background-media":"","overlay-type":"","overlay-color":"","overlay-opacity":"","overlay-gradient":""}},"ast-content-background-meta":{"desktop":{"background-color":"var(--ast-global-color-5)","background-image":"","background-repeat":"repeat","background-position":"center center","background-size":"auto","background-attachment":"scroll","background-type":"","background-media":"","overlay-type":"","overlay-color":"","overlay-opacity":"","overlay-gradient":""},"tablet":{"background-color":"var(--ast-global-color-5)","background-image":"","background-repeat":"repeat","background-position":"center center","background-size":"auto","background-attachment":"scroll","background-type":"","background-media":"","overlay-type":"","overlay-color":"","overlay-opacity":"","overlay-gradient":""},"mobile":{"background-color":"var(--ast-global-color-5)","background-image":"","background-repeat":"repeat","background-position":"center center","background-size":"auto","background-attachment":"scroll","background-type":"","background-media":"","overlay-type":"","overlay-color":"","overlay-opacity":"","overlay-gradient":""}},"_joinchat":[]},"product_brand":[],"product_cat":[15,255,60,27,25,123,30,26,28,137,136,135],"product_tag":[146,40,111,103,269,268],"class_list":{"0":"post-2948","1":"product","2":"type-product","3":"status-publish","4":"has-post-thumbnail","6":"product_cat-new-vape-this-week","7":"product_cat-20000-puff-disposable-vape","8":"product_cat-bang-vapes","9":"product_cat-fance-hot-sale-vape","10":"product_cat-germany-best-selling-vape","11":"product_cat-italy-wholesale-vape","12":"product_cat-minimum-order-quantity-50pcs","13":"product_cat-netherlands-hot-sale-vape","14":"product_cat-poland-hot-sale-vape","15":"product_cat-rechargeable-vapes","16":"product_cat-smart-screen-vapes","17":"product_cat-spain-best-hot-sale-vape","18":"product_tag-best-hot-sale-vape","19":"product_tag-hot-sale-vape","20":"product_tag-low-nicotine-disposable-vape","21":"product_tag-shisha-hookah","22":"product_tag-uwin-crystal-20000","23":"product_tag-uwin-shisha-hookah-20k","24":"desktop-align-left","25":"tablet-align-left","26":"mobile-align-left","28":"first","29":"instock","30":"sale","31":"shipping-taxable","32":"purchasable","33":"product-type-simple"},"uagb_featured_image_src":{"full":["https:\/\/rmvapesale.com\/wp-content\/uploads\/2025\/01\/Hookah-Shisha-Uwin-Crystal-20000-Puffs-Disposable-Vape-Bulk-Buy.webp",800,800,false],"thumbnail":["https:\/\/rmvapesale.com\/wp-content\/uploads\/2025\/01\/Hookah-Shisha-Uwin-Crystal-20000-Puffs-Disposable-Vape-Bulk-Buy-150x150.webp",150,150,true],"medium":["https:\/\/rmvapesale.com\/wp-content\/uploads\/2025\/01\/Hookah-Shisha-Uwin-Crystal-20000-Puffs-Disposable-Vape-Bulk-Buy-300x300.webp",300,300,true],"medium_large":["https:\/\/rmvapesale.com\/wp-content\/uploads\/2025\/01\/Hookah-Shisha-Uwin-Crystal-20000-Puffs-Disposable-Vape-Bulk-Buy-768x768.webp",768,768,true],"large":["https:\/\/rmvapesale.com\/wp-content\/uploads\/2025\/01\/Hookah-Shisha-Uwin-Crystal-20000-Puffs-Disposable-Vape-Bulk-Buy.webp",800,800,false],"1536x1536":["https:\/\/rmvapesale.com\/wp-content\/uploads\/2025\/01\/Hookah-Shisha-Uwin-Crystal-20000-Puffs-Disposable-Vape-Bulk-Buy.webp",800,800,false],"2048x2048":["https:\/\/rmvapesale.com\/wp-content\/uploads\/2025\/01\/Hookah-Shisha-Uwin-Crystal-20000-Puffs-Disposable-Vape-Bulk-Buy.webp",800,800,false],"trp-custom-language-flag":["https:\/\/rmvapesale.com\/wp-content\/uploads\/2025\/01\/Hookah-Shisha-Uwin-Crystal-20000-Puffs-Disposable-Vape-Bulk-Buy.webp",12,12,false],"woocommerce_thumbnail":["https:\/\/rmvapesale.com\/wp-content\/uploads\/2025\/01\/Hookah-Shisha-Uwin-Crystal-20000-Puffs-Disposable-Vape-Bulk-Buy-300x300.webp",300,300,true],"woocommerce_single":["https:\/\/rmvapesale.com\/wp-content\/uploads\/2025\/01\/Hookah-Shisha-Uwin-Crystal-20000-Puffs-Disposable-Vape-Bulk-Buy-600x600.webp",600,600,true],"woocommerce_gallery_thumbnail":["https:\/\/rmvapesale.com\/wp-content\/uploads\/2025\/01\/Hookah-Shisha-Uwin-Crystal-20000-Puffs-Disposable-Vape-Bulk-Buy-100x100.webp",100,100,true],"wcpr-photo-reviews":["https:\/\/rmvapesale.com\/wp-content\/uploads\/2025\/01\/Hookah-Shisha-Uwin-Crystal-20000-Puffs-Disposable-Vape-Bulk-Buy.webp",500,500,false]},"uagb_author_info":{"display_name":"AMY","author_link":"https:\/\/rmvapesale.com\/ro\/author\/"},"uagb_comment_info":0,"uagb_excerpt":"Uwin Shisha Hookah Crystal 20000 Puff Bulk Uwin Crystal 20000 Puffs Disposable Vape E Shisha Hookah Best Wholesale Price Uwin Shisha Hookah Crystal 20K 20000 Puffs Contact Amy to get right reply and vape coupon! WhatsApp: +86 17776015835 &nbsp;","_links":{"self":[{"href":"https:\/\/rmvapesale.com\/ro\/wp-json\/wp\/v2\/product\/2948","targetHints":{"allow":["GET"]}}],"collection":[{"href":"https:\/\/rmvapesale.com\/ro\/wp-json\/wp\/v2\/product"}],"about":[{"href":"https:\/\/rmvapesale.com\/ro\/wp-json\/wp\/v2\/types\/product"}],"replies":[{"embeddable":true,"href":"https:\/\/rmvapesale.com\/ro\/wp-json\/wp\/v2\/comments?post=2948"}],"wp:featuredmedia":[{"embeddable":true,"href":"https:\/\/rmvapesale.com\/ro\/wp-json\/wp\/v2\/media\/2943"}],"wp:attachment":[{"href":"https:\/\/rmvapesale.com\/ro\/wp-json\/wp\/v2\/media?parent=2948"}],"wp:term":[{"taxonomy":"product_brand","embeddable":true,"href":"https:\/\/rmvapesale.com\/ro\/wp-json\/wp\/v2\/product_brand?post=2948"},{"taxonomy":"product_cat","embeddable":true,"href":"https:\/\/rmvapesale.com\/ro\/wp-json\/wp\/v2\/product_cat?post=2948"},{"taxonomy":"product_tag","embeddable":true,"href":"https:\/\/rmvapesale.com\/ro\/wp-json\/wp\/v2\/product_tag?post=2948"}],"curies":[{"name":"wp","href":"https:\/\/api.w.org\/{rel}","templated":true}]}}