{"id":2976,"date":"2025-01-22T07:46:21","date_gmt":"2025-01-22T07:46:21","guid":{"rendered":"https:\/\/rmvapesale.com\/?post_type=product&#038;p=2976"},"modified":"2025-01-22T08:11:09","modified_gmt":"2025-01-22T08:11:09","slug":"waspe-crystal-40000-puffs-double-flavor-led-display-disposable-vape-bulk-buy","status":"publish","type":"product","link":"https:\/\/rmvapesale.com\/ro\/product\/waspe-crystal-40000-puffs-double-flavor-led-display-disposable-vape-bulk-buy\/","title":{"rendered":"WASPE Crystal 40000 Puffs Vape de unic\u0103 folosin\u021b\u0103 cu arom\u0103 dubl\u0103 \u0219i afi\u0219aj LED, achizi\u021bie \u00een vrac"},"content":{"rendered":"<div class=\"B2VR9 CJHX3e\">\n<div class=\"wyccme\">\n<div class=\"flex-shrink-0 flex flex-col relative items-end\">\n<div class=\"pt-0\">\n<div class=\"gizmo-bot-avatar flex h-8 w-8 items-center justify-center overflow-hidden rounded-full\">\n<div class=\"relative p-1 rounded-sm flex items-center justify-center bg-token-main-surface-primary text-token-text-primary h-8 w-8\">\n<div class=\"flex-shrink-0 flex flex-col relative items-end\">\n<div class=\"pt-0\">\n<div class=\"gizmo-bot-avatar flex h-8 w-8 items-center justify-center overflow-hidden rounded-full\">\n<h1 class=\"relative p-1 rounded-sm flex items-center justify-center bg-token-main-surface-primary text-token-text-primary h-8 w-8\">WASPE Crystal 40000 Puffs Vape de unic\u0103 folosin\u021b\u0103 cu arom\u0103 dubl\u0103 \u0219i afi\u0219aj LED, achizi\u021bie \u00een vrac<\/h1>\n<\/div>\n<\/div>\n<\/div>\n<\/div>\n<\/div>\n<\/div>\n<\/div>\n<div class=\"group\/conversation-turn relative flex w-full min-w-0 flex-col agent-turn\">\n<div class=\"flex-col gap-1 md:gap-3\">\n<div class=\"flex max-w-full flex-col flex-grow\">\n<div class=\"min-h-8 text-message flex w-full flex-col items-end gap-2 whitespace-normal break-words text-start [.text-message+&amp;]:mt-5\" dir=\"auto\" data-message-author-role=\"assistant\" data-message-id=\"80ece0c4-ead1-4ed9-a9f0-ddc22582b4f4\" data-message-model-slug=\"gpt-4o\">\n<p>The <strong>WASPE Crystal 40000 Pufuri Vape de unic\u0103 folosin\u021b\u0103 cu dublu gust<\/strong> este conceput pentru vaperi care doresc performan\u021b\u0103 de durat\u0103 lung\u0103, cu beneficiul suplimentar al unei <strong>Afi\u0219ajul LED<\/strong> \u0219i <strong>costuri de achizi\u021bie en-gros accesibile<\/strong>. Indiferent dac\u0103 e\u0219ti un utilizator ocazional sau o companie \u00een c\u0103utare de oportunit\u0103\u021bi en-gros, acest <strong>cel mai bun brand de vape de unic\u0103 folosin\u021b\u0103<\/strong> ofer\u0103 calitate, confort \u0219i eficien\u021b\u0103 din punct de vedere al costurilor.<\/p>\n<p>Cu un volum enorm <strong>40.000 de pufuri<\/strong>, acest dispozitiv elimin\u0103 necesitatea \u00eenlocuirii frecvente. Caracteristica unic\u0103 <strong>dublu gust<\/strong> permite utilizatorilor s\u0103 comute \u00eentre dou\u0103 arome interesante f\u0103r\u0103 efort, oferind varietate \u0219i satisfac\u021bie la fiecare inhalare.<\/p>\n<p>A <strong>ecran LED clar<\/strong> afi\u0219eaz\u0103 at\u00e2t durata de via\u021b\u0103 a bateriei, c\u00e2t \u0219i nivelul de lichid e-juice, oferindu-\u021bi control total asupra experien\u021bei de vaping. Func\u021bia <strong>de flux de aer reglabil<\/strong> \u00ee\u021bi permite s\u0103 ajustezi modul de inhalare, fie c\u0103 preferi o inhalare lin\u0103 \u0219i aerisit\u0103, fie o tragere mai intens\u0103.<\/p>\n<p>Con\u021bine <strong>32ml de lichid e-juice premium<\/strong>, acest vape ofer\u0103 o experien\u021b\u0103 de durat\u0103 lung\u0103 f\u0103r\u0103 b\u0103t\u0103i de cap legate de reumplere. Disponibil \u00een <strong>niveluri de nicotin\u0103 0%, 2% \u0219i 5%<\/strong>, se potrive\u0219te unui spectru larg de vaperi, de la cei care prefer\u0103 op\u021biuni f\u0103r\u0103 nicotin\u0103 p\u00e2n\u0103 la cei care apreciaz\u0103 o senza\u021bie mai puternic\u0103.<\/p>\n<p>Bateria \u00eencorporat\u0103 <strong>Baterie re\u00eenc\u0103rcabil\u0103 de 850mAh<\/strong> suport\u0103 \u00eenc\u0103rcare rapid\u0103 Type-C, f\u0103c\u00e2nd u\u0219or s\u0103-\u021bi men\u021bii dispozitivul alimentat. Cu designul s\u0103u u\u0219or \u0219i portabil, este companionul perfect pentru vaping \u00een mi\u0219care. \u00cen plus, <strong>op\u021biuni de cump\u0103rare en-gros<\/strong> transform\u0103-l \u00eentr-o alegere excelent\u0103 pentru comercian\u021bi cu am\u0103nuntul \u0219i angrosi\u0219ti care caut\u0103 vaporizatoare de unic\u0103 folosin\u021b\u0103 accesibile.<\/p>\n<\/div>\n<\/div>\n<\/div>\n<\/div>\n<div class=\"flex-shrink-0 flex flex-col relative items-end\">\n<div class=\"pt-0\">\n<div class=\"gizmo-bot-avatar flex h-8 w-8 items-center justify-center overflow-hidden rounded-full\">\n<p>&nbsp;<\/p>\n<\/div>\n<\/div>\n<\/div>\n<\/div>\n<\/div>\n<p><strong>Contacta\u021bi-o pe Amy pentru a ob\u021bine un r\u0103spuns prompt \u0219i un cupon pentru vape!<\/strong><\/p>\n<p><img loading=\"lazy\" decoding=\"async\" class=\"size-full wp-image-1978\" src=\"https:\/\/rmvapesale.com\/wp-content\/uploads\/2024\/09\/Disposable-Vape-Wholesale.jpg\" alt=\"\u021aig\u0103ri electronice de unic\u0103 folosin\u021b\u0103 en-gros\" width=\"229\" height=\"300\" \/><\/p>\n<h3><a href=\"https:\/\/wa.me\/8617776015835\" target=\"_blank\" rel=\"noopener\"><span style=\"color: #ff0000\"><strong>WhatsApp: +86 17776015835<\/strong><\/span><\/a><\/h3>\n<p>&nbsp;<\/p>\n<h3><strong style=\"font-size: 1.7em\">WASPE Crystal 40000 Pufuri Caracteristici Cheie ale Produsului<\/strong><\/h3>\n<ol>\n<li><strong>Pufuri<\/strong>: 40000<\/li>\n<li><strong>Arome Duale<\/strong>: 20000 Pufuri + 20000 Pufuri = 40000 Pufuri<\/li>\n<li><strong>Putere Nicotin\u0103<\/strong>: 0% \/ 2% \/ 3% \/ 5%<\/li>\n<li><strong>Capacitate Preumplut\u0103<\/strong>: 32mL<\/li>\n<li><strong>Capacitatea Bateriei<\/strong>: 850mAh<\/li>\n<li><strong>Port de \u00cenc\u0103rcare<\/strong>: USB Tip-C<\/li>\n<li><strong>Func\u021bionare<\/strong>: Activare prin inhalare<\/li>\n<li><strong>Rezisten\u021b\u0103 Dual\u0103 din Plas\u0103 0.9ohm<\/strong><\/li>\n<li><strong>Ecran cu Display LED<\/strong><\/li>\n<li><strong>Indicator Nivel Baterie<\/strong><\/li>\n<li><strong>Indicator Nivel E-Lichid<\/strong><\/li>\n<\/ol>\n<p><img loading=\"lazy\" decoding=\"async\" class=\"wp-image-2965 size-full\" src=\"https:\/\/rmvapesale.com\/wp-content\/uploads\/2025\/01\/WASPE-40000-Puffs-Crystal-Disposable-Vape.webp\" alt=\"Vape de unic\u0103 folosin\u021b\u0103 WASPE 40000 Pufuri Crystal\" width=\"1000\" height=\"1000\" srcset=\"https:\/\/rmvapesale.com\/wp-content\/uploads\/2025\/01\/WASPE-40000-Puffs-Crystal-Disposable-Vape.webp 1000w, https:\/\/rmvapesale.com\/wp-content\/uploads\/2025\/01\/WASPE-40000-Puffs-Crystal-Disposable-Vape-300x300.webp 300w, https:\/\/rmvapesale.com\/wp-content\/uploads\/2025\/01\/WASPE-40000-Puffs-Crystal-Disposable-Vape-150x150.webp 150w, https:\/\/rmvapesale.com\/wp-content\/uploads\/2025\/01\/WASPE-40000-Puffs-Crystal-Disposable-Vape-768x768.webp 768w, https:\/\/rmvapesale.com\/wp-content\/uploads\/2025\/01\/WASPE-40000-Puffs-Crystal-Disposable-Vape-600x600.webp 600w, https:\/\/rmvapesale.com\/wp-content\/uploads\/2025\/01\/WASPE-40000-Puffs-Crystal-Disposable-Vape-100x100.webp 100w\" sizes=\"auto, (max-width: 1000px) 100vw, 1000px\" \/><\/p>\n<h3><strong style=\"font-size: 1.7em\">Arom\u0103 de v\u00e2nzare pentru WASPE Crystal 40000 Pufuri<\/strong><strong style=\"font-size: 1.7em\">\u00a0Vap\u0103<\/strong><\/h3>\n<p>Cu bateria sa re\u00eenc\u0103rcabil\u0103 de <strong>num\u0103r impresionant de pufuri, caracteristici avansate \u0219i pre\u021buri en-gros accesibile<\/strong>, vaporizatorul WASPE Crystal 40000 Pufuri este un must-have pentru vaperi \u0219i comercian\u021bi deopotriv\u0103. Comand\u0103 ast\u0103zi \u0219i experimenteaz\u0103 vapingul la cel mai \u00eenalt nivel!<\/p>\n<p>1. Ghea\u021b\u0103 de pepene verde \u0219i l\u0103m\u00e2ie lime<br \/>\n2. Ghea\u021b\u0103 de afine \u0219i Cola cu cire\u0219e<br \/>\n3. Fructe de p\u0103dure mixte \u0219i limonad\u0103 cu zmeur\u0103 <span style=\"color: #ff0000\"><strong>&gt;&gt;&gt;&gt; Fierbinte !<\/strong><\/span><br \/>\n4. Ghea\u021b\u0103 de struguri \u0219i Ghea\u021b\u0103 Dragon Negru<br \/>\n5. C\u0103p\u0219uni banan\u0103 \u0219i ghea\u021b\u0103 de ananas cu cocos<br \/>\n6. Ghea\u021b\u0103 de piersici \u0219i pepene verde cu mango \u0219i piersic\u0103<br \/>\n7. C\u0103p\u0219uni zmeur\u0103 cire\u0219e \u0219i Dragoste 666 <span style=\"color: #ff0000\"><strong>&gt;&gt;&gt;&gt; Cel mai bun !<\/strong><\/span><br \/>\n8. Afine zmeur\u0103 \u0219i ghea\u021b\u0103 de piersici \u0219i fructe de p\u0103dure<br \/>\n9. Kiwi de c\u0103p\u0219uni \u0219i cire\u0219e de c\u0103p\u0219uni<br \/>\n10. Dulce de afine \u0219i c\u0103p\u0219uni pepene verde<br \/>\n11. Strawberry Red Bull &amp; Blueberry Cherry <span style=\"color: #ff0000\"><strong>&gt;&gt;&gt;&gt; Fierbinte !<\/strong><\/span><br \/>\n12. Red Bull Ice &amp; Mango C\u0103p\u0219uni<\/p>\n<p>&nbsp;<\/p>\n<h3><strong>De ce s\u0103 alegi Rmvapesale pentru WASPE Crystal 40000 Pufuri <\/strong><strong>V<\/strong><strong>V\u00e2nz\u0103ri en-gros de \u021big\u0103ri electronice<\/strong><strong>?<\/strong><\/h3>\n<div class=\"flex-shrink-0 flex flex-col relative items-end\">\n<div class=\"pt-0\">\n<div class=\"gizmo-bot-avatar flex h-8 w-8 items-center justify-center overflow-hidden rounded-full\">\n<p>Pe m\u0103sur\u0103 ce competi\u021bia pe pia\u021ba \u021bigaretelor electronice de unic\u0103 folosin\u021b\u0103 se intensific\u0103, Rmvapesale, lider global \u00een solu\u021bii en gros pentru \u021bigarete electronice de unic\u0103 folosin\u021b\u0103, a lansat Bangking 35000 Pufuri Vape de Unic\u0103 Folosin\u021b\u0103 cu Dublu Gust. Acest produs inovator atrage aten\u021bia prin designul s\u0103u unic estetic \u0219i de mod\u0103. Cu o gam\u0103 extins\u0103 de op\u021biuni de arome fructate, satisface o gam\u0103 larg\u0103 de gusturi ale consumatorilor, pun\u00e2nd accent pe inova\u021bie \u0219i versatilitate.<\/p>\n<p class=\"relative p-1 rounded-sm flex items-center justify-center bg-token-main-surface-primary text-token-text-primary h-8 w-8\">Rmvapesale este magazinul dumneavoastr\u0103 de \u00eencredere pentru vape-uri de unic\u0103 folosin\u021b\u0103 premium. Cu o experien\u021b\u0103 de peste 5 ani, v\u0103 oferim m\u0103rci populare de vape de unic\u0103 folosin\u021b\u0103, cum ar fi Al Fakher, JNR Vape, Vapsolo Vape, Vapme Vape, <a href=\"https:\/\/rmvapesale.com\/ro\/product-category\/bang-vapes\/\">Bang Vape<\/a>, Waspe Vape, WGA Vape \u0219i<a href=\"https:\/\/rmvapesale.com\/ro\/product-category\/randm-fumot-vape\/\"> RandM Vape<\/a>. Gama noastr\u0103 include vape-uri de unic\u0103 folosin\u021b\u0103 la cald, cum ar fi <a href=\"https:\/\/rmvapesale.com\/ro\/product\/aivono-aim-flash-35000-puffs-curved-smart-screen-disposable-vape-wholesale\/\">AIVONO Flash 35000 Pufuri<\/a> \u0219i op\u021biuni bogate \u00een arome, cum ar fi<a href=\"https:\/\/rmvapesale.com\/ro\/product\/crystal-vape-uwin-shisha-hookah-20k-20000-puffs-wholesale-best-price\/\"> UWIN Shisha Hoohak 20000<\/a>. Fiecare produs este ales cu accent pe calitate, valoare \u0219i varietate, asigur\u00e2ndu-v\u0103 c\u0103 g\u0103si\u021bi potrivirea perfect\u0103 pentru nevoile dumneavoastr\u0103. Descoperi\u021bi servicii excep\u021bionale \u0219i o gam\u0103 larg\u0103 de produse de top la Rmvapesale.<\/p>\n<p>&nbsp;<\/p>\n<p class=\"relative p-1 rounded-sm flex items-center justify-center bg-token-main-surface-primary text-token-text-primary h-8 w-8\"><b style=\"font-size: 1.5em;font-style: inherit\">\u00centreb\u0103ri frecvente pentru WASPE Crystal 40000 Pufuri <\/b><b style=\"font-size: 1.5em;font-style: inherit\">\u021aigar\u0103 electronic\u0103 de unic\u0103 folosin\u021b\u0103 re\u00eenc\u0103rcabil\u0103<\/b><\/p>\n<ol>\n<li><strong>Unde pot cump\u0103ra \u00een vrac WASPE Crystal 40000 Pufuri?<\/strong>\n<ul>\n<li>Po\u021bi achizi\u021biona comenzi en gros de la <a href=\"https:\/\/rmvapesale.com\/ro\/\" target=\"_new\" rel=\"noopener\">Rmvapesale<\/a> la pre\u021buri en gros competitive.<\/li>\n<\/ul>\n<\/li>\n<li><strong>Ce afi\u0219eaz\u0103 ecranul LED?<\/strong>\n<ul>\n<li>Afi\u0219ajul ofer\u0103 actualiz\u0103ri \u00een timp real despre procentul bateriei \u0219i nivelul lichidului pentru \u021bigareta electronic\u0103.<\/li>\n<\/ul>\n<\/li>\n<li><strong>Pot s\u0103 reglez fluxul de aer pe acest dispozitiv?<\/strong>\n<ul>\n<li>Da, func\u021bia de ajustare a fluxului de aer \u00ee\u021bi permite s\u0103 personalizezi experien\u021ba de vaping.<\/li>\n<\/ul>\n<\/li>\n<li><strong>C\u00e2t dureaz\u0103 bateria de 850mAh?<\/strong>\n<ul>\n<li>Ofer\u0103 utilizare prelungit\u0103 \u0219i poate fi re\u00eenc\u0103rcat\u0103 de mai multe ori pentru o experien\u021b\u0103 continu\u0103.<\/li>\n<\/ul>\n<\/li>\n<li><strong>Este WASPE Crystal potrivit pentru vaping f\u0103r\u0103 nicotin\u0103?<\/strong>\n<ul>\n<li>Da, op\u021biunea de nicotin\u0103 0% este perfect\u0103 pentru utilizatorii care caut\u0103 o experien\u021b\u0103 f\u0103r\u0103 nicotin\u0103.<\/li>\n<\/ul>\n<\/li>\n<\/ol>\n<\/div>\n<\/div>\n<\/div>\n<h2>Cum se comand\u0103?<\/h2>\n<div class=\"flex-shrink-0 flex flex-col relative items-end\">\n<div class=\"pt-0\">\n<div class=\"gizmo-bot-avatar flex h-8 w-8 items-center justify-center overflow-hidden rounded-full\">\n<div>\n<p><strong>1. Ce metode de plat\u0103 accepta\u021bi?<\/strong><br \/>\n<span class=\"selectable-text copyable-text false\">Pentru plat\u0103, oferim transfer bancar \u0219i Western Union. Majoritatea clien\u021bilor no\u0219tri din Europa aleg transferul bancar, avem un cont bancar local la care pute\u021bi pl\u0103ti prin contul nostru IBAN f\u0103r\u0103 tax\u0103 de manipulare. <\/span>.<\/p>\n<p><strong>2. Cum \u00eemi pot urm\u0103ri comanda?<\/strong><br \/>\nDup\u0103 expedierea pachetului, <span class=\"selectable-text copyable-text false\">v\u0103 vom oferi un num\u0103r de urm\u0103rire pentru referin\u021b\u0103, de asemenea, v\u0103 vom \u021bine la curent cu statusul p\u00e2n\u0103 la primirea m\u0103rfurilor.<\/span>.<\/p>\n<p><strong>3. C\u00e2t dureaz\u0103 livrarea?<\/strong><\/p>\n<ul>\n<li>Livrarea din <strong>depozitele din China<\/strong> dureaz\u0103 aproximativ <strong>7-14 zile lucr\u0103toare<\/strong>.<\/li>\n<li>Livrarea din <strong>depozitele europene<\/strong> dureaz\u0103 de obicei <strong>3-6 zile lucr\u0103toare<\/strong>.<\/li>\n<\/ul>\n<p><strong>4. Cum pot ob\u021bine o livrare mai rapid\u0103?<\/strong><br \/>\nPentru o livrare mai rapid\u0103, v\u0103 recomand\u0103m s\u0103 comanda\u021bi din <strong>depozitul nostru european<\/strong>, care ofer\u0103 timpi de expediere mai rapizi.<\/p>\n<p><strong>5. Ce se \u00eent\u00e2mpl\u0103 dac\u0103 primesc un produs deteriorat sau defect?<\/strong><br \/>\nDac\u0103 articolul dvs. este deteriorat sau defect, contacta\u021bi serviciul clien\u021bi pentru o <strong>\u00eenlocuire sau rambursare<\/strong>.<\/p>\n<p><strong>6. Cum pot contacta serviciul de asisten\u021b\u0103 pentru clien\u021bi?<\/strong><br \/>\nNe pute\u021bi contacta prin<strong>\u00a0WhatsApp, sau live chat<\/strong> pe site-ul nostru pentru orice asisten\u021b\u0103.<\/p>\n<\/div>\n<div class=\"relative p-1 rounded-sm flex items-center justify-center bg-token-main-surface-primary text-token-text-primary h-8 w-8\"><strong>7. Ce metode de expediere sunt folosite?<\/strong><\/div>\n<\/div>\n<\/div>\n<\/div>\n<div class=\"group\/conversation-turn relative flex w-full min-w-0 flex-col agent-turn\">\n<div class=\"flex-col gap-1 md:gap-3\">\n<div class=\"flex max-w-full flex-col flex-grow\">\n<div class=\"min-h-[20px] text-message flex w-full flex-col items-end gap-2 whitespace-normal break-words [.text-message+&amp;]:mt-5 overflow-x-auto\" dir=\"auto\" data-message-author-role=\"assistant\" data-message-id=\"22f8283b-3233-46ff-89a5-c7a41b33abda\">\n<div class=\"flex w-full flex-col gap-1 empty:hidden first:pt-[3px]\">\n<div class=\"markdown prose w-full break-words dark:prose-invert light\">\n<p>Colabor\u0103m cu UPS, DHL, FedEx, DPD \u0219i al\u021bi transportatori de top. Vom selecta cea mai bun\u0103 metod\u0103 de expediere \u00een func\u021bie de loca\u021bia dvs. de livrare pentru a ne asigura c\u0103 ve\u021bi primi produsele c\u00e2t mai repede posibil.<\/p>\n<\/div>\n<\/div>\n<\/div>\n<\/div>\n<\/div>\n<\/div>\n<p>G\u0103si\u021bi mai multe produse de vapat care v-ar putea pl\u0103cea:<strong><em><a href=\"https:\/\/rmvapesale.com\/ro\/shop-2\/\">cump\u0103r\u0103 acum &gt;&gt;&gt;<\/a><\/em><\/strong><\/p>","protected":false},"excerpt":{"rendered":"<p>WASPE Crystal 40k Pufuri Twin Arome Vape de unic\u0103 folosin\u021b\u0103 Re\u00eenc\u0103rcabil\u0103<br \/>\nWASPE Crystal 40000 Pufuri Vape de unic\u0103 folosin\u021b\u0103 Arome Duale Achizi\u021bie en gros<br \/>\nWASPE Crystal 40000 Pufuri 2 \u00een 1 Arome Ecran Inteligent Vape de unic\u0103 folosin\u021b\u0103 en gros<\/p>\n<p><strong>Contacta\u021bi-o pe Amy pentru a ob\u021bine un r\u0103spuns prompt \u0219i un cupon pentru vape!<\/strong><\/p>\n<p><img loading=\"lazy\" decoding=\"async\" class=\"size-full wp-image-2375\" src=\"https:\/\/rmvapesale.com\/wp-content\/uploads\/2024\/10\/image.png\" alt=\"Cea mai bun\u0103 \u021bigar\u0103 electronic\u0103 de unic\u0103 folosin\u021b\u0103\" width=\"229\" height=\"300\" \/><\/p>\n<h3><a href=\"https:\/\/wa.me\/8617776015835\"><span style=\"color: #ff0000\"><strong>WhatsApp: +86 17776015835<\/strong><\/span><\/a><\/h3>\n<p>&nbsp;<\/p>","protected":false},"featured_media":2975,"comment_status":"open","ping_status":"closed","template":"","meta":{"_uag_custom_page_level_css":"","_lmt_disableupdate":"no","_lmt_disable":"","site-sidebar-layout":"default","site-content-layout":"content-boxed-container","ast-site-content-layout":"normal-width-container","site-content-style":"boxed","site-sidebar-style":"unboxed","ast-global-header-display":"","ast-banner-title-visibility":"","ast-main-header-display":"","ast-hfb-above-header-display":"","ast-hfb-below-header-display":"","ast-hfb-mobile-header-display":"","site-post-title":"","ast-breadcrumbs-content":"","ast-featured-img":"","footer-sml-layout":"","ast-disable-related-posts":"","theme-transparent-header-meta":"default","adv-header-id-meta":"","stick-header-meta":"","header-above-stick-meta":"","header-main-stick-meta":"","header-below-stick-meta":"","astra-migrate-meta-layouts":"set","ast-page-background-enabled":"default","ast-page-background-meta":{"desktop":{"background-color":"var(--ast-global-color-4)","background-image":"","background-repeat":"repeat","background-position":"center center","background-size":"auto","background-attachment":"scroll","background-type":"","background-media":"","overlay-type":"","overlay-color":"","overlay-opacity":"","overlay-gradient":""},"tablet":{"background-color":"","background-image":"","background-repeat":"repeat","background-position":"center center","background-size":"auto","background-attachment":"scroll","background-type":"","background-media":"","overlay-type":"","overlay-color":"","overlay-opacity":"","overlay-gradient":""},"mobile":{"background-color":"","background-image":"","background-repeat":"repeat","background-position":"center center","background-size":"auto","background-attachment":"scroll","background-type":"","background-media":"","overlay-type":"","overlay-color":"","overlay-opacity":"","overlay-gradient":""}},"ast-content-background-meta":{"desktop":{"background-color":"var(--ast-global-color-5)","background-image":"","background-repeat":"repeat","background-position":"center center","background-size":"auto","background-attachment":"scroll","background-type":"","background-media":"","overlay-type":"","overlay-color":"","overlay-opacity":"","overlay-gradient":""},"tablet":{"background-color":"var(--ast-global-color-5)","background-image":"","background-repeat":"repeat","background-position":"center center","background-size":"auto","background-attachment":"scroll","background-type":"","background-media":"","overlay-type":"","overlay-color":"","overlay-opacity":"","overlay-gradient":""},"mobile":{"background-color":"var(--ast-global-color-5)","background-image":"","background-repeat":"repeat","background-position":"center center","background-size":"auto","background-attachment":"scroll","background-type":"","background-media":"","overlay-type":"","overlay-color":"","overlay-opacity":"","overlay-gradient":""}},"_joinchat":[]},"product_brand":[],"product_cat":[15,258,289,290,292,298,291,27,25,123,293,30,26,28,295,137,299,136,135,274],"product_tag":[146,124,222,64,40,111,300,221],"class_list":{"0":"post-2976","1":"product","2":"type-product","3":"status-publish","4":"has-post-thumbnail","6":"product_cat-new-vape-this-week","7":"product_cat-40000-puff-disposable-vape","8":"product_cat-big-puffs-disposable-vapes","9":"product_cat-crystal-disposable-vapes","10":"product_cat-digital-disposable-vapes","11":"product_cat-double-flavor-disposable-vapes","12":"product_cat-dual-mesh-disposable-vapes","13":"product_cat-fance-hot-sale-vape","14":"product_cat-germany-best-selling-vape","15":"product_cat-italy-wholesale-vape","16":"product_cat-low-nicotine-disposable-vapes","17":"product_cat-minimum-order-quantity-50pcs","18":"product_cat-netherlands-hot-sale-vape","19":"product_cat-poland-hot-sale-vape","20":"product_cat-rechargeable-disposable-vapes","21":"product_cat-rechargeable-vapes","22":"product_cat-smart-screen-disposable-vapes","23":"product_cat-smart-screen-vapes","24":"product_cat-spain-best-hot-sale-vape","25":"product_cat-waspe-fihp-vape","26":"product_tag-best-hot-sale-vape","27":"product_tag-crystal-vape","28":"product_tag-double-flavor-vape","29":"product_tag-dual-flavour-vape","30":"product_tag-hot-sale-vape","31":"product_tag-low-nicotine-disposable-vape","32":"product_tag-waspe-crystal-40000","33":"product_tag-waspe-vape","34":"desktop-align-left","35":"tablet-align-left","36":"mobile-align-left","38":"first","39":"instock","40":"sale","41":"shipping-taxable","42":"purchasable","43":"product-type-simple"},"uagb_featured_image_src":{"full":["https:\/\/rmvapesale.com\/wp-content\/uploads\/2025\/01\/WASPE-40000-Puffs-Crystal-Disposable-Vape-Wholesale.webp",1000,1000,false],"thumbnail":["https:\/\/rmvapesale.com\/wp-content\/uploads\/2025\/01\/WASPE-40000-Puffs-Crystal-Disposable-Vape-Wholesale-150x150.webp",150,150,true],"medium":["https:\/\/rmvapesale.com\/wp-content\/uploads\/2025\/01\/WASPE-40000-Puffs-Crystal-Disposable-Vape-Wholesale-300x300.webp",300,300,true],"medium_large":["https:\/\/rmvapesale.com\/wp-content\/uploads\/2025\/01\/WASPE-40000-Puffs-Crystal-Disposable-Vape-Wholesale-768x768.webp",768,768,true],"large":["https:\/\/rmvapesale.com\/wp-content\/uploads\/2025\/01\/WASPE-40000-Puffs-Crystal-Disposable-Vape-Wholesale.webp",1000,1000,false],"1536x1536":["https:\/\/rmvapesale.com\/wp-content\/uploads\/2025\/01\/WASPE-40000-Puffs-Crystal-Disposable-Vape-Wholesale.webp",1000,1000,false],"2048x2048":["https:\/\/rmvapesale.com\/wp-content\/uploads\/2025\/01\/WASPE-40000-Puffs-Crystal-Disposable-Vape-Wholesale.webp",1000,1000,false],"trp-custom-language-flag":["https:\/\/rmvapesale.com\/wp-content\/uploads\/2025\/01\/WASPE-40000-Puffs-Crystal-Disposable-Vape-Wholesale.webp",12,12,false],"woocommerce_thumbnail":["https:\/\/rmvapesale.com\/wp-content\/uploads\/2025\/01\/WASPE-40000-Puffs-Crystal-Disposable-Vape-Wholesale-300x300.webp",300,300,true],"woocommerce_single":["https:\/\/rmvapesale.com\/wp-content\/uploads\/2025\/01\/WASPE-40000-Puffs-Crystal-Disposable-Vape-Wholesale-600x600.webp",600,600,true],"woocommerce_gallery_thumbnail":["https:\/\/rmvapesale.com\/wp-content\/uploads\/2025\/01\/WASPE-40000-Puffs-Crystal-Disposable-Vape-Wholesale-100x100.webp",100,100,true],"wcpr-photo-reviews":["https:\/\/rmvapesale.com\/wp-content\/uploads\/2025\/01\/WASPE-40000-Puffs-Crystal-Disposable-Vape-Wholesale.webp",500,500,false]},"uagb_author_info":{"display_name":"AMY","author_link":"https:\/\/rmvapesale.com\/ro\/author\/"},"uagb_comment_info":0,"uagb_excerpt":"WASPE Crystal 40k Puff Twins Flavor Rechargeable Disposable Vape WASPE Crystal 40000 Puffs Dual Flavors Disposable Vape Bulk Buy WASPE Crystal 40000 Puffs 2 in 1 Flavor Smart Screen Wholesale Disposable Contact Amy to get right reply and vape coupon! WhatsApp: +86 17776015835 &nbsp;","_links":{"self":[{"href":"https:\/\/rmvapesale.com\/ro\/wp-json\/wp\/v2\/product\/2976","targetHints":{"allow":["GET"]}}],"collection":[{"href":"https:\/\/rmvapesale.com\/ro\/wp-json\/wp\/v2\/product"}],"about":[{"href":"https:\/\/rmvapesale.com\/ro\/wp-json\/wp\/v2\/types\/product"}],"replies":[{"embeddable":true,"href":"https:\/\/rmvapesale.com\/ro\/wp-json\/wp\/v2\/comments?post=2976"}],"wp:featuredmedia":[{"embeddable":true,"href":"https:\/\/rmvapesale.com\/ro\/wp-json\/wp\/v2\/media\/2975"}],"wp:attachment":[{"href":"https:\/\/rmvapesale.com\/ro\/wp-json\/wp\/v2\/media?parent=2976"}],"wp:term":[{"taxonomy":"product_brand","embeddable":true,"href":"https:\/\/rmvapesale.com\/ro\/wp-json\/wp\/v2\/product_brand?post=2976"},{"taxonomy":"product_cat","embeddable":true,"href":"https:\/\/rmvapesale.com\/ro\/wp-json\/wp\/v2\/product_cat?post=2976"},{"taxonomy":"product_tag","embeddable":true,"href":"https:\/\/rmvapesale.com\/ro\/wp-json\/wp\/v2\/product_tag?post=2976"}],"curies":[{"name":"wp","href":"https:\/\/api.w.org\/{rel}","templated":true}]}}